{"id":13059,"date":"2024-01-15T20:16:11","date_gmt":"2024-01-15T20:16:11","guid":{"rendered":"https:\/\/elevatesurf.ch\/?post_type=product&#038;p=13059"},"modified":"2026-01-10T08:41:00","modified_gmt":"2026-01-10T08:41:00","slug":"sechoir-de-combinaison","status":"publish","type":"product","link":"http:\/\/elevatesurf.ch\/fr\/product\/sechoir-de-combinaison\/","title":{"rendered":"S\u00e9choir de combinaison"},"content":{"rendered":"\n<p>Syst\u00e8me de circulation d\u2019air puissant<\/p>\n\n\n\n<ul class=\"wp-block-list\">\n<li>Con\u00e7u pour un s\u00e9chage rapide3<\/li>\n<\/ul>\n\n\n\n<ul class=\"wp-block-list\">\n<li>Capable de s\u00e9cher votre combinaison en 20 minutes<\/li>\n<\/ul>\n\n\n\n<p><\/p>\n\n\n\n<figure class=\"wp-block-embed is-type-video is-provider-vimeo wp-block-embed-vimeo wp-embed-aspect-16-9 wp-has-aspect-ratio\"><div class=\"wp-block-embed__wrapper\">\n<iframe src=\"https:\/\/player.vimeo.com\/video\/342032975?dnt=1&amp;app_id=122963\" width=\"640\" height=\"360\" frameborder=\"0\" allow=\"autoplay; fullscreen; picture-in-picture; clipboard-write\"><\/iframe>\n<\/div><\/figure>\n\n\n\n<h3 class=\"wp-block-heading\">Syst\u00e8me de circulation d\u2019air puissant<\/h3>\n\n\n\n<ul class=\"wp-block-list\">\n<li>6.000 litres d\u2019air par minute<\/li>\n\n\n\n<li>3.500 tours par minute<\/li>\n<\/ul>\n\n\n\n<h3 class=\"wp-block-heading\">Contr\u00f4le intelligent de la chaleur<\/h3>\n\n\n\n<ul class=\"wp-block-list\">\n<li>Chaleur automatis\u00e9e, contr\u00f4l\u00e9e et \u00e9quilibr\u00e9e avec flux d\u2019air puissant pour un s\u00e9chage rapide prot\u00e9geant votre combinaison<\/li>\n<\/ul>\n\n\n\n<h3 class=\"wp-block-heading\">Syst\u00e8me de s\u00e9curit\u00e9 \u00e0 arr\u00eat automatique<\/h3>\n\n\n\n<ul class=\"wp-block-list\">\n<li>Arr\u00eat automatique apr\u00e8s 60 minutes d\u2019utilisation<\/li>\n<\/ul>\n\n\n\n<h3 class=\"wp-block-heading\">Facile \u00e0 transporter et \u00e0 stocker<\/h3>\n\n\n\n<ul class=\"wp-block-list\">\n<li>Il peut \u00eatre stock\u00e9 dans un format compact lorsqu\u2019il n\u2019est pas utilis\u00e9<\/li>\n<\/ul>\n\n\n\n<h3 class=\"wp-block-heading\">Multiples options d\u2019accrochage<\/h3>\n\n\n\n<ul class=\"wp-block-list\">\n<li>Sangle ajustable et solide<\/li>\n\n\n\n<li>Mousqueton en aluminium avec protection mousse<\/li>\n<\/ul>\n\n\n\n<h3 class=\"wp-block-heading\">Temps de s\u00e9chage<\/h3>\n\n\n\n<ul class=\"wp-block-list\">\n<li>Epaisseur de la combinaison 3 mm: entre 20 et 40 minutes<\/li>\n\n\n\n<li>Combinaison de 4 \u00e0 5 mm d\u2019\u00e9paisseur: entre 35 et 60 minutes<\/li>\n\n\n\n<li>Epaisseur de la combinaison + 6 mm: entre 45 et 75 minutes<\/li>\n<\/ul>\n\n\n\n<h3 class=\"wp-block-heading\">Sp\u00e9cifications<\/h3>\n\n\n\n<ul class=\"wp-block-list\">\n<li>Dimensions en usage: 450 x 177 x 157 mm<\/li>\n\n\n\n<li>Dimensions hors d\u2019usage: 225 x 177 x 157 mm<\/li>\n\n\n\n<li>Longueur cable: 3 m<\/li>\n\n\n\n<li>Construction durable<\/li>\n\n\n\n<li>Voltage 220 \u2013 240 V \u02dc\/ 50 Hz<\/li>\n\n\n\n<li>1.400 W<\/li>\n\n\n\n<li>CE<\/li>\n\n\n\n<li>Brevet\u00e9<\/li>\n<\/ul>\n","protected":false},"excerpt":{"rendered":"<p>Innovant s\u00e9choir de combinaison con\u00e7u pour un s\u00e9chage rapide.<\/p>\n","protected":false},"featured_media":13090,"comment_status":"closed","ping_status":"closed","template":"","meta":[],"product_cat":[114,115],"product_tag":[116],"class_list":{"0":"post-13059","1":"product","2":"type-product","3":"status-publish","4":"has-post-thumbnail","6":"product_cat-accessoires-kitesurf-wingfoil","7":"product_cat-sechoir-cintres","8":"product_tag-surflogic","9":"product_shipping_class-postpac-economy-jusqua-10kg","10":"product_brand-surflogic-accessoires-protections-materiel-kitesurf-poncho-sacs-fourres","12":"first","13":"onbackorder","14":"shipping-taxable","15":"purchasable","16":"product-type-simple"},"yoast_head":"<!-- This site is optimized with the Yoast SEO plugin v22.8 - https:\/\/yoast.com\/wordpress\/plugins\/seo\/ -->\n<title>S\u00e9choir de combinaison - Elevatesurf<\/title>\n<meta name=\"description\" content=\"Elevatesurf S\u00e9choir de combinaison\" \/>\n<meta name=\"robots\" content=\"index, follow, max-snippet:-1, max-image-preview:large, max-video-preview:-1\" \/>\n<link rel=\"canonical\" href=\"http:\/\/elevatesurf.ch\/fr\/product\/sechoir-de-combinaison\/\" \/>\n<meta property=\"og:locale\" content=\"fr_FR\" \/>\n<meta property=\"og:type\" content=\"article\" \/>\n<meta property=\"og:title\" content=\"S\u00e9choir de combinaison - Elevatesurf\" \/>\n<meta property=\"og:description\" content=\"Elevatesurf S\u00e9choir de combinaison\" \/>\n<meta property=\"og:url\" content=\"http:\/\/elevatesurf.ch\/fr\/product\/sechoir-de-combinaison\/\" \/>\n<meta property=\"og:site_name\" content=\"Elevatesurf\" \/>\n<meta property=\"article:modified_time\" content=\"2026-01-10T08:41:00+00:00\" \/>\n<meta property=\"og:image\" content=\"https:\/\/elevatesurf.ch\/wp-content\/uploads\/2024\/01\/SECHOIR-DE-COMBINAISON-1.jpg\" \/>\n\t<meta property=\"og:image:width\" content=\"2480\" \/>\n\t<meta property=\"og:image:height\" content=\"2507\" \/>\n\t<meta property=\"og:image:type\" content=\"image\/jpeg\" \/>\n<meta name=\"twitter:card\" content=\"summary_large_image\" \/>\n<meta name=\"twitter:label1\" content=\"Dur\u00e9e de lecture estim\u00e9e\" \/>\n\t<meta name=\"twitter:data1\" content=\"1 minute\" \/>\n<script type=\"application\/ld+json\" class=\"yoast-schema-graph\">{\"@context\":\"https:\/\/schema.org\",\"@graph\":[{\"@type\":[\"WebPage\",\"ItemPage\"],\"@id\":\"https:\/\/elevatesurf.ch\/product\/sechoir-de-combinaison\/\",\"url\":\"https:\/\/elevatesurf.ch\/product\/sechoir-de-combinaison\/\",\"name\":\"S\u00e9choir de combinaison - Elevatesurf\",\"isPartOf\":{\"@id\":\"https:\/\/elevatesurf.ch\/#website\"},\"primaryImageOfPage\":{\"@id\":\"https:\/\/elevatesurf.ch\/product\/sechoir-de-combinaison\/#primaryimage\"},\"image\":{\"@id\":\"https:\/\/elevatesurf.ch\/product\/sechoir-de-combinaison\/#primaryimage\"},\"thumbnailUrl\":\"https:\/\/elevatesurf.ch\/wp-content\/uploads\/2024\/01\/SECHOIR-DE-COMBINAISON-1.jpg\",\"datePublished\":\"2024-01-15T20:16:11+00:00\",\"dateModified\":\"2026-01-10T08:41:00+00:00\",\"description\":\"Elevatesurf S\u00e9choir de combinaison\",\"breadcrumb\":{\"@id\":\"https:\/\/elevatesurf.ch\/product\/sechoir-de-combinaison\/#breadcrumb\"},\"inLanguage\":\"fr-FR\",\"potentialAction\":[{\"@type\":\"ReadAction\",\"target\":[\"https:\/\/elevatesurf.ch\/product\/sechoir-de-combinaison\/\"]}]},{\"@type\":\"ImageObject\",\"inLanguage\":\"fr-FR\",\"@id\":\"https:\/\/elevatesurf.ch\/product\/sechoir-de-combinaison\/#primaryimage\",\"url\":\"https:\/\/elevatesurf.ch\/wp-content\/uploads\/2024\/01\/SECHOIR-DE-COMBINAISON-1.jpg\",\"contentUrl\":\"https:\/\/elevatesurf.ch\/wp-content\/uploads\/2024\/01\/SECHOIR-DE-COMBINAISON-1.jpg\",\"width\":2480,\"height\":2507},{\"@type\":\"BreadcrumbList\",\"@id\":\"https:\/\/elevatesurf.ch\/product\/sechoir-de-combinaison\/#breadcrumb\",\"itemListElement\":[{\"@type\":\"ListItem\",\"position\":1,\"name\":\"Accueil\",\"item\":\"https:\/\/elevatesurf.ch\/\"},{\"@type\":\"ListItem\",\"position\":2,\"name\":\"Shop &#8211; \u00c9levez Votre Exp\u00e9rience de Surf avec Notre Collection\",\"item\":\"https:\/\/elevatesurf.ch\/shop\/\"},{\"@type\":\"ListItem\",\"position\":3,\"name\":\"S\u00e9choir de combinaison\"}]},{\"@type\":\"WebSite\",\"@id\":\"https:\/\/elevatesurf.ch\/#website\",\"url\":\"https:\/\/elevatesurf.ch\/\",\"name\":\"Elevatesurf\",\"description\":\"Surfez vers de nouveaux sommets avec ElevateSurf ! Kiteshop, Wingshop\",\"publisher\":{\"@id\":\"https:\/\/elevatesurf.ch\/#organization\"},\"potentialAction\":[{\"@type\":\"SearchAction\",\"target\":{\"@type\":\"EntryPoint\",\"urlTemplate\":\"https:\/\/elevatesurf.ch\/?s={search_term_string}\"},\"query-input\":\"required name=search_term_string\"}],\"inLanguage\":\"fr-FR\"},{\"@type\":\"Organization\",\"@id\":\"https:\/\/elevatesurf.ch\/#organization\",\"name\":\"Elevatesurf\",\"url\":\"https:\/\/elevatesurf.ch\/\",\"logo\":{\"@type\":\"ImageObject\",\"inLanguage\":\"fr-FR\",\"@id\":\"https:\/\/elevatesurf.ch\/#\/schema\/logo\/image\/\",\"url\":\"https:\/\/elevatesurf.ch\/wp-content\/uploads\/2024\/06\/67c2ec70-bdf5-4c14-898a-ded5b2051398.jpg\",\"contentUrl\":\"https:\/\/elevatesurf.ch\/wp-content\/uploads\/2024\/06\/67c2ec70-bdf5-4c14-898a-ded5b2051398.jpg\",\"width\":1024,\"height\":1024,\"caption\":\"Elevatesurf\"},\"image\":{\"@id\":\"https:\/\/elevatesurf.ch\/#\/schema\/logo\/image\/\"},\"sameAs\":[\"https:\/\/www.instagram.com\/elevate__surf\/\"]}]}<\/script>\n<!-- \/ Yoast SEO plugin. -->","yoast_head_json":{"title":"S\u00e9choir de combinaison - Elevatesurf","description":"Elevatesurf S\u00e9choir de combinaison","robots":{"index":"index","follow":"follow","max-snippet":"max-snippet:-1","max-image-preview":"max-image-preview:large","max-video-preview":"max-video-preview:-1"},"canonical":"http:\/\/elevatesurf.ch\/fr\/product\/sechoir-de-combinaison\/","og_locale":"fr_FR","og_type":"article","og_title":"S\u00e9choir de combinaison - Elevatesurf","og_description":"Elevatesurf S\u00e9choir de combinaison","og_url":"http:\/\/elevatesurf.ch\/fr\/product\/sechoir-de-combinaison\/","og_site_name":"Elevatesurf","article_modified_time":"2026-01-10T08:41:00+00:00","og_image":[{"width":2480,"height":2507,"url":"https:\/\/elevatesurf.ch\/wp-content\/uploads\/2024\/01\/SECHOIR-DE-COMBINAISON-1.jpg","type":"image\/jpeg"}],"twitter_card":"summary_large_image","twitter_misc":{"Dur\u00e9e de lecture estim\u00e9e":"1 minute"},"schema":{"@context":"https:\/\/schema.org","@graph":[{"@type":["WebPage","ItemPage"],"@id":"https:\/\/elevatesurf.ch\/product\/sechoir-de-combinaison\/","url":"https:\/\/elevatesurf.ch\/product\/sechoir-de-combinaison\/","name":"S\u00e9choir de combinaison - Elevatesurf","isPartOf":{"@id":"https:\/\/elevatesurf.ch\/#website"},"primaryImageOfPage":{"@id":"https:\/\/elevatesurf.ch\/product\/sechoir-de-combinaison\/#primaryimage"},"image":{"@id":"https:\/\/elevatesurf.ch\/product\/sechoir-de-combinaison\/#primaryimage"},"thumbnailUrl":"https:\/\/elevatesurf.ch\/wp-content\/uploads\/2024\/01\/SECHOIR-DE-COMBINAISON-1.jpg","datePublished":"2024-01-15T20:16:11+00:00","dateModified":"2026-01-10T08:41:00+00:00","description":"Elevatesurf S\u00e9choir de combinaison","breadcrumb":{"@id":"https:\/\/elevatesurf.ch\/product\/sechoir-de-combinaison\/#breadcrumb"},"inLanguage":"fr-FR","potentialAction":[{"@type":"ReadAction","target":["https:\/\/elevatesurf.ch\/product\/sechoir-de-combinaison\/"]}]},{"@type":"ImageObject","inLanguage":"fr-FR","@id":"https:\/\/elevatesurf.ch\/product\/sechoir-de-combinaison\/#primaryimage","url":"https:\/\/elevatesurf.ch\/wp-content\/uploads\/2024\/01\/SECHOIR-DE-COMBINAISON-1.jpg","contentUrl":"https:\/\/elevatesurf.ch\/wp-content\/uploads\/2024\/01\/SECHOIR-DE-COMBINAISON-1.jpg","width":2480,"height":2507},{"@type":"BreadcrumbList","@id":"https:\/\/elevatesurf.ch\/product\/sechoir-de-combinaison\/#breadcrumb","itemListElement":[{"@type":"ListItem","position":1,"name":"Accueil","item":"https:\/\/elevatesurf.ch\/"},{"@type":"ListItem","position":2,"name":"Shop &#8211; \u00c9levez Votre Exp\u00e9rience de Surf avec Notre Collection","item":"https:\/\/elevatesurf.ch\/shop\/"},{"@type":"ListItem","position":3,"name":"S\u00e9choir de combinaison"}]},{"@type":"WebSite","@id":"https:\/\/elevatesurf.ch\/#website","url":"https:\/\/elevatesurf.ch\/","name":"Elevatesurf","description":"Surfez vers de nouveaux sommets avec ElevateSurf ! Kiteshop, Wingshop","publisher":{"@id":"https:\/\/elevatesurf.ch\/#organization"},"potentialAction":[{"@type":"SearchAction","target":{"@type":"EntryPoint","urlTemplate":"https:\/\/elevatesurf.ch\/?s={search_term_string}"},"query-input":"required name=search_term_string"}],"inLanguage":"fr-FR"},{"@type":"Organization","@id":"https:\/\/elevatesurf.ch\/#organization","name":"Elevatesurf","url":"https:\/\/elevatesurf.ch\/","logo":{"@type":"ImageObject","inLanguage":"fr-FR","@id":"https:\/\/elevatesurf.ch\/#\/schema\/logo\/image\/","url":"https:\/\/elevatesurf.ch\/wp-content\/uploads\/2024\/06\/67c2ec70-bdf5-4c14-898a-ded5b2051398.jpg","contentUrl":"https:\/\/elevatesurf.ch\/wp-content\/uploads\/2024\/06\/67c2ec70-bdf5-4c14-898a-ded5b2051398.jpg","width":1024,"height":1024,"caption":"Elevatesurf"},"image":{"@id":"https:\/\/elevatesurf.ch\/#\/schema\/logo\/image\/"},"sameAs":["https:\/\/www.instagram.com\/elevate__surf\/"]}]}},"_links":{"self":[{"href":"http:\/\/elevatesurf.ch\/fr\/wp-json\/wp\/v2\/product\/13059","targetHints":{"allow":["GET"]}}],"collection":[{"href":"http:\/\/elevatesurf.ch\/fr\/wp-json\/wp\/v2\/product"}],"about":[{"href":"http:\/\/elevatesurf.ch\/fr\/wp-json\/wp\/v2\/types\/product"}],"replies":[{"embeddable":true,"href":"http:\/\/elevatesurf.ch\/fr\/wp-json\/wp\/v2\/comments?post=13059"}],"wp:featuredmedia":[{"embeddable":true,"href":"http:\/\/elevatesurf.ch\/fr\/wp-json\/wp\/v2\/media\/13090"}],"wp:attachment":[{"href":"http:\/\/elevatesurf.ch\/fr\/wp-json\/wp\/v2\/media?parent=13059"}],"wp:term":[{"taxonomy":"product_cat","embeddable":true,"href":"http:\/\/elevatesurf.ch\/fr\/wp-json\/wp\/v2\/product_cat?post=13059"},{"taxonomy":"product_tag","embeddable":true,"href":"http:\/\/elevatesurf.ch\/fr\/wp-json\/wp\/v2\/product_tag?post=13059"}],"curies":[{"name":"wp","href":"https:\/\/api.w.org\/{rel}","templated":true}]}}