{"id":13065,"date":"2024-01-15T20:16:12","date_gmt":"2024-01-15T20:16:12","guid":{"rendered":"https:\/\/elevatesurf.ch\/?post_type=product&#038;p=13065"},"modified":"2026-01-10T08:41:00","modified_gmt":"2026-01-10T08:41:00","slug":"coffre-fort-portable","status":"publish","type":"product","link":"http:\/\/elevatesurf.ch\/fr\/product\/coffre-fort-portable\/","title":{"rendered":"Coffre-fort portable"},"content":{"rendered":"<p><span style=\"font-family: Roboto;font-size: 15px;font-style: normal;font-weight: 400;letter-spacing: normal;text-align: start;text-indent: 0px;text-transform: none;text-decoration: none;float: none\">Emplacement id\u00e9al pour les cartes de cr\u00e9dit, l\u2019argent en esp\u00e8ces, les passeports, les cl\u00e9s de voiture, les t\u00e9l\u00e9phones et autres.<\/span><br \/>\n<span style=\"font-family: Roboto;font-size: 15px;font-style: normal;font-weight: 400;letter-spacing: normal;text-align: start;text-indent: 0px;text-transform: none;text-decoration: none;float: none\">Parfait pour les plages, les piscines, les h\u00f4tels et autres<\/span><br \/>\n<span style=\"font-family: Roboto;font-size: 15px;font-style: normal;font-weight: 400;letter-spacing: normal;text-align: start;text-indent: 0px;text-transform: none;text-decoration: none;float: none\">Compact et l\u00e9ger<\/span><br \/>\n<span style=\"font-family: Roboto;font-size: 15px;font-style: normal;font-weight: 400;letter-spacing: normal;text-align: start;text-indent: 0px;text-transform: none;text-decoration: none;float: none\">C\u00e2ble \u00e0 fixer \u00e0 un objet fixe<\/span><br \/>\n<span style=\"font-family: Roboto;font-size: 15px;font-style: normal;font-weight: 400;letter-spacing: normal;text-align: start;text-indent: 0px;text-transform: none;text-decoration: none;float: none\">Code \u00e0 4 chiffres (10 000 combinaisons)<\/span><br \/>\n<span style=\"font-family: Roboto;font-size: 15px;font-style: normal;font-weight: 400;letter-spacing: normal;text-align: start;text-indent: 0px;text-transform: none;text-decoration: none;float: none\">R\u00e9sistant aux intemp\u00e9ries<\/span><br \/>\n<span style=\"font-family: Roboto;font-size: 15px;font-style: normal;font-weight: 400;letter-spacing: normal;text-align: start;text-indent: 0px;text-transform: none;text-decoration: none;float: none\">Plastique ABS r\u00e9sistant aux chocs<\/span><br \/>\n<span style=\"font-family: Roboto;font-size: 15px;font-style: normal;font-weight: 400;letter-spacing: normal;text-align: start;text-indent: 0px;text-transform: none;text-decoration: none;float: none\">C\u00e2ble en acier robuste avec rev\u00eatement PVC<\/span><br \/>\n<span style=\"font-family: Roboto;font-size: 15px;font-style: normal;font-weight: 400;letter-spacing: normal;text-align: start;text-indent: 0px;text-transform: none;text-decoration: none;float: none\">Taille du compartiment externe : 218 x 135 x 60 mm \/ 8.58\u2033 x 5.31\u2033 x 2.36\u2033<\/span><br \/>\n<span style=\"font-family: Roboto;font-size: 15px;font-style: normal;font-weight: 400;letter-spacing: normal;text-align: start;text-indent: 0px;text-transform: none;text-decoration: none;float: none\">Dimensions du compartiment interne : 192.5 x 90 x 33.5 mm \/ 7.57\u2033 x 3.54\u2033 x 1.31\u2033<\/span><br \/>\n<span style=\"font-family: Roboto;font-size: 15px;font-style: normal;font-weight: 400;letter-spacing: normal;text-align: start;text-indent: 0px;text-transform: none;text-decoration: none;float: none\">Poids : 457 g<\/span><\/p>\n","protected":false},"excerpt":{"rendered":"<p><span style=\"font-family: Roboto;font-size: 15px;font-style: normal;font-weight: 400;letter-spacing: normal;text-align: start;text-indent: 0px;text-transform: none;text-decoration: none;float: none\">Con\u00e7u pour garder vos biens en s\u00e9curit\u00e9<\/span><\/p>\n","protected":false},"featured_media":13104,"comment_status":"closed","ping_status":"closed","template":"","meta":[],"product_cat":[114,117],"product_tag":[116],"class_list":{"0":"post-13065","1":"product","2":"type-product","3":"status-publish","4":"has-post-thumbnail","6":"product_cat-accessoires-kitesurf-wingfoil","7":"product_cat-cadenas","8":"product_tag-surflogic","9":"product_shipping_class-postpac-economy-jusqua-2-kg","10":"product_brand-surflogic-accessoires-protections-materiel-kitesurf-poncho-sacs-fourres","12":"first","13":"onbackorder","14":"shipping-taxable","15":"purchasable","16":"product-type-simple"},"yoast_head":"<!-- This site is optimized with the Yoast SEO plugin v22.8 - https:\/\/yoast.com\/wordpress\/plugins\/seo\/ -->\n<title>Coffre-fort portable - Elevatesurf<\/title>\n<meta name=\"description\" content=\"Elevatesurf Coffre-fort portable\" \/>\n<meta name=\"robots\" content=\"index, follow, max-snippet:-1, max-image-preview:large, max-video-preview:-1\" \/>\n<link rel=\"canonical\" href=\"http:\/\/elevatesurf.ch\/fr\/product\/coffre-fort-portable\/\" \/>\n<meta property=\"og:locale\" content=\"fr_FR\" \/>\n<meta property=\"og:type\" content=\"article\" \/>\n<meta property=\"og:title\" content=\"Coffre-fort portable - Elevatesurf\" \/>\n<meta property=\"og:description\" content=\"Elevatesurf Coffre-fort portable\" \/>\n<meta property=\"og:url\" content=\"http:\/\/elevatesurf.ch\/fr\/product\/coffre-fort-portable\/\" \/>\n<meta property=\"og:site_name\" content=\"Elevatesurf\" \/>\n<meta property=\"article:modified_time\" content=\"2026-01-10T08:41:00+00:00\" \/>\n<meta property=\"og:image\" content=\"https:\/\/elevatesurf.ch\/wp-content\/uploads\/2024\/01\/03988A2B-A61A-4D2C-8D74-19298316FB57.jpeg\" \/>\n\t<meta property=\"og:image:width\" content=\"1519\" \/>\n\t<meta property=\"og:image:height\" content=\"1536\" \/>\n\t<meta property=\"og:image:type\" content=\"image\/jpeg\" \/>\n<meta name=\"twitter:card\" content=\"summary_large_image\" \/>\n<script type=\"application\/ld+json\" class=\"yoast-schema-graph\">{\"@context\":\"https:\/\/schema.org\",\"@graph\":[{\"@type\":[\"WebPage\",\"ItemPage\"],\"@id\":\"https:\/\/elevatesurf.ch\/product\/coffre-fort-portable\/\",\"url\":\"https:\/\/elevatesurf.ch\/product\/coffre-fort-portable\/\",\"name\":\"Coffre-fort portable - Elevatesurf\",\"isPartOf\":{\"@id\":\"https:\/\/elevatesurf.ch\/#website\"},\"primaryImageOfPage\":{\"@id\":\"https:\/\/elevatesurf.ch\/product\/coffre-fort-portable\/#primaryimage\"},\"image\":{\"@id\":\"https:\/\/elevatesurf.ch\/product\/coffre-fort-portable\/#primaryimage\"},\"thumbnailUrl\":\"https:\/\/elevatesurf.ch\/wp-content\/uploads\/2024\/01\/03988A2B-A61A-4D2C-8D74-19298316FB57.jpeg\",\"datePublished\":\"2024-01-15T20:16:12+00:00\",\"dateModified\":\"2026-01-10T08:41:00+00:00\",\"description\":\"Elevatesurf Coffre-fort portable\",\"breadcrumb\":{\"@id\":\"https:\/\/elevatesurf.ch\/product\/coffre-fort-portable\/#breadcrumb\"},\"inLanguage\":\"fr-FR\",\"potentialAction\":[{\"@type\":\"ReadAction\",\"target\":[\"https:\/\/elevatesurf.ch\/product\/coffre-fort-portable\/\"]}]},{\"@type\":\"ImageObject\",\"inLanguage\":\"fr-FR\",\"@id\":\"https:\/\/elevatesurf.ch\/product\/coffre-fort-portable\/#primaryimage\",\"url\":\"https:\/\/elevatesurf.ch\/wp-content\/uploads\/2024\/01\/03988A2B-A61A-4D2C-8D74-19298316FB57.jpeg\",\"contentUrl\":\"https:\/\/elevatesurf.ch\/wp-content\/uploads\/2024\/01\/03988A2B-A61A-4D2C-8D74-19298316FB57.jpeg\",\"width\":1519,\"height\":1536},{\"@type\":\"BreadcrumbList\",\"@id\":\"https:\/\/elevatesurf.ch\/product\/coffre-fort-portable\/#breadcrumb\",\"itemListElement\":[{\"@type\":\"ListItem\",\"position\":1,\"name\":\"Accueil\",\"item\":\"https:\/\/elevatesurf.ch\/\"},{\"@type\":\"ListItem\",\"position\":2,\"name\":\"Shop &#8211; \u00c9levez Votre Exp\u00e9rience de Surf avec Notre Collection\",\"item\":\"https:\/\/elevatesurf.ch\/shop\/\"},{\"@type\":\"ListItem\",\"position\":3,\"name\":\"Coffre-fort portable\"}]},{\"@type\":\"WebSite\",\"@id\":\"https:\/\/elevatesurf.ch\/#website\",\"url\":\"https:\/\/elevatesurf.ch\/\",\"name\":\"Elevatesurf\",\"description\":\"Surfez vers de nouveaux sommets avec ElevateSurf ! Kiteshop, Wingshop\",\"publisher\":{\"@id\":\"https:\/\/elevatesurf.ch\/#organization\"},\"potentialAction\":[{\"@type\":\"SearchAction\",\"target\":{\"@type\":\"EntryPoint\",\"urlTemplate\":\"https:\/\/elevatesurf.ch\/?s={search_term_string}\"},\"query-input\":\"required name=search_term_string\"}],\"inLanguage\":\"fr-FR\"},{\"@type\":\"Organization\",\"@id\":\"https:\/\/elevatesurf.ch\/#organization\",\"name\":\"Elevatesurf\",\"url\":\"https:\/\/elevatesurf.ch\/\",\"logo\":{\"@type\":\"ImageObject\",\"inLanguage\":\"fr-FR\",\"@id\":\"https:\/\/elevatesurf.ch\/#\/schema\/logo\/image\/\",\"url\":\"https:\/\/elevatesurf.ch\/wp-content\/uploads\/2024\/06\/67c2ec70-bdf5-4c14-898a-ded5b2051398.jpg\",\"contentUrl\":\"https:\/\/elevatesurf.ch\/wp-content\/uploads\/2024\/06\/67c2ec70-bdf5-4c14-898a-ded5b2051398.jpg\",\"width\":1024,\"height\":1024,\"caption\":\"Elevatesurf\"},\"image\":{\"@id\":\"https:\/\/elevatesurf.ch\/#\/schema\/logo\/image\/\"},\"sameAs\":[\"https:\/\/www.instagram.com\/elevate__surf\/\"]}]}<\/script>\n<!-- \/ Yoast SEO plugin. -->","yoast_head_json":{"title":"Coffre-fort portable - Elevatesurf","description":"Elevatesurf Coffre-fort portable","robots":{"index":"index","follow":"follow","max-snippet":"max-snippet:-1","max-image-preview":"max-image-preview:large","max-video-preview":"max-video-preview:-1"},"canonical":"http:\/\/elevatesurf.ch\/fr\/product\/coffre-fort-portable\/","og_locale":"fr_FR","og_type":"article","og_title":"Coffre-fort portable - Elevatesurf","og_description":"Elevatesurf Coffre-fort portable","og_url":"http:\/\/elevatesurf.ch\/fr\/product\/coffre-fort-portable\/","og_site_name":"Elevatesurf","article_modified_time":"2026-01-10T08:41:00+00:00","og_image":[{"width":1519,"height":1536,"url":"https:\/\/elevatesurf.ch\/wp-content\/uploads\/2024\/01\/03988A2B-A61A-4D2C-8D74-19298316FB57.jpeg","type":"image\/jpeg"}],"twitter_card":"summary_large_image","schema":{"@context":"https:\/\/schema.org","@graph":[{"@type":["WebPage","ItemPage"],"@id":"https:\/\/elevatesurf.ch\/product\/coffre-fort-portable\/","url":"https:\/\/elevatesurf.ch\/product\/coffre-fort-portable\/","name":"Coffre-fort portable - Elevatesurf","isPartOf":{"@id":"https:\/\/elevatesurf.ch\/#website"},"primaryImageOfPage":{"@id":"https:\/\/elevatesurf.ch\/product\/coffre-fort-portable\/#primaryimage"},"image":{"@id":"https:\/\/elevatesurf.ch\/product\/coffre-fort-portable\/#primaryimage"},"thumbnailUrl":"https:\/\/elevatesurf.ch\/wp-content\/uploads\/2024\/01\/03988A2B-A61A-4D2C-8D74-19298316FB57.jpeg","datePublished":"2024-01-15T20:16:12+00:00","dateModified":"2026-01-10T08:41:00+00:00","description":"Elevatesurf Coffre-fort portable","breadcrumb":{"@id":"https:\/\/elevatesurf.ch\/product\/coffre-fort-portable\/#breadcrumb"},"inLanguage":"fr-FR","potentialAction":[{"@type":"ReadAction","target":["https:\/\/elevatesurf.ch\/product\/coffre-fort-portable\/"]}]},{"@type":"ImageObject","inLanguage":"fr-FR","@id":"https:\/\/elevatesurf.ch\/product\/coffre-fort-portable\/#primaryimage","url":"https:\/\/elevatesurf.ch\/wp-content\/uploads\/2024\/01\/03988A2B-A61A-4D2C-8D74-19298316FB57.jpeg","contentUrl":"https:\/\/elevatesurf.ch\/wp-content\/uploads\/2024\/01\/03988A2B-A61A-4D2C-8D74-19298316FB57.jpeg","width":1519,"height":1536},{"@type":"BreadcrumbList","@id":"https:\/\/elevatesurf.ch\/product\/coffre-fort-portable\/#breadcrumb","itemListElement":[{"@type":"ListItem","position":1,"name":"Accueil","item":"https:\/\/elevatesurf.ch\/"},{"@type":"ListItem","position":2,"name":"Shop &#8211; \u00c9levez Votre Exp\u00e9rience de Surf avec Notre Collection","item":"https:\/\/elevatesurf.ch\/shop\/"},{"@type":"ListItem","position":3,"name":"Coffre-fort portable"}]},{"@type":"WebSite","@id":"https:\/\/elevatesurf.ch\/#website","url":"https:\/\/elevatesurf.ch\/","name":"Elevatesurf","description":"Surfez vers de nouveaux sommets avec ElevateSurf ! Kiteshop, Wingshop","publisher":{"@id":"https:\/\/elevatesurf.ch\/#organization"},"potentialAction":[{"@type":"SearchAction","target":{"@type":"EntryPoint","urlTemplate":"https:\/\/elevatesurf.ch\/?s={search_term_string}"},"query-input":"required name=search_term_string"}],"inLanguage":"fr-FR"},{"@type":"Organization","@id":"https:\/\/elevatesurf.ch\/#organization","name":"Elevatesurf","url":"https:\/\/elevatesurf.ch\/","logo":{"@type":"ImageObject","inLanguage":"fr-FR","@id":"https:\/\/elevatesurf.ch\/#\/schema\/logo\/image\/","url":"https:\/\/elevatesurf.ch\/wp-content\/uploads\/2024\/06\/67c2ec70-bdf5-4c14-898a-ded5b2051398.jpg","contentUrl":"https:\/\/elevatesurf.ch\/wp-content\/uploads\/2024\/06\/67c2ec70-bdf5-4c14-898a-ded5b2051398.jpg","width":1024,"height":1024,"caption":"Elevatesurf"},"image":{"@id":"https:\/\/elevatesurf.ch\/#\/schema\/logo\/image\/"},"sameAs":["https:\/\/www.instagram.com\/elevate__surf\/"]}]}},"_links":{"self":[{"href":"http:\/\/elevatesurf.ch\/fr\/wp-json\/wp\/v2\/product\/13065","targetHints":{"allow":["GET"]}}],"collection":[{"href":"http:\/\/elevatesurf.ch\/fr\/wp-json\/wp\/v2\/product"}],"about":[{"href":"http:\/\/elevatesurf.ch\/fr\/wp-json\/wp\/v2\/types\/product"}],"replies":[{"embeddable":true,"href":"http:\/\/elevatesurf.ch\/fr\/wp-json\/wp\/v2\/comments?post=13065"}],"wp:featuredmedia":[{"embeddable":true,"href":"http:\/\/elevatesurf.ch\/fr\/wp-json\/wp\/v2\/media\/13104"}],"wp:attachment":[{"href":"http:\/\/elevatesurf.ch\/fr\/wp-json\/wp\/v2\/media?parent=13065"}],"wp:term":[{"taxonomy":"product_cat","embeddable":true,"href":"http:\/\/elevatesurf.ch\/fr\/wp-json\/wp\/v2\/product_cat?post=13065"},{"taxonomy":"product_tag","embeddable":true,"href":"http:\/\/elevatesurf.ch\/fr\/wp-json\/wp\/v2\/product_tag?post=13065"}],"curies":[{"name":"wp","href":"https:\/\/api.w.org\/{rel}","templated":true}]}}