{"id":13067,"date":"2024-01-15T20:16:12","date_gmt":"2024-01-15T20:16:12","guid":{"rendered":"https:\/\/elevatesurf.ch\/?post_type=product&#038;p=13067"},"modified":"2026-01-10T08:41:27","modified_gmt":"2026-01-10T08:41:27","slug":"housse-siege-voiture","status":"publish","type":"product","link":"http:\/\/elevatesurf.ch\/fr\/product\/housse-siege-voiture\/","title":{"rendered":"Housse si\u00e8ge voiture"},"content":{"rendered":"\r\n<p>La housse de si\u00e8ge de voiture est con\u00e7ue pour prot\u00e9ger votre si\u00e8ge de voiture de l\u2019eau, de la salet\u00e9, etc.<\/p>\r\n\r\n\r\n\r\n<figure class=\"wp-block-video\"><\/figure>\r\n\r\n\r\n\r\n<h3 class=\"wp-block-heading\">Caract\u00e9ristiques housse si\u00e8ge voiture noir<\/h3>\r\n\r\n\r\n\r\n<ul class=\"wp-block-list\">\r\n<li>Mat\u00e9riau durable et r\u00e9sistant \u00e0 l\u2019eau (polyester 600D)<\/li>\r\n\r\n\r\n\r\n<li>Prot\u00e8ge les si\u00e8ges de voiture de l\u2019eau, de la nourriture, etc<\/li>\r\n\r\n\r\n\r\n<li>Mod\u00e8le qui convient pour la plupart des si\u00e8ges avant individuels de voiture ou camionnette<\/li>\r\n\r\n\r\n\r\n<li>Acc\u00e8s velcro pour accoudoirs<\/li>\r\n\r\n\r\n\r\n<li>Facile \u00e0 mettre en place<\/li>\r\n\r\n\r\n\r\n<li>Cette housse n\u2019est pas con\u00e7u por les si\u00e8ges individuels arri\u00e8re (pour les si\u00e8ges individuels arri\u00e8re, utilisez notre mod\u00e8le \u201cuniversel\u201d)<\/li>\r\n<\/ul>\r\n\r\n\r\n\r\n<p>Couleur: noir<\/p>\r\n\r\n\r\n\r\n<p>Dimensions: 55 x 130 cm \/ 21.65\u2033 x 51.18\u2033<\/p>\r\n","protected":false},"excerpt":{"rendered":"<p>Protection pour votre si\u00e8ge voiture<\/p>\n","protected":false},"featured_media":13117,"comment_status":"closed","ping_status":"closed","template":"","meta":[],"product_cat":[114,120],"product_tag":[116],"class_list":{"0":"post-13067","1":"product","2":"type-product","3":"status-publish","4":"has-post-thumbnail","6":"product_cat-accessoires-kitesurf-wingfoil","7":"product_cat-housses-siege-voiture","8":"product_tag-surflogic","9":"product_shipping_class-postpac-economy-jusqua-2-kg","10":"product_brand-surflogic-accessoires-protections-materiel-kitesurf-poncho-sacs-fourres","12":"first","13":"instock","14":"shipping-taxable","15":"purchasable","16":"product-type-variable"},"yoast_head":"<!-- This site is optimized with the Yoast SEO plugin v22.8 - https:\/\/yoast.com\/wordpress\/plugins\/seo\/ -->\n<title>Housse si\u00e8ge voiture - Elevatesurf<\/title>\n<meta name=\"description\" content=\"Elevatesurf Housse si\u00e8ge voiture\" \/>\n<meta name=\"robots\" content=\"index, follow, max-snippet:-1, max-image-preview:large, max-video-preview:-1\" \/>\n<link rel=\"canonical\" href=\"http:\/\/elevatesurf.ch\/fr\/product\/housse-siege-voiture\/\" \/>\n<meta property=\"og:locale\" content=\"fr_FR\" \/>\n<meta property=\"og:type\" content=\"article\" \/>\n<meta property=\"og:title\" content=\"Housse si\u00e8ge voiture - Elevatesurf\" \/>\n<meta property=\"og:description\" content=\"Elevatesurf Housse si\u00e8ge voiture\" \/>\n<meta property=\"og:url\" content=\"http:\/\/elevatesurf.ch\/fr\/product\/housse-siege-voiture\/\" \/>\n<meta property=\"og:site_name\" content=\"Elevatesurf\" \/>\n<meta property=\"article:modified_time\" content=\"2026-01-10T08:41:27+00:00\" \/>\n<meta property=\"og:image\" content=\"https:\/\/elevatesurf.ch\/wp-content\/uploads\/2024\/01\/Housse-siege-voiture-noir-1.jpg\" \/>\n\t<meta property=\"og:image:width\" content=\"936\" \/>\n\t<meta property=\"og:image:height\" content=\"936\" \/>\n\t<meta property=\"og:image:type\" content=\"image\/jpeg\" \/>\n<meta name=\"twitter:card\" content=\"summary_large_image\" \/>\n<meta name=\"twitter:label1\" content=\"Dur\u00e9e de lecture estim\u00e9e\" \/>\n\t<meta name=\"twitter:data1\" content=\"1 minute\" \/>\n<script type=\"application\/ld+json\" class=\"yoast-schema-graph\">{\"@context\":\"https:\/\/schema.org\",\"@graph\":[{\"@type\":[\"WebPage\",\"ItemPage\"],\"@id\":\"https:\/\/elevatesurf.ch\/product\/housse-siege-voiture\/\",\"url\":\"https:\/\/elevatesurf.ch\/product\/housse-siege-voiture\/\",\"name\":\"Housse si\u00e8ge voiture - Elevatesurf\",\"isPartOf\":{\"@id\":\"https:\/\/elevatesurf.ch\/#website\"},\"primaryImageOfPage\":{\"@id\":\"https:\/\/elevatesurf.ch\/product\/housse-siege-voiture\/#primaryimage\"},\"image\":{\"@id\":\"https:\/\/elevatesurf.ch\/product\/housse-siege-voiture\/#primaryimage\"},\"thumbnailUrl\":\"https:\/\/elevatesurf.ch\/wp-content\/uploads\/2024\/01\/Housse-siege-voiture-noir-1.jpg\",\"datePublished\":\"2024-01-15T20:16:12+00:00\",\"dateModified\":\"2026-01-10T08:41:27+00:00\",\"description\":\"Elevatesurf Housse si\u00e8ge voiture\",\"breadcrumb\":{\"@id\":\"https:\/\/elevatesurf.ch\/product\/housse-siege-voiture\/#breadcrumb\"},\"inLanguage\":\"fr-FR\",\"potentialAction\":[{\"@type\":\"ReadAction\",\"target\":[\"https:\/\/elevatesurf.ch\/product\/housse-siege-voiture\/\"]}]},{\"@type\":\"ImageObject\",\"inLanguage\":\"fr-FR\",\"@id\":\"https:\/\/elevatesurf.ch\/product\/housse-siege-voiture\/#primaryimage\",\"url\":\"https:\/\/elevatesurf.ch\/wp-content\/uploads\/2024\/01\/Housse-siege-voiture-noir-1.jpg\",\"contentUrl\":\"https:\/\/elevatesurf.ch\/wp-content\/uploads\/2024\/01\/Housse-siege-voiture-noir-1.jpg\",\"width\":936,\"height\":936},{\"@type\":\"BreadcrumbList\",\"@id\":\"https:\/\/elevatesurf.ch\/product\/housse-siege-voiture\/#breadcrumb\",\"itemListElement\":[{\"@type\":\"ListItem\",\"position\":1,\"name\":\"Accueil\",\"item\":\"https:\/\/elevatesurf.ch\/\"},{\"@type\":\"ListItem\",\"position\":2,\"name\":\"Shop &#8211; \u00c9levez Votre Exp\u00e9rience de Surf avec Notre Collection\",\"item\":\"https:\/\/elevatesurf.ch\/shop\/\"},{\"@type\":\"ListItem\",\"position\":3,\"name\":\"Housse si\u00e8ge voiture\"}]},{\"@type\":\"WebSite\",\"@id\":\"https:\/\/elevatesurf.ch\/#website\",\"url\":\"https:\/\/elevatesurf.ch\/\",\"name\":\"Elevatesurf\",\"description\":\"Surfez vers de nouveaux sommets avec ElevateSurf ! Kiteshop, Wingshop\",\"publisher\":{\"@id\":\"https:\/\/elevatesurf.ch\/#organization\"},\"potentialAction\":[{\"@type\":\"SearchAction\",\"target\":{\"@type\":\"EntryPoint\",\"urlTemplate\":\"https:\/\/elevatesurf.ch\/?s={search_term_string}\"},\"query-input\":\"required name=search_term_string\"}],\"inLanguage\":\"fr-FR\"},{\"@type\":\"Organization\",\"@id\":\"https:\/\/elevatesurf.ch\/#organization\",\"name\":\"Elevatesurf\",\"url\":\"https:\/\/elevatesurf.ch\/\",\"logo\":{\"@type\":\"ImageObject\",\"inLanguage\":\"fr-FR\",\"@id\":\"https:\/\/elevatesurf.ch\/#\/schema\/logo\/image\/\",\"url\":\"https:\/\/elevatesurf.ch\/wp-content\/uploads\/2024\/06\/67c2ec70-bdf5-4c14-898a-ded5b2051398.jpg\",\"contentUrl\":\"https:\/\/elevatesurf.ch\/wp-content\/uploads\/2024\/06\/67c2ec70-bdf5-4c14-898a-ded5b2051398.jpg\",\"width\":1024,\"height\":1024,\"caption\":\"Elevatesurf\"},\"image\":{\"@id\":\"https:\/\/elevatesurf.ch\/#\/schema\/logo\/image\/\"},\"sameAs\":[\"https:\/\/www.instagram.com\/elevate__surf\/\"]}]}<\/script>\n<!-- \/ Yoast SEO plugin. -->","yoast_head_json":{"title":"Housse si\u00e8ge voiture - Elevatesurf","description":"Elevatesurf Housse si\u00e8ge voiture","robots":{"index":"index","follow":"follow","max-snippet":"max-snippet:-1","max-image-preview":"max-image-preview:large","max-video-preview":"max-video-preview:-1"},"canonical":"http:\/\/elevatesurf.ch\/fr\/product\/housse-siege-voiture\/","og_locale":"fr_FR","og_type":"article","og_title":"Housse si\u00e8ge voiture - Elevatesurf","og_description":"Elevatesurf Housse si\u00e8ge voiture","og_url":"http:\/\/elevatesurf.ch\/fr\/product\/housse-siege-voiture\/","og_site_name":"Elevatesurf","article_modified_time":"2026-01-10T08:41:27+00:00","og_image":[{"width":936,"height":936,"url":"https:\/\/elevatesurf.ch\/wp-content\/uploads\/2024\/01\/Housse-siege-voiture-noir-1.jpg","type":"image\/jpeg"}],"twitter_card":"summary_large_image","twitter_misc":{"Dur\u00e9e de lecture estim\u00e9e":"1 minute"},"schema":{"@context":"https:\/\/schema.org","@graph":[{"@type":["WebPage","ItemPage"],"@id":"https:\/\/elevatesurf.ch\/product\/housse-siege-voiture\/","url":"https:\/\/elevatesurf.ch\/product\/housse-siege-voiture\/","name":"Housse si\u00e8ge voiture - Elevatesurf","isPartOf":{"@id":"https:\/\/elevatesurf.ch\/#website"},"primaryImageOfPage":{"@id":"https:\/\/elevatesurf.ch\/product\/housse-siege-voiture\/#primaryimage"},"image":{"@id":"https:\/\/elevatesurf.ch\/product\/housse-siege-voiture\/#primaryimage"},"thumbnailUrl":"https:\/\/elevatesurf.ch\/wp-content\/uploads\/2024\/01\/Housse-siege-voiture-noir-1.jpg","datePublished":"2024-01-15T20:16:12+00:00","dateModified":"2026-01-10T08:41:27+00:00","description":"Elevatesurf Housse si\u00e8ge voiture","breadcrumb":{"@id":"https:\/\/elevatesurf.ch\/product\/housse-siege-voiture\/#breadcrumb"},"inLanguage":"fr-FR","potentialAction":[{"@type":"ReadAction","target":["https:\/\/elevatesurf.ch\/product\/housse-siege-voiture\/"]}]},{"@type":"ImageObject","inLanguage":"fr-FR","@id":"https:\/\/elevatesurf.ch\/product\/housse-siege-voiture\/#primaryimage","url":"https:\/\/elevatesurf.ch\/wp-content\/uploads\/2024\/01\/Housse-siege-voiture-noir-1.jpg","contentUrl":"https:\/\/elevatesurf.ch\/wp-content\/uploads\/2024\/01\/Housse-siege-voiture-noir-1.jpg","width":936,"height":936},{"@type":"BreadcrumbList","@id":"https:\/\/elevatesurf.ch\/product\/housse-siege-voiture\/#breadcrumb","itemListElement":[{"@type":"ListItem","position":1,"name":"Accueil","item":"https:\/\/elevatesurf.ch\/"},{"@type":"ListItem","position":2,"name":"Shop &#8211; \u00c9levez Votre Exp\u00e9rience de Surf avec Notre Collection","item":"https:\/\/elevatesurf.ch\/shop\/"},{"@type":"ListItem","position":3,"name":"Housse si\u00e8ge voiture"}]},{"@type":"WebSite","@id":"https:\/\/elevatesurf.ch\/#website","url":"https:\/\/elevatesurf.ch\/","name":"Elevatesurf","description":"Surfez vers de nouveaux sommets avec ElevateSurf ! Kiteshop, Wingshop","publisher":{"@id":"https:\/\/elevatesurf.ch\/#organization"},"potentialAction":[{"@type":"SearchAction","target":{"@type":"EntryPoint","urlTemplate":"https:\/\/elevatesurf.ch\/?s={search_term_string}"},"query-input":"required name=search_term_string"}],"inLanguage":"fr-FR"},{"@type":"Organization","@id":"https:\/\/elevatesurf.ch\/#organization","name":"Elevatesurf","url":"https:\/\/elevatesurf.ch\/","logo":{"@type":"ImageObject","inLanguage":"fr-FR","@id":"https:\/\/elevatesurf.ch\/#\/schema\/logo\/image\/","url":"https:\/\/elevatesurf.ch\/wp-content\/uploads\/2024\/06\/67c2ec70-bdf5-4c14-898a-ded5b2051398.jpg","contentUrl":"https:\/\/elevatesurf.ch\/wp-content\/uploads\/2024\/06\/67c2ec70-bdf5-4c14-898a-ded5b2051398.jpg","width":1024,"height":1024,"caption":"Elevatesurf"},"image":{"@id":"https:\/\/elevatesurf.ch\/#\/schema\/logo\/image\/"},"sameAs":["https:\/\/www.instagram.com\/elevate__surf\/"]}]}},"_links":{"self":[{"href":"http:\/\/elevatesurf.ch\/fr\/wp-json\/wp\/v2\/product\/13067","targetHints":{"allow":["GET"]}}],"collection":[{"href":"http:\/\/elevatesurf.ch\/fr\/wp-json\/wp\/v2\/product"}],"about":[{"href":"http:\/\/elevatesurf.ch\/fr\/wp-json\/wp\/v2\/types\/product"}],"replies":[{"embeddable":true,"href":"http:\/\/elevatesurf.ch\/fr\/wp-json\/wp\/v2\/comments?post=13067"}],"wp:featuredmedia":[{"embeddable":true,"href":"http:\/\/elevatesurf.ch\/fr\/wp-json\/wp\/v2\/media\/13117"}],"wp:attachment":[{"href":"http:\/\/elevatesurf.ch\/fr\/wp-json\/wp\/v2\/media?parent=13067"}],"wp:term":[{"taxonomy":"product_cat","embeddable":true,"href":"http:\/\/elevatesurf.ch\/fr\/wp-json\/wp\/v2\/product_cat?post=13067"},{"taxonomy":"product_tag","embeddable":true,"href":"http:\/\/elevatesurf.ch\/fr\/wp-json\/wp\/v2\/product_tag?post=13067"}],"curies":[{"name":"wp","href":"https:\/\/api.w.org\/{rel}","templated":true}]}}