{"id":13080,"date":"2024-01-15T20:16:14","date_gmt":"2024-01-15T20:16:14","guid":{"rendered":"https:\/\/elevatesurf.ch\/?post_type=product&#038;p=13080"},"modified":"2026-01-10T08:41:27","modified_gmt":"2026-01-10T08:41:27","slug":"sac-etanche-dry-bucket-50l","status":"publish","type":"product","link":"http:\/\/elevatesurf.ch\/fr\/product\/sac-etanche-dry-bucket-50l\/","title":{"rendered":"Sac \u00e9tanche dry-bucket 50l"},"content":{"rendered":"\r\n<p>Le sac \u00e9tanche dry-bucket est con\u00e7u pour garder vos affaires au sec, prot\u00e9ger vos affaires humides et comm\u00a0un stockage \u00e9tanche multi-usage.<\/p>\r\n\r\n\r\n\r\n<p><strong>Caract\u00e9ristiques :<\/strong><\/p>\r\n\r\n\r\n\r\n<ul class=\"wp-block-list\">\r\n<li>Sac 100% \u00e9tanche<\/li>\r\n\r\n\r\n\r\n<li>Poche int\u00e9rieure en filet zippp\u00e9e pour garder votre t\u00e9l\u00e9phone, vos cl\u00e9s, etc<\/li>\r\n\r\n\r\n\r\n<li>Poign\u00e9es de transport r\u00e9glables<\/li>\r\n\r\n\r\n\r\n<li>Sangle r\u00e9glable avec boucle pour fermeture<\/li>\r\n\r\n\r\n\r\n<li>Peut \u00eatre repli\u00e9 \u00e0 une taille compacte lorsqu\u2019il n\u2019est pas utilis\u00e9<\/li>\r\n\r\n\r\n\r\n<li>Construction l\u00e9g\u00e8re, de haute qualit\u00e9 et durable en TPU<\/li>\r\n\r\n\r\n\r\n<li>Construction scell\u00e9e \u00e0 haute fr\u00e9quence<\/li>\r\n<\/ul>\r\n\r\n\r\n\r\n<p>Dimensions : 40 x 30 x 45 cm \/ 15.74\u2033 x 11.81\u2033 x 17.71\u2033<\/p>\r\n\r\n\r\n\r\n<p>Capacit\u00e9 : 50L<\/p>\r\n\r\n\r\n\r\n<p>Couleur : noir<\/p>\r\n\r\n\r\n\r\n<p>&nbsp;<\/p>\r\n\r\n\r\n\r\n<figure class=\"wp-block-video\"><\/figure>\r\n","protected":false},"excerpt":{"rendered":"<p>Id\u00e9al pour garder et prot\u00e9ger vos affaires de l\u2019eau (combinaison, accessoires, etc) garder et prot\u00e9ger vos affaires de l\u2019eau. Le sac parfait pour l\u2019aventure.<\/p>\n","protected":false},"featured_media":13161,"comment_status":"closed","ping_status":"closed","template":"","meta":[],"product_cat":[114,119],"product_tag":[116],"class_list":{"0":"post-13080","1":"product","2":"type-product","3":"status-publish","4":"has-post-thumbnail","6":"product_cat-accessoires-kitesurf-wingfoil","7":"product_cat-sacs-sac-a-dos-etanches","8":"product_tag-surflogic","9":"product_shipping_class-postpac-economy-jusqua-2-kg","10":"product_brand-surflogic-accessoires-protections-materiel-kitesurf-poncho-sacs-fourres","12":"first","13":"instock","14":"shipping-taxable","15":"purchasable","16":"product-type-variable","17":"has-default-attributes"},"yoast_head":"<!-- This site is optimized with the Yoast SEO plugin v22.8 - https:\/\/yoast.com\/wordpress\/plugins\/seo\/ -->\n<title>Sac \u00e9tanche dry-bucket 50l - Elevatesurf<\/title>\n<meta name=\"description\" content=\"Elevatesurf Sac \u00e9tanche dry-bucket 50l\" \/>\n<meta name=\"robots\" content=\"index, follow, max-snippet:-1, max-image-preview:large, max-video-preview:-1\" \/>\n<link rel=\"canonical\" href=\"http:\/\/elevatesurf.ch\/fr\/product\/sac-etanche-dry-bucket-50l\/\" \/>\n<meta property=\"og:locale\" content=\"fr_FR\" \/>\n<meta property=\"og:type\" content=\"article\" \/>\n<meta property=\"og:title\" content=\"Sac \u00e9tanche dry-bucket 50l - Elevatesurf\" \/>\n<meta property=\"og:description\" content=\"Elevatesurf Sac \u00e9tanche dry-bucket 50l\" \/>\n<meta property=\"og:url\" content=\"http:\/\/elevatesurf.ch\/fr\/product\/sac-etanche-dry-bucket-50l\/\" \/>\n<meta property=\"og:site_name\" content=\"Elevatesurf\" \/>\n<meta property=\"article:modified_time\" content=\"2026-01-10T08:41:27+00:00\" \/>\n<meta property=\"og:image\" content=\"https:\/\/elevatesurf.ch\/wp-content\/uploads\/2024\/01\/Sac-etanche-dry-bucket-50l2.jpg\" \/>\n\t<meta property=\"og:image:width\" content=\"2480\" \/>\n\t<meta property=\"og:image:height\" content=\"2507\" \/>\n\t<meta property=\"og:image:type\" content=\"image\/jpeg\" \/>\n<meta name=\"twitter:card\" content=\"summary_large_image\" \/>\n<script type=\"application\/ld+json\" class=\"yoast-schema-graph\">{\"@context\":\"https:\/\/schema.org\",\"@graph\":[{\"@type\":[\"WebPage\",\"ItemPage\"],\"@id\":\"https:\/\/elevatesurf.ch\/product\/sac-etanche-dry-bucket-50l\/\",\"url\":\"https:\/\/elevatesurf.ch\/product\/sac-etanche-dry-bucket-50l\/\",\"name\":\"Sac \u00e9tanche dry-bucket 50l - Elevatesurf\",\"isPartOf\":{\"@id\":\"https:\/\/elevatesurf.ch\/#website\"},\"primaryImageOfPage\":{\"@id\":\"https:\/\/elevatesurf.ch\/product\/sac-etanche-dry-bucket-50l\/#primaryimage\"},\"image\":{\"@id\":\"https:\/\/elevatesurf.ch\/product\/sac-etanche-dry-bucket-50l\/#primaryimage\"},\"thumbnailUrl\":\"https:\/\/elevatesurf.ch\/wp-content\/uploads\/2024\/01\/Sac-etanche-dry-bucket-50l2.jpg\",\"datePublished\":\"2024-01-15T20:16:14+00:00\",\"dateModified\":\"2026-01-10T08:41:27+00:00\",\"description\":\"Elevatesurf Sac \u00e9tanche dry-bucket 50l\",\"breadcrumb\":{\"@id\":\"https:\/\/elevatesurf.ch\/product\/sac-etanche-dry-bucket-50l\/#breadcrumb\"},\"inLanguage\":\"fr-FR\",\"potentialAction\":[{\"@type\":\"ReadAction\",\"target\":[\"https:\/\/elevatesurf.ch\/product\/sac-etanche-dry-bucket-50l\/\"]}]},{\"@type\":\"ImageObject\",\"inLanguage\":\"fr-FR\",\"@id\":\"https:\/\/elevatesurf.ch\/product\/sac-etanche-dry-bucket-50l\/#primaryimage\",\"url\":\"https:\/\/elevatesurf.ch\/wp-content\/uploads\/2024\/01\/Sac-etanche-dry-bucket-50l2.jpg\",\"contentUrl\":\"https:\/\/elevatesurf.ch\/wp-content\/uploads\/2024\/01\/Sac-etanche-dry-bucket-50l2.jpg\",\"width\":2480,\"height\":2507},{\"@type\":\"BreadcrumbList\",\"@id\":\"https:\/\/elevatesurf.ch\/product\/sac-etanche-dry-bucket-50l\/#breadcrumb\",\"itemListElement\":[{\"@type\":\"ListItem\",\"position\":1,\"name\":\"Accueil\",\"item\":\"https:\/\/elevatesurf.ch\/\"},{\"@type\":\"ListItem\",\"position\":2,\"name\":\"Shop &#8211; \u00c9levez Votre Exp\u00e9rience de Surf avec Notre Collection\",\"item\":\"https:\/\/elevatesurf.ch\/shop\/\"},{\"@type\":\"ListItem\",\"position\":3,\"name\":\"Sac \u00e9tanche dry-bucket 50l\"}]},{\"@type\":\"WebSite\",\"@id\":\"https:\/\/elevatesurf.ch\/#website\",\"url\":\"https:\/\/elevatesurf.ch\/\",\"name\":\"Elevatesurf\",\"description\":\"Surfez vers de nouveaux sommets avec ElevateSurf ! Kiteshop, Wingshop\",\"publisher\":{\"@id\":\"https:\/\/elevatesurf.ch\/#organization\"},\"potentialAction\":[{\"@type\":\"SearchAction\",\"target\":{\"@type\":\"EntryPoint\",\"urlTemplate\":\"https:\/\/elevatesurf.ch\/?s={search_term_string}\"},\"query-input\":\"required name=search_term_string\"}],\"inLanguage\":\"fr-FR\"},{\"@type\":\"Organization\",\"@id\":\"https:\/\/elevatesurf.ch\/#organization\",\"name\":\"Elevatesurf\",\"url\":\"https:\/\/elevatesurf.ch\/\",\"logo\":{\"@type\":\"ImageObject\",\"inLanguage\":\"fr-FR\",\"@id\":\"https:\/\/elevatesurf.ch\/#\/schema\/logo\/image\/\",\"url\":\"https:\/\/elevatesurf.ch\/wp-content\/uploads\/2024\/06\/67c2ec70-bdf5-4c14-898a-ded5b2051398.jpg\",\"contentUrl\":\"https:\/\/elevatesurf.ch\/wp-content\/uploads\/2024\/06\/67c2ec70-bdf5-4c14-898a-ded5b2051398.jpg\",\"width\":1024,\"height\":1024,\"caption\":\"Elevatesurf\"},\"image\":{\"@id\":\"https:\/\/elevatesurf.ch\/#\/schema\/logo\/image\/\"},\"sameAs\":[\"https:\/\/www.instagram.com\/elevate__surf\/\"]}]}<\/script>\n<!-- \/ Yoast SEO plugin. -->","yoast_head_json":{"title":"Sac \u00e9tanche dry-bucket 50l - Elevatesurf","description":"Elevatesurf Sac \u00e9tanche dry-bucket 50l","robots":{"index":"index","follow":"follow","max-snippet":"max-snippet:-1","max-image-preview":"max-image-preview:large","max-video-preview":"max-video-preview:-1"},"canonical":"http:\/\/elevatesurf.ch\/fr\/product\/sac-etanche-dry-bucket-50l\/","og_locale":"fr_FR","og_type":"article","og_title":"Sac \u00e9tanche dry-bucket 50l - Elevatesurf","og_description":"Elevatesurf Sac \u00e9tanche dry-bucket 50l","og_url":"http:\/\/elevatesurf.ch\/fr\/product\/sac-etanche-dry-bucket-50l\/","og_site_name":"Elevatesurf","article_modified_time":"2026-01-10T08:41:27+00:00","og_image":[{"width":2480,"height":2507,"url":"https:\/\/elevatesurf.ch\/wp-content\/uploads\/2024\/01\/Sac-etanche-dry-bucket-50l2.jpg","type":"image\/jpeg"}],"twitter_card":"summary_large_image","schema":{"@context":"https:\/\/schema.org","@graph":[{"@type":["WebPage","ItemPage"],"@id":"https:\/\/elevatesurf.ch\/product\/sac-etanche-dry-bucket-50l\/","url":"https:\/\/elevatesurf.ch\/product\/sac-etanche-dry-bucket-50l\/","name":"Sac \u00e9tanche dry-bucket 50l - Elevatesurf","isPartOf":{"@id":"https:\/\/elevatesurf.ch\/#website"},"primaryImageOfPage":{"@id":"https:\/\/elevatesurf.ch\/product\/sac-etanche-dry-bucket-50l\/#primaryimage"},"image":{"@id":"https:\/\/elevatesurf.ch\/product\/sac-etanche-dry-bucket-50l\/#primaryimage"},"thumbnailUrl":"https:\/\/elevatesurf.ch\/wp-content\/uploads\/2024\/01\/Sac-etanche-dry-bucket-50l2.jpg","datePublished":"2024-01-15T20:16:14+00:00","dateModified":"2026-01-10T08:41:27+00:00","description":"Elevatesurf Sac \u00e9tanche dry-bucket 50l","breadcrumb":{"@id":"https:\/\/elevatesurf.ch\/product\/sac-etanche-dry-bucket-50l\/#breadcrumb"},"inLanguage":"fr-FR","potentialAction":[{"@type":"ReadAction","target":["https:\/\/elevatesurf.ch\/product\/sac-etanche-dry-bucket-50l\/"]}]},{"@type":"ImageObject","inLanguage":"fr-FR","@id":"https:\/\/elevatesurf.ch\/product\/sac-etanche-dry-bucket-50l\/#primaryimage","url":"https:\/\/elevatesurf.ch\/wp-content\/uploads\/2024\/01\/Sac-etanche-dry-bucket-50l2.jpg","contentUrl":"https:\/\/elevatesurf.ch\/wp-content\/uploads\/2024\/01\/Sac-etanche-dry-bucket-50l2.jpg","width":2480,"height":2507},{"@type":"BreadcrumbList","@id":"https:\/\/elevatesurf.ch\/product\/sac-etanche-dry-bucket-50l\/#breadcrumb","itemListElement":[{"@type":"ListItem","position":1,"name":"Accueil","item":"https:\/\/elevatesurf.ch\/"},{"@type":"ListItem","position":2,"name":"Shop &#8211; \u00c9levez Votre Exp\u00e9rience de Surf avec Notre Collection","item":"https:\/\/elevatesurf.ch\/shop\/"},{"@type":"ListItem","position":3,"name":"Sac \u00e9tanche dry-bucket 50l"}]},{"@type":"WebSite","@id":"https:\/\/elevatesurf.ch\/#website","url":"https:\/\/elevatesurf.ch\/","name":"Elevatesurf","description":"Surfez vers de nouveaux sommets avec ElevateSurf ! Kiteshop, Wingshop","publisher":{"@id":"https:\/\/elevatesurf.ch\/#organization"},"potentialAction":[{"@type":"SearchAction","target":{"@type":"EntryPoint","urlTemplate":"https:\/\/elevatesurf.ch\/?s={search_term_string}"},"query-input":"required name=search_term_string"}],"inLanguage":"fr-FR"},{"@type":"Organization","@id":"https:\/\/elevatesurf.ch\/#organization","name":"Elevatesurf","url":"https:\/\/elevatesurf.ch\/","logo":{"@type":"ImageObject","inLanguage":"fr-FR","@id":"https:\/\/elevatesurf.ch\/#\/schema\/logo\/image\/","url":"https:\/\/elevatesurf.ch\/wp-content\/uploads\/2024\/06\/67c2ec70-bdf5-4c14-898a-ded5b2051398.jpg","contentUrl":"https:\/\/elevatesurf.ch\/wp-content\/uploads\/2024\/06\/67c2ec70-bdf5-4c14-898a-ded5b2051398.jpg","width":1024,"height":1024,"caption":"Elevatesurf"},"image":{"@id":"https:\/\/elevatesurf.ch\/#\/schema\/logo\/image\/"},"sameAs":["https:\/\/www.instagram.com\/elevate__surf\/"]}]}},"_links":{"self":[{"href":"http:\/\/elevatesurf.ch\/fr\/wp-json\/wp\/v2\/product\/13080","targetHints":{"allow":["GET"]}}],"collection":[{"href":"http:\/\/elevatesurf.ch\/fr\/wp-json\/wp\/v2\/product"}],"about":[{"href":"http:\/\/elevatesurf.ch\/fr\/wp-json\/wp\/v2\/types\/product"}],"replies":[{"embeddable":true,"href":"http:\/\/elevatesurf.ch\/fr\/wp-json\/wp\/v2\/comments?post=13080"}],"wp:featuredmedia":[{"embeddable":true,"href":"http:\/\/elevatesurf.ch\/fr\/wp-json\/wp\/v2\/media\/13161"}],"wp:attachment":[{"href":"http:\/\/elevatesurf.ch\/fr\/wp-json\/wp\/v2\/media?parent=13080"}],"wp:term":[{"taxonomy":"product_cat","embeddable":true,"href":"http:\/\/elevatesurf.ch\/fr\/wp-json\/wp\/v2\/product_cat?post=13080"},{"taxonomy":"product_tag","embeddable":true,"href":"http:\/\/elevatesurf.ch\/fr\/wp-json\/wp\/v2\/product_tag?post=13080"}],"curies":[{"name":"wp","href":"https:\/\/api.w.org\/{rel}","templated":true}]}}