{"id":13182,"date":"2024-01-15T20:22:29","date_gmt":"2024-01-15T20:22:29","guid":{"rendered":"https:\/\/elevatesurf.ch\/?post_type=product&#038;p=13182"},"modified":"2026-01-10T08:41:01","modified_gmt":"2026-01-10T08:41:01","slug":"sac-changement-et-rangement-combinaison","status":"publish","type":"product","link":"http:\/\/elevatesurf.ch\/fr\/product\/sac-changement-et-rangement-combinaison\/","title":{"rendered":"Sac changement et rangement combinaison"},"content":{"rendered":"\n<p>Le sac changement et rangement combinaison prot\u00e8ge votre combinaison de plong\u00e9e du sable et de la salet\u00e9 et se transforme en un sac \u00e9tanche.<\/p>\n\n\n\n<p>Caract\u00e9ristiques :<\/p>\n\n\n\n<ul class=\"wp-block-list\">\n<li>Garde votre combinaison \u00e0 l\u2019abri du sable et de la salet\u00e9<\/li>\n\n\n\n<li>Prot\u00e8ge votre combinaison et facile \u00e0 ranger<\/li>\n\n\n\n<li>Se transforme en sac \u00e9tanche<\/li>\n\n\n\n<li>Imperm\u00e9able, \u00e9vite de mouiller la voiture<\/li>\n\n\n\n<li>Sac \u00e0 cordon avec sangles suppl\u00e9mentaires pour faciliter le transport<\/li>\n\n\n\n<li>Mesure 75 cm (29,5\u2033) de diam\u00e8tre plat<\/li>\n\n\n\n<li>Tissu: 600D\/PVC<\/li>\n<\/ul>\n\n\n\n<p>Couleur. noir<\/p>\n","protected":false},"excerpt":{"rendered":"<p>Prot\u00e9gez votre combinaison de plong\u00e9e du sable et de la salet\u00e9<\/p>\n","protected":false},"featured_media":13221,"comment_status":"closed","ping_status":"closed","template":"","meta":[],"product_cat":[114,119],"product_tag":[116],"class_list":{"0":"post-13182","1":"product","2":"type-product","3":"status-publish","4":"has-post-thumbnail","6":"product_cat-accessoires-kitesurf-wingfoil","7":"product_cat-sacs-sac-a-dos-etanches","8":"product_tag-surflogic","9":"product_shipping_class-postpac-economy-jusqua-2-kg","10":"product_brand-surflogic-accessoires-protections-materiel-kitesurf-poncho-sacs-fourres","12":"first","13":"instock","14":"shipping-taxable","15":"purchasable","16":"product-type-simple"},"yoast_head":"<!-- This site is optimized with the Yoast SEO plugin v22.8 - https:\/\/yoast.com\/wordpress\/plugins\/seo\/ -->\n<title>Sac changement et rangement combinaison - Elevatesurf<\/title>\n<meta name=\"description\" content=\"Elevatesurf Sac changement et rangement combinaison\" \/>\n<meta name=\"robots\" content=\"index, follow, max-snippet:-1, max-image-preview:large, max-video-preview:-1\" \/>\n<link rel=\"canonical\" href=\"http:\/\/elevatesurf.ch\/fr\/product\/sac-changement-et-rangement-combinaison\/\" \/>\n<meta property=\"og:locale\" content=\"fr_FR\" \/>\n<meta property=\"og:type\" content=\"article\" \/>\n<meta property=\"og:title\" content=\"Sac changement et rangement combinaison - Elevatesurf\" \/>\n<meta property=\"og:description\" content=\"Elevatesurf Sac changement et rangement combinaison\" \/>\n<meta property=\"og:url\" content=\"http:\/\/elevatesurf.ch\/fr\/product\/sac-changement-et-rangement-combinaison\/\" \/>\n<meta property=\"og:site_name\" content=\"Elevatesurf\" \/>\n<meta property=\"article:modified_time\" content=\"2026-01-10T08:41:01+00:00\" \/>\n<meta property=\"og:image\" content=\"https:\/\/elevatesurf.ch\/wp-content\/uploads\/2024\/01\/Change-mat-01.jpg\" \/>\n\t<meta property=\"og:image:width\" content=\"720\" \/>\n\t<meta property=\"og:image:height\" content=\"936\" \/>\n\t<meta property=\"og:image:type\" content=\"image\/jpeg\" \/>\n<meta name=\"twitter:card\" content=\"summary_large_image\" \/>\n<script type=\"application\/ld+json\" class=\"yoast-schema-graph\">{\"@context\":\"https:\/\/schema.org\",\"@graph\":[{\"@type\":[\"WebPage\",\"ItemPage\"],\"@id\":\"https:\/\/elevatesurf.ch\/product\/sac-changement-et-rangement-combinaison\/\",\"url\":\"https:\/\/elevatesurf.ch\/product\/sac-changement-et-rangement-combinaison\/\",\"name\":\"Sac changement et rangement combinaison - Elevatesurf\",\"isPartOf\":{\"@id\":\"https:\/\/elevatesurf.ch\/#website\"},\"primaryImageOfPage\":{\"@id\":\"https:\/\/elevatesurf.ch\/product\/sac-changement-et-rangement-combinaison\/#primaryimage\"},\"image\":{\"@id\":\"https:\/\/elevatesurf.ch\/product\/sac-changement-et-rangement-combinaison\/#primaryimage\"},\"thumbnailUrl\":\"https:\/\/elevatesurf.ch\/wp-content\/uploads\/2024\/01\/Change-mat-01.jpg\",\"datePublished\":\"2024-01-15T20:22:29+00:00\",\"dateModified\":\"2026-01-10T08:41:01+00:00\",\"description\":\"Elevatesurf Sac changement et rangement combinaison\",\"breadcrumb\":{\"@id\":\"https:\/\/elevatesurf.ch\/product\/sac-changement-et-rangement-combinaison\/#breadcrumb\"},\"inLanguage\":\"fr-FR\",\"potentialAction\":[{\"@type\":\"ReadAction\",\"target\":[\"https:\/\/elevatesurf.ch\/product\/sac-changement-et-rangement-combinaison\/\"]}]},{\"@type\":\"ImageObject\",\"inLanguage\":\"fr-FR\",\"@id\":\"https:\/\/elevatesurf.ch\/product\/sac-changement-et-rangement-combinaison\/#primaryimage\",\"url\":\"https:\/\/elevatesurf.ch\/wp-content\/uploads\/2024\/01\/Change-mat-01.jpg\",\"contentUrl\":\"https:\/\/elevatesurf.ch\/wp-content\/uploads\/2024\/01\/Change-mat-01.jpg\",\"width\":720,\"height\":936},{\"@type\":\"BreadcrumbList\",\"@id\":\"https:\/\/elevatesurf.ch\/product\/sac-changement-et-rangement-combinaison\/#breadcrumb\",\"itemListElement\":[{\"@type\":\"ListItem\",\"position\":1,\"name\":\"Accueil\",\"item\":\"https:\/\/elevatesurf.ch\/\"},{\"@type\":\"ListItem\",\"position\":2,\"name\":\"Shop &#8211; \u00c9levez Votre Exp\u00e9rience de Surf avec Notre Collection\",\"item\":\"https:\/\/elevatesurf.ch\/shop\/\"},{\"@type\":\"ListItem\",\"position\":3,\"name\":\"Sac changement et rangement combinaison\"}]},{\"@type\":\"WebSite\",\"@id\":\"https:\/\/elevatesurf.ch\/#website\",\"url\":\"https:\/\/elevatesurf.ch\/\",\"name\":\"Elevatesurf\",\"description\":\"Surfez vers de nouveaux sommets avec ElevateSurf ! Kiteshop, Wingshop\",\"publisher\":{\"@id\":\"https:\/\/elevatesurf.ch\/#organization\"},\"potentialAction\":[{\"@type\":\"SearchAction\",\"target\":{\"@type\":\"EntryPoint\",\"urlTemplate\":\"https:\/\/elevatesurf.ch\/?s={search_term_string}\"},\"query-input\":\"required name=search_term_string\"}],\"inLanguage\":\"fr-FR\"},{\"@type\":\"Organization\",\"@id\":\"https:\/\/elevatesurf.ch\/#organization\",\"name\":\"Elevatesurf\",\"url\":\"https:\/\/elevatesurf.ch\/\",\"logo\":{\"@type\":\"ImageObject\",\"inLanguage\":\"fr-FR\",\"@id\":\"https:\/\/elevatesurf.ch\/#\/schema\/logo\/image\/\",\"url\":\"https:\/\/elevatesurf.ch\/wp-content\/uploads\/2024\/06\/67c2ec70-bdf5-4c14-898a-ded5b2051398.jpg\",\"contentUrl\":\"https:\/\/elevatesurf.ch\/wp-content\/uploads\/2024\/06\/67c2ec70-bdf5-4c14-898a-ded5b2051398.jpg\",\"width\":1024,\"height\":1024,\"caption\":\"Elevatesurf\"},\"image\":{\"@id\":\"https:\/\/elevatesurf.ch\/#\/schema\/logo\/image\/\"},\"sameAs\":[\"https:\/\/www.instagram.com\/elevate__surf\/\"]}]}<\/script>\n<!-- \/ Yoast SEO plugin. -->","yoast_head_json":{"title":"Sac changement et rangement combinaison - Elevatesurf","description":"Elevatesurf Sac changement et rangement combinaison","robots":{"index":"index","follow":"follow","max-snippet":"max-snippet:-1","max-image-preview":"max-image-preview:large","max-video-preview":"max-video-preview:-1"},"canonical":"http:\/\/elevatesurf.ch\/fr\/product\/sac-changement-et-rangement-combinaison\/","og_locale":"fr_FR","og_type":"article","og_title":"Sac changement et rangement combinaison - Elevatesurf","og_description":"Elevatesurf Sac changement et rangement combinaison","og_url":"http:\/\/elevatesurf.ch\/fr\/product\/sac-changement-et-rangement-combinaison\/","og_site_name":"Elevatesurf","article_modified_time":"2026-01-10T08:41:01+00:00","og_image":[{"width":720,"height":936,"url":"https:\/\/elevatesurf.ch\/wp-content\/uploads\/2024\/01\/Change-mat-01.jpg","type":"image\/jpeg"}],"twitter_card":"summary_large_image","schema":{"@context":"https:\/\/schema.org","@graph":[{"@type":["WebPage","ItemPage"],"@id":"https:\/\/elevatesurf.ch\/product\/sac-changement-et-rangement-combinaison\/","url":"https:\/\/elevatesurf.ch\/product\/sac-changement-et-rangement-combinaison\/","name":"Sac changement et rangement combinaison - Elevatesurf","isPartOf":{"@id":"https:\/\/elevatesurf.ch\/#website"},"primaryImageOfPage":{"@id":"https:\/\/elevatesurf.ch\/product\/sac-changement-et-rangement-combinaison\/#primaryimage"},"image":{"@id":"https:\/\/elevatesurf.ch\/product\/sac-changement-et-rangement-combinaison\/#primaryimage"},"thumbnailUrl":"https:\/\/elevatesurf.ch\/wp-content\/uploads\/2024\/01\/Change-mat-01.jpg","datePublished":"2024-01-15T20:22:29+00:00","dateModified":"2026-01-10T08:41:01+00:00","description":"Elevatesurf Sac changement et rangement combinaison","breadcrumb":{"@id":"https:\/\/elevatesurf.ch\/product\/sac-changement-et-rangement-combinaison\/#breadcrumb"},"inLanguage":"fr-FR","potentialAction":[{"@type":"ReadAction","target":["https:\/\/elevatesurf.ch\/product\/sac-changement-et-rangement-combinaison\/"]}]},{"@type":"ImageObject","inLanguage":"fr-FR","@id":"https:\/\/elevatesurf.ch\/product\/sac-changement-et-rangement-combinaison\/#primaryimage","url":"https:\/\/elevatesurf.ch\/wp-content\/uploads\/2024\/01\/Change-mat-01.jpg","contentUrl":"https:\/\/elevatesurf.ch\/wp-content\/uploads\/2024\/01\/Change-mat-01.jpg","width":720,"height":936},{"@type":"BreadcrumbList","@id":"https:\/\/elevatesurf.ch\/product\/sac-changement-et-rangement-combinaison\/#breadcrumb","itemListElement":[{"@type":"ListItem","position":1,"name":"Accueil","item":"https:\/\/elevatesurf.ch\/"},{"@type":"ListItem","position":2,"name":"Shop &#8211; \u00c9levez Votre Exp\u00e9rience de Surf avec Notre Collection","item":"https:\/\/elevatesurf.ch\/shop\/"},{"@type":"ListItem","position":3,"name":"Sac changement et rangement combinaison"}]},{"@type":"WebSite","@id":"https:\/\/elevatesurf.ch\/#website","url":"https:\/\/elevatesurf.ch\/","name":"Elevatesurf","description":"Surfez vers de nouveaux sommets avec ElevateSurf ! Kiteshop, Wingshop","publisher":{"@id":"https:\/\/elevatesurf.ch\/#organization"},"potentialAction":[{"@type":"SearchAction","target":{"@type":"EntryPoint","urlTemplate":"https:\/\/elevatesurf.ch\/?s={search_term_string}"},"query-input":"required name=search_term_string"}],"inLanguage":"fr-FR"},{"@type":"Organization","@id":"https:\/\/elevatesurf.ch\/#organization","name":"Elevatesurf","url":"https:\/\/elevatesurf.ch\/","logo":{"@type":"ImageObject","inLanguage":"fr-FR","@id":"https:\/\/elevatesurf.ch\/#\/schema\/logo\/image\/","url":"https:\/\/elevatesurf.ch\/wp-content\/uploads\/2024\/06\/67c2ec70-bdf5-4c14-898a-ded5b2051398.jpg","contentUrl":"https:\/\/elevatesurf.ch\/wp-content\/uploads\/2024\/06\/67c2ec70-bdf5-4c14-898a-ded5b2051398.jpg","width":1024,"height":1024,"caption":"Elevatesurf"},"image":{"@id":"https:\/\/elevatesurf.ch\/#\/schema\/logo\/image\/"},"sameAs":["https:\/\/www.instagram.com\/elevate__surf\/"]}]}},"_links":{"self":[{"href":"http:\/\/elevatesurf.ch\/fr\/wp-json\/wp\/v2\/product\/13182","targetHints":{"allow":["GET"]}}],"collection":[{"href":"http:\/\/elevatesurf.ch\/fr\/wp-json\/wp\/v2\/product"}],"about":[{"href":"http:\/\/elevatesurf.ch\/fr\/wp-json\/wp\/v2\/types\/product"}],"replies":[{"embeddable":true,"href":"http:\/\/elevatesurf.ch\/fr\/wp-json\/wp\/v2\/comments?post=13182"}],"wp:featuredmedia":[{"embeddable":true,"href":"http:\/\/elevatesurf.ch\/fr\/wp-json\/wp\/v2\/media\/13221"}],"wp:attachment":[{"href":"http:\/\/elevatesurf.ch\/fr\/wp-json\/wp\/v2\/media?parent=13182"}],"wp:term":[{"taxonomy":"product_cat","embeddable":true,"href":"http:\/\/elevatesurf.ch\/fr\/wp-json\/wp\/v2\/product_cat?post=13182"},{"taxonomy":"product_tag","embeddable":true,"href":"http:\/\/elevatesurf.ch\/fr\/wp-json\/wp\/v2\/product_tag?post=13182"}],"curies":[{"name":"wp","href":"https:\/\/api.w.org\/{rel}","templated":true}]}}