{"id":13184,"date":"2024-01-15T20:22:29","date_gmt":"2024-01-15T20:22:29","guid":{"rendered":"https:\/\/elevatesurf.ch\/?post_type=product&#038;p=13184"},"modified":"2026-01-10T08:41:01","modified_gmt":"2026-01-10T08:41:01","slug":"tapis","status":"publish","type":"product","link":"http:\/\/elevatesurf.ch\/fr\/product\/tapis\/","title":{"rendered":"Tapis"},"content":{"rendered":"\n<p>Le tapis grass mat permet de d\u00e9poussi\u00e9rer la salet\u00e9 et le sable qui ont pu s\u2019accumuler sur vos pieds et votre combinaison pendant que vous vous changez. Utilisez-le avant de monter dans votre voiture ou d\u2019entrer dans votre maison pour une sensation de propret\u00e9 instantan\u00e9e.<\/p>\n\n\n\n<p><strong>Caract\u00e9ristiques<\/strong><\/p>\n\n\n\n<p>Prot\u00e8ge vos pieds et votre combinaison<br>Id\u00e9al pour se changer n\u2019importe o\u00f9<br>Roulable pour un rangement plus facile<br>Tissu : gazon artificiel<\/p>\n\n\n\n<p>Dimensions : 75 x 65 cm<\/p>\n","protected":false},"excerpt":{"rendered":"<p>Prot\u00e9gez votre combinaison de surf du sable et de la salet\u00e9.<\/p>\n","protected":false},"featured_media":13231,"comment_status":"closed","ping_status":"closed","template":"","meta":[],"product_cat":[977,110],"product_tag":[116],"class_list":{"0":"post-13184","1":"product","2":"type-product","3":"status-publish","4":"has-post-thumbnail","6":"product_cat-accessoires","7":"product_cat-combinaison-kitesurf-neoprene-neuchatel","8":"product_tag-surflogic","9":"product_shipping_class-postpac-economy-jusqua-2-kg","10":"product_brand-surflogic-accessoires-protections-materiel-kitesurf-poncho-sacs-fourres","12":"first","13":"onbackorder","14":"shipping-taxable","15":"purchasable","16":"product-type-simple"},"yoast_head":"<!-- This site is optimized with the Yoast SEO plugin v22.8 - https:\/\/yoast.com\/wordpress\/plugins\/seo\/ -->\n<title>Tapis - Elevatesurf<\/title>\n<meta name=\"description\" content=\"Elevatesurf Tapis\" \/>\n<meta name=\"robots\" content=\"index, follow, max-snippet:-1, max-image-preview:large, max-video-preview:-1\" \/>\n<link rel=\"canonical\" href=\"http:\/\/elevatesurf.ch\/fr\/product\/tapis\/\" \/>\n<meta property=\"og:locale\" content=\"fr_FR\" \/>\n<meta property=\"og:type\" content=\"article\" \/>\n<meta property=\"og:title\" content=\"Tapis - Elevatesurf\" \/>\n<meta property=\"og:description\" content=\"Elevatesurf Tapis\" \/>\n<meta property=\"og:url\" content=\"http:\/\/elevatesurf.ch\/fr\/product\/tapis\/\" \/>\n<meta property=\"og:site_name\" content=\"Elevatesurf\" \/>\n<meta property=\"article:modified_time\" content=\"2026-01-10T08:41:01+00:00\" \/>\n<meta property=\"og:image\" content=\"https:\/\/elevatesurf.ch\/wp-content\/uploads\/2024\/01\/59096_01-1013x1024.jpg\" \/>\n\t<meta property=\"og:image:width\" content=\"1013\" \/>\n\t<meta property=\"og:image:height\" content=\"1024\" \/>\n\t<meta property=\"og:image:type\" content=\"image\/jpeg\" \/>\n<meta name=\"twitter:card\" content=\"summary_large_image\" \/>\n<script type=\"application\/ld+json\" class=\"yoast-schema-graph\">{\"@context\":\"https:\/\/schema.org\",\"@graph\":[{\"@type\":[\"WebPage\",\"ItemPage\"],\"@id\":\"https:\/\/elevatesurf.ch\/product\/tapis\/\",\"url\":\"https:\/\/elevatesurf.ch\/product\/tapis\/\",\"name\":\"Tapis - Elevatesurf\",\"isPartOf\":{\"@id\":\"https:\/\/elevatesurf.ch\/#website\"},\"primaryImageOfPage\":{\"@id\":\"https:\/\/elevatesurf.ch\/product\/tapis\/#primaryimage\"},\"image\":{\"@id\":\"https:\/\/elevatesurf.ch\/product\/tapis\/#primaryimage\"},\"thumbnailUrl\":\"https:\/\/elevatesurf.ch\/wp-content\/uploads\/2024\/01\/59096_01.jpg\",\"datePublished\":\"2024-01-15T20:22:29+00:00\",\"dateModified\":\"2026-01-10T08:41:01+00:00\",\"description\":\"Elevatesurf Tapis\",\"breadcrumb\":{\"@id\":\"https:\/\/elevatesurf.ch\/product\/tapis\/#breadcrumb\"},\"inLanguage\":\"fr-FR\",\"potentialAction\":[{\"@type\":\"ReadAction\",\"target\":[\"https:\/\/elevatesurf.ch\/product\/tapis\/\"]}]},{\"@type\":\"ImageObject\",\"inLanguage\":\"fr-FR\",\"@id\":\"https:\/\/elevatesurf.ch\/product\/tapis\/#primaryimage\",\"url\":\"https:\/\/elevatesurf.ch\/wp-content\/uploads\/2024\/01\/59096_01.jpg\",\"contentUrl\":\"https:\/\/elevatesurf.ch\/wp-content\/uploads\/2024\/01\/59096_01.jpg\",\"width\":2480,\"height\":2507},{\"@type\":\"BreadcrumbList\",\"@id\":\"https:\/\/elevatesurf.ch\/product\/tapis\/#breadcrumb\",\"itemListElement\":[{\"@type\":\"ListItem\",\"position\":1,\"name\":\"Accueil\",\"item\":\"https:\/\/elevatesurf.ch\/\"},{\"@type\":\"ListItem\",\"position\":2,\"name\":\"Shop &#8211; \u00c9levez Votre Exp\u00e9rience de Surf avec Notre Collection\",\"item\":\"https:\/\/elevatesurf.ch\/shop\/\"},{\"@type\":\"ListItem\",\"position\":3,\"name\":\"Tapis\"}]},{\"@type\":\"WebSite\",\"@id\":\"https:\/\/elevatesurf.ch\/#website\",\"url\":\"https:\/\/elevatesurf.ch\/\",\"name\":\"Elevatesurf\",\"description\":\"Surfez vers de nouveaux sommets avec ElevateSurf ! Kiteshop, Wingshop\",\"publisher\":{\"@id\":\"https:\/\/elevatesurf.ch\/#organization\"},\"potentialAction\":[{\"@type\":\"SearchAction\",\"target\":{\"@type\":\"EntryPoint\",\"urlTemplate\":\"https:\/\/elevatesurf.ch\/?s={search_term_string}\"},\"query-input\":\"required name=search_term_string\"}],\"inLanguage\":\"fr-FR\"},{\"@type\":\"Organization\",\"@id\":\"https:\/\/elevatesurf.ch\/#organization\",\"name\":\"Elevatesurf\",\"url\":\"https:\/\/elevatesurf.ch\/\",\"logo\":{\"@type\":\"ImageObject\",\"inLanguage\":\"fr-FR\",\"@id\":\"https:\/\/elevatesurf.ch\/#\/schema\/logo\/image\/\",\"url\":\"https:\/\/elevatesurf.ch\/wp-content\/uploads\/2024\/06\/67c2ec70-bdf5-4c14-898a-ded5b2051398.jpg\",\"contentUrl\":\"https:\/\/elevatesurf.ch\/wp-content\/uploads\/2024\/06\/67c2ec70-bdf5-4c14-898a-ded5b2051398.jpg\",\"width\":1024,\"height\":1024,\"caption\":\"Elevatesurf\"},\"image\":{\"@id\":\"https:\/\/elevatesurf.ch\/#\/schema\/logo\/image\/\"},\"sameAs\":[\"https:\/\/www.instagram.com\/elevate__surf\/\"]}]}<\/script>\n<!-- \/ Yoast SEO plugin. -->","yoast_head_json":{"title":"Tapis - Elevatesurf","description":"Elevatesurf Tapis","robots":{"index":"index","follow":"follow","max-snippet":"max-snippet:-1","max-image-preview":"max-image-preview:large","max-video-preview":"max-video-preview:-1"},"canonical":"http:\/\/elevatesurf.ch\/fr\/product\/tapis\/","og_locale":"fr_FR","og_type":"article","og_title":"Tapis - Elevatesurf","og_description":"Elevatesurf Tapis","og_url":"http:\/\/elevatesurf.ch\/fr\/product\/tapis\/","og_site_name":"Elevatesurf","article_modified_time":"2026-01-10T08:41:01+00:00","og_image":[{"width":1013,"height":1024,"url":"https:\/\/elevatesurf.ch\/wp-content\/uploads\/2024\/01\/59096_01-1013x1024.jpg","type":"image\/jpeg"}],"twitter_card":"summary_large_image","schema":{"@context":"https:\/\/schema.org","@graph":[{"@type":["WebPage","ItemPage"],"@id":"https:\/\/elevatesurf.ch\/product\/tapis\/","url":"https:\/\/elevatesurf.ch\/product\/tapis\/","name":"Tapis - Elevatesurf","isPartOf":{"@id":"https:\/\/elevatesurf.ch\/#website"},"primaryImageOfPage":{"@id":"https:\/\/elevatesurf.ch\/product\/tapis\/#primaryimage"},"image":{"@id":"https:\/\/elevatesurf.ch\/product\/tapis\/#primaryimage"},"thumbnailUrl":"https:\/\/elevatesurf.ch\/wp-content\/uploads\/2024\/01\/59096_01.jpg","datePublished":"2024-01-15T20:22:29+00:00","dateModified":"2026-01-10T08:41:01+00:00","description":"Elevatesurf Tapis","breadcrumb":{"@id":"https:\/\/elevatesurf.ch\/product\/tapis\/#breadcrumb"},"inLanguage":"fr-FR","potentialAction":[{"@type":"ReadAction","target":["https:\/\/elevatesurf.ch\/product\/tapis\/"]}]},{"@type":"ImageObject","inLanguage":"fr-FR","@id":"https:\/\/elevatesurf.ch\/product\/tapis\/#primaryimage","url":"https:\/\/elevatesurf.ch\/wp-content\/uploads\/2024\/01\/59096_01.jpg","contentUrl":"https:\/\/elevatesurf.ch\/wp-content\/uploads\/2024\/01\/59096_01.jpg","width":2480,"height":2507},{"@type":"BreadcrumbList","@id":"https:\/\/elevatesurf.ch\/product\/tapis\/#breadcrumb","itemListElement":[{"@type":"ListItem","position":1,"name":"Accueil","item":"https:\/\/elevatesurf.ch\/"},{"@type":"ListItem","position":2,"name":"Shop &#8211; \u00c9levez Votre Exp\u00e9rience de Surf avec Notre Collection","item":"https:\/\/elevatesurf.ch\/shop\/"},{"@type":"ListItem","position":3,"name":"Tapis"}]},{"@type":"WebSite","@id":"https:\/\/elevatesurf.ch\/#website","url":"https:\/\/elevatesurf.ch\/","name":"Elevatesurf","description":"Surfez vers de nouveaux sommets avec ElevateSurf ! Kiteshop, Wingshop","publisher":{"@id":"https:\/\/elevatesurf.ch\/#organization"},"potentialAction":[{"@type":"SearchAction","target":{"@type":"EntryPoint","urlTemplate":"https:\/\/elevatesurf.ch\/?s={search_term_string}"},"query-input":"required name=search_term_string"}],"inLanguage":"fr-FR"},{"@type":"Organization","@id":"https:\/\/elevatesurf.ch\/#organization","name":"Elevatesurf","url":"https:\/\/elevatesurf.ch\/","logo":{"@type":"ImageObject","inLanguage":"fr-FR","@id":"https:\/\/elevatesurf.ch\/#\/schema\/logo\/image\/","url":"https:\/\/elevatesurf.ch\/wp-content\/uploads\/2024\/06\/67c2ec70-bdf5-4c14-898a-ded5b2051398.jpg","contentUrl":"https:\/\/elevatesurf.ch\/wp-content\/uploads\/2024\/06\/67c2ec70-bdf5-4c14-898a-ded5b2051398.jpg","width":1024,"height":1024,"caption":"Elevatesurf"},"image":{"@id":"https:\/\/elevatesurf.ch\/#\/schema\/logo\/image\/"},"sameAs":["https:\/\/www.instagram.com\/elevate__surf\/"]}]}},"_links":{"self":[{"href":"http:\/\/elevatesurf.ch\/fr\/wp-json\/wp\/v2\/product\/13184","targetHints":{"allow":["GET"]}}],"collection":[{"href":"http:\/\/elevatesurf.ch\/fr\/wp-json\/wp\/v2\/product"}],"about":[{"href":"http:\/\/elevatesurf.ch\/fr\/wp-json\/wp\/v2\/types\/product"}],"replies":[{"embeddable":true,"href":"http:\/\/elevatesurf.ch\/fr\/wp-json\/wp\/v2\/comments?post=13184"}],"wp:featuredmedia":[{"embeddable":true,"href":"http:\/\/elevatesurf.ch\/fr\/wp-json\/wp\/v2\/media\/13231"}],"wp:attachment":[{"href":"http:\/\/elevatesurf.ch\/fr\/wp-json\/wp\/v2\/media?parent=13184"}],"wp:term":[{"taxonomy":"product_cat","embeddable":true,"href":"http:\/\/elevatesurf.ch\/fr\/wp-json\/wp\/v2\/product_cat?post=13184"},{"taxonomy":"product_tag","embeddable":true,"href":"http:\/\/elevatesurf.ch\/fr\/wp-json\/wp\/v2\/product_tag?post=13184"}],"curies":[{"name":"wp","href":"https:\/\/api.w.org\/{rel}","templated":true}]}}