{"id":13185,"date":"2024-01-15T20:22:29","date_gmt":"2024-01-15T20:22:29","guid":{"rendered":"https:\/\/elevatesurf.ch\/?post_type=product&#038;p=13185"},"modified":"2026-01-10T08:41:01","modified_gmt":"2026-01-10T08:41:01","slug":"sac-etanche-cleandry-system","status":"publish","type":"product","link":"http:\/\/elevatesurf.ch\/fr\/product\/sac-etanche-cleandry-system\/","title":{"rendered":"Sac \u00e9tanche clean&amp;dry-system"},"content":{"rendered":"\n<p>Notre sac innovant wetsuit clean&amp;dry-system fonctionne avec un syst\u00e8me de filtrage et un d\u00e9p\u00f4t d\u2019eau pour s\u00e9cher et nettoyer la combinaison pendant le transport vers la maison.<\/p>\n\n\n\n<p><strong>Caract\u00e9ristiques :<\/strong><\/p>\n\n\n\n<ul class=\"wp-block-list\">\n<li>Sac \u00e9tanche \u00e0 100%.<\/li>\n\n\n\n<li>Fermeture \u00e9tanche \u00e0 rouleau<\/li>\n\n\n\n<li>Construction l\u00e9g\u00e8re et de haute qualit\u00e9 en PVC<\/li>\n\n\n\n<li>Construction soud\u00e9e \u00e0 haute fr\u00e9quence<\/li>\n\n\n\n<li>Maille de filtrage de l\u2019eau<\/li>\n\n\n\n<li>D\u00e9p\u00f4t pour collecter l\u2019eau<\/li>\n\n\n\n<li>Valve d\u2019\u00e9vacuation de l\u2019eau<\/li>\n<\/ul>\n\n\n\n<p>Dimensions : 50 x 75 cm \/ 19,68\u2033 x 29,52\u2033.<\/p>\n\n\n\n<p>Capacit\u00e9 : 30L<\/p>\n\n\n\n<p><\/p>\n\n\n\n<figure class=\"wp-block-video\"><\/figure>\n","protected":false},"excerpt":{"rendered":"<p><span style=\"font-family: Roboto;font-size: 15px\">Un sac innovant pour nettoyer, s\u00e9cher et prot\u00e9ger votre combinaison<\/span><\/p>\n","protected":false},"featured_media":13235,"comment_status":"closed","ping_status":"closed","template":"","meta":[],"product_cat":[114,119],"product_tag":[116],"class_list":{"0":"post-13185","1":"product","2":"type-product","3":"status-publish","4":"has-post-thumbnail","6":"product_cat-accessoires-kitesurf-wingfoil","7":"product_cat-sacs-sac-a-dos-etanches","8":"product_tag-surflogic","9":"product_shipping_class-postpac-economy-jusqua-2-kg","10":"product_brand-surflogic-accessoires-protections-materiel-kitesurf-poncho-sacs-fourres","12":"first","13":"onbackorder","14":"shipping-taxable","15":"purchasable","16":"product-type-simple"},"yoast_head":"<!-- This site is optimized with the Yoast SEO plugin v22.8 - https:\/\/yoast.com\/wordpress\/plugins\/seo\/ -->\n<title>Sac \u00e9tanche clean&amp;dry-system - Elevatesurf<\/title>\n<meta name=\"description\" content=\"Elevatesurf Sac \u00e9tanche clean&amp;dry-system\" \/>\n<meta name=\"robots\" content=\"index, follow, max-snippet:-1, max-image-preview:large, max-video-preview:-1\" \/>\n<link rel=\"canonical\" href=\"http:\/\/elevatesurf.ch\/fr\/product\/sac-etanche-cleandry-system\/\" \/>\n<meta property=\"og:locale\" content=\"fr_FR\" \/>\n<meta property=\"og:type\" content=\"article\" \/>\n<meta property=\"og:title\" content=\"Sac \u00e9tanche clean&amp;dry-system - Elevatesurf\" \/>\n<meta property=\"og:description\" content=\"Elevatesurf Sac \u00e9tanche clean&amp;dry-system\" \/>\n<meta property=\"og:url\" content=\"http:\/\/elevatesurf.ch\/fr\/product\/sac-etanche-cleandry-system\/\" \/>\n<meta property=\"og:site_name\" content=\"Elevatesurf\" \/>\n<meta property=\"article:modified_time\" content=\"2026-01-10T08:41:01+00:00\" \/>\n<meta property=\"og:image\" content=\"https:\/\/elevatesurf.ch\/wp-content\/uploads\/2024\/01\/59109_01-1013x1024.jpg\" \/>\n\t<meta property=\"og:image:width\" content=\"1013\" \/>\n\t<meta property=\"og:image:height\" content=\"1024\" \/>\n\t<meta property=\"og:image:type\" content=\"image\/jpeg\" \/>\n<meta name=\"twitter:card\" content=\"summary_large_image\" \/>\n<script type=\"application\/ld+json\" class=\"yoast-schema-graph\">{\"@context\":\"https:\/\/schema.org\",\"@graph\":[{\"@type\":[\"WebPage\",\"ItemPage\"],\"@id\":\"https:\/\/elevatesurf.ch\/product\/sac-etanche-cleandry-system\/\",\"url\":\"https:\/\/elevatesurf.ch\/product\/sac-etanche-cleandry-system\/\",\"name\":\"Sac \u00e9tanche clean&amp;dry-system - Elevatesurf\",\"isPartOf\":{\"@id\":\"https:\/\/elevatesurf.ch\/#website\"},\"primaryImageOfPage\":{\"@id\":\"https:\/\/elevatesurf.ch\/product\/sac-etanche-cleandry-system\/#primaryimage\"},\"image\":{\"@id\":\"https:\/\/elevatesurf.ch\/product\/sac-etanche-cleandry-system\/#primaryimage\"},\"thumbnailUrl\":\"https:\/\/elevatesurf.ch\/wp-content\/uploads\/2024\/01\/59109_01.jpg\",\"datePublished\":\"2024-01-15T20:22:29+00:00\",\"dateModified\":\"2026-01-10T08:41:01+00:00\",\"description\":\"Elevatesurf Sac \u00e9tanche clean&amp;dry-system\",\"breadcrumb\":{\"@id\":\"https:\/\/elevatesurf.ch\/product\/sac-etanche-cleandry-system\/#breadcrumb\"},\"inLanguage\":\"fr-FR\",\"potentialAction\":[{\"@type\":\"ReadAction\",\"target\":[\"https:\/\/elevatesurf.ch\/product\/sac-etanche-cleandry-system\/\"]}]},{\"@type\":\"ImageObject\",\"inLanguage\":\"fr-FR\",\"@id\":\"https:\/\/elevatesurf.ch\/product\/sac-etanche-cleandry-system\/#primaryimage\",\"url\":\"https:\/\/elevatesurf.ch\/wp-content\/uploads\/2024\/01\/59109_01.jpg\",\"contentUrl\":\"https:\/\/elevatesurf.ch\/wp-content\/uploads\/2024\/01\/59109_01.jpg\",\"width\":2480,\"height\":2507},{\"@type\":\"BreadcrumbList\",\"@id\":\"https:\/\/elevatesurf.ch\/product\/sac-etanche-cleandry-system\/#breadcrumb\",\"itemListElement\":[{\"@type\":\"ListItem\",\"position\":1,\"name\":\"Accueil\",\"item\":\"https:\/\/elevatesurf.ch\/\"},{\"@type\":\"ListItem\",\"position\":2,\"name\":\"Shop &#8211; \u00c9levez Votre Exp\u00e9rience de Surf avec Notre Collection\",\"item\":\"https:\/\/elevatesurf.ch\/shop\/\"},{\"@type\":\"ListItem\",\"position\":3,\"name\":\"Sac \u00e9tanche clean&amp;dry-system\"}]},{\"@type\":\"WebSite\",\"@id\":\"https:\/\/elevatesurf.ch\/#website\",\"url\":\"https:\/\/elevatesurf.ch\/\",\"name\":\"Elevatesurf\",\"description\":\"Surfez vers de nouveaux sommets avec ElevateSurf ! Kiteshop, Wingshop\",\"publisher\":{\"@id\":\"https:\/\/elevatesurf.ch\/#organization\"},\"potentialAction\":[{\"@type\":\"SearchAction\",\"target\":{\"@type\":\"EntryPoint\",\"urlTemplate\":\"https:\/\/elevatesurf.ch\/?s={search_term_string}\"},\"query-input\":\"required name=search_term_string\"}],\"inLanguage\":\"fr-FR\"},{\"@type\":\"Organization\",\"@id\":\"https:\/\/elevatesurf.ch\/#organization\",\"name\":\"Elevatesurf\",\"url\":\"https:\/\/elevatesurf.ch\/\",\"logo\":{\"@type\":\"ImageObject\",\"inLanguage\":\"fr-FR\",\"@id\":\"https:\/\/elevatesurf.ch\/#\/schema\/logo\/image\/\",\"url\":\"https:\/\/elevatesurf.ch\/wp-content\/uploads\/2024\/06\/67c2ec70-bdf5-4c14-898a-ded5b2051398.jpg\",\"contentUrl\":\"https:\/\/elevatesurf.ch\/wp-content\/uploads\/2024\/06\/67c2ec70-bdf5-4c14-898a-ded5b2051398.jpg\",\"width\":1024,\"height\":1024,\"caption\":\"Elevatesurf\"},\"image\":{\"@id\":\"https:\/\/elevatesurf.ch\/#\/schema\/logo\/image\/\"},\"sameAs\":[\"https:\/\/www.instagram.com\/elevate__surf\/\"]}]}<\/script>\n<!-- \/ Yoast SEO plugin. -->","yoast_head_json":{"title":"Sac \u00e9tanche clean&amp;dry-system - Elevatesurf","description":"Elevatesurf Sac \u00e9tanche clean&amp;dry-system","robots":{"index":"index","follow":"follow","max-snippet":"max-snippet:-1","max-image-preview":"max-image-preview:large","max-video-preview":"max-video-preview:-1"},"canonical":"http:\/\/elevatesurf.ch\/fr\/product\/sac-etanche-cleandry-system\/","og_locale":"fr_FR","og_type":"article","og_title":"Sac \u00e9tanche clean&amp;dry-system - Elevatesurf","og_description":"Elevatesurf Sac \u00e9tanche clean&amp;dry-system","og_url":"http:\/\/elevatesurf.ch\/fr\/product\/sac-etanche-cleandry-system\/","og_site_name":"Elevatesurf","article_modified_time":"2026-01-10T08:41:01+00:00","og_image":[{"width":1013,"height":1024,"url":"https:\/\/elevatesurf.ch\/wp-content\/uploads\/2024\/01\/59109_01-1013x1024.jpg","type":"image\/jpeg"}],"twitter_card":"summary_large_image","schema":{"@context":"https:\/\/schema.org","@graph":[{"@type":["WebPage","ItemPage"],"@id":"https:\/\/elevatesurf.ch\/product\/sac-etanche-cleandry-system\/","url":"https:\/\/elevatesurf.ch\/product\/sac-etanche-cleandry-system\/","name":"Sac \u00e9tanche clean&amp;dry-system - Elevatesurf","isPartOf":{"@id":"https:\/\/elevatesurf.ch\/#website"},"primaryImageOfPage":{"@id":"https:\/\/elevatesurf.ch\/product\/sac-etanche-cleandry-system\/#primaryimage"},"image":{"@id":"https:\/\/elevatesurf.ch\/product\/sac-etanche-cleandry-system\/#primaryimage"},"thumbnailUrl":"https:\/\/elevatesurf.ch\/wp-content\/uploads\/2024\/01\/59109_01.jpg","datePublished":"2024-01-15T20:22:29+00:00","dateModified":"2026-01-10T08:41:01+00:00","description":"Elevatesurf Sac \u00e9tanche clean&amp;dry-system","breadcrumb":{"@id":"https:\/\/elevatesurf.ch\/product\/sac-etanche-cleandry-system\/#breadcrumb"},"inLanguage":"fr-FR","potentialAction":[{"@type":"ReadAction","target":["https:\/\/elevatesurf.ch\/product\/sac-etanche-cleandry-system\/"]}]},{"@type":"ImageObject","inLanguage":"fr-FR","@id":"https:\/\/elevatesurf.ch\/product\/sac-etanche-cleandry-system\/#primaryimage","url":"https:\/\/elevatesurf.ch\/wp-content\/uploads\/2024\/01\/59109_01.jpg","contentUrl":"https:\/\/elevatesurf.ch\/wp-content\/uploads\/2024\/01\/59109_01.jpg","width":2480,"height":2507},{"@type":"BreadcrumbList","@id":"https:\/\/elevatesurf.ch\/product\/sac-etanche-cleandry-system\/#breadcrumb","itemListElement":[{"@type":"ListItem","position":1,"name":"Accueil","item":"https:\/\/elevatesurf.ch\/"},{"@type":"ListItem","position":2,"name":"Shop &#8211; \u00c9levez Votre Exp\u00e9rience de Surf avec Notre Collection","item":"https:\/\/elevatesurf.ch\/shop\/"},{"@type":"ListItem","position":3,"name":"Sac \u00e9tanche clean&amp;dry-system"}]},{"@type":"WebSite","@id":"https:\/\/elevatesurf.ch\/#website","url":"https:\/\/elevatesurf.ch\/","name":"Elevatesurf","description":"Surfez vers de nouveaux sommets avec ElevateSurf ! Kiteshop, Wingshop","publisher":{"@id":"https:\/\/elevatesurf.ch\/#organization"},"potentialAction":[{"@type":"SearchAction","target":{"@type":"EntryPoint","urlTemplate":"https:\/\/elevatesurf.ch\/?s={search_term_string}"},"query-input":"required name=search_term_string"}],"inLanguage":"fr-FR"},{"@type":"Organization","@id":"https:\/\/elevatesurf.ch\/#organization","name":"Elevatesurf","url":"https:\/\/elevatesurf.ch\/","logo":{"@type":"ImageObject","inLanguage":"fr-FR","@id":"https:\/\/elevatesurf.ch\/#\/schema\/logo\/image\/","url":"https:\/\/elevatesurf.ch\/wp-content\/uploads\/2024\/06\/67c2ec70-bdf5-4c14-898a-ded5b2051398.jpg","contentUrl":"https:\/\/elevatesurf.ch\/wp-content\/uploads\/2024\/06\/67c2ec70-bdf5-4c14-898a-ded5b2051398.jpg","width":1024,"height":1024,"caption":"Elevatesurf"},"image":{"@id":"https:\/\/elevatesurf.ch\/#\/schema\/logo\/image\/"},"sameAs":["https:\/\/www.instagram.com\/elevate__surf\/"]}]}},"_links":{"self":[{"href":"http:\/\/elevatesurf.ch\/fr\/wp-json\/wp\/v2\/product\/13185","targetHints":{"allow":["GET"]}}],"collection":[{"href":"http:\/\/elevatesurf.ch\/fr\/wp-json\/wp\/v2\/product"}],"about":[{"href":"http:\/\/elevatesurf.ch\/fr\/wp-json\/wp\/v2\/types\/product"}],"replies":[{"embeddable":true,"href":"http:\/\/elevatesurf.ch\/fr\/wp-json\/wp\/v2\/comments?post=13185"}],"wp:featuredmedia":[{"embeddable":true,"href":"http:\/\/elevatesurf.ch\/fr\/wp-json\/wp\/v2\/media\/13235"}],"wp:attachment":[{"href":"http:\/\/elevatesurf.ch\/fr\/wp-json\/wp\/v2\/media?parent=13185"}],"wp:term":[{"taxonomy":"product_cat","embeddable":true,"href":"http:\/\/elevatesurf.ch\/fr\/wp-json\/wp\/v2\/product_cat?post=13185"},{"taxonomy":"product_tag","embeddable":true,"href":"http:\/\/elevatesurf.ch\/fr\/wp-json\/wp\/v2\/product_tag?post=13185"}],"curies":[{"name":"wp","href":"https:\/\/api.w.org\/{rel}","templated":true}]}}