{"id":13188,"date":"2024-01-15T20:22:30","date_gmt":"2024-01-15T20:22:30","guid":{"rendered":"https:\/\/elevatesurf.ch\/?post_type=product&#038;p=13188"},"modified":"2026-01-10T08:41:28","modified_gmt":"2026-01-10T08:41:28","slug":"sac-de-ceinture-etanche-2l","status":"publish","type":"product","link":"http:\/\/elevatesurf.ch\/fr\/product\/sac-de-ceinture-etanche-2l\/","title":{"rendered":"Sac de ceinture \u00e9tanche 2L"},"content":{"rendered":"\n<p>Le sac de ceinture \u00e9tanche est essentiel pour tout surfeur, pagayeur, p\u00eacheur ou voyageur qui cherche \u00e0 prot\u00e9ger ses essentiels tout en profitant de ses activit\u00e9s quotidiennes ou de ses voyages d\u2019aventure.<\/p>\n\n\n\n<p><strong>Caract\u00e9ristiques :<\/strong><\/p>\n\n\n\n<ul class=\"wp-block-list\">\n<li>Sac 100% \u00e9tanche<\/li>\n\n\n\n<li>Fermeture \u00e9tanche \u00e0 rouleau<\/li>\n\n\n\n<li>Poche ext\u00e9rieure zipp\u00e9e r\u00e9sistante \u00e0 la pluie<\/li>\n\n\n\n<li>Sangles r\u00e9glables<\/li>\n\n\n\n<li>Construction l\u00e9g\u00e8re et durable de haute qualit\u00e9 en TPU<\/li>\n\n\n\n<li>Construction soud\u00e9e \u00e0 haute fr\u00e9quence<\/li>\n\n\n\n<li>Niveau de protection : IP66<\/li>\n<\/ul>\n\n\n\n<p>Taille : 20 x 8 x13 cm \/ 7.8\u2033 x 3.1\u2033 x 5.1\u2033<\/p>\n\n\n\n<p>Capacit\u00e9 : 2L<\/p>\n","protected":false},"excerpt":{"rendered":"<p>Id\u00e9al pour garder et prot\u00e9ger vos essentiels de l\u2019eau<\/p>\n","protected":false},"featured_media":13253,"comment_status":"closed","ping_status":"closed","template":"","meta":[],"product_cat":[114,119],"product_tag":[116],"class_list":{"0":"post-13188","1":"product","2":"type-product","3":"status-publish","4":"has-post-thumbnail","6":"product_cat-accessoires-kitesurf-wingfoil","7":"product_cat-sacs-sac-a-dos-etanches","8":"product_tag-surflogic","9":"product_shipping_class-postpac-economy-jusqua-2-kg","10":"product_brand-surflogic-accessoires-protections-materiel-kitesurf-poncho-sacs-fourres","12":"first","13":"onbackorder","14":"shipping-taxable","15":"purchasable","16":"product-type-variable","17":"has-default-attributes"},"yoast_head":"<!-- This site is optimized with the Yoast SEO plugin v22.8 - https:\/\/yoast.com\/wordpress\/plugins\/seo\/ -->\n<title>Sac de ceinture \u00e9tanche 2L - Elevatesurf<\/title>\n<meta name=\"description\" content=\"Elevatesurf Sac de ceinture \u00e9tanche 2L\" \/>\n<meta name=\"robots\" content=\"index, follow, max-snippet:-1, max-image-preview:large, max-video-preview:-1\" \/>\n<link rel=\"canonical\" href=\"http:\/\/elevatesurf.ch\/fr\/product\/sac-de-ceinture-etanche-2l\/\" \/>\n<meta property=\"og:locale\" content=\"fr_FR\" \/>\n<meta property=\"og:type\" content=\"article\" \/>\n<meta property=\"og:title\" content=\"Sac de ceinture \u00e9tanche 2L - Elevatesurf\" \/>\n<meta property=\"og:description\" content=\"Elevatesurf Sac de ceinture \u00e9tanche 2L\" \/>\n<meta property=\"og:url\" content=\"http:\/\/elevatesurf.ch\/fr\/product\/sac-de-ceinture-etanche-2l\/\" \/>\n<meta property=\"og:site_name\" content=\"Elevatesurf\" \/>\n<meta property=\"article:modified_time\" content=\"2026-01-10T08:41:28+00:00\" \/>\n<meta property=\"og:image\" content=\"https:\/\/elevatesurf.ch\/wp-content\/uploads\/2024\/01\/59080_01-1.jpg\" \/>\n\t<meta property=\"og:image:width\" content=\"2480\" \/>\n\t<meta property=\"og:image:height\" content=\"2507\" \/>\n\t<meta property=\"og:image:type\" content=\"image\/jpeg\" \/>\n<meta name=\"twitter:card\" content=\"summary_large_image\" \/>\n<script type=\"application\/ld+json\" class=\"yoast-schema-graph\">{\"@context\":\"https:\/\/schema.org\",\"@graph\":[{\"@type\":[\"WebPage\",\"ItemPage\"],\"@id\":\"https:\/\/elevatesurf.ch\/product\/sac-de-ceinture-etanche-2l\/\",\"url\":\"https:\/\/elevatesurf.ch\/product\/sac-de-ceinture-etanche-2l\/\",\"name\":\"Sac de ceinture \u00e9tanche 2L - Elevatesurf\",\"isPartOf\":{\"@id\":\"https:\/\/elevatesurf.ch\/#website\"},\"primaryImageOfPage\":{\"@id\":\"https:\/\/elevatesurf.ch\/product\/sac-de-ceinture-etanche-2l\/#primaryimage\"},\"image\":{\"@id\":\"https:\/\/elevatesurf.ch\/product\/sac-de-ceinture-etanche-2l\/#primaryimage\"},\"thumbnailUrl\":\"https:\/\/elevatesurf.ch\/wp-content\/uploads\/2024\/01\/59080_01-1.jpg\",\"datePublished\":\"2024-01-15T20:22:30+00:00\",\"dateModified\":\"2026-01-10T08:41:28+00:00\",\"description\":\"Elevatesurf Sac de ceinture \u00e9tanche 2L\",\"breadcrumb\":{\"@id\":\"https:\/\/elevatesurf.ch\/product\/sac-de-ceinture-etanche-2l\/#breadcrumb\"},\"inLanguage\":\"fr-FR\",\"potentialAction\":[{\"@type\":\"ReadAction\",\"target\":[\"https:\/\/elevatesurf.ch\/product\/sac-de-ceinture-etanche-2l\/\"]}]},{\"@type\":\"ImageObject\",\"inLanguage\":\"fr-FR\",\"@id\":\"https:\/\/elevatesurf.ch\/product\/sac-de-ceinture-etanche-2l\/#primaryimage\",\"url\":\"https:\/\/elevatesurf.ch\/wp-content\/uploads\/2024\/01\/59080_01-1.jpg\",\"contentUrl\":\"https:\/\/elevatesurf.ch\/wp-content\/uploads\/2024\/01\/59080_01-1.jpg\",\"width\":2480,\"height\":2507},{\"@type\":\"BreadcrumbList\",\"@id\":\"https:\/\/elevatesurf.ch\/product\/sac-de-ceinture-etanche-2l\/#breadcrumb\",\"itemListElement\":[{\"@type\":\"ListItem\",\"position\":1,\"name\":\"Accueil\",\"item\":\"https:\/\/elevatesurf.ch\/\"},{\"@type\":\"ListItem\",\"position\":2,\"name\":\"Shop &#8211; \u00c9levez Votre Exp\u00e9rience de Surf avec Notre Collection\",\"item\":\"https:\/\/elevatesurf.ch\/shop\/\"},{\"@type\":\"ListItem\",\"position\":3,\"name\":\"Sac de ceinture \u00e9tanche 2L\"}]},{\"@type\":\"WebSite\",\"@id\":\"https:\/\/elevatesurf.ch\/#website\",\"url\":\"https:\/\/elevatesurf.ch\/\",\"name\":\"Elevatesurf\",\"description\":\"Surfez vers de nouveaux sommets avec ElevateSurf ! Kiteshop, Wingshop\",\"publisher\":{\"@id\":\"https:\/\/elevatesurf.ch\/#organization\"},\"potentialAction\":[{\"@type\":\"SearchAction\",\"target\":{\"@type\":\"EntryPoint\",\"urlTemplate\":\"https:\/\/elevatesurf.ch\/?s={search_term_string}\"},\"query-input\":\"required name=search_term_string\"}],\"inLanguage\":\"fr-FR\"},{\"@type\":\"Organization\",\"@id\":\"https:\/\/elevatesurf.ch\/#organization\",\"name\":\"Elevatesurf\",\"url\":\"https:\/\/elevatesurf.ch\/\",\"logo\":{\"@type\":\"ImageObject\",\"inLanguage\":\"fr-FR\",\"@id\":\"https:\/\/elevatesurf.ch\/#\/schema\/logo\/image\/\",\"url\":\"https:\/\/elevatesurf.ch\/wp-content\/uploads\/2024\/06\/67c2ec70-bdf5-4c14-898a-ded5b2051398.jpg\",\"contentUrl\":\"https:\/\/elevatesurf.ch\/wp-content\/uploads\/2024\/06\/67c2ec70-bdf5-4c14-898a-ded5b2051398.jpg\",\"width\":1024,\"height\":1024,\"caption\":\"Elevatesurf\"},\"image\":{\"@id\":\"https:\/\/elevatesurf.ch\/#\/schema\/logo\/image\/\"},\"sameAs\":[\"https:\/\/www.instagram.com\/elevate__surf\/\"]}]}<\/script>\n<!-- \/ Yoast SEO plugin. -->","yoast_head_json":{"title":"Sac de ceinture \u00e9tanche 2L - Elevatesurf","description":"Elevatesurf Sac de ceinture \u00e9tanche 2L","robots":{"index":"index","follow":"follow","max-snippet":"max-snippet:-1","max-image-preview":"max-image-preview:large","max-video-preview":"max-video-preview:-1"},"canonical":"http:\/\/elevatesurf.ch\/fr\/product\/sac-de-ceinture-etanche-2l\/","og_locale":"fr_FR","og_type":"article","og_title":"Sac de ceinture \u00e9tanche 2L - Elevatesurf","og_description":"Elevatesurf Sac de ceinture \u00e9tanche 2L","og_url":"http:\/\/elevatesurf.ch\/fr\/product\/sac-de-ceinture-etanche-2l\/","og_site_name":"Elevatesurf","article_modified_time":"2026-01-10T08:41:28+00:00","og_image":[{"width":2480,"height":2507,"url":"https:\/\/elevatesurf.ch\/wp-content\/uploads\/2024\/01\/59080_01-1.jpg","type":"image\/jpeg"}],"twitter_card":"summary_large_image","schema":{"@context":"https:\/\/schema.org","@graph":[{"@type":["WebPage","ItemPage"],"@id":"https:\/\/elevatesurf.ch\/product\/sac-de-ceinture-etanche-2l\/","url":"https:\/\/elevatesurf.ch\/product\/sac-de-ceinture-etanche-2l\/","name":"Sac de ceinture \u00e9tanche 2L - Elevatesurf","isPartOf":{"@id":"https:\/\/elevatesurf.ch\/#website"},"primaryImageOfPage":{"@id":"https:\/\/elevatesurf.ch\/product\/sac-de-ceinture-etanche-2l\/#primaryimage"},"image":{"@id":"https:\/\/elevatesurf.ch\/product\/sac-de-ceinture-etanche-2l\/#primaryimage"},"thumbnailUrl":"https:\/\/elevatesurf.ch\/wp-content\/uploads\/2024\/01\/59080_01-1.jpg","datePublished":"2024-01-15T20:22:30+00:00","dateModified":"2026-01-10T08:41:28+00:00","description":"Elevatesurf Sac de ceinture \u00e9tanche 2L","breadcrumb":{"@id":"https:\/\/elevatesurf.ch\/product\/sac-de-ceinture-etanche-2l\/#breadcrumb"},"inLanguage":"fr-FR","potentialAction":[{"@type":"ReadAction","target":["https:\/\/elevatesurf.ch\/product\/sac-de-ceinture-etanche-2l\/"]}]},{"@type":"ImageObject","inLanguage":"fr-FR","@id":"https:\/\/elevatesurf.ch\/product\/sac-de-ceinture-etanche-2l\/#primaryimage","url":"https:\/\/elevatesurf.ch\/wp-content\/uploads\/2024\/01\/59080_01-1.jpg","contentUrl":"https:\/\/elevatesurf.ch\/wp-content\/uploads\/2024\/01\/59080_01-1.jpg","width":2480,"height":2507},{"@type":"BreadcrumbList","@id":"https:\/\/elevatesurf.ch\/product\/sac-de-ceinture-etanche-2l\/#breadcrumb","itemListElement":[{"@type":"ListItem","position":1,"name":"Accueil","item":"https:\/\/elevatesurf.ch\/"},{"@type":"ListItem","position":2,"name":"Shop &#8211; \u00c9levez Votre Exp\u00e9rience de Surf avec Notre Collection","item":"https:\/\/elevatesurf.ch\/shop\/"},{"@type":"ListItem","position":3,"name":"Sac de ceinture \u00e9tanche 2L"}]},{"@type":"WebSite","@id":"https:\/\/elevatesurf.ch\/#website","url":"https:\/\/elevatesurf.ch\/","name":"Elevatesurf","description":"Surfez vers de nouveaux sommets avec ElevateSurf ! Kiteshop, Wingshop","publisher":{"@id":"https:\/\/elevatesurf.ch\/#organization"},"potentialAction":[{"@type":"SearchAction","target":{"@type":"EntryPoint","urlTemplate":"https:\/\/elevatesurf.ch\/?s={search_term_string}"},"query-input":"required name=search_term_string"}],"inLanguage":"fr-FR"},{"@type":"Organization","@id":"https:\/\/elevatesurf.ch\/#organization","name":"Elevatesurf","url":"https:\/\/elevatesurf.ch\/","logo":{"@type":"ImageObject","inLanguage":"fr-FR","@id":"https:\/\/elevatesurf.ch\/#\/schema\/logo\/image\/","url":"https:\/\/elevatesurf.ch\/wp-content\/uploads\/2024\/06\/67c2ec70-bdf5-4c14-898a-ded5b2051398.jpg","contentUrl":"https:\/\/elevatesurf.ch\/wp-content\/uploads\/2024\/06\/67c2ec70-bdf5-4c14-898a-ded5b2051398.jpg","width":1024,"height":1024,"caption":"Elevatesurf"},"image":{"@id":"https:\/\/elevatesurf.ch\/#\/schema\/logo\/image\/"},"sameAs":["https:\/\/www.instagram.com\/elevate__surf\/"]}]}},"_links":{"self":[{"href":"http:\/\/elevatesurf.ch\/fr\/wp-json\/wp\/v2\/product\/13188","targetHints":{"allow":["GET"]}}],"collection":[{"href":"http:\/\/elevatesurf.ch\/fr\/wp-json\/wp\/v2\/product"}],"about":[{"href":"http:\/\/elevatesurf.ch\/fr\/wp-json\/wp\/v2\/types\/product"}],"replies":[{"embeddable":true,"href":"http:\/\/elevatesurf.ch\/fr\/wp-json\/wp\/v2\/comments?post=13188"}],"wp:featuredmedia":[{"embeddable":true,"href":"http:\/\/elevatesurf.ch\/fr\/wp-json\/wp\/v2\/media\/13253"}],"wp:attachment":[{"href":"http:\/\/elevatesurf.ch\/fr\/wp-json\/wp\/v2\/media?parent=13188"}],"wp:term":[{"taxonomy":"product_cat","embeddable":true,"href":"http:\/\/elevatesurf.ch\/fr\/wp-json\/wp\/v2\/product_cat?post=13188"},{"taxonomy":"product_tag","embeddable":true,"href":"http:\/\/elevatesurf.ch\/fr\/wp-json\/wp\/v2\/product_tag?post=13188"}],"curies":[{"name":"wp","href":"https:\/\/api.w.org\/{rel}","templated":true}]}}