{"id":13189,"date":"2024-01-15T20:22:30","date_gmt":"2024-01-15T20:22:30","guid":{"rendered":"https:\/\/elevatesurf.ch\/?post_type=product&#038;p=13189"},"modified":"2026-01-10T08:41:28","modified_gmt":"2026-01-10T08:41:28","slug":"pochette-etanche-smartphone","status":"publish","type":"product","link":"http:\/\/elevatesurf.ch\/fr\/product\/pochette-etanche-smartphone\/","title":{"rendered":"Pochette \u00e9tanche smartphone"},"content":{"rendered":"\n<p>La pochette \u00e9tanche pour smartphone est con\u00e7ue pour utiliser votre smartphone dans l\u2019eau gr\u00e2ce \u00e0 son niveau d\u2019\u00e9tanch\u00e9it\u00e9 IPX8 et son \u00e9cran tactile transparente. Sa fen\u00eatre avant et arri\u00e8re vous permet de prendre des photos et des vid\u00e9os dans l\u2019eau. Il prot\u00e8ge \u00e9galement votre smartphone du sable, de la poussi\u00e8re, etc.<\/p>\n\n\n\n<p><strong>Caract\u00e9ristiques :<\/strong><\/p>\n\n\n\n<ul class=\"wp-block-list\">\n<li>Niveau d\u2019\u00e9tanch\u00e9it\u00e9 IPX8<\/li>\n\n\n\n<li>\u00c9cran tactile transparent<\/li>\n\n\n\n<li>Fermeture \u00e9tanche \u00e0 haute densit\u00e9<\/li>\n\n\n\n<li>Construction soud\u00e9e \u00e0 haute fr\u00e9quence<\/li>\n\n\n\n<li>Sangle de cou ajustable et amovible<\/li>\n\n\n\n<li>Support pour l\u2019identification faciale<\/li>\n\n\n\n<li>\u00c9cran transparente avant et arri\u00e8re pour photos et vid\u00e9os<\/li>\n\n\n\n<li>Capable de faire et prendre des appels t\u00e9l\u00e9phoniques<\/li>\n\n\n\n<li>Mat\u00e9riel : TPU (PVC FREE)<\/li>\n\n\n\n<li>Taille parfaite pour les grands smartphones<\/li>\n<\/ul>\n\n\n\n<p>Convient aux smartphones jusqu\u2019\u00e0 : 75 x 165 mm<\/p>\n","protected":false},"excerpt":{"rendered":"<p>Con\u00e7u pour prot\u00e9ger votre smartphone dans l\u2019eau<\/p>\n","protected":false},"featured_media":13261,"comment_status":"closed","ping_status":"closed","template":"","meta":[],"product_cat":[114,119],"product_tag":[116],"class_list":{"0":"post-13189","1":"product","2":"type-product","3":"status-publish","4":"has-post-thumbnail","6":"product_cat-accessoires-kitesurf-wingfoil","7":"product_cat-sacs-sac-a-dos-etanches","8":"product_tag-surflogic","9":"product_brand-surflogic-accessoires-protections-materiel-kitesurf-poncho-sacs-fourres","11":"first","12":"onbackorder","13":"shipping-taxable","14":"purchasable","15":"product-type-variable","16":"has-default-attributes"},"yoast_head":"<!-- This site is optimized with the Yoast SEO plugin v22.8 - https:\/\/yoast.com\/wordpress\/plugins\/seo\/ -->\n<title>Pochette \u00e9tanche smartphone - Elevatesurf<\/title>\n<meta name=\"description\" content=\"Elevatesurf Pochette \u00e9tanche smartphone\" \/>\n<meta name=\"robots\" content=\"index, follow, max-snippet:-1, max-image-preview:large, max-video-preview:-1\" \/>\n<link rel=\"canonical\" href=\"http:\/\/elevatesurf.ch\/fr\/product\/pochette-etanche-smartphone\/\" \/>\n<meta property=\"og:locale\" content=\"fr_FR\" \/>\n<meta property=\"og:type\" content=\"article\" \/>\n<meta property=\"og:title\" content=\"Pochette \u00e9tanche smartphone - Elevatesurf\" \/>\n<meta property=\"og:description\" content=\"Elevatesurf Pochette \u00e9tanche smartphone\" \/>\n<meta property=\"og:url\" content=\"http:\/\/elevatesurf.ch\/fr\/product\/pochette-etanche-smartphone\/\" \/>\n<meta property=\"og:site_name\" content=\"Elevatesurf\" \/>\n<meta property=\"article:modified_time\" content=\"2026-01-10T08:41:28+00:00\" \/>\n<meta property=\"og:image\" content=\"https:\/\/elevatesurf.ch\/wp-content\/uploads\/2024\/01\/59112_01.jpg\" \/>\n\t<meta property=\"og:image:width\" content=\"2480\" \/>\n\t<meta property=\"og:image:height\" content=\"2507\" \/>\n\t<meta property=\"og:image:type\" content=\"image\/jpeg\" \/>\n<meta name=\"twitter:card\" content=\"summary_large_image\" \/>\n<meta name=\"twitter:label1\" content=\"Dur\u00e9e de lecture estim\u00e9e\" \/>\n\t<meta name=\"twitter:data1\" content=\"1 minute\" \/>\n<script type=\"application\/ld+json\" class=\"yoast-schema-graph\">{\"@context\":\"https:\/\/schema.org\",\"@graph\":[{\"@type\":[\"WebPage\",\"ItemPage\"],\"@id\":\"https:\/\/elevatesurf.ch\/product\/pochette-etanche-smartphone\/\",\"url\":\"https:\/\/elevatesurf.ch\/product\/pochette-etanche-smartphone\/\",\"name\":\"Pochette \u00e9tanche smartphone - Elevatesurf\",\"isPartOf\":{\"@id\":\"https:\/\/elevatesurf.ch\/#website\"},\"primaryImageOfPage\":{\"@id\":\"https:\/\/elevatesurf.ch\/product\/pochette-etanche-smartphone\/#primaryimage\"},\"image\":{\"@id\":\"https:\/\/elevatesurf.ch\/product\/pochette-etanche-smartphone\/#primaryimage\"},\"thumbnailUrl\":\"https:\/\/elevatesurf.ch\/wp-content\/uploads\/2024\/01\/59112_01.jpg\",\"datePublished\":\"2024-01-15T20:22:30+00:00\",\"dateModified\":\"2026-01-10T08:41:28+00:00\",\"description\":\"Elevatesurf Pochette \u00e9tanche smartphone\",\"breadcrumb\":{\"@id\":\"https:\/\/elevatesurf.ch\/product\/pochette-etanche-smartphone\/#breadcrumb\"},\"inLanguage\":\"fr-FR\",\"potentialAction\":[{\"@type\":\"ReadAction\",\"target\":[\"https:\/\/elevatesurf.ch\/product\/pochette-etanche-smartphone\/\"]}]},{\"@type\":\"ImageObject\",\"inLanguage\":\"fr-FR\",\"@id\":\"https:\/\/elevatesurf.ch\/product\/pochette-etanche-smartphone\/#primaryimage\",\"url\":\"https:\/\/elevatesurf.ch\/wp-content\/uploads\/2024\/01\/59112_01.jpg\",\"contentUrl\":\"https:\/\/elevatesurf.ch\/wp-content\/uploads\/2024\/01\/59112_01.jpg\",\"width\":2480,\"height\":2507},{\"@type\":\"BreadcrumbList\",\"@id\":\"https:\/\/elevatesurf.ch\/product\/pochette-etanche-smartphone\/#breadcrumb\",\"itemListElement\":[{\"@type\":\"ListItem\",\"position\":1,\"name\":\"Accueil\",\"item\":\"https:\/\/elevatesurf.ch\/\"},{\"@type\":\"ListItem\",\"position\":2,\"name\":\"Shop &#8211; \u00c9levez Votre Exp\u00e9rience de Surf avec Notre Collection\",\"item\":\"https:\/\/elevatesurf.ch\/shop\/\"},{\"@type\":\"ListItem\",\"position\":3,\"name\":\"Pochette \u00e9tanche smartphone\"}]},{\"@type\":\"WebSite\",\"@id\":\"https:\/\/elevatesurf.ch\/#website\",\"url\":\"https:\/\/elevatesurf.ch\/\",\"name\":\"Elevatesurf\",\"description\":\"Surfez vers de nouveaux sommets avec ElevateSurf ! Kiteshop, Wingshop\",\"publisher\":{\"@id\":\"https:\/\/elevatesurf.ch\/#organization\"},\"potentialAction\":[{\"@type\":\"SearchAction\",\"target\":{\"@type\":\"EntryPoint\",\"urlTemplate\":\"https:\/\/elevatesurf.ch\/?s={search_term_string}\"},\"query-input\":\"required name=search_term_string\"}],\"inLanguage\":\"fr-FR\"},{\"@type\":\"Organization\",\"@id\":\"https:\/\/elevatesurf.ch\/#organization\",\"name\":\"Elevatesurf\",\"url\":\"https:\/\/elevatesurf.ch\/\",\"logo\":{\"@type\":\"ImageObject\",\"inLanguage\":\"fr-FR\",\"@id\":\"https:\/\/elevatesurf.ch\/#\/schema\/logo\/image\/\",\"url\":\"https:\/\/elevatesurf.ch\/wp-content\/uploads\/2024\/06\/67c2ec70-bdf5-4c14-898a-ded5b2051398.jpg\",\"contentUrl\":\"https:\/\/elevatesurf.ch\/wp-content\/uploads\/2024\/06\/67c2ec70-bdf5-4c14-898a-ded5b2051398.jpg\",\"width\":1024,\"height\":1024,\"caption\":\"Elevatesurf\"},\"image\":{\"@id\":\"https:\/\/elevatesurf.ch\/#\/schema\/logo\/image\/\"},\"sameAs\":[\"https:\/\/www.instagram.com\/elevate__surf\/\"]}]}<\/script>\n<!-- \/ Yoast SEO plugin. -->","yoast_head_json":{"title":"Pochette \u00e9tanche smartphone - Elevatesurf","description":"Elevatesurf Pochette \u00e9tanche smartphone","robots":{"index":"index","follow":"follow","max-snippet":"max-snippet:-1","max-image-preview":"max-image-preview:large","max-video-preview":"max-video-preview:-1"},"canonical":"http:\/\/elevatesurf.ch\/fr\/product\/pochette-etanche-smartphone\/","og_locale":"fr_FR","og_type":"article","og_title":"Pochette \u00e9tanche smartphone - Elevatesurf","og_description":"Elevatesurf Pochette \u00e9tanche smartphone","og_url":"http:\/\/elevatesurf.ch\/fr\/product\/pochette-etanche-smartphone\/","og_site_name":"Elevatesurf","article_modified_time":"2026-01-10T08:41:28+00:00","og_image":[{"width":2480,"height":2507,"url":"https:\/\/elevatesurf.ch\/wp-content\/uploads\/2024\/01\/59112_01.jpg","type":"image\/jpeg"}],"twitter_card":"summary_large_image","twitter_misc":{"Dur\u00e9e de lecture estim\u00e9e":"1 minute"},"schema":{"@context":"https:\/\/schema.org","@graph":[{"@type":["WebPage","ItemPage"],"@id":"https:\/\/elevatesurf.ch\/product\/pochette-etanche-smartphone\/","url":"https:\/\/elevatesurf.ch\/product\/pochette-etanche-smartphone\/","name":"Pochette \u00e9tanche smartphone - Elevatesurf","isPartOf":{"@id":"https:\/\/elevatesurf.ch\/#website"},"primaryImageOfPage":{"@id":"https:\/\/elevatesurf.ch\/product\/pochette-etanche-smartphone\/#primaryimage"},"image":{"@id":"https:\/\/elevatesurf.ch\/product\/pochette-etanche-smartphone\/#primaryimage"},"thumbnailUrl":"https:\/\/elevatesurf.ch\/wp-content\/uploads\/2024\/01\/59112_01.jpg","datePublished":"2024-01-15T20:22:30+00:00","dateModified":"2026-01-10T08:41:28+00:00","description":"Elevatesurf Pochette \u00e9tanche smartphone","breadcrumb":{"@id":"https:\/\/elevatesurf.ch\/product\/pochette-etanche-smartphone\/#breadcrumb"},"inLanguage":"fr-FR","potentialAction":[{"@type":"ReadAction","target":["https:\/\/elevatesurf.ch\/product\/pochette-etanche-smartphone\/"]}]},{"@type":"ImageObject","inLanguage":"fr-FR","@id":"https:\/\/elevatesurf.ch\/product\/pochette-etanche-smartphone\/#primaryimage","url":"https:\/\/elevatesurf.ch\/wp-content\/uploads\/2024\/01\/59112_01.jpg","contentUrl":"https:\/\/elevatesurf.ch\/wp-content\/uploads\/2024\/01\/59112_01.jpg","width":2480,"height":2507},{"@type":"BreadcrumbList","@id":"https:\/\/elevatesurf.ch\/product\/pochette-etanche-smartphone\/#breadcrumb","itemListElement":[{"@type":"ListItem","position":1,"name":"Accueil","item":"https:\/\/elevatesurf.ch\/"},{"@type":"ListItem","position":2,"name":"Shop &#8211; \u00c9levez Votre Exp\u00e9rience de Surf avec Notre Collection","item":"https:\/\/elevatesurf.ch\/shop\/"},{"@type":"ListItem","position":3,"name":"Pochette \u00e9tanche smartphone"}]},{"@type":"WebSite","@id":"https:\/\/elevatesurf.ch\/#website","url":"https:\/\/elevatesurf.ch\/","name":"Elevatesurf","description":"Surfez vers de nouveaux sommets avec ElevateSurf ! Kiteshop, Wingshop","publisher":{"@id":"https:\/\/elevatesurf.ch\/#organization"},"potentialAction":[{"@type":"SearchAction","target":{"@type":"EntryPoint","urlTemplate":"https:\/\/elevatesurf.ch\/?s={search_term_string}"},"query-input":"required name=search_term_string"}],"inLanguage":"fr-FR"},{"@type":"Organization","@id":"https:\/\/elevatesurf.ch\/#organization","name":"Elevatesurf","url":"https:\/\/elevatesurf.ch\/","logo":{"@type":"ImageObject","inLanguage":"fr-FR","@id":"https:\/\/elevatesurf.ch\/#\/schema\/logo\/image\/","url":"https:\/\/elevatesurf.ch\/wp-content\/uploads\/2024\/06\/67c2ec70-bdf5-4c14-898a-ded5b2051398.jpg","contentUrl":"https:\/\/elevatesurf.ch\/wp-content\/uploads\/2024\/06\/67c2ec70-bdf5-4c14-898a-ded5b2051398.jpg","width":1024,"height":1024,"caption":"Elevatesurf"},"image":{"@id":"https:\/\/elevatesurf.ch\/#\/schema\/logo\/image\/"},"sameAs":["https:\/\/www.instagram.com\/elevate__surf\/"]}]}},"_links":{"self":[{"href":"http:\/\/elevatesurf.ch\/fr\/wp-json\/wp\/v2\/product\/13189","targetHints":{"allow":["GET"]}}],"collection":[{"href":"http:\/\/elevatesurf.ch\/fr\/wp-json\/wp\/v2\/product"}],"about":[{"href":"http:\/\/elevatesurf.ch\/fr\/wp-json\/wp\/v2\/types\/product"}],"replies":[{"embeddable":true,"href":"http:\/\/elevatesurf.ch\/fr\/wp-json\/wp\/v2\/comments?post=13189"}],"wp:featuredmedia":[{"embeddable":true,"href":"http:\/\/elevatesurf.ch\/fr\/wp-json\/wp\/v2\/media\/13261"}],"wp:attachment":[{"href":"http:\/\/elevatesurf.ch\/fr\/wp-json\/wp\/v2\/media?parent=13189"}],"wp:term":[{"taxonomy":"product_cat","embeddable":true,"href":"http:\/\/elevatesurf.ch\/fr\/wp-json\/wp\/v2\/product_cat?post=13189"},{"taxonomy":"product_tag","embeddable":true,"href":"http:\/\/elevatesurf.ch\/fr\/wp-json\/wp\/v2\/product_tag?post=13189"}],"curies":[{"name":"wp","href":"https:\/\/api.w.org\/{rel}","templated":true}]}}