{"id":13247,"date":"2024-01-15T20:26:07","date_gmt":"2024-01-15T20:26:07","guid":{"rendered":"https:\/\/elevatesurf.ch\/?post_type=product&#038;p=13247"},"modified":"2026-01-10T08:41:27","modified_gmt":"2026-01-10T08:41:27","slug":"housse-daylight-longboard-86-96","status":"publish","type":"product","link":"http:\/\/elevatesurf.ch\/fr\/product\/housse-daylight-longboard-86-96\/","title":{"rendered":"Housse daylight longboard 8\u20196 &#8211; 9\u20196"},"content":{"rendered":"\n<ul class=\"wp-block-list\">\n<li>Rembourrage haute densit\u00e9 de 5 mm<\/li>\n\n\n\n<li>Tissu durable en 600D<\/li>\n\n\n\n<li>B\u00e2che de protection argent\u00e9e contre la chaleur<\/li>\n\n\n\n<li>Pointe renforc\u00e9e<\/li>\n\n\n\n<li>Bandouli\u00e8re rembourr\u00e9e d\u00e9tachable et r\u00e9glable<\/li>\n\n\n\n<li>Poign\u00e9e de transport rembourr\u00e9e<\/li>\n\n\n\n<li>B\u00e2che int\u00e9rieure imperm\u00e9able \u00e0 l\u2019eau et \u00e0 la wax<\/li>\n\n\n\n<li>Pochette de rangement interne avec velcro<\/li>\n\n\n\n<li>Fermetures \u00e9clair r\u00e9sistantes \u00e0 la corrosion<\/li>\n<\/ul>\n\n\n\n<p>Dimensions : 9\u20196\u2033<\/p>\n\n\n\n<p>Couleur : noir<\/p>\n","protected":false},"excerpt":{"rendered":"<p>Prot\u00e8ge votre planche de surf du sable, de la poussi\u00e8re, du soleil et de la wax et votre voiture de la wax.<\/p>\n","protected":false},"featured_media":13354,"comment_status":"closed","ping_status":"closed","template":"","meta":[],"product_cat":[114,133],"product_tag":[116],"class_list":{"0":"post-13247","1":"product","2":"type-product","3":"status-publish","4":"has-post-thumbnail","6":"product_cat-accessoires-kitesurf-wingfoil","7":"product_cat-housse-daylight","8":"product_tag-surflogic","9":"product_shipping_class-postpac-economy-jusqua-10kg","10":"product_brand-surflogic-accessoires-protections-materiel-kitesurf-poncho-sacs-fourres","12":"first","13":"onbackorder","14":"shipping-taxable","15":"purchasable","16":"product-type-variable","17":"has-default-attributes"},"yoast_head":"<!-- This site is optimized with the Yoast SEO plugin v22.8 - https:\/\/yoast.com\/wordpress\/plugins\/seo\/ -->\n<title>Housse daylight longboard 8\u20196 - 9\u20196 - Elevatesurf<\/title>\n<meta name=\"description\" content=\"Elevatesurf Housse daylight longboard 8\u20196 - 9\u20196\" \/>\n<meta name=\"robots\" content=\"index, follow, max-snippet:-1, max-image-preview:large, max-video-preview:-1\" \/>\n<link rel=\"canonical\" href=\"http:\/\/elevatesurf.ch\/fr\/product\/housse-daylight-longboard-86-96\/\" \/>\n<meta property=\"og:locale\" content=\"fr_FR\" \/>\n<meta property=\"og:type\" content=\"article\" \/>\n<meta property=\"og:title\" content=\"Housse daylight longboard 8\u20196 - 9\u20196 - Elevatesurf\" \/>\n<meta property=\"og:description\" content=\"Elevatesurf Housse daylight longboard 8\u20196 - 9\u20196\" \/>\n<meta property=\"og:url\" content=\"http:\/\/elevatesurf.ch\/fr\/product\/housse-daylight-longboard-86-96\/\" \/>\n<meta property=\"og:site_name\" content=\"Elevatesurf\" \/>\n<meta property=\"article:modified_time\" content=\"2026-01-10T08:41:27+00:00\" \/>\n<meta property=\"og:image\" content=\"https:\/\/elevatesurf.ch\/wp-content\/uploads\/2024\/01\/59615-18.jpg\" \/>\n\t<meta property=\"og:image:width\" content=\"2480\" \/>\n\t<meta property=\"og:image:height\" content=\"2507\" \/>\n\t<meta property=\"og:image:type\" content=\"image\/jpeg\" \/>\n<meta name=\"twitter:card\" content=\"summary_large_image\" \/>\n<script type=\"application\/ld+json\" class=\"yoast-schema-graph\">{\"@context\":\"https:\/\/schema.org\",\"@graph\":[{\"@type\":[\"WebPage\",\"ItemPage\"],\"@id\":\"https:\/\/elevatesurf.ch\/product\/housse-daylight-longboard-86-96\/\",\"url\":\"https:\/\/elevatesurf.ch\/product\/housse-daylight-longboard-86-96\/\",\"name\":\"Housse daylight longboard 8\u20196 - 9\u20196 - Elevatesurf\",\"isPartOf\":{\"@id\":\"https:\/\/elevatesurf.ch\/#website\"},\"primaryImageOfPage\":{\"@id\":\"https:\/\/elevatesurf.ch\/product\/housse-daylight-longboard-86-96\/#primaryimage\"},\"image\":{\"@id\":\"https:\/\/elevatesurf.ch\/product\/housse-daylight-longboard-86-96\/#primaryimage\"},\"thumbnailUrl\":\"https:\/\/elevatesurf.ch\/wp-content\/uploads\/2024\/01\/59615-18.jpg\",\"datePublished\":\"2024-01-15T20:26:07+00:00\",\"dateModified\":\"2026-01-10T08:41:27+00:00\",\"description\":\"Elevatesurf Housse daylight longboard 8\u20196 - 9\u20196\",\"breadcrumb\":{\"@id\":\"https:\/\/elevatesurf.ch\/product\/housse-daylight-longboard-86-96\/#breadcrumb\"},\"inLanguage\":\"fr-FR\",\"potentialAction\":[{\"@type\":\"ReadAction\",\"target\":[\"https:\/\/elevatesurf.ch\/product\/housse-daylight-longboard-86-96\/\"]}]},{\"@type\":\"ImageObject\",\"inLanguage\":\"fr-FR\",\"@id\":\"https:\/\/elevatesurf.ch\/product\/housse-daylight-longboard-86-96\/#primaryimage\",\"url\":\"https:\/\/elevatesurf.ch\/wp-content\/uploads\/2024\/01\/59615-18.jpg\",\"contentUrl\":\"https:\/\/elevatesurf.ch\/wp-content\/uploads\/2024\/01\/59615-18.jpg\",\"width\":2480,\"height\":2507},{\"@type\":\"BreadcrumbList\",\"@id\":\"https:\/\/elevatesurf.ch\/product\/housse-daylight-longboard-86-96\/#breadcrumb\",\"itemListElement\":[{\"@type\":\"ListItem\",\"position\":1,\"name\":\"Accueil\",\"item\":\"https:\/\/elevatesurf.ch\/\"},{\"@type\":\"ListItem\",\"position\":2,\"name\":\"Shop &#8211; \u00c9levez Votre Exp\u00e9rience de Surf avec Notre Collection\",\"item\":\"https:\/\/elevatesurf.ch\/shop\/\"},{\"@type\":\"ListItem\",\"position\":3,\"name\":\"Housse daylight longboard 8\u20196 &#8211; 9\u20196\"}]},{\"@type\":\"WebSite\",\"@id\":\"https:\/\/elevatesurf.ch\/#website\",\"url\":\"https:\/\/elevatesurf.ch\/\",\"name\":\"Elevatesurf\",\"description\":\"Surfez vers de nouveaux sommets avec ElevateSurf ! Kiteshop, Wingshop\",\"publisher\":{\"@id\":\"https:\/\/elevatesurf.ch\/#organization\"},\"potentialAction\":[{\"@type\":\"SearchAction\",\"target\":{\"@type\":\"EntryPoint\",\"urlTemplate\":\"https:\/\/elevatesurf.ch\/?s={search_term_string}\"},\"query-input\":\"required name=search_term_string\"}],\"inLanguage\":\"fr-FR\"},{\"@type\":\"Organization\",\"@id\":\"https:\/\/elevatesurf.ch\/#organization\",\"name\":\"Elevatesurf\",\"url\":\"https:\/\/elevatesurf.ch\/\",\"logo\":{\"@type\":\"ImageObject\",\"inLanguage\":\"fr-FR\",\"@id\":\"https:\/\/elevatesurf.ch\/#\/schema\/logo\/image\/\",\"url\":\"https:\/\/elevatesurf.ch\/wp-content\/uploads\/2024\/06\/67c2ec70-bdf5-4c14-898a-ded5b2051398.jpg\",\"contentUrl\":\"https:\/\/elevatesurf.ch\/wp-content\/uploads\/2024\/06\/67c2ec70-bdf5-4c14-898a-ded5b2051398.jpg\",\"width\":1024,\"height\":1024,\"caption\":\"Elevatesurf\"},\"image\":{\"@id\":\"https:\/\/elevatesurf.ch\/#\/schema\/logo\/image\/\"},\"sameAs\":[\"https:\/\/www.instagram.com\/elevate__surf\/\"]}]}<\/script>\n<!-- \/ Yoast SEO plugin. -->","yoast_head_json":{"title":"Housse daylight longboard 8\u20196 - 9\u20196 - Elevatesurf","description":"Elevatesurf Housse daylight longboard 8\u20196 - 9\u20196","robots":{"index":"index","follow":"follow","max-snippet":"max-snippet:-1","max-image-preview":"max-image-preview:large","max-video-preview":"max-video-preview:-1"},"canonical":"http:\/\/elevatesurf.ch\/fr\/product\/housse-daylight-longboard-86-96\/","og_locale":"fr_FR","og_type":"article","og_title":"Housse daylight longboard 8\u20196 - 9\u20196 - Elevatesurf","og_description":"Elevatesurf Housse daylight longboard 8\u20196 - 9\u20196","og_url":"http:\/\/elevatesurf.ch\/fr\/product\/housse-daylight-longboard-86-96\/","og_site_name":"Elevatesurf","article_modified_time":"2026-01-10T08:41:27+00:00","og_image":[{"width":2480,"height":2507,"url":"https:\/\/elevatesurf.ch\/wp-content\/uploads\/2024\/01\/59615-18.jpg","type":"image\/jpeg"}],"twitter_card":"summary_large_image","schema":{"@context":"https:\/\/schema.org","@graph":[{"@type":["WebPage","ItemPage"],"@id":"https:\/\/elevatesurf.ch\/product\/housse-daylight-longboard-86-96\/","url":"https:\/\/elevatesurf.ch\/product\/housse-daylight-longboard-86-96\/","name":"Housse daylight longboard 8\u20196 - 9\u20196 - Elevatesurf","isPartOf":{"@id":"https:\/\/elevatesurf.ch\/#website"},"primaryImageOfPage":{"@id":"https:\/\/elevatesurf.ch\/product\/housse-daylight-longboard-86-96\/#primaryimage"},"image":{"@id":"https:\/\/elevatesurf.ch\/product\/housse-daylight-longboard-86-96\/#primaryimage"},"thumbnailUrl":"https:\/\/elevatesurf.ch\/wp-content\/uploads\/2024\/01\/59615-18.jpg","datePublished":"2024-01-15T20:26:07+00:00","dateModified":"2026-01-10T08:41:27+00:00","description":"Elevatesurf Housse daylight longboard 8\u20196 - 9\u20196","breadcrumb":{"@id":"https:\/\/elevatesurf.ch\/product\/housse-daylight-longboard-86-96\/#breadcrumb"},"inLanguage":"fr-FR","potentialAction":[{"@type":"ReadAction","target":["https:\/\/elevatesurf.ch\/product\/housse-daylight-longboard-86-96\/"]}]},{"@type":"ImageObject","inLanguage":"fr-FR","@id":"https:\/\/elevatesurf.ch\/product\/housse-daylight-longboard-86-96\/#primaryimage","url":"https:\/\/elevatesurf.ch\/wp-content\/uploads\/2024\/01\/59615-18.jpg","contentUrl":"https:\/\/elevatesurf.ch\/wp-content\/uploads\/2024\/01\/59615-18.jpg","width":2480,"height":2507},{"@type":"BreadcrumbList","@id":"https:\/\/elevatesurf.ch\/product\/housse-daylight-longboard-86-96\/#breadcrumb","itemListElement":[{"@type":"ListItem","position":1,"name":"Accueil","item":"https:\/\/elevatesurf.ch\/"},{"@type":"ListItem","position":2,"name":"Shop &#8211; \u00c9levez Votre Exp\u00e9rience de Surf avec Notre Collection","item":"https:\/\/elevatesurf.ch\/shop\/"},{"@type":"ListItem","position":3,"name":"Housse daylight longboard 8\u20196 &#8211; 9\u20196"}]},{"@type":"WebSite","@id":"https:\/\/elevatesurf.ch\/#website","url":"https:\/\/elevatesurf.ch\/","name":"Elevatesurf","description":"Surfez vers de nouveaux sommets avec ElevateSurf ! Kiteshop, Wingshop","publisher":{"@id":"https:\/\/elevatesurf.ch\/#organization"},"potentialAction":[{"@type":"SearchAction","target":{"@type":"EntryPoint","urlTemplate":"https:\/\/elevatesurf.ch\/?s={search_term_string}"},"query-input":"required name=search_term_string"}],"inLanguage":"fr-FR"},{"@type":"Organization","@id":"https:\/\/elevatesurf.ch\/#organization","name":"Elevatesurf","url":"https:\/\/elevatesurf.ch\/","logo":{"@type":"ImageObject","inLanguage":"fr-FR","@id":"https:\/\/elevatesurf.ch\/#\/schema\/logo\/image\/","url":"https:\/\/elevatesurf.ch\/wp-content\/uploads\/2024\/06\/67c2ec70-bdf5-4c14-898a-ded5b2051398.jpg","contentUrl":"https:\/\/elevatesurf.ch\/wp-content\/uploads\/2024\/06\/67c2ec70-bdf5-4c14-898a-ded5b2051398.jpg","width":1024,"height":1024,"caption":"Elevatesurf"},"image":{"@id":"https:\/\/elevatesurf.ch\/#\/schema\/logo\/image\/"},"sameAs":["https:\/\/www.instagram.com\/elevate__surf\/"]}]}},"_links":{"self":[{"href":"http:\/\/elevatesurf.ch\/fr\/wp-json\/wp\/v2\/product\/13247","targetHints":{"allow":["GET"]}}],"collection":[{"href":"http:\/\/elevatesurf.ch\/fr\/wp-json\/wp\/v2\/product"}],"about":[{"href":"http:\/\/elevatesurf.ch\/fr\/wp-json\/wp\/v2\/types\/product"}],"replies":[{"embeddable":true,"href":"http:\/\/elevatesurf.ch\/fr\/wp-json\/wp\/v2\/comments?post=13247"}],"wp:featuredmedia":[{"embeddable":true,"href":"http:\/\/elevatesurf.ch\/fr\/wp-json\/wp\/v2\/media\/13354"}],"wp:attachment":[{"href":"http:\/\/elevatesurf.ch\/fr\/wp-json\/wp\/v2\/media?parent=13247"}],"wp:term":[{"taxonomy":"product_cat","embeddable":true,"href":"http:\/\/elevatesurf.ch\/fr\/wp-json\/wp\/v2\/product_cat?post=13247"},{"taxonomy":"product_tag","embeddable":true,"href":"http:\/\/elevatesurf.ch\/fr\/wp-json\/wp\/v2\/product_tag?post=13247"}],"curies":[{"name":"wp","href":"https:\/\/api.w.org\/{rel}","templated":true}]}}