{"id":16833,"date":"2024-08-07T05:48:47","date_gmt":"2024-08-07T05:48:47","guid":{"rendered":"https:\/\/elevatesurf.ch\/?post_type=product&#038;p=16833"},"modified":"2026-01-10T08:41:13","modified_gmt":"2026-01-10T08:41:13","slug":"housse-neoprene-siege-voiture","status":"publish","type":"product","link":"http:\/\/elevatesurf.ch\/fr\/product\/housse-neoprene-siege-voiture\/","title":{"rendered":"Housse n\u00e9opr\u00e8ne si\u00e8ge voiture"},"content":{"rendered":"\r\n<p>Protection pour votre si\u00e8ge voiture<\/p>\r\n\r\n\r\n\r\n<figure class=\"wp-block-video\"><\/figure>\r\n\r\n\r\n\r\n<h3 class=\"p1 wp-block-heading\"><span class=\"s1\"><b>Caract\u00e9ristiques housse n\u00e9opr\u00e8ne si\u00e8ge voiture<\/b><\/span><\/h3>\r\n<ul>\r\n<li class=\"p2\"><span class=\"s1\">N\u00e9opr\u00e8ne\u00a0<\/span>r\u00e9sistant \u00e0 l\u2019eau<\/li>\r\n<li class=\"p2\">Prot\u00e8ge les si\u00e8ges de voiture de l\u2019eau, du sable, de la nourriture,<span class=\"Apple-converted-space\">\u00a0\u00a0<\/span>etc<\/li>\r\n<li class=\"p2\">Mod\u00e8le qui convient pour la plupart des si\u00e8ges avant voiture ou camionnette<\/li>\r\n<li class=\"p2\">Facile \u00e0 mettre en place<\/li>\r\n<li class=\"p2\">Sangle r\u00e9glable avec boucle pour fixer autour du si\u00e8ge<\/li>\r\n<\/ul>\r\n<p>Dimensions: 55 x 140 cm \/ 21.65\u2033 x 55.11\u2033<\/p>\r\n<p>Couleur: noir<\/p>\r\n<h3 class=\"p1\"><span class=\"s1\"><b>Recommand\u00e9 pour<\/b><\/span><\/h3>\r\n<p class=\"p2\"><span class=\"s1\">Recommand\u00e9 pour le surf, SUP, Windsurf, Kitesurf,, Scubadiving, Kayak, Canyoning, Wakeboarding et tout autre sport de plein air.<\/span><\/p>\r\n<p><em>R\u00e9sistant \u00e0 l\u2019eau dans des conditions normales d\u2019utilisation. Pour une utilisation continue au contact de l\u2019eau, v\u00e9rifier la r\u00e9sistance \u00e0 l\u2019eau pour \u00e9viter de mouiller les si\u00e8ges.<\/em><\/p>\r\n<p><em>Pour v\u00e9rifier la compatibilit\u00e9 des airbags des si\u00e8ges lat\u00e9raux avec nos housses de si\u00e8ge, vous devez vous renseigner aupr\u00e8s du fabricant du v\u00e9hicule.<\/em><\/p>\r\n","protected":false},"excerpt":{"rendered":"<p>Protection pour votre si\u00e8ge voiture<\/p>\n","protected":false},"featured_media":16837,"comment_status":"closed","ping_status":"closed","template":"","meta":[],"product_cat":[114,120],"product_tag":[116],"class_list":{"0":"post-16833","1":"product","2":"type-product","3":"status-publish","4":"has-post-thumbnail","6":"product_cat-accessoires-kitesurf-wingfoil","7":"product_cat-housses-siege-voiture","8":"product_tag-surflogic","9":"product_shipping_class-postpac-economy-jusqua-2-kg","10":"product_brand-surflogic-accessoires-protections-materiel-kitesurf-poncho-sacs-fourres","12":"first","13":"instock","14":"shipping-taxable","15":"purchasable","16":"product-type-simple"},"yoast_head":"<!-- This site is optimized with the Yoast SEO plugin v22.8 - https:\/\/yoast.com\/wordpress\/plugins\/seo\/ -->\n<title>Housse n\u00e9opr\u00e8ne si\u00e8ge voiture - Elevatesurf<\/title>\n<meta name=\"description\" content=\"Elevatesurf Housse n\u00e9opr\u00e8ne si\u00e8ge voiture\" \/>\n<meta name=\"robots\" content=\"index, follow, max-snippet:-1, max-image-preview:large, max-video-preview:-1\" \/>\n<link rel=\"canonical\" href=\"http:\/\/elevatesurf.ch\/fr\/product\/housse-neoprene-siege-voiture\/\" \/>\n<meta property=\"og:locale\" content=\"fr_FR\" \/>\n<meta property=\"og:type\" content=\"article\" \/>\n<meta property=\"og:title\" content=\"Housse n\u00e9opr\u00e8ne si\u00e8ge voiture - Elevatesurf\" \/>\n<meta property=\"og:description\" content=\"Elevatesurf Housse n\u00e9opr\u00e8ne si\u00e8ge voiture\" \/>\n<meta property=\"og:url\" content=\"http:\/\/elevatesurf.ch\/fr\/product\/housse-neoprene-siege-voiture\/\" \/>\n<meta property=\"og:site_name\" content=\"Elevatesurf\" \/>\n<meta property=\"article:modified_time\" content=\"2026-01-10T08:41:13+00:00\" \/>\n<meta property=\"og:image\" content=\"https:\/\/elevatesurf.ch\/wp-content\/uploads\/2024\/08\/59117_1.jpg\" \/>\n\t<meta property=\"og:image:width\" content=\"2480\" \/>\n\t<meta property=\"og:image:height\" content=\"2507\" \/>\n\t<meta property=\"og:image:type\" content=\"image\/jpeg\" \/>\n<meta name=\"twitter:card\" content=\"summary_large_image\" \/>\n<meta name=\"twitter:label1\" content=\"Dur\u00e9e de lecture estim\u00e9e\" \/>\n\t<meta name=\"twitter:data1\" content=\"1 minute\" \/>\n<script type=\"application\/ld+json\" class=\"yoast-schema-graph\">{\"@context\":\"https:\/\/schema.org\",\"@graph\":[{\"@type\":[\"WebPage\",\"ItemPage\"],\"@id\":\"https:\/\/elevatesurf.ch\/product\/housse-neoprene-siege-voiture\/\",\"url\":\"https:\/\/elevatesurf.ch\/product\/housse-neoprene-siege-voiture\/\",\"name\":\"Housse n\u00e9opr\u00e8ne si\u00e8ge voiture - Elevatesurf\",\"isPartOf\":{\"@id\":\"https:\/\/elevatesurf.ch\/#website\"},\"primaryImageOfPage\":{\"@id\":\"https:\/\/elevatesurf.ch\/product\/housse-neoprene-siege-voiture\/#primaryimage\"},\"image\":{\"@id\":\"https:\/\/elevatesurf.ch\/product\/housse-neoprene-siege-voiture\/#primaryimage\"},\"thumbnailUrl\":\"https:\/\/elevatesurf.ch\/wp-content\/uploads\/2024\/08\/59117_1.jpg\",\"datePublished\":\"2024-08-07T05:48:47+00:00\",\"dateModified\":\"2026-01-10T08:41:13+00:00\",\"description\":\"Elevatesurf Housse n\u00e9opr\u00e8ne si\u00e8ge voiture\",\"breadcrumb\":{\"@id\":\"https:\/\/elevatesurf.ch\/product\/housse-neoprene-siege-voiture\/#breadcrumb\"},\"inLanguage\":\"fr-FR\",\"potentialAction\":[{\"@type\":\"ReadAction\",\"target\":[\"https:\/\/elevatesurf.ch\/product\/housse-neoprene-siege-voiture\/\"]}]},{\"@type\":\"ImageObject\",\"inLanguage\":\"fr-FR\",\"@id\":\"https:\/\/elevatesurf.ch\/product\/housse-neoprene-siege-voiture\/#primaryimage\",\"url\":\"https:\/\/elevatesurf.ch\/wp-content\/uploads\/2024\/08\/59117_1.jpg\",\"contentUrl\":\"https:\/\/elevatesurf.ch\/wp-content\/uploads\/2024\/08\/59117_1.jpg\",\"width\":2480,\"height\":2507},{\"@type\":\"BreadcrumbList\",\"@id\":\"https:\/\/elevatesurf.ch\/product\/housse-neoprene-siege-voiture\/#breadcrumb\",\"itemListElement\":[{\"@type\":\"ListItem\",\"position\":1,\"name\":\"Accueil\",\"item\":\"https:\/\/elevatesurf.ch\/\"},{\"@type\":\"ListItem\",\"position\":2,\"name\":\"Shop &#8211; \u00c9levez Votre Exp\u00e9rience de Surf avec Notre Collection\",\"item\":\"https:\/\/elevatesurf.ch\/shop\/\"},{\"@type\":\"ListItem\",\"position\":3,\"name\":\"Housse n\u00e9opr\u00e8ne si\u00e8ge voiture\"}]},{\"@type\":\"WebSite\",\"@id\":\"https:\/\/elevatesurf.ch\/#website\",\"url\":\"https:\/\/elevatesurf.ch\/\",\"name\":\"Elevatesurf\",\"description\":\"Surfez vers de nouveaux sommets avec ElevateSurf ! Kiteshop, Wingshop\",\"publisher\":{\"@id\":\"https:\/\/elevatesurf.ch\/#organization\"},\"potentialAction\":[{\"@type\":\"SearchAction\",\"target\":{\"@type\":\"EntryPoint\",\"urlTemplate\":\"https:\/\/elevatesurf.ch\/?s={search_term_string}\"},\"query-input\":\"required name=search_term_string\"}],\"inLanguage\":\"fr-FR\"},{\"@type\":\"Organization\",\"@id\":\"https:\/\/elevatesurf.ch\/#organization\",\"name\":\"Elevatesurf\",\"url\":\"https:\/\/elevatesurf.ch\/\",\"logo\":{\"@type\":\"ImageObject\",\"inLanguage\":\"fr-FR\",\"@id\":\"https:\/\/elevatesurf.ch\/#\/schema\/logo\/image\/\",\"url\":\"https:\/\/elevatesurf.ch\/wp-content\/uploads\/2024\/06\/67c2ec70-bdf5-4c14-898a-ded5b2051398.jpg\",\"contentUrl\":\"https:\/\/elevatesurf.ch\/wp-content\/uploads\/2024\/06\/67c2ec70-bdf5-4c14-898a-ded5b2051398.jpg\",\"width\":1024,\"height\":1024,\"caption\":\"Elevatesurf\"},\"image\":{\"@id\":\"https:\/\/elevatesurf.ch\/#\/schema\/logo\/image\/\"},\"sameAs\":[\"https:\/\/www.instagram.com\/elevate__surf\/\"]}]}<\/script>\n<!-- \/ Yoast SEO plugin. -->","yoast_head_json":{"title":"Housse n\u00e9opr\u00e8ne si\u00e8ge voiture - Elevatesurf","description":"Elevatesurf Housse n\u00e9opr\u00e8ne si\u00e8ge voiture","robots":{"index":"index","follow":"follow","max-snippet":"max-snippet:-1","max-image-preview":"max-image-preview:large","max-video-preview":"max-video-preview:-1"},"canonical":"http:\/\/elevatesurf.ch\/fr\/product\/housse-neoprene-siege-voiture\/","og_locale":"fr_FR","og_type":"article","og_title":"Housse n\u00e9opr\u00e8ne si\u00e8ge voiture - Elevatesurf","og_description":"Elevatesurf Housse n\u00e9opr\u00e8ne si\u00e8ge voiture","og_url":"http:\/\/elevatesurf.ch\/fr\/product\/housse-neoprene-siege-voiture\/","og_site_name":"Elevatesurf","article_modified_time":"2026-01-10T08:41:13+00:00","og_image":[{"width":2480,"height":2507,"url":"https:\/\/elevatesurf.ch\/wp-content\/uploads\/2024\/08\/59117_1.jpg","type":"image\/jpeg"}],"twitter_card":"summary_large_image","twitter_misc":{"Dur\u00e9e de lecture estim\u00e9e":"1 minute"},"schema":{"@context":"https:\/\/schema.org","@graph":[{"@type":["WebPage","ItemPage"],"@id":"https:\/\/elevatesurf.ch\/product\/housse-neoprene-siege-voiture\/","url":"https:\/\/elevatesurf.ch\/product\/housse-neoprene-siege-voiture\/","name":"Housse n\u00e9opr\u00e8ne si\u00e8ge voiture - Elevatesurf","isPartOf":{"@id":"https:\/\/elevatesurf.ch\/#website"},"primaryImageOfPage":{"@id":"https:\/\/elevatesurf.ch\/product\/housse-neoprene-siege-voiture\/#primaryimage"},"image":{"@id":"https:\/\/elevatesurf.ch\/product\/housse-neoprene-siege-voiture\/#primaryimage"},"thumbnailUrl":"https:\/\/elevatesurf.ch\/wp-content\/uploads\/2024\/08\/59117_1.jpg","datePublished":"2024-08-07T05:48:47+00:00","dateModified":"2026-01-10T08:41:13+00:00","description":"Elevatesurf Housse n\u00e9opr\u00e8ne si\u00e8ge voiture","breadcrumb":{"@id":"https:\/\/elevatesurf.ch\/product\/housse-neoprene-siege-voiture\/#breadcrumb"},"inLanguage":"fr-FR","potentialAction":[{"@type":"ReadAction","target":["https:\/\/elevatesurf.ch\/product\/housse-neoprene-siege-voiture\/"]}]},{"@type":"ImageObject","inLanguage":"fr-FR","@id":"https:\/\/elevatesurf.ch\/product\/housse-neoprene-siege-voiture\/#primaryimage","url":"https:\/\/elevatesurf.ch\/wp-content\/uploads\/2024\/08\/59117_1.jpg","contentUrl":"https:\/\/elevatesurf.ch\/wp-content\/uploads\/2024\/08\/59117_1.jpg","width":2480,"height":2507},{"@type":"BreadcrumbList","@id":"https:\/\/elevatesurf.ch\/product\/housse-neoprene-siege-voiture\/#breadcrumb","itemListElement":[{"@type":"ListItem","position":1,"name":"Accueil","item":"https:\/\/elevatesurf.ch\/"},{"@type":"ListItem","position":2,"name":"Shop &#8211; \u00c9levez Votre Exp\u00e9rience de Surf avec Notre Collection","item":"https:\/\/elevatesurf.ch\/shop\/"},{"@type":"ListItem","position":3,"name":"Housse n\u00e9opr\u00e8ne si\u00e8ge voiture"}]},{"@type":"WebSite","@id":"https:\/\/elevatesurf.ch\/#website","url":"https:\/\/elevatesurf.ch\/","name":"Elevatesurf","description":"Surfez vers de nouveaux sommets avec ElevateSurf ! Kiteshop, Wingshop","publisher":{"@id":"https:\/\/elevatesurf.ch\/#organization"},"potentialAction":[{"@type":"SearchAction","target":{"@type":"EntryPoint","urlTemplate":"https:\/\/elevatesurf.ch\/?s={search_term_string}"},"query-input":"required name=search_term_string"}],"inLanguage":"fr-FR"},{"@type":"Organization","@id":"https:\/\/elevatesurf.ch\/#organization","name":"Elevatesurf","url":"https:\/\/elevatesurf.ch\/","logo":{"@type":"ImageObject","inLanguage":"fr-FR","@id":"https:\/\/elevatesurf.ch\/#\/schema\/logo\/image\/","url":"https:\/\/elevatesurf.ch\/wp-content\/uploads\/2024\/06\/67c2ec70-bdf5-4c14-898a-ded5b2051398.jpg","contentUrl":"https:\/\/elevatesurf.ch\/wp-content\/uploads\/2024\/06\/67c2ec70-bdf5-4c14-898a-ded5b2051398.jpg","width":1024,"height":1024,"caption":"Elevatesurf"},"image":{"@id":"https:\/\/elevatesurf.ch\/#\/schema\/logo\/image\/"},"sameAs":["https:\/\/www.instagram.com\/elevate__surf\/"]}]}},"_links":{"self":[{"href":"http:\/\/elevatesurf.ch\/fr\/wp-json\/wp\/v2\/product\/16833","targetHints":{"allow":["GET"]}}],"collection":[{"href":"http:\/\/elevatesurf.ch\/fr\/wp-json\/wp\/v2\/product"}],"about":[{"href":"http:\/\/elevatesurf.ch\/fr\/wp-json\/wp\/v2\/types\/product"}],"replies":[{"embeddable":true,"href":"http:\/\/elevatesurf.ch\/fr\/wp-json\/wp\/v2\/comments?post=16833"}],"wp:featuredmedia":[{"embeddable":true,"href":"http:\/\/elevatesurf.ch\/fr\/wp-json\/wp\/v2\/media\/16837"}],"wp:attachment":[{"href":"http:\/\/elevatesurf.ch\/fr\/wp-json\/wp\/v2\/media?parent=16833"}],"wp:term":[{"taxonomy":"product_cat","embeddable":true,"href":"http:\/\/elevatesurf.ch\/fr\/wp-json\/wp\/v2\/product_cat?post=16833"},{"taxonomy":"product_tag","embeddable":true,"href":"http:\/\/elevatesurf.ch\/fr\/wp-json\/wp\/v2\/product_tag?post=16833"}],"curies":[{"name":"wp","href":"https:\/\/api.w.org\/{rel}","templated":true}]}}