{"id":16843,"date":"2024-08-07T06:14:55","date_gmt":"2024-08-07T06:14:55","guid":{"rendered":"https:\/\/elevatesurf.ch\/?post_type=product&#038;p=16843"},"modified":"2026-01-10T08:41:13","modified_gmt":"2026-01-10T08:41:13","slug":"quick-dry-poncho-microfibre-bleu","status":"publish","type":"product","link":"http:\/\/elevatesurf.ch\/fr\/product\/quick-dry-poncho-microfibre-bleu\/","title":{"rendered":"Quick-dry poncho microfibre bleu"},"content":{"rendered":"\r\n<ul class=\"wp-block-list\">\r\n<li>S\u00e9chage rapide et occupe un minimum d\u2019espace\r\n<div class=\"row\">\r\n<div class=\"col-lg-12 col-md-12 col-sm-12\">\r\n<div class=\"woocommerce-tabs\">\r\n<div id=\"tab-description\" class=\"panel entry-content wc-tab\">\r\n<p>Con\u00e7u pour se s\u00e9cher et se changer facilement<\/p>\r\n<p><strong>Caract\u00e9ristiques :<\/strong><\/p>\r\n<ul>\r\n<li class=\"p1\"><span class=\"s1\">L\u00e9ger et compact : prend un minimum de place et est facile \u00e0 emporter en voyage<\/span><\/li>\r\n<li class=\"p1\">Super absorbant : absorbe jusqu\u2019\u00e0 6 fois son propre poids<\/li>\r\n<li class=\"p1\">S\u00e9chage rapide et facile \u00e0 nettoyer : s\u00e8che jusqu\u2019\u00e0 3 fois plus vite qu\u2019une serviette ordinaire<\/li>\r\n<li class=\"p1\">Soft touch : douce au toucher<\/li>\r\n<li class=\"p1\">Sac de transport durable et r\u00e9utilisable<\/li>\r\n<li class=\"p1\">Fermeture \u00e0 boutons-pression : facile \u00e0 porter et \u00e0 enlever<\/li>\r\n<li class=\"p1\">Technologie microfibre<\/li>\r\n<li class=\"p1\">Tissu : 80% polyester 20% polyamide<\/li>\r\n<li class=\"p1\">Taille unique<\/li>\r\n<\/ul>\r\n<p class=\"p1\"><span class=\"s1\">Dimensions : 80 x 110 cm \/ 31.50\u2033 x 43.30\u2033<\/span><\/p>\r\n<p>Couleur: bleu<\/p>\r\n<\/div>\r\n<\/div>\r\n<\/div>\r\n<\/div>\r\n<div class=\"row\">\u00a0<\/div>\r\n<\/li>\r\n<\/ul>\r\n","protected":false},"excerpt":{"rendered":"<p><span style=\"font-family: Roboto; font-size: 15px;\">Id\u00e9al pour se changer<\/span><\/p>\n","protected":false},"featured_media":16845,"comment_status":"closed","ping_status":"closed","template":"","meta":[],"product_cat":[114,124],"product_tag":[116],"class_list":{"0":"post-16843","1":"product","2":"type-product","3":"status-publish","4":"has-post-thumbnail","6":"product_cat-accessoires-kitesurf-wingfoil","7":"product_cat-ponchos","8":"product_tag-surflogic","9":"product_shipping_class-postpac-economy-jusqua-2-kg","10":"product_brand-surflogic-accessoires-protections-materiel-kitesurf-poncho-sacs-fourres","12":"first","13":"instock","14":"shipping-taxable","15":"purchasable","16":"product-type-simple"},"yoast_head":"<!-- This site is optimized with the Yoast SEO plugin v22.8 - https:\/\/yoast.com\/wordpress\/plugins\/seo\/ -->\n<title>Quick-dry poncho microfibre bleu - Elevatesurf<\/title>\n<meta name=\"description\" content=\"Elevatesurf Quick-dry poncho microfibre bleu\" \/>\n<meta name=\"robots\" content=\"index, follow, max-snippet:-1, max-image-preview:large, max-video-preview:-1\" \/>\n<link rel=\"canonical\" href=\"http:\/\/elevatesurf.ch\/fr\/product\/quick-dry-poncho-microfibre-bleu\/\" \/>\n<meta property=\"og:locale\" content=\"fr_FR\" \/>\n<meta property=\"og:type\" content=\"article\" \/>\n<meta property=\"og:title\" content=\"Quick-dry poncho microfibre bleu - Elevatesurf\" \/>\n<meta property=\"og:description\" content=\"Elevatesurf Quick-dry poncho microfibre bleu\" \/>\n<meta property=\"og:url\" content=\"http:\/\/elevatesurf.ch\/fr\/product\/quick-dry-poncho-microfibre-bleu\/\" \/>\n<meta property=\"og:site_name\" content=\"Elevatesurf\" \/>\n<meta property=\"article:modified_time\" content=\"2026-01-10T08:41:13+00:00\" \/>\n<meta property=\"og:image\" content=\"https:\/\/elevatesurf.ch\/wp-content\/uploads\/2024\/08\/59860_01.jpg\" \/>\n\t<meta property=\"og:image:width\" content=\"2480\" \/>\n\t<meta property=\"og:image:height\" content=\"2507\" \/>\n\t<meta property=\"og:image:type\" content=\"image\/jpeg\" \/>\n<meta name=\"twitter:card\" content=\"summary_large_image\" \/>\n<meta name=\"twitter:label1\" content=\"Dur\u00e9e de lecture estim\u00e9e\" \/>\n\t<meta name=\"twitter:data1\" content=\"1 minute\" \/>\n<script type=\"application\/ld+json\" class=\"yoast-schema-graph\">{\"@context\":\"https:\/\/schema.org\",\"@graph\":[{\"@type\":[\"WebPage\",\"ItemPage\"],\"@id\":\"https:\/\/elevatesurf.ch\/product\/quick-dry-poncho-microfibre-bleu\/\",\"url\":\"https:\/\/elevatesurf.ch\/product\/quick-dry-poncho-microfibre-bleu\/\",\"name\":\"Quick-dry poncho microfibre bleu - Elevatesurf\",\"isPartOf\":{\"@id\":\"https:\/\/elevatesurf.ch\/#website\"},\"primaryImageOfPage\":{\"@id\":\"https:\/\/elevatesurf.ch\/product\/quick-dry-poncho-microfibre-bleu\/#primaryimage\"},\"image\":{\"@id\":\"https:\/\/elevatesurf.ch\/product\/quick-dry-poncho-microfibre-bleu\/#primaryimage\"},\"thumbnailUrl\":\"https:\/\/elevatesurf.ch\/wp-content\/uploads\/2024\/08\/59860_01.jpg\",\"datePublished\":\"2024-08-07T06:14:55+00:00\",\"dateModified\":\"2026-01-10T08:41:13+00:00\",\"description\":\"Elevatesurf Quick-dry poncho microfibre bleu\",\"breadcrumb\":{\"@id\":\"https:\/\/elevatesurf.ch\/product\/quick-dry-poncho-microfibre-bleu\/#breadcrumb\"},\"inLanguage\":\"fr-FR\",\"potentialAction\":[{\"@type\":\"ReadAction\",\"target\":[\"https:\/\/elevatesurf.ch\/product\/quick-dry-poncho-microfibre-bleu\/\"]}]},{\"@type\":\"ImageObject\",\"inLanguage\":\"fr-FR\",\"@id\":\"https:\/\/elevatesurf.ch\/product\/quick-dry-poncho-microfibre-bleu\/#primaryimage\",\"url\":\"https:\/\/elevatesurf.ch\/wp-content\/uploads\/2024\/08\/59860_01.jpg\",\"contentUrl\":\"https:\/\/elevatesurf.ch\/wp-content\/uploads\/2024\/08\/59860_01.jpg\",\"width\":2480,\"height\":2507},{\"@type\":\"BreadcrumbList\",\"@id\":\"https:\/\/elevatesurf.ch\/product\/quick-dry-poncho-microfibre-bleu\/#breadcrumb\",\"itemListElement\":[{\"@type\":\"ListItem\",\"position\":1,\"name\":\"Accueil\",\"item\":\"https:\/\/elevatesurf.ch\/\"},{\"@type\":\"ListItem\",\"position\":2,\"name\":\"Shop &#8211; \u00c9levez Votre Exp\u00e9rience de Surf avec Notre Collection\",\"item\":\"https:\/\/elevatesurf.ch\/shop\/\"},{\"@type\":\"ListItem\",\"position\":3,\"name\":\"Quick-dry poncho microfibre bleu\"}]},{\"@type\":\"WebSite\",\"@id\":\"https:\/\/elevatesurf.ch\/#website\",\"url\":\"https:\/\/elevatesurf.ch\/\",\"name\":\"Elevatesurf\",\"description\":\"Surfez vers de nouveaux sommets avec ElevateSurf ! Kiteshop, Wingshop\",\"publisher\":{\"@id\":\"https:\/\/elevatesurf.ch\/#organization\"},\"potentialAction\":[{\"@type\":\"SearchAction\",\"target\":{\"@type\":\"EntryPoint\",\"urlTemplate\":\"https:\/\/elevatesurf.ch\/?s={search_term_string}\"},\"query-input\":\"required name=search_term_string\"}],\"inLanguage\":\"fr-FR\"},{\"@type\":\"Organization\",\"@id\":\"https:\/\/elevatesurf.ch\/#organization\",\"name\":\"Elevatesurf\",\"url\":\"https:\/\/elevatesurf.ch\/\",\"logo\":{\"@type\":\"ImageObject\",\"inLanguage\":\"fr-FR\",\"@id\":\"https:\/\/elevatesurf.ch\/#\/schema\/logo\/image\/\",\"url\":\"https:\/\/elevatesurf.ch\/wp-content\/uploads\/2024\/06\/67c2ec70-bdf5-4c14-898a-ded5b2051398.jpg\",\"contentUrl\":\"https:\/\/elevatesurf.ch\/wp-content\/uploads\/2024\/06\/67c2ec70-bdf5-4c14-898a-ded5b2051398.jpg\",\"width\":1024,\"height\":1024,\"caption\":\"Elevatesurf\"},\"image\":{\"@id\":\"https:\/\/elevatesurf.ch\/#\/schema\/logo\/image\/\"},\"sameAs\":[\"https:\/\/www.instagram.com\/elevate__surf\/\"]}]}<\/script>\n<!-- \/ Yoast SEO plugin. -->","yoast_head_json":{"title":"Quick-dry poncho microfibre bleu - Elevatesurf","description":"Elevatesurf Quick-dry poncho microfibre bleu","robots":{"index":"index","follow":"follow","max-snippet":"max-snippet:-1","max-image-preview":"max-image-preview:large","max-video-preview":"max-video-preview:-1"},"canonical":"http:\/\/elevatesurf.ch\/fr\/product\/quick-dry-poncho-microfibre-bleu\/","og_locale":"fr_FR","og_type":"article","og_title":"Quick-dry poncho microfibre bleu - Elevatesurf","og_description":"Elevatesurf Quick-dry poncho microfibre bleu","og_url":"http:\/\/elevatesurf.ch\/fr\/product\/quick-dry-poncho-microfibre-bleu\/","og_site_name":"Elevatesurf","article_modified_time":"2026-01-10T08:41:13+00:00","og_image":[{"width":2480,"height":2507,"url":"https:\/\/elevatesurf.ch\/wp-content\/uploads\/2024\/08\/59860_01.jpg","type":"image\/jpeg"}],"twitter_card":"summary_large_image","twitter_misc":{"Dur\u00e9e de lecture estim\u00e9e":"1 minute"},"schema":{"@context":"https:\/\/schema.org","@graph":[{"@type":["WebPage","ItemPage"],"@id":"https:\/\/elevatesurf.ch\/product\/quick-dry-poncho-microfibre-bleu\/","url":"https:\/\/elevatesurf.ch\/product\/quick-dry-poncho-microfibre-bleu\/","name":"Quick-dry poncho microfibre bleu - Elevatesurf","isPartOf":{"@id":"https:\/\/elevatesurf.ch\/#website"},"primaryImageOfPage":{"@id":"https:\/\/elevatesurf.ch\/product\/quick-dry-poncho-microfibre-bleu\/#primaryimage"},"image":{"@id":"https:\/\/elevatesurf.ch\/product\/quick-dry-poncho-microfibre-bleu\/#primaryimage"},"thumbnailUrl":"https:\/\/elevatesurf.ch\/wp-content\/uploads\/2024\/08\/59860_01.jpg","datePublished":"2024-08-07T06:14:55+00:00","dateModified":"2026-01-10T08:41:13+00:00","description":"Elevatesurf Quick-dry poncho microfibre bleu","breadcrumb":{"@id":"https:\/\/elevatesurf.ch\/product\/quick-dry-poncho-microfibre-bleu\/#breadcrumb"},"inLanguage":"fr-FR","potentialAction":[{"@type":"ReadAction","target":["https:\/\/elevatesurf.ch\/product\/quick-dry-poncho-microfibre-bleu\/"]}]},{"@type":"ImageObject","inLanguage":"fr-FR","@id":"https:\/\/elevatesurf.ch\/product\/quick-dry-poncho-microfibre-bleu\/#primaryimage","url":"https:\/\/elevatesurf.ch\/wp-content\/uploads\/2024\/08\/59860_01.jpg","contentUrl":"https:\/\/elevatesurf.ch\/wp-content\/uploads\/2024\/08\/59860_01.jpg","width":2480,"height":2507},{"@type":"BreadcrumbList","@id":"https:\/\/elevatesurf.ch\/product\/quick-dry-poncho-microfibre-bleu\/#breadcrumb","itemListElement":[{"@type":"ListItem","position":1,"name":"Accueil","item":"https:\/\/elevatesurf.ch\/"},{"@type":"ListItem","position":2,"name":"Shop &#8211; \u00c9levez Votre Exp\u00e9rience de Surf avec Notre Collection","item":"https:\/\/elevatesurf.ch\/shop\/"},{"@type":"ListItem","position":3,"name":"Quick-dry poncho microfibre bleu"}]},{"@type":"WebSite","@id":"https:\/\/elevatesurf.ch\/#website","url":"https:\/\/elevatesurf.ch\/","name":"Elevatesurf","description":"Surfez vers de nouveaux sommets avec ElevateSurf ! Kiteshop, Wingshop","publisher":{"@id":"https:\/\/elevatesurf.ch\/#organization"},"potentialAction":[{"@type":"SearchAction","target":{"@type":"EntryPoint","urlTemplate":"https:\/\/elevatesurf.ch\/?s={search_term_string}"},"query-input":"required name=search_term_string"}],"inLanguage":"fr-FR"},{"@type":"Organization","@id":"https:\/\/elevatesurf.ch\/#organization","name":"Elevatesurf","url":"https:\/\/elevatesurf.ch\/","logo":{"@type":"ImageObject","inLanguage":"fr-FR","@id":"https:\/\/elevatesurf.ch\/#\/schema\/logo\/image\/","url":"https:\/\/elevatesurf.ch\/wp-content\/uploads\/2024\/06\/67c2ec70-bdf5-4c14-898a-ded5b2051398.jpg","contentUrl":"https:\/\/elevatesurf.ch\/wp-content\/uploads\/2024\/06\/67c2ec70-bdf5-4c14-898a-ded5b2051398.jpg","width":1024,"height":1024,"caption":"Elevatesurf"},"image":{"@id":"https:\/\/elevatesurf.ch\/#\/schema\/logo\/image\/"},"sameAs":["https:\/\/www.instagram.com\/elevate__surf\/"]}]}},"_links":{"self":[{"href":"http:\/\/elevatesurf.ch\/fr\/wp-json\/wp\/v2\/product\/16843","targetHints":{"allow":["GET"]}}],"collection":[{"href":"http:\/\/elevatesurf.ch\/fr\/wp-json\/wp\/v2\/product"}],"about":[{"href":"http:\/\/elevatesurf.ch\/fr\/wp-json\/wp\/v2\/types\/product"}],"replies":[{"embeddable":true,"href":"http:\/\/elevatesurf.ch\/fr\/wp-json\/wp\/v2\/comments?post=16843"}],"wp:featuredmedia":[{"embeddable":true,"href":"http:\/\/elevatesurf.ch\/fr\/wp-json\/wp\/v2\/media\/16845"}],"wp:attachment":[{"href":"http:\/\/elevatesurf.ch\/fr\/wp-json\/wp\/v2\/media?parent=16843"}],"wp:term":[{"taxonomy":"product_cat","embeddable":true,"href":"http:\/\/elevatesurf.ch\/fr\/wp-json\/wp\/v2\/product_cat?post=16843"},{"taxonomy":"product_tag","embeddable":true,"href":"http:\/\/elevatesurf.ch\/fr\/wp-json\/wp\/v2\/product_tag?post=16843"}],"curies":[{"name":"wp","href":"https:\/\/api.w.org\/{rel}","templated":true}]}}