{"id":16862,"date":"2024-08-09T13:34:53","date_gmt":"2024-08-09T13:34:53","guid":{"rendered":"https:\/\/elevatesurf.ch\/?post_type=product&#038;p=16862"},"modified":"2026-05-14T17:53:29","modified_gmt":"2026-05-14T17:53:29","slug":"core-xr-8","status":"publish","type":"product","link":"http:\/\/elevatesurf.ch\/fr\/product\/core-xr-8\/","title":{"rendered":"Core XR 8"},"content":{"rendered":"<p>LE TOP DU TOP<\/p>\n<p>Des mat\u00e9riaux ultimes pour des performances in\u00e9gal\u00e9es.<\/p>\n<p>L\u2019ExoTex 2 augmente de 80% la r\u00e9sistance \u00e0 la d\u00e9chirure, tandis que le CoreTex 2 se place \u00e0 un impressionnant 300%. Cela permet \u00e0 la XR8 de garantir des performances de premi\u00e8re classe \u00e0 chaque session.<\/p>\n<p>Appr\u00e9ciez les sensations du big air avec la no<\/p>\n<p>La XR8 est le must en mati\u00e8re de big air et donne acc\u00e8s \u00e0 des performances in\u00e9gal\u00e9es.<br \/>\nAvec son ossature ultra rigide \u00e0 5 lattes en forme de Delta, cette aile exceptionnelle vous permet de r\u00e9aliser des sauts \u00e0 couper le souffle et de r\u00e9aliser des vols plan\u00e9s records. D\u00e9couvrez un niveau sans pr\u00e9c\u00e9dent de confort de pilotage et de contr\u00f4le gr\u00e2ce \u00e0 la maniabilit\u00e9 douce et indulgente de la XR8.<\/p>\n<p>Des jumps explosifs et une remont\u00e9e au vent performante sont garanties. Gr\u00e2ce au mat\u00e9riau ExoTex 2 beaucoup plus rigide, la structure gonflable de l&rsquo;aile a \u00e9t\u00e9 affin\u00e9e et autorise des diam\u00e8tres de bord d&rsquo;attaque et de lattes plus petits.<\/p>\n<p>Quand nous disons que vous atteindrez de nouveaux sommets, nous le pensons &#8211; la\u00a0 XR8 am\u00e8nera votre kite \u00e0 des niveaux extraordinaires. Vous constaterez que les loops sont plus efficaces avec une ressource plus pr\u00e9coce et plus fluide. Le tissu spi CoreTex 2 est \u00e0 la fois tr\u00e8s r\u00e9sistant et quasi inextensible. Ces deux caract\u00e9ristiques fonctionnent ensemble pour donner \u00e0 la voilure une stabilit\u00e9 de vol, une puissance et un contr\u00f4le in\u00e9gal\u00e9s.<\/p>\n<p>Con\u00e7us pour exceller et faits pour durer, fabriqu\u00e9s avec une durabilit\u00e9 et une r\u00e9sistance de premier ordre en t\u00eate, les mat\u00e9riaux d\u00e9passent leurs pr\u00e9d\u00e9cesseurs et les normes de l&rsquo;industrie. L\u2019ExoTex 2 augmente de 80% la r\u00e9sistance \u00e0 la d\u00e9chirure, tandis que le CoreTex 2 se place \u00e0 un impressionnant 300%. Cela permet \u00e0 la XR8 de garantir des performances de premi\u00e8re classe \u00e0 chaque session.<\/p>\n<p>Appr\u00e9ciez les sensations du big air avec la nouvelle XR8 !<\/p>\n<p><iframe src=\"https:\/\/player.vimeo.com\/video\/824694042?dnt=1&amp;app_id=122963\" width=\"640\" height=\"360\" frameborder=\"0\" allow=\"autoplay; fullscreen; picture-in-picture; clipboard-write\"><\/iframe><\/p>\n","protected":false},"excerpt":{"rendered":"<p>LE TOP DU TOP Des mat\u00e9riaux ultimes pour des performances in\u00e9gal\u00e9es. L\u2019ExoTex 2 augmente de 80% la r\u00e9sistance \u00e0 la d\u00e9chirure, tandis que le CoreTex 2 se place \u00e0 un impressionnant 300%. Cela permet \u00e0 la XR8 de garantir des performances de premi\u00e8re classe \u00e0 chaque session. Appr\u00e9ciez les sensations du big air avec la [&hellip;]<\/p>\n","protected":false},"featured_media":16905,"comment_status":"open","ping_status":"closed","template":"","meta":[],"product_cat":[134,122],"product_tag":[],"class_list":{"0":"post-16862","1":"product","2":"type-product","3":"status-publish","4":"has-post-thumbnail","6":"product_cat-kites","7":"product_cat-kitesurf-ailes-planches-harnai","8":"product_brand-core-kiteboarding","10":"first","11":"onbackorder","12":"shipping-taxable","13":"purchasable","14":"product-type-variable"},"yoast_head":"<!-- This site is optimized with the Yoast SEO plugin v22.8 - https:\/\/yoast.com\/wordpress\/plugins\/seo\/ -->\n<title>Core XR 8 | Elevatesurf<\/title>\n<meta name=\"description\" content=\"LE TOP DU TOP Des mat\u00e9riaux ultimes pour des performances in\u00e9gal\u00e9es Disponible chez Elevatesurf, shop wingfoil &amp; kitesurf \u00e0 Neuch\u00e2tel.\" \/>\n<meta name=\"robots\" content=\"index, follow, max-snippet:-1, max-image-preview:large, max-video-preview:-1\" \/>\n<link rel=\"canonical\" href=\"http:\/\/elevatesurf.ch\/fr\/product\/core-xr-8\/\" \/>\n<meta property=\"og:locale\" content=\"fr_FR\" \/>\n<meta property=\"og:type\" content=\"article\" \/>\n<meta property=\"og:title\" content=\"Core XR 8 | Elevatesurf\" \/>\n<meta property=\"og:description\" content=\"LE TOP DU TOP Des mat\u00e9riaux ultimes pour des performances in\u00e9gal\u00e9es Disponible chez Elevatesurf, shop wingfoil &amp; kitesurf \u00e0 Neuch\u00e2tel.\" \/>\n<meta property=\"og:url\" content=\"http:\/\/elevatesurf.ch\/fr\/product\/core-xr-8\/\" \/>\n<meta property=\"og:site_name\" content=\"Elevatesurf\" \/>\n<meta property=\"article:modified_time\" content=\"2026-05-14T17:53:29+00:00\" \/>\n<meta property=\"og:image\" content=\"https:\/\/elevatesurf.ch\/wp-content\/uploads\/2024\/08\/core_xr8_cutout_bw_1200_brettsport.jpg\" \/>\n\t<meta property=\"og:image:width\" content=\"900\" \/>\n\t<meta property=\"og:image:height\" content=\"900\" \/>\n\t<meta property=\"og:image:type\" content=\"image\/jpeg\" \/>\n<meta name=\"twitter:card\" content=\"summary_large_image\" \/>\n<meta name=\"twitter:label1\" content=\"Dur\u00e9e de lecture estim\u00e9e\" \/>\n\t<meta name=\"twitter:data1\" content=\"2 minutes\" \/>\n<script type=\"application\/ld+json\" class=\"yoast-schema-graph\">{\"@context\":\"https:\/\/schema.org\",\"@graph\":[{\"@type\":[\"WebPage\",\"ItemPage\"],\"@id\":\"https:\/\/elevatesurf.ch\/product\/core-xr-8\/\",\"url\":\"https:\/\/elevatesurf.ch\/product\/core-xr-8\/\",\"name\":\"Core XR 8 | Elevatesurf\",\"isPartOf\":{\"@id\":\"https:\/\/elevatesurf.ch\/#website\"},\"primaryImageOfPage\":{\"@id\":\"https:\/\/elevatesurf.ch\/product\/core-xr-8\/#primaryimage\"},\"image\":{\"@id\":\"https:\/\/elevatesurf.ch\/product\/core-xr-8\/#primaryimage\"},\"thumbnailUrl\":\"https:\/\/elevatesurf.ch\/wp-content\/uploads\/2024\/08\/core_xr8_cutout_bw_1200_brettsport.jpg\",\"datePublished\":\"2024-08-09T13:34:53+00:00\",\"dateModified\":\"2026-05-14T17:53:29+00:00\",\"description\":\"LE TOP DU TOP Des mat\u00e9riaux ultimes pour des performances in\u00e9gal\u00e9es Disponible chez Elevatesurf, shop wingfoil & kitesurf \u00e0 Neuch\u00e2tel.\",\"breadcrumb\":{\"@id\":\"https:\/\/elevatesurf.ch\/product\/core-xr-8\/#breadcrumb\"},\"inLanguage\":\"fr-FR\",\"potentialAction\":[{\"@type\":\"ReadAction\",\"target\":[\"https:\/\/elevatesurf.ch\/product\/core-xr-8\/\"]}]},{\"@type\":\"ImageObject\",\"inLanguage\":\"fr-FR\",\"@id\":\"https:\/\/elevatesurf.ch\/product\/core-xr-8\/#primaryimage\",\"url\":\"https:\/\/elevatesurf.ch\/wp-content\/uploads\/2024\/08\/core_xr8_cutout_bw_1200_brettsport.jpg\",\"contentUrl\":\"https:\/\/elevatesurf.ch\/wp-content\/uploads\/2024\/08\/core_xr8_cutout_bw_1200_brettsport.jpg\",\"width\":900,\"height\":900},{\"@type\":\"BreadcrumbList\",\"@id\":\"https:\/\/elevatesurf.ch\/product\/core-xr-8\/#breadcrumb\",\"itemListElement\":[{\"@type\":\"ListItem\",\"position\":1,\"name\":\"Accueil\",\"item\":\"https:\/\/elevatesurf.ch\/\"},{\"@type\":\"ListItem\",\"position\":2,\"name\":\"Boutique \u2013 Wingfoil, Kitesurf &#038; Accessoires\",\"item\":\"https:\/\/elevatesurf.ch\/shop\/\"},{\"@type\":\"ListItem\",\"position\":3,\"name\":\"Core XR 8\"}]},{\"@type\":\"WebSite\",\"@id\":\"https:\/\/elevatesurf.ch\/#website\",\"url\":\"https:\/\/elevatesurf.ch\/\",\"name\":\"Elevatesurf\",\"description\":\"Surfez vers de nouveaux sommets avec ElevateSurf ! Kiteshop, Wingshop\",\"publisher\":{\"@id\":\"https:\/\/elevatesurf.ch\/#organization\"},\"potentialAction\":[{\"@type\":\"SearchAction\",\"target\":{\"@type\":\"EntryPoint\",\"urlTemplate\":\"https:\/\/elevatesurf.ch\/?s={search_term_string}\"},\"query-input\":\"required name=search_term_string\"}],\"inLanguage\":\"fr-FR\"},{\"@type\":\"Organization\",\"@id\":\"https:\/\/elevatesurf.ch\/#organization\",\"name\":\"Elevatesurf\",\"url\":\"https:\/\/elevatesurf.ch\/\",\"logo\":{\"@type\":\"ImageObject\",\"inLanguage\":\"fr-FR\",\"@id\":\"https:\/\/elevatesurf.ch\/#\/schema\/logo\/image\/\",\"url\":\"https:\/\/elevatesurf.ch\/wp-content\/uploads\/2024\/06\/67c2ec70-bdf5-4c14-898a-ded5b2051398.jpg\",\"contentUrl\":\"https:\/\/elevatesurf.ch\/wp-content\/uploads\/2024\/06\/67c2ec70-bdf5-4c14-898a-ded5b2051398.jpg\",\"width\":1024,\"height\":1024,\"caption\":\"Elevatesurf\"},\"image\":{\"@id\":\"https:\/\/elevatesurf.ch\/#\/schema\/logo\/image\/\"},\"sameAs\":[\"https:\/\/www.instagram.com\/elevate__surf\/\"]}]}<\/script>\n<!-- \/ Yoast SEO plugin. -->","yoast_head_json":{"title":"Core XR 8 | Elevatesurf","description":"LE TOP DU TOP Des mat\u00e9riaux ultimes pour des performances in\u00e9gal\u00e9es Disponible chez Elevatesurf, shop wingfoil & kitesurf \u00e0 Neuch\u00e2tel.","robots":{"index":"index","follow":"follow","max-snippet":"max-snippet:-1","max-image-preview":"max-image-preview:large","max-video-preview":"max-video-preview:-1"},"canonical":"http:\/\/elevatesurf.ch\/fr\/product\/core-xr-8\/","og_locale":"fr_FR","og_type":"article","og_title":"Core XR 8 | Elevatesurf","og_description":"LE TOP DU TOP Des mat\u00e9riaux ultimes pour des performances in\u00e9gal\u00e9es Disponible chez Elevatesurf, shop wingfoil & kitesurf \u00e0 Neuch\u00e2tel.","og_url":"http:\/\/elevatesurf.ch\/fr\/product\/core-xr-8\/","og_site_name":"Elevatesurf","article_modified_time":"2026-05-14T17:53:29+00:00","og_image":[{"width":900,"height":900,"url":"https:\/\/elevatesurf.ch\/wp-content\/uploads\/2024\/08\/core_xr8_cutout_bw_1200_brettsport.jpg","type":"image\/jpeg"}],"twitter_card":"summary_large_image","twitter_misc":{"Dur\u00e9e de lecture estim\u00e9e":"2 minutes"},"schema":{"@context":"https:\/\/schema.org","@graph":[{"@type":["WebPage","ItemPage"],"@id":"https:\/\/elevatesurf.ch\/product\/core-xr-8\/","url":"https:\/\/elevatesurf.ch\/product\/core-xr-8\/","name":"Core XR 8 | Elevatesurf","isPartOf":{"@id":"https:\/\/elevatesurf.ch\/#website"},"primaryImageOfPage":{"@id":"https:\/\/elevatesurf.ch\/product\/core-xr-8\/#primaryimage"},"image":{"@id":"https:\/\/elevatesurf.ch\/product\/core-xr-8\/#primaryimage"},"thumbnailUrl":"https:\/\/elevatesurf.ch\/wp-content\/uploads\/2024\/08\/core_xr8_cutout_bw_1200_brettsport.jpg","datePublished":"2024-08-09T13:34:53+00:00","dateModified":"2026-05-14T17:53:29+00:00","description":"LE TOP DU TOP Des mat\u00e9riaux ultimes pour des performances in\u00e9gal\u00e9es Disponible chez Elevatesurf, shop wingfoil & kitesurf \u00e0 Neuch\u00e2tel.","breadcrumb":{"@id":"https:\/\/elevatesurf.ch\/product\/core-xr-8\/#breadcrumb"},"inLanguage":"fr-FR","potentialAction":[{"@type":"ReadAction","target":["https:\/\/elevatesurf.ch\/product\/core-xr-8\/"]}]},{"@type":"ImageObject","inLanguage":"fr-FR","@id":"https:\/\/elevatesurf.ch\/product\/core-xr-8\/#primaryimage","url":"https:\/\/elevatesurf.ch\/wp-content\/uploads\/2024\/08\/core_xr8_cutout_bw_1200_brettsport.jpg","contentUrl":"https:\/\/elevatesurf.ch\/wp-content\/uploads\/2024\/08\/core_xr8_cutout_bw_1200_brettsport.jpg","width":900,"height":900},{"@type":"BreadcrumbList","@id":"https:\/\/elevatesurf.ch\/product\/core-xr-8\/#breadcrumb","itemListElement":[{"@type":"ListItem","position":1,"name":"Accueil","item":"https:\/\/elevatesurf.ch\/"},{"@type":"ListItem","position":2,"name":"Boutique \u2013 Wingfoil, Kitesurf &#038; Accessoires","item":"https:\/\/elevatesurf.ch\/shop\/"},{"@type":"ListItem","position":3,"name":"Core XR 8"}]},{"@type":"WebSite","@id":"https:\/\/elevatesurf.ch\/#website","url":"https:\/\/elevatesurf.ch\/","name":"Elevatesurf","description":"Surfez vers de nouveaux sommets avec ElevateSurf ! Kiteshop, Wingshop","publisher":{"@id":"https:\/\/elevatesurf.ch\/#organization"},"potentialAction":[{"@type":"SearchAction","target":{"@type":"EntryPoint","urlTemplate":"https:\/\/elevatesurf.ch\/?s={search_term_string}"},"query-input":"required name=search_term_string"}],"inLanguage":"fr-FR"},{"@type":"Organization","@id":"https:\/\/elevatesurf.ch\/#organization","name":"Elevatesurf","url":"https:\/\/elevatesurf.ch\/","logo":{"@type":"ImageObject","inLanguage":"fr-FR","@id":"https:\/\/elevatesurf.ch\/#\/schema\/logo\/image\/","url":"https:\/\/elevatesurf.ch\/wp-content\/uploads\/2024\/06\/67c2ec70-bdf5-4c14-898a-ded5b2051398.jpg","contentUrl":"https:\/\/elevatesurf.ch\/wp-content\/uploads\/2024\/06\/67c2ec70-bdf5-4c14-898a-ded5b2051398.jpg","width":1024,"height":1024,"caption":"Elevatesurf"},"image":{"@id":"https:\/\/elevatesurf.ch\/#\/schema\/logo\/image\/"},"sameAs":["https:\/\/www.instagram.com\/elevate__surf\/"]}]}},"_links":{"self":[{"href":"http:\/\/elevatesurf.ch\/fr\/wp-json\/wp\/v2\/product\/16862","targetHints":{"allow":["GET"]}}],"collection":[{"href":"http:\/\/elevatesurf.ch\/fr\/wp-json\/wp\/v2\/product"}],"about":[{"href":"http:\/\/elevatesurf.ch\/fr\/wp-json\/wp\/v2\/types\/product"}],"replies":[{"embeddable":true,"href":"http:\/\/elevatesurf.ch\/fr\/wp-json\/wp\/v2\/comments?post=16862"}],"wp:featuredmedia":[{"embeddable":true,"href":"http:\/\/elevatesurf.ch\/fr\/wp-json\/wp\/v2\/media\/16905"}],"wp:attachment":[{"href":"http:\/\/elevatesurf.ch\/fr\/wp-json\/wp\/v2\/media?parent=16862"}],"wp:term":[{"taxonomy":"product_cat","embeddable":true,"href":"http:\/\/elevatesurf.ch\/fr\/wp-json\/wp\/v2\/product_cat?post=16862"},{"taxonomy":"product_tag","embeddable":true,"href":"http:\/\/elevatesurf.ch\/fr\/wp-json\/wp\/v2\/product_tag?post=16862"}],"curies":[{"name":"wp","href":"https:\/\/api.w.org\/{rel}","templated":true}]}}