{"id":19691,"date":"2024-08-30T10:06:25","date_gmt":"2024-08-30T10:06:25","guid":{"rendered":"https:\/\/elevatesurf.ch\/product\/indiana-116-feather-inflatable\/"},"modified":"2026-01-10T08:41:17","modified_gmt":"2026-01-10T08:41:17","slug":"indiana-116-feather-inflatable","status":"publish","type":"product","link":"http:\/\/elevatesurf.ch\/fr\/product\/indiana-116-feather-inflatable\/","title":{"rendered":"Indiana 11&rsquo;6 Feather Inflatable"},"content":{"rendered":"<p>Das federleichte Board mit nur 7 kg Gewicht ist f\u00fcr Abenteurer, die ihr Board m\u00fchelos \u00fcberall hin mitnehmen m\u00f6chten und trotzdem nicht auf Performance verzichten wollen. Die L\u00e4nge von 11&rsquo;6 und der spitze, flache Shape erm\u00f6glichen eine flotte Geschwindigkeit und guten Geradeauslauf. Dank der Dicke von 6\u00a0\u00bb ist es genug steif und das Volumen von 307 Liter erlaubt eine grosse Zuladung.<\/p>\n<p>Supercool! Slidefin Box, 8.5 Hyperflow Polyamid Fin, \u00bc inch Camera Connector <\/p>\n<p>Incl. 106 L Light Dry Transport Bag, HP7R Mini Pump, Repair Kit<\/p>\n","protected":false},"excerpt":{"rendered":"<p>Das federleichte Board mit nur 7 kg Gewicht ist f\u00fcr Abenteurer, die ihr Board m\u00fchelos \u00fcberall hin mitnehmen m\u00f6chten und trotzdem nicht auf Performance verzichten wollen. Die L\u00e4nge von 11&rsquo;6 und der spitze, flache Shape erm\u00f6glichen eine flotte Geschwindigkeit und guten Geradeauslauf. Dank der Dicke von 6\u00a0\u00bb ist es genug steif und das Volumen von [&hellip;]<\/p>\n","protected":false},"featured_media":19690,"comment_status":"open","ping_status":"closed","template":"","meta":[],"product_cat":[979],"product_tag":[],"class_list":{"0":"post-19691","1":"product","2":"type-product","3":"status-publish","4":"has-post-thumbnail","6":"product_cat-sup-paddle","7":"product_brand-indiana-suisse","9":"first","10":"instock","11":"shipping-taxable","12":"purchasable","13":"product-type-simple"},"yoast_head":"<!-- This site is optimized with the Yoast SEO plugin v22.8 - https:\/\/yoast.com\/wordpress\/plugins\/seo\/ -->\n<title>Indiana 11&#039;6 Feather Inflatable - Elevatesurf<\/title>\n<meta name=\"description\" content=\"Elevatesurf Indiana 11&#039;6 Feather Inflatable\" \/>\n<meta name=\"robots\" content=\"index, follow, max-snippet:-1, max-image-preview:large, max-video-preview:-1\" \/>\n<link rel=\"canonical\" href=\"http:\/\/elevatesurf.ch\/fr\/product\/indiana-116-feather-inflatable\/\" \/>\n<meta property=\"og:locale\" content=\"fr_FR\" \/>\n<meta property=\"og:type\" content=\"article\" \/>\n<meta property=\"og:title\" content=\"Indiana 11&#039;6 Feather Inflatable - Elevatesurf\" \/>\n<meta property=\"og:description\" content=\"Elevatesurf Indiana 11&#039;6 Feather Inflatable\" \/>\n<meta property=\"og:url\" content=\"http:\/\/elevatesurf.ch\/fr\/product\/indiana-116-feather-inflatable\/\" \/>\n<meta property=\"og:site_name\" content=\"Elevatesurf\" \/>\n<meta property=\"article:modified_time\" content=\"2026-01-10T08:41:17+00:00\" \/>\n<meta property=\"og:image\" content=\"https:\/\/elevatesurf.ch\/wp-content\/uploads\/2024\/08\/1046sp_indiana_11_6_feather_inflatable.png\" \/>\n\t<meta property=\"og:image:width\" content=\"1100\" \/>\n\t<meta property=\"og:image:height\" content=\"1100\" \/>\n\t<meta property=\"og:image:type\" content=\"image\/png\" \/>\n<meta name=\"twitter:card\" content=\"summary_large_image\" \/>\n<script type=\"application\/ld+json\" class=\"yoast-schema-graph\">{\"@context\":\"https:\/\/schema.org\",\"@graph\":[{\"@type\":[\"WebPage\",\"ItemPage\"],\"@id\":\"https:\/\/elevatesurf.ch\/product\/indiana-116-feather-inflatable\/\",\"url\":\"https:\/\/elevatesurf.ch\/product\/indiana-116-feather-inflatable\/\",\"name\":\"Indiana 11'6 Feather Inflatable - Elevatesurf\",\"isPartOf\":{\"@id\":\"https:\/\/elevatesurf.ch\/#website\"},\"primaryImageOfPage\":{\"@id\":\"https:\/\/elevatesurf.ch\/product\/indiana-116-feather-inflatable\/#primaryimage\"},\"image\":{\"@id\":\"https:\/\/elevatesurf.ch\/product\/indiana-116-feather-inflatable\/#primaryimage\"},\"thumbnailUrl\":\"https:\/\/elevatesurf.ch\/wp-content\/uploads\/2024\/08\/1046sp_indiana_11_6_feather_inflatable.png\",\"datePublished\":\"2024-08-30T10:06:25+00:00\",\"dateModified\":\"2026-01-10T08:41:17+00:00\",\"description\":\"Elevatesurf Indiana 11'6 Feather Inflatable\",\"breadcrumb\":{\"@id\":\"https:\/\/elevatesurf.ch\/product\/indiana-116-feather-inflatable\/#breadcrumb\"},\"inLanguage\":\"fr-FR\",\"potentialAction\":[{\"@type\":\"ReadAction\",\"target\":[\"https:\/\/elevatesurf.ch\/product\/indiana-116-feather-inflatable\/\"]}]},{\"@type\":\"ImageObject\",\"inLanguage\":\"fr-FR\",\"@id\":\"https:\/\/elevatesurf.ch\/product\/indiana-116-feather-inflatable\/#primaryimage\",\"url\":\"https:\/\/elevatesurf.ch\/wp-content\/uploads\/2024\/08\/1046sp_indiana_11_6_feather_inflatable.png\",\"contentUrl\":\"https:\/\/elevatesurf.ch\/wp-content\/uploads\/2024\/08\/1046sp_indiana_11_6_feather_inflatable.png\",\"width\":1100,\"height\":1100},{\"@type\":\"BreadcrumbList\",\"@id\":\"https:\/\/elevatesurf.ch\/product\/indiana-116-feather-inflatable\/#breadcrumb\",\"itemListElement\":[{\"@type\":\"ListItem\",\"position\":1,\"name\":\"Accueil\",\"item\":\"https:\/\/elevatesurf.ch\/\"},{\"@type\":\"ListItem\",\"position\":2,\"name\":\"Shop &#8211; \u00c9levez Votre Exp\u00e9rience de Surf avec Notre Collection\",\"item\":\"https:\/\/elevatesurf.ch\/shop\/\"},{\"@type\":\"ListItem\",\"position\":3,\"name\":\"Indiana 11&rsquo;6 Feather Inflatable\"}]},{\"@type\":\"WebSite\",\"@id\":\"https:\/\/elevatesurf.ch\/#website\",\"url\":\"https:\/\/elevatesurf.ch\/\",\"name\":\"Elevatesurf\",\"description\":\"Surfez vers de nouveaux sommets avec ElevateSurf ! Kiteshop, Wingshop\",\"publisher\":{\"@id\":\"https:\/\/elevatesurf.ch\/#organization\"},\"potentialAction\":[{\"@type\":\"SearchAction\",\"target\":{\"@type\":\"EntryPoint\",\"urlTemplate\":\"https:\/\/elevatesurf.ch\/?s={search_term_string}\"},\"query-input\":\"required name=search_term_string\"}],\"inLanguage\":\"fr-FR\"},{\"@type\":\"Organization\",\"@id\":\"https:\/\/elevatesurf.ch\/#organization\",\"name\":\"Elevatesurf\",\"url\":\"https:\/\/elevatesurf.ch\/\",\"logo\":{\"@type\":\"ImageObject\",\"inLanguage\":\"fr-FR\",\"@id\":\"https:\/\/elevatesurf.ch\/#\/schema\/logo\/image\/\",\"url\":\"https:\/\/elevatesurf.ch\/wp-content\/uploads\/2024\/06\/67c2ec70-bdf5-4c14-898a-ded5b2051398.jpg\",\"contentUrl\":\"https:\/\/elevatesurf.ch\/wp-content\/uploads\/2024\/06\/67c2ec70-bdf5-4c14-898a-ded5b2051398.jpg\",\"width\":1024,\"height\":1024,\"caption\":\"Elevatesurf\"},\"image\":{\"@id\":\"https:\/\/elevatesurf.ch\/#\/schema\/logo\/image\/\"},\"sameAs\":[\"https:\/\/www.instagram.com\/elevate__surf\/\"]}]}<\/script>\n<!-- \/ Yoast SEO plugin. -->","yoast_head_json":{"title":"Indiana 11'6 Feather Inflatable - Elevatesurf","description":"Elevatesurf Indiana 11'6 Feather Inflatable","robots":{"index":"index","follow":"follow","max-snippet":"max-snippet:-1","max-image-preview":"max-image-preview:large","max-video-preview":"max-video-preview:-1"},"canonical":"http:\/\/elevatesurf.ch\/fr\/product\/indiana-116-feather-inflatable\/","og_locale":"fr_FR","og_type":"article","og_title":"Indiana 11'6 Feather Inflatable - Elevatesurf","og_description":"Elevatesurf Indiana 11'6 Feather Inflatable","og_url":"http:\/\/elevatesurf.ch\/fr\/product\/indiana-116-feather-inflatable\/","og_site_name":"Elevatesurf","article_modified_time":"2026-01-10T08:41:17+00:00","og_image":[{"width":1100,"height":1100,"url":"https:\/\/elevatesurf.ch\/wp-content\/uploads\/2024\/08\/1046sp_indiana_11_6_feather_inflatable.png","type":"image\/png"}],"twitter_card":"summary_large_image","schema":{"@context":"https:\/\/schema.org","@graph":[{"@type":["WebPage","ItemPage"],"@id":"https:\/\/elevatesurf.ch\/product\/indiana-116-feather-inflatable\/","url":"https:\/\/elevatesurf.ch\/product\/indiana-116-feather-inflatable\/","name":"Indiana 11'6 Feather Inflatable - Elevatesurf","isPartOf":{"@id":"https:\/\/elevatesurf.ch\/#website"},"primaryImageOfPage":{"@id":"https:\/\/elevatesurf.ch\/product\/indiana-116-feather-inflatable\/#primaryimage"},"image":{"@id":"https:\/\/elevatesurf.ch\/product\/indiana-116-feather-inflatable\/#primaryimage"},"thumbnailUrl":"https:\/\/elevatesurf.ch\/wp-content\/uploads\/2024\/08\/1046sp_indiana_11_6_feather_inflatable.png","datePublished":"2024-08-30T10:06:25+00:00","dateModified":"2026-01-10T08:41:17+00:00","description":"Elevatesurf Indiana 11'6 Feather Inflatable","breadcrumb":{"@id":"https:\/\/elevatesurf.ch\/product\/indiana-116-feather-inflatable\/#breadcrumb"},"inLanguage":"fr-FR","potentialAction":[{"@type":"ReadAction","target":["https:\/\/elevatesurf.ch\/product\/indiana-116-feather-inflatable\/"]}]},{"@type":"ImageObject","inLanguage":"fr-FR","@id":"https:\/\/elevatesurf.ch\/product\/indiana-116-feather-inflatable\/#primaryimage","url":"https:\/\/elevatesurf.ch\/wp-content\/uploads\/2024\/08\/1046sp_indiana_11_6_feather_inflatable.png","contentUrl":"https:\/\/elevatesurf.ch\/wp-content\/uploads\/2024\/08\/1046sp_indiana_11_6_feather_inflatable.png","width":1100,"height":1100},{"@type":"BreadcrumbList","@id":"https:\/\/elevatesurf.ch\/product\/indiana-116-feather-inflatable\/#breadcrumb","itemListElement":[{"@type":"ListItem","position":1,"name":"Accueil","item":"https:\/\/elevatesurf.ch\/"},{"@type":"ListItem","position":2,"name":"Shop &#8211; \u00c9levez Votre Exp\u00e9rience de Surf avec Notre Collection","item":"https:\/\/elevatesurf.ch\/shop\/"},{"@type":"ListItem","position":3,"name":"Indiana 11&rsquo;6 Feather Inflatable"}]},{"@type":"WebSite","@id":"https:\/\/elevatesurf.ch\/#website","url":"https:\/\/elevatesurf.ch\/","name":"Elevatesurf","description":"Surfez vers de nouveaux sommets avec ElevateSurf ! Kiteshop, Wingshop","publisher":{"@id":"https:\/\/elevatesurf.ch\/#organization"},"potentialAction":[{"@type":"SearchAction","target":{"@type":"EntryPoint","urlTemplate":"https:\/\/elevatesurf.ch\/?s={search_term_string}"},"query-input":"required name=search_term_string"}],"inLanguage":"fr-FR"},{"@type":"Organization","@id":"https:\/\/elevatesurf.ch\/#organization","name":"Elevatesurf","url":"https:\/\/elevatesurf.ch\/","logo":{"@type":"ImageObject","inLanguage":"fr-FR","@id":"https:\/\/elevatesurf.ch\/#\/schema\/logo\/image\/","url":"https:\/\/elevatesurf.ch\/wp-content\/uploads\/2024\/06\/67c2ec70-bdf5-4c14-898a-ded5b2051398.jpg","contentUrl":"https:\/\/elevatesurf.ch\/wp-content\/uploads\/2024\/06\/67c2ec70-bdf5-4c14-898a-ded5b2051398.jpg","width":1024,"height":1024,"caption":"Elevatesurf"},"image":{"@id":"https:\/\/elevatesurf.ch\/#\/schema\/logo\/image\/"},"sameAs":["https:\/\/www.instagram.com\/elevate__surf\/"]}]}},"_links":{"self":[{"href":"http:\/\/elevatesurf.ch\/fr\/wp-json\/wp\/v2\/product\/19691","targetHints":{"allow":["GET"]}}],"collection":[{"href":"http:\/\/elevatesurf.ch\/fr\/wp-json\/wp\/v2\/product"}],"about":[{"href":"http:\/\/elevatesurf.ch\/fr\/wp-json\/wp\/v2\/types\/product"}],"replies":[{"embeddable":true,"href":"http:\/\/elevatesurf.ch\/fr\/wp-json\/wp\/v2\/comments?post=19691"}],"wp:featuredmedia":[{"embeddable":true,"href":"http:\/\/elevatesurf.ch\/fr\/wp-json\/wp\/v2\/media\/19690"}],"wp:attachment":[{"href":"http:\/\/elevatesurf.ch\/fr\/wp-json\/wp\/v2\/media?parent=19691"}],"wp:term":[{"taxonomy":"product_cat","embeddable":true,"href":"http:\/\/elevatesurf.ch\/fr\/wp-json\/wp\/v2\/product_cat?post=19691"},{"taxonomy":"product_tag","embeddable":true,"href":"http:\/\/elevatesurf.ch\/fr\/wp-json\/wp\/v2\/product_tag?post=19691"}],"curies":[{"name":"wp","href":"https:\/\/api.w.org\/{rel}","templated":true}]}}