{"id":19805,"date":"2024-08-30T10:08:22","date_gmt":"2024-08-30T10:08:22","guid":{"rendered":"https:\/\/elevatesurf.ch\/product\/indiana-30-carbon-fiberglass-telescope-2-piece-95-in2\/"},"modified":"2026-01-10T08:41:18","modified_gmt":"2026-01-10T08:41:18","slug":"indiana-30-carbon-fiberglass-telescope-2-piece-95-in2","status":"publish","type":"product","link":"http:\/\/elevatesurf.ch\/fr\/product\/indiana-30-carbon-fiberglass-telescope-2-piece-95-in2\/","title":{"rendered":"Indiana 30% Carbon-Fiberglass Telescope (2-Piece) 95 In2"},"content":{"rendered":"<p>Das zweiteiligen Fiberglass Paddle mit 30%-Carbonanteil  ist eine gute und g\u00fcnstige Alternative zu den Carbon Paddles. Das Paddle ist leicht, stabil und liegt dank dem ergonomischen Griff bequem in der Hand. Die grosse 95In2 Schaufel erm\u00f6glicht lange, kraftvolle Paddlez\u00fcge. Dank Telescop ist das Paddle von 180-220 cm flexibel verstellbar. Der Anti-Twist sorgt f\u00fcr maximale Stabilit\u00e4t und Pr\u00e4zision. Inklusive Paddle Bag.<\/p>\n","protected":false},"excerpt":{"rendered":"<p>Das zweiteiligen Fiberglass Paddle mit 30%-Carbonanteil ist eine gute und g\u00fcnstige Alternative zu den Carbon Paddles. Das Paddle ist leicht, stabil und liegt dank dem ergonomischen Griff bequem in der Hand. Die grosse 95In2 Schaufel erm\u00f6glicht lange, kraftvolle Paddlez\u00fcge. Dank Telescop ist das Paddle von 180-220 cm flexibel verstellbar. Der Anti-Twist sorgt f\u00fcr maximale Stabilit\u00e4t [&hellip;]<\/p>\n","protected":false},"featured_media":19804,"comment_status":"open","ping_status":"closed","template":"","meta":[],"product_cat":[982,979],"product_tag":[],"class_list":{"0":"post-19805","1":"product","2":"type-product","3":"status-publish","4":"has-post-thumbnail","6":"product_cat-2-pieces-sup-paddle","7":"product_cat-sup-paddle","8":"product_brand-indiana-suisse","10":"first","11":"instock","12":"shipping-taxable","13":"purchasable","14":"product-type-simple"},"yoast_head":"<!-- This site is optimized with the Yoast SEO plugin v22.8 - https:\/\/yoast.com\/wordpress\/plugins\/seo\/ -->\n<title>Indiana 30% Carbon-Fiberglass Telescope (2-Piece) 95 In2 - Elevatesurf<\/title>\n<meta name=\"description\" content=\"Elevatesurf Indiana 30% Carbon-Fiberglass Telescope (2-Piece) 95 In2\" \/>\n<meta name=\"robots\" content=\"index, follow, max-snippet:-1, max-image-preview:large, max-video-preview:-1\" \/>\n<link rel=\"canonical\" href=\"http:\/\/elevatesurf.ch\/fr\/product\/indiana-30-carbon-fiberglass-telescope-2-piece-95-in2\/\" \/>\n<meta property=\"og:locale\" content=\"fr_FR\" \/>\n<meta property=\"og:type\" content=\"article\" \/>\n<meta property=\"og:title\" content=\"Indiana 30% Carbon-Fiberglass Telescope (2-Piece) 95 In2 - Elevatesurf\" \/>\n<meta property=\"og:description\" content=\"Elevatesurf Indiana 30% Carbon-Fiberglass Telescope (2-Piece) 95 In2\" \/>\n<meta property=\"og:url\" content=\"http:\/\/elevatesurf.ch\/fr\/product\/indiana-30-carbon-fiberglass-telescope-2-piece-95-in2\/\" \/>\n<meta property=\"og:site_name\" content=\"Elevatesurf\" \/>\n<meta property=\"article:modified_time\" content=\"2026-01-10T08:41:18+00:00\" \/>\n<meta property=\"og:image\" content=\"https:\/\/elevatesurf.ch\/wp-content\/uploads\/2024\/08\/4023SP_Indiana_Fibreglass_Telescope_2_piece_Front_-scaled.jpg\" \/>\n\t<meta property=\"og:image:width\" content=\"2560\" \/>\n\t<meta property=\"og:image:height\" content=\"2560\" \/>\n\t<meta property=\"og:image:type\" content=\"image\/jpeg\" \/>\n<meta name=\"twitter:card\" content=\"summary_large_image\" \/>\n<script type=\"application\/ld+json\" class=\"yoast-schema-graph\">{\"@context\":\"https:\/\/schema.org\",\"@graph\":[{\"@type\":[\"WebPage\",\"ItemPage\"],\"@id\":\"https:\/\/elevatesurf.ch\/product\/indiana-30-carbon-fiberglass-telescope-2-piece-95-in2\/\",\"url\":\"https:\/\/elevatesurf.ch\/product\/indiana-30-carbon-fiberglass-telescope-2-piece-95-in2\/\",\"name\":\"Indiana 30% Carbon-Fiberglass Telescope (2-Piece) 95 In2 - Elevatesurf\",\"isPartOf\":{\"@id\":\"https:\/\/elevatesurf.ch\/#website\"},\"primaryImageOfPage\":{\"@id\":\"https:\/\/elevatesurf.ch\/product\/indiana-30-carbon-fiberglass-telescope-2-piece-95-in2\/#primaryimage\"},\"image\":{\"@id\":\"https:\/\/elevatesurf.ch\/product\/indiana-30-carbon-fiberglass-telescope-2-piece-95-in2\/#primaryimage\"},\"thumbnailUrl\":\"https:\/\/elevatesurf.ch\/wp-content\/uploads\/2024\/08\/4023SP_Indiana_Fibreglass_Telescope_2_piece_Front_-scaled.jpg\",\"datePublished\":\"2024-08-30T10:08:22+00:00\",\"dateModified\":\"2026-01-10T08:41:18+00:00\",\"description\":\"Elevatesurf Indiana 30% Carbon-Fiberglass Telescope (2-Piece) 95 In2\",\"breadcrumb\":{\"@id\":\"https:\/\/elevatesurf.ch\/product\/indiana-30-carbon-fiberglass-telescope-2-piece-95-in2\/#breadcrumb\"},\"inLanguage\":\"fr-FR\",\"potentialAction\":[{\"@type\":\"ReadAction\",\"target\":[\"https:\/\/elevatesurf.ch\/product\/indiana-30-carbon-fiberglass-telescope-2-piece-95-in2\/\"]}]},{\"@type\":\"ImageObject\",\"inLanguage\":\"fr-FR\",\"@id\":\"https:\/\/elevatesurf.ch\/product\/indiana-30-carbon-fiberglass-telescope-2-piece-95-in2\/#primaryimage\",\"url\":\"https:\/\/elevatesurf.ch\/wp-content\/uploads\/2024\/08\/4023SP_Indiana_Fibreglass_Telescope_2_piece_Front_-scaled.jpg\",\"contentUrl\":\"https:\/\/elevatesurf.ch\/wp-content\/uploads\/2024\/08\/4023SP_Indiana_Fibreglass_Telescope_2_piece_Front_-scaled.jpg\",\"width\":2560,\"height\":2560},{\"@type\":\"BreadcrumbList\",\"@id\":\"https:\/\/elevatesurf.ch\/product\/indiana-30-carbon-fiberglass-telescope-2-piece-95-in2\/#breadcrumb\",\"itemListElement\":[{\"@type\":\"ListItem\",\"position\":1,\"name\":\"Accueil\",\"item\":\"https:\/\/elevatesurf.ch\/\"},{\"@type\":\"ListItem\",\"position\":2,\"name\":\"Shop &#8211; \u00c9levez Votre Exp\u00e9rience de Surf avec Notre Collection\",\"item\":\"https:\/\/elevatesurf.ch\/shop\/\"},{\"@type\":\"ListItem\",\"position\":3,\"name\":\"Indiana 30% Carbon-Fiberglass Telescope (2-Piece) 95 In2\"}]},{\"@type\":\"WebSite\",\"@id\":\"https:\/\/elevatesurf.ch\/#website\",\"url\":\"https:\/\/elevatesurf.ch\/\",\"name\":\"Elevatesurf\",\"description\":\"Surfez vers de nouveaux sommets avec ElevateSurf ! Kiteshop, Wingshop\",\"publisher\":{\"@id\":\"https:\/\/elevatesurf.ch\/#organization\"},\"potentialAction\":[{\"@type\":\"SearchAction\",\"target\":{\"@type\":\"EntryPoint\",\"urlTemplate\":\"https:\/\/elevatesurf.ch\/?s={search_term_string}\"},\"query-input\":\"required name=search_term_string\"}],\"inLanguage\":\"fr-FR\"},{\"@type\":\"Organization\",\"@id\":\"https:\/\/elevatesurf.ch\/#organization\",\"name\":\"Elevatesurf\",\"url\":\"https:\/\/elevatesurf.ch\/\",\"logo\":{\"@type\":\"ImageObject\",\"inLanguage\":\"fr-FR\",\"@id\":\"https:\/\/elevatesurf.ch\/#\/schema\/logo\/image\/\",\"url\":\"https:\/\/elevatesurf.ch\/wp-content\/uploads\/2024\/06\/67c2ec70-bdf5-4c14-898a-ded5b2051398.jpg\",\"contentUrl\":\"https:\/\/elevatesurf.ch\/wp-content\/uploads\/2024\/06\/67c2ec70-bdf5-4c14-898a-ded5b2051398.jpg\",\"width\":1024,\"height\":1024,\"caption\":\"Elevatesurf\"},\"image\":{\"@id\":\"https:\/\/elevatesurf.ch\/#\/schema\/logo\/image\/\"},\"sameAs\":[\"https:\/\/www.instagram.com\/elevate__surf\/\"]}]}<\/script>\n<!-- \/ Yoast SEO plugin. -->","yoast_head_json":{"title":"Indiana 30% Carbon-Fiberglass Telescope (2-Piece) 95 In2 - Elevatesurf","description":"Elevatesurf Indiana 30% Carbon-Fiberglass Telescope (2-Piece) 95 In2","robots":{"index":"index","follow":"follow","max-snippet":"max-snippet:-1","max-image-preview":"max-image-preview:large","max-video-preview":"max-video-preview:-1"},"canonical":"http:\/\/elevatesurf.ch\/fr\/product\/indiana-30-carbon-fiberglass-telescope-2-piece-95-in2\/","og_locale":"fr_FR","og_type":"article","og_title":"Indiana 30% Carbon-Fiberglass Telescope (2-Piece) 95 In2 - Elevatesurf","og_description":"Elevatesurf Indiana 30% Carbon-Fiberglass Telescope (2-Piece) 95 In2","og_url":"http:\/\/elevatesurf.ch\/fr\/product\/indiana-30-carbon-fiberglass-telescope-2-piece-95-in2\/","og_site_name":"Elevatesurf","article_modified_time":"2026-01-10T08:41:18+00:00","og_image":[{"width":2560,"height":2560,"url":"https:\/\/elevatesurf.ch\/wp-content\/uploads\/2024\/08\/4023SP_Indiana_Fibreglass_Telescope_2_piece_Front_-scaled.jpg","type":"image\/jpeg"}],"twitter_card":"summary_large_image","schema":{"@context":"https:\/\/schema.org","@graph":[{"@type":["WebPage","ItemPage"],"@id":"https:\/\/elevatesurf.ch\/product\/indiana-30-carbon-fiberglass-telescope-2-piece-95-in2\/","url":"https:\/\/elevatesurf.ch\/product\/indiana-30-carbon-fiberglass-telescope-2-piece-95-in2\/","name":"Indiana 30% Carbon-Fiberglass Telescope (2-Piece) 95 In2 - Elevatesurf","isPartOf":{"@id":"https:\/\/elevatesurf.ch\/#website"},"primaryImageOfPage":{"@id":"https:\/\/elevatesurf.ch\/product\/indiana-30-carbon-fiberglass-telescope-2-piece-95-in2\/#primaryimage"},"image":{"@id":"https:\/\/elevatesurf.ch\/product\/indiana-30-carbon-fiberglass-telescope-2-piece-95-in2\/#primaryimage"},"thumbnailUrl":"https:\/\/elevatesurf.ch\/wp-content\/uploads\/2024\/08\/4023SP_Indiana_Fibreglass_Telescope_2_piece_Front_-scaled.jpg","datePublished":"2024-08-30T10:08:22+00:00","dateModified":"2026-01-10T08:41:18+00:00","description":"Elevatesurf Indiana 30% Carbon-Fiberglass Telescope (2-Piece) 95 In2","breadcrumb":{"@id":"https:\/\/elevatesurf.ch\/product\/indiana-30-carbon-fiberglass-telescope-2-piece-95-in2\/#breadcrumb"},"inLanguage":"fr-FR","potentialAction":[{"@type":"ReadAction","target":["https:\/\/elevatesurf.ch\/product\/indiana-30-carbon-fiberglass-telescope-2-piece-95-in2\/"]}]},{"@type":"ImageObject","inLanguage":"fr-FR","@id":"https:\/\/elevatesurf.ch\/product\/indiana-30-carbon-fiberglass-telescope-2-piece-95-in2\/#primaryimage","url":"https:\/\/elevatesurf.ch\/wp-content\/uploads\/2024\/08\/4023SP_Indiana_Fibreglass_Telescope_2_piece_Front_-scaled.jpg","contentUrl":"https:\/\/elevatesurf.ch\/wp-content\/uploads\/2024\/08\/4023SP_Indiana_Fibreglass_Telescope_2_piece_Front_-scaled.jpg","width":2560,"height":2560},{"@type":"BreadcrumbList","@id":"https:\/\/elevatesurf.ch\/product\/indiana-30-carbon-fiberglass-telescope-2-piece-95-in2\/#breadcrumb","itemListElement":[{"@type":"ListItem","position":1,"name":"Accueil","item":"https:\/\/elevatesurf.ch\/"},{"@type":"ListItem","position":2,"name":"Shop &#8211; \u00c9levez Votre Exp\u00e9rience de Surf avec Notre Collection","item":"https:\/\/elevatesurf.ch\/shop\/"},{"@type":"ListItem","position":3,"name":"Indiana 30% Carbon-Fiberglass Telescope (2-Piece) 95 In2"}]},{"@type":"WebSite","@id":"https:\/\/elevatesurf.ch\/#website","url":"https:\/\/elevatesurf.ch\/","name":"Elevatesurf","description":"Surfez vers de nouveaux sommets avec ElevateSurf ! Kiteshop, Wingshop","publisher":{"@id":"https:\/\/elevatesurf.ch\/#organization"},"potentialAction":[{"@type":"SearchAction","target":{"@type":"EntryPoint","urlTemplate":"https:\/\/elevatesurf.ch\/?s={search_term_string}"},"query-input":"required name=search_term_string"}],"inLanguage":"fr-FR"},{"@type":"Organization","@id":"https:\/\/elevatesurf.ch\/#organization","name":"Elevatesurf","url":"https:\/\/elevatesurf.ch\/","logo":{"@type":"ImageObject","inLanguage":"fr-FR","@id":"https:\/\/elevatesurf.ch\/#\/schema\/logo\/image\/","url":"https:\/\/elevatesurf.ch\/wp-content\/uploads\/2024\/06\/67c2ec70-bdf5-4c14-898a-ded5b2051398.jpg","contentUrl":"https:\/\/elevatesurf.ch\/wp-content\/uploads\/2024\/06\/67c2ec70-bdf5-4c14-898a-ded5b2051398.jpg","width":1024,"height":1024,"caption":"Elevatesurf"},"image":{"@id":"https:\/\/elevatesurf.ch\/#\/schema\/logo\/image\/"},"sameAs":["https:\/\/www.instagram.com\/elevate__surf\/"]}]}},"_links":{"self":[{"href":"http:\/\/elevatesurf.ch\/fr\/wp-json\/wp\/v2\/product\/19805","targetHints":{"allow":["GET"]}}],"collection":[{"href":"http:\/\/elevatesurf.ch\/fr\/wp-json\/wp\/v2\/product"}],"about":[{"href":"http:\/\/elevatesurf.ch\/fr\/wp-json\/wp\/v2\/types\/product"}],"replies":[{"embeddable":true,"href":"http:\/\/elevatesurf.ch\/fr\/wp-json\/wp\/v2\/comments?post=19805"}],"wp:featuredmedia":[{"embeddable":true,"href":"http:\/\/elevatesurf.ch\/fr\/wp-json\/wp\/v2\/media\/19804"}],"wp:attachment":[{"href":"http:\/\/elevatesurf.ch\/fr\/wp-json\/wp\/v2\/media?parent=19805"}],"wp:term":[{"taxonomy":"product_cat","embeddable":true,"href":"http:\/\/elevatesurf.ch\/fr\/wp-json\/wp\/v2\/product_cat?post=19805"},{"taxonomy":"product_tag","embeddable":true,"href":"http:\/\/elevatesurf.ch\/fr\/wp-json\/wp\/v2\/product_tag?post=19805"}],"curies":[{"name":"wp","href":"https:\/\/api.w.org\/{rel}","templated":true}]}}