{"id":24020,"date":"2025-01-08T07:04:35","date_gmt":"2025-01-08T07:04:35","guid":{"rendered":"https:\/\/elevatesurf.ch\/product\/strike-v4\/"},"modified":"2025-03-15T00:31:48","modified_gmt":"2025-03-15T00:31:48","slug":"strike-v4","status":"publish","type":"product","link":"http:\/\/elevatesurf.ch\/fr\/product\/strike-v4\/","title":{"rendered":"STRIKE V4"},"content":{"rendered":"<h1>Strike V4<\/h1>\n<p>Dank seines optimierten Designs und Sail Engineering ist der STRIKE ein Meisterwerk der Aerodynamik.<br \/>\nDiese vierte Version unseres ikonischen Fl\u00fcgels wurde verfeinert, um neue Sensationen und somit unvergessliche Hochleistungs Sessions zu garantieren.<\/p>\n<ul>\n<li>Optimiertes Design f\u00fcr noch nie dagewesene Leistung<\/li>\n<li>HITEX und TECHNOFORCE Materialien f\u00fcr erh\u00f6hte Haltbarkeit<\/li>\n<li>Perfekte Kontrolle des Profils und der Verformungen, um Komfort \u00fcber den gesamten Windbereich zu garantieren<\/li>\n<li>Unerreichte Geschwindigkeit und Kraftentfaltung \u00ab\u00a0Going Forward\u00a0\u00bb-Gef\u00fchl<\/li>\n<li>Beeindruckende Pop-, Hangtime- und H\u00f6he Laufeigenschaften<\/li>\n<li>Intuitives Pumpen f\u00fcr einfache Starts beim Gleiten<\/li>\n<li>Ausgestattet mit unserem neuen, austauschbaren Griffsystem<\/li>\n<\/ul>\n<p>Unser neues STRIKE zeichnet sich einmal mehr durch ein super intuitives Pumpensystem aus.<br \/>\nMit einer gewissen Flexibilit\u00e4t macht es den Einstieg ins Gleiten leicht, ohne dass man viel Kraft aufwenden oder eine spezielle Technik erlernen muss.<br \/>\nDer STRIKE reagiert auf das Pumpen mit sofortiger Kraft.<\/p>\n<p>Wir haben an der Balance und der Aerodynamik des Schirms gearbeitet, um eine au\u00dfergew\u00f6hnliche und \u00fcberragende Leistung zu gew\u00e4hrleisten, ohne dabei die Kontrolle und Pr\u00e4zision zu verlieren.<br \/>\nDer neue STRIKE bietet eine un\u00fcbertroffene Laufruhe, die es erm\u00f6glicht, m\u00fchelos zu fliegen, als w\u00fcrde man einen kleineren, sehr leichten Schirm benutzen.<br \/>\nDie Kontrolle des STRIKE \u00fcber den gesamten Windbereich ist beeindruckend und erlaubt es dir, B\u00f6en problemlos zu bew\u00e4ltigen.<br \/>\nF\u00fcr Geschwindigkeits Liebhaber bietet der Fl\u00fcgel ein neues \u00ab\u00a0Going Forward\u00a0\u00bb-Gef\u00fchl, das sich dank einer beeindruckenden Vorw\u00e4rtsbewegung und einer fantastischen horizontalen Beschleunigung einstellt.<\/p>\n<p>Im unteren Bereich scheint es nie unter Luftl\u00f6chern oder Gegenwind zu leiden und beh\u00e4lt ein konstantes Gleiten und au\u00dfergew\u00f6hnliche Upwind-F\u00e4higkeiten.<br \/>\nDank seiner Steifigkeit, seiner Beschleunigung, seinem massiven Pop und seiner Hangtime wird dich der STRIKE auch beim Freestyle begeistern.<br \/>\nF\u00fcr deine Rotationen dreht sich der Schirm leicht von alleine, sodass du alle deine Tricks landen und neue ausprobieren kannst.<\/p>\n<p>Der STRIKE ist viel mehr als ein neues Modell; er ist eine perfekte Mischung aus Leistung, leichtem Fahrgef\u00fchl und geschmeidiger Traktion.<\/p>\n<h2>Design<\/h2>\n<p>Das Design des STRIKE wurde komplett \u00fcberarbeitet.<br \/>\nDie zentrale Strut ist jetzt v\u00f6llig gerade, wodurch wir ihre Verformung und m\u00f6gliche Verdrehung besser kontrollieren und gleichzeitig den Luftwiderstand verringern k\u00f6nnen.<br \/>\nDadurch ist das Profil etwas niedriger und verformt sich weniger, und wir haben es fast ganz nach hinten verl\u00e4ngert.<br \/>\nUnser innovativer Load Diffuser wurde reduziert, um das Gewicht zu reduzieren, insbesondere beim Freefly.<\/p>\n<p>Wir haben auch den V-Winkel erh\u00f6ht, um die Stabilit\u00e4t zu verbessern und die Fl\u00fcgelspitzen beim Pumpen und Fahren aus dem Wasser zu halten.<br \/>\nDie neue Anstr\u00f6m- und Hinterkanten Spannung sowie ein verfeinerter Radialschnitt tragen dazu bei, das Profil glatt und stabil zu halten &#8211; f\u00fcr unglaubliche Leistung und Kontrolle.<br \/>\nDas akkurate Panel-Layout, das pr\u00e4zise Lastmanagement und die versetzten N\u00e4hte sorgen weiterhin f\u00fcr eine au\u00dfergew\u00f6hnliche Kontrolle des Profils, besonders im oberen Bereich.<\/p>\n<p>Die Verwendung von HITEX f\u00fcr die aufblasbare Struktur und TECHNOFORCE\u2122\/D2 f\u00fcr die Kappe bieten eine hohe Dehnungsresistenz und damit eine h\u00f6here Haltbarkeit und Leistung.<br \/>\nDie Materialien sind au\u00dferdem perfekt verteilt, um den unterschiedlichen Spannungen, dem hohen Druck und der Gewichtsverteilung in jedem spezifischen Bereich Rechnung zu tragen.<br \/>\nAn den Fl\u00fcgelspitzen und auf der R\u00fcckseite der Strebe sind kleine radiale Einschnitte angebracht, um die Spannungen zu verteilen.<br \/>\nDie exakte Ausrichtung der Fasern entlang der Belastungspfade bedeutet, dass die Dehnung auf ein nie dagewesenes Niveau f\u00fcr einen Fl\u00fcgel kontrolliert werden kann.<\/p>\n<p>Unser Load Diffusor befindet sich auf der R\u00fcckseite des Struts und besteht aus \u00fcberlappenden Platten aus hartem Mylar und Dacron.<br \/>\nEr tr\u00e4gt dazu bei, das Profil schlank und effizient zu halten, was zu ultimativer Stabilit\u00e4t, Leistung und Langlebigkeit f\u00fchrt.<br \/>\nDank dieser Sail Engineering- und Designarbeit ist der neue STRIKE ein idealer Kompromiss aus Leistung, Kontrolle und Laufruhe.<br \/>\nDer Schirm f\u00fchlt sich steif genug an, damit jeder Fahrer Leistung erbringen und die Kontrolle behalten kann, bleibt aber gleichzeitig sehr progressiv und bietet einen sanften und schnellen Vorw\u00e4rtsdrang.<\/p>\n<h2>Griffe<\/h2>\n<p>Der neue STRIKE ist mit unserem neuen, austauschbaren Griffsystem ausgestattet. Weiche, hybride oder starre<br \/>\nGriffe, Sie k\u00f6nnen die Griffe jetzt nach Ihren W\u00fcnschen anpassen.<\/p>\n","protected":false},"excerpt":{"rendered":"<p>Der Strike V4 bietet dank seines optimierten Designs und fortschrittlicher Materialien wie HITEX und TECHNOFORCE herausragende Aerodynamik und Stabilit\u00e4t.<br \/>\nEr zeichnet sich durch intuitive Pump-Eigenschaften, eine beeindruckende Hangtime und einen sanften Vorw\u00e4rtsdrang aus.<br \/>\nDas neue, austauschbare Griffsystem erm\u00f6glicht eine individuelle Anpassung, um deine Sessions noch komfortabler und leistungsst\u00e4rker zu gestalten.<\/p>\n","protected":false},"featured_media":24021,"comment_status":"closed","ping_status":"closed","template":"","meta":[],"product_cat":[138,139],"product_tag":[],"class_list":{"0":"post-24020","1":"product","2":"type-product","3":"status-publish","4":"has-post-thumbnail","6":"product_cat-wingfoil-suisse-acheter","7":"product_cat-wings","8":"pa_couleur-a-onyx-flame","9":"pa_couleur-b-mint-onyx","10":"pa_couleur-blue","11":"pa_couleur-c-flame-mint","12":"product_brand-f-one-neuchatel","14":"first","15":"onbackorder","16":"purchasable","17":"product-type-variable"},"yoast_head":"<!-- This site is optimized with the Yoast SEO plugin v22.8 - https:\/\/yoast.com\/wordpress\/plugins\/seo\/ -->\n<title>STRIKE V4 - Elevatesurf<\/title>\n<meta name=\"description\" content=\"Elevatesurf STRIKE V4\" \/>\n<meta name=\"robots\" content=\"index, follow, max-snippet:-1, max-image-preview:large, max-video-preview:-1\" \/>\n<link rel=\"canonical\" href=\"http:\/\/elevatesurf.ch\/fr\/product\/strike-v4\/\" \/>\n<meta property=\"og:locale\" content=\"fr_FR\" \/>\n<meta property=\"og:type\" content=\"article\" \/>\n<meta property=\"og:title\" content=\"STRIKE V4 - Elevatesurf\" \/>\n<meta property=\"og:description\" content=\"Elevatesurf STRIKE V4\" \/>\n<meta property=\"og:url\" content=\"http:\/\/elevatesurf.ch\/fr\/product\/strike-v4\/\" \/>\n<meta property=\"og:site_name\" content=\"Elevatesurf\" \/>\n<meta property=\"article:modified_time\" content=\"2025-03-15T00:31:48+00:00\" \/>\n<meta property=\"og:image\" content=\"https:\/\/elevatesurf.ch\/wp-content\/uploads\/2025\/01\/3-F-ONE-STRIKE-V3-FLAME-MINT-CC3.png\" \/>\n\t<meta property=\"og:image:width\" content=\"1500\" \/>\n\t<meta property=\"og:image:height\" content=\"1500\" \/>\n\t<meta property=\"og:image:type\" content=\"image\/png\" \/>\n<meta name=\"twitter:card\" content=\"summary_large_image\" \/>\n<meta name=\"twitter:label1\" content=\"Dur\u00e9e de lecture estim\u00e9e\" \/>\n\t<meta name=\"twitter:data1\" content=\"4 minutes\" \/>\n<script type=\"application\/ld+json\" class=\"yoast-schema-graph\">{\"@context\":\"https:\/\/schema.org\",\"@graph\":[{\"@type\":[\"WebPage\",\"ItemPage\"],\"@id\":\"https:\/\/elevatesurf.ch\/product\/strike-v4\/\",\"url\":\"https:\/\/elevatesurf.ch\/product\/strike-v4\/\",\"name\":\"STRIKE V4 - Elevatesurf\",\"isPartOf\":{\"@id\":\"https:\/\/elevatesurf.ch\/#website\"},\"primaryImageOfPage\":{\"@id\":\"https:\/\/elevatesurf.ch\/product\/strike-v4\/#primaryimage\"},\"image\":{\"@id\":\"https:\/\/elevatesurf.ch\/product\/strike-v4\/#primaryimage\"},\"thumbnailUrl\":\"https:\/\/elevatesurf.ch\/wp-content\/uploads\/2025\/01\/3-F-ONE-STRIKE-V3-FLAME-MINT-CC3.png\",\"datePublished\":\"2025-01-08T07:04:35+00:00\",\"dateModified\":\"2025-03-15T00:31:48+00:00\",\"description\":\"Elevatesurf STRIKE V4\",\"breadcrumb\":{\"@id\":\"https:\/\/elevatesurf.ch\/product\/strike-v4\/#breadcrumb\"},\"inLanguage\":\"fr-FR\",\"potentialAction\":[{\"@type\":\"ReadAction\",\"target\":[\"https:\/\/elevatesurf.ch\/product\/strike-v4\/\"]}]},{\"@type\":\"ImageObject\",\"inLanguage\":\"fr-FR\",\"@id\":\"https:\/\/elevatesurf.ch\/product\/strike-v4\/#primaryimage\",\"url\":\"https:\/\/elevatesurf.ch\/wp-content\/uploads\/2025\/01\/3-F-ONE-STRIKE-V3-FLAME-MINT-CC3.png\",\"contentUrl\":\"https:\/\/elevatesurf.ch\/wp-content\/uploads\/2025\/01\/3-F-ONE-STRIKE-V3-FLAME-MINT-CC3.png\",\"width\":1500,\"height\":1500},{\"@type\":\"BreadcrumbList\",\"@id\":\"https:\/\/elevatesurf.ch\/product\/strike-v4\/#breadcrumb\",\"itemListElement\":[{\"@type\":\"ListItem\",\"position\":1,\"name\":\"Accueil\",\"item\":\"https:\/\/elevatesurf.ch\/\"},{\"@type\":\"ListItem\",\"position\":2,\"name\":\"Shop &#8211; \u00c9levez Votre Exp\u00e9rience de Surf avec Notre Collection\",\"item\":\"https:\/\/elevatesurf.ch\/shop\/\"},{\"@type\":\"ListItem\",\"position\":3,\"name\":\"STRIKE V4\"}]},{\"@type\":\"WebSite\",\"@id\":\"https:\/\/elevatesurf.ch\/#website\",\"url\":\"https:\/\/elevatesurf.ch\/\",\"name\":\"Elevatesurf\",\"description\":\"Surfez vers de nouveaux sommets avec ElevateSurf ! Kiteshop, Wingshop\",\"publisher\":{\"@id\":\"https:\/\/elevatesurf.ch\/#organization\"},\"potentialAction\":[{\"@type\":\"SearchAction\",\"target\":{\"@type\":\"EntryPoint\",\"urlTemplate\":\"https:\/\/elevatesurf.ch\/?s={search_term_string}\"},\"query-input\":\"required name=search_term_string\"}],\"inLanguage\":\"fr-FR\"},{\"@type\":\"Organization\",\"@id\":\"https:\/\/elevatesurf.ch\/#organization\",\"name\":\"Elevatesurf\",\"url\":\"https:\/\/elevatesurf.ch\/\",\"logo\":{\"@type\":\"ImageObject\",\"inLanguage\":\"fr-FR\",\"@id\":\"https:\/\/elevatesurf.ch\/#\/schema\/logo\/image\/\",\"url\":\"https:\/\/elevatesurf.ch\/wp-content\/uploads\/2024\/06\/67c2ec70-bdf5-4c14-898a-ded5b2051398.jpg\",\"contentUrl\":\"https:\/\/elevatesurf.ch\/wp-content\/uploads\/2024\/06\/67c2ec70-bdf5-4c14-898a-ded5b2051398.jpg\",\"width\":1024,\"height\":1024,\"caption\":\"Elevatesurf\"},\"image\":{\"@id\":\"https:\/\/elevatesurf.ch\/#\/schema\/logo\/image\/\"},\"sameAs\":[\"https:\/\/www.instagram.com\/elevate__surf\/\"]}]}<\/script>\n<!-- \/ Yoast SEO plugin. -->","yoast_head_json":{"title":"STRIKE V4 - Elevatesurf","description":"Elevatesurf STRIKE V4","robots":{"index":"index","follow":"follow","max-snippet":"max-snippet:-1","max-image-preview":"max-image-preview:large","max-video-preview":"max-video-preview:-1"},"canonical":"http:\/\/elevatesurf.ch\/fr\/product\/strike-v4\/","og_locale":"fr_FR","og_type":"article","og_title":"STRIKE V4 - Elevatesurf","og_description":"Elevatesurf STRIKE V4","og_url":"http:\/\/elevatesurf.ch\/fr\/product\/strike-v4\/","og_site_name":"Elevatesurf","article_modified_time":"2025-03-15T00:31:48+00:00","og_image":[{"width":1500,"height":1500,"url":"https:\/\/elevatesurf.ch\/wp-content\/uploads\/2025\/01\/3-F-ONE-STRIKE-V3-FLAME-MINT-CC3.png","type":"image\/png"}],"twitter_card":"summary_large_image","twitter_misc":{"Dur\u00e9e de lecture estim\u00e9e":"4 minutes"},"schema":{"@context":"https:\/\/schema.org","@graph":[{"@type":["WebPage","ItemPage"],"@id":"https:\/\/elevatesurf.ch\/product\/strike-v4\/","url":"https:\/\/elevatesurf.ch\/product\/strike-v4\/","name":"STRIKE V4 - Elevatesurf","isPartOf":{"@id":"https:\/\/elevatesurf.ch\/#website"},"primaryImageOfPage":{"@id":"https:\/\/elevatesurf.ch\/product\/strike-v4\/#primaryimage"},"image":{"@id":"https:\/\/elevatesurf.ch\/product\/strike-v4\/#primaryimage"},"thumbnailUrl":"https:\/\/elevatesurf.ch\/wp-content\/uploads\/2025\/01\/3-F-ONE-STRIKE-V3-FLAME-MINT-CC3.png","datePublished":"2025-01-08T07:04:35+00:00","dateModified":"2025-03-15T00:31:48+00:00","description":"Elevatesurf STRIKE V4","breadcrumb":{"@id":"https:\/\/elevatesurf.ch\/product\/strike-v4\/#breadcrumb"},"inLanguage":"fr-FR","potentialAction":[{"@type":"ReadAction","target":["https:\/\/elevatesurf.ch\/product\/strike-v4\/"]}]},{"@type":"ImageObject","inLanguage":"fr-FR","@id":"https:\/\/elevatesurf.ch\/product\/strike-v4\/#primaryimage","url":"https:\/\/elevatesurf.ch\/wp-content\/uploads\/2025\/01\/3-F-ONE-STRIKE-V3-FLAME-MINT-CC3.png","contentUrl":"https:\/\/elevatesurf.ch\/wp-content\/uploads\/2025\/01\/3-F-ONE-STRIKE-V3-FLAME-MINT-CC3.png","width":1500,"height":1500},{"@type":"BreadcrumbList","@id":"https:\/\/elevatesurf.ch\/product\/strike-v4\/#breadcrumb","itemListElement":[{"@type":"ListItem","position":1,"name":"Accueil","item":"https:\/\/elevatesurf.ch\/"},{"@type":"ListItem","position":2,"name":"Shop &#8211; \u00c9levez Votre Exp\u00e9rience de Surf avec Notre Collection","item":"https:\/\/elevatesurf.ch\/shop\/"},{"@type":"ListItem","position":3,"name":"STRIKE V4"}]},{"@type":"WebSite","@id":"https:\/\/elevatesurf.ch\/#website","url":"https:\/\/elevatesurf.ch\/","name":"Elevatesurf","description":"Surfez vers de nouveaux sommets avec ElevateSurf ! Kiteshop, Wingshop","publisher":{"@id":"https:\/\/elevatesurf.ch\/#organization"},"potentialAction":[{"@type":"SearchAction","target":{"@type":"EntryPoint","urlTemplate":"https:\/\/elevatesurf.ch\/?s={search_term_string}"},"query-input":"required name=search_term_string"}],"inLanguage":"fr-FR"},{"@type":"Organization","@id":"https:\/\/elevatesurf.ch\/#organization","name":"Elevatesurf","url":"https:\/\/elevatesurf.ch\/","logo":{"@type":"ImageObject","inLanguage":"fr-FR","@id":"https:\/\/elevatesurf.ch\/#\/schema\/logo\/image\/","url":"https:\/\/elevatesurf.ch\/wp-content\/uploads\/2024\/06\/67c2ec70-bdf5-4c14-898a-ded5b2051398.jpg","contentUrl":"https:\/\/elevatesurf.ch\/wp-content\/uploads\/2024\/06\/67c2ec70-bdf5-4c14-898a-ded5b2051398.jpg","width":1024,"height":1024,"caption":"Elevatesurf"},"image":{"@id":"https:\/\/elevatesurf.ch\/#\/schema\/logo\/image\/"},"sameAs":["https:\/\/www.instagram.com\/elevate__surf\/"]}]}},"_links":{"self":[{"href":"http:\/\/elevatesurf.ch\/fr\/wp-json\/wp\/v2\/product\/24020","targetHints":{"allow":["GET"]}}],"collection":[{"href":"http:\/\/elevatesurf.ch\/fr\/wp-json\/wp\/v2\/product"}],"about":[{"href":"http:\/\/elevatesurf.ch\/fr\/wp-json\/wp\/v2\/types\/product"}],"replies":[{"embeddable":true,"href":"http:\/\/elevatesurf.ch\/fr\/wp-json\/wp\/v2\/comments?post=24020"}],"wp:featuredmedia":[{"embeddable":true,"href":"http:\/\/elevatesurf.ch\/fr\/wp-json\/wp\/v2\/media\/24021"}],"wp:attachment":[{"href":"http:\/\/elevatesurf.ch\/fr\/wp-json\/wp\/v2\/media?parent=24020"}],"wp:term":[{"taxonomy":"product_cat","embeddable":true,"href":"http:\/\/elevatesurf.ch\/fr\/wp-json\/wp\/v2\/product_cat?post=24020"},{"taxonomy":"product_tag","embeddable":true,"href":"http:\/\/elevatesurf.ch\/fr\/wp-json\/wp\/v2\/product_tag?post=24020"}],"curies":[{"name":"wp","href":"https:\/\/api.w.org\/{rel}","templated":true}]}}