{"id":24067,"date":"2025-01-08T07:04:50","date_gmt":"2025-01-08T07:04:50","guid":{"rendered":"https:\/\/elevatesurf.ch\/product\/strike-cwc-aluula\/"},"modified":"2025-04-30T00:32:04","modified_gmt":"2025-04-30T00:32:04","slug":"strike-cwc-aluula","status":"publish","type":"product","link":"http:\/\/elevatesurf.ch\/fr\/product\/strike-cwc-aluula\/","title":{"rendered":"Strike Cwc &#8211; Aluula"},"content":{"rendered":"<h1>STRIKE CWC<\/h1>\n<p>Unser Patent f\u00fcr das Compact Wing Concept (CWC) beweist weiterhin seine Wirksamkeit f\u00fcr gro\u00dfe Fl\u00fcgelfl\u00e4chen bei leichtem Wind.<br \/>\nDer neue STRIKE CWC, das Ergebnis der Entwicklungen an unserem vierten STRIKE, bietet ein noch effizienteres Gleiten und Pumpen.<br \/>\nIm Flug sorgen seine perfekte Balance und sein einzigartiger Vorw\u00e4rtszug f\u00fcr au\u00dfergew\u00f6hnliches Gleiten.<br \/>\nDie ALUULA-Streben reduzieren die Tr\u00e4gheit jedes Man\u00f6vers und verst\u00e4rken das Gef\u00fchl der Leichtigkeit w\u00e4hrend der Fahrt.- Optimiertes Design f\u00fcr perfekte Balance im Flug und neue Vorw\u00e4rts-Traktion<\/p>\n<p>ALUULA auf allen drei Streben f\u00fcr mehr Leichtigkeit, St\u00e4rke und Leistung<br \/>\nHITEX und TECHNOFORCE f\u00fcr erh\u00f6hte Haltbarkeit<br \/>\nIntuitives Pumpen f\u00fcr einfache Starts beim Gleiten<br \/>\nAusgestattet mit unserem neuen austauschbaren Griffsystem<br \/>\nDie Leichtwindwaffe schlechthinAlle Design-Innovationen unseres vierten STRIKE wurden in diesem STRIKE CWC umgesetzt.<br \/>\nDieser Fl\u00fcgel verf\u00fcgt erneut \u00fcber ein super intuitives Pumpen mit einer gewissen Flexibilit\u00e4t, die es einfach macht, mit dem Gleiten zu beginnen, ohne viel Energie aufwenden oder eine spezielle Technik lernen zu m\u00fcssen.<br \/>\nJede Pumpbewegung treibt dich sanft vorw\u00e4rts und garantiert dir einen sofortigen Start und mehr Effizienz als je zuvor.<\/p>\n<p>Die Aerodynamik dieses Fl\u00fcgels wurde nat\u00fcrlich f\u00fcr au\u00dfergew\u00f6hnliche Leistungen bei leichtem Wind optimiert.<br \/>\nIm Flug ist der STRIKE CWC perfekt ausbalanciert und leicht zu vergessen.<br \/>\nDer unglaubliche Vorw\u00e4rtszug, der vom neuen STRIKE inspiriert wurde, bietet ein einzigartiges Gleiten und erm\u00f6glicht angenehmere und l\u00e4ngere Sessions.<br \/>\nDer CWC macht das Aufkreuzen leicht und verf\u00fcgt \u00fcber ein beeindruckendes Highend, so dass du auch die B\u00f6en abfangen kannst, wenn der Wind auffrischt.<\/p>\n<h3>Die Materialien:<\/h3>\n<p>Die Spitze dieses vierten STRIKE CWC bleibt in HITEX 158g und 178g.<br \/>\nDieses hochfeste Polyester bietet eine hohe Dehnungsresistenz und damit mehr Haltbarkeit und Leistung.<br \/>\nDie beiden HITEX-Gewichte sind perfekt verteilt, um den unterschiedlichen Spannungen, dem hohen Druck und der Gewichtsverteilung in diesem Bereich Rechnung zu tragen.<\/p>\n<p>Die Innovation dieses Fl\u00fcgels liegt in der strategischen Platzierung von ALUULA auf seinen drei Streben.<br \/>\nDank der mechanischen Eigenschaften dieses leichten und widerstandsf\u00e4higen Materials ist die mittlere Strebe d\u00fcnner geworden.<br \/>\nDies f\u00fchrt zu einem geringeren Luftwiderstand und einer sp\u00fcrbaren Gewichtsreduzierung, was sich auch positiv auf das Freifliegen und das Handling bei Downwinders oder Halsen auswirkt.<br \/>\nSchlie\u00dflich reduzieren die ALUULA-Streben die Tr\u00e4gheit bei Man\u00f6vern, \u00dcberg\u00e4ngen und beim Pumpen.<\/p>\n<p>Um Leistung und Haltbarkeit zu garantieren, wurde unser dickeres TECHNOFORCE\u2122\/D2 in 66g an der Hinterkante angebracht, wo die Spannungen wichtig und die Widerstandsf\u00e4higkeit wesentlich sind. Die restliche Kappe des Fl\u00fcgels besteht aus TECHNOFORCE\u2122\/D2 in 52g.<\/p>\n<h3>Konstruktion:<\/h3>\n<p>Die zentrale Strebe des CWC ist jetzt v\u00f6llig gerade, was es uns erm\u00f6glicht, ihre Verformung und m\u00f6gliche Verwindung besser zu kontrollieren und gleichzeitig den Luftwiderstand zu verringern.<br \/>\nInfolgedessen ist die F\u00fcllung etwas niedriger und verformt sich weniger, und wir haben sie fast ganz nach hinten verl\u00e4ngert.<br \/>\nUnser innovativer Load Diffuser wurde reduziert, um das Gewicht zu reduzieren, insbesondere beim Freefly.<br \/>\nWir haben auch den Fl\u00e4chenwinkel erh\u00f6ht, um die Stabilit\u00e4t zu verbessern und die Fl\u00fcgelspitzen beim Pumpen und Fahren aus dem Wasser zu halten.<\/p>\n<p>Die neuen Spannungen an der Vorder- und Hinterkante sorgen f\u00fcr ein gleichm\u00e4\u00dfiges und stabiles Profil und damit f\u00fcr unglaubliche Leistung und Kontrolle.<br \/>\nDer K\u00f6rper des Fl\u00fcgels hat einen horizontalen Schnitt, um das Gewicht der N\u00e4hte auf diesen gro\u00dffl\u00e4chigen Leichtwindfl\u00fcgeln zu optimieren.<br \/>\nDie Hinterkante hat einen vertikalen Schnitt in 66g f\u00fcr ideale Traktionskontrolle.<br \/>\nAuf der R\u00fcckseite der Strebe ist ein kleiner radialer Schnitt angebracht, um Spannungen zu verteilen.<br \/>\nSchlie\u00dflich tr\u00e4gt der Lastverteiler dazu bei, das Profil schlank und effizient zu halten, was zu ultimativer Stabilit\u00e4t, Leistung und Langlebigkeit f\u00fchrt.<\/p>\n<p>Das genaue Paneel-Layout, das pr\u00e4zise Lastmanagement und die versetzten N\u00e4hte sorgen weiterhin f\u00fcr eine au\u00dfergew\u00f6hnliche Kontrolle des Profils.<br \/>\nDie Materialien sind au\u00dferdem perfekt verteilt, um den unterschiedlichen Spannungen, dem hohen Druck und der Gewichtsverteilung in jedem spezifischen Bereich Rechnung zu tragen.<\/p>\n<h3>Griffe:<\/h3>\n<p>Der neue CWC ist mit unserem neuen, austauschbaren Griffsystem ausgestattet.<br \/>\nOb weiche, hybride oder starre Griffe, du kannst die Griffe jetzt nach deinen W\u00fcnschen anpassen.<br \/>\nDie Leichtwind-Revolution: Unser Compact Wing Concept (CWC)-Patent erm\u00f6glicht es, bei gleicher Spannweite mehr Fl\u00e4che zu schaffen, ohne dabei Kompromisse bei Leichtigkeit und Leistung einzugehen.<\/p>\n<p>Die beiden zus\u00e4tzlichen Streben vergr\u00f6\u00dfern die Oberfl\u00e4che des Fl\u00fcgels, ohne die L\u00e4nge und den Durchmesser der Eintrittskante zu erh\u00f6hen.<br \/>\nDiese spezielle Geometrie bringt gro\u00dfe Leistung bei einfacher Handhabung und somit ein leichtes Gef\u00fchl bei geringer Spannweite.<br \/>\nDie kompakte Outline macht es einfach, einen unglaublichen Start beim Gleiten und Pumpen zu erreichen.<\/p>\n<p>Der CWC ist \u00e4u\u00dferst man\u00f6vrierf\u00e4hig und l\u00e4sst sich auf dem Wasser leicht umdrehen. Er gibt dir das Gef\u00fchl, einen 5 m\u00b2 gro\u00dfen Schirm zu benutzen, wobei die Fl\u00fcgelspitzen nat\u00fcrlich von der Wasseroberfl\u00e4che wegbleiben.<br \/>\nMit einem raffinierten Design, der Verwendung ultraleichter und widerstandsf\u00e4higer Materialien, einem neuen und effizienten Pumpen, au\u00dfergew\u00f6hnlichem Gleiten, perfekter Balance und einem pr\u00e4zisen Layout aller Materialien, wird das vierte STRIKE CWC auch weiterhin ein Game Changer f\u00fcr deine Leichtwindtage sein.<\/p>\n<p>&nbsp;<\/p>\n","protected":false},"excerpt":{"rendered":"<p>Unser Compact Wing Concept (CWC)-Patent beweist weiterhin seine Wirksamkeit f\u00fcr gro\u00dfe Fl\u00fcgelfl\u00e4chen bei leichtem Wind.<br \/>\nDieser neue STRIKE CWC, das Ergebnis der Entwicklungen an unserem vierten STRIKE, bietet noch effizienteres Gleiten und Pumpen.<br \/>\nIm Flug sorgen die perfekte Balance und der einzigartige Vorw\u00e4rtszug f\u00fcr au\u00dfergew\u00f6hnliches Gleiten.<\/p>\n","protected":false},"featured_media":24068,"comment_status":"closed","ping_status":"open","template":"","meta":[],"product_cat":[138,139],"product_tag":[],"class_list":{"0":"post-24067","1":"product","2":"type-product","3":"status-publish","4":"has-post-thumbnail","6":"product_cat-wingfoil-suisse-acheter","7":"product_cat-wings","8":"pa_couleur-a-onyx-flame","9":"pa_couleur-b-mint-onyx","10":"pa_couleur-black","11":"pa_couleur-blue","12":"product_brand-f-one-neuchatel","14":"first","15":"onbackorder","16":"purchasable","17":"product-type-variable"},"yoast_head":"<!-- This site is optimized with the Yoast SEO plugin v22.8 - https:\/\/yoast.com\/wordpress\/plugins\/seo\/ -->\n<title>Strike Cwc - Aluula - Elevatesurf<\/title>\n<meta name=\"description\" content=\"Elevatesurf Strike Cwc - Aluula\" \/>\n<meta name=\"robots\" content=\"index, follow, max-snippet:-1, max-image-preview:large, max-video-preview:-1\" \/>\n<link rel=\"canonical\" href=\"http:\/\/elevatesurf.ch\/fr\/product\/strike-cwc-aluula\/\" \/>\n<meta property=\"og:locale\" content=\"fr_FR\" \/>\n<meta property=\"og:type\" content=\"article\" \/>\n<meta property=\"og:title\" content=\"Strike Cwc - Aluula - Elevatesurf\" \/>\n<meta property=\"og:description\" content=\"Elevatesurf Strike Cwc - Aluula\" \/>\n<meta property=\"og:url\" content=\"http:\/\/elevatesurf.ch\/fr\/product\/strike-cwc-aluula\/\" \/>\n<meta property=\"og:site_name\" content=\"Elevatesurf\" \/>\n<meta property=\"article:modified_time\" content=\"2025-04-30T00:32:04+00:00\" \/>\n<meta property=\"og:image\" content=\"https:\/\/elevatesurf.ch\/wp-content\/uploads\/2025\/01\/77241-1002-1.png\" \/>\n\t<meta property=\"og:image:width\" content=\"1500\" \/>\n\t<meta property=\"og:image:height\" content=\"1500\" \/>\n\t<meta property=\"og:image:type\" content=\"image\/png\" \/>\n<meta name=\"twitter:card\" content=\"summary_large_image\" \/>\n<meta name=\"twitter:label1\" content=\"Dur\u00e9e de lecture estim\u00e9e\" \/>\n\t<meta name=\"twitter:data1\" content=\"4 minutes\" \/>\n<script type=\"application\/ld+json\" class=\"yoast-schema-graph\">{\"@context\":\"https:\/\/schema.org\",\"@graph\":[{\"@type\":[\"WebPage\",\"ItemPage\"],\"@id\":\"https:\/\/elevatesurf.ch\/product\/strike-cwc-aluula\/\",\"url\":\"https:\/\/elevatesurf.ch\/product\/strike-cwc-aluula\/\",\"name\":\"Strike Cwc - Aluula - Elevatesurf\",\"isPartOf\":{\"@id\":\"https:\/\/elevatesurf.ch\/#website\"},\"primaryImageOfPage\":{\"@id\":\"https:\/\/elevatesurf.ch\/product\/strike-cwc-aluula\/#primaryimage\"},\"image\":{\"@id\":\"https:\/\/elevatesurf.ch\/product\/strike-cwc-aluula\/#primaryimage\"},\"thumbnailUrl\":\"https:\/\/elevatesurf.ch\/wp-content\/uploads\/2025\/01\/77241-1002-1.png\",\"datePublished\":\"2025-01-08T07:04:50+00:00\",\"dateModified\":\"2025-04-30T00:32:04+00:00\",\"description\":\"Elevatesurf Strike Cwc - Aluula\",\"breadcrumb\":{\"@id\":\"https:\/\/elevatesurf.ch\/product\/strike-cwc-aluula\/#breadcrumb\"},\"inLanguage\":\"fr-FR\",\"potentialAction\":[{\"@type\":\"ReadAction\",\"target\":[\"https:\/\/elevatesurf.ch\/product\/strike-cwc-aluula\/\"]}]},{\"@type\":\"ImageObject\",\"inLanguage\":\"fr-FR\",\"@id\":\"https:\/\/elevatesurf.ch\/product\/strike-cwc-aluula\/#primaryimage\",\"url\":\"https:\/\/elevatesurf.ch\/wp-content\/uploads\/2025\/01\/77241-1002-1.png\",\"contentUrl\":\"https:\/\/elevatesurf.ch\/wp-content\/uploads\/2025\/01\/77241-1002-1.png\",\"width\":1500,\"height\":1500},{\"@type\":\"BreadcrumbList\",\"@id\":\"https:\/\/elevatesurf.ch\/product\/strike-cwc-aluula\/#breadcrumb\",\"itemListElement\":[{\"@type\":\"ListItem\",\"position\":1,\"name\":\"Accueil\",\"item\":\"https:\/\/elevatesurf.ch\/\"},{\"@type\":\"ListItem\",\"position\":2,\"name\":\"Shop &#8211; \u00c9levez Votre Exp\u00e9rience de Surf avec Notre Collection\",\"item\":\"https:\/\/elevatesurf.ch\/shop\/\"},{\"@type\":\"ListItem\",\"position\":3,\"name\":\"Strike Cwc &#8211; Aluula\"}]},{\"@type\":\"WebSite\",\"@id\":\"https:\/\/elevatesurf.ch\/#website\",\"url\":\"https:\/\/elevatesurf.ch\/\",\"name\":\"Elevatesurf\",\"description\":\"Surfez vers de nouveaux sommets avec ElevateSurf ! Kiteshop, Wingshop\",\"publisher\":{\"@id\":\"https:\/\/elevatesurf.ch\/#organization\"},\"potentialAction\":[{\"@type\":\"SearchAction\",\"target\":{\"@type\":\"EntryPoint\",\"urlTemplate\":\"https:\/\/elevatesurf.ch\/?s={search_term_string}\"},\"query-input\":\"required name=search_term_string\"}],\"inLanguage\":\"fr-FR\"},{\"@type\":\"Organization\",\"@id\":\"https:\/\/elevatesurf.ch\/#organization\",\"name\":\"Elevatesurf\",\"url\":\"https:\/\/elevatesurf.ch\/\",\"logo\":{\"@type\":\"ImageObject\",\"inLanguage\":\"fr-FR\",\"@id\":\"https:\/\/elevatesurf.ch\/#\/schema\/logo\/image\/\",\"url\":\"https:\/\/elevatesurf.ch\/wp-content\/uploads\/2024\/06\/67c2ec70-bdf5-4c14-898a-ded5b2051398.jpg\",\"contentUrl\":\"https:\/\/elevatesurf.ch\/wp-content\/uploads\/2024\/06\/67c2ec70-bdf5-4c14-898a-ded5b2051398.jpg\",\"width\":1024,\"height\":1024,\"caption\":\"Elevatesurf\"},\"image\":{\"@id\":\"https:\/\/elevatesurf.ch\/#\/schema\/logo\/image\/\"},\"sameAs\":[\"https:\/\/www.instagram.com\/elevate__surf\/\"]}]}<\/script>\n<!-- \/ Yoast SEO plugin. -->","yoast_head_json":{"title":"Strike Cwc - Aluula - Elevatesurf","description":"Elevatesurf Strike Cwc - Aluula","robots":{"index":"index","follow":"follow","max-snippet":"max-snippet:-1","max-image-preview":"max-image-preview:large","max-video-preview":"max-video-preview:-1"},"canonical":"http:\/\/elevatesurf.ch\/fr\/product\/strike-cwc-aluula\/","og_locale":"fr_FR","og_type":"article","og_title":"Strike Cwc - Aluula - Elevatesurf","og_description":"Elevatesurf Strike Cwc - Aluula","og_url":"http:\/\/elevatesurf.ch\/fr\/product\/strike-cwc-aluula\/","og_site_name":"Elevatesurf","article_modified_time":"2025-04-30T00:32:04+00:00","og_image":[{"width":1500,"height":1500,"url":"https:\/\/elevatesurf.ch\/wp-content\/uploads\/2025\/01\/77241-1002-1.png","type":"image\/png"}],"twitter_card":"summary_large_image","twitter_misc":{"Dur\u00e9e de lecture estim\u00e9e":"4 minutes"},"schema":{"@context":"https:\/\/schema.org","@graph":[{"@type":["WebPage","ItemPage"],"@id":"https:\/\/elevatesurf.ch\/product\/strike-cwc-aluula\/","url":"https:\/\/elevatesurf.ch\/product\/strike-cwc-aluula\/","name":"Strike Cwc - Aluula - Elevatesurf","isPartOf":{"@id":"https:\/\/elevatesurf.ch\/#website"},"primaryImageOfPage":{"@id":"https:\/\/elevatesurf.ch\/product\/strike-cwc-aluula\/#primaryimage"},"image":{"@id":"https:\/\/elevatesurf.ch\/product\/strike-cwc-aluula\/#primaryimage"},"thumbnailUrl":"https:\/\/elevatesurf.ch\/wp-content\/uploads\/2025\/01\/77241-1002-1.png","datePublished":"2025-01-08T07:04:50+00:00","dateModified":"2025-04-30T00:32:04+00:00","description":"Elevatesurf Strike Cwc - Aluula","breadcrumb":{"@id":"https:\/\/elevatesurf.ch\/product\/strike-cwc-aluula\/#breadcrumb"},"inLanguage":"fr-FR","potentialAction":[{"@type":"ReadAction","target":["https:\/\/elevatesurf.ch\/product\/strike-cwc-aluula\/"]}]},{"@type":"ImageObject","inLanguage":"fr-FR","@id":"https:\/\/elevatesurf.ch\/product\/strike-cwc-aluula\/#primaryimage","url":"https:\/\/elevatesurf.ch\/wp-content\/uploads\/2025\/01\/77241-1002-1.png","contentUrl":"https:\/\/elevatesurf.ch\/wp-content\/uploads\/2025\/01\/77241-1002-1.png","width":1500,"height":1500},{"@type":"BreadcrumbList","@id":"https:\/\/elevatesurf.ch\/product\/strike-cwc-aluula\/#breadcrumb","itemListElement":[{"@type":"ListItem","position":1,"name":"Accueil","item":"https:\/\/elevatesurf.ch\/"},{"@type":"ListItem","position":2,"name":"Shop &#8211; \u00c9levez Votre Exp\u00e9rience de Surf avec Notre Collection","item":"https:\/\/elevatesurf.ch\/shop\/"},{"@type":"ListItem","position":3,"name":"Strike Cwc &#8211; Aluula"}]},{"@type":"WebSite","@id":"https:\/\/elevatesurf.ch\/#website","url":"https:\/\/elevatesurf.ch\/","name":"Elevatesurf","description":"Surfez vers de nouveaux sommets avec ElevateSurf ! Kiteshop, Wingshop","publisher":{"@id":"https:\/\/elevatesurf.ch\/#organization"},"potentialAction":[{"@type":"SearchAction","target":{"@type":"EntryPoint","urlTemplate":"https:\/\/elevatesurf.ch\/?s={search_term_string}"},"query-input":"required name=search_term_string"}],"inLanguage":"fr-FR"},{"@type":"Organization","@id":"https:\/\/elevatesurf.ch\/#organization","name":"Elevatesurf","url":"https:\/\/elevatesurf.ch\/","logo":{"@type":"ImageObject","inLanguage":"fr-FR","@id":"https:\/\/elevatesurf.ch\/#\/schema\/logo\/image\/","url":"https:\/\/elevatesurf.ch\/wp-content\/uploads\/2024\/06\/67c2ec70-bdf5-4c14-898a-ded5b2051398.jpg","contentUrl":"https:\/\/elevatesurf.ch\/wp-content\/uploads\/2024\/06\/67c2ec70-bdf5-4c14-898a-ded5b2051398.jpg","width":1024,"height":1024,"caption":"Elevatesurf"},"image":{"@id":"https:\/\/elevatesurf.ch\/#\/schema\/logo\/image\/"},"sameAs":["https:\/\/www.instagram.com\/elevate__surf\/"]}]}},"_links":{"self":[{"href":"http:\/\/elevatesurf.ch\/fr\/wp-json\/wp\/v2\/product\/24067","targetHints":{"allow":["GET"]}}],"collection":[{"href":"http:\/\/elevatesurf.ch\/fr\/wp-json\/wp\/v2\/product"}],"about":[{"href":"http:\/\/elevatesurf.ch\/fr\/wp-json\/wp\/v2\/types\/product"}],"replies":[{"embeddable":true,"href":"http:\/\/elevatesurf.ch\/fr\/wp-json\/wp\/v2\/comments?post=24067"}],"wp:featuredmedia":[{"embeddable":true,"href":"http:\/\/elevatesurf.ch\/fr\/wp-json\/wp\/v2\/media\/24068"}],"wp:attachment":[{"href":"http:\/\/elevatesurf.ch\/fr\/wp-json\/wp\/v2\/media?parent=24067"}],"wp:term":[{"taxonomy":"product_cat","embeddable":true,"href":"http:\/\/elevatesurf.ch\/fr\/wp-json\/wp\/v2\/product_cat?post=24067"},{"taxonomy":"product_tag","embeddable":true,"href":"http:\/\/elevatesurf.ch\/fr\/wp-json\/wp\/v2\/product_tag?post=24067"}],"curies":[{"name":"wp","href":"https:\/\/api.w.org\/{rel}","templated":true}]}}