{"id":24260,"date":"2025-01-08T07:26:19","date_gmt":"2025-01-08T07:26:19","guid":{"rendered":"https:\/\/elevatesurf.ch\/product\/rocket-wing-2024\/"},"modified":"2025-04-26T00:31:54","modified_gmt":"2025-04-26T00:31:54","slug":"rocket-wing-2024","status":"publish","type":"product","link":"http:\/\/elevatesurf.ch\/fr\/product\/rocket-wing-2024\/","title":{"rendered":"ROCKET WING 2024"},"content":{"rendered":"<div>\n<h1>Rocket Wing Board<\/h1>\n<p>Mit einer neuen Form, die unglaubliche Stabilit\u00e4t, ein hervorragendes Pitch-Balancing sowie einfache und schnelle Starts erm\u00f6glicht, ist das ROCKET WING die perfekte Wahl f\u00fcr ein Wing-Foil-Board.<br \/>\nSpeziell entwickelt, um den Anforderungen dieses Sports gerecht zu werden, ist dieses Board langlebig, benutzerfreundlich und \u00e4u\u00dferst intuitiv.<\/p>\n<ul>\n<li>Neue Form f\u00fcr \u00fcberlegene Balance und einfachere Starts<\/li>\n<li>Optimierte Volumenverteilung f\u00fcr mehr Stabilit\u00e4t<\/li>\n<li>Abgeschr\u00e4gte Rails und doppelte Konkave f\u00fcr m\u00fchelose Starts und Touchdown-Erholungen<\/li>\n<li>Intuitiv und leistungsstark<\/li>\n<\/ul>\n<p>&nbsp;<\/p>\n<p>Dank seiner hervorragenden seitlichen Stabilit\u00e4t, dem sanften \u00dcbergang in den Flug und dem \u00e4u\u00dferst effizienten Pumpen bietet das ROCKET WING das intuitivste Wing-Foil-Erlebnis.<br \/>\nIm Flug profitiert das Board von einem optimierten Pitch-Balancing durch den verbesserten Winkel des Rumpfs.<br \/>\nBei niedrigen Geschwindigkeiten ist es super stabil und taucht weder die Nase ein noch verlangsamt es abrupt bei Touchdowns.<br \/>\nDie Starts sind dank verbesserter Beschleunigung f\u00fcr einfaches Angleiten sehr effizient.<\/p>\n<p>Diese neuen ROCKET WING-Boards wurden in nahezu allen Bereichen verbessert.<br \/>\nBei gleicher L\u00e4nge bieten sie nun deutlich mehr Volumen, was Ihnen erm\u00f6glicht, entweder ein kleineres Board mit gleichem Volumen zu w\u00e4hlen oder ein stabileres, gr\u00f6\u00dferes Board bei gleicher L\u00e4nge.<br \/>\nDie gew\u00f6lbte Nase f\u00fcgt vorne Volumen hinzu f\u00fcr einfache und stabile Wasserstarts, w\u00e4hrend das vertiefte Deck Sie n\u00e4her an die Folie bringt, um jederzeit die Kontrolle zu behalten.<\/p>\n<\/div>\n","protected":false},"excerpt":{"rendered":"<p>\u2022 New shape for superior balance and easier take-offs<br \/>\n\u2022 Optimized volume distribution for more stability<br \/>\n\u2022 Beveled rails and double concave for effortless take offs and touchdown recoveries \u2022 Intuitive and performant\u00a0\u00bb<\/p>\n","protected":false},"featured_media":24261,"comment_status":"closed","ping_status":"open","template":"","meta":[],"product_cat":[715,138],"product_tag":[],"class_list":{"0":"post-24260","1":"product","2":"type-product","3":"status-publish","4":"has-post-thumbnail","6":"product_cat-boards-wing-foil","7":"product_cat-wingfoil-suisse-acheter","8":"product_brand-f-one-neuchatel","10":"first","11":"onbackorder","12":"purchasable","13":"product-type-variable"},"yoast_head":"<!-- This site is optimized with the Yoast SEO plugin v22.8 - https:\/\/yoast.com\/wordpress\/plugins\/seo\/ -->\n<title>ROCKET WING 2024 - Elevatesurf<\/title>\n<meta name=\"description\" content=\"Elevatesurf ROCKET WING 2024\" \/>\n<meta name=\"robots\" content=\"index, follow, max-snippet:-1, max-image-preview:large, max-video-preview:-1\" \/>\n<link rel=\"canonical\" href=\"http:\/\/elevatesurf.ch\/fr\/product\/rocket-wing-2024\/\" \/>\n<meta property=\"og:locale\" content=\"fr_FR\" \/>\n<meta property=\"og:type\" content=\"article\" \/>\n<meta property=\"og:title\" content=\"ROCKET WING 2024 - Elevatesurf\" \/>\n<meta property=\"og:description\" content=\"Elevatesurf ROCKET WING 2024\" \/>\n<meta property=\"og:url\" content=\"http:\/\/elevatesurf.ch\/fr\/product\/rocket-wing-2024\/\" \/>\n<meta property=\"og:site_name\" content=\"Elevatesurf\" \/>\n<meta property=\"article:modified_time\" content=\"2025-04-26T00:31:54+00:00\" \/>\n<meta property=\"og:image\" content=\"https:\/\/elevatesurf.ch\/wp-content\/uploads\/2025\/01\/77248-0501.png\" \/>\n\t<meta property=\"og:image:width\" content=\"1280\" \/>\n\t<meta property=\"og:image:height\" content=\"1280\" \/>\n\t<meta property=\"og:image:type\" content=\"image\/png\" \/>\n<meta name=\"twitter:card\" content=\"summary_large_image\" \/>\n<meta name=\"twitter:label1\" content=\"Dur\u00e9e de lecture estim\u00e9e\" \/>\n\t<meta name=\"twitter:data1\" content=\"1 minute\" \/>\n<script type=\"application\/ld+json\" class=\"yoast-schema-graph\">{\"@context\":\"https:\/\/schema.org\",\"@graph\":[{\"@type\":[\"WebPage\",\"ItemPage\"],\"@id\":\"https:\/\/elevatesurf.ch\/product\/rocket-wing-2024\/\",\"url\":\"https:\/\/elevatesurf.ch\/product\/rocket-wing-2024\/\",\"name\":\"ROCKET WING 2024 - Elevatesurf\",\"isPartOf\":{\"@id\":\"https:\/\/elevatesurf.ch\/#website\"},\"primaryImageOfPage\":{\"@id\":\"https:\/\/elevatesurf.ch\/product\/rocket-wing-2024\/#primaryimage\"},\"image\":{\"@id\":\"https:\/\/elevatesurf.ch\/product\/rocket-wing-2024\/#primaryimage\"},\"thumbnailUrl\":\"https:\/\/elevatesurf.ch\/wp-content\/uploads\/2025\/01\/77248-0501.png\",\"datePublished\":\"2025-01-08T07:26:19+00:00\",\"dateModified\":\"2025-04-26T00:31:54+00:00\",\"description\":\"Elevatesurf ROCKET WING 2024\",\"breadcrumb\":{\"@id\":\"https:\/\/elevatesurf.ch\/product\/rocket-wing-2024\/#breadcrumb\"},\"inLanguage\":\"fr-FR\",\"potentialAction\":[{\"@type\":\"ReadAction\",\"target\":[\"https:\/\/elevatesurf.ch\/product\/rocket-wing-2024\/\"]}]},{\"@type\":\"ImageObject\",\"inLanguage\":\"fr-FR\",\"@id\":\"https:\/\/elevatesurf.ch\/product\/rocket-wing-2024\/#primaryimage\",\"url\":\"https:\/\/elevatesurf.ch\/wp-content\/uploads\/2025\/01\/77248-0501.png\",\"contentUrl\":\"https:\/\/elevatesurf.ch\/wp-content\/uploads\/2025\/01\/77248-0501.png\",\"width\":1280,\"height\":1280},{\"@type\":\"BreadcrumbList\",\"@id\":\"https:\/\/elevatesurf.ch\/product\/rocket-wing-2024\/#breadcrumb\",\"itemListElement\":[{\"@type\":\"ListItem\",\"position\":1,\"name\":\"Accueil\",\"item\":\"https:\/\/elevatesurf.ch\/\"},{\"@type\":\"ListItem\",\"position\":2,\"name\":\"Shop &#8211; \u00c9levez Votre Exp\u00e9rience de Surf avec Notre Collection\",\"item\":\"https:\/\/elevatesurf.ch\/shop\/\"},{\"@type\":\"ListItem\",\"position\":3,\"name\":\"ROCKET WING 2024\"}]},{\"@type\":\"WebSite\",\"@id\":\"https:\/\/elevatesurf.ch\/#website\",\"url\":\"https:\/\/elevatesurf.ch\/\",\"name\":\"Elevatesurf\",\"description\":\"Surfez vers de nouveaux sommets avec ElevateSurf ! Kiteshop, Wingshop\",\"publisher\":{\"@id\":\"https:\/\/elevatesurf.ch\/#organization\"},\"potentialAction\":[{\"@type\":\"SearchAction\",\"target\":{\"@type\":\"EntryPoint\",\"urlTemplate\":\"https:\/\/elevatesurf.ch\/?s={search_term_string}\"},\"query-input\":\"required name=search_term_string\"}],\"inLanguage\":\"fr-FR\"},{\"@type\":\"Organization\",\"@id\":\"https:\/\/elevatesurf.ch\/#organization\",\"name\":\"Elevatesurf\",\"url\":\"https:\/\/elevatesurf.ch\/\",\"logo\":{\"@type\":\"ImageObject\",\"inLanguage\":\"fr-FR\",\"@id\":\"https:\/\/elevatesurf.ch\/#\/schema\/logo\/image\/\",\"url\":\"https:\/\/elevatesurf.ch\/wp-content\/uploads\/2024\/06\/67c2ec70-bdf5-4c14-898a-ded5b2051398.jpg\",\"contentUrl\":\"https:\/\/elevatesurf.ch\/wp-content\/uploads\/2024\/06\/67c2ec70-bdf5-4c14-898a-ded5b2051398.jpg\",\"width\":1024,\"height\":1024,\"caption\":\"Elevatesurf\"},\"image\":{\"@id\":\"https:\/\/elevatesurf.ch\/#\/schema\/logo\/image\/\"},\"sameAs\":[\"https:\/\/www.instagram.com\/elevate__surf\/\"]}]}<\/script>\n<!-- \/ Yoast SEO plugin. -->","yoast_head_json":{"title":"ROCKET WING 2024 - Elevatesurf","description":"Elevatesurf ROCKET WING 2024","robots":{"index":"index","follow":"follow","max-snippet":"max-snippet:-1","max-image-preview":"max-image-preview:large","max-video-preview":"max-video-preview:-1"},"canonical":"http:\/\/elevatesurf.ch\/fr\/product\/rocket-wing-2024\/","og_locale":"fr_FR","og_type":"article","og_title":"ROCKET WING 2024 - Elevatesurf","og_description":"Elevatesurf ROCKET WING 2024","og_url":"http:\/\/elevatesurf.ch\/fr\/product\/rocket-wing-2024\/","og_site_name":"Elevatesurf","article_modified_time":"2025-04-26T00:31:54+00:00","og_image":[{"width":1280,"height":1280,"url":"https:\/\/elevatesurf.ch\/wp-content\/uploads\/2025\/01\/77248-0501.png","type":"image\/png"}],"twitter_card":"summary_large_image","twitter_misc":{"Dur\u00e9e de lecture estim\u00e9e":"1 minute"},"schema":{"@context":"https:\/\/schema.org","@graph":[{"@type":["WebPage","ItemPage"],"@id":"https:\/\/elevatesurf.ch\/product\/rocket-wing-2024\/","url":"https:\/\/elevatesurf.ch\/product\/rocket-wing-2024\/","name":"ROCKET WING 2024 - Elevatesurf","isPartOf":{"@id":"https:\/\/elevatesurf.ch\/#website"},"primaryImageOfPage":{"@id":"https:\/\/elevatesurf.ch\/product\/rocket-wing-2024\/#primaryimage"},"image":{"@id":"https:\/\/elevatesurf.ch\/product\/rocket-wing-2024\/#primaryimage"},"thumbnailUrl":"https:\/\/elevatesurf.ch\/wp-content\/uploads\/2025\/01\/77248-0501.png","datePublished":"2025-01-08T07:26:19+00:00","dateModified":"2025-04-26T00:31:54+00:00","description":"Elevatesurf ROCKET WING 2024","breadcrumb":{"@id":"https:\/\/elevatesurf.ch\/product\/rocket-wing-2024\/#breadcrumb"},"inLanguage":"fr-FR","potentialAction":[{"@type":"ReadAction","target":["https:\/\/elevatesurf.ch\/product\/rocket-wing-2024\/"]}]},{"@type":"ImageObject","inLanguage":"fr-FR","@id":"https:\/\/elevatesurf.ch\/product\/rocket-wing-2024\/#primaryimage","url":"https:\/\/elevatesurf.ch\/wp-content\/uploads\/2025\/01\/77248-0501.png","contentUrl":"https:\/\/elevatesurf.ch\/wp-content\/uploads\/2025\/01\/77248-0501.png","width":1280,"height":1280},{"@type":"BreadcrumbList","@id":"https:\/\/elevatesurf.ch\/product\/rocket-wing-2024\/#breadcrumb","itemListElement":[{"@type":"ListItem","position":1,"name":"Accueil","item":"https:\/\/elevatesurf.ch\/"},{"@type":"ListItem","position":2,"name":"Shop &#8211; \u00c9levez Votre Exp\u00e9rience de Surf avec Notre Collection","item":"https:\/\/elevatesurf.ch\/shop\/"},{"@type":"ListItem","position":3,"name":"ROCKET WING 2024"}]},{"@type":"WebSite","@id":"https:\/\/elevatesurf.ch\/#website","url":"https:\/\/elevatesurf.ch\/","name":"Elevatesurf","description":"Surfez vers de nouveaux sommets avec ElevateSurf ! Kiteshop, Wingshop","publisher":{"@id":"https:\/\/elevatesurf.ch\/#organization"},"potentialAction":[{"@type":"SearchAction","target":{"@type":"EntryPoint","urlTemplate":"https:\/\/elevatesurf.ch\/?s={search_term_string}"},"query-input":"required name=search_term_string"}],"inLanguage":"fr-FR"},{"@type":"Organization","@id":"https:\/\/elevatesurf.ch\/#organization","name":"Elevatesurf","url":"https:\/\/elevatesurf.ch\/","logo":{"@type":"ImageObject","inLanguage":"fr-FR","@id":"https:\/\/elevatesurf.ch\/#\/schema\/logo\/image\/","url":"https:\/\/elevatesurf.ch\/wp-content\/uploads\/2024\/06\/67c2ec70-bdf5-4c14-898a-ded5b2051398.jpg","contentUrl":"https:\/\/elevatesurf.ch\/wp-content\/uploads\/2024\/06\/67c2ec70-bdf5-4c14-898a-ded5b2051398.jpg","width":1024,"height":1024,"caption":"Elevatesurf"},"image":{"@id":"https:\/\/elevatesurf.ch\/#\/schema\/logo\/image\/"},"sameAs":["https:\/\/www.instagram.com\/elevate__surf\/"]}]}},"_links":{"self":[{"href":"http:\/\/elevatesurf.ch\/fr\/wp-json\/wp\/v2\/product\/24260","targetHints":{"allow":["GET"]}}],"collection":[{"href":"http:\/\/elevatesurf.ch\/fr\/wp-json\/wp\/v2\/product"}],"about":[{"href":"http:\/\/elevatesurf.ch\/fr\/wp-json\/wp\/v2\/types\/product"}],"replies":[{"embeddable":true,"href":"http:\/\/elevatesurf.ch\/fr\/wp-json\/wp\/v2\/comments?post=24260"}],"wp:featuredmedia":[{"embeddable":true,"href":"http:\/\/elevatesurf.ch\/fr\/wp-json\/wp\/v2\/media\/24261"}],"wp:attachment":[{"href":"http:\/\/elevatesurf.ch\/fr\/wp-json\/wp\/v2\/media?parent=24260"}],"wp:term":[{"taxonomy":"product_cat","embeddable":true,"href":"http:\/\/elevatesurf.ch\/fr\/wp-json\/wp\/v2\/product_cat?post=24260"},{"taxonomy":"product_tag","embeddable":true,"href":"http:\/\/elevatesurf.ch\/fr\/wp-json\/wp\/v2\/product_tag?post=24260"}],"curies":[{"name":"wp","href":"https:\/\/api.w.org\/{rel}","templated":true}]}}