{"id":25520,"date":"2025-01-22T12:59:32","date_gmt":"2025-01-22T12:59:32","guid":{"rendered":"https:\/\/elevatesurf.ch\/product\/strike-v5-aluula\/"},"modified":"2025-03-21T12:36:15","modified_gmt":"2025-03-21T12:36:15","slug":"strike-v5-aluula","status":"publish","type":"product","link":"http:\/\/elevatesurf.ch\/fr\/product\/strike-v5-aluula\/","title":{"rendered":"STRIKE V5 ALUULA"},"content":{"rendered":"<h2>STRIKE ALUULA<\/h2>\n<p>Der neue F-ONE STRIKE ALUULA \u00fcbernimmt alles, was den Erfolg der STRIKE ausmacht, und<br \/>\nverbessert ihn dank des ALUULA-Gewebes.<br \/>\nDieser superleichte Wing bietet beeindruckende Freestyle-Leistungen und F\u00e4higkeiten sowie<br \/>\nh\u00f6here Effizienz und Komfort \u00fcber den gesamten Windbereich.<br \/>\nDas innovative und \u00fcberarbeitete Design verbessert die Spannungssteuerung, bietet mehr<br \/>\nStabilit\u00e4t und garantiert au\u00dfergew\u00f6hnliche Leistung \u00fcber die Zeit.<\/p>\n<ul>\n<li>Latte aus ALUULA f\u00fcr weniger Widerstand und mehr Leistung sowie geringeres Gewicht<\/li>\n<li>\u201eSweep Control Panel\u201c aus ALUULA f\u00fcr ideale Spannungskontrolle an der Hinterkante<\/li>\n<li>Unvergleichliche Geschwindigkeit, Man\u00f6vrierf\u00e4higkeit und Freestyle-F\u00e4higkeiten<\/li>\n<li>Beeindruckende Vorw\u00e4rtstraktion bei h\u00f6chstem Komfort<\/li>\n<li>Neues Profil f\u00fcr mehr Effizienz und Komfort im oberen Windbereich,<br \/>\nw\u00e4hrend ein exzellentes Angleiten beibehalten wird<\/li>\n<li>Optimierte Position der Schlaufen f\u00fcr die Kompatibilit\u00e4t eines einzelnen Booms mit<br \/>\nmehreren Gr\u00f6\u00dfen und Modellen der Wing-Serie<\/li>\n<\/ul>\n<p>&nbsp;<\/p>\n<p>Dank des strategisch platzierten ALUULA-Gewebes mit 103 g, das ultra leicht und steif ist,<br \/>\nist der neue STRIKE ALUULA nicht nur leichter, sondern auch reaktionsschneller.<br \/>\nEr bietet unvergleichliche Geschwindigkeit und Freestyle-Leistungen.<br \/>\nMit diesem Wing sind neue Sprungh\u00f6hen und Weltrekorde in greifbarer N\u00e4he.<\/p>\n<p>Dieser Wing profitiert auch von unserem innovativen Sweep Control Panel, das die Spannung<br \/>\nan der Hinterkante reguliert, Stabilit\u00e4t, H\u00f6helaufen, Geschwindigkeit und nachhaltige Leistung<br \/>\ngarantiert.<br \/>\nDas Sweep Control Panel aus ALUULA bei diesem Modell verst\u00e4rkt die Vorderkante optimal<br \/>\nund kontrolliert deren Verformung nach hinten, w\u00e4hrend seitlicher Flexibilit\u00e4t f\u00fcr Komfort<br \/>\nund Energier\u00fcckgabe beim Pumpen erhalten bleibt.<\/p>\n<p>Die Latte dieses neuen Wings besteht ebenfalls aus ALUULA, was mehr Steifigkeit und Kontrolle<br \/>\nbringt.<br \/>\nDank der mechanischen Eigenschaften dieses leichten und robusten Gewebes ist die Latte<br \/>\nauch d\u00fcnner.<br \/>\nDas reduziert den Widerstand und das Gewicht erheblich, was \u00dcberg\u00e4nge und freies Fliegen<br \/>\nbeg\u00fcnstigt.<\/p>\n<p>Das neue Profil des STRIKE ALUULA bietet mehr Effizienz und besseren Komfort bei starkem<br \/>\nWind.<br \/>\nEs erm\u00f6glicht ein exzellentes Angleiten und bietet das \u201eGoing Forward\u201c-Gef\u00fchl der STRIKE<br \/>\nmit ihrer einzigartigen Vorw\u00e4rtstraktion.<br \/>\nEin neuer Radialschnitt minimiert Verformungen des Wings, w\u00e4hrend die Latte und ihre neue<br \/>\nVerbindung zur Vorderkante die Stabilit\u00e4t und H\u00f6helauf-Eigenschaften unter allen Bedingungen<br \/>\ndeutlich verbessern.<\/p>\n<p>Dank seines optimierten Designs, seiner Steifigkeit, Beschleunigung, massiven Pops und<br \/>\nHangtime wird der STRIKE ALUULA auch Ihre Freestyle-Performance verbessern.<br \/>\nBei Rotationen dreht sich der Wing m\u00fchelos von selbst, sodass Sie alle Ihre Tricks stehen<br \/>\nund neue ausprobieren k\u00f6nnen.<\/p>\n<p>Die optimierte Positionierung der Schlaufen erm\u00f6glicht es, dass ein einzelner Carbon-Boom<br \/>\nan mehrere Gr\u00f6\u00dfen und Modelle der gesamten F-ONE Wing-Reihe angepasst werden kann.<\/p>\n","protected":false},"excerpt":{"rendered":"<p>Der neue STRIKE ALUULA kombiniert das Beste der STRIKE-Serie mit innovativem ALUULA-Gewebe.<br \/>\nDieser ultraleichte Wing bietet unvergleichliche Stabilit\u00e4t, Effizienz und Freestyle-Leistung \u00fcber den gesamten Windbereich.<br \/>\nOptimiertes Design mit Sweep Control Panel und ALUULA-Latte sorgt f\u00fcr weniger Widerstand, mehr Kontrolle und maximale Performance.<br \/>\nPerfekt f\u00fcr Freestyle und H\u00f6chstleistungen.<\/p>\n","protected":false},"featured_media":25489,"comment_status":"closed","ping_status":"closed","template":"","meta":[],"product_cat":[139],"product_tag":[],"class_list":{"0":"post-25520","1":"product","2":"type-product","3":"status-publish","4":"has-post-thumbnail","6":"product_cat-wings","7":"pa_couleur-a-onyx","8":"pa_saison-708","9":"product_brand-f-one-neuchatel","11":"first","12":"onbackorder","13":"purchasable","14":"product-type-variable"},"yoast_head":"<!-- This site is optimized with the Yoast SEO plugin v22.8 - https:\/\/yoast.com\/wordpress\/plugins\/seo\/ -->\n<title>STRIKE V5 ALUULA - Elevatesurf<\/title>\n<meta name=\"description\" content=\"Elevatesurf STRIKE V5 ALUULA\" \/>\n<meta name=\"robots\" content=\"index, follow, max-snippet:-1, max-image-preview:large, max-video-preview:-1\" \/>\n<link rel=\"canonical\" href=\"http:\/\/elevatesurf.ch\/fr\/product\/strike-v5-aluula\/\" \/>\n<meta property=\"og:locale\" content=\"fr_FR\" \/>\n<meta property=\"og:type\" content=\"article\" \/>\n<meta property=\"og:title\" content=\"STRIKE V5 ALUULA - Elevatesurf\" \/>\n<meta property=\"og:description\" content=\"Elevatesurf STRIKE V5 ALUULA\" \/>\n<meta property=\"og:url\" content=\"http:\/\/elevatesurf.ch\/fr\/product\/strike-v5-aluula\/\" \/>\n<meta property=\"og:site_name\" content=\"Elevatesurf\" \/>\n<meta property=\"article:modified_time\" content=\"2025-03-21T12:36:15+00:00\" \/>\n<meta property=\"og:image\" content=\"https:\/\/elevatesurf.ch\/wp-content\/uploads\/2025\/01\/STRIKE-2025-ALUULA-2.png\" \/>\n\t<meta property=\"og:image:width\" content=\"1600\" \/>\n\t<meta property=\"og:image:height\" content=\"1600\" \/>\n\t<meta property=\"og:image:type\" content=\"image\/png\" \/>\n<meta name=\"twitter:card\" content=\"summary_large_image\" \/>\n<meta name=\"twitter:label1\" content=\"Dur\u00e9e de lecture estim\u00e9e\" \/>\n\t<meta name=\"twitter:data1\" content=\"2 minutes\" \/>\n<script type=\"application\/ld+json\" class=\"yoast-schema-graph\">{\"@context\":\"https:\/\/schema.org\",\"@graph\":[{\"@type\":[\"WebPage\",\"ItemPage\"],\"@id\":\"https:\/\/elevatesurf.ch\/product\/strike-v5-aluula\/\",\"url\":\"https:\/\/elevatesurf.ch\/product\/strike-v5-aluula\/\",\"name\":\"STRIKE V5 ALUULA - Elevatesurf\",\"isPartOf\":{\"@id\":\"https:\/\/elevatesurf.ch\/#website\"},\"primaryImageOfPage\":{\"@id\":\"https:\/\/elevatesurf.ch\/product\/strike-v5-aluula\/#primaryimage\"},\"image\":{\"@id\":\"https:\/\/elevatesurf.ch\/product\/strike-v5-aluula\/#primaryimage\"},\"thumbnailUrl\":\"https:\/\/elevatesurf.ch\/wp-content\/uploads\/2025\/01\/STRIKE-2025-ALUULA-2.png\",\"datePublished\":\"2025-01-22T12:59:32+00:00\",\"dateModified\":\"2025-03-21T12:36:15+00:00\",\"description\":\"Elevatesurf STRIKE V5 ALUULA\",\"breadcrumb\":{\"@id\":\"https:\/\/elevatesurf.ch\/product\/strike-v5-aluula\/#breadcrumb\"},\"inLanguage\":\"fr-FR\",\"potentialAction\":[{\"@type\":\"ReadAction\",\"target\":[\"https:\/\/elevatesurf.ch\/product\/strike-v5-aluula\/\"]}]},{\"@type\":\"ImageObject\",\"inLanguage\":\"fr-FR\",\"@id\":\"https:\/\/elevatesurf.ch\/product\/strike-v5-aluula\/#primaryimage\",\"url\":\"https:\/\/elevatesurf.ch\/wp-content\/uploads\/2025\/01\/STRIKE-2025-ALUULA-2.png\",\"contentUrl\":\"https:\/\/elevatesurf.ch\/wp-content\/uploads\/2025\/01\/STRIKE-2025-ALUULA-2.png\",\"width\":1600,\"height\":1600},{\"@type\":\"BreadcrumbList\",\"@id\":\"https:\/\/elevatesurf.ch\/product\/strike-v5-aluula\/#breadcrumb\",\"itemListElement\":[{\"@type\":\"ListItem\",\"position\":1,\"name\":\"Accueil\",\"item\":\"https:\/\/elevatesurf.ch\/\"},{\"@type\":\"ListItem\",\"position\":2,\"name\":\"Shop &#8211; \u00c9levez Votre Exp\u00e9rience de Surf avec Notre Collection\",\"item\":\"https:\/\/elevatesurf.ch\/shop\/\"},{\"@type\":\"ListItem\",\"position\":3,\"name\":\"STRIKE V5 ALUULA\"}]},{\"@type\":\"WebSite\",\"@id\":\"https:\/\/elevatesurf.ch\/#website\",\"url\":\"https:\/\/elevatesurf.ch\/\",\"name\":\"Elevatesurf\",\"description\":\"Surfez vers de nouveaux sommets avec ElevateSurf ! Kiteshop, Wingshop\",\"publisher\":{\"@id\":\"https:\/\/elevatesurf.ch\/#organization\"},\"potentialAction\":[{\"@type\":\"SearchAction\",\"target\":{\"@type\":\"EntryPoint\",\"urlTemplate\":\"https:\/\/elevatesurf.ch\/?s={search_term_string}\"},\"query-input\":\"required name=search_term_string\"}],\"inLanguage\":\"fr-FR\"},{\"@type\":\"Organization\",\"@id\":\"https:\/\/elevatesurf.ch\/#organization\",\"name\":\"Elevatesurf\",\"url\":\"https:\/\/elevatesurf.ch\/\",\"logo\":{\"@type\":\"ImageObject\",\"inLanguage\":\"fr-FR\",\"@id\":\"https:\/\/elevatesurf.ch\/#\/schema\/logo\/image\/\",\"url\":\"https:\/\/elevatesurf.ch\/wp-content\/uploads\/2024\/06\/67c2ec70-bdf5-4c14-898a-ded5b2051398.jpg\",\"contentUrl\":\"https:\/\/elevatesurf.ch\/wp-content\/uploads\/2024\/06\/67c2ec70-bdf5-4c14-898a-ded5b2051398.jpg\",\"width\":1024,\"height\":1024,\"caption\":\"Elevatesurf\"},\"image\":{\"@id\":\"https:\/\/elevatesurf.ch\/#\/schema\/logo\/image\/\"},\"sameAs\":[\"https:\/\/www.instagram.com\/elevate__surf\/\"]}]}<\/script>\n<!-- \/ Yoast SEO plugin. -->","yoast_head_json":{"title":"STRIKE V5 ALUULA - Elevatesurf","description":"Elevatesurf STRIKE V5 ALUULA","robots":{"index":"index","follow":"follow","max-snippet":"max-snippet:-1","max-image-preview":"max-image-preview:large","max-video-preview":"max-video-preview:-1"},"canonical":"http:\/\/elevatesurf.ch\/fr\/product\/strike-v5-aluula\/","og_locale":"fr_FR","og_type":"article","og_title":"STRIKE V5 ALUULA - Elevatesurf","og_description":"Elevatesurf STRIKE V5 ALUULA","og_url":"http:\/\/elevatesurf.ch\/fr\/product\/strike-v5-aluula\/","og_site_name":"Elevatesurf","article_modified_time":"2025-03-21T12:36:15+00:00","og_image":[{"width":1600,"height":1600,"url":"https:\/\/elevatesurf.ch\/wp-content\/uploads\/2025\/01\/STRIKE-2025-ALUULA-2.png","type":"image\/png"}],"twitter_card":"summary_large_image","twitter_misc":{"Dur\u00e9e de lecture estim\u00e9e":"2 minutes"},"schema":{"@context":"https:\/\/schema.org","@graph":[{"@type":["WebPage","ItemPage"],"@id":"https:\/\/elevatesurf.ch\/product\/strike-v5-aluula\/","url":"https:\/\/elevatesurf.ch\/product\/strike-v5-aluula\/","name":"STRIKE V5 ALUULA - Elevatesurf","isPartOf":{"@id":"https:\/\/elevatesurf.ch\/#website"},"primaryImageOfPage":{"@id":"https:\/\/elevatesurf.ch\/product\/strike-v5-aluula\/#primaryimage"},"image":{"@id":"https:\/\/elevatesurf.ch\/product\/strike-v5-aluula\/#primaryimage"},"thumbnailUrl":"https:\/\/elevatesurf.ch\/wp-content\/uploads\/2025\/01\/STRIKE-2025-ALUULA-2.png","datePublished":"2025-01-22T12:59:32+00:00","dateModified":"2025-03-21T12:36:15+00:00","description":"Elevatesurf STRIKE V5 ALUULA","breadcrumb":{"@id":"https:\/\/elevatesurf.ch\/product\/strike-v5-aluula\/#breadcrumb"},"inLanguage":"fr-FR","potentialAction":[{"@type":"ReadAction","target":["https:\/\/elevatesurf.ch\/product\/strike-v5-aluula\/"]}]},{"@type":"ImageObject","inLanguage":"fr-FR","@id":"https:\/\/elevatesurf.ch\/product\/strike-v5-aluula\/#primaryimage","url":"https:\/\/elevatesurf.ch\/wp-content\/uploads\/2025\/01\/STRIKE-2025-ALUULA-2.png","contentUrl":"https:\/\/elevatesurf.ch\/wp-content\/uploads\/2025\/01\/STRIKE-2025-ALUULA-2.png","width":1600,"height":1600},{"@type":"BreadcrumbList","@id":"https:\/\/elevatesurf.ch\/product\/strike-v5-aluula\/#breadcrumb","itemListElement":[{"@type":"ListItem","position":1,"name":"Accueil","item":"https:\/\/elevatesurf.ch\/"},{"@type":"ListItem","position":2,"name":"Shop &#8211; \u00c9levez Votre Exp\u00e9rience de Surf avec Notre Collection","item":"https:\/\/elevatesurf.ch\/shop\/"},{"@type":"ListItem","position":3,"name":"STRIKE V5 ALUULA"}]},{"@type":"WebSite","@id":"https:\/\/elevatesurf.ch\/#website","url":"https:\/\/elevatesurf.ch\/","name":"Elevatesurf","description":"Surfez vers de nouveaux sommets avec ElevateSurf ! Kiteshop, Wingshop","publisher":{"@id":"https:\/\/elevatesurf.ch\/#organization"},"potentialAction":[{"@type":"SearchAction","target":{"@type":"EntryPoint","urlTemplate":"https:\/\/elevatesurf.ch\/?s={search_term_string}"},"query-input":"required name=search_term_string"}],"inLanguage":"fr-FR"},{"@type":"Organization","@id":"https:\/\/elevatesurf.ch\/#organization","name":"Elevatesurf","url":"https:\/\/elevatesurf.ch\/","logo":{"@type":"ImageObject","inLanguage":"fr-FR","@id":"https:\/\/elevatesurf.ch\/#\/schema\/logo\/image\/","url":"https:\/\/elevatesurf.ch\/wp-content\/uploads\/2024\/06\/67c2ec70-bdf5-4c14-898a-ded5b2051398.jpg","contentUrl":"https:\/\/elevatesurf.ch\/wp-content\/uploads\/2024\/06\/67c2ec70-bdf5-4c14-898a-ded5b2051398.jpg","width":1024,"height":1024,"caption":"Elevatesurf"},"image":{"@id":"https:\/\/elevatesurf.ch\/#\/schema\/logo\/image\/"},"sameAs":["https:\/\/www.instagram.com\/elevate__surf\/"]}]}},"_links":{"self":[{"href":"http:\/\/elevatesurf.ch\/fr\/wp-json\/wp\/v2\/product\/25520","targetHints":{"allow":["GET"]}}],"collection":[{"href":"http:\/\/elevatesurf.ch\/fr\/wp-json\/wp\/v2\/product"}],"about":[{"href":"http:\/\/elevatesurf.ch\/fr\/wp-json\/wp\/v2\/types\/product"}],"replies":[{"embeddable":true,"href":"http:\/\/elevatesurf.ch\/fr\/wp-json\/wp\/v2\/comments?post=25520"}],"wp:featuredmedia":[{"embeddable":true,"href":"http:\/\/elevatesurf.ch\/fr\/wp-json\/wp\/v2\/media\/25489"}],"wp:attachment":[{"href":"http:\/\/elevatesurf.ch\/fr\/wp-json\/wp\/v2\/media?parent=25520"}],"wp:term":[{"taxonomy":"product_cat","embeddable":true,"href":"http:\/\/elevatesurf.ch\/fr\/wp-json\/wp\/v2\/product_cat?post=25520"},{"taxonomy":"product_tag","embeddable":true,"href":"http:\/\/elevatesurf.ch\/fr\/wp-json\/wp\/v2\/product_tag?post=25520"}],"curies":[{"name":"wp","href":"https:\/\/api.w.org\/{rel}","templated":true}]}}