{"id":25579,"date":"2025-01-29T19:02:40","date_gmt":"2025-01-29T19:02:40","guid":{"rendered":"https:\/\/elevatesurf.ch\/product\/rocket-wing-s-2\/"},"modified":"2025-06-08T16:57:08","modified_gmt":"2025-06-08T16:57:08","slug":"rocket-wing-s-2","status":"publish","type":"product","link":"http:\/\/elevatesurf.ch\/fr\/product\/rocket-wing-s-2\/","title":{"rendered":"ROCKET WING &#8211; S"},"content":{"rendered":"<h2>ROCKET WING-S \u2013 Grenzenlose M\u00f6glichkeiten erleben<\/h2>\n<p>Mit seiner bahnbrechenden Form definiert das ROCKET WING-S das Wingfoilen in den Wellen neu.<br \/>\nEs bietet fantastische Beschleunigung f\u00fcr einen unglaublich effizienten Start und maximiert Ihre Wellenreitzeit.<br \/>\nEinmal in der Luft, genie\u00dfen Sie seine Reaktionsf\u00e4higkeit und Man\u00f6vrierbarkeit, um wie nie zuvor zu carven.<\/p>\n<ul>\n<li>Verbesserte Form f\u00fcr effiziente Starts und volle Kontrolle in der Luft.<\/li>\n<li>Stabil, komfortabel und reaktionsschnell, erm\u00f6glicht engagierte Turns.<\/li>\n<li>Vertieftes Deck zur Senkung des Schwerpunkts f\u00fcr exzellente Boardkontrolle.<\/li>\n<li>Gew\u00f6lbtes Vorderdeck zur Volumenerh\u00f6hung f\u00fcr einfache Wasserstarts.<\/li>\n<li>Kompakte Umrisse an Heck und Nase f\u00fcr fantastische Man\u00f6vrierf\u00e4higkeit.<\/li>\n<\/ul>\n<p>&nbsp;<\/p>\n<p>Einmal auf der Welle ist das ROCKET WING-S in seinem Element.<br \/>\nSuper reaktionsschnell, jede Eingabe wirkt sich sofort auf das Foil aus.<br \/>\nEs erm\u00f6glicht Ihnen intuitiv, sich in Ihre Turns zu lehnen und Ihr Wellenreiten auf das n\u00e4chste Level zu heben.<\/p>\n<p>Obwohl es die gleichen kompakten L\u00e4ngen wie das ROCKET WING aufweist, sind diese Boards schmaler und haben etwas weniger Volumen, was sie im Surf man\u00f6vrierf\u00e4higer macht.<\/p>\n<p>Im Vergleich zu unseren vorherigen Modellen haben die neuen ROCKET WING-S bei gleicher L\u00e4nge etwas mehr Volumen, was es Ihnen erm\u00f6glicht, ein kleineres Board mit gleichem Volumen oder ein stabileres, gr\u00f6\u00dferes Board mit gleicher L\u00e4nge zu w\u00e4hlen.<br \/>\nDie kompakte Form und der Umriss des Boards erh\u00f6hen seine Gesamtman\u00f6vrierf\u00e4higkeit und Leistung.<\/p>\n<p>Das Volumen ist perfekt verteilt, um w\u00e4hrend des Starts oder im Flug gro\u00dfe Stabilit\u00e4t, Balance und Kontrolle zu bieten.<br \/>\nDie gew\u00f6lbte Nase f\u00fcgt vorne Volumen f\u00fcr einfache und schnelle Starts hinzu, w\u00e4hrend das ergonomisch vertiefte Deck Sie n\u00e4her an das Foil bringt, um sich immer mit dem Board verbunden zu f\u00fchlen.<br \/>\nDer Rocker ist im hinteren Fu\u00df- und Foilbereich gerader, was zu einem besseren Gleichgewicht in allen Phasen der Fahrt f\u00fchrt.<\/p>\n<p>Starts waren noch nie so reibungslos dank des doppelten konkaven Rumpfes und des abgeschr\u00e4gten Schienenprofils, das sich bis zum Heck erstreckt und das Pumpen erleichtert, um in k\u00fcrzester Zeit in die Luft zu kommen.<br \/>\nIn der N\u00e4he des Hecks hilft eine ausgepr\u00e4gte Stufe am Rumpf und den Abschr\u00e4gungen, sich vom Wasser zu l\u00f6sen und den Widerstand zu verringern, was zu verbesserten Starts und st\u00e4rkeren Beschleunigungen f\u00fchrt.<br \/>\nDie Surf-\u00e4hnliche Nasenform l\u00e4sst Sie sich in den Wellen super wohl f\u00fchlen und hilft Ihnen, schnell wieder aufzustehen, wenn das Board eintaucht.<\/p>\n<p>Schlie\u00dflich schaffen die Bambuskonstruktion und die Bambusverst\u00e4rkungen auf dem Deck eine hochresistente und leichte H\u00fclle rundum.<\/p>\n<p>Die ROCKET WING-S Reihe wurde erheblich erweitert und umfasst 12 Gr\u00f6\u00dfen von 3&rsquo;6&Prime; (20L) bis 5&rsquo;4&Prime; (80L).<\/p>\n","protected":false},"excerpt":{"rendered":"<p>Das ROCKET WING-S Board bietet mit seiner innovativen Form effiziente Starts, hervorragende Kontrolle und beeindruckende Man\u00f6vrierf\u00e4higkeit.<br \/>\nIdeal f\u00fcr fortgeschrittene Wingfoiler, die ihre Wellenreitf\u00e4higkeiten verbessern m\u00f6chten.<\/p>\n","protected":false},"featured_media":25580,"comment_status":"closed","ping_status":"closed","template":"","meta":[],"product_cat":[715,138],"product_tag":[],"class_list":{"0":"post-25579","1":"product","2":"type-product","3":"status-publish","4":"has-post-thumbnail","6":"product_cat-boards-wing-foil","7":"product_cat-wingfoil-suisse-acheter","8":"pa_saison-543","9":"product_brand-indiana-suisse","11":"first","12":"onbackorder","13":"purchasable","14":"product-type-variable"},"yoast_head":"<!-- This site is optimized with the Yoast SEO plugin v22.8 - https:\/\/yoast.com\/wordpress\/plugins\/seo\/ -->\n<title>ROCKET WING - S - Elevatesurf<\/title>\n<meta name=\"description\" content=\"Elevatesurf ROCKET WING - S\" \/>\n<meta name=\"robots\" content=\"index, follow, max-snippet:-1, max-image-preview:large, max-video-preview:-1\" \/>\n<link rel=\"canonical\" href=\"http:\/\/elevatesurf.ch\/fr\/product\/rocket-wing-s-2\/\" \/>\n<meta property=\"og:locale\" content=\"fr_FR\" \/>\n<meta property=\"og:type\" content=\"article\" \/>\n<meta property=\"og:title\" content=\"ROCKET WING - S - Elevatesurf\" \/>\n<meta property=\"og:description\" content=\"Elevatesurf ROCKET WING - S\" \/>\n<meta property=\"og:url\" content=\"http:\/\/elevatesurf.ch\/fr\/product\/rocket-wing-s-2\/\" \/>\n<meta property=\"og:site_name\" content=\"Elevatesurf\" \/>\n<meta property=\"article:modified_time\" content=\"2025-06-08T16:57:08+00:00\" \/>\n<meta property=\"og:image\" content=\"https:\/\/elevatesurf.ch\/wp-content\/uploads\/2025\/01\/rocket-surf-27-1280x1280-1-1.png\" \/>\n\t<meta property=\"og:image:width\" content=\"1280\" \/>\n\t<meta property=\"og:image:height\" content=\"1280\" \/>\n\t<meta property=\"og:image:type\" content=\"image\/png\" \/>\n<meta name=\"twitter:card\" content=\"summary_large_image\" \/>\n<meta name=\"twitter:label1\" content=\"Dur\u00e9e de lecture estim\u00e9e\" \/>\n\t<meta name=\"twitter:data1\" content=\"3 minutes\" \/>\n<script type=\"application\/ld+json\" class=\"yoast-schema-graph\">{\"@context\":\"https:\/\/schema.org\",\"@graph\":[{\"@type\":[\"WebPage\",\"ItemPage\"],\"@id\":\"https:\/\/elevatesurf.ch\/product\/rocket-wing-s-2\/\",\"url\":\"https:\/\/elevatesurf.ch\/product\/rocket-wing-s-2\/\",\"name\":\"ROCKET WING - S - Elevatesurf\",\"isPartOf\":{\"@id\":\"https:\/\/elevatesurf.ch\/#website\"},\"primaryImageOfPage\":{\"@id\":\"https:\/\/elevatesurf.ch\/product\/rocket-wing-s-2\/#primaryimage\"},\"image\":{\"@id\":\"https:\/\/elevatesurf.ch\/product\/rocket-wing-s-2\/#primaryimage\"},\"thumbnailUrl\":\"https:\/\/elevatesurf.ch\/wp-content\/uploads\/2025\/01\/rocket-surf-27-1280x1280-1-1.png\",\"datePublished\":\"2025-01-29T19:02:40+00:00\",\"dateModified\":\"2025-06-08T16:57:08+00:00\",\"description\":\"Elevatesurf ROCKET WING - S\",\"breadcrumb\":{\"@id\":\"https:\/\/elevatesurf.ch\/product\/rocket-wing-s-2\/#breadcrumb\"},\"inLanguage\":\"fr-FR\",\"potentialAction\":[{\"@type\":\"ReadAction\",\"target\":[\"https:\/\/elevatesurf.ch\/product\/rocket-wing-s-2\/\"]}]},{\"@type\":\"ImageObject\",\"inLanguage\":\"fr-FR\",\"@id\":\"https:\/\/elevatesurf.ch\/product\/rocket-wing-s-2\/#primaryimage\",\"url\":\"https:\/\/elevatesurf.ch\/wp-content\/uploads\/2025\/01\/rocket-surf-27-1280x1280-1-1.png\",\"contentUrl\":\"https:\/\/elevatesurf.ch\/wp-content\/uploads\/2025\/01\/rocket-surf-27-1280x1280-1-1.png\",\"width\":1280,\"height\":1280},{\"@type\":\"BreadcrumbList\",\"@id\":\"https:\/\/elevatesurf.ch\/product\/rocket-wing-s-2\/#breadcrumb\",\"itemListElement\":[{\"@type\":\"ListItem\",\"position\":1,\"name\":\"Accueil\",\"item\":\"https:\/\/elevatesurf.ch\/\"},{\"@type\":\"ListItem\",\"position\":2,\"name\":\"Shop &#8211; \u00c9levez Votre Exp\u00e9rience de Surf avec Notre Collection\",\"item\":\"https:\/\/elevatesurf.ch\/shop\/\"},{\"@type\":\"ListItem\",\"position\":3,\"name\":\"ROCKET WING &#8211; S\"}]},{\"@type\":\"WebSite\",\"@id\":\"https:\/\/elevatesurf.ch\/#website\",\"url\":\"https:\/\/elevatesurf.ch\/\",\"name\":\"Elevatesurf\",\"description\":\"Surfez vers de nouveaux sommets avec ElevateSurf ! Kiteshop, Wingshop\",\"publisher\":{\"@id\":\"https:\/\/elevatesurf.ch\/#organization\"},\"potentialAction\":[{\"@type\":\"SearchAction\",\"target\":{\"@type\":\"EntryPoint\",\"urlTemplate\":\"https:\/\/elevatesurf.ch\/?s={search_term_string}\"},\"query-input\":\"required name=search_term_string\"}],\"inLanguage\":\"fr-FR\"},{\"@type\":\"Organization\",\"@id\":\"https:\/\/elevatesurf.ch\/#organization\",\"name\":\"Elevatesurf\",\"url\":\"https:\/\/elevatesurf.ch\/\",\"logo\":{\"@type\":\"ImageObject\",\"inLanguage\":\"fr-FR\",\"@id\":\"https:\/\/elevatesurf.ch\/#\/schema\/logo\/image\/\",\"url\":\"https:\/\/elevatesurf.ch\/wp-content\/uploads\/2024\/06\/67c2ec70-bdf5-4c14-898a-ded5b2051398.jpg\",\"contentUrl\":\"https:\/\/elevatesurf.ch\/wp-content\/uploads\/2024\/06\/67c2ec70-bdf5-4c14-898a-ded5b2051398.jpg\",\"width\":1024,\"height\":1024,\"caption\":\"Elevatesurf\"},\"image\":{\"@id\":\"https:\/\/elevatesurf.ch\/#\/schema\/logo\/image\/\"},\"sameAs\":[\"https:\/\/www.instagram.com\/elevate__surf\/\"]}]}<\/script>\n<!-- \/ Yoast SEO plugin. -->","yoast_head_json":{"title":"ROCKET WING - S - Elevatesurf","description":"Elevatesurf ROCKET WING - S","robots":{"index":"index","follow":"follow","max-snippet":"max-snippet:-1","max-image-preview":"max-image-preview:large","max-video-preview":"max-video-preview:-1"},"canonical":"http:\/\/elevatesurf.ch\/fr\/product\/rocket-wing-s-2\/","og_locale":"fr_FR","og_type":"article","og_title":"ROCKET WING - S - Elevatesurf","og_description":"Elevatesurf ROCKET WING - S","og_url":"http:\/\/elevatesurf.ch\/fr\/product\/rocket-wing-s-2\/","og_site_name":"Elevatesurf","article_modified_time":"2025-06-08T16:57:08+00:00","og_image":[{"width":1280,"height":1280,"url":"https:\/\/elevatesurf.ch\/wp-content\/uploads\/2025\/01\/rocket-surf-27-1280x1280-1-1.png","type":"image\/png"}],"twitter_card":"summary_large_image","twitter_misc":{"Dur\u00e9e de lecture estim\u00e9e":"3 minutes"},"schema":{"@context":"https:\/\/schema.org","@graph":[{"@type":["WebPage","ItemPage"],"@id":"https:\/\/elevatesurf.ch\/product\/rocket-wing-s-2\/","url":"https:\/\/elevatesurf.ch\/product\/rocket-wing-s-2\/","name":"ROCKET WING - S - Elevatesurf","isPartOf":{"@id":"https:\/\/elevatesurf.ch\/#website"},"primaryImageOfPage":{"@id":"https:\/\/elevatesurf.ch\/product\/rocket-wing-s-2\/#primaryimage"},"image":{"@id":"https:\/\/elevatesurf.ch\/product\/rocket-wing-s-2\/#primaryimage"},"thumbnailUrl":"https:\/\/elevatesurf.ch\/wp-content\/uploads\/2025\/01\/rocket-surf-27-1280x1280-1-1.png","datePublished":"2025-01-29T19:02:40+00:00","dateModified":"2025-06-08T16:57:08+00:00","description":"Elevatesurf ROCKET WING - S","breadcrumb":{"@id":"https:\/\/elevatesurf.ch\/product\/rocket-wing-s-2\/#breadcrumb"},"inLanguage":"fr-FR","potentialAction":[{"@type":"ReadAction","target":["https:\/\/elevatesurf.ch\/product\/rocket-wing-s-2\/"]}]},{"@type":"ImageObject","inLanguage":"fr-FR","@id":"https:\/\/elevatesurf.ch\/product\/rocket-wing-s-2\/#primaryimage","url":"https:\/\/elevatesurf.ch\/wp-content\/uploads\/2025\/01\/rocket-surf-27-1280x1280-1-1.png","contentUrl":"https:\/\/elevatesurf.ch\/wp-content\/uploads\/2025\/01\/rocket-surf-27-1280x1280-1-1.png","width":1280,"height":1280},{"@type":"BreadcrumbList","@id":"https:\/\/elevatesurf.ch\/product\/rocket-wing-s-2\/#breadcrumb","itemListElement":[{"@type":"ListItem","position":1,"name":"Accueil","item":"https:\/\/elevatesurf.ch\/"},{"@type":"ListItem","position":2,"name":"Shop &#8211; \u00c9levez Votre Exp\u00e9rience de Surf avec Notre Collection","item":"https:\/\/elevatesurf.ch\/shop\/"},{"@type":"ListItem","position":3,"name":"ROCKET WING &#8211; S"}]},{"@type":"WebSite","@id":"https:\/\/elevatesurf.ch\/#website","url":"https:\/\/elevatesurf.ch\/","name":"Elevatesurf","description":"Surfez vers de nouveaux sommets avec ElevateSurf ! Kiteshop, Wingshop","publisher":{"@id":"https:\/\/elevatesurf.ch\/#organization"},"potentialAction":[{"@type":"SearchAction","target":{"@type":"EntryPoint","urlTemplate":"https:\/\/elevatesurf.ch\/?s={search_term_string}"},"query-input":"required name=search_term_string"}],"inLanguage":"fr-FR"},{"@type":"Organization","@id":"https:\/\/elevatesurf.ch\/#organization","name":"Elevatesurf","url":"https:\/\/elevatesurf.ch\/","logo":{"@type":"ImageObject","inLanguage":"fr-FR","@id":"https:\/\/elevatesurf.ch\/#\/schema\/logo\/image\/","url":"https:\/\/elevatesurf.ch\/wp-content\/uploads\/2024\/06\/67c2ec70-bdf5-4c14-898a-ded5b2051398.jpg","contentUrl":"https:\/\/elevatesurf.ch\/wp-content\/uploads\/2024\/06\/67c2ec70-bdf5-4c14-898a-ded5b2051398.jpg","width":1024,"height":1024,"caption":"Elevatesurf"},"image":{"@id":"https:\/\/elevatesurf.ch\/#\/schema\/logo\/image\/"},"sameAs":["https:\/\/www.instagram.com\/elevate__surf\/"]}]}},"_links":{"self":[{"href":"http:\/\/elevatesurf.ch\/fr\/wp-json\/wp\/v2\/product\/25579","targetHints":{"allow":["GET"]}}],"collection":[{"href":"http:\/\/elevatesurf.ch\/fr\/wp-json\/wp\/v2\/product"}],"about":[{"href":"http:\/\/elevatesurf.ch\/fr\/wp-json\/wp\/v2\/types\/product"}],"replies":[{"embeddable":true,"href":"http:\/\/elevatesurf.ch\/fr\/wp-json\/wp\/v2\/comments?post=25579"}],"wp:featuredmedia":[{"embeddable":true,"href":"http:\/\/elevatesurf.ch\/fr\/wp-json\/wp\/v2\/media\/25580"}],"wp:attachment":[{"href":"http:\/\/elevatesurf.ch\/fr\/wp-json\/wp\/v2\/media?parent=25579"}],"wp:term":[{"taxonomy":"product_cat","embeddable":true,"href":"http:\/\/elevatesurf.ch\/fr\/wp-json\/wp\/v2\/product_cat?post=25579"},{"taxonomy":"product_tag","embeddable":true,"href":"http:\/\/elevatesurf.ch\/fr\/wp-json\/wp\/v2\/product_tag?post=25579"}],"curies":[{"name":"wp","href":"https:\/\/api.w.org\/{rel}","templated":true}]}}