{"id":25950,"date":"2025-04-01T05:12:52","date_gmt":"2025-04-01T05:12:52","guid":{"rendered":"https:\/\/elevatesurf.ch\/product\/indiana-106-wing-wind-allround-inflatable\/"},"modified":"2025-06-19T00:00:33","modified_gmt":"2025-06-19T00:00:33","slug":"indiana-106-wing-wind-allround-inflatable","status":"publish","type":"product","link":"http:\/\/elevatesurf.ch\/fr\/product\/indiana-106-wing-wind-allround-inflatable\/","title":{"rendered":"Indiana 10&rsquo;6 Wing &amp; Wind Allround Inflatable"},"content":{"rendered":"<p>Das 10&rsquo;6 Wing Allround Board besticht durch seinen riesigen Einsatzbereich. Wenns windet kann man damit Wing oder Wind-Surfen. Bei schwachem Wind helfen die beiden Sidefins die in den Air7-Clickfinboxen befestigt werden die H\u00f6he zu halten. Bei st\u00e4rkerem Wind reicht die 9\u00a0\u00bb Allround Finne auf Spur zu bleiben und die sehr lange Silikon-Speed Tail hilft den n\u00f6tigen Speed f\u00fcr die Gleitfahrt zu erreichen. Nat\u00fcrlich kann man das Board auch als Allround SUP einsetzen und damit sogar auch moderate Wellen abzureiten. Die richtige Wahl f\u00fcr die aktive Familie oder als All In One Board f\u00fcr das Campingbus-Inventar.Supercool! 9\u00a0\u00bb Honeycomb Fin, 2 x 7\u00a0\u00bb Click-Sidefins,, \u00bc inch Camera Connector, Speed Tail und Windsurf Segel Aufnahme.Incl. Wheelie Bag + Paddle-Connecting-System, HP2 Double Action Pump, Repair Kit<\/p>\n","protected":false},"excerpt":{"rendered":"<p>Das 10&rsquo;6 Wing Allround Board besticht durch seinen riesigen Einsatzbereich. Wenns windet kann man damit Wing oder Wind-Surfen. Bei schwachem Wind helfen die beiden Sidefins die in den Air7-Clickfinboxen befestigt werden die H\u00f6he zu halten. Bei st\u00e4rkerem Wind reicht die 9\u00a0\u00bb Allround Finne auf Spur zu bleiben und die sehr lange Silikon-Speed Tail hilft den [&hellip;]<\/p>\n","protected":false},"featured_media":25949,"comment_status":"open","ping_status":"closed","template":"","meta":[],"product_cat":[979],"product_tag":[],"class_list":{"0":"post-25950","1":"product","2":"type-product","3":"status-publish","4":"has-post-thumbnail","6":"product_cat-sup-paddle","7":"product_brand-indiana-suisse","9":"first","10":"instock","11":"shipping-taxable","12":"purchasable","13":"product-type-simple"},"yoast_head":"<!-- This site is optimized with the Yoast SEO plugin v22.8 - https:\/\/yoast.com\/wordpress\/plugins\/seo\/ -->\n<title>Indiana 10&#039;6 Wing &amp; Wind Allround Inflatable - Elevatesurf<\/title>\n<meta name=\"description\" content=\"Elevatesurf Indiana 10&#039;6 Wing &amp; Wind Allround Inflatable\" \/>\n<meta name=\"robots\" content=\"index, follow, max-snippet:-1, max-image-preview:large, max-video-preview:-1\" \/>\n<link rel=\"canonical\" href=\"http:\/\/elevatesurf.ch\/fr\/product\/indiana-106-wing-wind-allround-inflatable\/\" \/>\n<meta property=\"og:locale\" content=\"fr_FR\" \/>\n<meta property=\"og:type\" content=\"article\" \/>\n<meta property=\"og:title\" content=\"Indiana 10&#039;6 Wing &amp; Wind Allround Inflatable - Elevatesurf\" \/>\n<meta property=\"og:description\" content=\"Elevatesurf Indiana 10&#039;6 Wing &amp; Wind Allround Inflatable\" \/>\n<meta property=\"og:url\" content=\"http:\/\/elevatesurf.ch\/fr\/product\/indiana-106-wing-wind-allround-inflatable\/\" \/>\n<meta property=\"og:site_name\" content=\"Elevatesurf\" \/>\n<meta property=\"article:modified_time\" content=\"2025-06-19T00:00:33+00:00\" \/>\n<meta property=\"og:image\" content=\"https:\/\/elevatesurf.ch\/wp-content\/uploads\/2025\/04\/indiana_sup_10_6_wind_wing_inflatable.png\" \/>\n\t<meta property=\"og:image:width\" content=\"1300\" \/>\n\t<meta property=\"og:image:height\" content=\"1300\" \/>\n\t<meta property=\"og:image:type\" content=\"image\/png\" \/>\n<meta name=\"twitter:card\" content=\"summary_large_image\" \/>\n<meta name=\"twitter:label1\" content=\"Dur\u00e9e de lecture estim\u00e9e\" \/>\n\t<meta name=\"twitter:data1\" content=\"1 minute\" \/>\n<script type=\"application\/ld+json\" class=\"yoast-schema-graph\">{\"@context\":\"https:\/\/schema.org\",\"@graph\":[{\"@type\":[\"WebPage\",\"ItemPage\"],\"@id\":\"https:\/\/elevatesurf.ch\/product\/indiana-106-wing-wind-allround-inflatable\/\",\"url\":\"https:\/\/elevatesurf.ch\/product\/indiana-106-wing-wind-allround-inflatable\/\",\"name\":\"Indiana 10'6 Wing &amp; Wind Allround Inflatable - Elevatesurf\",\"isPartOf\":{\"@id\":\"https:\/\/elevatesurf.ch\/#website\"},\"primaryImageOfPage\":{\"@id\":\"https:\/\/elevatesurf.ch\/product\/indiana-106-wing-wind-allround-inflatable\/#primaryimage\"},\"image\":{\"@id\":\"https:\/\/elevatesurf.ch\/product\/indiana-106-wing-wind-allround-inflatable\/#primaryimage\"},\"thumbnailUrl\":\"https:\/\/elevatesurf.ch\/wp-content\/uploads\/2025\/04\/indiana_sup_10_6_wind_wing_inflatable.png\",\"datePublished\":\"2025-04-01T05:12:52+00:00\",\"dateModified\":\"2025-06-19T00:00:33+00:00\",\"description\":\"Elevatesurf Indiana 10'6 Wing &amp; Wind Allround Inflatable\",\"breadcrumb\":{\"@id\":\"https:\/\/elevatesurf.ch\/product\/indiana-106-wing-wind-allround-inflatable\/#breadcrumb\"},\"inLanguage\":\"fr-FR\",\"potentialAction\":[{\"@type\":\"ReadAction\",\"target\":[\"https:\/\/elevatesurf.ch\/product\/indiana-106-wing-wind-allround-inflatable\/\"]}]},{\"@type\":\"ImageObject\",\"inLanguage\":\"fr-FR\",\"@id\":\"https:\/\/elevatesurf.ch\/product\/indiana-106-wing-wind-allround-inflatable\/#primaryimage\",\"url\":\"https:\/\/elevatesurf.ch\/wp-content\/uploads\/2025\/04\/indiana_sup_10_6_wind_wing_inflatable.png\",\"contentUrl\":\"https:\/\/elevatesurf.ch\/wp-content\/uploads\/2025\/04\/indiana_sup_10_6_wind_wing_inflatable.png\",\"width\":1300,\"height\":1300},{\"@type\":\"BreadcrumbList\",\"@id\":\"https:\/\/elevatesurf.ch\/product\/indiana-106-wing-wind-allround-inflatable\/#breadcrumb\",\"itemListElement\":[{\"@type\":\"ListItem\",\"position\":1,\"name\":\"Accueil\",\"item\":\"https:\/\/elevatesurf.ch\/\"},{\"@type\":\"ListItem\",\"position\":2,\"name\":\"Shop &#8211; \u00c9levez Votre Exp\u00e9rience de Surf avec Notre Collection\",\"item\":\"https:\/\/elevatesurf.ch\/shop\/\"},{\"@type\":\"ListItem\",\"position\":3,\"name\":\"Indiana 10&rsquo;6 Wing &amp; Wind Allround Inflatable\"}]},{\"@type\":\"WebSite\",\"@id\":\"https:\/\/elevatesurf.ch\/#website\",\"url\":\"https:\/\/elevatesurf.ch\/\",\"name\":\"Elevatesurf\",\"description\":\"Surfez vers de nouveaux sommets avec ElevateSurf ! Kiteshop, Wingshop\",\"publisher\":{\"@id\":\"https:\/\/elevatesurf.ch\/#organization\"},\"potentialAction\":[{\"@type\":\"SearchAction\",\"target\":{\"@type\":\"EntryPoint\",\"urlTemplate\":\"https:\/\/elevatesurf.ch\/?s={search_term_string}\"},\"query-input\":\"required name=search_term_string\"}],\"inLanguage\":\"fr-FR\"},{\"@type\":\"Organization\",\"@id\":\"https:\/\/elevatesurf.ch\/#organization\",\"name\":\"Elevatesurf\",\"url\":\"https:\/\/elevatesurf.ch\/\",\"logo\":{\"@type\":\"ImageObject\",\"inLanguage\":\"fr-FR\",\"@id\":\"https:\/\/elevatesurf.ch\/#\/schema\/logo\/image\/\",\"url\":\"https:\/\/elevatesurf.ch\/wp-content\/uploads\/2024\/06\/67c2ec70-bdf5-4c14-898a-ded5b2051398.jpg\",\"contentUrl\":\"https:\/\/elevatesurf.ch\/wp-content\/uploads\/2024\/06\/67c2ec70-bdf5-4c14-898a-ded5b2051398.jpg\",\"width\":1024,\"height\":1024,\"caption\":\"Elevatesurf\"},\"image\":{\"@id\":\"https:\/\/elevatesurf.ch\/#\/schema\/logo\/image\/\"},\"sameAs\":[\"https:\/\/www.instagram.com\/elevate__surf\/\"]}]}<\/script>\n<!-- \/ Yoast SEO plugin. -->","yoast_head_json":{"title":"Indiana 10'6 Wing &amp; Wind Allround Inflatable - Elevatesurf","description":"Elevatesurf Indiana 10'6 Wing &amp; Wind Allround Inflatable","robots":{"index":"index","follow":"follow","max-snippet":"max-snippet:-1","max-image-preview":"max-image-preview:large","max-video-preview":"max-video-preview:-1"},"canonical":"http:\/\/elevatesurf.ch\/fr\/product\/indiana-106-wing-wind-allround-inflatable\/","og_locale":"fr_FR","og_type":"article","og_title":"Indiana 10'6 Wing &amp; Wind Allround Inflatable - Elevatesurf","og_description":"Elevatesurf Indiana 10'6 Wing &amp; Wind Allround Inflatable","og_url":"http:\/\/elevatesurf.ch\/fr\/product\/indiana-106-wing-wind-allround-inflatable\/","og_site_name":"Elevatesurf","article_modified_time":"2025-06-19T00:00:33+00:00","og_image":[{"width":1300,"height":1300,"url":"https:\/\/elevatesurf.ch\/wp-content\/uploads\/2025\/04\/indiana_sup_10_6_wind_wing_inflatable.png","type":"image\/png"}],"twitter_card":"summary_large_image","twitter_misc":{"Dur\u00e9e de lecture estim\u00e9e":"1 minute"},"schema":{"@context":"https:\/\/schema.org","@graph":[{"@type":["WebPage","ItemPage"],"@id":"https:\/\/elevatesurf.ch\/product\/indiana-106-wing-wind-allround-inflatable\/","url":"https:\/\/elevatesurf.ch\/product\/indiana-106-wing-wind-allround-inflatable\/","name":"Indiana 10'6 Wing &amp; Wind Allround Inflatable - Elevatesurf","isPartOf":{"@id":"https:\/\/elevatesurf.ch\/#website"},"primaryImageOfPage":{"@id":"https:\/\/elevatesurf.ch\/product\/indiana-106-wing-wind-allround-inflatable\/#primaryimage"},"image":{"@id":"https:\/\/elevatesurf.ch\/product\/indiana-106-wing-wind-allround-inflatable\/#primaryimage"},"thumbnailUrl":"https:\/\/elevatesurf.ch\/wp-content\/uploads\/2025\/04\/indiana_sup_10_6_wind_wing_inflatable.png","datePublished":"2025-04-01T05:12:52+00:00","dateModified":"2025-06-19T00:00:33+00:00","description":"Elevatesurf Indiana 10'6 Wing &amp; Wind Allround Inflatable","breadcrumb":{"@id":"https:\/\/elevatesurf.ch\/product\/indiana-106-wing-wind-allround-inflatable\/#breadcrumb"},"inLanguage":"fr-FR","potentialAction":[{"@type":"ReadAction","target":["https:\/\/elevatesurf.ch\/product\/indiana-106-wing-wind-allround-inflatable\/"]}]},{"@type":"ImageObject","inLanguage":"fr-FR","@id":"https:\/\/elevatesurf.ch\/product\/indiana-106-wing-wind-allround-inflatable\/#primaryimage","url":"https:\/\/elevatesurf.ch\/wp-content\/uploads\/2025\/04\/indiana_sup_10_6_wind_wing_inflatable.png","contentUrl":"https:\/\/elevatesurf.ch\/wp-content\/uploads\/2025\/04\/indiana_sup_10_6_wind_wing_inflatable.png","width":1300,"height":1300},{"@type":"BreadcrumbList","@id":"https:\/\/elevatesurf.ch\/product\/indiana-106-wing-wind-allround-inflatable\/#breadcrumb","itemListElement":[{"@type":"ListItem","position":1,"name":"Accueil","item":"https:\/\/elevatesurf.ch\/"},{"@type":"ListItem","position":2,"name":"Shop &#8211; \u00c9levez Votre Exp\u00e9rience de Surf avec Notre Collection","item":"https:\/\/elevatesurf.ch\/shop\/"},{"@type":"ListItem","position":3,"name":"Indiana 10&rsquo;6 Wing &amp; Wind Allround Inflatable"}]},{"@type":"WebSite","@id":"https:\/\/elevatesurf.ch\/#website","url":"https:\/\/elevatesurf.ch\/","name":"Elevatesurf","description":"Surfez vers de nouveaux sommets avec ElevateSurf ! Kiteshop, Wingshop","publisher":{"@id":"https:\/\/elevatesurf.ch\/#organization"},"potentialAction":[{"@type":"SearchAction","target":{"@type":"EntryPoint","urlTemplate":"https:\/\/elevatesurf.ch\/?s={search_term_string}"},"query-input":"required name=search_term_string"}],"inLanguage":"fr-FR"},{"@type":"Organization","@id":"https:\/\/elevatesurf.ch\/#organization","name":"Elevatesurf","url":"https:\/\/elevatesurf.ch\/","logo":{"@type":"ImageObject","inLanguage":"fr-FR","@id":"https:\/\/elevatesurf.ch\/#\/schema\/logo\/image\/","url":"https:\/\/elevatesurf.ch\/wp-content\/uploads\/2024\/06\/67c2ec70-bdf5-4c14-898a-ded5b2051398.jpg","contentUrl":"https:\/\/elevatesurf.ch\/wp-content\/uploads\/2024\/06\/67c2ec70-bdf5-4c14-898a-ded5b2051398.jpg","width":1024,"height":1024,"caption":"Elevatesurf"},"image":{"@id":"https:\/\/elevatesurf.ch\/#\/schema\/logo\/image\/"},"sameAs":["https:\/\/www.instagram.com\/elevate__surf\/"]}]}},"_links":{"self":[{"href":"http:\/\/elevatesurf.ch\/fr\/wp-json\/wp\/v2\/product\/25950","targetHints":{"allow":["GET"]}}],"collection":[{"href":"http:\/\/elevatesurf.ch\/fr\/wp-json\/wp\/v2\/product"}],"about":[{"href":"http:\/\/elevatesurf.ch\/fr\/wp-json\/wp\/v2\/types\/product"}],"replies":[{"embeddable":true,"href":"http:\/\/elevatesurf.ch\/fr\/wp-json\/wp\/v2\/comments?post=25950"}],"wp:featuredmedia":[{"embeddable":true,"href":"http:\/\/elevatesurf.ch\/fr\/wp-json\/wp\/v2\/media\/25949"}],"wp:attachment":[{"href":"http:\/\/elevatesurf.ch\/fr\/wp-json\/wp\/v2\/media?parent=25950"}],"wp:term":[{"taxonomy":"product_cat","embeddable":true,"href":"http:\/\/elevatesurf.ch\/fr\/wp-json\/wp\/v2\/product_cat?post=25950"},{"taxonomy":"product_tag","embeddable":true,"href":"http:\/\/elevatesurf.ch\/fr\/wp-json\/wp\/v2\/product_tag?post=25950"}],"curies":[{"name":"wp","href":"https:\/\/api.w.org\/{rel}","templated":true}]}}