{"id":13060,"date":"2024-01-15T20:16:11","date_gmt":"2024-01-15T20:16:11","guid":{"rendered":"https:\/\/elevatesurf.ch\/?post_type=product&#038;p=13060"},"modified":"2026-01-10T08:41:00","modified_gmt":"2026-01-10T08:41:00","slug":"cadenas-boitier-securite-cles-standard","status":"publish","type":"product","link":"https:\/\/elevatesurf.ch\/fr\/product\/cadenas-boitier-securite-cles-standard\/","title":{"rendered":"Cadenas boitier s\u00e9curit\u00e9 cl\u00e9s standard"},"content":{"rendered":"\r\n<ul>\r\n<li class=\"wp-block-heading\">Notre cadenas boitier securit\u00e9 Standard est un cadenas en m\u00e9tal robuste.\u00a0Vous pouvez facilement l\u2019attacher \u00e0 l\u2019anneau remorque sous votre voiture, \u00e0 la galerie fix\u00e9e au toit, \u00e0 une jante fixe ou ailleurs. Plus petit que notre version Maxi.<\/li>\r\n<\/ul>\r\n\r\n\r\n\r\n<p>&nbsp;<\/p>\r\n\r\n\r\n\r\n<ul class=\"wp-block-list\">\r\n<li>Cadenas avec coffre-fort, construction m\u00e9tallique tr\u00e8s r\u00e9sistante<\/li>\r\n\r\n\r\n\r\n<li>Vous pouvez facilement l\u2019attacher \u00e0 l\u2019anneau remorque sous votre voiture, \u00e0 la galerie fix\u00e9e au toit, \u00e0 une jante fixe ou ailleurs<\/li>\r\n\r\n\r\n\r\n<li>Code \u00e0 4 chiffres<\/li>\r\n\r\n\r\n\r\n<li>Anneau et soutien avec protecteur pour \u00e9viter d\u2019endommager les surfaces<\/li>\r\n\r\n\r\n\r\n<li>Portable et compact pour pouvoir le garder dans la bo\u00eete \u00e0 gants<\/li>\r\n\r\n\r\n\r\n<li>Rainure pour garder des cl\u00e9s extra-longues<\/li>\r\n\r\n\r\n\r\n<li>Comprend sac bloquant signal FOB de cl\u00e9 intelligente<\/li>\r\n<\/ul>\r\n\r\n\r\n\r\n<h3 class=\"wp-block-heading\">Recommand\u00e9 pour<\/h3>\r\n\r\n\r\n\r\n<p>Recommand\u00e9 pour le surf, SUP, Windsurf, Kitesurf, Scubadiving, Kayak, Canyoning, Wakeboarding et tout autre sport de plein air.<\/p>\r\n\r\n\r\n\r\n<h3 class=\"wp-block-heading\">Taille cadena (ext\u00e9rieur)<\/h3>\r\n\r\n\r\n\r\n<ul class=\"wp-block-list\">\r\n<li>Largeur: 65 mm<\/li>\r\n\r\n\r\n\r\n<li>Longueur: 190 mm<\/li>\r\n\r\n\r\n\r\n<li>Hauteur: 37 mm<\/li>\r\n\r\n\r\n\r\n<li>Poids: 525 g<\/li>\r\n<\/ul>\r\n","protected":false},"excerpt":{"rendered":"<p><strong>La version noire classique de notre cadenas taille Standard Surflogic.<\/strong>\u00a0Le cadenas avec coffre-fort Surflogic est la solution la plus s\u00fbre pour garder vos cl\u00e9s de voiture, maison ou autres biens. Profitez de vos activit\u00e9s de plein air sans vous inqui\u00e9ter. Version Standard.<\/p>\n","protected":false},"featured_media":13097,"comment_status":"closed","ping_status":"closed","template":"","meta":[],"product_cat":[114,117],"product_tag":[116],"class_list":{"0":"post-13060","1":"product","2":"type-product","3":"status-publish","4":"has-post-thumbnail","6":"product_cat-accessoires-kitesurf-wingfoil","7":"product_cat-cadenas","8":"product_tag-surflogic","9":"product_shipping_class-postpac-economy-jusqua-2-kg","10":"product_brand-surflogic-accessoires-protections-materiel-kitesurf-poncho-sacs-fourres","12":"first","13":"instock","14":"shipping-taxable","15":"purchasable","16":"product-type-simple"},"yoast_head":"<!-- This site is optimized with the Yoast SEO plugin v22.8 - https:\/\/yoast.com\/wordpress\/plugins\/seo\/ -->\n<title>Cadenas boitier s\u00e9curit\u00e9 cl\u00e9s standard - Elevatesurf<\/title>\n<meta name=\"description\" content=\"Elevatesurf Cadenas boitier s\u00e9curit\u00e9 cl\u00e9s standard\" \/>\n<meta name=\"robots\" content=\"index, follow, max-snippet:-1, max-image-preview:large, max-video-preview:-1\" \/>\n<link rel=\"canonical\" href=\"https:\/\/elevatesurf.ch\/fr\/product\/cadenas-boitier-securite-cles-standard\/\" \/>\n<meta property=\"og:locale\" content=\"fr_FR\" \/>\n<meta property=\"og:type\" content=\"article\" \/>\n<meta property=\"og:title\" content=\"Cadenas boitier s\u00e9curit\u00e9 cl\u00e9s standard - Elevatesurf\" \/>\n<meta property=\"og:description\" content=\"Elevatesurf Cadenas boitier s\u00e9curit\u00e9 cl\u00e9s standard\" \/>\n<meta property=\"og:url\" content=\"https:\/\/elevatesurf.ch\/fr\/product\/cadenas-boitier-securite-cles-standard\/\" \/>\n<meta property=\"og:site_name\" content=\"Elevatesurf\" \/>\n<meta property=\"article:modified_time\" content=\"2026-01-10T08:41:00+00:00\" \/>\n<meta property=\"og:image\" content=\"https:\/\/elevatesurf.ch\/wp-content\/uploads\/2024\/01\/Cadenas-boitier-securite-cles-standard-1.jpg\" \/>\n\t<meta property=\"og:image:width\" content=\"590\" \/>\n\t<meta property=\"og:image:height\" content=\"768\" \/>\n\t<meta property=\"og:image:type\" content=\"image\/jpeg\" \/>\n<meta name=\"twitter:card\" content=\"summary_large_image\" \/>\n<meta name=\"twitter:label1\" content=\"Dur\u00e9e de lecture estim\u00e9e\" \/>\n\t<meta name=\"twitter:data1\" content=\"1 minute\" \/>\n<script type=\"application\/ld+json\" class=\"yoast-schema-graph\">{\"@context\":\"https:\/\/schema.org\",\"@graph\":[{\"@type\":[\"WebPage\",\"ItemPage\"],\"@id\":\"https:\/\/elevatesurf.ch\/product\/cadenas-boitier-securite-cles-standard\/\",\"url\":\"https:\/\/elevatesurf.ch\/product\/cadenas-boitier-securite-cles-standard\/\",\"name\":\"Cadenas boitier s\u00e9curit\u00e9 cl\u00e9s standard - Elevatesurf\",\"isPartOf\":{\"@id\":\"https:\/\/elevatesurf.ch\/#website\"},\"primaryImageOfPage\":{\"@id\":\"https:\/\/elevatesurf.ch\/product\/cadenas-boitier-securite-cles-standard\/#primaryimage\"},\"image\":{\"@id\":\"https:\/\/elevatesurf.ch\/product\/cadenas-boitier-securite-cles-standard\/#primaryimage\"},\"thumbnailUrl\":\"https:\/\/elevatesurf.ch\/wp-content\/uploads\/2024\/01\/Cadenas-boitier-securite-cles-standard-1.jpg\",\"datePublished\":\"2024-01-15T20:16:11+00:00\",\"dateModified\":\"2026-01-10T08:41:00+00:00\",\"description\":\"Elevatesurf Cadenas boitier s\u00e9curit\u00e9 cl\u00e9s standard\",\"breadcrumb\":{\"@id\":\"https:\/\/elevatesurf.ch\/product\/cadenas-boitier-securite-cles-standard\/#breadcrumb\"},\"inLanguage\":\"fr-FR\",\"potentialAction\":[{\"@type\":\"ReadAction\",\"target\":[\"https:\/\/elevatesurf.ch\/product\/cadenas-boitier-securite-cles-standard\/\"]}]},{\"@type\":\"ImageObject\",\"inLanguage\":\"fr-FR\",\"@id\":\"https:\/\/elevatesurf.ch\/product\/cadenas-boitier-securite-cles-standard\/#primaryimage\",\"url\":\"https:\/\/elevatesurf.ch\/wp-content\/uploads\/2024\/01\/Cadenas-boitier-securite-cles-standard-1.jpg\",\"contentUrl\":\"https:\/\/elevatesurf.ch\/wp-content\/uploads\/2024\/01\/Cadenas-boitier-securite-cles-standard-1.jpg\",\"width\":590,\"height\":768},{\"@type\":\"BreadcrumbList\",\"@id\":\"https:\/\/elevatesurf.ch\/product\/cadenas-boitier-securite-cles-standard\/#breadcrumb\",\"itemListElement\":[{\"@type\":\"ListItem\",\"position\":1,\"name\":\"Accueil\",\"item\":\"https:\/\/elevatesurf.ch\/\"},{\"@type\":\"ListItem\",\"position\":2,\"name\":\"Shop &#8211; \u00c9levez Votre Exp\u00e9rience de Surf avec Notre Collection\",\"item\":\"https:\/\/elevatesurf.ch\/shop\/\"},{\"@type\":\"ListItem\",\"position\":3,\"name\":\"Cadenas boitier s\u00e9curit\u00e9 cl\u00e9s standard\"}]},{\"@type\":\"WebSite\",\"@id\":\"https:\/\/elevatesurf.ch\/#website\",\"url\":\"https:\/\/elevatesurf.ch\/\",\"name\":\"Elevatesurf\",\"description\":\"Surfez vers de nouveaux sommets avec ElevateSurf ! Kiteshop, Wingshop\",\"publisher\":{\"@id\":\"https:\/\/elevatesurf.ch\/#organization\"},\"potentialAction\":[{\"@type\":\"SearchAction\",\"target\":{\"@type\":\"EntryPoint\",\"urlTemplate\":\"https:\/\/elevatesurf.ch\/?s={search_term_string}\"},\"query-input\":\"required name=search_term_string\"}],\"inLanguage\":\"fr-FR\"},{\"@type\":\"Organization\",\"@id\":\"https:\/\/elevatesurf.ch\/#organization\",\"name\":\"Elevatesurf\",\"url\":\"https:\/\/elevatesurf.ch\/\",\"logo\":{\"@type\":\"ImageObject\",\"inLanguage\":\"fr-FR\",\"@id\":\"https:\/\/elevatesurf.ch\/#\/schema\/logo\/image\/\",\"url\":\"https:\/\/elevatesurf.ch\/wp-content\/uploads\/2024\/06\/67c2ec70-bdf5-4c14-898a-ded5b2051398.jpg\",\"contentUrl\":\"https:\/\/elevatesurf.ch\/wp-content\/uploads\/2024\/06\/67c2ec70-bdf5-4c14-898a-ded5b2051398.jpg\",\"width\":1024,\"height\":1024,\"caption\":\"Elevatesurf\"},\"image\":{\"@id\":\"https:\/\/elevatesurf.ch\/#\/schema\/logo\/image\/\"},\"sameAs\":[\"https:\/\/www.instagram.com\/elevate__surf\/\"]}]}<\/script>\n<!-- \/ Yoast SEO plugin. -->","yoast_head_json":{"title":"Cadenas boitier s\u00e9curit\u00e9 cl\u00e9s standard - Elevatesurf","description":"Elevatesurf Cadenas boitier s\u00e9curit\u00e9 cl\u00e9s standard","robots":{"index":"index","follow":"follow","max-snippet":"max-snippet:-1","max-image-preview":"max-image-preview:large","max-video-preview":"max-video-preview:-1"},"canonical":"https:\/\/elevatesurf.ch\/fr\/product\/cadenas-boitier-securite-cles-standard\/","og_locale":"fr_FR","og_type":"article","og_title":"Cadenas boitier s\u00e9curit\u00e9 cl\u00e9s standard - Elevatesurf","og_description":"Elevatesurf Cadenas boitier s\u00e9curit\u00e9 cl\u00e9s standard","og_url":"https:\/\/elevatesurf.ch\/fr\/product\/cadenas-boitier-securite-cles-standard\/","og_site_name":"Elevatesurf","article_modified_time":"2026-01-10T08:41:00+00:00","og_image":[{"width":590,"height":768,"url":"https:\/\/elevatesurf.ch\/wp-content\/uploads\/2024\/01\/Cadenas-boitier-securite-cles-standard-1.jpg","type":"image\/jpeg"}],"twitter_card":"summary_large_image","twitter_misc":{"Dur\u00e9e de lecture estim\u00e9e":"1 minute"},"schema":{"@context":"https:\/\/schema.org","@graph":[{"@type":["WebPage","ItemPage"],"@id":"https:\/\/elevatesurf.ch\/product\/cadenas-boitier-securite-cles-standard\/","url":"https:\/\/elevatesurf.ch\/product\/cadenas-boitier-securite-cles-standard\/","name":"Cadenas boitier s\u00e9curit\u00e9 cl\u00e9s standard - Elevatesurf","isPartOf":{"@id":"https:\/\/elevatesurf.ch\/#website"},"primaryImageOfPage":{"@id":"https:\/\/elevatesurf.ch\/product\/cadenas-boitier-securite-cles-standard\/#primaryimage"},"image":{"@id":"https:\/\/elevatesurf.ch\/product\/cadenas-boitier-securite-cles-standard\/#primaryimage"},"thumbnailUrl":"https:\/\/elevatesurf.ch\/wp-content\/uploads\/2024\/01\/Cadenas-boitier-securite-cles-standard-1.jpg","datePublished":"2024-01-15T20:16:11+00:00","dateModified":"2026-01-10T08:41:00+00:00","description":"Elevatesurf Cadenas boitier s\u00e9curit\u00e9 cl\u00e9s standard","breadcrumb":{"@id":"https:\/\/elevatesurf.ch\/product\/cadenas-boitier-securite-cles-standard\/#breadcrumb"},"inLanguage":"fr-FR","potentialAction":[{"@type":"ReadAction","target":["https:\/\/elevatesurf.ch\/product\/cadenas-boitier-securite-cles-standard\/"]}]},{"@type":"ImageObject","inLanguage":"fr-FR","@id":"https:\/\/elevatesurf.ch\/product\/cadenas-boitier-securite-cles-standard\/#primaryimage","url":"https:\/\/elevatesurf.ch\/wp-content\/uploads\/2024\/01\/Cadenas-boitier-securite-cles-standard-1.jpg","contentUrl":"https:\/\/elevatesurf.ch\/wp-content\/uploads\/2024\/01\/Cadenas-boitier-securite-cles-standard-1.jpg","width":590,"height":768},{"@type":"BreadcrumbList","@id":"https:\/\/elevatesurf.ch\/product\/cadenas-boitier-securite-cles-standard\/#breadcrumb","itemListElement":[{"@type":"ListItem","position":1,"name":"Accueil","item":"https:\/\/elevatesurf.ch\/"},{"@type":"ListItem","position":2,"name":"Shop &#8211; \u00c9levez Votre Exp\u00e9rience de Surf avec Notre Collection","item":"https:\/\/elevatesurf.ch\/shop\/"},{"@type":"ListItem","position":3,"name":"Cadenas boitier s\u00e9curit\u00e9 cl\u00e9s standard"}]},{"@type":"WebSite","@id":"https:\/\/elevatesurf.ch\/#website","url":"https:\/\/elevatesurf.ch\/","name":"Elevatesurf","description":"Surfez vers de nouveaux sommets avec ElevateSurf ! Kiteshop, Wingshop","publisher":{"@id":"https:\/\/elevatesurf.ch\/#organization"},"potentialAction":[{"@type":"SearchAction","target":{"@type":"EntryPoint","urlTemplate":"https:\/\/elevatesurf.ch\/?s={search_term_string}"},"query-input":"required name=search_term_string"}],"inLanguage":"fr-FR"},{"@type":"Organization","@id":"https:\/\/elevatesurf.ch\/#organization","name":"Elevatesurf","url":"https:\/\/elevatesurf.ch\/","logo":{"@type":"ImageObject","inLanguage":"fr-FR","@id":"https:\/\/elevatesurf.ch\/#\/schema\/logo\/image\/","url":"https:\/\/elevatesurf.ch\/wp-content\/uploads\/2024\/06\/67c2ec70-bdf5-4c14-898a-ded5b2051398.jpg","contentUrl":"https:\/\/elevatesurf.ch\/wp-content\/uploads\/2024\/06\/67c2ec70-bdf5-4c14-898a-ded5b2051398.jpg","width":1024,"height":1024,"caption":"Elevatesurf"},"image":{"@id":"https:\/\/elevatesurf.ch\/#\/schema\/logo\/image\/"},"sameAs":["https:\/\/www.instagram.com\/elevate__surf\/"]}]}},"_links":{"self":[{"href":"https:\/\/elevatesurf.ch\/fr\/wp-json\/wp\/v2\/product\/13060","targetHints":{"allow":["GET"]}}],"collection":[{"href":"https:\/\/elevatesurf.ch\/fr\/wp-json\/wp\/v2\/product"}],"about":[{"href":"https:\/\/elevatesurf.ch\/fr\/wp-json\/wp\/v2\/types\/product"}],"replies":[{"embeddable":true,"href":"https:\/\/elevatesurf.ch\/fr\/wp-json\/wp\/v2\/comments?post=13060"}],"wp:featuredmedia":[{"embeddable":true,"href":"https:\/\/elevatesurf.ch\/fr\/wp-json\/wp\/v2\/media\/13097"}],"wp:attachment":[{"href":"https:\/\/elevatesurf.ch\/fr\/wp-json\/wp\/v2\/media?parent=13060"}],"wp:term":[{"taxonomy":"product_cat","embeddable":true,"href":"https:\/\/elevatesurf.ch\/fr\/wp-json\/wp\/v2\/product_cat?post=13060"},{"taxonomy":"product_tag","embeddable":true,"href":"https:\/\/elevatesurf.ch\/fr\/wp-json\/wp\/v2\/product_tag?post=13060"}],"curies":[{"name":"wp","href":"https:\/\/api.w.org\/{rel}","templated":true}]}}