{"id":13071,"date":"2024-01-15T20:16:12","date_gmt":"2024-01-15T20:16:12","guid":{"rendered":"https:\/\/elevatesurf.ch\/?post_type=product&#038;p=13071"},"modified":"2026-01-10T08:41:00","modified_gmt":"2026-01-10T08:41:00","slug":"cadenas-boitier-securite-cles-premium","status":"publish","type":"product","link":"https:\/\/elevatesurf.ch\/fr\/product\/cadenas-boitier-securite-cles-premium\/","title":{"rendered":"Cadenas boitier s\u00e9curit\u00e9 cl\u00e9s premium"},"content":{"rendered":"\n<p><strong>Caract\u00e9ristiques du cadenas PREMIUM<\/strong><\/p>\n\n\n\n<p>Version PREMIUM avec housse de protection. Le cadenas avec coffre-fort Surflogic est la solution la plus s\u00fbre pour garder vos cl\u00e9s de voiture, maison ou autres biens. Profitez de vos activit\u00e9s de plein air sans vous inqui\u00e9ter.<\/p>\n\n\n\n<ul class=\"wp-block-list\">\n<li>Construction m\u00e9tallique s\u00fbre et r\u00e9sistante \u00e0 l\u2019eau<\/li>\n\n\n\n<li>Support en mousse et manille enduite pour prot\u00e9ger la surface de la voiture<\/li>\n\n\n\n<li>Facile \u00e0 s\u00e9curiser partout<\/li>\n\n\n\n<li>Code \u00e0 4 chiffres : (10.000 combinaisons)<\/li>\n\n\n\n<li>Housse de protection<\/li>\n\n\n\n<li>Comprend sac bloquant signal FOB de cl\u00e9 intelligente<\/li>\n\n\n\n<li>Couleur : noir<\/li>\n<\/ul>\n\n\n\n<p><strong>Recommand\u00e9 pour<\/strong><\/p>\n\n\n\n<p>Surf, SUP, Windsurf, Kitesurf, Scubadiving, Kayak, Canyoning, Wakeboard et tout autre sport<\/p>\n\n\n\n<p><strong>Taille cadena ext\u00e9rieur<\/strong><\/p>\n\n\n\n<ul class=\"wp-block-list\">\n<li>Largeur: 79 mm \/ 3.11\u201d<\/li>\n\n\n\n<li>Longueur: 180 mm \/ 7.08\u201d<\/li>\n\n\n\n<li>Hauteur: 47 mm \/ 1.85\u201d<\/li>\n\n\n\n<li>Poids: 620 g&nbsp;&nbsp; &nbsp; &nbsp; &nbsp; &nbsp; &nbsp; &nbsp; &nbsp; &nbsp; &nbsp; &nbsp; &nbsp; &nbsp; &nbsp; &nbsp; &nbsp; &nbsp; &nbsp; &nbsp; &nbsp; &nbsp; &nbsp; &nbsp; &nbsp; &nbsp; &nbsp; &nbsp; &nbsp; &nbsp; &nbsp; &nbsp; &nbsp; &nbsp; &nbsp; &nbsp; &nbsp; &nbsp;<\/li>\n<\/ul>\n\n\n\n<p><strong>Taille compartment interne<\/strong><\/p>\n\n\n\n<ul class=\"wp-block-list\">\n<li>Largeur: 69 mm \/ 2.70\u201d<\/li>\n\n\n\n<li>Longueur: 100 mm \/ 3.94\u201d<\/li>\n\n\n\n<li>Poids: 30 mm \/ 1.18\u201d<\/li>\n<\/ul>\n\n\n\n<p><strong>Surflogic Key Lock vid\u00e9o<\/strong><\/p>\n\n\n\n<p>Regardez ici comment fonctionne notre cadenas boitier s\u00e9curit\u00e9 cl\u00e9s<\/p>\n","protected":false},"excerpt":{"rendered":"<p>Con\u00e7u pour garder vos cl\u00e9s en s\u00e9curit\u00e9<\/p>\n","protected":false},"featured_media":13125,"comment_status":"closed","ping_status":"closed","template":"","meta":[],"product_cat":[114,117],"product_tag":[116],"class_list":{"0":"post-13071","1":"product","2":"type-product","3":"status-publish","4":"has-post-thumbnail","6":"product_cat-accessoires-kitesurf-wingfoil","7":"product_cat-cadenas","8":"product_tag-surflogic","9":"product_shipping_class-postpac-economy-jusqua-2-kg","10":"product_brand-surflogic-accessoires-protections-materiel-kitesurf-poncho-sacs-fourres","12":"first","13":"onbackorder","14":"shipping-taxable","15":"purchasable","16":"product-type-simple"},"yoast_head":"<!-- This site is optimized with the Yoast SEO plugin v22.8 - https:\/\/yoast.com\/wordpress\/plugins\/seo\/ -->\n<title>Cadenas boitier s\u00e9curit\u00e9 cl\u00e9s premium - Elevatesurf<\/title>\n<meta name=\"description\" content=\"Elevatesurf Cadenas boitier s\u00e9curit\u00e9 cl\u00e9s premium\" \/>\n<meta name=\"robots\" content=\"index, follow, max-snippet:-1, max-image-preview:large, max-video-preview:-1\" \/>\n<link rel=\"canonical\" href=\"https:\/\/elevatesurf.ch\/fr\/product\/cadenas-boitier-securite-cles-premium\/\" \/>\n<meta property=\"og:locale\" content=\"fr_FR\" \/>\n<meta property=\"og:type\" content=\"article\" \/>\n<meta property=\"og:title\" content=\"Cadenas boitier s\u00e9curit\u00e9 cl\u00e9s premium - Elevatesurf\" \/>\n<meta property=\"og:description\" content=\"Elevatesurf Cadenas boitier s\u00e9curit\u00e9 cl\u00e9s premium\" \/>\n<meta property=\"og:url\" content=\"https:\/\/elevatesurf.ch\/fr\/product\/cadenas-boitier-securite-cles-premium\/\" \/>\n<meta property=\"og:site_name\" content=\"Elevatesurf\" \/>\n<meta property=\"article:modified_time\" content=\"2026-01-10T08:41:00+00:00\" \/>\n<meta property=\"og:image\" content=\"https:\/\/elevatesurf.ch\/wp-content\/uploads\/2024\/01\/Cadenas-boitier-securite-cles-premium4.jpg\" \/>\n\t<meta property=\"og:image:width\" content=\"2480\" \/>\n\t<meta property=\"og:image:height\" content=\"2507\" \/>\n\t<meta property=\"og:image:type\" content=\"image\/jpeg\" \/>\n<meta name=\"twitter:card\" content=\"summary_large_image\" \/>\n<meta name=\"twitter:label1\" content=\"Dur\u00e9e de lecture estim\u00e9e\" \/>\n\t<meta name=\"twitter:data1\" content=\"1 minute\" \/>\n<script type=\"application\/ld+json\" class=\"yoast-schema-graph\">{\"@context\":\"https:\/\/schema.org\",\"@graph\":[{\"@type\":[\"WebPage\",\"ItemPage\"],\"@id\":\"https:\/\/elevatesurf.ch\/product\/cadenas-boitier-securite-cles-premium\/\",\"url\":\"https:\/\/elevatesurf.ch\/product\/cadenas-boitier-securite-cles-premium\/\",\"name\":\"Cadenas boitier s\u00e9curit\u00e9 cl\u00e9s premium - Elevatesurf\",\"isPartOf\":{\"@id\":\"https:\/\/elevatesurf.ch\/#website\"},\"primaryImageOfPage\":{\"@id\":\"https:\/\/elevatesurf.ch\/product\/cadenas-boitier-securite-cles-premium\/#primaryimage\"},\"image\":{\"@id\":\"https:\/\/elevatesurf.ch\/product\/cadenas-boitier-securite-cles-premium\/#primaryimage\"},\"thumbnailUrl\":\"https:\/\/elevatesurf.ch\/wp-content\/uploads\/2024\/01\/Cadenas-boitier-securite-cles-premium4.jpg\",\"datePublished\":\"2024-01-15T20:16:12+00:00\",\"dateModified\":\"2026-01-10T08:41:00+00:00\",\"description\":\"Elevatesurf Cadenas boitier s\u00e9curit\u00e9 cl\u00e9s premium\",\"breadcrumb\":{\"@id\":\"https:\/\/elevatesurf.ch\/product\/cadenas-boitier-securite-cles-premium\/#breadcrumb\"},\"inLanguage\":\"fr-FR\",\"potentialAction\":[{\"@type\":\"ReadAction\",\"target\":[\"https:\/\/elevatesurf.ch\/product\/cadenas-boitier-securite-cles-premium\/\"]}]},{\"@type\":\"ImageObject\",\"inLanguage\":\"fr-FR\",\"@id\":\"https:\/\/elevatesurf.ch\/product\/cadenas-boitier-securite-cles-premium\/#primaryimage\",\"url\":\"https:\/\/elevatesurf.ch\/wp-content\/uploads\/2024\/01\/Cadenas-boitier-securite-cles-premium4.jpg\",\"contentUrl\":\"https:\/\/elevatesurf.ch\/wp-content\/uploads\/2024\/01\/Cadenas-boitier-securite-cles-premium4.jpg\",\"width\":2480,\"height\":2507},{\"@type\":\"BreadcrumbList\",\"@id\":\"https:\/\/elevatesurf.ch\/product\/cadenas-boitier-securite-cles-premium\/#breadcrumb\",\"itemListElement\":[{\"@type\":\"ListItem\",\"position\":1,\"name\":\"Accueil\",\"item\":\"https:\/\/elevatesurf.ch\/\"},{\"@type\":\"ListItem\",\"position\":2,\"name\":\"Shop &#8211; \u00c9levez Votre Exp\u00e9rience de Surf avec Notre Collection\",\"item\":\"https:\/\/elevatesurf.ch\/shop\/\"},{\"@type\":\"ListItem\",\"position\":3,\"name\":\"Cadenas boitier s\u00e9curit\u00e9 cl\u00e9s premium\"}]},{\"@type\":\"WebSite\",\"@id\":\"https:\/\/elevatesurf.ch\/#website\",\"url\":\"https:\/\/elevatesurf.ch\/\",\"name\":\"Elevatesurf\",\"description\":\"Surfez vers de nouveaux sommets avec ElevateSurf ! Kiteshop, Wingshop\",\"publisher\":{\"@id\":\"https:\/\/elevatesurf.ch\/#organization\"},\"potentialAction\":[{\"@type\":\"SearchAction\",\"target\":{\"@type\":\"EntryPoint\",\"urlTemplate\":\"https:\/\/elevatesurf.ch\/?s={search_term_string}\"},\"query-input\":\"required name=search_term_string\"}],\"inLanguage\":\"fr-FR\"},{\"@type\":\"Organization\",\"@id\":\"https:\/\/elevatesurf.ch\/#organization\",\"name\":\"Elevatesurf\",\"url\":\"https:\/\/elevatesurf.ch\/\",\"logo\":{\"@type\":\"ImageObject\",\"inLanguage\":\"fr-FR\",\"@id\":\"https:\/\/elevatesurf.ch\/#\/schema\/logo\/image\/\",\"url\":\"https:\/\/elevatesurf.ch\/wp-content\/uploads\/2024\/06\/67c2ec70-bdf5-4c14-898a-ded5b2051398.jpg\",\"contentUrl\":\"https:\/\/elevatesurf.ch\/wp-content\/uploads\/2024\/06\/67c2ec70-bdf5-4c14-898a-ded5b2051398.jpg\",\"width\":1024,\"height\":1024,\"caption\":\"Elevatesurf\"},\"image\":{\"@id\":\"https:\/\/elevatesurf.ch\/#\/schema\/logo\/image\/\"},\"sameAs\":[\"https:\/\/www.instagram.com\/elevate__surf\/\"]}]}<\/script>\n<!-- \/ Yoast SEO plugin. -->","yoast_head_json":{"title":"Cadenas boitier s\u00e9curit\u00e9 cl\u00e9s premium - Elevatesurf","description":"Elevatesurf Cadenas boitier s\u00e9curit\u00e9 cl\u00e9s premium","robots":{"index":"index","follow":"follow","max-snippet":"max-snippet:-1","max-image-preview":"max-image-preview:large","max-video-preview":"max-video-preview:-1"},"canonical":"https:\/\/elevatesurf.ch\/fr\/product\/cadenas-boitier-securite-cles-premium\/","og_locale":"fr_FR","og_type":"article","og_title":"Cadenas boitier s\u00e9curit\u00e9 cl\u00e9s premium - Elevatesurf","og_description":"Elevatesurf Cadenas boitier s\u00e9curit\u00e9 cl\u00e9s premium","og_url":"https:\/\/elevatesurf.ch\/fr\/product\/cadenas-boitier-securite-cles-premium\/","og_site_name":"Elevatesurf","article_modified_time":"2026-01-10T08:41:00+00:00","og_image":[{"width":2480,"height":2507,"url":"https:\/\/elevatesurf.ch\/wp-content\/uploads\/2024\/01\/Cadenas-boitier-securite-cles-premium4.jpg","type":"image\/jpeg"}],"twitter_card":"summary_large_image","twitter_misc":{"Dur\u00e9e de lecture estim\u00e9e":"1 minute"},"schema":{"@context":"https:\/\/schema.org","@graph":[{"@type":["WebPage","ItemPage"],"@id":"https:\/\/elevatesurf.ch\/product\/cadenas-boitier-securite-cles-premium\/","url":"https:\/\/elevatesurf.ch\/product\/cadenas-boitier-securite-cles-premium\/","name":"Cadenas boitier s\u00e9curit\u00e9 cl\u00e9s premium - Elevatesurf","isPartOf":{"@id":"https:\/\/elevatesurf.ch\/#website"},"primaryImageOfPage":{"@id":"https:\/\/elevatesurf.ch\/product\/cadenas-boitier-securite-cles-premium\/#primaryimage"},"image":{"@id":"https:\/\/elevatesurf.ch\/product\/cadenas-boitier-securite-cles-premium\/#primaryimage"},"thumbnailUrl":"https:\/\/elevatesurf.ch\/wp-content\/uploads\/2024\/01\/Cadenas-boitier-securite-cles-premium4.jpg","datePublished":"2024-01-15T20:16:12+00:00","dateModified":"2026-01-10T08:41:00+00:00","description":"Elevatesurf Cadenas boitier s\u00e9curit\u00e9 cl\u00e9s premium","breadcrumb":{"@id":"https:\/\/elevatesurf.ch\/product\/cadenas-boitier-securite-cles-premium\/#breadcrumb"},"inLanguage":"fr-FR","potentialAction":[{"@type":"ReadAction","target":["https:\/\/elevatesurf.ch\/product\/cadenas-boitier-securite-cles-premium\/"]}]},{"@type":"ImageObject","inLanguage":"fr-FR","@id":"https:\/\/elevatesurf.ch\/product\/cadenas-boitier-securite-cles-premium\/#primaryimage","url":"https:\/\/elevatesurf.ch\/wp-content\/uploads\/2024\/01\/Cadenas-boitier-securite-cles-premium4.jpg","contentUrl":"https:\/\/elevatesurf.ch\/wp-content\/uploads\/2024\/01\/Cadenas-boitier-securite-cles-premium4.jpg","width":2480,"height":2507},{"@type":"BreadcrumbList","@id":"https:\/\/elevatesurf.ch\/product\/cadenas-boitier-securite-cles-premium\/#breadcrumb","itemListElement":[{"@type":"ListItem","position":1,"name":"Accueil","item":"https:\/\/elevatesurf.ch\/"},{"@type":"ListItem","position":2,"name":"Shop &#8211; \u00c9levez Votre Exp\u00e9rience de Surf avec Notre Collection","item":"https:\/\/elevatesurf.ch\/shop\/"},{"@type":"ListItem","position":3,"name":"Cadenas boitier s\u00e9curit\u00e9 cl\u00e9s premium"}]},{"@type":"WebSite","@id":"https:\/\/elevatesurf.ch\/#website","url":"https:\/\/elevatesurf.ch\/","name":"Elevatesurf","description":"Surfez vers de nouveaux sommets avec ElevateSurf ! Kiteshop, Wingshop","publisher":{"@id":"https:\/\/elevatesurf.ch\/#organization"},"potentialAction":[{"@type":"SearchAction","target":{"@type":"EntryPoint","urlTemplate":"https:\/\/elevatesurf.ch\/?s={search_term_string}"},"query-input":"required name=search_term_string"}],"inLanguage":"fr-FR"},{"@type":"Organization","@id":"https:\/\/elevatesurf.ch\/#organization","name":"Elevatesurf","url":"https:\/\/elevatesurf.ch\/","logo":{"@type":"ImageObject","inLanguage":"fr-FR","@id":"https:\/\/elevatesurf.ch\/#\/schema\/logo\/image\/","url":"https:\/\/elevatesurf.ch\/wp-content\/uploads\/2024\/06\/67c2ec70-bdf5-4c14-898a-ded5b2051398.jpg","contentUrl":"https:\/\/elevatesurf.ch\/wp-content\/uploads\/2024\/06\/67c2ec70-bdf5-4c14-898a-ded5b2051398.jpg","width":1024,"height":1024,"caption":"Elevatesurf"},"image":{"@id":"https:\/\/elevatesurf.ch\/#\/schema\/logo\/image\/"},"sameAs":["https:\/\/www.instagram.com\/elevate__surf\/"]}]}},"_links":{"self":[{"href":"https:\/\/elevatesurf.ch\/fr\/wp-json\/wp\/v2\/product\/13071","targetHints":{"allow":["GET"]}}],"collection":[{"href":"https:\/\/elevatesurf.ch\/fr\/wp-json\/wp\/v2\/product"}],"about":[{"href":"https:\/\/elevatesurf.ch\/fr\/wp-json\/wp\/v2\/types\/product"}],"replies":[{"embeddable":true,"href":"https:\/\/elevatesurf.ch\/fr\/wp-json\/wp\/v2\/comments?post=13071"}],"wp:featuredmedia":[{"embeddable":true,"href":"https:\/\/elevatesurf.ch\/fr\/wp-json\/wp\/v2\/media\/13125"}],"wp:attachment":[{"href":"https:\/\/elevatesurf.ch\/fr\/wp-json\/wp\/v2\/media?parent=13071"}],"wp:term":[{"taxonomy":"product_cat","embeddable":true,"href":"https:\/\/elevatesurf.ch\/fr\/wp-json\/wp\/v2\/product_cat?post=13071"},{"taxonomy":"product_tag","embeddable":true,"href":"https:\/\/elevatesurf.ch\/fr\/wp-json\/wp\/v2\/product_tag?post=13071"}],"curies":[{"name":"wp","href":"https:\/\/api.w.org\/{rel}","templated":true}]}}