{"id":13491,"date":"2024-01-15T20:37:17","date_gmt":"2024-01-15T20:37:17","guid":{"rendered":"https:\/\/elevatesurf.ch\/?post_type=product&#038;p=13491"},"modified":"2026-01-10T08:41:05","modified_gmt":"2026-01-10T08:41:05","slug":"airbox-pompe-electrique","status":"publish","type":"product","link":"https:\/\/elevatesurf.ch\/fr\/product\/airbox-pompe-electrique\/","title":{"rendered":"Airbox pompe \u00e9lectrique"},"content":{"rendered":"\r\n<p>L&rsquo;\u00e9volution technologique des kites, des ailes et des planches s&rsquo;est rapidement am\u00e9lior\u00e9e afin d&rsquo;enrichir votre exp\u00e9rience sur l&rsquo;eau. Cependant, le composant le plus important pour aller sur l&rsquo;eau &#8211; la pompe &#8211; est rest\u00e9 inchang\u00e9 depuis l&rsquo;\u00e9poque des t\u00e9l\u00e9phones \u00e0 clapet. Ce n&rsquo;est plus le cas aujourd&rsquo;hui. Gr\u00e2ce \u00e0 l&rsquo;Air Box, l&rsquo;\u00e9poque o\u00f9 l&rsquo;on se battait pour pomper manuellement est r\u00e9volue : La pompe \u00e9lectrique rechargeable de Ride Engine. Con\u00e7ue en collaboration avec un fabricant de pompes \u00e9lectriques de premier plan, l&rsquo;Air Box est dot\u00e9e d&rsquo;un puissant syst\u00e8me \u00e0 deux \u00e9tages qui passe automatiquement d&rsquo;un pompage \u00e0 basse pression et \u00e0 volume \u00e9lev\u00e9 \u00e0 un pompage \u00e0 haute pression et \u00e0 faible volume, ce qui permet un gonflage aussi rapide que possible.<\/p>\r\n\r\n\r\n\r\n<p>Ne vous souciez plus de surgonfler ou de sous-gonfler votre \u00e9quipement lorsque vous r\u00e9glez la pression d&rsquo;air souhait\u00e9e sur l&rsquo;Air Box. La technologie de gonflage intelligent contr\u00f4le la pression en temps r\u00e9el, assurant un arr\u00eat automatique d\u00e8s que la pompe atteint la pression s\u00e9lectionn\u00e9e. Aliment\u00e9e par une batterie lithium-ion, elle peut gonfler quatre \u00e0 six cerfs-volants ou ailes, et trois SUP en une seule charge.<\/p>\r\n\r\n\r\n\r\n<p>Taille : 162 mm x 162 mm x 85 mm<\/p>\r\n\r\n\r\n\r\n<p>11.1V. 4000mAh. 44.4Wh.<\/p>\r\n","protected":false},"excerpt":{"rendered":"<p>Vous \u00eates pr\u00eat \u00e0 aller sur l&rsquo;eau et vous voulez \u00eatre gonfl\u00e9 et partir maintenant ! Notre pompe Macro a une puissance de 3,2 litres d&rsquo;air par course, ce qui permet de gonfler vos kites ou vos wing, des plus petits aux plus grands, en un clin d&rsquo;\u0153il.<\/p>\n","protected":false},"featured_media":13516,"comment_status":"closed","ping_status":"closed","template":"","meta":[],"product_cat":[114,122,600],"product_tag":[137],"class_list":{"0":"post-13491","1":"product","2":"type-product","3":"status-publish","4":"has-post-thumbnail","6":"product_cat-accessoires-kitesurf-wingfoil","7":"product_cat-kitesurf-ailes-planches-harnai","8":"product_cat-pompes-accessoires","9":"product_tag-ride-engine","10":"product_shipping_class-postpac-economy-jusqua-2-kg","11":"product_brand-mystic-equipements-kitesurf-wingfoil","13":"first","14":"onbackorder","15":"shipping-taxable","16":"purchasable","17":"product-type-simple"},"yoast_head":"<!-- This site is optimized with the Yoast SEO plugin v22.8 - https:\/\/yoast.com\/wordpress\/plugins\/seo\/ -->\n<title>Airbox pompe \u00e9lectrique - Elevatesurf<\/title>\n<meta name=\"description\" content=\"Elevatesurf Airbox pompe \u00e9lectrique\" \/>\n<meta name=\"robots\" content=\"index, follow, max-snippet:-1, max-image-preview:large, max-video-preview:-1\" \/>\n<link rel=\"canonical\" href=\"https:\/\/elevatesurf.ch\/fr\/product\/airbox-pompe-electrique\/\" \/>\n<meta property=\"og:locale\" content=\"fr_FR\" \/>\n<meta property=\"og:type\" content=\"article\" \/>\n<meta property=\"og:title\" content=\"Airbox pompe \u00e9lectrique - Elevatesurf\" \/>\n<meta property=\"og:description\" content=\"Elevatesurf Airbox pompe \u00e9lectrique\" \/>\n<meta property=\"og:url\" content=\"https:\/\/elevatesurf.ch\/fr\/product\/airbox-pompe-electrique\/\" \/>\n<meta property=\"og:site_name\" content=\"Elevatesurf\" \/>\n<meta property=\"article:modified_time\" content=\"2026-01-10T08:41:05+00:00\" \/>\n<meta property=\"og:image\" content=\"https:\/\/elevatesurf.ch\/wp-content\/uploads\/2024\/01\/RE.3240552000.jpg\" \/>\n\t<meta property=\"og:image:width\" content=\"750\" \/>\n\t<meta property=\"og:image:height\" content=\"750\" \/>\n\t<meta property=\"og:image:type\" content=\"image\/jpeg\" \/>\n<meta name=\"twitter:card\" content=\"summary_large_image\" \/>\n<meta name=\"twitter:label1\" content=\"Dur\u00e9e de lecture estim\u00e9e\" \/>\n\t<meta name=\"twitter:data1\" content=\"2 minutes\" \/>\n<script type=\"application\/ld+json\" class=\"yoast-schema-graph\">{\"@context\":\"https:\/\/schema.org\",\"@graph\":[{\"@type\":[\"WebPage\",\"ItemPage\"],\"@id\":\"https:\/\/elevatesurf.ch\/product\/airbox-pompe-electrique\/\",\"url\":\"https:\/\/elevatesurf.ch\/product\/airbox-pompe-electrique\/\",\"name\":\"Airbox pompe \u00e9lectrique - Elevatesurf\",\"isPartOf\":{\"@id\":\"https:\/\/elevatesurf.ch\/#website\"},\"primaryImageOfPage\":{\"@id\":\"https:\/\/elevatesurf.ch\/product\/airbox-pompe-electrique\/#primaryimage\"},\"image\":{\"@id\":\"https:\/\/elevatesurf.ch\/product\/airbox-pompe-electrique\/#primaryimage\"},\"thumbnailUrl\":\"https:\/\/elevatesurf.ch\/wp-content\/uploads\/2024\/01\/RE.3240552000.jpg\",\"datePublished\":\"2024-01-15T20:37:17+00:00\",\"dateModified\":\"2026-01-10T08:41:05+00:00\",\"description\":\"Elevatesurf Airbox pompe \u00e9lectrique\",\"breadcrumb\":{\"@id\":\"https:\/\/elevatesurf.ch\/product\/airbox-pompe-electrique\/#breadcrumb\"},\"inLanguage\":\"fr-FR\",\"potentialAction\":[{\"@type\":\"ReadAction\",\"target\":[\"https:\/\/elevatesurf.ch\/product\/airbox-pompe-electrique\/\"]}]},{\"@type\":\"ImageObject\",\"inLanguage\":\"fr-FR\",\"@id\":\"https:\/\/elevatesurf.ch\/product\/airbox-pompe-electrique\/#primaryimage\",\"url\":\"https:\/\/elevatesurf.ch\/wp-content\/uploads\/2024\/01\/RE.3240552000.jpg\",\"contentUrl\":\"https:\/\/elevatesurf.ch\/wp-content\/uploads\/2024\/01\/RE.3240552000.jpg\",\"width\":750,\"height\":750},{\"@type\":\"BreadcrumbList\",\"@id\":\"https:\/\/elevatesurf.ch\/product\/airbox-pompe-electrique\/#breadcrumb\",\"itemListElement\":[{\"@type\":\"ListItem\",\"position\":1,\"name\":\"Accueil\",\"item\":\"https:\/\/elevatesurf.ch\/\"},{\"@type\":\"ListItem\",\"position\":2,\"name\":\"Shop &#8211; \u00c9levez Votre Exp\u00e9rience de Surf avec Notre Collection\",\"item\":\"https:\/\/elevatesurf.ch\/shop\/\"},{\"@type\":\"ListItem\",\"position\":3,\"name\":\"Airbox pompe \u00e9lectrique\"}]},{\"@type\":\"WebSite\",\"@id\":\"https:\/\/elevatesurf.ch\/#website\",\"url\":\"https:\/\/elevatesurf.ch\/\",\"name\":\"Elevatesurf\",\"description\":\"Surfez vers de nouveaux sommets avec ElevateSurf ! Kiteshop, Wingshop\",\"publisher\":{\"@id\":\"https:\/\/elevatesurf.ch\/#organization\"},\"potentialAction\":[{\"@type\":\"SearchAction\",\"target\":{\"@type\":\"EntryPoint\",\"urlTemplate\":\"https:\/\/elevatesurf.ch\/?s={search_term_string}\"},\"query-input\":\"required name=search_term_string\"}],\"inLanguage\":\"fr-FR\"},{\"@type\":\"Organization\",\"@id\":\"https:\/\/elevatesurf.ch\/#organization\",\"name\":\"Elevatesurf\",\"url\":\"https:\/\/elevatesurf.ch\/\",\"logo\":{\"@type\":\"ImageObject\",\"inLanguage\":\"fr-FR\",\"@id\":\"https:\/\/elevatesurf.ch\/#\/schema\/logo\/image\/\",\"url\":\"https:\/\/elevatesurf.ch\/wp-content\/uploads\/2024\/06\/67c2ec70-bdf5-4c14-898a-ded5b2051398.jpg\",\"contentUrl\":\"https:\/\/elevatesurf.ch\/wp-content\/uploads\/2024\/06\/67c2ec70-bdf5-4c14-898a-ded5b2051398.jpg\",\"width\":1024,\"height\":1024,\"caption\":\"Elevatesurf\"},\"image\":{\"@id\":\"https:\/\/elevatesurf.ch\/#\/schema\/logo\/image\/\"},\"sameAs\":[\"https:\/\/www.instagram.com\/elevate__surf\/\"]}]}<\/script>\n<!-- \/ Yoast SEO plugin. -->","yoast_head_json":{"title":"Airbox pompe \u00e9lectrique - Elevatesurf","description":"Elevatesurf Airbox pompe \u00e9lectrique","robots":{"index":"index","follow":"follow","max-snippet":"max-snippet:-1","max-image-preview":"max-image-preview:large","max-video-preview":"max-video-preview:-1"},"canonical":"https:\/\/elevatesurf.ch\/fr\/product\/airbox-pompe-electrique\/","og_locale":"fr_FR","og_type":"article","og_title":"Airbox pompe \u00e9lectrique - Elevatesurf","og_description":"Elevatesurf Airbox pompe \u00e9lectrique","og_url":"https:\/\/elevatesurf.ch\/fr\/product\/airbox-pompe-electrique\/","og_site_name":"Elevatesurf","article_modified_time":"2026-01-10T08:41:05+00:00","og_image":[{"width":750,"height":750,"url":"https:\/\/elevatesurf.ch\/wp-content\/uploads\/2024\/01\/RE.3240552000.jpg","type":"image\/jpeg"}],"twitter_card":"summary_large_image","twitter_misc":{"Dur\u00e9e de lecture estim\u00e9e":"2 minutes"},"schema":{"@context":"https:\/\/schema.org","@graph":[{"@type":["WebPage","ItemPage"],"@id":"https:\/\/elevatesurf.ch\/product\/airbox-pompe-electrique\/","url":"https:\/\/elevatesurf.ch\/product\/airbox-pompe-electrique\/","name":"Airbox pompe \u00e9lectrique - Elevatesurf","isPartOf":{"@id":"https:\/\/elevatesurf.ch\/#website"},"primaryImageOfPage":{"@id":"https:\/\/elevatesurf.ch\/product\/airbox-pompe-electrique\/#primaryimage"},"image":{"@id":"https:\/\/elevatesurf.ch\/product\/airbox-pompe-electrique\/#primaryimage"},"thumbnailUrl":"https:\/\/elevatesurf.ch\/wp-content\/uploads\/2024\/01\/RE.3240552000.jpg","datePublished":"2024-01-15T20:37:17+00:00","dateModified":"2026-01-10T08:41:05+00:00","description":"Elevatesurf Airbox pompe \u00e9lectrique","breadcrumb":{"@id":"https:\/\/elevatesurf.ch\/product\/airbox-pompe-electrique\/#breadcrumb"},"inLanguage":"fr-FR","potentialAction":[{"@type":"ReadAction","target":["https:\/\/elevatesurf.ch\/product\/airbox-pompe-electrique\/"]}]},{"@type":"ImageObject","inLanguage":"fr-FR","@id":"https:\/\/elevatesurf.ch\/product\/airbox-pompe-electrique\/#primaryimage","url":"https:\/\/elevatesurf.ch\/wp-content\/uploads\/2024\/01\/RE.3240552000.jpg","contentUrl":"https:\/\/elevatesurf.ch\/wp-content\/uploads\/2024\/01\/RE.3240552000.jpg","width":750,"height":750},{"@type":"BreadcrumbList","@id":"https:\/\/elevatesurf.ch\/product\/airbox-pompe-electrique\/#breadcrumb","itemListElement":[{"@type":"ListItem","position":1,"name":"Accueil","item":"https:\/\/elevatesurf.ch\/"},{"@type":"ListItem","position":2,"name":"Shop &#8211; \u00c9levez Votre Exp\u00e9rience de Surf avec Notre Collection","item":"https:\/\/elevatesurf.ch\/shop\/"},{"@type":"ListItem","position":3,"name":"Airbox pompe \u00e9lectrique"}]},{"@type":"WebSite","@id":"https:\/\/elevatesurf.ch\/#website","url":"https:\/\/elevatesurf.ch\/","name":"Elevatesurf","description":"Surfez vers de nouveaux sommets avec ElevateSurf ! Kiteshop, Wingshop","publisher":{"@id":"https:\/\/elevatesurf.ch\/#organization"},"potentialAction":[{"@type":"SearchAction","target":{"@type":"EntryPoint","urlTemplate":"https:\/\/elevatesurf.ch\/?s={search_term_string}"},"query-input":"required name=search_term_string"}],"inLanguage":"fr-FR"},{"@type":"Organization","@id":"https:\/\/elevatesurf.ch\/#organization","name":"Elevatesurf","url":"https:\/\/elevatesurf.ch\/","logo":{"@type":"ImageObject","inLanguage":"fr-FR","@id":"https:\/\/elevatesurf.ch\/#\/schema\/logo\/image\/","url":"https:\/\/elevatesurf.ch\/wp-content\/uploads\/2024\/06\/67c2ec70-bdf5-4c14-898a-ded5b2051398.jpg","contentUrl":"https:\/\/elevatesurf.ch\/wp-content\/uploads\/2024\/06\/67c2ec70-bdf5-4c14-898a-ded5b2051398.jpg","width":1024,"height":1024,"caption":"Elevatesurf"},"image":{"@id":"https:\/\/elevatesurf.ch\/#\/schema\/logo\/image\/"},"sameAs":["https:\/\/www.instagram.com\/elevate__surf\/"]}]}},"_links":{"self":[{"href":"https:\/\/elevatesurf.ch\/fr\/wp-json\/wp\/v2\/product\/13491","targetHints":{"allow":["GET"]}}],"collection":[{"href":"https:\/\/elevatesurf.ch\/fr\/wp-json\/wp\/v2\/product"}],"about":[{"href":"https:\/\/elevatesurf.ch\/fr\/wp-json\/wp\/v2\/types\/product"}],"replies":[{"embeddable":true,"href":"https:\/\/elevatesurf.ch\/fr\/wp-json\/wp\/v2\/comments?post=13491"}],"wp:featuredmedia":[{"embeddable":true,"href":"https:\/\/elevatesurf.ch\/fr\/wp-json\/wp\/v2\/media\/13516"}],"wp:attachment":[{"href":"https:\/\/elevatesurf.ch\/fr\/wp-json\/wp\/v2\/media?parent=13491"}],"wp:term":[{"taxonomy":"product_cat","embeddable":true,"href":"https:\/\/elevatesurf.ch\/fr\/wp-json\/wp\/v2\/product_cat?post=13491"},{"taxonomy":"product_tag","embeddable":true,"href":"https:\/\/elevatesurf.ch\/fr\/wp-json\/wp\/v2\/product_tag?post=13491"}],"curies":[{"name":"wp","href":"https:\/\/api.w.org\/{rel}","templated":true}]}}