{"id":14079,"date":"2024-01-15T20:44:08","date_gmt":"2024-01-15T20:44:08","guid":{"rendered":"https:\/\/elevatesurf.ch\/?post_type=product&#038;p=14079"},"modified":"2026-01-10T08:41:29","modified_gmt":"2026-01-10T08:41:29","slug":"kold-polar-ll-black-complete","status":"publish","type":"product","link":"https:\/\/elevatesurf.ch\/fr\/product\/kold-polar-ll-black-complete\/","title":{"rendered":"Kold Polar II Black compl\u00e8te"},"content":{"rendered":"<p>Apr\u00e8s trois ans de d\u00e9vouement, de recherche et de d\u00e9veloppement, nous sommes extr\u00eamement fiers de vous pr\u00e9senter la POLAR ll. Comment am\u00e9liore-t-on la planche de freestyle la plus confortable du march\u00e9 ? Tout d&rsquo;abord, il faut s&rsquo;assurer que le nouveau design reste aussi confortable et facile \u00e0 manier dans toutes les conditions ! C&rsquo;est pourquoi nous avons choisi un outline qui coupe en douceur tout type de clapot et garantit un d\u00e9collage pr\u00e9cis \u00e0 chaque fois.<\/p>\n<p>Ensuite, nous avons veill\u00e9 \u00e0 ce que le flax pattern reste aussi souple et tol\u00e9rant que la premi\u00e8re version. Cependant, nous avons am\u00e9lior\u00e9 le top deck 3D, qui ajoute de la r\u00e9activit\u00e9 et fournit un retour d&rsquo;information suppl\u00e9mentaire au rider. De plus, le nouveau design 3D offre une cavit\u00e9 d&rsquo;adh\u00e9rence pour votre jeu de big air et vos board flips.<\/p>\n<p>Une autre am\u00e9lioration importante a \u00e9t\u00e9 apport\u00e9e \u00e0 la construction du canal. En approfondissant le double concave, la nouvelle POLAR ll offre plus d&rsquo;adh\u00e9rence dans les grands virages. De plus, les canaux am\u00e9lior\u00e9s vous permettent de tenir la carre plus longtemps lorsque vous vous lancez \u00e0 l&rsquo;assaut de nouveaux sommets ! Le POLAR ll est disponible en deux couleurs et dans une taille d\u00e9finie avec pr\u00e9cision. Les mod\u00e8les 128 et 131 cm ont un stance plus petit de 4 cm et un flex l\u00e9g\u00e8rement plus souple &#8211; pour que chaque rider puisse trouver le mod\u00e8le qui lui convient.<\/p>\n<p>Bien entendu, nous n&rsquo;avons pas perdu de vue notre impact sur l&rsquo;environnement. Tous nos produits sont fabriqu\u00e9s en Europe dans des conditions \u00e9quitables et sous un contr\u00f4le de qualit\u00e9 \u00e9lev\u00e9. Ils utilisent des mat\u00e9riaux plus durables et sont emball\u00e9s dans du papier et du bois.<\/p>\n<p><strong>CO2 NEUTRE<\/strong><br \/>\nNotre objectif est de concevoir les planches les plus performantes tout en r\u00e9duisant l&rsquo;impact sur notre plan\u00e8te. Nous pensons que de nombreux mat\u00e9riaux utilis\u00e9s par M\u00e8re Nature, tels que le FLAX et les r\u00e9sines organiques, am\u00e9liorent en fait les performances de nos produits. En outre, toutes les \u00e9missions de CO2 produites lors de la fabrication de nos panneaux sont compens\u00e9es.<\/p>\n<p><strong>FIBRE FLAX<\/strong><br \/>\nLa FIBRE FLAX utilis\u00e9e dans le panneau est un composite durable \u00e0 base de cellulose, qui est en m\u00eame temps tr\u00e8s efficace. Non seulement elle r\u00e9duit l&#8217;empreinte carbone de la planche, mais elle lui conf\u00e8re \u00e9galement des propri\u00e9t\u00e9s m\u00e9caniques particuli\u00e8res par rapport au carbone ou \u00e0 la fibre de verre. Au cours de notre travail de R&amp;D, nous avons con\u00e7u diff\u00e9rents longerons pour soutenir les mod\u00e8les de flexion pour les impacts \u00e9lev\u00e9s !<\/p>\n<p><strong>NOYAU EN BOIS<\/strong><br \/>\nLa POLAR ll est bas\u00e9e sur un noyau en bois de Paulownia frais\u00e9 avec pr\u00e9cision par CNC. C&rsquo;est l&rsquo;option la plus l\u00e9g\u00e8re et la plus saine. De plus, il am\u00e9liore les mod\u00e8les de flex int\u00e9gr\u00e9s dans la planche. Pour minimiser le poids et am\u00e9liorer la r\u00e9activit\u00e9 de la planche, nous avons frais\u00e9 une construction 3D.<\/p>\n<p><strong>DOUBLE CONCAVE<\/strong><br \/>\nLe nouveau DOUBLE CONCAVE offre encore plus d&rsquo;adh\u00e9rence dans les virages, au d\u00e9collage et \u00e0 l&rsquo;atterrissage ! En outre, il offre une adh\u00e9rence suppl\u00e9mentaire lors du lancement dans les spins plats d&rsquo;une vague de kicker &#8211; et am\u00e9liore la planification pr\u00e9coce !<\/p>\n<p><strong>STRINGER ANTI NEGATIVE FLEX<\/strong><br \/>\nLe stringer en FIBRE FLAX s&rsquo;\u00e9tend de la spatule \u00e0 la spatule sur tout le pont et minimise le flex n\u00e9gatif de la planche. Ainsi, le stringer emp\u00eache les plongeons de la spatule lors des atterrissages \u00e0 grande vitesse. En fait, c&rsquo;est la raison pour laquelle la POLAR ll peut fournir autant de flex tout en offrant des atterrissages parfaits pour votre jeu de freestyle !<\/p>\n<p><strong>CANAUX DE GLISSE<\/strong><br \/>\nLes nouveaux GRIP CHANNELS int\u00e9gr\u00e9s dans le DOUBLE CONCAVE et les tips vous permettent de contr\u00f4ler totalement la carre \u00e0 tout moment &#8211; m\u00eame lorsque vous vous \u00e9lancez compl\u00e8tement surpuissant vers votre prochain record de WOO ! L&rsquo;adh\u00e9rence suppl\u00e9mentaire am\u00e9liore les capacit\u00e9s de remont\u00e9e au vent et vous permet d&rsquo;utiliser des ailerons plus petits pour faciliter les atterrissages rapides.<\/p>\n<p><strong>FLEX D&rsquo;ABSORPTION<\/strong><br \/>\nLes canaux 3D et la construction sup\u00e9rieure de la planche minimisent le poids tout en offrant un flex extr\u00eamement pr\u00e9cis. Combin\u00e9 avec la fibre FLAX, il offre des atterrissages super doux et un confort maximum \u00e0 vitesse maximale !<\/p>\n<p><strong>ROCKER CONTINU<\/strong><br \/>\nNous avons ajout\u00e9 un ROCKER CONTINU un peu plus important qu&rsquo;une planche de freeride habituelle. C&rsquo;est ce qui rend la POLAR si parfaite pour des atterrissages en douceur et des d\u00e9collages pr\u00e9cis dans toutes les conditions. De plus, il ajoute de la maniabilit\u00e9 et adoucit le ride dans les conditions agit\u00e9es !<\/p>\n<p><strong>STRAPS \u00c0 CLIQUET<\/strong><br \/>\nLa straps \u00e0 cliquet est le syst\u00e8me le plus facile \u00e0 r\u00e9gler en cours de route. Le cliquet vous permet de serrer ou de desserrer la sangle en quelques secondes ! Pour maximiser le confort, nous avons \u00e9quip\u00e9 l&rsquo;int\u00e9rieur et les bords de la sangle de m\u00e9moire de forme.<\/p>\n<p><strong>AIR DAMPENING (AMORTISSEMENT \u00c0 L&rsquo;AIR)<\/strong><br \/>\nLe syst\u00e8me AIR DAMPENING int\u00e9gr\u00e9 dans nos pads est con\u00e7u pour absorber tous les chocs lors de l&rsquo;atterrissage ! Le coussin d&rsquo;air se trouve sous et autour du talon pour offrir un maximum de confort, que vous atterrissiez sur des m\u00e9galoops ou que vous naviguiez simplement dans des eaux agit\u00e9es. Pour une position encore plus parfaite, nous avons \u00e9quip\u00e9 les pads d&rsquo;une surface 3D tr\u00e8s adh\u00e9rente. Le TOE RIDGE appuie vos orteils sur le MEMORY FOAM de la fixation. Nous pourrions continuer \u00e0 parler des diff\u00e9rentes options de stance, mais il suffit d&rsquo;y aller et de l&rsquo;essayer par soi-m\u00eame !<\/p>\n","protected":false},"excerpt":{"rendered":"<p>Inclus straps velcro 2.0<\/p>\n<p>Ailerons Freestyle 4.5 (par d\u00e9faut) ou Wake 3.0<\/p>\n","protected":false},"featured_media":14112,"comment_status":"closed","ping_status":"closed","template":"","meta":[],"product_cat":[122,151],"product_tag":[],"class_list":{"0":"post-14079","1":"product","2":"type-product","3":"status-publish","4":"has-post-thumbnail","6":"product_cat-kitesurf-ailes-planches-harnai","7":"product_cat-twin-tip","8":"product_shipping_class-encombrant-jusqua-30-kg","9":"product_brand-kold-protection-genoux-dos","11":"first","12":"onbackorder","13":"shipping-taxable","14":"purchasable","15":"product-type-variable"},"yoast_head":"<!-- This site is optimized with the Yoast SEO plugin v22.8 - https:\/\/yoast.com\/wordpress\/plugins\/seo\/ -->\n<title>Kold Polar II Black compl\u00e8te - Elevatesurf<\/title>\n<meta name=\"description\" content=\"Elevatesurf Kold Polar II Black compl\u00e8te\" \/>\n<meta name=\"robots\" content=\"index, follow, max-snippet:-1, max-image-preview:large, max-video-preview:-1\" \/>\n<link rel=\"canonical\" href=\"https:\/\/elevatesurf.ch\/fr\/product\/kold-polar-ll-black-complete\/\" \/>\n<meta property=\"og:locale\" content=\"fr_FR\" \/>\n<meta property=\"og:type\" content=\"article\" \/>\n<meta property=\"og:title\" content=\"Kold Polar II Black compl\u00e8te - Elevatesurf\" \/>\n<meta property=\"og:description\" content=\"Elevatesurf Kold Polar II Black compl\u00e8te\" \/>\n<meta property=\"og:url\" content=\"https:\/\/elevatesurf.ch\/fr\/product\/kold-polar-ll-black-complete\/\" \/>\n<meta property=\"og:site_name\" content=\"Elevatesurf\" \/>\n<meta property=\"article:modified_time\" content=\"2026-01-10T08:41:29+00:00\" \/>\n<meta property=\"og:image\" content=\"https:\/\/elevatesurf.ch\/wp-content\/uploads\/2024\/01\/Polar2_black_ensemble_frei.jpg\" \/>\n\t<meta property=\"og:image:width\" content=\"1181\" \/>\n\t<meta property=\"og:image:height\" content=\"1269\" \/>\n\t<meta property=\"og:image:type\" content=\"image\/jpeg\" \/>\n<meta name=\"twitter:card\" content=\"summary_large_image\" \/>\n<meta name=\"twitter:label1\" content=\"Dur\u00e9e de lecture estim\u00e9e\" \/>\n\t<meta name=\"twitter:data1\" content=\"4 minutes\" \/>\n<script type=\"application\/ld+json\" class=\"yoast-schema-graph\">{\"@context\":\"https:\/\/schema.org\",\"@graph\":[{\"@type\":[\"WebPage\",\"ItemPage\"],\"@id\":\"https:\/\/elevatesurf.ch\/product\/kold-polar-ll-black-complete\/\",\"url\":\"https:\/\/elevatesurf.ch\/product\/kold-polar-ll-black-complete\/\",\"name\":\"Kold Polar II Black compl\u00e8te - Elevatesurf\",\"isPartOf\":{\"@id\":\"https:\/\/elevatesurf.ch\/#website\"},\"primaryImageOfPage\":{\"@id\":\"https:\/\/elevatesurf.ch\/product\/kold-polar-ll-black-complete\/#primaryimage\"},\"image\":{\"@id\":\"https:\/\/elevatesurf.ch\/product\/kold-polar-ll-black-complete\/#primaryimage\"},\"thumbnailUrl\":\"https:\/\/elevatesurf.ch\/wp-content\/uploads\/2024\/01\/Polar2_black_ensemble_frei.jpg\",\"datePublished\":\"2024-01-15T20:44:08+00:00\",\"dateModified\":\"2026-01-10T08:41:29+00:00\",\"description\":\"Elevatesurf Kold Polar II Black compl\u00e8te\",\"breadcrumb\":{\"@id\":\"https:\/\/elevatesurf.ch\/product\/kold-polar-ll-black-complete\/#breadcrumb\"},\"inLanguage\":\"fr-FR\",\"potentialAction\":[{\"@type\":\"ReadAction\",\"target\":[\"https:\/\/elevatesurf.ch\/product\/kold-polar-ll-black-complete\/\"]}]},{\"@type\":\"ImageObject\",\"inLanguage\":\"fr-FR\",\"@id\":\"https:\/\/elevatesurf.ch\/product\/kold-polar-ll-black-complete\/#primaryimage\",\"url\":\"https:\/\/elevatesurf.ch\/wp-content\/uploads\/2024\/01\/Polar2_black_ensemble_frei.jpg\",\"contentUrl\":\"https:\/\/elevatesurf.ch\/wp-content\/uploads\/2024\/01\/Polar2_black_ensemble_frei.jpg\",\"width\":1181,\"height\":1269},{\"@type\":\"BreadcrumbList\",\"@id\":\"https:\/\/elevatesurf.ch\/product\/kold-polar-ll-black-complete\/#breadcrumb\",\"itemListElement\":[{\"@type\":\"ListItem\",\"position\":1,\"name\":\"Accueil\",\"item\":\"https:\/\/elevatesurf.ch\/\"},{\"@type\":\"ListItem\",\"position\":2,\"name\":\"Shop &#8211; \u00c9levez Votre Exp\u00e9rience de Surf avec Notre Collection\",\"item\":\"https:\/\/elevatesurf.ch\/shop\/\"},{\"@type\":\"ListItem\",\"position\":3,\"name\":\"Kold Polar II Black compl\u00e8te\"}]},{\"@type\":\"WebSite\",\"@id\":\"https:\/\/elevatesurf.ch\/#website\",\"url\":\"https:\/\/elevatesurf.ch\/\",\"name\":\"Elevatesurf\",\"description\":\"Surfez vers de nouveaux sommets avec ElevateSurf ! Kiteshop, Wingshop\",\"publisher\":{\"@id\":\"https:\/\/elevatesurf.ch\/#organization\"},\"potentialAction\":[{\"@type\":\"SearchAction\",\"target\":{\"@type\":\"EntryPoint\",\"urlTemplate\":\"https:\/\/elevatesurf.ch\/?s={search_term_string}\"},\"query-input\":\"required name=search_term_string\"}],\"inLanguage\":\"fr-FR\"},{\"@type\":\"Organization\",\"@id\":\"https:\/\/elevatesurf.ch\/#organization\",\"name\":\"Elevatesurf\",\"url\":\"https:\/\/elevatesurf.ch\/\",\"logo\":{\"@type\":\"ImageObject\",\"inLanguage\":\"fr-FR\",\"@id\":\"https:\/\/elevatesurf.ch\/#\/schema\/logo\/image\/\",\"url\":\"https:\/\/elevatesurf.ch\/wp-content\/uploads\/2024\/06\/67c2ec70-bdf5-4c14-898a-ded5b2051398.jpg\",\"contentUrl\":\"https:\/\/elevatesurf.ch\/wp-content\/uploads\/2024\/06\/67c2ec70-bdf5-4c14-898a-ded5b2051398.jpg\",\"width\":1024,\"height\":1024,\"caption\":\"Elevatesurf\"},\"image\":{\"@id\":\"https:\/\/elevatesurf.ch\/#\/schema\/logo\/image\/\"},\"sameAs\":[\"https:\/\/www.instagram.com\/elevate__surf\/\"]}]}<\/script>\n<!-- \/ Yoast SEO plugin. -->","yoast_head_json":{"title":"Kold Polar II Black compl\u00e8te - Elevatesurf","description":"Elevatesurf Kold Polar II Black compl\u00e8te","robots":{"index":"index","follow":"follow","max-snippet":"max-snippet:-1","max-image-preview":"max-image-preview:large","max-video-preview":"max-video-preview:-1"},"canonical":"https:\/\/elevatesurf.ch\/fr\/product\/kold-polar-ll-black-complete\/","og_locale":"fr_FR","og_type":"article","og_title":"Kold Polar II Black compl\u00e8te - Elevatesurf","og_description":"Elevatesurf Kold Polar II Black compl\u00e8te","og_url":"https:\/\/elevatesurf.ch\/fr\/product\/kold-polar-ll-black-complete\/","og_site_name":"Elevatesurf","article_modified_time":"2026-01-10T08:41:29+00:00","og_image":[{"width":1181,"height":1269,"url":"https:\/\/elevatesurf.ch\/wp-content\/uploads\/2024\/01\/Polar2_black_ensemble_frei.jpg","type":"image\/jpeg"}],"twitter_card":"summary_large_image","twitter_misc":{"Dur\u00e9e de lecture estim\u00e9e":"4 minutes"},"schema":{"@context":"https:\/\/schema.org","@graph":[{"@type":["WebPage","ItemPage"],"@id":"https:\/\/elevatesurf.ch\/product\/kold-polar-ll-black-complete\/","url":"https:\/\/elevatesurf.ch\/product\/kold-polar-ll-black-complete\/","name":"Kold Polar II Black compl\u00e8te - Elevatesurf","isPartOf":{"@id":"https:\/\/elevatesurf.ch\/#website"},"primaryImageOfPage":{"@id":"https:\/\/elevatesurf.ch\/product\/kold-polar-ll-black-complete\/#primaryimage"},"image":{"@id":"https:\/\/elevatesurf.ch\/product\/kold-polar-ll-black-complete\/#primaryimage"},"thumbnailUrl":"https:\/\/elevatesurf.ch\/wp-content\/uploads\/2024\/01\/Polar2_black_ensemble_frei.jpg","datePublished":"2024-01-15T20:44:08+00:00","dateModified":"2026-01-10T08:41:29+00:00","description":"Elevatesurf Kold Polar II Black compl\u00e8te","breadcrumb":{"@id":"https:\/\/elevatesurf.ch\/product\/kold-polar-ll-black-complete\/#breadcrumb"},"inLanguage":"fr-FR","potentialAction":[{"@type":"ReadAction","target":["https:\/\/elevatesurf.ch\/product\/kold-polar-ll-black-complete\/"]}]},{"@type":"ImageObject","inLanguage":"fr-FR","@id":"https:\/\/elevatesurf.ch\/product\/kold-polar-ll-black-complete\/#primaryimage","url":"https:\/\/elevatesurf.ch\/wp-content\/uploads\/2024\/01\/Polar2_black_ensemble_frei.jpg","contentUrl":"https:\/\/elevatesurf.ch\/wp-content\/uploads\/2024\/01\/Polar2_black_ensemble_frei.jpg","width":1181,"height":1269},{"@type":"BreadcrumbList","@id":"https:\/\/elevatesurf.ch\/product\/kold-polar-ll-black-complete\/#breadcrumb","itemListElement":[{"@type":"ListItem","position":1,"name":"Accueil","item":"https:\/\/elevatesurf.ch\/"},{"@type":"ListItem","position":2,"name":"Shop &#8211; \u00c9levez Votre Exp\u00e9rience de Surf avec Notre Collection","item":"https:\/\/elevatesurf.ch\/shop\/"},{"@type":"ListItem","position":3,"name":"Kold Polar II Black compl\u00e8te"}]},{"@type":"WebSite","@id":"https:\/\/elevatesurf.ch\/#website","url":"https:\/\/elevatesurf.ch\/","name":"Elevatesurf","description":"Surfez vers de nouveaux sommets avec ElevateSurf ! Kiteshop, Wingshop","publisher":{"@id":"https:\/\/elevatesurf.ch\/#organization"},"potentialAction":[{"@type":"SearchAction","target":{"@type":"EntryPoint","urlTemplate":"https:\/\/elevatesurf.ch\/?s={search_term_string}"},"query-input":"required name=search_term_string"}],"inLanguage":"fr-FR"},{"@type":"Organization","@id":"https:\/\/elevatesurf.ch\/#organization","name":"Elevatesurf","url":"https:\/\/elevatesurf.ch\/","logo":{"@type":"ImageObject","inLanguage":"fr-FR","@id":"https:\/\/elevatesurf.ch\/#\/schema\/logo\/image\/","url":"https:\/\/elevatesurf.ch\/wp-content\/uploads\/2024\/06\/67c2ec70-bdf5-4c14-898a-ded5b2051398.jpg","contentUrl":"https:\/\/elevatesurf.ch\/wp-content\/uploads\/2024\/06\/67c2ec70-bdf5-4c14-898a-ded5b2051398.jpg","width":1024,"height":1024,"caption":"Elevatesurf"},"image":{"@id":"https:\/\/elevatesurf.ch\/#\/schema\/logo\/image\/"},"sameAs":["https:\/\/www.instagram.com\/elevate__surf\/"]}]}},"_links":{"self":[{"href":"https:\/\/elevatesurf.ch\/fr\/wp-json\/wp\/v2\/product\/14079","targetHints":{"allow":["GET"]}}],"collection":[{"href":"https:\/\/elevatesurf.ch\/fr\/wp-json\/wp\/v2\/product"}],"about":[{"href":"https:\/\/elevatesurf.ch\/fr\/wp-json\/wp\/v2\/types\/product"}],"replies":[{"embeddable":true,"href":"https:\/\/elevatesurf.ch\/fr\/wp-json\/wp\/v2\/comments?post=14079"}],"wp:featuredmedia":[{"embeddable":true,"href":"https:\/\/elevatesurf.ch\/fr\/wp-json\/wp\/v2\/media\/14112"}],"wp:attachment":[{"href":"https:\/\/elevatesurf.ch\/fr\/wp-json\/wp\/v2\/media?parent=14079"}],"wp:term":[{"taxonomy":"product_cat","embeddable":true,"href":"https:\/\/elevatesurf.ch\/fr\/wp-json\/wp\/v2\/product_cat?post=14079"},{"taxonomy":"product_tag","embeddable":true,"href":"https:\/\/elevatesurf.ch\/fr\/wp-json\/wp\/v2\/product_tag?post=14079"}],"curies":[{"name":"wp","href":"https:\/\/api.w.org\/{rel}","templated":true}]}}