{"id":14086,"date":"2024-01-15T20:44:09","date_gmt":"2024-01-15T20:44:09","guid":{"rendered":"https:\/\/elevatesurf.ch\/?post_type=product&#038;p=14086"},"modified":"2026-01-10T08:41:29","modified_gmt":"2026-01-10T08:41:29","slug":"kold-nordland","status":"publish","type":"product","link":"https:\/\/elevatesurf.ch\/fr\/product\/kold-nordland\/","title":{"rendered":"Kold N\u00d8RDLAND"},"content":{"rendered":"<p>Le N\u00d8RDLAND est l\u00e0 pour d\u00e9passer vos r\u00eaves les plus fous de wing foiling. Un nouveau sport qui est l\u00e0 pour durer, parce qu&rsquo;il transforme n&rsquo;importe quel lac et n&rsquo;importe quelle vague moyenne en paradis des sports nautiques ! La rigidit\u00e9 est la cl\u00e9 d&rsquo;un carving, d&rsquo;un pumping et d&rsquo;un saut exceptionnels. La connexion tr\u00e8s forte autour des foil boxes et la technique de laminage ultra rigide en carbone permettent d&rsquo;obtenir une rigidit\u00e9 et une durabilit\u00e9 extr\u00eames. Combin\u00e9 au foil VIKING, il procure la sensation la plus directe que vous puissiez souhaiter.<\/p>\n<p>Le simple concave et le rocker plat de la partie arri\u00e8re du N\u00d8RDLAND sont destin\u00e9s \u00e0 la planification la plus pr\u00e9coce. D\u00e9coller le plus t\u00f4t possible est aussi important pour les d\u00e9butants que pour les professionnels. De plus, le deck concave et le deck pad offrent une meilleure adh\u00e9rence lors de la mise \u00e0 l&rsquo;eau. De plus, les bords biseaut\u00e9s facilitent les contacts sur les premiers m\u00e8tres ou apr\u00e8s de grands sauts &#8211; une caract\u00e9ristique tout aussi importante pour les d\u00e9butants que pour les professionnels !<\/p>\n<p>La construction est con\u00e7ue pour \u00eatre la plus solide et la plus rigide qui soit. Non seulement nous utilisons une technique unique de vide et de laminage pour obtenir la meilleure connexion entre le carbone et le noyau, mais nous utilisons \u00e9galement le noyau le plus solide qui soit. Nous utilisons \u00e9galement le noyau le plus solide qui soit &#8211; une mousse \u00e0 cellules ferm\u00e9es qui n&rsquo;absorbe pas d&rsquo;eau et qui r\u00e9siste \u00e0 50 000 kilogrammes par m\u00e8tre carr\u00e9 !<\/p>\n<p>L&rsquo;outline de la N\u00d8RDLAND est con\u00e7u pour \u00eatre compact et l\u00e9g\u00e8rement plus large afin d&rsquo;am\u00e9liorer la stabilit\u00e9 lors des d\u00e9collages dans des conditions agit\u00e9es. Les longueurs plus courtes et une r\u00e9partition \u00e9quilibr\u00e9e du volume permettent de ma\u00eetriser les virages agressifs dans les vagues ou les spins &#8211; en particulier dans les petites tailles.<\/p>\n<p>Malgr\u00e9 son incroyable l\u00e9g\u00e8ret\u00e9, nous avons ajout\u00e9 une poign\u00e9e inf\u00e9rieure pour faciliter le transport. Pour compl\u00e9ter les caract\u00e9ristiques, nous avons ajout\u00e9 un solide connecteur de leash et la vari\u00e9t\u00e9 des positions d&rsquo;insertion permet de r\u00e9pondre \u00e0 toutes les demandes personnelles. Le tout est fabriqu\u00e9 au Portugal, \u00e0 l&rsquo;aide des machines les plus modernes et d&rsquo;un travail manuel \u00e9quitable.<\/p>\n<p>Nous recommandons de choisir environ 20 litres de plus que votre poids corporel lorsque vous apprenez \u00e0 voler. Pour vos premiers sauts ou pour naviguer dans les vagues, vous devez choisir une planche \u00e9gale ou l\u00e9g\u00e8rement inf\u00e9rieure \u00e0 votre poids.<\/p>\n","protected":false},"excerpt":{"rendered":"<p>Le N\u00d8RDLAND est l\u00e0 pour d\u00e9passer vos r\u00eaves les plus fous de wing foiling. Un nouveau sport qui est l\u00e0 pour durer, parce qu&rsquo;il transforme n&rsquo;importe quel lac et n&rsquo;importe quelle vague moyenne en paradis des sports nautiques ! La rigidit\u00e9 est la cl\u00e9 d&rsquo;un carving, d&rsquo;un pumping et d&rsquo;un saut exceptionnels. La connexion tr\u00e8s [&hellip;]<\/p>\n","protected":false},"featured_media":14121,"comment_status":"closed","ping_status":"closed","template":"","meta":[],"product_cat":[715,138],"product_tag":[],"class_list":{"0":"post-14086","1":"product","2":"type-product","3":"status-publish","4":"has-post-thumbnail","6":"product_cat-boards-wing-foil","7":"product_cat-wingfoil-suisse-acheter","8":"product_shipping_class-encombrant-jusqua-30-kg","9":"product_brand-indiana-suisse","11":"first","12":"onbackorder","13":"shipping-taxable","14":"purchasable","15":"product-type-variable"},"yoast_head":"<!-- This site is optimized with the Yoast SEO plugin v22.8 - https:\/\/yoast.com\/wordpress\/plugins\/seo\/ -->\n<title>Kold N\u00d8RDLAND - Elevatesurf<\/title>\n<meta name=\"description\" content=\"Elevatesurf Kold N\u00d8RDLAND\" \/>\n<meta name=\"robots\" content=\"index, follow, max-snippet:-1, max-image-preview:large, max-video-preview:-1\" \/>\n<link rel=\"canonical\" href=\"https:\/\/elevatesurf.ch\/fr\/product\/kold-nordland\/\" \/>\n<meta property=\"og:locale\" content=\"fr_FR\" \/>\n<meta property=\"og:type\" content=\"article\" \/>\n<meta property=\"og:title\" content=\"Kold N\u00d8RDLAND - Elevatesurf\" \/>\n<meta property=\"og:description\" content=\"Elevatesurf Kold N\u00d8RDLAND\" \/>\n<meta property=\"og:url\" content=\"https:\/\/elevatesurf.ch\/fr\/product\/kold-nordland\/\" \/>\n<meta property=\"og:site_name\" content=\"Elevatesurf\" \/>\n<meta property=\"article:modified_time\" content=\"2026-01-10T08:41:29+00:00\" \/>\n<meta property=\"og:image\" content=\"https:\/\/elevatesurf.ch\/wp-content\/uploads\/2024\/01\/Vorlage_Website.jpg\" \/>\n\t<meta property=\"og:image:width\" content=\"1231\" \/>\n\t<meta property=\"og:image:height\" content=\"1400\" \/>\n\t<meta property=\"og:image:type\" content=\"image\/jpeg\" \/>\n<meta name=\"twitter:card\" content=\"summary_large_image\" \/>\n<meta name=\"twitter:label1\" content=\"Dur\u00e9e de lecture estim\u00e9e\" \/>\n\t<meta name=\"twitter:data1\" content=\"2 minutes\" \/>\n<script type=\"application\/ld+json\" class=\"yoast-schema-graph\">{\"@context\":\"https:\/\/schema.org\",\"@graph\":[{\"@type\":[\"WebPage\",\"ItemPage\"],\"@id\":\"https:\/\/elevatesurf.ch\/product\/kold-nordland\/\",\"url\":\"https:\/\/elevatesurf.ch\/product\/kold-nordland\/\",\"name\":\"Kold N\u00d8RDLAND - Elevatesurf\",\"isPartOf\":{\"@id\":\"https:\/\/elevatesurf.ch\/#website\"},\"primaryImageOfPage\":{\"@id\":\"https:\/\/elevatesurf.ch\/product\/kold-nordland\/#primaryimage\"},\"image\":{\"@id\":\"https:\/\/elevatesurf.ch\/product\/kold-nordland\/#primaryimage\"},\"thumbnailUrl\":\"https:\/\/elevatesurf.ch\/wp-content\/uploads\/2024\/01\/Vorlage_Website.jpg\",\"datePublished\":\"2024-01-15T20:44:09+00:00\",\"dateModified\":\"2026-01-10T08:41:29+00:00\",\"description\":\"Elevatesurf Kold N\u00d8RDLAND\",\"breadcrumb\":{\"@id\":\"https:\/\/elevatesurf.ch\/product\/kold-nordland\/#breadcrumb\"},\"inLanguage\":\"fr-FR\",\"potentialAction\":[{\"@type\":\"ReadAction\",\"target\":[\"https:\/\/elevatesurf.ch\/product\/kold-nordland\/\"]}]},{\"@type\":\"ImageObject\",\"inLanguage\":\"fr-FR\",\"@id\":\"https:\/\/elevatesurf.ch\/product\/kold-nordland\/#primaryimage\",\"url\":\"https:\/\/elevatesurf.ch\/wp-content\/uploads\/2024\/01\/Vorlage_Website.jpg\",\"contentUrl\":\"https:\/\/elevatesurf.ch\/wp-content\/uploads\/2024\/01\/Vorlage_Website.jpg\",\"width\":1231,\"height\":1400},{\"@type\":\"BreadcrumbList\",\"@id\":\"https:\/\/elevatesurf.ch\/product\/kold-nordland\/#breadcrumb\",\"itemListElement\":[{\"@type\":\"ListItem\",\"position\":1,\"name\":\"Accueil\",\"item\":\"https:\/\/elevatesurf.ch\/\"},{\"@type\":\"ListItem\",\"position\":2,\"name\":\"Shop &#8211; \u00c9levez Votre Exp\u00e9rience de Surf avec Notre Collection\",\"item\":\"https:\/\/elevatesurf.ch\/shop\/\"},{\"@type\":\"ListItem\",\"position\":3,\"name\":\"Kold N\u00d8RDLAND\"}]},{\"@type\":\"WebSite\",\"@id\":\"https:\/\/elevatesurf.ch\/#website\",\"url\":\"https:\/\/elevatesurf.ch\/\",\"name\":\"Elevatesurf\",\"description\":\"Surfez vers de nouveaux sommets avec ElevateSurf ! Kiteshop, Wingshop\",\"publisher\":{\"@id\":\"https:\/\/elevatesurf.ch\/#organization\"},\"potentialAction\":[{\"@type\":\"SearchAction\",\"target\":{\"@type\":\"EntryPoint\",\"urlTemplate\":\"https:\/\/elevatesurf.ch\/?s={search_term_string}\"},\"query-input\":\"required name=search_term_string\"}],\"inLanguage\":\"fr-FR\"},{\"@type\":\"Organization\",\"@id\":\"https:\/\/elevatesurf.ch\/#organization\",\"name\":\"Elevatesurf\",\"url\":\"https:\/\/elevatesurf.ch\/\",\"logo\":{\"@type\":\"ImageObject\",\"inLanguage\":\"fr-FR\",\"@id\":\"https:\/\/elevatesurf.ch\/#\/schema\/logo\/image\/\",\"url\":\"https:\/\/elevatesurf.ch\/wp-content\/uploads\/2024\/06\/67c2ec70-bdf5-4c14-898a-ded5b2051398.jpg\",\"contentUrl\":\"https:\/\/elevatesurf.ch\/wp-content\/uploads\/2024\/06\/67c2ec70-bdf5-4c14-898a-ded5b2051398.jpg\",\"width\":1024,\"height\":1024,\"caption\":\"Elevatesurf\"},\"image\":{\"@id\":\"https:\/\/elevatesurf.ch\/#\/schema\/logo\/image\/\"},\"sameAs\":[\"https:\/\/www.instagram.com\/elevate__surf\/\"]}]}<\/script>\n<!-- \/ Yoast SEO plugin. -->","yoast_head_json":{"title":"Kold N\u00d8RDLAND - Elevatesurf","description":"Elevatesurf Kold N\u00d8RDLAND","robots":{"index":"index","follow":"follow","max-snippet":"max-snippet:-1","max-image-preview":"max-image-preview:large","max-video-preview":"max-video-preview:-1"},"canonical":"https:\/\/elevatesurf.ch\/fr\/product\/kold-nordland\/","og_locale":"fr_FR","og_type":"article","og_title":"Kold N\u00d8RDLAND - Elevatesurf","og_description":"Elevatesurf Kold N\u00d8RDLAND","og_url":"https:\/\/elevatesurf.ch\/fr\/product\/kold-nordland\/","og_site_name":"Elevatesurf","article_modified_time":"2026-01-10T08:41:29+00:00","og_image":[{"width":1231,"height":1400,"url":"https:\/\/elevatesurf.ch\/wp-content\/uploads\/2024\/01\/Vorlage_Website.jpg","type":"image\/jpeg"}],"twitter_card":"summary_large_image","twitter_misc":{"Dur\u00e9e de lecture estim\u00e9e":"2 minutes"},"schema":{"@context":"https:\/\/schema.org","@graph":[{"@type":["WebPage","ItemPage"],"@id":"https:\/\/elevatesurf.ch\/product\/kold-nordland\/","url":"https:\/\/elevatesurf.ch\/product\/kold-nordland\/","name":"Kold N\u00d8RDLAND - Elevatesurf","isPartOf":{"@id":"https:\/\/elevatesurf.ch\/#website"},"primaryImageOfPage":{"@id":"https:\/\/elevatesurf.ch\/product\/kold-nordland\/#primaryimage"},"image":{"@id":"https:\/\/elevatesurf.ch\/product\/kold-nordland\/#primaryimage"},"thumbnailUrl":"https:\/\/elevatesurf.ch\/wp-content\/uploads\/2024\/01\/Vorlage_Website.jpg","datePublished":"2024-01-15T20:44:09+00:00","dateModified":"2026-01-10T08:41:29+00:00","description":"Elevatesurf Kold N\u00d8RDLAND","breadcrumb":{"@id":"https:\/\/elevatesurf.ch\/product\/kold-nordland\/#breadcrumb"},"inLanguage":"fr-FR","potentialAction":[{"@type":"ReadAction","target":["https:\/\/elevatesurf.ch\/product\/kold-nordland\/"]}]},{"@type":"ImageObject","inLanguage":"fr-FR","@id":"https:\/\/elevatesurf.ch\/product\/kold-nordland\/#primaryimage","url":"https:\/\/elevatesurf.ch\/wp-content\/uploads\/2024\/01\/Vorlage_Website.jpg","contentUrl":"https:\/\/elevatesurf.ch\/wp-content\/uploads\/2024\/01\/Vorlage_Website.jpg","width":1231,"height":1400},{"@type":"BreadcrumbList","@id":"https:\/\/elevatesurf.ch\/product\/kold-nordland\/#breadcrumb","itemListElement":[{"@type":"ListItem","position":1,"name":"Accueil","item":"https:\/\/elevatesurf.ch\/"},{"@type":"ListItem","position":2,"name":"Shop &#8211; \u00c9levez Votre Exp\u00e9rience de Surf avec Notre Collection","item":"https:\/\/elevatesurf.ch\/shop\/"},{"@type":"ListItem","position":3,"name":"Kold N\u00d8RDLAND"}]},{"@type":"WebSite","@id":"https:\/\/elevatesurf.ch\/#website","url":"https:\/\/elevatesurf.ch\/","name":"Elevatesurf","description":"Surfez vers de nouveaux sommets avec ElevateSurf ! Kiteshop, Wingshop","publisher":{"@id":"https:\/\/elevatesurf.ch\/#organization"},"potentialAction":[{"@type":"SearchAction","target":{"@type":"EntryPoint","urlTemplate":"https:\/\/elevatesurf.ch\/?s={search_term_string}"},"query-input":"required name=search_term_string"}],"inLanguage":"fr-FR"},{"@type":"Organization","@id":"https:\/\/elevatesurf.ch\/#organization","name":"Elevatesurf","url":"https:\/\/elevatesurf.ch\/","logo":{"@type":"ImageObject","inLanguage":"fr-FR","@id":"https:\/\/elevatesurf.ch\/#\/schema\/logo\/image\/","url":"https:\/\/elevatesurf.ch\/wp-content\/uploads\/2024\/06\/67c2ec70-bdf5-4c14-898a-ded5b2051398.jpg","contentUrl":"https:\/\/elevatesurf.ch\/wp-content\/uploads\/2024\/06\/67c2ec70-bdf5-4c14-898a-ded5b2051398.jpg","width":1024,"height":1024,"caption":"Elevatesurf"},"image":{"@id":"https:\/\/elevatesurf.ch\/#\/schema\/logo\/image\/"},"sameAs":["https:\/\/www.instagram.com\/elevate__surf\/"]}]}},"_links":{"self":[{"href":"https:\/\/elevatesurf.ch\/fr\/wp-json\/wp\/v2\/product\/14086","targetHints":{"allow":["GET"]}}],"collection":[{"href":"https:\/\/elevatesurf.ch\/fr\/wp-json\/wp\/v2\/product"}],"about":[{"href":"https:\/\/elevatesurf.ch\/fr\/wp-json\/wp\/v2\/types\/product"}],"replies":[{"embeddable":true,"href":"https:\/\/elevatesurf.ch\/fr\/wp-json\/wp\/v2\/comments?post=14086"}],"wp:featuredmedia":[{"embeddable":true,"href":"https:\/\/elevatesurf.ch\/fr\/wp-json\/wp\/v2\/media\/14121"}],"wp:attachment":[{"href":"https:\/\/elevatesurf.ch\/fr\/wp-json\/wp\/v2\/media?parent=14086"}],"wp:term":[{"taxonomy":"product_cat","embeddable":true,"href":"https:\/\/elevatesurf.ch\/fr\/wp-json\/wp\/v2\/product_cat?post=14086"},{"taxonomy":"product_tag","embeddable":true,"href":"https:\/\/elevatesurf.ch\/fr\/wp-json\/wp\/v2\/product_tag?post=14086"}],"curies":[{"name":"wp","href":"https:\/\/api.w.org\/{rel}","templated":true}]}}