{"id":14107,"date":"2024-01-15T20:44:50","date_gmt":"2024-01-15T20:44:50","guid":{"rendered":"https:\/\/elevatesurf.ch\/?post_type=product&#038;p=14107"},"modified":"2026-01-10T08:41:29","modified_gmt":"2026-01-10T08:41:29","slug":"kold-horizon-ll-complete","status":"publish","type":"product","link":"https:\/\/elevatesurf.ch\/fr\/product\/kold-horizon-ll-complete\/","title":{"rendered":"Kold Horizon II compl\u00e8te"},"content":{"rendered":"<h1>DESCRIPTION<\/h1>\n<p>La HORIZON II est d\u00e9di\u00e9e au big air et au freeride de haute performance. Nous avons mis une quantit\u00e9 incroyable de R&amp;D dans chaque d\u00e9tail de ses caract\u00e9ristiques de conduite pour apporter un nouveau niveau de contr\u00f4le, de confort et de nouveaux sommets dans votre jeu de big air. Malgr\u00e9 les innombrables tests de ride, nous avons mis autant d&rsquo;amour dans le graphisme et l&rsquo;assemblage.<\/p>\n<p>La HORIZON II partage un outline et une courbe de rocker similaires \u00e0 ceux de la POLAR II, ce qui lui permet de passer en douceur dans n&rsquo;importe quel type de clapot. Non seulement elle offre un excellent confort aux genoux dans toutes les situations, mais elle facilite \u00e9galement le d\u00e9collage et assure des atterrissages en douceur. Le stringer anti-flexion n\u00e9gative qui s&rsquo;\u00e9tend sur toute la longueur de la planche vous apportera un contr\u00f4le suppl\u00e9mentaire lors de vos atterrissages. Le stringer est fabriqu\u00e9 \u00e0 partir de fibres de lin qui repoussent et emp\u00eache les plongeons lors des atterrissages \u00e0 grande vitesse.<\/p>\n<p>Contrairement \u00e0 la POLAR II, le flex est l\u00e9g\u00e8rement plus rigide. Juste assez pour charger votre carre lors de vos plus gros sauts, mais assez tol\u00e9rant pour absorber les impacts lourds. De plus, la nouvelle construction 3D du top deck apporte une nouvelle sensation de r\u00e9activit\u00e9, vous procurant un retour d&rsquo;information suppl\u00e9mentaire. Il est \u00e9galement dot\u00e9 d&rsquo;une cavit\u00e9 d&rsquo;adh\u00e9rence pour ma\u00eetriser vos board-offs.<\/p>\n<p>Le double concave plus profond et la construction innovante du tip channel garantissent un contr\u00f4le incroyable de la carre. C&rsquo;est la cl\u00e9 pour lancer de grands virages, contr\u00f4ler \u00e0 haute vitesse et charger dans vos sauts les plus hauts jamais r\u00e9alis\u00e9s. De plus, le double concave permet d&rsquo;\u00e9conomiser du poids et d&rsquo;am\u00e9liorer les capacit\u00e9s de planification et de remont\u00e9e au vent.<\/p>\n<p>La taille 145cm a \u00e9t\u00e9 sp\u00e9cialement optimis\u00e9e pour le wakestyle. Le rocker suppl\u00e9mentaire, le flex plus rigide et les inserts align\u00e9s pousseront votre d\u00e9rive \u00e0 un nouveau niveau. Cependant, cela ne veut pas dire que vous ne devriez pas d\u00e9crocher avec les tailles standard de la HORIZON II ! M\u00eame les plus petites tailles offrent suffisamment d&rsquo;\u00e9lasticit\u00e9 pour ex\u00e9cuter vos premi\u00e8res courbes en S ou vos premiers passages de poign\u00e9es.<\/p>\n<p>Bien s\u00fbr, la HORIZON II reste fid\u00e8le \u00e0 notre philosophie. La planche est fabriqu\u00e9e \u00e0 partir d&rsquo;un noyau en bois et de fibres de lin ici en Europe. Elle a \u00e9t\u00e9 produite sans \u00e9mission de CO2 et emball\u00e9e de mani\u00e8re \u00e9cologique avec du carton et du bois. Et surtout, il vous durera tr\u00e8s longtemps !<\/p>\n<p>Envoyez-nous un message et nous vous proposerons un essai.<\/p>\n<h2><strong>CO2 NEUTRE<\/strong><\/h2>\n<p>Notre objectif est de concevoir les planches les plus performantes tout en r\u00e9duisant l&rsquo;impact sur notre plan\u00e8te. Nous pensons que de nombreux mat\u00e9riaux utilis\u00e9s par M\u00e8re Nature, tels que le FLAX et les r\u00e9sines organiques, am\u00e9liorent en fait les performances de nos produits. En outre, toutes les \u00e9missions de CO2 produites lors de la fabrication de nos panneaux sont compens\u00e9es.<\/p>\n<h2><strong>FIBRE FLAX<\/strong><\/h2>\n<p>La FIBRE FLAX utilis\u00e9e dans le panneau est un composite durable \u00e0 base de cellulose, qui est en m\u00eame temps tr\u00e8s efficace. Non seulement elle r\u00e9duit l&#8217;empreinte carbone de la planche, mais elle lui conf\u00e8re \u00e9galement des propri\u00e9t\u00e9s m\u00e9caniques particuli\u00e8res par rapport au carbone ou \u00e0 la fibre de verre. Au cours de notre travail de R&amp;D, nous avons con\u00e7u diff\u00e9rents longerons pour soutenir les mod\u00e8les de flexion pour les impacts \u00e9lev\u00e9s !<\/p>\n<h2><strong>NOYAU EN BOIS<\/strong><\/h2>\n<p>La HORIZON ll est bas\u00e9e sur un noyau en bois de Paulownia frais\u00e9 avec pr\u00e9cision par CNC. C&rsquo;est l&rsquo;option la plus l\u00e9g\u00e8re et la plus saine, qui permet en outre d&rsquo;am\u00e9liorer les mod\u00e8les de flex int\u00e9gr\u00e9s \u00e0 la planche. Pour minimiser le poids et am\u00e9liorer la r\u00e9activit\u00e9 de la planche, nous avons frais\u00e9 une construction 3D.<\/p>\n<h2><strong>DOUBLE CONCAVE<\/strong><\/h2>\n<p>Le nouveau DOUBLE CONCAVE offre encore plus d&rsquo;adh\u00e9rence dans les virages, au d\u00e9collage et \u00e0 l&rsquo;atterrissage ! En outre, il offre une adh\u00e9rence suppl\u00e9mentaire lors du lancement dans les spins plats d&rsquo;une vague de kicker &#8211; et am\u00e9liore la planification pr\u00e9coce !<\/p>\n<h2><strong>STRINGER ANTI NEGATIVE FLEX<\/strong><\/h2>\n<p>Le stringer en FIBRE FLAX s&rsquo;\u00e9tend de la spatule \u00e0 la spatule sur tout le pont et minimise le flex n\u00e9gatif de la planche. Ainsi, le stringer emp\u00eache les plongeons de la spatule lors des atterrissages \u00e0 grande vitesse. En fait, c&rsquo;est la raison pour laquelle la HORIZON ll peut fournir autant de flex tout en offrant des atterrissages parfaits pour votre jeu en big air !<\/p>\n<h2><strong>GRIP CHANNELS<\/strong><\/h2>\n<p>Les nouveaux GRIP CHANNELS int\u00e9gr\u00e9s dans le DOUBLE CONCAVE et les tips vous permettent de contr\u00f4ler compl\u00e8tement la carre \u00e0 tout moment &#8211; m\u00eame lorsque vous vous lancez compl\u00e8tement surpuissant dans votre prochain record de WOO ! L&rsquo;adh\u00e9rence suppl\u00e9mentaire am\u00e9liore les capacit\u00e9s de remont\u00e9e au vent et vous permet d&rsquo;utiliser des ailerons plus petits pour faciliter les atterrissages rapides.<\/p>\n<h2><strong>FLEX D&rsquo;ABSORPTION<\/strong><\/h2>\n<p>Les canaux 3D et la construction sup\u00e9rieure de la planche minimisent le poids tout en offrant un flex extr\u00eamement pr\u00e9cis. Combin\u00e9 avec la fibre FLAX, il offre des atterrissages super doux et un confort maximum \u00e0 vitesse maximale !<\/p>\n<h2><strong>ROCKER CONTINU<\/strong><\/h2>\n<p>Nous avons ajout\u00e9 un ROCKER CONTINU l\u00e9g\u00e8rement sup\u00e9rieur \u00e0 celui d&rsquo;une planche de freeride habituelle. C&rsquo;est ce qui rend la HORIZON II si parfaite pour des atterrissages en douceur et des d\u00e9collages pr\u00e9cis dans toutes les conditions. De plus, il ajoute de la maniabilit\u00e9 et adoucit le ride dans les conditions agit\u00e9es !<\/p>\n<h2><strong>FIXATION \u00c0 CLIQUET<\/strong><\/h2>\n<p>La fixation \u00e0 cliquet est le syst\u00e8me le plus facile \u00e0 r\u00e9gler en cours de route. Le cliquet vous permet de serrer ou de desserrer la sangle en quelques secondes ! Pour maximiser le confort, nous avons \u00e9quip\u00e9 l&rsquo;int\u00e9rieur et les bords de la sangle de MEMORY FOAM.<\/p>\n<h2><strong>AIR DAMPENING (AMORTISSEMENT \u00c0 L&rsquo;AIR)<\/strong><\/h2>\n<p>Le syst\u00e8me AIR DAMPENING int\u00e9gr\u00e9 dans nos pads est con\u00e7u pour absorber tous les chocs lors de l&rsquo;atterrissage ! Le coussin d&rsquo;air se trouve sous et autour du talon pour offrir un maximum de confort, que vous atterrissiez sur des m\u00e9galoops ou que vous naviguiez simplement dans des eaux agit\u00e9es. Pour une position encore plus parfaite, nous avons \u00e9quip\u00e9 les pads d&rsquo;une surface 3D tr\u00e8s adh\u00e9rente. Le TOE RIDGE appuie vos orteils sur la m\u00e9moire de forme\u00a0 de la fixation. Nous pourrions continuer \u00e0 parler des diff\u00e9rentes options de stance, mais il suffit d&rsquo;y aller et de l&rsquo;essayer par soi-m\u00eame !<\/p>\n","protected":false},"excerpt":{"rendered":"<p>Inclus straps velcro 2.0<\/p>\n<p>Ailerons Freestyle 4.5 (par d\u00e9faut) ou Wake 3.0<\/p>\n","protected":false},"featured_media":14126,"comment_status":"closed","ping_status":"closed","template":"","meta":[],"product_cat":[122,151],"product_tag":[],"class_list":{"0":"post-14107","1":"product","2":"type-product","3":"status-publish","4":"has-post-thumbnail","6":"product_cat-kitesurf-ailes-planches-harnai","7":"product_cat-twin-tip","8":"product_shipping_class-encombrant-jusqua-30-kg","9":"product_brand-kold-protection-genoux-dos","11":"first","12":"onbackorder","13":"shipping-taxable","14":"purchasable","15":"product-type-variable"},"yoast_head":"<!-- This site is optimized with the Yoast SEO plugin v22.8 - https:\/\/yoast.com\/wordpress\/plugins\/seo\/ -->\n<title>Kold Horizon II compl\u00e8te - Elevatesurf<\/title>\n<meta name=\"description\" content=\"Elevatesurf Kold Horizon II compl\u00e8te\" \/>\n<meta name=\"robots\" content=\"index, follow, max-snippet:-1, max-image-preview:large, max-video-preview:-1\" \/>\n<link rel=\"canonical\" href=\"https:\/\/elevatesurf.ch\/fr\/product\/kold-horizon-ll-complete\/\" \/>\n<meta property=\"og:locale\" content=\"fr_FR\" \/>\n<meta property=\"og:type\" content=\"article\" \/>\n<meta property=\"og:title\" content=\"Kold Horizon II compl\u00e8te - Elevatesurf\" \/>\n<meta property=\"og:description\" content=\"Elevatesurf Kold Horizon II compl\u00e8te\" \/>\n<meta property=\"og:url\" content=\"https:\/\/elevatesurf.ch\/fr\/product\/kold-horizon-ll-complete\/\" \/>\n<meta property=\"og:site_name\" content=\"Elevatesurf\" \/>\n<meta property=\"article:modified_time\" content=\"2026-01-10T08:41:29+00:00\" \/>\n<meta property=\"og:image\" content=\"https:\/\/elevatesurf.ch\/wp-content\/uploads\/2024\/01\/Horizon2_zusammen-scaled-1.jpg\" \/>\n\t<meta property=\"og:image:width\" content=\"2383\" \/>\n\t<meta property=\"og:image:height\" content=\"2560\" \/>\n\t<meta property=\"og:image:type\" content=\"image\/jpeg\" \/>\n<meta name=\"twitter:card\" content=\"summary_large_image\" \/>\n<meta name=\"twitter:label1\" content=\"Dur\u00e9e de lecture estim\u00e9e\" \/>\n\t<meta name=\"twitter:data1\" content=\"6 minutes\" \/>\n<script type=\"application\/ld+json\" class=\"yoast-schema-graph\">{\"@context\":\"https:\/\/schema.org\",\"@graph\":[{\"@type\":[\"WebPage\",\"ItemPage\"],\"@id\":\"https:\/\/elevatesurf.ch\/product\/kold-horizon-ll-complete\/\",\"url\":\"https:\/\/elevatesurf.ch\/product\/kold-horizon-ll-complete\/\",\"name\":\"Kold Horizon II compl\u00e8te - Elevatesurf\",\"isPartOf\":{\"@id\":\"https:\/\/elevatesurf.ch\/#website\"},\"primaryImageOfPage\":{\"@id\":\"https:\/\/elevatesurf.ch\/product\/kold-horizon-ll-complete\/#primaryimage\"},\"image\":{\"@id\":\"https:\/\/elevatesurf.ch\/product\/kold-horizon-ll-complete\/#primaryimage\"},\"thumbnailUrl\":\"https:\/\/elevatesurf.ch\/wp-content\/uploads\/2024\/01\/Horizon2_zusammen-scaled-1.jpg\",\"datePublished\":\"2024-01-15T20:44:50+00:00\",\"dateModified\":\"2026-01-10T08:41:29+00:00\",\"description\":\"Elevatesurf Kold Horizon II compl\u00e8te\",\"breadcrumb\":{\"@id\":\"https:\/\/elevatesurf.ch\/product\/kold-horizon-ll-complete\/#breadcrumb\"},\"inLanguage\":\"fr-FR\",\"potentialAction\":[{\"@type\":\"ReadAction\",\"target\":[\"https:\/\/elevatesurf.ch\/product\/kold-horizon-ll-complete\/\"]}]},{\"@type\":\"ImageObject\",\"inLanguage\":\"fr-FR\",\"@id\":\"https:\/\/elevatesurf.ch\/product\/kold-horizon-ll-complete\/#primaryimage\",\"url\":\"https:\/\/elevatesurf.ch\/wp-content\/uploads\/2024\/01\/Horizon2_zusammen-scaled-1.jpg\",\"contentUrl\":\"https:\/\/elevatesurf.ch\/wp-content\/uploads\/2024\/01\/Horizon2_zusammen-scaled-1.jpg\",\"width\":2383,\"height\":2560},{\"@type\":\"BreadcrumbList\",\"@id\":\"https:\/\/elevatesurf.ch\/product\/kold-horizon-ll-complete\/#breadcrumb\",\"itemListElement\":[{\"@type\":\"ListItem\",\"position\":1,\"name\":\"Accueil\",\"item\":\"https:\/\/elevatesurf.ch\/\"},{\"@type\":\"ListItem\",\"position\":2,\"name\":\"Shop &#8211; \u00c9levez Votre Exp\u00e9rience de Surf avec Notre Collection\",\"item\":\"https:\/\/elevatesurf.ch\/shop\/\"},{\"@type\":\"ListItem\",\"position\":3,\"name\":\"Kold Horizon II compl\u00e8te\"}]},{\"@type\":\"WebSite\",\"@id\":\"https:\/\/elevatesurf.ch\/#website\",\"url\":\"https:\/\/elevatesurf.ch\/\",\"name\":\"Elevatesurf\",\"description\":\"Surfez vers de nouveaux sommets avec ElevateSurf ! Kiteshop, Wingshop\",\"publisher\":{\"@id\":\"https:\/\/elevatesurf.ch\/#organization\"},\"potentialAction\":[{\"@type\":\"SearchAction\",\"target\":{\"@type\":\"EntryPoint\",\"urlTemplate\":\"https:\/\/elevatesurf.ch\/?s={search_term_string}\"},\"query-input\":\"required name=search_term_string\"}],\"inLanguage\":\"fr-FR\"},{\"@type\":\"Organization\",\"@id\":\"https:\/\/elevatesurf.ch\/#organization\",\"name\":\"Elevatesurf\",\"url\":\"https:\/\/elevatesurf.ch\/\",\"logo\":{\"@type\":\"ImageObject\",\"inLanguage\":\"fr-FR\",\"@id\":\"https:\/\/elevatesurf.ch\/#\/schema\/logo\/image\/\",\"url\":\"https:\/\/elevatesurf.ch\/wp-content\/uploads\/2024\/06\/67c2ec70-bdf5-4c14-898a-ded5b2051398.jpg\",\"contentUrl\":\"https:\/\/elevatesurf.ch\/wp-content\/uploads\/2024\/06\/67c2ec70-bdf5-4c14-898a-ded5b2051398.jpg\",\"width\":1024,\"height\":1024,\"caption\":\"Elevatesurf\"},\"image\":{\"@id\":\"https:\/\/elevatesurf.ch\/#\/schema\/logo\/image\/\"},\"sameAs\":[\"https:\/\/www.instagram.com\/elevate__surf\/\"]}]}<\/script>\n<!-- \/ Yoast SEO plugin. -->","yoast_head_json":{"title":"Kold Horizon II compl\u00e8te - Elevatesurf","description":"Elevatesurf Kold Horizon II compl\u00e8te","robots":{"index":"index","follow":"follow","max-snippet":"max-snippet:-1","max-image-preview":"max-image-preview:large","max-video-preview":"max-video-preview:-1"},"canonical":"https:\/\/elevatesurf.ch\/fr\/product\/kold-horizon-ll-complete\/","og_locale":"fr_FR","og_type":"article","og_title":"Kold Horizon II compl\u00e8te - Elevatesurf","og_description":"Elevatesurf Kold Horizon II compl\u00e8te","og_url":"https:\/\/elevatesurf.ch\/fr\/product\/kold-horizon-ll-complete\/","og_site_name":"Elevatesurf","article_modified_time":"2026-01-10T08:41:29+00:00","og_image":[{"width":2383,"height":2560,"url":"https:\/\/elevatesurf.ch\/wp-content\/uploads\/2024\/01\/Horizon2_zusammen-scaled-1.jpg","type":"image\/jpeg"}],"twitter_card":"summary_large_image","twitter_misc":{"Dur\u00e9e de lecture estim\u00e9e":"6 minutes"},"schema":{"@context":"https:\/\/schema.org","@graph":[{"@type":["WebPage","ItemPage"],"@id":"https:\/\/elevatesurf.ch\/product\/kold-horizon-ll-complete\/","url":"https:\/\/elevatesurf.ch\/product\/kold-horizon-ll-complete\/","name":"Kold Horizon II compl\u00e8te - Elevatesurf","isPartOf":{"@id":"https:\/\/elevatesurf.ch\/#website"},"primaryImageOfPage":{"@id":"https:\/\/elevatesurf.ch\/product\/kold-horizon-ll-complete\/#primaryimage"},"image":{"@id":"https:\/\/elevatesurf.ch\/product\/kold-horizon-ll-complete\/#primaryimage"},"thumbnailUrl":"https:\/\/elevatesurf.ch\/wp-content\/uploads\/2024\/01\/Horizon2_zusammen-scaled-1.jpg","datePublished":"2024-01-15T20:44:50+00:00","dateModified":"2026-01-10T08:41:29+00:00","description":"Elevatesurf Kold Horizon II compl\u00e8te","breadcrumb":{"@id":"https:\/\/elevatesurf.ch\/product\/kold-horizon-ll-complete\/#breadcrumb"},"inLanguage":"fr-FR","potentialAction":[{"@type":"ReadAction","target":["https:\/\/elevatesurf.ch\/product\/kold-horizon-ll-complete\/"]}]},{"@type":"ImageObject","inLanguage":"fr-FR","@id":"https:\/\/elevatesurf.ch\/product\/kold-horizon-ll-complete\/#primaryimage","url":"https:\/\/elevatesurf.ch\/wp-content\/uploads\/2024\/01\/Horizon2_zusammen-scaled-1.jpg","contentUrl":"https:\/\/elevatesurf.ch\/wp-content\/uploads\/2024\/01\/Horizon2_zusammen-scaled-1.jpg","width":2383,"height":2560},{"@type":"BreadcrumbList","@id":"https:\/\/elevatesurf.ch\/product\/kold-horizon-ll-complete\/#breadcrumb","itemListElement":[{"@type":"ListItem","position":1,"name":"Accueil","item":"https:\/\/elevatesurf.ch\/"},{"@type":"ListItem","position":2,"name":"Shop &#8211; \u00c9levez Votre Exp\u00e9rience de Surf avec Notre Collection","item":"https:\/\/elevatesurf.ch\/shop\/"},{"@type":"ListItem","position":3,"name":"Kold Horizon II compl\u00e8te"}]},{"@type":"WebSite","@id":"https:\/\/elevatesurf.ch\/#website","url":"https:\/\/elevatesurf.ch\/","name":"Elevatesurf","description":"Surfez vers de nouveaux sommets avec ElevateSurf ! Kiteshop, Wingshop","publisher":{"@id":"https:\/\/elevatesurf.ch\/#organization"},"potentialAction":[{"@type":"SearchAction","target":{"@type":"EntryPoint","urlTemplate":"https:\/\/elevatesurf.ch\/?s={search_term_string}"},"query-input":"required name=search_term_string"}],"inLanguage":"fr-FR"},{"@type":"Organization","@id":"https:\/\/elevatesurf.ch\/#organization","name":"Elevatesurf","url":"https:\/\/elevatesurf.ch\/","logo":{"@type":"ImageObject","inLanguage":"fr-FR","@id":"https:\/\/elevatesurf.ch\/#\/schema\/logo\/image\/","url":"https:\/\/elevatesurf.ch\/wp-content\/uploads\/2024\/06\/67c2ec70-bdf5-4c14-898a-ded5b2051398.jpg","contentUrl":"https:\/\/elevatesurf.ch\/wp-content\/uploads\/2024\/06\/67c2ec70-bdf5-4c14-898a-ded5b2051398.jpg","width":1024,"height":1024,"caption":"Elevatesurf"},"image":{"@id":"https:\/\/elevatesurf.ch\/#\/schema\/logo\/image\/"},"sameAs":["https:\/\/www.instagram.com\/elevate__surf\/"]}]}},"_links":{"self":[{"href":"https:\/\/elevatesurf.ch\/fr\/wp-json\/wp\/v2\/product\/14107","targetHints":{"allow":["GET"]}}],"collection":[{"href":"https:\/\/elevatesurf.ch\/fr\/wp-json\/wp\/v2\/product"}],"about":[{"href":"https:\/\/elevatesurf.ch\/fr\/wp-json\/wp\/v2\/types\/product"}],"replies":[{"embeddable":true,"href":"https:\/\/elevatesurf.ch\/fr\/wp-json\/wp\/v2\/comments?post=14107"}],"wp:featuredmedia":[{"embeddable":true,"href":"https:\/\/elevatesurf.ch\/fr\/wp-json\/wp\/v2\/media\/14126"}],"wp:attachment":[{"href":"https:\/\/elevatesurf.ch\/fr\/wp-json\/wp\/v2\/media?parent=14107"}],"wp:term":[{"taxonomy":"product_cat","embeddable":true,"href":"https:\/\/elevatesurf.ch\/fr\/wp-json\/wp\/v2\/product_cat?post=14107"},{"taxonomy":"product_tag","embeddable":true,"href":"https:\/\/elevatesurf.ch\/fr\/wp-json\/wp\/v2\/product_tag?post=14107"}],"curies":[{"name":"wp","href":"https:\/\/api.w.org\/{rel}","templated":true}]}}