{"id":16222,"date":"2024-03-03T17:52:41","date_gmt":"2024-03-03T17:52:41","guid":{"rendered":"https:\/\/elevatesurf.ch\/?post_type=product&#038;p=16222"},"modified":"2026-01-10T08:41:29","modified_gmt":"2026-01-10T08:41:29","slug":"flysurfer-vmg2","status":"publish","type":"product","link":"https:\/\/elevatesurf.ch\/fr\/product\/flysurfer-vmg2\/","title":{"rendered":"Flysurfer VMG2"},"content":{"rendered":"<p>Le VMG : r\u00e9volutionnaire, tr\u00e8s efficace, extr\u00eamement rapide. La vitrine technologique FLYSURFER est un chef-d&rsquo;\u0153uvre de l&rsquo;ing\u00e9nierie allemande sp\u00e9cialement d\u00e9velopp\u00e9 pour les courses olympiques de kitesurf \u00e0 foils. Test\u00e9e en comp\u00e9tition, intouchable sur le circuit, facile \u00e0 entretenir. Augmentez vos performances et laissez vos concurrents derri\u00e8re vous !<\/p>\n","protected":false},"excerpt":{"rendered":"<p>Le VMG : r\u00e9volutionnaire, tr\u00e8s efficace, extr\u00eamement rapide. La vitrine technologique FLYSURFER est un chef-d&rsquo;\u0153uvre de l&rsquo;ing\u00e9nierie allemande sp\u00e9cialement d\u00e9velopp\u00e9 pour les courses olympiques de kitesurf \u00e0 foils. Test\u00e9e en comp\u00e9tition, intouchable sur le circuit, facile \u00e0 entretenir. Augmentez vos performances et laissez vos concurrents derri\u00e8re vous !<\/p>\n","protected":false},"featured_media":16232,"comment_status":"open","ping_status":"closed","template":"","meta":[],"product_cat":[134,122],"product_tag":[],"class_list":{"0":"post-16222","1":"product","2":"type-product","3":"status-publish","4":"has-post-thumbnail","6":"product_cat-kites","7":"product_cat-kitesurf-ailes-planches-harnai","8":"product_shipping_class-postpac-economy-jusqua-10kg","9":"product_brand-light-wind-neuchatel","11":"first","12":"onbackorder","13":"shipping-taxable","14":"purchasable","15":"product-type-variable"},"yoast_head":"<!-- This site is optimized with the Yoast SEO plugin v22.8 - https:\/\/yoast.com\/wordpress\/plugins\/seo\/ -->\n<title>Flysurfer VMG2 - Elevatesurf<\/title>\n<meta name=\"description\" content=\"Elevatesurf Flysurfer VMG2\" \/>\n<meta name=\"robots\" content=\"index, follow, max-snippet:-1, max-image-preview:large, max-video-preview:-1\" \/>\n<link rel=\"canonical\" href=\"https:\/\/elevatesurf.ch\/fr\/product\/flysurfer-vmg2\/\" \/>\n<meta property=\"og:locale\" content=\"fr_FR\" \/>\n<meta property=\"og:type\" content=\"article\" \/>\n<meta property=\"og:title\" content=\"Flysurfer VMG2 - Elevatesurf\" \/>\n<meta property=\"og:description\" content=\"Elevatesurf Flysurfer VMG2\" \/>\n<meta property=\"og:url\" content=\"https:\/\/elevatesurf.ch\/fr\/product\/flysurfer-vmg2\/\" \/>\n<meta property=\"og:site_name\" content=\"Elevatesurf\" \/>\n<meta property=\"article:modified_time\" content=\"2026-01-10T08:41:29+00:00\" \/>\n<meta property=\"og:image\" content=\"https:\/\/elevatesurf.ch\/wp-content\/uploads\/2024\/03\/VMG2-3d-13.png\" \/>\n\t<meta property=\"og:image:width\" content=\"1200\" \/>\n\t<meta property=\"og:image:height\" content=\"900\" \/>\n\t<meta property=\"og:image:type\" content=\"image\/png\" \/>\n<meta name=\"twitter:card\" content=\"summary_large_image\" \/>\n<script type=\"application\/ld+json\" class=\"yoast-schema-graph\">{\"@context\":\"https:\/\/schema.org\",\"@graph\":[{\"@type\":[\"WebPage\",\"ItemPage\"],\"@id\":\"https:\/\/elevatesurf.ch\/product\/flysurfer-vmg2\/\",\"url\":\"https:\/\/elevatesurf.ch\/product\/flysurfer-vmg2\/\",\"name\":\"Flysurfer VMG2 - Elevatesurf\",\"isPartOf\":{\"@id\":\"https:\/\/elevatesurf.ch\/#website\"},\"primaryImageOfPage\":{\"@id\":\"https:\/\/elevatesurf.ch\/product\/flysurfer-vmg2\/#primaryimage\"},\"image\":{\"@id\":\"https:\/\/elevatesurf.ch\/product\/flysurfer-vmg2\/#primaryimage\"},\"thumbnailUrl\":\"https:\/\/elevatesurf.ch\/wp-content\/uploads\/2024\/03\/VMG2-3d-13.png\",\"datePublished\":\"2024-03-03T17:52:41+00:00\",\"dateModified\":\"2026-01-10T08:41:29+00:00\",\"description\":\"Elevatesurf Flysurfer VMG2\",\"breadcrumb\":{\"@id\":\"https:\/\/elevatesurf.ch\/product\/flysurfer-vmg2\/#breadcrumb\"},\"inLanguage\":\"fr-FR\",\"potentialAction\":[{\"@type\":\"ReadAction\",\"target\":[\"https:\/\/elevatesurf.ch\/product\/flysurfer-vmg2\/\"]}]},{\"@type\":\"ImageObject\",\"inLanguage\":\"fr-FR\",\"@id\":\"https:\/\/elevatesurf.ch\/product\/flysurfer-vmg2\/#primaryimage\",\"url\":\"https:\/\/elevatesurf.ch\/wp-content\/uploads\/2024\/03\/VMG2-3d-13.png\",\"contentUrl\":\"https:\/\/elevatesurf.ch\/wp-content\/uploads\/2024\/03\/VMG2-3d-13.png\",\"width\":1200,\"height\":900},{\"@type\":\"BreadcrumbList\",\"@id\":\"https:\/\/elevatesurf.ch\/product\/flysurfer-vmg2\/#breadcrumb\",\"itemListElement\":[{\"@type\":\"ListItem\",\"position\":1,\"name\":\"Accueil\",\"item\":\"https:\/\/elevatesurf.ch\/\"},{\"@type\":\"ListItem\",\"position\":2,\"name\":\"Shop &#8211; \u00c9levez Votre Exp\u00e9rience de Surf avec Notre Collection\",\"item\":\"https:\/\/elevatesurf.ch\/shop\/\"},{\"@type\":\"ListItem\",\"position\":3,\"name\":\"Flysurfer VMG2\"}]},{\"@type\":\"WebSite\",\"@id\":\"https:\/\/elevatesurf.ch\/#website\",\"url\":\"https:\/\/elevatesurf.ch\/\",\"name\":\"Elevatesurf\",\"description\":\"Surfez vers de nouveaux sommets avec ElevateSurf ! Kiteshop, Wingshop\",\"publisher\":{\"@id\":\"https:\/\/elevatesurf.ch\/#organization\"},\"potentialAction\":[{\"@type\":\"SearchAction\",\"target\":{\"@type\":\"EntryPoint\",\"urlTemplate\":\"https:\/\/elevatesurf.ch\/?s={search_term_string}\"},\"query-input\":\"required name=search_term_string\"}],\"inLanguage\":\"fr-FR\"},{\"@type\":\"Organization\",\"@id\":\"https:\/\/elevatesurf.ch\/#organization\",\"name\":\"Elevatesurf\",\"url\":\"https:\/\/elevatesurf.ch\/\",\"logo\":{\"@type\":\"ImageObject\",\"inLanguage\":\"fr-FR\",\"@id\":\"https:\/\/elevatesurf.ch\/#\/schema\/logo\/image\/\",\"url\":\"https:\/\/elevatesurf.ch\/wp-content\/uploads\/2024\/06\/67c2ec70-bdf5-4c14-898a-ded5b2051398.jpg\",\"contentUrl\":\"https:\/\/elevatesurf.ch\/wp-content\/uploads\/2024\/06\/67c2ec70-bdf5-4c14-898a-ded5b2051398.jpg\",\"width\":1024,\"height\":1024,\"caption\":\"Elevatesurf\"},\"image\":{\"@id\":\"https:\/\/elevatesurf.ch\/#\/schema\/logo\/image\/\"},\"sameAs\":[\"https:\/\/www.instagram.com\/elevate__surf\/\"]}]}<\/script>\n<!-- \/ Yoast SEO plugin. -->","yoast_head_json":{"title":"Flysurfer VMG2 - Elevatesurf","description":"Elevatesurf Flysurfer VMG2","robots":{"index":"index","follow":"follow","max-snippet":"max-snippet:-1","max-image-preview":"max-image-preview:large","max-video-preview":"max-video-preview:-1"},"canonical":"https:\/\/elevatesurf.ch\/fr\/product\/flysurfer-vmg2\/","og_locale":"fr_FR","og_type":"article","og_title":"Flysurfer VMG2 - Elevatesurf","og_description":"Elevatesurf Flysurfer VMG2","og_url":"https:\/\/elevatesurf.ch\/fr\/product\/flysurfer-vmg2\/","og_site_name":"Elevatesurf","article_modified_time":"2026-01-10T08:41:29+00:00","og_image":[{"width":1200,"height":900,"url":"https:\/\/elevatesurf.ch\/wp-content\/uploads\/2024\/03\/VMG2-3d-13.png","type":"image\/png"}],"twitter_card":"summary_large_image","schema":{"@context":"https:\/\/schema.org","@graph":[{"@type":["WebPage","ItemPage"],"@id":"https:\/\/elevatesurf.ch\/product\/flysurfer-vmg2\/","url":"https:\/\/elevatesurf.ch\/product\/flysurfer-vmg2\/","name":"Flysurfer VMG2 - Elevatesurf","isPartOf":{"@id":"https:\/\/elevatesurf.ch\/#website"},"primaryImageOfPage":{"@id":"https:\/\/elevatesurf.ch\/product\/flysurfer-vmg2\/#primaryimage"},"image":{"@id":"https:\/\/elevatesurf.ch\/product\/flysurfer-vmg2\/#primaryimage"},"thumbnailUrl":"https:\/\/elevatesurf.ch\/wp-content\/uploads\/2024\/03\/VMG2-3d-13.png","datePublished":"2024-03-03T17:52:41+00:00","dateModified":"2026-01-10T08:41:29+00:00","description":"Elevatesurf Flysurfer VMG2","breadcrumb":{"@id":"https:\/\/elevatesurf.ch\/product\/flysurfer-vmg2\/#breadcrumb"},"inLanguage":"fr-FR","potentialAction":[{"@type":"ReadAction","target":["https:\/\/elevatesurf.ch\/product\/flysurfer-vmg2\/"]}]},{"@type":"ImageObject","inLanguage":"fr-FR","@id":"https:\/\/elevatesurf.ch\/product\/flysurfer-vmg2\/#primaryimage","url":"https:\/\/elevatesurf.ch\/wp-content\/uploads\/2024\/03\/VMG2-3d-13.png","contentUrl":"https:\/\/elevatesurf.ch\/wp-content\/uploads\/2024\/03\/VMG2-3d-13.png","width":1200,"height":900},{"@type":"BreadcrumbList","@id":"https:\/\/elevatesurf.ch\/product\/flysurfer-vmg2\/#breadcrumb","itemListElement":[{"@type":"ListItem","position":1,"name":"Accueil","item":"https:\/\/elevatesurf.ch\/"},{"@type":"ListItem","position":2,"name":"Shop &#8211; \u00c9levez Votre Exp\u00e9rience de Surf avec Notre Collection","item":"https:\/\/elevatesurf.ch\/shop\/"},{"@type":"ListItem","position":3,"name":"Flysurfer VMG2"}]},{"@type":"WebSite","@id":"https:\/\/elevatesurf.ch\/#website","url":"https:\/\/elevatesurf.ch\/","name":"Elevatesurf","description":"Surfez vers de nouveaux sommets avec ElevateSurf ! Kiteshop, Wingshop","publisher":{"@id":"https:\/\/elevatesurf.ch\/#organization"},"potentialAction":[{"@type":"SearchAction","target":{"@type":"EntryPoint","urlTemplate":"https:\/\/elevatesurf.ch\/?s={search_term_string}"},"query-input":"required name=search_term_string"}],"inLanguage":"fr-FR"},{"@type":"Organization","@id":"https:\/\/elevatesurf.ch\/#organization","name":"Elevatesurf","url":"https:\/\/elevatesurf.ch\/","logo":{"@type":"ImageObject","inLanguage":"fr-FR","@id":"https:\/\/elevatesurf.ch\/#\/schema\/logo\/image\/","url":"https:\/\/elevatesurf.ch\/wp-content\/uploads\/2024\/06\/67c2ec70-bdf5-4c14-898a-ded5b2051398.jpg","contentUrl":"https:\/\/elevatesurf.ch\/wp-content\/uploads\/2024\/06\/67c2ec70-bdf5-4c14-898a-ded5b2051398.jpg","width":1024,"height":1024,"caption":"Elevatesurf"},"image":{"@id":"https:\/\/elevatesurf.ch\/#\/schema\/logo\/image\/"},"sameAs":["https:\/\/www.instagram.com\/elevate__surf\/"]}]}},"_links":{"self":[{"href":"https:\/\/elevatesurf.ch\/fr\/wp-json\/wp\/v2\/product\/16222","targetHints":{"allow":["GET"]}}],"collection":[{"href":"https:\/\/elevatesurf.ch\/fr\/wp-json\/wp\/v2\/product"}],"about":[{"href":"https:\/\/elevatesurf.ch\/fr\/wp-json\/wp\/v2\/types\/product"}],"replies":[{"embeddable":true,"href":"https:\/\/elevatesurf.ch\/fr\/wp-json\/wp\/v2\/comments?post=16222"}],"wp:featuredmedia":[{"embeddable":true,"href":"https:\/\/elevatesurf.ch\/fr\/wp-json\/wp\/v2\/media\/16232"}],"wp:attachment":[{"href":"https:\/\/elevatesurf.ch\/fr\/wp-json\/wp\/v2\/media?parent=16222"}],"wp:term":[{"taxonomy":"product_cat","embeddable":true,"href":"https:\/\/elevatesurf.ch\/fr\/wp-json\/wp\/v2\/product_cat?post=16222"},{"taxonomy":"product_tag","embeddable":true,"href":"https:\/\/elevatesurf.ch\/fr\/wp-json\/wp\/v2\/product_tag?post=16222"}],"curies":[{"name":"wp","href":"https:\/\/api.w.org\/{rel}","templated":true}]}}