{"id":16265,"date":"2024-03-03T18:34:25","date_gmt":"2024-03-03T18:34:25","guid":{"rendered":"https:\/\/elevatesurf.ch\/?post_type=product&#038;p=16265"},"modified":"2026-01-10T08:41:30","modified_gmt":"2026-01-10T08:41:30","slug":"flysurfer-stoke","status":"publish","type":"product","link":"https:\/\/elevatesurf.ch\/fr\/product\/flysurfer-stoke\/","title":{"rendered":"Flysurfer Stoke"},"content":{"rendered":"<p>Fixez-vous de nouveaux objectifs et d\u00e9passez vos limites ! Soyez fous avec une aile sportive, super l\u00e9g\u00e8re et tr\u00e8s r\u00e9active. Enflammez votre motivation et faites ce que vous aimez le plus sans faire de compromis. Montrez de fa\u00e7on ludique vos meilleures performances et renforcez votre confiance en vous. C&rsquo;est le moment de faire monter le STOKE en vous !<\/p>\n","protected":false},"excerpt":{"rendered":"<p>Fixez-vous de nouveaux objectifs et d\u00e9passez vos limites ! Soyez fous avec une aile sportive, super l\u00e9g\u00e8re et tr\u00e8s r\u00e9active. Enflammez votre motivation et faites ce que vous aimez le plus sans faire de compromis. Montrez de fa\u00e7on ludique vos meilleures performances et renforcez votre confiance en vous. C&rsquo;est le moment de faire monter le [&hellip;]<\/p>\n","protected":false},"featured_media":16274,"comment_status":"open","ping_status":"closed","template":"","meta":[],"product_cat":[134,122],"product_tag":[],"class_list":{"0":"post-16265","1":"product","2":"type-product","3":"status-publish","4":"has-post-thumbnail","6":"product_cat-kites","7":"product_cat-kitesurf-ailes-planches-harnai","8":"product_shipping_class-postpac-economy-jusqua-10kg","9":"product_brand-light-wind-neuchatel","11":"first","12":"onbackorder","13":"shipping-taxable","14":"purchasable","15":"product-type-variable"},"yoast_head":"<!-- This site is optimized with the Yoast SEO plugin v22.8 - https:\/\/yoast.com\/wordpress\/plugins\/seo\/ -->\n<title>Flysurfer Stoke - Elevatesurf<\/title>\n<meta name=\"description\" content=\"Elevatesurf Flysurfer Stoke\" \/>\n<meta name=\"robots\" content=\"index, follow, max-snippet:-1, max-image-preview:large, max-video-preview:-1\" \/>\n<link rel=\"canonical\" href=\"https:\/\/elevatesurf.ch\/fr\/product\/flysurfer-stoke\/\" \/>\n<meta property=\"og:locale\" content=\"fr_FR\" \/>\n<meta property=\"og:type\" content=\"article\" \/>\n<meta property=\"og:title\" content=\"Flysurfer Stoke - Elevatesurf\" \/>\n<meta property=\"og:description\" content=\"Elevatesurf Flysurfer Stoke\" \/>\n<meta property=\"og:url\" content=\"https:\/\/elevatesurf.ch\/fr\/product\/flysurfer-stoke\/\" \/>\n<meta property=\"og:site_name\" content=\"Elevatesurf\" \/>\n<meta property=\"article:modified_time\" content=\"2026-01-10T08:41:30+00:00\" \/>\n<meta property=\"og:image\" content=\"https:\/\/elevatesurf.ch\/wp-content\/uploads\/2024\/03\/FS22-STOKE3-3D-Preview-12-1600x1600px.jpg\" \/>\n\t<meta property=\"og:image:width\" content=\"1600\" \/>\n\t<meta property=\"og:image:height\" content=\"1600\" \/>\n\t<meta property=\"og:image:type\" content=\"image\/jpeg\" \/>\n<meta name=\"twitter:card\" content=\"summary_large_image\" \/>\n<script type=\"application\/ld+json\" class=\"yoast-schema-graph\">{\"@context\":\"https:\/\/schema.org\",\"@graph\":[{\"@type\":[\"WebPage\",\"ItemPage\"],\"@id\":\"https:\/\/elevatesurf.ch\/product\/flysurfer-stoke\/\",\"url\":\"https:\/\/elevatesurf.ch\/product\/flysurfer-stoke\/\",\"name\":\"Flysurfer Stoke - Elevatesurf\",\"isPartOf\":{\"@id\":\"https:\/\/elevatesurf.ch\/#website\"},\"primaryImageOfPage\":{\"@id\":\"https:\/\/elevatesurf.ch\/product\/flysurfer-stoke\/#primaryimage\"},\"image\":{\"@id\":\"https:\/\/elevatesurf.ch\/product\/flysurfer-stoke\/#primaryimage\"},\"thumbnailUrl\":\"https:\/\/elevatesurf.ch\/wp-content\/uploads\/2024\/03\/FS22-STOKE3-3D-Preview-12-1600x1600px.jpg\",\"datePublished\":\"2024-03-03T18:34:25+00:00\",\"dateModified\":\"2026-01-10T08:41:30+00:00\",\"description\":\"Elevatesurf Flysurfer Stoke\",\"breadcrumb\":{\"@id\":\"https:\/\/elevatesurf.ch\/product\/flysurfer-stoke\/#breadcrumb\"},\"inLanguage\":\"fr-FR\",\"potentialAction\":[{\"@type\":\"ReadAction\",\"target\":[\"https:\/\/elevatesurf.ch\/product\/flysurfer-stoke\/\"]}]},{\"@type\":\"ImageObject\",\"inLanguage\":\"fr-FR\",\"@id\":\"https:\/\/elevatesurf.ch\/product\/flysurfer-stoke\/#primaryimage\",\"url\":\"https:\/\/elevatesurf.ch\/wp-content\/uploads\/2024\/03\/FS22-STOKE3-3D-Preview-12-1600x1600px.jpg\",\"contentUrl\":\"https:\/\/elevatesurf.ch\/wp-content\/uploads\/2024\/03\/FS22-STOKE3-3D-Preview-12-1600x1600px.jpg\",\"width\":1600,\"height\":1600},{\"@type\":\"BreadcrumbList\",\"@id\":\"https:\/\/elevatesurf.ch\/product\/flysurfer-stoke\/#breadcrumb\",\"itemListElement\":[{\"@type\":\"ListItem\",\"position\":1,\"name\":\"Accueil\",\"item\":\"https:\/\/elevatesurf.ch\/\"},{\"@type\":\"ListItem\",\"position\":2,\"name\":\"Shop &#8211; \u00c9levez Votre Exp\u00e9rience de Surf avec Notre Collection\",\"item\":\"https:\/\/elevatesurf.ch\/shop\/\"},{\"@type\":\"ListItem\",\"position\":3,\"name\":\"Flysurfer Stoke\"}]},{\"@type\":\"WebSite\",\"@id\":\"https:\/\/elevatesurf.ch\/#website\",\"url\":\"https:\/\/elevatesurf.ch\/\",\"name\":\"Elevatesurf\",\"description\":\"Surfez vers de nouveaux sommets avec ElevateSurf ! Kiteshop, Wingshop\",\"publisher\":{\"@id\":\"https:\/\/elevatesurf.ch\/#organization\"},\"potentialAction\":[{\"@type\":\"SearchAction\",\"target\":{\"@type\":\"EntryPoint\",\"urlTemplate\":\"https:\/\/elevatesurf.ch\/?s={search_term_string}\"},\"query-input\":\"required name=search_term_string\"}],\"inLanguage\":\"fr-FR\"},{\"@type\":\"Organization\",\"@id\":\"https:\/\/elevatesurf.ch\/#organization\",\"name\":\"Elevatesurf\",\"url\":\"https:\/\/elevatesurf.ch\/\",\"logo\":{\"@type\":\"ImageObject\",\"inLanguage\":\"fr-FR\",\"@id\":\"https:\/\/elevatesurf.ch\/#\/schema\/logo\/image\/\",\"url\":\"https:\/\/elevatesurf.ch\/wp-content\/uploads\/2024\/06\/67c2ec70-bdf5-4c14-898a-ded5b2051398.jpg\",\"contentUrl\":\"https:\/\/elevatesurf.ch\/wp-content\/uploads\/2024\/06\/67c2ec70-bdf5-4c14-898a-ded5b2051398.jpg\",\"width\":1024,\"height\":1024,\"caption\":\"Elevatesurf\"},\"image\":{\"@id\":\"https:\/\/elevatesurf.ch\/#\/schema\/logo\/image\/\"},\"sameAs\":[\"https:\/\/www.instagram.com\/elevate__surf\/\"]}]}<\/script>\n<!-- \/ Yoast SEO plugin. -->","yoast_head_json":{"title":"Flysurfer Stoke - Elevatesurf","description":"Elevatesurf Flysurfer Stoke","robots":{"index":"index","follow":"follow","max-snippet":"max-snippet:-1","max-image-preview":"max-image-preview:large","max-video-preview":"max-video-preview:-1"},"canonical":"https:\/\/elevatesurf.ch\/fr\/product\/flysurfer-stoke\/","og_locale":"fr_FR","og_type":"article","og_title":"Flysurfer Stoke - Elevatesurf","og_description":"Elevatesurf Flysurfer Stoke","og_url":"https:\/\/elevatesurf.ch\/fr\/product\/flysurfer-stoke\/","og_site_name":"Elevatesurf","article_modified_time":"2026-01-10T08:41:30+00:00","og_image":[{"width":1600,"height":1600,"url":"https:\/\/elevatesurf.ch\/wp-content\/uploads\/2024\/03\/FS22-STOKE3-3D-Preview-12-1600x1600px.jpg","type":"image\/jpeg"}],"twitter_card":"summary_large_image","schema":{"@context":"https:\/\/schema.org","@graph":[{"@type":["WebPage","ItemPage"],"@id":"https:\/\/elevatesurf.ch\/product\/flysurfer-stoke\/","url":"https:\/\/elevatesurf.ch\/product\/flysurfer-stoke\/","name":"Flysurfer Stoke - Elevatesurf","isPartOf":{"@id":"https:\/\/elevatesurf.ch\/#website"},"primaryImageOfPage":{"@id":"https:\/\/elevatesurf.ch\/product\/flysurfer-stoke\/#primaryimage"},"image":{"@id":"https:\/\/elevatesurf.ch\/product\/flysurfer-stoke\/#primaryimage"},"thumbnailUrl":"https:\/\/elevatesurf.ch\/wp-content\/uploads\/2024\/03\/FS22-STOKE3-3D-Preview-12-1600x1600px.jpg","datePublished":"2024-03-03T18:34:25+00:00","dateModified":"2026-01-10T08:41:30+00:00","description":"Elevatesurf Flysurfer Stoke","breadcrumb":{"@id":"https:\/\/elevatesurf.ch\/product\/flysurfer-stoke\/#breadcrumb"},"inLanguage":"fr-FR","potentialAction":[{"@type":"ReadAction","target":["https:\/\/elevatesurf.ch\/product\/flysurfer-stoke\/"]}]},{"@type":"ImageObject","inLanguage":"fr-FR","@id":"https:\/\/elevatesurf.ch\/product\/flysurfer-stoke\/#primaryimage","url":"https:\/\/elevatesurf.ch\/wp-content\/uploads\/2024\/03\/FS22-STOKE3-3D-Preview-12-1600x1600px.jpg","contentUrl":"https:\/\/elevatesurf.ch\/wp-content\/uploads\/2024\/03\/FS22-STOKE3-3D-Preview-12-1600x1600px.jpg","width":1600,"height":1600},{"@type":"BreadcrumbList","@id":"https:\/\/elevatesurf.ch\/product\/flysurfer-stoke\/#breadcrumb","itemListElement":[{"@type":"ListItem","position":1,"name":"Accueil","item":"https:\/\/elevatesurf.ch\/"},{"@type":"ListItem","position":2,"name":"Shop &#8211; \u00c9levez Votre Exp\u00e9rience de Surf avec Notre Collection","item":"https:\/\/elevatesurf.ch\/shop\/"},{"@type":"ListItem","position":3,"name":"Flysurfer Stoke"}]},{"@type":"WebSite","@id":"https:\/\/elevatesurf.ch\/#website","url":"https:\/\/elevatesurf.ch\/","name":"Elevatesurf","description":"Surfez vers de nouveaux sommets avec ElevateSurf ! Kiteshop, Wingshop","publisher":{"@id":"https:\/\/elevatesurf.ch\/#organization"},"potentialAction":[{"@type":"SearchAction","target":{"@type":"EntryPoint","urlTemplate":"https:\/\/elevatesurf.ch\/?s={search_term_string}"},"query-input":"required name=search_term_string"}],"inLanguage":"fr-FR"},{"@type":"Organization","@id":"https:\/\/elevatesurf.ch\/#organization","name":"Elevatesurf","url":"https:\/\/elevatesurf.ch\/","logo":{"@type":"ImageObject","inLanguage":"fr-FR","@id":"https:\/\/elevatesurf.ch\/#\/schema\/logo\/image\/","url":"https:\/\/elevatesurf.ch\/wp-content\/uploads\/2024\/06\/67c2ec70-bdf5-4c14-898a-ded5b2051398.jpg","contentUrl":"https:\/\/elevatesurf.ch\/wp-content\/uploads\/2024\/06\/67c2ec70-bdf5-4c14-898a-ded5b2051398.jpg","width":1024,"height":1024,"caption":"Elevatesurf"},"image":{"@id":"https:\/\/elevatesurf.ch\/#\/schema\/logo\/image\/"},"sameAs":["https:\/\/www.instagram.com\/elevate__surf\/"]}]}},"_links":{"self":[{"href":"https:\/\/elevatesurf.ch\/fr\/wp-json\/wp\/v2\/product\/16265","targetHints":{"allow":["GET"]}}],"collection":[{"href":"https:\/\/elevatesurf.ch\/fr\/wp-json\/wp\/v2\/product"}],"about":[{"href":"https:\/\/elevatesurf.ch\/fr\/wp-json\/wp\/v2\/types\/product"}],"replies":[{"embeddable":true,"href":"https:\/\/elevatesurf.ch\/fr\/wp-json\/wp\/v2\/comments?post=16265"}],"wp:featuredmedia":[{"embeddable":true,"href":"https:\/\/elevatesurf.ch\/fr\/wp-json\/wp\/v2\/media\/16274"}],"wp:attachment":[{"href":"https:\/\/elevatesurf.ch\/fr\/wp-json\/wp\/v2\/media?parent=16265"}],"wp:term":[{"taxonomy":"product_cat","embeddable":true,"href":"https:\/\/elevatesurf.ch\/fr\/wp-json\/wp\/v2\/product_cat?post=16265"},{"taxonomy":"product_tag","embeddable":true,"href":"https:\/\/elevatesurf.ch\/fr\/wp-json\/wp\/v2\/product_tag?post=16265"}],"curies":[{"name":"wp","href":"https:\/\/api.w.org\/{rel}","templated":true}]}}