{"id":16292,"date":"2024-03-03T18:50:22","date_gmt":"2024-03-03T18:50:22","guid":{"rendered":"https:\/\/elevatesurf.ch\/?post_type=product&#038;p=16292"},"modified":"2026-01-10T08:41:30","modified_gmt":"2026-01-10T08:41:30","slug":"flysurfer-tao","status":"publish","type":"product","link":"https:\/\/elevatesurf.ch\/fr\/product\/flysurfer-tao\/","title":{"rendered":"Flysurfer Tao"},"content":{"rendered":"<p>Ressentez la joie de piloter une aile de surf plus l\u00e9g\u00e8re, plus rapide et plus \u00e9quilibr\u00e9e avec une man\u0153uvrabilit\u00e9 ultime. Notre approche de la construction rationalis\u00e9e avec une esth\u00e9tique contemporaine se caract\u00e9rise par la plus grande facilit\u00e9 d&rsquo;utilisation. Contre le ton et le rythme du monde d&rsquo;aujourd&rsquo;hui, en se concentrant sur la fluidit\u00e9 du vent et de l&rsquo;eau. La TAO est parfaitement align\u00e9e avec votre corps !<\/p>\n","protected":false},"excerpt":{"rendered":"<p>Ressentez la joie de piloter une aile de surf plus l\u00e9g\u00e8re, plus rapide et plus \u00e9quilibr\u00e9e avec une man\u0153uvrabilit\u00e9 ultime. Notre approche de la construction rationalis\u00e9e avec une esth\u00e9tique contemporaine se caract\u00e9rise par la plus grande facilit\u00e9 d&rsquo;utilisation. Contre le ton et le rythme du monde d&rsquo;aujourd&rsquo;hui, en se concentrant sur la fluidit\u00e9 du vent [&hellip;]<\/p>\n","protected":false},"featured_media":16301,"comment_status":"open","ping_status":"closed","template":"","meta":[],"product_cat":[138,139],"product_tag":[],"class_list":{"0":"post-16292","1":"product","2":"type-product","3":"status-publish","4":"has-post-thumbnail","6":"product_cat-wingfoil-suisse-acheter","7":"product_cat-wings","8":"product_shipping_class-postpac-economy-jusqua-10kg","9":"product_brand-light-wind-neuchatel","11":"first","12":"onbackorder","13":"shipping-taxable","14":"purchasable","15":"product-type-variable"},"yoast_head":"<!-- This site is optimized with the Yoast SEO plugin v22.8 - https:\/\/yoast.com\/wordpress\/plugins\/seo\/ -->\n<title>Flysurfer Tao - Elevatesurf<\/title>\n<meta name=\"description\" content=\"Elevatesurf Flysurfer Tao\" \/>\n<meta name=\"robots\" content=\"index, follow, max-snippet:-1, max-image-preview:large, max-video-preview:-1\" \/>\n<link rel=\"canonical\" href=\"https:\/\/elevatesurf.ch\/fr\/product\/flysurfer-tao\/\" \/>\n<meta property=\"og:locale\" content=\"fr_FR\" \/>\n<meta property=\"og:type\" content=\"article\" \/>\n<meta property=\"og:title\" content=\"Flysurfer Tao - Elevatesurf\" \/>\n<meta property=\"og:description\" content=\"Elevatesurf Flysurfer Tao\" \/>\n<meta property=\"og:url\" content=\"https:\/\/elevatesurf.ch\/fr\/product\/flysurfer-tao\/\" \/>\n<meta property=\"og:site_name\" content=\"Elevatesurf\" \/>\n<meta property=\"article:modified_time\" content=\"2026-01-10T08:41:30+00:00\" \/>\n<meta property=\"og:image\" content=\"https:\/\/elevatesurf.ch\/wp-content\/uploads\/2024\/03\/TAO-7.0-3D-preview-1600x1600px.png\" \/>\n\t<meta property=\"og:image:width\" content=\"1600\" \/>\n\t<meta property=\"og:image:height\" content=\"1600\" \/>\n\t<meta property=\"og:image:type\" content=\"image\/png\" \/>\n<meta name=\"twitter:card\" content=\"summary_large_image\" \/>\n<script type=\"application\/ld+json\" class=\"yoast-schema-graph\">{\"@context\":\"https:\/\/schema.org\",\"@graph\":[{\"@type\":[\"WebPage\",\"ItemPage\"],\"@id\":\"https:\/\/elevatesurf.ch\/product\/flysurfer-tao\/\",\"url\":\"https:\/\/elevatesurf.ch\/product\/flysurfer-tao\/\",\"name\":\"Flysurfer Tao - Elevatesurf\",\"isPartOf\":{\"@id\":\"https:\/\/elevatesurf.ch\/#website\"},\"primaryImageOfPage\":{\"@id\":\"https:\/\/elevatesurf.ch\/product\/flysurfer-tao\/#primaryimage\"},\"image\":{\"@id\":\"https:\/\/elevatesurf.ch\/product\/flysurfer-tao\/#primaryimage\"},\"thumbnailUrl\":\"https:\/\/elevatesurf.ch\/wp-content\/uploads\/2024\/03\/TAO-7.0-3D-preview-1600x1600px.png\",\"datePublished\":\"2024-03-03T18:50:22+00:00\",\"dateModified\":\"2026-01-10T08:41:30+00:00\",\"description\":\"Elevatesurf Flysurfer Tao\",\"breadcrumb\":{\"@id\":\"https:\/\/elevatesurf.ch\/product\/flysurfer-tao\/#breadcrumb\"},\"inLanguage\":\"fr-FR\",\"potentialAction\":[{\"@type\":\"ReadAction\",\"target\":[\"https:\/\/elevatesurf.ch\/product\/flysurfer-tao\/\"]}]},{\"@type\":\"ImageObject\",\"inLanguage\":\"fr-FR\",\"@id\":\"https:\/\/elevatesurf.ch\/product\/flysurfer-tao\/#primaryimage\",\"url\":\"https:\/\/elevatesurf.ch\/wp-content\/uploads\/2024\/03\/TAO-7.0-3D-preview-1600x1600px.png\",\"contentUrl\":\"https:\/\/elevatesurf.ch\/wp-content\/uploads\/2024\/03\/TAO-7.0-3D-preview-1600x1600px.png\",\"width\":1600,\"height\":1600},{\"@type\":\"BreadcrumbList\",\"@id\":\"https:\/\/elevatesurf.ch\/product\/flysurfer-tao\/#breadcrumb\",\"itemListElement\":[{\"@type\":\"ListItem\",\"position\":1,\"name\":\"Accueil\",\"item\":\"https:\/\/elevatesurf.ch\/\"},{\"@type\":\"ListItem\",\"position\":2,\"name\":\"Shop &#8211; \u00c9levez Votre Exp\u00e9rience de Surf avec Notre Collection\",\"item\":\"https:\/\/elevatesurf.ch\/shop\/\"},{\"@type\":\"ListItem\",\"position\":3,\"name\":\"Flysurfer Tao\"}]},{\"@type\":\"WebSite\",\"@id\":\"https:\/\/elevatesurf.ch\/#website\",\"url\":\"https:\/\/elevatesurf.ch\/\",\"name\":\"Elevatesurf\",\"description\":\"Surfez vers de nouveaux sommets avec ElevateSurf ! Kiteshop, Wingshop\",\"publisher\":{\"@id\":\"https:\/\/elevatesurf.ch\/#organization\"},\"potentialAction\":[{\"@type\":\"SearchAction\",\"target\":{\"@type\":\"EntryPoint\",\"urlTemplate\":\"https:\/\/elevatesurf.ch\/?s={search_term_string}\"},\"query-input\":\"required name=search_term_string\"}],\"inLanguage\":\"fr-FR\"},{\"@type\":\"Organization\",\"@id\":\"https:\/\/elevatesurf.ch\/#organization\",\"name\":\"Elevatesurf\",\"url\":\"https:\/\/elevatesurf.ch\/\",\"logo\":{\"@type\":\"ImageObject\",\"inLanguage\":\"fr-FR\",\"@id\":\"https:\/\/elevatesurf.ch\/#\/schema\/logo\/image\/\",\"url\":\"https:\/\/elevatesurf.ch\/wp-content\/uploads\/2024\/06\/67c2ec70-bdf5-4c14-898a-ded5b2051398.jpg\",\"contentUrl\":\"https:\/\/elevatesurf.ch\/wp-content\/uploads\/2024\/06\/67c2ec70-bdf5-4c14-898a-ded5b2051398.jpg\",\"width\":1024,\"height\":1024,\"caption\":\"Elevatesurf\"},\"image\":{\"@id\":\"https:\/\/elevatesurf.ch\/#\/schema\/logo\/image\/\"},\"sameAs\":[\"https:\/\/www.instagram.com\/elevate__surf\/\"]}]}<\/script>\n<!-- \/ Yoast SEO plugin. -->","yoast_head_json":{"title":"Flysurfer Tao - Elevatesurf","description":"Elevatesurf Flysurfer Tao","robots":{"index":"index","follow":"follow","max-snippet":"max-snippet:-1","max-image-preview":"max-image-preview:large","max-video-preview":"max-video-preview:-1"},"canonical":"https:\/\/elevatesurf.ch\/fr\/product\/flysurfer-tao\/","og_locale":"fr_FR","og_type":"article","og_title":"Flysurfer Tao - Elevatesurf","og_description":"Elevatesurf Flysurfer Tao","og_url":"https:\/\/elevatesurf.ch\/fr\/product\/flysurfer-tao\/","og_site_name":"Elevatesurf","article_modified_time":"2026-01-10T08:41:30+00:00","og_image":[{"width":1600,"height":1600,"url":"https:\/\/elevatesurf.ch\/wp-content\/uploads\/2024\/03\/TAO-7.0-3D-preview-1600x1600px.png","type":"image\/png"}],"twitter_card":"summary_large_image","schema":{"@context":"https:\/\/schema.org","@graph":[{"@type":["WebPage","ItemPage"],"@id":"https:\/\/elevatesurf.ch\/product\/flysurfer-tao\/","url":"https:\/\/elevatesurf.ch\/product\/flysurfer-tao\/","name":"Flysurfer Tao - Elevatesurf","isPartOf":{"@id":"https:\/\/elevatesurf.ch\/#website"},"primaryImageOfPage":{"@id":"https:\/\/elevatesurf.ch\/product\/flysurfer-tao\/#primaryimage"},"image":{"@id":"https:\/\/elevatesurf.ch\/product\/flysurfer-tao\/#primaryimage"},"thumbnailUrl":"https:\/\/elevatesurf.ch\/wp-content\/uploads\/2024\/03\/TAO-7.0-3D-preview-1600x1600px.png","datePublished":"2024-03-03T18:50:22+00:00","dateModified":"2026-01-10T08:41:30+00:00","description":"Elevatesurf Flysurfer Tao","breadcrumb":{"@id":"https:\/\/elevatesurf.ch\/product\/flysurfer-tao\/#breadcrumb"},"inLanguage":"fr-FR","potentialAction":[{"@type":"ReadAction","target":["https:\/\/elevatesurf.ch\/product\/flysurfer-tao\/"]}]},{"@type":"ImageObject","inLanguage":"fr-FR","@id":"https:\/\/elevatesurf.ch\/product\/flysurfer-tao\/#primaryimage","url":"https:\/\/elevatesurf.ch\/wp-content\/uploads\/2024\/03\/TAO-7.0-3D-preview-1600x1600px.png","contentUrl":"https:\/\/elevatesurf.ch\/wp-content\/uploads\/2024\/03\/TAO-7.0-3D-preview-1600x1600px.png","width":1600,"height":1600},{"@type":"BreadcrumbList","@id":"https:\/\/elevatesurf.ch\/product\/flysurfer-tao\/#breadcrumb","itemListElement":[{"@type":"ListItem","position":1,"name":"Accueil","item":"https:\/\/elevatesurf.ch\/"},{"@type":"ListItem","position":2,"name":"Shop &#8211; \u00c9levez Votre Exp\u00e9rience de Surf avec Notre Collection","item":"https:\/\/elevatesurf.ch\/shop\/"},{"@type":"ListItem","position":3,"name":"Flysurfer Tao"}]},{"@type":"WebSite","@id":"https:\/\/elevatesurf.ch\/#website","url":"https:\/\/elevatesurf.ch\/","name":"Elevatesurf","description":"Surfez vers de nouveaux sommets avec ElevateSurf ! Kiteshop, Wingshop","publisher":{"@id":"https:\/\/elevatesurf.ch\/#organization"},"potentialAction":[{"@type":"SearchAction","target":{"@type":"EntryPoint","urlTemplate":"https:\/\/elevatesurf.ch\/?s={search_term_string}"},"query-input":"required name=search_term_string"}],"inLanguage":"fr-FR"},{"@type":"Organization","@id":"https:\/\/elevatesurf.ch\/#organization","name":"Elevatesurf","url":"https:\/\/elevatesurf.ch\/","logo":{"@type":"ImageObject","inLanguage":"fr-FR","@id":"https:\/\/elevatesurf.ch\/#\/schema\/logo\/image\/","url":"https:\/\/elevatesurf.ch\/wp-content\/uploads\/2024\/06\/67c2ec70-bdf5-4c14-898a-ded5b2051398.jpg","contentUrl":"https:\/\/elevatesurf.ch\/wp-content\/uploads\/2024\/06\/67c2ec70-bdf5-4c14-898a-ded5b2051398.jpg","width":1024,"height":1024,"caption":"Elevatesurf"},"image":{"@id":"https:\/\/elevatesurf.ch\/#\/schema\/logo\/image\/"},"sameAs":["https:\/\/www.instagram.com\/elevate__surf\/"]}]}},"_links":{"self":[{"href":"https:\/\/elevatesurf.ch\/fr\/wp-json\/wp\/v2\/product\/16292","targetHints":{"allow":["GET"]}}],"collection":[{"href":"https:\/\/elevatesurf.ch\/fr\/wp-json\/wp\/v2\/product"}],"about":[{"href":"https:\/\/elevatesurf.ch\/fr\/wp-json\/wp\/v2\/types\/product"}],"replies":[{"embeddable":true,"href":"https:\/\/elevatesurf.ch\/fr\/wp-json\/wp\/v2\/comments?post=16292"}],"wp:featuredmedia":[{"embeddable":true,"href":"https:\/\/elevatesurf.ch\/fr\/wp-json\/wp\/v2\/media\/16301"}],"wp:attachment":[{"href":"https:\/\/elevatesurf.ch\/fr\/wp-json\/wp\/v2\/media?parent=16292"}],"wp:term":[{"taxonomy":"product_cat","embeddable":true,"href":"https:\/\/elevatesurf.ch\/fr\/wp-json\/wp\/v2\/product_cat?post=16292"},{"taxonomy":"product_tag","embeddable":true,"href":"https:\/\/elevatesurf.ch\/fr\/wp-json\/wp\/v2\/product_tag?post=16292"}],"curies":[{"name":"wp","href":"https:\/\/api.w.org\/{rel}","templated":true}]}}