{"id":16312,"date":"2024-03-03T18:54:52","date_gmt":"2024-03-03T18:54:52","guid":{"rendered":"https:\/\/elevatesurf.ch\/?post_type=product&#038;p=16312"},"modified":"2026-01-10T08:41:30","modified_gmt":"2026-01-10T08:41:30","slug":"flysurfer-mojo-pure-edition","status":"publish","type":"product","link":"https:\/\/elevatesurf.ch\/fr\/product\/flysurfer-mojo-pure-edition\/","title":{"rendered":"Flysurfer Mojo pure edition"},"content":{"rendered":"<p>Le MOJO transforme votre temps libre en pur plaisir ! Cette aile de surf tr\u00e8s efficace n&rsquo;a qu&rsquo;une seule mission : maximiser votre temps pass\u00e9 dans l&rsquo;eau ! Elle r\u00e9agit \u00e0 vos mouvements de mani\u00e8re puissante, \u00e9quilibr\u00e9e et \u00e9conome en \u00e9nergie. Avec cette aile de surf, vous surferez chaque vague et atteindrez vos objectifs d&rsquo;entra\u00eenement. Fais confiance \u00e0 notre fabrication d\u00e9taill\u00e9e de la plus haute qualit\u00e9 et d\u00e9chire chaque jour jusqu&rsquo;\u00e0 ce que tu aies trouv\u00e9 ton MOJO !<\/p>\n","protected":false},"excerpt":{"rendered":"<p>Le MOJO transforme votre temps libre en pur plaisir ! Cette aile de surf tr\u00e8s efficace n&rsquo;a qu&rsquo;une seule mission : maximiser votre temps pass\u00e9 dans l&rsquo;eau ! Elle r\u00e9agit \u00e0 vos mouvements de mani\u00e8re puissante, \u00e9quilibr\u00e9e et \u00e9conome en \u00e9nergie. Avec cette aile de surf, vous surferez chaque vague et atteindrez vos objectifs d&rsquo;entra\u00eenement. [&hellip;]<\/p>\n","protected":false},"featured_media":16311,"comment_status":"open","ping_status":"closed","template":"","meta":[],"product_cat":[138,139],"product_tag":[],"class_list":{"0":"post-16312","1":"product","2":"type-product","3":"status-publish","4":"has-post-thumbnail","6":"product_cat-wingfoil-suisse-acheter","7":"product_cat-wings","8":"product_shipping_class-postpac-economy-jusqua-10kg","9":"product_brand-light-wind-neuchatel","11":"first","12":"onbackorder","13":"shipping-taxable","14":"purchasable","15":"product-type-variable"},"yoast_head":"<!-- This site is optimized with the Yoast SEO plugin v22.8 - https:\/\/yoast.com\/wordpress\/plugins\/seo\/ -->\n<title>Flysurfer Mojo pure edition - Elevatesurf<\/title>\n<meta name=\"description\" content=\"Elevatesurf Flysurfer Mojo pure edition\" \/>\n<meta name=\"robots\" content=\"index, follow, max-snippet:-1, max-image-preview:large, max-video-preview:-1\" \/>\n<link rel=\"canonical\" href=\"https:\/\/elevatesurf.ch\/fr\/product\/flysurfer-mojo-pure-edition\/\" \/>\n<meta property=\"og:locale\" content=\"fr_FR\" \/>\n<meta property=\"og:type\" content=\"article\" \/>\n<meta property=\"og:title\" content=\"Flysurfer Mojo pure edition - Elevatesurf\" \/>\n<meta property=\"og:description\" content=\"Elevatesurf Flysurfer Mojo pure edition\" \/>\n<meta property=\"og:url\" content=\"https:\/\/elevatesurf.ch\/fr\/product\/flysurfer-mojo-pure-edition\/\" \/>\n<meta property=\"og:site_name\" content=\"Elevatesurf\" \/>\n<meta property=\"article:modified_time\" content=\"2026-01-10T08:41:30+00:00\" \/>\n<meta property=\"og:image\" content=\"https:\/\/elevatesurf.ch\/wp-content\/uploads\/2024\/03\/MOJO-3d-BrightEdition-7.0.png\" \/>\n\t<meta property=\"og:image:width\" content=\"1450\" \/>\n\t<meta property=\"og:image:height\" content=\"680\" \/>\n\t<meta property=\"og:image:type\" content=\"image\/png\" \/>\n<meta name=\"twitter:card\" content=\"summary_large_image\" \/>\n<script type=\"application\/ld+json\" class=\"yoast-schema-graph\">{\"@context\":\"https:\/\/schema.org\",\"@graph\":[{\"@type\":[\"WebPage\",\"ItemPage\"],\"@id\":\"https:\/\/elevatesurf.ch\/product\/flysurfer-mojo-pure-edition\/\",\"url\":\"https:\/\/elevatesurf.ch\/product\/flysurfer-mojo-pure-edition\/\",\"name\":\"Flysurfer Mojo pure edition - Elevatesurf\",\"isPartOf\":{\"@id\":\"https:\/\/elevatesurf.ch\/#website\"},\"primaryImageOfPage\":{\"@id\":\"https:\/\/elevatesurf.ch\/product\/flysurfer-mojo-pure-edition\/#primaryimage\"},\"image\":{\"@id\":\"https:\/\/elevatesurf.ch\/product\/flysurfer-mojo-pure-edition\/#primaryimage\"},\"thumbnailUrl\":\"https:\/\/elevatesurf.ch\/wp-content\/uploads\/2024\/03\/MOJO-3d-BrightEdition-7.0.png\",\"datePublished\":\"2024-03-03T18:54:52+00:00\",\"dateModified\":\"2026-01-10T08:41:30+00:00\",\"description\":\"Elevatesurf Flysurfer Mojo pure edition\",\"breadcrumb\":{\"@id\":\"https:\/\/elevatesurf.ch\/product\/flysurfer-mojo-pure-edition\/#breadcrumb\"},\"inLanguage\":\"fr-FR\",\"potentialAction\":[{\"@type\":\"ReadAction\",\"target\":[\"https:\/\/elevatesurf.ch\/product\/flysurfer-mojo-pure-edition\/\"]}]},{\"@type\":\"ImageObject\",\"inLanguage\":\"fr-FR\",\"@id\":\"https:\/\/elevatesurf.ch\/product\/flysurfer-mojo-pure-edition\/#primaryimage\",\"url\":\"https:\/\/elevatesurf.ch\/wp-content\/uploads\/2024\/03\/MOJO-3d-BrightEdition-7.0.png\",\"contentUrl\":\"https:\/\/elevatesurf.ch\/wp-content\/uploads\/2024\/03\/MOJO-3d-BrightEdition-7.0.png\",\"width\":1450,\"height\":680},{\"@type\":\"BreadcrumbList\",\"@id\":\"https:\/\/elevatesurf.ch\/product\/flysurfer-mojo-pure-edition\/#breadcrumb\",\"itemListElement\":[{\"@type\":\"ListItem\",\"position\":1,\"name\":\"Accueil\",\"item\":\"https:\/\/elevatesurf.ch\/\"},{\"@type\":\"ListItem\",\"position\":2,\"name\":\"Shop &#8211; \u00c9levez Votre Exp\u00e9rience de Surf avec Notre Collection\",\"item\":\"https:\/\/elevatesurf.ch\/shop\/\"},{\"@type\":\"ListItem\",\"position\":3,\"name\":\"Flysurfer Mojo pure edition\"}]},{\"@type\":\"WebSite\",\"@id\":\"https:\/\/elevatesurf.ch\/#website\",\"url\":\"https:\/\/elevatesurf.ch\/\",\"name\":\"Elevatesurf\",\"description\":\"Surfez vers de nouveaux sommets avec ElevateSurf ! Kiteshop, Wingshop\",\"publisher\":{\"@id\":\"https:\/\/elevatesurf.ch\/#organization\"},\"potentialAction\":[{\"@type\":\"SearchAction\",\"target\":{\"@type\":\"EntryPoint\",\"urlTemplate\":\"https:\/\/elevatesurf.ch\/?s={search_term_string}\"},\"query-input\":\"required name=search_term_string\"}],\"inLanguage\":\"fr-FR\"},{\"@type\":\"Organization\",\"@id\":\"https:\/\/elevatesurf.ch\/#organization\",\"name\":\"Elevatesurf\",\"url\":\"https:\/\/elevatesurf.ch\/\",\"logo\":{\"@type\":\"ImageObject\",\"inLanguage\":\"fr-FR\",\"@id\":\"https:\/\/elevatesurf.ch\/#\/schema\/logo\/image\/\",\"url\":\"https:\/\/elevatesurf.ch\/wp-content\/uploads\/2024\/06\/67c2ec70-bdf5-4c14-898a-ded5b2051398.jpg\",\"contentUrl\":\"https:\/\/elevatesurf.ch\/wp-content\/uploads\/2024\/06\/67c2ec70-bdf5-4c14-898a-ded5b2051398.jpg\",\"width\":1024,\"height\":1024,\"caption\":\"Elevatesurf\"},\"image\":{\"@id\":\"https:\/\/elevatesurf.ch\/#\/schema\/logo\/image\/\"},\"sameAs\":[\"https:\/\/www.instagram.com\/elevate__surf\/\"]}]}<\/script>\n<!-- \/ Yoast SEO plugin. -->","yoast_head_json":{"title":"Flysurfer Mojo pure edition - Elevatesurf","description":"Elevatesurf Flysurfer Mojo pure edition","robots":{"index":"index","follow":"follow","max-snippet":"max-snippet:-1","max-image-preview":"max-image-preview:large","max-video-preview":"max-video-preview:-1"},"canonical":"https:\/\/elevatesurf.ch\/fr\/product\/flysurfer-mojo-pure-edition\/","og_locale":"fr_FR","og_type":"article","og_title":"Flysurfer Mojo pure edition - Elevatesurf","og_description":"Elevatesurf Flysurfer Mojo pure edition","og_url":"https:\/\/elevatesurf.ch\/fr\/product\/flysurfer-mojo-pure-edition\/","og_site_name":"Elevatesurf","article_modified_time":"2026-01-10T08:41:30+00:00","og_image":[{"width":1450,"height":680,"url":"https:\/\/elevatesurf.ch\/wp-content\/uploads\/2024\/03\/MOJO-3d-BrightEdition-7.0.png","type":"image\/png"}],"twitter_card":"summary_large_image","schema":{"@context":"https:\/\/schema.org","@graph":[{"@type":["WebPage","ItemPage"],"@id":"https:\/\/elevatesurf.ch\/product\/flysurfer-mojo-pure-edition\/","url":"https:\/\/elevatesurf.ch\/product\/flysurfer-mojo-pure-edition\/","name":"Flysurfer Mojo pure edition - Elevatesurf","isPartOf":{"@id":"https:\/\/elevatesurf.ch\/#website"},"primaryImageOfPage":{"@id":"https:\/\/elevatesurf.ch\/product\/flysurfer-mojo-pure-edition\/#primaryimage"},"image":{"@id":"https:\/\/elevatesurf.ch\/product\/flysurfer-mojo-pure-edition\/#primaryimage"},"thumbnailUrl":"https:\/\/elevatesurf.ch\/wp-content\/uploads\/2024\/03\/MOJO-3d-BrightEdition-7.0.png","datePublished":"2024-03-03T18:54:52+00:00","dateModified":"2026-01-10T08:41:30+00:00","description":"Elevatesurf Flysurfer Mojo pure edition","breadcrumb":{"@id":"https:\/\/elevatesurf.ch\/product\/flysurfer-mojo-pure-edition\/#breadcrumb"},"inLanguage":"fr-FR","potentialAction":[{"@type":"ReadAction","target":["https:\/\/elevatesurf.ch\/product\/flysurfer-mojo-pure-edition\/"]}]},{"@type":"ImageObject","inLanguage":"fr-FR","@id":"https:\/\/elevatesurf.ch\/product\/flysurfer-mojo-pure-edition\/#primaryimage","url":"https:\/\/elevatesurf.ch\/wp-content\/uploads\/2024\/03\/MOJO-3d-BrightEdition-7.0.png","contentUrl":"https:\/\/elevatesurf.ch\/wp-content\/uploads\/2024\/03\/MOJO-3d-BrightEdition-7.0.png","width":1450,"height":680},{"@type":"BreadcrumbList","@id":"https:\/\/elevatesurf.ch\/product\/flysurfer-mojo-pure-edition\/#breadcrumb","itemListElement":[{"@type":"ListItem","position":1,"name":"Accueil","item":"https:\/\/elevatesurf.ch\/"},{"@type":"ListItem","position":2,"name":"Shop &#8211; \u00c9levez Votre Exp\u00e9rience de Surf avec Notre Collection","item":"https:\/\/elevatesurf.ch\/shop\/"},{"@type":"ListItem","position":3,"name":"Flysurfer Mojo pure edition"}]},{"@type":"WebSite","@id":"https:\/\/elevatesurf.ch\/#website","url":"https:\/\/elevatesurf.ch\/","name":"Elevatesurf","description":"Surfez vers de nouveaux sommets avec ElevateSurf ! Kiteshop, Wingshop","publisher":{"@id":"https:\/\/elevatesurf.ch\/#organization"},"potentialAction":[{"@type":"SearchAction","target":{"@type":"EntryPoint","urlTemplate":"https:\/\/elevatesurf.ch\/?s={search_term_string}"},"query-input":"required name=search_term_string"}],"inLanguage":"fr-FR"},{"@type":"Organization","@id":"https:\/\/elevatesurf.ch\/#organization","name":"Elevatesurf","url":"https:\/\/elevatesurf.ch\/","logo":{"@type":"ImageObject","inLanguage":"fr-FR","@id":"https:\/\/elevatesurf.ch\/#\/schema\/logo\/image\/","url":"https:\/\/elevatesurf.ch\/wp-content\/uploads\/2024\/06\/67c2ec70-bdf5-4c14-898a-ded5b2051398.jpg","contentUrl":"https:\/\/elevatesurf.ch\/wp-content\/uploads\/2024\/06\/67c2ec70-bdf5-4c14-898a-ded5b2051398.jpg","width":1024,"height":1024,"caption":"Elevatesurf"},"image":{"@id":"https:\/\/elevatesurf.ch\/#\/schema\/logo\/image\/"},"sameAs":["https:\/\/www.instagram.com\/elevate__surf\/"]}]}},"_links":{"self":[{"href":"https:\/\/elevatesurf.ch\/fr\/wp-json\/wp\/v2\/product\/16312","targetHints":{"allow":["GET"]}}],"collection":[{"href":"https:\/\/elevatesurf.ch\/fr\/wp-json\/wp\/v2\/product"}],"about":[{"href":"https:\/\/elevatesurf.ch\/fr\/wp-json\/wp\/v2\/types\/product"}],"replies":[{"embeddable":true,"href":"https:\/\/elevatesurf.ch\/fr\/wp-json\/wp\/v2\/comments?post=16312"}],"wp:featuredmedia":[{"embeddable":true,"href":"https:\/\/elevatesurf.ch\/fr\/wp-json\/wp\/v2\/media\/16311"}],"wp:attachment":[{"href":"https:\/\/elevatesurf.ch\/fr\/wp-json\/wp\/v2\/media?parent=16312"}],"wp:term":[{"taxonomy":"product_cat","embeddable":true,"href":"https:\/\/elevatesurf.ch\/fr\/wp-json\/wp\/v2\/product_cat?post=16312"},{"taxonomy":"product_tag","embeddable":true,"href":"https:\/\/elevatesurf.ch\/fr\/wp-json\/wp\/v2\/product_tag?post=16312"}],"curies":[{"name":"wp","href":"https:\/\/api.w.org\/{rel}","templated":true}]}}