{"id":16321,"date":"2024-03-03T19:02:37","date_gmt":"2024-03-03T19:02:37","guid":{"rendered":"https:\/\/elevatesurf.ch\/?post_type=product&#038;p=16321"},"modified":"2026-01-10T08:41:30","modified_gmt":"2026-01-10T08:41:30","slug":"flysurfer-trip-complete","status":"publish","type":"product","link":"https:\/\/elevatesurf.ch\/fr\/product\/flysurfer-trip-complete\/","title":{"rendered":"Flysurfer Trip compl\u00e8te"},"content":{"rendered":"<p>Prenez le TRIP et explorez les plus beaux spots de surf du monde ! Le split board tient confortablement dans une valise classique ou avec deux kites dans le sac inclus. Ce twin tip performant s&rsquo;accorde parfaitement avec nos ailes de foil l\u00e9g\u00e8res. Profitez d&rsquo;un confort total sur la route et sur l&rsquo;eau de votre destination de r\u00eave !<\/p>\n","protected":false},"excerpt":{"rendered":"<p>Prenez le TRIP et explorez les plus beaux spots de surf du monde ! Le split board tient confortablement dans une valise classique ou avec deux kites dans le sac inclus. Ce twin tip performant s&rsquo;accorde parfaitement avec nos ailes de foil l\u00e9g\u00e8res. Profitez d&rsquo;un confort total sur la route et sur l&rsquo;eau de votre [&hellip;]<\/p>\n","protected":false},"featured_media":16324,"comment_status":"open","ping_status":"closed","template":"","meta":[],"product_cat":[122,151],"product_tag":[],"class_list":{"0":"post-16321","1":"product","2":"type-product","3":"status-publish","4":"has-post-thumbnail","6":"product_cat-kitesurf-ailes-planches-harnai","7":"product_cat-twin-tip","8":"product_shipping_class-encombrant-jusqua-30-kg","9":"product_brand-light-wind-neuchatel","11":"first","12":"onbackorder","13":"shipping-taxable","14":"purchasable","15":"product-type-variable"},"yoast_head":"<!-- This site is optimized with the Yoast SEO plugin v22.8 - https:\/\/yoast.com\/wordpress\/plugins\/seo\/ -->\n<title>Flysurfer Trip compl\u00e8te - Elevatesurf<\/title>\n<meta name=\"description\" content=\"Elevatesurf Flysurfer Trip compl\u00e8te\" \/>\n<meta name=\"robots\" content=\"index, follow, max-snippet:-1, max-image-preview:large, max-video-preview:-1\" \/>\n<link rel=\"canonical\" href=\"https:\/\/elevatesurf.ch\/fr\/product\/flysurfer-trip-complete\/\" \/>\n<meta property=\"og:locale\" content=\"fr_FR\" \/>\n<meta property=\"og:type\" content=\"article\" \/>\n<meta property=\"og:title\" content=\"Flysurfer Trip compl\u00e8te - Elevatesurf\" \/>\n<meta property=\"og:description\" content=\"Elevatesurf Flysurfer Trip compl\u00e8te\" \/>\n<meta property=\"og:url\" content=\"https:\/\/elevatesurf.ch\/fr\/product\/flysurfer-trip-complete\/\" \/>\n<meta property=\"og:site_name\" content=\"Elevatesurf\" \/>\n<meta property=\"article:modified_time\" content=\"2026-01-10T08:41:30+00:00\" \/>\n<meta property=\"og:image\" content=\"https:\/\/elevatesurf.ch\/wp-content\/uploads\/2024\/03\/FLYSURFER-TRIP2-137-02-1600x1600px.jpg\" \/>\n\t<meta property=\"og:image:width\" content=\"1600\" \/>\n\t<meta property=\"og:image:height\" content=\"1600\" \/>\n\t<meta property=\"og:image:type\" content=\"image\/jpeg\" \/>\n<meta name=\"twitter:card\" content=\"summary_large_image\" \/>\n<script type=\"application\/ld+json\" class=\"yoast-schema-graph\">{\"@context\":\"https:\/\/schema.org\",\"@graph\":[{\"@type\":[\"WebPage\",\"ItemPage\"],\"@id\":\"https:\/\/elevatesurf.ch\/product\/flysurfer-trip-complete\/\",\"url\":\"https:\/\/elevatesurf.ch\/product\/flysurfer-trip-complete\/\",\"name\":\"Flysurfer Trip compl\u00e8te - Elevatesurf\",\"isPartOf\":{\"@id\":\"https:\/\/elevatesurf.ch\/#website\"},\"primaryImageOfPage\":{\"@id\":\"https:\/\/elevatesurf.ch\/product\/flysurfer-trip-complete\/#primaryimage\"},\"image\":{\"@id\":\"https:\/\/elevatesurf.ch\/product\/flysurfer-trip-complete\/#primaryimage\"},\"thumbnailUrl\":\"https:\/\/elevatesurf.ch\/wp-content\/uploads\/2024\/03\/FLYSURFER-TRIP2-137-02-1600x1600px.jpg\",\"datePublished\":\"2024-03-03T19:02:37+00:00\",\"dateModified\":\"2026-01-10T08:41:30+00:00\",\"description\":\"Elevatesurf Flysurfer Trip compl\u00e8te\",\"breadcrumb\":{\"@id\":\"https:\/\/elevatesurf.ch\/product\/flysurfer-trip-complete\/#breadcrumb\"},\"inLanguage\":\"fr-FR\",\"potentialAction\":[{\"@type\":\"ReadAction\",\"target\":[\"https:\/\/elevatesurf.ch\/product\/flysurfer-trip-complete\/\"]}]},{\"@type\":\"ImageObject\",\"inLanguage\":\"fr-FR\",\"@id\":\"https:\/\/elevatesurf.ch\/product\/flysurfer-trip-complete\/#primaryimage\",\"url\":\"https:\/\/elevatesurf.ch\/wp-content\/uploads\/2024\/03\/FLYSURFER-TRIP2-137-02-1600x1600px.jpg\",\"contentUrl\":\"https:\/\/elevatesurf.ch\/wp-content\/uploads\/2024\/03\/FLYSURFER-TRIP2-137-02-1600x1600px.jpg\",\"width\":1600,\"height\":1600},{\"@type\":\"BreadcrumbList\",\"@id\":\"https:\/\/elevatesurf.ch\/product\/flysurfer-trip-complete\/#breadcrumb\",\"itemListElement\":[{\"@type\":\"ListItem\",\"position\":1,\"name\":\"Accueil\",\"item\":\"https:\/\/elevatesurf.ch\/\"},{\"@type\":\"ListItem\",\"position\":2,\"name\":\"Shop &#8211; \u00c9levez Votre Exp\u00e9rience de Surf avec Notre Collection\",\"item\":\"https:\/\/elevatesurf.ch\/shop\/\"},{\"@type\":\"ListItem\",\"position\":3,\"name\":\"Flysurfer Trip compl\u00e8te\"}]},{\"@type\":\"WebSite\",\"@id\":\"https:\/\/elevatesurf.ch\/#website\",\"url\":\"https:\/\/elevatesurf.ch\/\",\"name\":\"Elevatesurf\",\"description\":\"Surfez vers de nouveaux sommets avec ElevateSurf ! Kiteshop, Wingshop\",\"publisher\":{\"@id\":\"https:\/\/elevatesurf.ch\/#organization\"},\"potentialAction\":[{\"@type\":\"SearchAction\",\"target\":{\"@type\":\"EntryPoint\",\"urlTemplate\":\"https:\/\/elevatesurf.ch\/?s={search_term_string}\"},\"query-input\":\"required name=search_term_string\"}],\"inLanguage\":\"fr-FR\"},{\"@type\":\"Organization\",\"@id\":\"https:\/\/elevatesurf.ch\/#organization\",\"name\":\"Elevatesurf\",\"url\":\"https:\/\/elevatesurf.ch\/\",\"logo\":{\"@type\":\"ImageObject\",\"inLanguage\":\"fr-FR\",\"@id\":\"https:\/\/elevatesurf.ch\/#\/schema\/logo\/image\/\",\"url\":\"https:\/\/elevatesurf.ch\/wp-content\/uploads\/2024\/06\/67c2ec70-bdf5-4c14-898a-ded5b2051398.jpg\",\"contentUrl\":\"https:\/\/elevatesurf.ch\/wp-content\/uploads\/2024\/06\/67c2ec70-bdf5-4c14-898a-ded5b2051398.jpg\",\"width\":1024,\"height\":1024,\"caption\":\"Elevatesurf\"},\"image\":{\"@id\":\"https:\/\/elevatesurf.ch\/#\/schema\/logo\/image\/\"},\"sameAs\":[\"https:\/\/www.instagram.com\/elevate__surf\/\"]}]}<\/script>\n<!-- \/ Yoast SEO plugin. -->","yoast_head_json":{"title":"Flysurfer Trip compl\u00e8te - Elevatesurf","description":"Elevatesurf Flysurfer Trip compl\u00e8te","robots":{"index":"index","follow":"follow","max-snippet":"max-snippet:-1","max-image-preview":"max-image-preview:large","max-video-preview":"max-video-preview:-1"},"canonical":"https:\/\/elevatesurf.ch\/fr\/product\/flysurfer-trip-complete\/","og_locale":"fr_FR","og_type":"article","og_title":"Flysurfer Trip compl\u00e8te - Elevatesurf","og_description":"Elevatesurf Flysurfer Trip compl\u00e8te","og_url":"https:\/\/elevatesurf.ch\/fr\/product\/flysurfer-trip-complete\/","og_site_name":"Elevatesurf","article_modified_time":"2026-01-10T08:41:30+00:00","og_image":[{"width":1600,"height":1600,"url":"https:\/\/elevatesurf.ch\/wp-content\/uploads\/2024\/03\/FLYSURFER-TRIP2-137-02-1600x1600px.jpg","type":"image\/jpeg"}],"twitter_card":"summary_large_image","schema":{"@context":"https:\/\/schema.org","@graph":[{"@type":["WebPage","ItemPage"],"@id":"https:\/\/elevatesurf.ch\/product\/flysurfer-trip-complete\/","url":"https:\/\/elevatesurf.ch\/product\/flysurfer-trip-complete\/","name":"Flysurfer Trip compl\u00e8te - Elevatesurf","isPartOf":{"@id":"https:\/\/elevatesurf.ch\/#website"},"primaryImageOfPage":{"@id":"https:\/\/elevatesurf.ch\/product\/flysurfer-trip-complete\/#primaryimage"},"image":{"@id":"https:\/\/elevatesurf.ch\/product\/flysurfer-trip-complete\/#primaryimage"},"thumbnailUrl":"https:\/\/elevatesurf.ch\/wp-content\/uploads\/2024\/03\/FLYSURFER-TRIP2-137-02-1600x1600px.jpg","datePublished":"2024-03-03T19:02:37+00:00","dateModified":"2026-01-10T08:41:30+00:00","description":"Elevatesurf Flysurfer Trip compl\u00e8te","breadcrumb":{"@id":"https:\/\/elevatesurf.ch\/product\/flysurfer-trip-complete\/#breadcrumb"},"inLanguage":"fr-FR","potentialAction":[{"@type":"ReadAction","target":["https:\/\/elevatesurf.ch\/product\/flysurfer-trip-complete\/"]}]},{"@type":"ImageObject","inLanguage":"fr-FR","@id":"https:\/\/elevatesurf.ch\/product\/flysurfer-trip-complete\/#primaryimage","url":"https:\/\/elevatesurf.ch\/wp-content\/uploads\/2024\/03\/FLYSURFER-TRIP2-137-02-1600x1600px.jpg","contentUrl":"https:\/\/elevatesurf.ch\/wp-content\/uploads\/2024\/03\/FLYSURFER-TRIP2-137-02-1600x1600px.jpg","width":1600,"height":1600},{"@type":"BreadcrumbList","@id":"https:\/\/elevatesurf.ch\/product\/flysurfer-trip-complete\/#breadcrumb","itemListElement":[{"@type":"ListItem","position":1,"name":"Accueil","item":"https:\/\/elevatesurf.ch\/"},{"@type":"ListItem","position":2,"name":"Shop &#8211; \u00c9levez Votre Exp\u00e9rience de Surf avec Notre Collection","item":"https:\/\/elevatesurf.ch\/shop\/"},{"@type":"ListItem","position":3,"name":"Flysurfer Trip compl\u00e8te"}]},{"@type":"WebSite","@id":"https:\/\/elevatesurf.ch\/#website","url":"https:\/\/elevatesurf.ch\/","name":"Elevatesurf","description":"Surfez vers de nouveaux sommets avec ElevateSurf ! Kiteshop, Wingshop","publisher":{"@id":"https:\/\/elevatesurf.ch\/#organization"},"potentialAction":[{"@type":"SearchAction","target":{"@type":"EntryPoint","urlTemplate":"https:\/\/elevatesurf.ch\/?s={search_term_string}"},"query-input":"required name=search_term_string"}],"inLanguage":"fr-FR"},{"@type":"Organization","@id":"https:\/\/elevatesurf.ch\/#organization","name":"Elevatesurf","url":"https:\/\/elevatesurf.ch\/","logo":{"@type":"ImageObject","inLanguage":"fr-FR","@id":"https:\/\/elevatesurf.ch\/#\/schema\/logo\/image\/","url":"https:\/\/elevatesurf.ch\/wp-content\/uploads\/2024\/06\/67c2ec70-bdf5-4c14-898a-ded5b2051398.jpg","contentUrl":"https:\/\/elevatesurf.ch\/wp-content\/uploads\/2024\/06\/67c2ec70-bdf5-4c14-898a-ded5b2051398.jpg","width":1024,"height":1024,"caption":"Elevatesurf"},"image":{"@id":"https:\/\/elevatesurf.ch\/#\/schema\/logo\/image\/"},"sameAs":["https:\/\/www.instagram.com\/elevate__surf\/"]}]}},"_links":{"self":[{"href":"https:\/\/elevatesurf.ch\/fr\/wp-json\/wp\/v2\/product\/16321","targetHints":{"allow":["GET"]}}],"collection":[{"href":"https:\/\/elevatesurf.ch\/fr\/wp-json\/wp\/v2\/product"}],"about":[{"href":"https:\/\/elevatesurf.ch\/fr\/wp-json\/wp\/v2\/types\/product"}],"replies":[{"embeddable":true,"href":"https:\/\/elevatesurf.ch\/fr\/wp-json\/wp\/v2\/comments?post=16321"}],"wp:featuredmedia":[{"embeddable":true,"href":"https:\/\/elevatesurf.ch\/fr\/wp-json\/wp\/v2\/media\/16324"}],"wp:attachment":[{"href":"https:\/\/elevatesurf.ch\/fr\/wp-json\/wp\/v2\/media?parent=16321"}],"wp:term":[{"taxonomy":"product_cat","embeddable":true,"href":"https:\/\/elevatesurf.ch\/fr\/wp-json\/wp\/v2\/product_cat?post=16321"},{"taxonomy":"product_tag","embeddable":true,"href":"https:\/\/elevatesurf.ch\/fr\/wp-json\/wp\/v2\/product_tag?post=16321"}],"curies":[{"name":"wp","href":"https:\/\/api.w.org\/{rel}","templated":true}]}}