{"id":16817,"date":"2024-08-07T05:32:03","date_gmt":"2024-08-07T05:32:03","guid":{"rendered":"https:\/\/elevatesurf.ch\/?post_type=product&#038;p=16817"},"modified":"2026-01-10T08:41:13","modified_gmt":"2026-01-10T08:41:13","slug":"cintre-pour-combinaison-gants-chaussons-et-capuchon","status":"publish","type":"product","link":"https:\/\/elevatesurf.ch\/fr\/product\/cintre-pour-combinaison-gants-chaussons-et-capuchon\/","title":{"rendered":"Cintre pour combinaison, gants, chaussons et capuchon"},"content":{"rendered":"<p>La meilleur fa\u00e7on de s\u00e9cher et maintenir combinaison, gants, chaussons et capuchon<\/p>\n<h3>Caract\u00e9ristiques cintre pour combinaison, gants, chaussons et capuchon<\/h3>\n<ul>\n<li>Un seul cintre convient \u00e0 tous : combinaison, gants, chaussons et capuchon<\/li>\n<li>S\u00e9chage rapide<\/li>\n<li>Facile \u00e0 suspendre<\/li>\n<li>Multiples options d\u2019accrochage<\/li>\n<li>Prolonge la vie de la combinaison<\/li>\n<li>R\u00e9duit la tension general du tissu<\/li>\n<li>Solide et l\u00e9ger<\/li>\n<\/ul>\n<h3>Syst\u00e8me Clip<\/h3>\n<ul>\n<li>Crochet amovible<\/li>\n<li>Rotation 360\u00ba<\/li>\n<\/ul>\n<p>Dimensions: 455 x 40x 540 mm \/ 17.91\u201d x 1.57\u201d x 21.25\u201d<\/p>\n<h3>Recommand\u00e9 pour<\/h3>\n<p>Recommand\u00e9 pour le surf, SUP, Windsurf, Kitesurf, Skubadiving, Kayak, Canyoning, Wakeboarding et tout autre sport de plein air.<\/p>\n","protected":false},"excerpt":{"rendered":"<p>La meilleur fa\u00e7on de s\u00e9cher et maintenir combinaison, gants, chaussons et capuchon Caract\u00e9ristiques cintre pour combinaison, gants, chaussons et capuchon Un seul cintre convient \u00e0 tous : combinaison, gants, chaussons et capuchon S\u00e9chage rapide Facile \u00e0 suspendre Multiples options d\u2019accrochage Prolonge la vie de la combinaison R\u00e9duit la tension general du tissu Solide et l\u00e9ger [&hellip;]<\/p>\n","protected":false},"featured_media":16818,"comment_status":"open","ping_status":"closed","template":"","meta":[],"product_cat":[115],"product_tag":[],"class_list":{"0":"post-16817","1":"product","2":"type-product","3":"status-publish","4":"has-post-thumbnail","6":"product_cat-sechoir-cintres","7":"product_shipping_class-postpac-economy-jusqua-2-kg","8":"product_brand-surflogic-accessoires-protections-materiel-kitesurf-poncho-sacs-fourres","10":"first","11":"instock","12":"shipping-taxable","13":"purchasable","14":"product-type-simple"},"yoast_head":"<!-- This site is optimized with the Yoast SEO plugin v22.8 - https:\/\/yoast.com\/wordpress\/plugins\/seo\/ -->\n<title>Cintre pour combinaison, gants, chaussons et capuchon - Elevatesurf<\/title>\n<meta name=\"description\" content=\"Elevatesurf Cintre pour combinaison, gants, chaussons et capuchon\" \/>\n<meta name=\"robots\" content=\"index, follow, max-snippet:-1, max-image-preview:large, max-video-preview:-1\" \/>\n<link rel=\"canonical\" href=\"https:\/\/elevatesurf.ch\/fr\/product\/cintre-pour-combinaison-gants-chaussons-et-capuchon\/\" \/>\n<meta property=\"og:locale\" content=\"fr_FR\" \/>\n<meta property=\"og:type\" content=\"article\" \/>\n<meta property=\"og:title\" content=\"Cintre pour combinaison, gants, chaussons et capuchon - Elevatesurf\" \/>\n<meta property=\"og:description\" content=\"Elevatesurf Cintre pour combinaison, gants, chaussons et capuchon\" \/>\n<meta property=\"og:url\" content=\"https:\/\/elevatesurf.ch\/fr\/product\/cintre-pour-combinaison-gants-chaussons-et-capuchon\/\" \/>\n<meta property=\"og:site_name\" content=\"Elevatesurf\" \/>\n<meta property=\"article:modified_time\" content=\"2026-01-10T08:41:13+00:00\" \/>\n<meta property=\"og:image\" content=\"https:\/\/elevatesurf.ch\/wp-content\/uploads\/2024\/08\/59091-02.jpg\" \/>\n\t<meta property=\"og:image:width\" content=\"2480\" \/>\n\t<meta property=\"og:image:height\" content=\"2507\" \/>\n\t<meta property=\"og:image:type\" content=\"image\/jpeg\" \/>\n<meta name=\"twitter:card\" content=\"summary_large_image\" \/>\n<meta name=\"twitter:label1\" content=\"Dur\u00e9e de lecture estim\u00e9e\" \/>\n\t<meta name=\"twitter:data1\" content=\"1 minute\" \/>\n<script type=\"application\/ld+json\" class=\"yoast-schema-graph\">{\"@context\":\"https:\/\/schema.org\",\"@graph\":[{\"@type\":[\"WebPage\",\"ItemPage\"],\"@id\":\"https:\/\/elevatesurf.ch\/product\/cintre-pour-combinaison-gants-chaussons-et-capuchon\/\",\"url\":\"https:\/\/elevatesurf.ch\/product\/cintre-pour-combinaison-gants-chaussons-et-capuchon\/\",\"name\":\"Cintre pour combinaison, gants, chaussons et capuchon - Elevatesurf\",\"isPartOf\":{\"@id\":\"https:\/\/elevatesurf.ch\/#website\"},\"primaryImageOfPage\":{\"@id\":\"https:\/\/elevatesurf.ch\/product\/cintre-pour-combinaison-gants-chaussons-et-capuchon\/#primaryimage\"},\"image\":{\"@id\":\"https:\/\/elevatesurf.ch\/product\/cintre-pour-combinaison-gants-chaussons-et-capuchon\/#primaryimage\"},\"thumbnailUrl\":\"https:\/\/elevatesurf.ch\/wp-content\/uploads\/2024\/08\/59091-02.jpg\",\"datePublished\":\"2024-08-07T05:32:03+00:00\",\"dateModified\":\"2026-01-10T08:41:13+00:00\",\"description\":\"Elevatesurf Cintre pour combinaison, gants, chaussons et capuchon\",\"breadcrumb\":{\"@id\":\"https:\/\/elevatesurf.ch\/product\/cintre-pour-combinaison-gants-chaussons-et-capuchon\/#breadcrumb\"},\"inLanguage\":\"fr-FR\",\"potentialAction\":[{\"@type\":\"ReadAction\",\"target\":[\"https:\/\/elevatesurf.ch\/product\/cintre-pour-combinaison-gants-chaussons-et-capuchon\/\"]}]},{\"@type\":\"ImageObject\",\"inLanguage\":\"fr-FR\",\"@id\":\"https:\/\/elevatesurf.ch\/product\/cintre-pour-combinaison-gants-chaussons-et-capuchon\/#primaryimage\",\"url\":\"https:\/\/elevatesurf.ch\/wp-content\/uploads\/2024\/08\/59091-02.jpg\",\"contentUrl\":\"https:\/\/elevatesurf.ch\/wp-content\/uploads\/2024\/08\/59091-02.jpg\",\"width\":2480,\"height\":2507},{\"@type\":\"BreadcrumbList\",\"@id\":\"https:\/\/elevatesurf.ch\/product\/cintre-pour-combinaison-gants-chaussons-et-capuchon\/#breadcrumb\",\"itemListElement\":[{\"@type\":\"ListItem\",\"position\":1,\"name\":\"Accueil\",\"item\":\"https:\/\/elevatesurf.ch\/\"},{\"@type\":\"ListItem\",\"position\":2,\"name\":\"Shop &#8211; \u00c9levez Votre Exp\u00e9rience de Surf avec Notre Collection\",\"item\":\"https:\/\/elevatesurf.ch\/shop\/\"},{\"@type\":\"ListItem\",\"position\":3,\"name\":\"Cintre pour combinaison, gants, chaussons et capuchon\"}]},{\"@type\":\"WebSite\",\"@id\":\"https:\/\/elevatesurf.ch\/#website\",\"url\":\"https:\/\/elevatesurf.ch\/\",\"name\":\"Elevatesurf\",\"description\":\"Surfez vers de nouveaux sommets avec ElevateSurf ! Kiteshop, Wingshop\",\"publisher\":{\"@id\":\"https:\/\/elevatesurf.ch\/#organization\"},\"potentialAction\":[{\"@type\":\"SearchAction\",\"target\":{\"@type\":\"EntryPoint\",\"urlTemplate\":\"https:\/\/elevatesurf.ch\/?s={search_term_string}\"},\"query-input\":\"required name=search_term_string\"}],\"inLanguage\":\"fr-FR\"},{\"@type\":\"Organization\",\"@id\":\"https:\/\/elevatesurf.ch\/#organization\",\"name\":\"Elevatesurf\",\"url\":\"https:\/\/elevatesurf.ch\/\",\"logo\":{\"@type\":\"ImageObject\",\"inLanguage\":\"fr-FR\",\"@id\":\"https:\/\/elevatesurf.ch\/#\/schema\/logo\/image\/\",\"url\":\"https:\/\/elevatesurf.ch\/wp-content\/uploads\/2024\/06\/67c2ec70-bdf5-4c14-898a-ded5b2051398.jpg\",\"contentUrl\":\"https:\/\/elevatesurf.ch\/wp-content\/uploads\/2024\/06\/67c2ec70-bdf5-4c14-898a-ded5b2051398.jpg\",\"width\":1024,\"height\":1024,\"caption\":\"Elevatesurf\"},\"image\":{\"@id\":\"https:\/\/elevatesurf.ch\/#\/schema\/logo\/image\/\"},\"sameAs\":[\"https:\/\/www.instagram.com\/elevate__surf\/\"]}]}<\/script>\n<!-- \/ Yoast SEO plugin. -->","yoast_head_json":{"title":"Cintre pour combinaison, gants, chaussons et capuchon - Elevatesurf","description":"Elevatesurf Cintre pour combinaison, gants, chaussons et capuchon","robots":{"index":"index","follow":"follow","max-snippet":"max-snippet:-1","max-image-preview":"max-image-preview:large","max-video-preview":"max-video-preview:-1"},"canonical":"https:\/\/elevatesurf.ch\/fr\/product\/cintre-pour-combinaison-gants-chaussons-et-capuchon\/","og_locale":"fr_FR","og_type":"article","og_title":"Cintre pour combinaison, gants, chaussons et capuchon - Elevatesurf","og_description":"Elevatesurf Cintre pour combinaison, gants, chaussons et capuchon","og_url":"https:\/\/elevatesurf.ch\/fr\/product\/cintre-pour-combinaison-gants-chaussons-et-capuchon\/","og_site_name":"Elevatesurf","article_modified_time":"2026-01-10T08:41:13+00:00","og_image":[{"width":2480,"height":2507,"url":"https:\/\/elevatesurf.ch\/wp-content\/uploads\/2024\/08\/59091-02.jpg","type":"image\/jpeg"}],"twitter_card":"summary_large_image","twitter_misc":{"Dur\u00e9e de lecture estim\u00e9e":"1 minute"},"schema":{"@context":"https:\/\/schema.org","@graph":[{"@type":["WebPage","ItemPage"],"@id":"https:\/\/elevatesurf.ch\/product\/cintre-pour-combinaison-gants-chaussons-et-capuchon\/","url":"https:\/\/elevatesurf.ch\/product\/cintre-pour-combinaison-gants-chaussons-et-capuchon\/","name":"Cintre pour combinaison, gants, chaussons et capuchon - Elevatesurf","isPartOf":{"@id":"https:\/\/elevatesurf.ch\/#website"},"primaryImageOfPage":{"@id":"https:\/\/elevatesurf.ch\/product\/cintre-pour-combinaison-gants-chaussons-et-capuchon\/#primaryimage"},"image":{"@id":"https:\/\/elevatesurf.ch\/product\/cintre-pour-combinaison-gants-chaussons-et-capuchon\/#primaryimage"},"thumbnailUrl":"https:\/\/elevatesurf.ch\/wp-content\/uploads\/2024\/08\/59091-02.jpg","datePublished":"2024-08-07T05:32:03+00:00","dateModified":"2026-01-10T08:41:13+00:00","description":"Elevatesurf Cintre pour combinaison, gants, chaussons et capuchon","breadcrumb":{"@id":"https:\/\/elevatesurf.ch\/product\/cintre-pour-combinaison-gants-chaussons-et-capuchon\/#breadcrumb"},"inLanguage":"fr-FR","potentialAction":[{"@type":"ReadAction","target":["https:\/\/elevatesurf.ch\/product\/cintre-pour-combinaison-gants-chaussons-et-capuchon\/"]}]},{"@type":"ImageObject","inLanguage":"fr-FR","@id":"https:\/\/elevatesurf.ch\/product\/cintre-pour-combinaison-gants-chaussons-et-capuchon\/#primaryimage","url":"https:\/\/elevatesurf.ch\/wp-content\/uploads\/2024\/08\/59091-02.jpg","contentUrl":"https:\/\/elevatesurf.ch\/wp-content\/uploads\/2024\/08\/59091-02.jpg","width":2480,"height":2507},{"@type":"BreadcrumbList","@id":"https:\/\/elevatesurf.ch\/product\/cintre-pour-combinaison-gants-chaussons-et-capuchon\/#breadcrumb","itemListElement":[{"@type":"ListItem","position":1,"name":"Accueil","item":"https:\/\/elevatesurf.ch\/"},{"@type":"ListItem","position":2,"name":"Shop &#8211; \u00c9levez Votre Exp\u00e9rience de Surf avec Notre Collection","item":"https:\/\/elevatesurf.ch\/shop\/"},{"@type":"ListItem","position":3,"name":"Cintre pour combinaison, gants, chaussons et capuchon"}]},{"@type":"WebSite","@id":"https:\/\/elevatesurf.ch\/#website","url":"https:\/\/elevatesurf.ch\/","name":"Elevatesurf","description":"Surfez vers de nouveaux sommets avec ElevateSurf ! Kiteshop, Wingshop","publisher":{"@id":"https:\/\/elevatesurf.ch\/#organization"},"potentialAction":[{"@type":"SearchAction","target":{"@type":"EntryPoint","urlTemplate":"https:\/\/elevatesurf.ch\/?s={search_term_string}"},"query-input":"required name=search_term_string"}],"inLanguage":"fr-FR"},{"@type":"Organization","@id":"https:\/\/elevatesurf.ch\/#organization","name":"Elevatesurf","url":"https:\/\/elevatesurf.ch\/","logo":{"@type":"ImageObject","inLanguage":"fr-FR","@id":"https:\/\/elevatesurf.ch\/#\/schema\/logo\/image\/","url":"https:\/\/elevatesurf.ch\/wp-content\/uploads\/2024\/06\/67c2ec70-bdf5-4c14-898a-ded5b2051398.jpg","contentUrl":"https:\/\/elevatesurf.ch\/wp-content\/uploads\/2024\/06\/67c2ec70-bdf5-4c14-898a-ded5b2051398.jpg","width":1024,"height":1024,"caption":"Elevatesurf"},"image":{"@id":"https:\/\/elevatesurf.ch\/#\/schema\/logo\/image\/"},"sameAs":["https:\/\/www.instagram.com\/elevate__surf\/"]}]}},"_links":{"self":[{"href":"https:\/\/elevatesurf.ch\/fr\/wp-json\/wp\/v2\/product\/16817","targetHints":{"allow":["GET"]}}],"collection":[{"href":"https:\/\/elevatesurf.ch\/fr\/wp-json\/wp\/v2\/product"}],"about":[{"href":"https:\/\/elevatesurf.ch\/fr\/wp-json\/wp\/v2\/types\/product"}],"replies":[{"embeddable":true,"href":"https:\/\/elevatesurf.ch\/fr\/wp-json\/wp\/v2\/comments?post=16817"}],"wp:featuredmedia":[{"embeddable":true,"href":"https:\/\/elevatesurf.ch\/fr\/wp-json\/wp\/v2\/media\/16818"}],"wp:attachment":[{"href":"https:\/\/elevatesurf.ch\/fr\/wp-json\/wp\/v2\/media?parent=16817"}],"wp:term":[{"taxonomy":"product_cat","embeddable":true,"href":"https:\/\/elevatesurf.ch\/fr\/wp-json\/wp\/v2\/product_cat?post=16817"},{"taxonomy":"product_tag","embeddable":true,"href":"https:\/\/elevatesurf.ch\/fr\/wp-json\/wp\/v2\/product_tag?post=16817"}],"curies":[{"name":"wp","href":"https:\/\/api.w.org\/{rel}","templated":true}]}}