{"id":16823,"date":"2024-08-07T05:39:05","date_gmt":"2024-08-07T05:39:05","guid":{"rendered":"https:\/\/elevatesurf.ch\/?post_type=product&#038;p=16823"},"modified":"2026-01-10T08:41:13","modified_gmt":"2026-01-10T08:41:13","slug":"cintre-pour-gants-chaussons-et-capuchons","status":"publish","type":"product","link":"https:\/\/elevatesurf.ch\/fr\/product\/cintre-pour-gants-chaussons-et-capuchons\/","title":{"rendered":"Cintre pour gants, chaussons et capuchons"},"content":{"rendered":"<p>La meilleur fa\u00e7on de s\u00e9cher et maintenir gants, chaussons et capuchons<\/p>\n<h3>Caract\u00e9ristiques Cintre pour gants, chaussons et capuchons<\/h3>\n<ul>\n<li>Facile \u00e0 suspendre<\/li>\n<li>Peut s\u2019appuyer au sol<\/li>\n<li>Multiples options d\u2019accrochage<\/li>\n<li>S\u00e9chage rapide<\/li>\n<li>R\u00e9duit la tension general du tissu<\/li>\n<li>\n<h3>Syst\u00e8me de support au sol<\/h3>\n<ul>\n<li>Base pivotante pour support au sol<\/li>\n<li>Peut \u00eatre transform\u00e9 en cintre pour capuchon en position suspendue<\/li>\n<\/ul>\n<h3>Syst\u00e8me Clip<\/h3>\n<ul>\n<li>Crochet amovible<\/li>\n<li>Rotation 360\u00ba<\/li>\n<\/ul>\n<p>Syst\u00e8mes de support au sol et Clip sont inclus.<\/li>\n<li><iframe src=\"https:\/\/player.vimeo.com\/video\/342766850?dnt=1&amp;app_id=122963\" width=\"640\" height=\"360\" frameborder=\"0\" allow=\"autoplay; fullscreen; picture-in-picture; clipboard-write\"><\/iframe><\/li>\n<\/ul>\n","protected":false},"excerpt":{"rendered":"<p>La meilleur fa\u00e7on de s\u00e9cher et maintenir gants, chaussons et capuchons Caract\u00e9ristiques Cintre pour gants, chaussons et capuchons Facile \u00e0 suspendre Peut s\u2019appuyer au sol Multiples options d\u2019accrochage S\u00e9chage rapide R\u00e9duit la tension general du tissu Syst\u00e8me de support au sol Base pivotante pour support au sol Peut \u00eatre transform\u00e9 en cintre pour capuchon en [&hellip;]<\/p>\n","protected":false},"featured_media":16825,"comment_status":"open","ping_status":"closed","template":"","meta":[],"product_cat":[114,115],"product_tag":[],"class_list":{"0":"post-16823","1":"product","2":"type-product","3":"status-publish","4":"has-post-thumbnail","6":"product_cat-accessoires-kitesurf-wingfoil","7":"product_cat-sechoir-cintres","8":"product_shipping_class-postpac-economy-jusqua-2-kg","9":"product_brand-surflogic-accessoires-protections-materiel-kitesurf-poncho-sacs-fourres","11":"first","12":"instock","13":"shipping-taxable","14":"purchasable","15":"product-type-simple"},"yoast_head":"<!-- This site is optimized with the Yoast SEO plugin v22.8 - https:\/\/yoast.com\/wordpress\/plugins\/seo\/ -->\n<title>Cintre pour gants, chaussons et capuchons - Elevatesurf<\/title>\n<meta name=\"description\" content=\"Elevatesurf Cintre pour gants, chaussons et capuchons\" \/>\n<meta name=\"robots\" content=\"index, follow, max-snippet:-1, max-image-preview:large, max-video-preview:-1\" \/>\n<link rel=\"canonical\" href=\"https:\/\/elevatesurf.ch\/fr\/product\/cintre-pour-gants-chaussons-et-capuchons\/\" \/>\n<meta property=\"og:locale\" content=\"fr_FR\" \/>\n<meta property=\"og:type\" content=\"article\" \/>\n<meta property=\"og:title\" content=\"Cintre pour gants, chaussons et capuchons - Elevatesurf\" \/>\n<meta property=\"og:description\" content=\"Elevatesurf Cintre pour gants, chaussons et capuchons\" \/>\n<meta property=\"og:url\" content=\"https:\/\/elevatesurf.ch\/fr\/product\/cintre-pour-gants-chaussons-et-capuchons\/\" \/>\n<meta property=\"og:site_name\" content=\"Elevatesurf\" \/>\n<meta property=\"article:modified_time\" content=\"2026-01-10T08:41:13+00:00\" \/>\n<meta property=\"og:image\" content=\"https:\/\/elevatesurf.ch\/wp-content\/uploads\/2024\/08\/59135_02.jpg\" \/>\n\t<meta property=\"og:image:width\" content=\"2480\" \/>\n\t<meta property=\"og:image:height\" content=\"2507\" \/>\n\t<meta property=\"og:image:type\" content=\"image\/jpeg\" \/>\n<meta name=\"twitter:card\" content=\"summary_large_image\" \/>\n<meta name=\"twitter:label1\" content=\"Dur\u00e9e de lecture estim\u00e9e\" \/>\n\t<meta name=\"twitter:data1\" content=\"1 minute\" \/>\n<script type=\"application\/ld+json\" class=\"yoast-schema-graph\">{\"@context\":\"https:\/\/schema.org\",\"@graph\":[{\"@type\":[\"WebPage\",\"ItemPage\"],\"@id\":\"https:\/\/elevatesurf.ch\/product\/cintre-pour-gants-chaussons-et-capuchons\/\",\"url\":\"https:\/\/elevatesurf.ch\/product\/cintre-pour-gants-chaussons-et-capuchons\/\",\"name\":\"Cintre pour gants, chaussons et capuchons - Elevatesurf\",\"isPartOf\":{\"@id\":\"https:\/\/elevatesurf.ch\/#website\"},\"primaryImageOfPage\":{\"@id\":\"https:\/\/elevatesurf.ch\/product\/cintre-pour-gants-chaussons-et-capuchons\/#primaryimage\"},\"image\":{\"@id\":\"https:\/\/elevatesurf.ch\/product\/cintre-pour-gants-chaussons-et-capuchons\/#primaryimage\"},\"thumbnailUrl\":\"https:\/\/elevatesurf.ch\/wp-content\/uploads\/2024\/08\/59135_02.jpg\",\"datePublished\":\"2024-08-07T05:39:05+00:00\",\"dateModified\":\"2026-01-10T08:41:13+00:00\",\"description\":\"Elevatesurf Cintre pour gants, chaussons et capuchons\",\"breadcrumb\":{\"@id\":\"https:\/\/elevatesurf.ch\/product\/cintre-pour-gants-chaussons-et-capuchons\/#breadcrumb\"},\"inLanguage\":\"fr-FR\",\"potentialAction\":[{\"@type\":\"ReadAction\",\"target\":[\"https:\/\/elevatesurf.ch\/product\/cintre-pour-gants-chaussons-et-capuchons\/\"]}]},{\"@type\":\"ImageObject\",\"inLanguage\":\"fr-FR\",\"@id\":\"https:\/\/elevatesurf.ch\/product\/cintre-pour-gants-chaussons-et-capuchons\/#primaryimage\",\"url\":\"https:\/\/elevatesurf.ch\/wp-content\/uploads\/2024\/08\/59135_02.jpg\",\"contentUrl\":\"https:\/\/elevatesurf.ch\/wp-content\/uploads\/2024\/08\/59135_02.jpg\",\"width\":2480,\"height\":2507},{\"@type\":\"BreadcrumbList\",\"@id\":\"https:\/\/elevatesurf.ch\/product\/cintre-pour-gants-chaussons-et-capuchons\/#breadcrumb\",\"itemListElement\":[{\"@type\":\"ListItem\",\"position\":1,\"name\":\"Accueil\",\"item\":\"https:\/\/elevatesurf.ch\/\"},{\"@type\":\"ListItem\",\"position\":2,\"name\":\"Shop &#8211; \u00c9levez Votre Exp\u00e9rience de Surf avec Notre Collection\",\"item\":\"https:\/\/elevatesurf.ch\/shop\/\"},{\"@type\":\"ListItem\",\"position\":3,\"name\":\"Cintre pour gants, chaussons et capuchons\"}]},{\"@type\":\"WebSite\",\"@id\":\"https:\/\/elevatesurf.ch\/#website\",\"url\":\"https:\/\/elevatesurf.ch\/\",\"name\":\"Elevatesurf\",\"description\":\"Surfez vers de nouveaux sommets avec ElevateSurf ! Kiteshop, Wingshop\",\"publisher\":{\"@id\":\"https:\/\/elevatesurf.ch\/#organization\"},\"potentialAction\":[{\"@type\":\"SearchAction\",\"target\":{\"@type\":\"EntryPoint\",\"urlTemplate\":\"https:\/\/elevatesurf.ch\/?s={search_term_string}\"},\"query-input\":\"required name=search_term_string\"}],\"inLanguage\":\"fr-FR\"},{\"@type\":\"Organization\",\"@id\":\"https:\/\/elevatesurf.ch\/#organization\",\"name\":\"Elevatesurf\",\"url\":\"https:\/\/elevatesurf.ch\/\",\"logo\":{\"@type\":\"ImageObject\",\"inLanguage\":\"fr-FR\",\"@id\":\"https:\/\/elevatesurf.ch\/#\/schema\/logo\/image\/\",\"url\":\"https:\/\/elevatesurf.ch\/wp-content\/uploads\/2024\/06\/67c2ec70-bdf5-4c14-898a-ded5b2051398.jpg\",\"contentUrl\":\"https:\/\/elevatesurf.ch\/wp-content\/uploads\/2024\/06\/67c2ec70-bdf5-4c14-898a-ded5b2051398.jpg\",\"width\":1024,\"height\":1024,\"caption\":\"Elevatesurf\"},\"image\":{\"@id\":\"https:\/\/elevatesurf.ch\/#\/schema\/logo\/image\/\"},\"sameAs\":[\"https:\/\/www.instagram.com\/elevate__surf\/\"]}]}<\/script>\n<!-- \/ Yoast SEO plugin. -->","yoast_head_json":{"title":"Cintre pour gants, chaussons et capuchons - Elevatesurf","description":"Elevatesurf Cintre pour gants, chaussons et capuchons","robots":{"index":"index","follow":"follow","max-snippet":"max-snippet:-1","max-image-preview":"max-image-preview:large","max-video-preview":"max-video-preview:-1"},"canonical":"https:\/\/elevatesurf.ch\/fr\/product\/cintre-pour-gants-chaussons-et-capuchons\/","og_locale":"fr_FR","og_type":"article","og_title":"Cintre pour gants, chaussons et capuchons - Elevatesurf","og_description":"Elevatesurf Cintre pour gants, chaussons et capuchons","og_url":"https:\/\/elevatesurf.ch\/fr\/product\/cintre-pour-gants-chaussons-et-capuchons\/","og_site_name":"Elevatesurf","article_modified_time":"2026-01-10T08:41:13+00:00","og_image":[{"width":2480,"height":2507,"url":"https:\/\/elevatesurf.ch\/wp-content\/uploads\/2024\/08\/59135_02.jpg","type":"image\/jpeg"}],"twitter_card":"summary_large_image","twitter_misc":{"Dur\u00e9e de lecture estim\u00e9e":"1 minute"},"schema":{"@context":"https:\/\/schema.org","@graph":[{"@type":["WebPage","ItemPage"],"@id":"https:\/\/elevatesurf.ch\/product\/cintre-pour-gants-chaussons-et-capuchons\/","url":"https:\/\/elevatesurf.ch\/product\/cintre-pour-gants-chaussons-et-capuchons\/","name":"Cintre pour gants, chaussons et capuchons - Elevatesurf","isPartOf":{"@id":"https:\/\/elevatesurf.ch\/#website"},"primaryImageOfPage":{"@id":"https:\/\/elevatesurf.ch\/product\/cintre-pour-gants-chaussons-et-capuchons\/#primaryimage"},"image":{"@id":"https:\/\/elevatesurf.ch\/product\/cintre-pour-gants-chaussons-et-capuchons\/#primaryimage"},"thumbnailUrl":"https:\/\/elevatesurf.ch\/wp-content\/uploads\/2024\/08\/59135_02.jpg","datePublished":"2024-08-07T05:39:05+00:00","dateModified":"2026-01-10T08:41:13+00:00","description":"Elevatesurf Cintre pour gants, chaussons et capuchons","breadcrumb":{"@id":"https:\/\/elevatesurf.ch\/product\/cintre-pour-gants-chaussons-et-capuchons\/#breadcrumb"},"inLanguage":"fr-FR","potentialAction":[{"@type":"ReadAction","target":["https:\/\/elevatesurf.ch\/product\/cintre-pour-gants-chaussons-et-capuchons\/"]}]},{"@type":"ImageObject","inLanguage":"fr-FR","@id":"https:\/\/elevatesurf.ch\/product\/cintre-pour-gants-chaussons-et-capuchons\/#primaryimage","url":"https:\/\/elevatesurf.ch\/wp-content\/uploads\/2024\/08\/59135_02.jpg","contentUrl":"https:\/\/elevatesurf.ch\/wp-content\/uploads\/2024\/08\/59135_02.jpg","width":2480,"height":2507},{"@type":"BreadcrumbList","@id":"https:\/\/elevatesurf.ch\/product\/cintre-pour-gants-chaussons-et-capuchons\/#breadcrumb","itemListElement":[{"@type":"ListItem","position":1,"name":"Accueil","item":"https:\/\/elevatesurf.ch\/"},{"@type":"ListItem","position":2,"name":"Shop &#8211; \u00c9levez Votre Exp\u00e9rience de Surf avec Notre Collection","item":"https:\/\/elevatesurf.ch\/shop\/"},{"@type":"ListItem","position":3,"name":"Cintre pour gants, chaussons et capuchons"}]},{"@type":"WebSite","@id":"https:\/\/elevatesurf.ch\/#website","url":"https:\/\/elevatesurf.ch\/","name":"Elevatesurf","description":"Surfez vers de nouveaux sommets avec ElevateSurf ! Kiteshop, Wingshop","publisher":{"@id":"https:\/\/elevatesurf.ch\/#organization"},"potentialAction":[{"@type":"SearchAction","target":{"@type":"EntryPoint","urlTemplate":"https:\/\/elevatesurf.ch\/?s={search_term_string}"},"query-input":"required name=search_term_string"}],"inLanguage":"fr-FR"},{"@type":"Organization","@id":"https:\/\/elevatesurf.ch\/#organization","name":"Elevatesurf","url":"https:\/\/elevatesurf.ch\/","logo":{"@type":"ImageObject","inLanguage":"fr-FR","@id":"https:\/\/elevatesurf.ch\/#\/schema\/logo\/image\/","url":"https:\/\/elevatesurf.ch\/wp-content\/uploads\/2024\/06\/67c2ec70-bdf5-4c14-898a-ded5b2051398.jpg","contentUrl":"https:\/\/elevatesurf.ch\/wp-content\/uploads\/2024\/06\/67c2ec70-bdf5-4c14-898a-ded5b2051398.jpg","width":1024,"height":1024,"caption":"Elevatesurf"},"image":{"@id":"https:\/\/elevatesurf.ch\/#\/schema\/logo\/image\/"},"sameAs":["https:\/\/www.instagram.com\/elevate__surf\/"]}]}},"_links":{"self":[{"href":"https:\/\/elevatesurf.ch\/fr\/wp-json\/wp\/v2\/product\/16823","targetHints":{"allow":["GET"]}}],"collection":[{"href":"https:\/\/elevatesurf.ch\/fr\/wp-json\/wp\/v2\/product"}],"about":[{"href":"https:\/\/elevatesurf.ch\/fr\/wp-json\/wp\/v2\/types\/product"}],"replies":[{"embeddable":true,"href":"https:\/\/elevatesurf.ch\/fr\/wp-json\/wp\/v2\/comments?post=16823"}],"wp:featuredmedia":[{"embeddable":true,"href":"https:\/\/elevatesurf.ch\/fr\/wp-json\/wp\/v2\/media\/16825"}],"wp:attachment":[{"href":"https:\/\/elevatesurf.ch\/fr\/wp-json\/wp\/v2\/media?parent=16823"}],"wp:term":[{"taxonomy":"product_cat","embeddable":true,"href":"https:\/\/elevatesurf.ch\/fr\/wp-json\/wp\/v2\/product_cat?post=16823"},{"taxonomy":"product_tag","embeddable":true,"href":"https:\/\/elevatesurf.ch\/fr\/wp-json\/wp\/v2\/product_tag?post=16823"}],"curies":[{"name":"wp","href":"https:\/\/api.w.org\/{rel}","templated":true}]}}