{"id":19625,"date":"2024-08-30T10:05:28","date_gmt":"2024-08-30T10:05:28","guid":{"rendered":"https:\/\/elevatesurf.ch\/product\/pfd-by-restube-iso-norm\/"},"modified":"2026-01-10T08:41:16","modified_gmt":"2026-01-10T08:41:16","slug":"pfd-by-restube-iso-norm","status":"publish","type":"product","link":"https:\/\/elevatesurf.ch\/fr\/product\/pfd-by-restube-iso-norm\/","title":{"rendered":"pfd by Restube (ISO Norm)"},"content":{"rendered":"<p>Die CE zertifizierte Schwimmhilfe von RESTUBE. Die CE zertifizierte Schwimmhilfe von RESTUBE. Pfd by RESTUBE ist eine zertifizierte Schwimmhilfe der 50N-Klasse (DIN EN ISO 12402-5). Sie bietet dir nach manueller Ausl\u00f6sung 75 N starken, tats\u00e4chlichen Auftrieb direkt am K\u00f6rper. Pfd by RESTUBE ist f\u00fcr den Einsatz auf kleinen Booten sowie beim Stand-Up Paddling hervorragend geeignet. Hierzu immer die lokalen Vorschriften pr\u00fcfen. In der Schweiz gilt eine Mitf\u00fchrungspflicht ab einer Entfernung von \u00fcber 300 m vom Ufer.<\/p>\n<p>&#8211; Kleinste und leichteste aufblasbare CE zertifizierte Schwimmhilfe (50N Klasse)<br \/>\n&#8211; Auftriebsk\u00f6rperform: quadratisch mit Nackengurt<br \/>\n&#8211; Auch mit dem Mundventil top aufblasbar<br \/>\n&#8211; Bl\u00e4st sich souver\u00e4n in Sekunden nach einem Zug am Ausl\u00f6ser auf<br \/>\n&#8211; Einfach wieder zu packen<br \/>\n&#8211; CE konform nach DIN EN ISO 12402-5 \/ DIN EN ISO 12402-6<br \/>\n&#8211; Ab 40 kg K\u00f6rpergewicht<br \/>\n&#8211; Robustes Material<br \/>\n&#8211; Inklusive G\u00fcrtel (120 x 3,8 cm) &amp; Schrittgurt<br \/>\n&#8211; SUP Safety Leash Connector<\/p>\n<p>F\u00dcR DIESE WASSERAKTIVIT\u00c4TEN EMPFOHLEN:<br \/>\nAlle Aktivit\u00e4ten, f\u00fcr die ein ce-Zertifikat vorgeschrieben ist | An Bord (ce-zertifizierte Schwimmweste der Klasse 50n vorgeschrieben) | Rudern | Stand-up-Paddling (ce-zertifizierte Schwimmweste vorgeschrieben)<\/p>\n<p>Restube READY: Nein<br \/>\nAuftrieb: 75N (~7.5kg)<br \/>\nL\u00e4nge:<br \/>\nDurchmesser:<br \/>\nGewicht: 315 g<br \/>\nAusl\u00f6sungen: Bis zu 50 Ausl\u00f6sungen<br \/>\nUrsprungsland: Deutschland<br \/>\nLieferumfang: 1x pfd by RESTUBE incl. 16g Co2 cartridge, 1x manual<\/p>\n","protected":false},"excerpt":{"rendered":"<p>Die CE zertifizierte Schwimmhilfe von RESTUBE. Die CE zertifizierte Schwimmhilfe von RESTUBE. Pfd by RESTUBE ist eine zertifizierte Schwimmhilfe der 50N-Klasse (DIN EN ISO 12402-5). Sie bietet dir nach manueller Ausl\u00f6sung 75 N starken, tats\u00e4chlichen Auftrieb direkt am K\u00f6rper. Pfd by RESTUBE ist f\u00fcr den Einsatz auf kleinen Booten sowie beim Stand-Up Paddling hervorragend geeignet. [&hellip;]<\/p>\n","protected":false},"featured_media":19624,"comment_status":"open","ping_status":"closed","template":"","meta":[],"product_cat":[977,978],"product_tag":[],"class_list":{"0":"post-19625","1":"product","2":"type-product","3":"status-publish","4":"has-post-thumbnail","6":"product_cat-accessoires","7":"product_cat-safety-accessoires","8":"product_brand-indiana-suisse","10":"first","11":"instock","12":"shipping-taxable","13":"purchasable","14":"product-type-simple"},"yoast_head":"<!-- This site is optimized with the Yoast SEO plugin v22.8 - https:\/\/yoast.com\/wordpress\/plugins\/seo\/ -->\n<title>pfd by Restube (ISO Norm) - Elevatesurf<\/title>\n<meta name=\"description\" content=\"Elevatesurf pfd by Restube (ISO Norm)\" \/>\n<meta name=\"robots\" content=\"index, follow, max-snippet:-1, max-image-preview:large, max-video-preview:-1\" \/>\n<link rel=\"canonical\" href=\"https:\/\/elevatesurf.ch\/fr\/product\/pfd-by-restube-iso-norm\/\" \/>\n<meta property=\"og:locale\" content=\"fr_FR\" \/>\n<meta property=\"og:type\" content=\"article\" \/>\n<meta property=\"og:title\" content=\"pfd by Restube (ISO Norm) - Elevatesurf\" \/>\n<meta property=\"og:description\" content=\"Elevatesurf pfd by Restube (ISO Norm)\" \/>\n<meta property=\"og:url\" content=\"https:\/\/elevatesurf.ch\/fr\/product\/pfd-by-restube-iso-norm\/\" \/>\n<meta property=\"og:site_name\" content=\"Elevatesurf\" \/>\n<meta property=\"article:modified_time\" content=\"2026-01-10T08:41:16+00:00\" \/>\n<meta property=\"og:image\" content=\"https:\/\/elevatesurf.ch\/wp-content\/uploads\/2024\/08\/rt_06001_hi_restube_pfd_inflated.jpg\" \/>\n\t<meta property=\"og:image:width\" content=\"1227\" \/>\n\t<meta property=\"og:image:height\" content=\"1200\" \/>\n\t<meta property=\"og:image:type\" content=\"image\/jpeg\" \/>\n<meta name=\"twitter:card\" content=\"summary_large_image\" \/>\n<meta name=\"twitter:label1\" content=\"Dur\u00e9e de lecture estim\u00e9e\" \/>\n\t<meta name=\"twitter:data1\" content=\"2 minutes\" \/>\n<script type=\"application\/ld+json\" class=\"yoast-schema-graph\">{\"@context\":\"https:\/\/schema.org\",\"@graph\":[{\"@type\":[\"WebPage\",\"ItemPage\"],\"@id\":\"https:\/\/elevatesurf.ch\/product\/pfd-by-restube-iso-norm\/\",\"url\":\"https:\/\/elevatesurf.ch\/product\/pfd-by-restube-iso-norm\/\",\"name\":\"pfd by Restube (ISO Norm) - Elevatesurf\",\"isPartOf\":{\"@id\":\"https:\/\/elevatesurf.ch\/#website\"},\"primaryImageOfPage\":{\"@id\":\"https:\/\/elevatesurf.ch\/product\/pfd-by-restube-iso-norm\/#primaryimage\"},\"image\":{\"@id\":\"https:\/\/elevatesurf.ch\/product\/pfd-by-restube-iso-norm\/#primaryimage\"},\"thumbnailUrl\":\"https:\/\/elevatesurf.ch\/wp-content\/uploads\/2024\/08\/rt_06001_hi_restube_pfd_inflated.jpg\",\"datePublished\":\"2024-08-30T10:05:28+00:00\",\"dateModified\":\"2026-01-10T08:41:16+00:00\",\"description\":\"Elevatesurf pfd by Restube (ISO Norm)\",\"breadcrumb\":{\"@id\":\"https:\/\/elevatesurf.ch\/product\/pfd-by-restube-iso-norm\/#breadcrumb\"},\"inLanguage\":\"fr-FR\",\"potentialAction\":[{\"@type\":\"ReadAction\",\"target\":[\"https:\/\/elevatesurf.ch\/product\/pfd-by-restube-iso-norm\/\"]}]},{\"@type\":\"ImageObject\",\"inLanguage\":\"fr-FR\",\"@id\":\"https:\/\/elevatesurf.ch\/product\/pfd-by-restube-iso-norm\/#primaryimage\",\"url\":\"https:\/\/elevatesurf.ch\/wp-content\/uploads\/2024\/08\/rt_06001_hi_restube_pfd_inflated.jpg\",\"contentUrl\":\"https:\/\/elevatesurf.ch\/wp-content\/uploads\/2024\/08\/rt_06001_hi_restube_pfd_inflated.jpg\",\"width\":1227,\"height\":1200},{\"@type\":\"BreadcrumbList\",\"@id\":\"https:\/\/elevatesurf.ch\/product\/pfd-by-restube-iso-norm\/#breadcrumb\",\"itemListElement\":[{\"@type\":\"ListItem\",\"position\":1,\"name\":\"Accueil\",\"item\":\"https:\/\/elevatesurf.ch\/\"},{\"@type\":\"ListItem\",\"position\":2,\"name\":\"Shop &#8211; \u00c9levez Votre Exp\u00e9rience de Surf avec Notre Collection\",\"item\":\"https:\/\/elevatesurf.ch\/shop\/\"},{\"@type\":\"ListItem\",\"position\":3,\"name\":\"pfd by Restube (ISO Norm)\"}]},{\"@type\":\"WebSite\",\"@id\":\"https:\/\/elevatesurf.ch\/#website\",\"url\":\"https:\/\/elevatesurf.ch\/\",\"name\":\"Elevatesurf\",\"description\":\"Surfez vers de nouveaux sommets avec ElevateSurf ! Kiteshop, Wingshop\",\"publisher\":{\"@id\":\"https:\/\/elevatesurf.ch\/#organization\"},\"potentialAction\":[{\"@type\":\"SearchAction\",\"target\":{\"@type\":\"EntryPoint\",\"urlTemplate\":\"https:\/\/elevatesurf.ch\/?s={search_term_string}\"},\"query-input\":\"required name=search_term_string\"}],\"inLanguage\":\"fr-FR\"},{\"@type\":\"Organization\",\"@id\":\"https:\/\/elevatesurf.ch\/#organization\",\"name\":\"Elevatesurf\",\"url\":\"https:\/\/elevatesurf.ch\/\",\"logo\":{\"@type\":\"ImageObject\",\"inLanguage\":\"fr-FR\",\"@id\":\"https:\/\/elevatesurf.ch\/#\/schema\/logo\/image\/\",\"url\":\"https:\/\/elevatesurf.ch\/wp-content\/uploads\/2024\/06\/67c2ec70-bdf5-4c14-898a-ded5b2051398.jpg\",\"contentUrl\":\"https:\/\/elevatesurf.ch\/wp-content\/uploads\/2024\/06\/67c2ec70-bdf5-4c14-898a-ded5b2051398.jpg\",\"width\":1024,\"height\":1024,\"caption\":\"Elevatesurf\"},\"image\":{\"@id\":\"https:\/\/elevatesurf.ch\/#\/schema\/logo\/image\/\"},\"sameAs\":[\"https:\/\/www.instagram.com\/elevate__surf\/\"]}]}<\/script>\n<!-- \/ Yoast SEO plugin. -->","yoast_head_json":{"title":"pfd by Restube (ISO Norm) - Elevatesurf","description":"Elevatesurf pfd by Restube (ISO Norm)","robots":{"index":"index","follow":"follow","max-snippet":"max-snippet:-1","max-image-preview":"max-image-preview:large","max-video-preview":"max-video-preview:-1"},"canonical":"https:\/\/elevatesurf.ch\/fr\/product\/pfd-by-restube-iso-norm\/","og_locale":"fr_FR","og_type":"article","og_title":"pfd by Restube (ISO Norm) - Elevatesurf","og_description":"Elevatesurf pfd by Restube (ISO Norm)","og_url":"https:\/\/elevatesurf.ch\/fr\/product\/pfd-by-restube-iso-norm\/","og_site_name":"Elevatesurf","article_modified_time":"2026-01-10T08:41:16+00:00","og_image":[{"width":1227,"height":1200,"url":"https:\/\/elevatesurf.ch\/wp-content\/uploads\/2024\/08\/rt_06001_hi_restube_pfd_inflated.jpg","type":"image\/jpeg"}],"twitter_card":"summary_large_image","twitter_misc":{"Dur\u00e9e de lecture estim\u00e9e":"2 minutes"},"schema":{"@context":"https:\/\/schema.org","@graph":[{"@type":["WebPage","ItemPage"],"@id":"https:\/\/elevatesurf.ch\/product\/pfd-by-restube-iso-norm\/","url":"https:\/\/elevatesurf.ch\/product\/pfd-by-restube-iso-norm\/","name":"pfd by Restube (ISO Norm) - Elevatesurf","isPartOf":{"@id":"https:\/\/elevatesurf.ch\/#website"},"primaryImageOfPage":{"@id":"https:\/\/elevatesurf.ch\/product\/pfd-by-restube-iso-norm\/#primaryimage"},"image":{"@id":"https:\/\/elevatesurf.ch\/product\/pfd-by-restube-iso-norm\/#primaryimage"},"thumbnailUrl":"https:\/\/elevatesurf.ch\/wp-content\/uploads\/2024\/08\/rt_06001_hi_restube_pfd_inflated.jpg","datePublished":"2024-08-30T10:05:28+00:00","dateModified":"2026-01-10T08:41:16+00:00","description":"Elevatesurf pfd by Restube (ISO Norm)","breadcrumb":{"@id":"https:\/\/elevatesurf.ch\/product\/pfd-by-restube-iso-norm\/#breadcrumb"},"inLanguage":"fr-FR","potentialAction":[{"@type":"ReadAction","target":["https:\/\/elevatesurf.ch\/product\/pfd-by-restube-iso-norm\/"]}]},{"@type":"ImageObject","inLanguage":"fr-FR","@id":"https:\/\/elevatesurf.ch\/product\/pfd-by-restube-iso-norm\/#primaryimage","url":"https:\/\/elevatesurf.ch\/wp-content\/uploads\/2024\/08\/rt_06001_hi_restube_pfd_inflated.jpg","contentUrl":"https:\/\/elevatesurf.ch\/wp-content\/uploads\/2024\/08\/rt_06001_hi_restube_pfd_inflated.jpg","width":1227,"height":1200},{"@type":"BreadcrumbList","@id":"https:\/\/elevatesurf.ch\/product\/pfd-by-restube-iso-norm\/#breadcrumb","itemListElement":[{"@type":"ListItem","position":1,"name":"Accueil","item":"https:\/\/elevatesurf.ch\/"},{"@type":"ListItem","position":2,"name":"Shop &#8211; \u00c9levez Votre Exp\u00e9rience de Surf avec Notre Collection","item":"https:\/\/elevatesurf.ch\/shop\/"},{"@type":"ListItem","position":3,"name":"pfd by Restube (ISO Norm)"}]},{"@type":"WebSite","@id":"https:\/\/elevatesurf.ch\/#website","url":"https:\/\/elevatesurf.ch\/","name":"Elevatesurf","description":"Surfez vers de nouveaux sommets avec ElevateSurf ! Kiteshop, Wingshop","publisher":{"@id":"https:\/\/elevatesurf.ch\/#organization"},"potentialAction":[{"@type":"SearchAction","target":{"@type":"EntryPoint","urlTemplate":"https:\/\/elevatesurf.ch\/?s={search_term_string}"},"query-input":"required name=search_term_string"}],"inLanguage":"fr-FR"},{"@type":"Organization","@id":"https:\/\/elevatesurf.ch\/#organization","name":"Elevatesurf","url":"https:\/\/elevatesurf.ch\/","logo":{"@type":"ImageObject","inLanguage":"fr-FR","@id":"https:\/\/elevatesurf.ch\/#\/schema\/logo\/image\/","url":"https:\/\/elevatesurf.ch\/wp-content\/uploads\/2024\/06\/67c2ec70-bdf5-4c14-898a-ded5b2051398.jpg","contentUrl":"https:\/\/elevatesurf.ch\/wp-content\/uploads\/2024\/06\/67c2ec70-bdf5-4c14-898a-ded5b2051398.jpg","width":1024,"height":1024,"caption":"Elevatesurf"},"image":{"@id":"https:\/\/elevatesurf.ch\/#\/schema\/logo\/image\/"},"sameAs":["https:\/\/www.instagram.com\/elevate__surf\/"]}]}},"_links":{"self":[{"href":"https:\/\/elevatesurf.ch\/fr\/wp-json\/wp\/v2\/product\/19625","targetHints":{"allow":["GET"]}}],"collection":[{"href":"https:\/\/elevatesurf.ch\/fr\/wp-json\/wp\/v2\/product"}],"about":[{"href":"https:\/\/elevatesurf.ch\/fr\/wp-json\/wp\/v2\/types\/product"}],"replies":[{"embeddable":true,"href":"https:\/\/elevatesurf.ch\/fr\/wp-json\/wp\/v2\/comments?post=19625"}],"wp:featuredmedia":[{"embeddable":true,"href":"https:\/\/elevatesurf.ch\/fr\/wp-json\/wp\/v2\/media\/19624"}],"wp:attachment":[{"href":"https:\/\/elevatesurf.ch\/fr\/wp-json\/wp\/v2\/media?parent=19625"}],"wp:term":[{"taxonomy":"product_cat","embeddable":true,"href":"https:\/\/elevatesurf.ch\/fr\/wp-json\/wp\/v2\/product_cat?post=19625"},{"taxonomy":"product_tag","embeddable":true,"href":"https:\/\/elevatesurf.ch\/fr\/wp-json\/wp\/v2\/product_tag?post=19625"}],"curies":[{"name":"wp","href":"https:\/\/api.w.org\/{rel}","templated":true}]}}