{"id":19629,"date":"2024-08-30T10:05:33","date_gmt":"2024-08-30T10:05:33","guid":{"rendered":"https:\/\/elevatesurf.ch\/product\/indiana-52-kitesurf-foil-carbon\/"},"modified":"2026-01-10T08:41:16","modified_gmt":"2026-01-10T08:41:16","slug":"indiana-52-kitesurf-foil-carbon","status":"publish","type":"product","link":"https:\/\/elevatesurf.ch\/fr\/product\/indiana-52-kitesurf-foil-carbon\/","title":{"rendered":"Indiana 5\u20192 Kitesurf Foil Carbon"},"content":{"rendered":"<p><span style=\"vertical-align: inherit;\"><span style=\"vertical-align: inherit;\">The 5&rsquo;2 Kitesurf Foil Carbon can be used as a kitesurf in small or medium sizes and also with a strapless Freestyle benutzt werden. Unser Shaper Andi Widmann hat es f\u00fcr anspruchsvolle Kiter entwickelt, die mit einem Board m\u00f6glichst viel abdecken m\u00f6chten. Die kurze, parallele Outline sorgt f\u00fcr Operation, Speed \u200b\u200bund Control.<\/span><\/span><\/p>\n<p><span style=\"vertical-align: inherit;\"><span style=\"vertical-align: inherit;\">The bottom water l\u00e4sst of the Board is Gleiten and guaranteed to have good Grip. There are two rails and wave rockers that fit the board on the carving. The Nose-Outline is in a different position, the relativ diagram is in the Turns and in the Kantenwechsel. Im Deck sorgen die Grabrails f\u00fcr Comfort und Sicherheit beim Tragen und Springen.<\/span><\/span><\/p>\n<p><span style=\"vertical-align: inherit;\"><span style=\"vertical-align: inherit;\">Material: EPS Foam, Carbon, Fiberglass, Epoxy * Construction: Carbon Fiberglass Sandwich * Production Technique: Vacuum-Lamination * Foil-Connection: 2 x 10.75\u00a0\u00bb-Tracks * Footstrap-Plugs: 1 + 1 or 1 + 1V Straps* Shaper :Andi Widmann<\/span><\/span><\/p>\n<p><span style=\"vertical-align: inherit;\"><span style=\"vertical-align: inherit;\">Includes: Boardbag, Indiana V-Footstrap Set incl. Screws &amp; Plates, 2 x EVA Pads with square groove, 3 x SF4 Future Honeycomb Fins<\/span><\/span><\/p>\n","protected":false},"excerpt":{"rendered":"<p>The 5&rsquo;2 Kitesurf Foil Carbon can be used as a kitesurf in small or medium sizes and also with a strapless Freestyle benutzt werden. Unser Shaper Andi Widmann hat es f\u00fcr anspruchsvolle Kiter entwickelt, die mit einem Board m\u00f6glichst viel abdecken m\u00f6chten. Die kurze, parallele Outline sorgt f\u00fcr Operation, Speed \u200b\u200bund Control. The bottom water [&hellip;]<\/p>\n","protected":false},"featured_media":19628,"comment_status":"open","ping_status":"closed","template":"","meta":[],"product_cat":[668],"product_tag":[],"class_list":{"0":"post-19629","1":"product","2":"type-product","3":"status-publish","4":"has-post-thumbnail","6":"product_cat-kite-foil","7":"product_brand-indiana-suisse","9":"first","10":"instock","11":"shipping-taxable","12":"purchasable","13":"product-type-simple"},"yoast_head":"<!-- This site is optimized with the Yoast SEO plugin v22.8 - https:\/\/yoast.com\/wordpress\/plugins\/seo\/ -->\n<title>Indiana 5\u20192 Kitesurf Foil Carbon - Elevatesurf<\/title>\n<meta name=\"description\" content=\"Elevatesurf Indiana 5\u20192 Kitesurf Foil Carbon\" \/>\n<meta name=\"robots\" content=\"index, follow, max-snippet:-1, max-image-preview:large, max-video-preview:-1\" \/>\n<link rel=\"canonical\" href=\"https:\/\/elevatesurf.ch\/fr\/product\/indiana-52-kitesurf-foil-carbon\/\" \/>\n<meta property=\"og:locale\" content=\"fr_FR\" \/>\n<meta property=\"og:type\" content=\"article\" \/>\n<meta property=\"og:title\" content=\"Indiana 5\u20192 Kitesurf Foil Carbon - Elevatesurf\" \/>\n<meta property=\"og:description\" content=\"Elevatesurf Indiana 5\u20192 Kitesurf Foil Carbon\" \/>\n<meta property=\"og:url\" content=\"https:\/\/elevatesurf.ch\/fr\/product\/indiana-52-kitesurf-foil-carbon\/\" \/>\n<meta property=\"og:site_name\" content=\"Elevatesurf\" \/>\n<meta property=\"article:modified_time\" content=\"2026-01-10T08:41:16+00:00\" \/>\n<meta property=\"og:image\" content=\"https:\/\/elevatesurf.ch\/wp-content\/uploads\/2024\/08\/3205sn_5_2_kitesurf_foil_carbon.png\" \/>\n\t<meta property=\"og:image:width\" content=\"856\" \/>\n\t<meta property=\"og:image:height\" content=\"1152\" \/>\n\t<meta property=\"og:image:type\" content=\"image\/png\" \/>\n<meta name=\"twitter:card\" content=\"summary_large_image\" \/>\n<meta name=\"twitter:label1\" content=\"Dur\u00e9e de lecture estim\u00e9e\" \/>\n\t<meta name=\"twitter:data1\" content=\"1 minute\" \/>\n<script type=\"application\/ld+json\" class=\"yoast-schema-graph\">{\"@context\":\"https:\/\/schema.org\",\"@graph\":[{\"@type\":[\"WebPage\",\"ItemPage\"],\"@id\":\"https:\/\/elevatesurf.ch\/product\/indiana-52-kitesurf-foil-carbon\/\",\"url\":\"https:\/\/elevatesurf.ch\/product\/indiana-52-kitesurf-foil-carbon\/\",\"name\":\"Indiana 5\u20192 Kitesurf Foil Carbon - Elevatesurf\",\"isPartOf\":{\"@id\":\"https:\/\/elevatesurf.ch\/#website\"},\"primaryImageOfPage\":{\"@id\":\"https:\/\/elevatesurf.ch\/product\/indiana-52-kitesurf-foil-carbon\/#primaryimage\"},\"image\":{\"@id\":\"https:\/\/elevatesurf.ch\/product\/indiana-52-kitesurf-foil-carbon\/#primaryimage\"},\"thumbnailUrl\":\"https:\/\/elevatesurf.ch\/wp-content\/uploads\/2024\/08\/3205sn_5_2_kitesurf_foil_carbon.png\",\"datePublished\":\"2024-08-30T10:05:33+00:00\",\"dateModified\":\"2026-01-10T08:41:16+00:00\",\"description\":\"Elevatesurf Indiana 5\u20192 Kitesurf Foil Carbon\",\"breadcrumb\":{\"@id\":\"https:\/\/elevatesurf.ch\/product\/indiana-52-kitesurf-foil-carbon\/#breadcrumb\"},\"inLanguage\":\"fr-FR\",\"potentialAction\":[{\"@type\":\"ReadAction\",\"target\":[\"https:\/\/elevatesurf.ch\/product\/indiana-52-kitesurf-foil-carbon\/\"]}]},{\"@type\":\"ImageObject\",\"inLanguage\":\"fr-FR\",\"@id\":\"https:\/\/elevatesurf.ch\/product\/indiana-52-kitesurf-foil-carbon\/#primaryimage\",\"url\":\"https:\/\/elevatesurf.ch\/wp-content\/uploads\/2024\/08\/3205sn_5_2_kitesurf_foil_carbon.png\",\"contentUrl\":\"https:\/\/elevatesurf.ch\/wp-content\/uploads\/2024\/08\/3205sn_5_2_kitesurf_foil_carbon.png\",\"width\":856,\"height\":1152},{\"@type\":\"BreadcrumbList\",\"@id\":\"https:\/\/elevatesurf.ch\/product\/indiana-52-kitesurf-foil-carbon\/#breadcrumb\",\"itemListElement\":[{\"@type\":\"ListItem\",\"position\":1,\"name\":\"Accueil\",\"item\":\"https:\/\/elevatesurf.ch\/\"},{\"@type\":\"ListItem\",\"position\":2,\"name\":\"Shop &#8211; \u00c9levez Votre Exp\u00e9rience de Surf avec Notre Collection\",\"item\":\"https:\/\/elevatesurf.ch\/shop\/\"},{\"@type\":\"ListItem\",\"position\":3,\"name\":\"Indiana 5\u20192 Kitesurf Foil Carbon\"}]},{\"@type\":\"WebSite\",\"@id\":\"https:\/\/elevatesurf.ch\/#website\",\"url\":\"https:\/\/elevatesurf.ch\/\",\"name\":\"Elevatesurf\",\"description\":\"Surfez vers de nouveaux sommets avec ElevateSurf ! Kiteshop, Wingshop\",\"publisher\":{\"@id\":\"https:\/\/elevatesurf.ch\/#organization\"},\"potentialAction\":[{\"@type\":\"SearchAction\",\"target\":{\"@type\":\"EntryPoint\",\"urlTemplate\":\"https:\/\/elevatesurf.ch\/?s={search_term_string}\"},\"query-input\":\"required name=search_term_string\"}],\"inLanguage\":\"fr-FR\"},{\"@type\":\"Organization\",\"@id\":\"https:\/\/elevatesurf.ch\/#organization\",\"name\":\"Elevatesurf\",\"url\":\"https:\/\/elevatesurf.ch\/\",\"logo\":{\"@type\":\"ImageObject\",\"inLanguage\":\"fr-FR\",\"@id\":\"https:\/\/elevatesurf.ch\/#\/schema\/logo\/image\/\",\"url\":\"https:\/\/elevatesurf.ch\/wp-content\/uploads\/2024\/06\/67c2ec70-bdf5-4c14-898a-ded5b2051398.jpg\",\"contentUrl\":\"https:\/\/elevatesurf.ch\/wp-content\/uploads\/2024\/06\/67c2ec70-bdf5-4c14-898a-ded5b2051398.jpg\",\"width\":1024,\"height\":1024,\"caption\":\"Elevatesurf\"},\"image\":{\"@id\":\"https:\/\/elevatesurf.ch\/#\/schema\/logo\/image\/\"},\"sameAs\":[\"https:\/\/www.instagram.com\/elevate__surf\/\"]}]}<\/script>\n<!-- \/ Yoast SEO plugin. -->","yoast_head_json":{"title":"Indiana 5\u20192 Kitesurf Foil Carbon - Elevatesurf","description":"Elevatesurf Indiana 5\u20192 Kitesurf Foil Carbon","robots":{"index":"index","follow":"follow","max-snippet":"max-snippet:-1","max-image-preview":"max-image-preview:large","max-video-preview":"max-video-preview:-1"},"canonical":"https:\/\/elevatesurf.ch\/fr\/product\/indiana-52-kitesurf-foil-carbon\/","og_locale":"fr_FR","og_type":"article","og_title":"Indiana 5\u20192 Kitesurf Foil Carbon - Elevatesurf","og_description":"Elevatesurf Indiana 5\u20192 Kitesurf Foil Carbon","og_url":"https:\/\/elevatesurf.ch\/fr\/product\/indiana-52-kitesurf-foil-carbon\/","og_site_name":"Elevatesurf","article_modified_time":"2026-01-10T08:41:16+00:00","og_image":[{"width":856,"height":1152,"url":"https:\/\/elevatesurf.ch\/wp-content\/uploads\/2024\/08\/3205sn_5_2_kitesurf_foil_carbon.png","type":"image\/png"}],"twitter_card":"summary_large_image","twitter_misc":{"Dur\u00e9e de lecture estim\u00e9e":"1 minute"},"schema":{"@context":"https:\/\/schema.org","@graph":[{"@type":["WebPage","ItemPage"],"@id":"https:\/\/elevatesurf.ch\/product\/indiana-52-kitesurf-foil-carbon\/","url":"https:\/\/elevatesurf.ch\/product\/indiana-52-kitesurf-foil-carbon\/","name":"Indiana 5\u20192 Kitesurf Foil Carbon - Elevatesurf","isPartOf":{"@id":"https:\/\/elevatesurf.ch\/#website"},"primaryImageOfPage":{"@id":"https:\/\/elevatesurf.ch\/product\/indiana-52-kitesurf-foil-carbon\/#primaryimage"},"image":{"@id":"https:\/\/elevatesurf.ch\/product\/indiana-52-kitesurf-foil-carbon\/#primaryimage"},"thumbnailUrl":"https:\/\/elevatesurf.ch\/wp-content\/uploads\/2024\/08\/3205sn_5_2_kitesurf_foil_carbon.png","datePublished":"2024-08-30T10:05:33+00:00","dateModified":"2026-01-10T08:41:16+00:00","description":"Elevatesurf Indiana 5\u20192 Kitesurf Foil Carbon","breadcrumb":{"@id":"https:\/\/elevatesurf.ch\/product\/indiana-52-kitesurf-foil-carbon\/#breadcrumb"},"inLanguage":"fr-FR","potentialAction":[{"@type":"ReadAction","target":["https:\/\/elevatesurf.ch\/product\/indiana-52-kitesurf-foil-carbon\/"]}]},{"@type":"ImageObject","inLanguage":"fr-FR","@id":"https:\/\/elevatesurf.ch\/product\/indiana-52-kitesurf-foil-carbon\/#primaryimage","url":"https:\/\/elevatesurf.ch\/wp-content\/uploads\/2024\/08\/3205sn_5_2_kitesurf_foil_carbon.png","contentUrl":"https:\/\/elevatesurf.ch\/wp-content\/uploads\/2024\/08\/3205sn_5_2_kitesurf_foil_carbon.png","width":856,"height":1152},{"@type":"BreadcrumbList","@id":"https:\/\/elevatesurf.ch\/product\/indiana-52-kitesurf-foil-carbon\/#breadcrumb","itemListElement":[{"@type":"ListItem","position":1,"name":"Accueil","item":"https:\/\/elevatesurf.ch\/"},{"@type":"ListItem","position":2,"name":"Shop &#8211; \u00c9levez Votre Exp\u00e9rience de Surf avec Notre Collection","item":"https:\/\/elevatesurf.ch\/shop\/"},{"@type":"ListItem","position":3,"name":"Indiana 5\u20192 Kitesurf Foil Carbon"}]},{"@type":"WebSite","@id":"https:\/\/elevatesurf.ch\/#website","url":"https:\/\/elevatesurf.ch\/","name":"Elevatesurf","description":"Surfez vers de nouveaux sommets avec ElevateSurf ! Kiteshop, Wingshop","publisher":{"@id":"https:\/\/elevatesurf.ch\/#organization"},"potentialAction":[{"@type":"SearchAction","target":{"@type":"EntryPoint","urlTemplate":"https:\/\/elevatesurf.ch\/?s={search_term_string}"},"query-input":"required name=search_term_string"}],"inLanguage":"fr-FR"},{"@type":"Organization","@id":"https:\/\/elevatesurf.ch\/#organization","name":"Elevatesurf","url":"https:\/\/elevatesurf.ch\/","logo":{"@type":"ImageObject","inLanguage":"fr-FR","@id":"https:\/\/elevatesurf.ch\/#\/schema\/logo\/image\/","url":"https:\/\/elevatesurf.ch\/wp-content\/uploads\/2024\/06\/67c2ec70-bdf5-4c14-898a-ded5b2051398.jpg","contentUrl":"https:\/\/elevatesurf.ch\/wp-content\/uploads\/2024\/06\/67c2ec70-bdf5-4c14-898a-ded5b2051398.jpg","width":1024,"height":1024,"caption":"Elevatesurf"},"image":{"@id":"https:\/\/elevatesurf.ch\/#\/schema\/logo\/image\/"},"sameAs":["https:\/\/www.instagram.com\/elevate__surf\/"]}]}},"_links":{"self":[{"href":"https:\/\/elevatesurf.ch\/fr\/wp-json\/wp\/v2\/product\/19629","targetHints":{"allow":["GET"]}}],"collection":[{"href":"https:\/\/elevatesurf.ch\/fr\/wp-json\/wp\/v2\/product"}],"about":[{"href":"https:\/\/elevatesurf.ch\/fr\/wp-json\/wp\/v2\/types\/product"}],"replies":[{"embeddable":true,"href":"https:\/\/elevatesurf.ch\/fr\/wp-json\/wp\/v2\/comments?post=19629"}],"wp:featuredmedia":[{"embeddable":true,"href":"https:\/\/elevatesurf.ch\/fr\/wp-json\/wp\/v2\/media\/19628"}],"wp:attachment":[{"href":"https:\/\/elevatesurf.ch\/fr\/wp-json\/wp\/v2\/media?parent=19629"}],"wp:term":[{"taxonomy":"product_cat","embeddable":true,"href":"https:\/\/elevatesurf.ch\/fr\/wp-json\/wp\/v2\/product_cat?post=19629"},{"taxonomy":"product_tag","embeddable":true,"href":"https:\/\/elevatesurf.ch\/fr\/wp-json\/wp\/v2\/product_tag?post=19629"}],"curies":[{"name":"wp","href":"https:\/\/api.w.org\/{rel}","templated":true}]}}