{"id":19631,"date":"2024-08-30T10:05:34","date_gmt":"2024-08-30T10:05:34","guid":{"rendered":"https:\/\/elevatesurf.ch\/product\/indiana-carbon-100-1-piece-220-cm-95-in2\/"},"modified":"2026-01-10T08:41:16","modified_gmt":"2026-01-10T08:41:16","slug":"indiana-carbon-100-1-piece-220-cm-95-in2","status":"publish","type":"product","link":"https:\/\/elevatesurf.ch\/fr\/product\/indiana-carbon-100-1-piece-220-cm-95-in2\/","title":{"rendered":"Indiana Carbon 100% (1-Piece) 220 cm 95 In2"},"content":{"rendered":"<p>Das einteilige Carbon Paddle ist die perfekte Wahl f\u00fcr alle, die h\u00f6chste Performance und High-End-Qualit\u00e4t haben wollen. Das Paddle ist aus 100% Carbon, darum extrem leicht, sehr stabil und liegen dank dem ergonomischen Griff bequem in der Hand. Die grosse 95In2 Schaufel erm\u00f6glicht lange, kraftvolle Paddlez\u00fcge. Das 220 cm lange Paddel kann auf die individuell passende Gr\u00f6sse zugeschnitten werden. Inklusive Paddle Bag.<\/p>\n<p>Vorgehen:<br \/>\n1. Paddel auf gew\u00fcnschte L\u00e4nge zuschneiden<br \/>\n2. Kanten abschleifen<br \/>\n3. Handle mit Epoxy\/Zwei-Komponenten-Kleber reinkleben<br \/>\n4. Schrumpfschlauch mit Heissluft befestigen<\/p>\n","protected":false},"excerpt":{"rendered":"<p>Das einteilige Carbon Paddle ist die perfekte Wahl f\u00fcr alle, die h\u00f6chste Performance und High-End-Qualit\u00e4t haben wollen. Das Paddle ist aus 100% Carbon, darum extrem leicht, sehr stabil und liegen dank dem ergonomischen Griff bequem in der Hand. Die grosse 95In2 Schaufel erm\u00f6glicht lange, kraftvolle Paddlez\u00fcge. Das 220 cm lange Paddel kann auf die individuell [&hellip;]<\/p>\n","protected":false},"featured_media":19630,"comment_status":"open","ping_status":"closed","template":"","meta":[],"product_cat":[1011,979],"product_tag":[],"class_list":{"0":"post-19631","1":"product","2":"type-product","3":"status-publish","4":"has-post-thumbnail","6":"product_cat-1-piece","7":"product_cat-sup-paddle","8":"product_brand-indiana-suisse","10":"first","11":"instock","12":"shipping-taxable","13":"purchasable","14":"product-type-simple"},"yoast_head":"<!-- This site is optimized with the Yoast SEO plugin v22.8 - https:\/\/yoast.com\/wordpress\/plugins\/seo\/ -->\n<title>Indiana Carbon 100% (1-Piece) 220 cm 95 In2 - Elevatesurf<\/title>\n<meta name=\"description\" content=\"Elevatesurf Indiana Carbon 100% (1-Piece) 220 cm 95 In2\" \/>\n<meta name=\"robots\" content=\"index, follow, max-snippet:-1, max-image-preview:large, max-video-preview:-1\" \/>\n<link rel=\"canonical\" href=\"https:\/\/elevatesurf.ch\/fr\/product\/indiana-carbon-100-1-piece-220-cm-95-in2\/\" \/>\n<meta property=\"og:locale\" content=\"fr_FR\" \/>\n<meta property=\"og:type\" content=\"article\" \/>\n<meta property=\"og:title\" content=\"Indiana Carbon 100% (1-Piece) 220 cm 95 In2 - Elevatesurf\" \/>\n<meta property=\"og:description\" content=\"Elevatesurf Indiana Carbon 100% (1-Piece) 220 cm 95 In2\" \/>\n<meta property=\"og:url\" content=\"https:\/\/elevatesurf.ch\/fr\/product\/indiana-carbon-100-1-piece-220-cm-95-in2\/\" \/>\n<meta property=\"og:site_name\" content=\"Elevatesurf\" \/>\n<meta property=\"article:modified_time\" content=\"2026-01-10T08:41:16+00:00\" \/>\n<meta property=\"og:image\" content=\"https:\/\/elevatesurf.ch\/wp-content\/uploads\/2024\/08\/4001SN_Indiana_1_Piece_95_front__1.png\" \/>\n\t<meta property=\"og:image:width\" content=\"950\" \/>\n\t<meta property=\"og:image:height\" content=\"1300\" \/>\n\t<meta property=\"og:image:type\" content=\"image\/png\" \/>\n<meta name=\"twitter:card\" content=\"summary_large_image\" \/>\n<meta name=\"twitter:label1\" content=\"Dur\u00e9e de lecture estim\u00e9e\" \/>\n\t<meta name=\"twitter:data1\" content=\"1 minute\" \/>\n<script type=\"application\/ld+json\" class=\"yoast-schema-graph\">{\"@context\":\"https:\/\/schema.org\",\"@graph\":[{\"@type\":[\"WebPage\",\"ItemPage\"],\"@id\":\"https:\/\/elevatesurf.ch\/product\/indiana-carbon-100-1-piece-220-cm-95-in2\/\",\"url\":\"https:\/\/elevatesurf.ch\/product\/indiana-carbon-100-1-piece-220-cm-95-in2\/\",\"name\":\"Indiana Carbon 100% (1-Piece) 220 cm 95 In2 - Elevatesurf\",\"isPartOf\":{\"@id\":\"https:\/\/elevatesurf.ch\/#website\"},\"primaryImageOfPage\":{\"@id\":\"https:\/\/elevatesurf.ch\/product\/indiana-carbon-100-1-piece-220-cm-95-in2\/#primaryimage\"},\"image\":{\"@id\":\"https:\/\/elevatesurf.ch\/product\/indiana-carbon-100-1-piece-220-cm-95-in2\/#primaryimage\"},\"thumbnailUrl\":\"https:\/\/elevatesurf.ch\/wp-content\/uploads\/2024\/08\/4001SN_Indiana_1_Piece_95_front__1.png\",\"datePublished\":\"2024-08-30T10:05:34+00:00\",\"dateModified\":\"2026-01-10T08:41:16+00:00\",\"description\":\"Elevatesurf Indiana Carbon 100% (1-Piece) 220 cm 95 In2\",\"breadcrumb\":{\"@id\":\"https:\/\/elevatesurf.ch\/product\/indiana-carbon-100-1-piece-220-cm-95-in2\/#breadcrumb\"},\"inLanguage\":\"fr-FR\",\"potentialAction\":[{\"@type\":\"ReadAction\",\"target\":[\"https:\/\/elevatesurf.ch\/product\/indiana-carbon-100-1-piece-220-cm-95-in2\/\"]}]},{\"@type\":\"ImageObject\",\"inLanguage\":\"fr-FR\",\"@id\":\"https:\/\/elevatesurf.ch\/product\/indiana-carbon-100-1-piece-220-cm-95-in2\/#primaryimage\",\"url\":\"https:\/\/elevatesurf.ch\/wp-content\/uploads\/2024\/08\/4001SN_Indiana_1_Piece_95_front__1.png\",\"contentUrl\":\"https:\/\/elevatesurf.ch\/wp-content\/uploads\/2024\/08\/4001SN_Indiana_1_Piece_95_front__1.png\",\"width\":950,\"height\":1300},{\"@type\":\"BreadcrumbList\",\"@id\":\"https:\/\/elevatesurf.ch\/product\/indiana-carbon-100-1-piece-220-cm-95-in2\/#breadcrumb\",\"itemListElement\":[{\"@type\":\"ListItem\",\"position\":1,\"name\":\"Accueil\",\"item\":\"https:\/\/elevatesurf.ch\/\"},{\"@type\":\"ListItem\",\"position\":2,\"name\":\"Shop &#8211; \u00c9levez Votre Exp\u00e9rience de Surf avec Notre Collection\",\"item\":\"https:\/\/elevatesurf.ch\/shop\/\"},{\"@type\":\"ListItem\",\"position\":3,\"name\":\"Indiana Carbon 100% (1-Piece) 220 cm 95 In2\"}]},{\"@type\":\"WebSite\",\"@id\":\"https:\/\/elevatesurf.ch\/#website\",\"url\":\"https:\/\/elevatesurf.ch\/\",\"name\":\"Elevatesurf\",\"description\":\"Surfez vers de nouveaux sommets avec ElevateSurf ! Kiteshop, Wingshop\",\"publisher\":{\"@id\":\"https:\/\/elevatesurf.ch\/#organization\"},\"potentialAction\":[{\"@type\":\"SearchAction\",\"target\":{\"@type\":\"EntryPoint\",\"urlTemplate\":\"https:\/\/elevatesurf.ch\/?s={search_term_string}\"},\"query-input\":\"required name=search_term_string\"}],\"inLanguage\":\"fr-FR\"},{\"@type\":\"Organization\",\"@id\":\"https:\/\/elevatesurf.ch\/#organization\",\"name\":\"Elevatesurf\",\"url\":\"https:\/\/elevatesurf.ch\/\",\"logo\":{\"@type\":\"ImageObject\",\"inLanguage\":\"fr-FR\",\"@id\":\"https:\/\/elevatesurf.ch\/#\/schema\/logo\/image\/\",\"url\":\"https:\/\/elevatesurf.ch\/wp-content\/uploads\/2024\/06\/67c2ec70-bdf5-4c14-898a-ded5b2051398.jpg\",\"contentUrl\":\"https:\/\/elevatesurf.ch\/wp-content\/uploads\/2024\/06\/67c2ec70-bdf5-4c14-898a-ded5b2051398.jpg\",\"width\":1024,\"height\":1024,\"caption\":\"Elevatesurf\"},\"image\":{\"@id\":\"https:\/\/elevatesurf.ch\/#\/schema\/logo\/image\/\"},\"sameAs\":[\"https:\/\/www.instagram.com\/elevate__surf\/\"]}]}<\/script>\n<!-- \/ Yoast SEO plugin. -->","yoast_head_json":{"title":"Indiana Carbon 100% (1-Piece) 220 cm 95 In2 - Elevatesurf","description":"Elevatesurf Indiana Carbon 100% (1-Piece) 220 cm 95 In2","robots":{"index":"index","follow":"follow","max-snippet":"max-snippet:-1","max-image-preview":"max-image-preview:large","max-video-preview":"max-video-preview:-1"},"canonical":"https:\/\/elevatesurf.ch\/fr\/product\/indiana-carbon-100-1-piece-220-cm-95-in2\/","og_locale":"fr_FR","og_type":"article","og_title":"Indiana Carbon 100% (1-Piece) 220 cm 95 In2 - Elevatesurf","og_description":"Elevatesurf Indiana Carbon 100% (1-Piece) 220 cm 95 In2","og_url":"https:\/\/elevatesurf.ch\/fr\/product\/indiana-carbon-100-1-piece-220-cm-95-in2\/","og_site_name":"Elevatesurf","article_modified_time":"2026-01-10T08:41:16+00:00","og_image":[{"width":950,"height":1300,"url":"https:\/\/elevatesurf.ch\/wp-content\/uploads\/2024\/08\/4001SN_Indiana_1_Piece_95_front__1.png","type":"image\/png"}],"twitter_card":"summary_large_image","twitter_misc":{"Dur\u00e9e de lecture estim\u00e9e":"1 minute"},"schema":{"@context":"https:\/\/schema.org","@graph":[{"@type":["WebPage","ItemPage"],"@id":"https:\/\/elevatesurf.ch\/product\/indiana-carbon-100-1-piece-220-cm-95-in2\/","url":"https:\/\/elevatesurf.ch\/product\/indiana-carbon-100-1-piece-220-cm-95-in2\/","name":"Indiana Carbon 100% (1-Piece) 220 cm 95 In2 - Elevatesurf","isPartOf":{"@id":"https:\/\/elevatesurf.ch\/#website"},"primaryImageOfPage":{"@id":"https:\/\/elevatesurf.ch\/product\/indiana-carbon-100-1-piece-220-cm-95-in2\/#primaryimage"},"image":{"@id":"https:\/\/elevatesurf.ch\/product\/indiana-carbon-100-1-piece-220-cm-95-in2\/#primaryimage"},"thumbnailUrl":"https:\/\/elevatesurf.ch\/wp-content\/uploads\/2024\/08\/4001SN_Indiana_1_Piece_95_front__1.png","datePublished":"2024-08-30T10:05:34+00:00","dateModified":"2026-01-10T08:41:16+00:00","description":"Elevatesurf Indiana Carbon 100% (1-Piece) 220 cm 95 In2","breadcrumb":{"@id":"https:\/\/elevatesurf.ch\/product\/indiana-carbon-100-1-piece-220-cm-95-in2\/#breadcrumb"},"inLanguage":"fr-FR","potentialAction":[{"@type":"ReadAction","target":["https:\/\/elevatesurf.ch\/product\/indiana-carbon-100-1-piece-220-cm-95-in2\/"]}]},{"@type":"ImageObject","inLanguage":"fr-FR","@id":"https:\/\/elevatesurf.ch\/product\/indiana-carbon-100-1-piece-220-cm-95-in2\/#primaryimage","url":"https:\/\/elevatesurf.ch\/wp-content\/uploads\/2024\/08\/4001SN_Indiana_1_Piece_95_front__1.png","contentUrl":"https:\/\/elevatesurf.ch\/wp-content\/uploads\/2024\/08\/4001SN_Indiana_1_Piece_95_front__1.png","width":950,"height":1300},{"@type":"BreadcrumbList","@id":"https:\/\/elevatesurf.ch\/product\/indiana-carbon-100-1-piece-220-cm-95-in2\/#breadcrumb","itemListElement":[{"@type":"ListItem","position":1,"name":"Accueil","item":"https:\/\/elevatesurf.ch\/"},{"@type":"ListItem","position":2,"name":"Shop &#8211; \u00c9levez Votre Exp\u00e9rience de Surf avec Notre Collection","item":"https:\/\/elevatesurf.ch\/shop\/"},{"@type":"ListItem","position":3,"name":"Indiana Carbon 100% (1-Piece) 220 cm 95 In2"}]},{"@type":"WebSite","@id":"https:\/\/elevatesurf.ch\/#website","url":"https:\/\/elevatesurf.ch\/","name":"Elevatesurf","description":"Surfez vers de nouveaux sommets avec ElevateSurf ! Kiteshop, Wingshop","publisher":{"@id":"https:\/\/elevatesurf.ch\/#organization"},"potentialAction":[{"@type":"SearchAction","target":{"@type":"EntryPoint","urlTemplate":"https:\/\/elevatesurf.ch\/?s={search_term_string}"},"query-input":"required name=search_term_string"}],"inLanguage":"fr-FR"},{"@type":"Organization","@id":"https:\/\/elevatesurf.ch\/#organization","name":"Elevatesurf","url":"https:\/\/elevatesurf.ch\/","logo":{"@type":"ImageObject","inLanguage":"fr-FR","@id":"https:\/\/elevatesurf.ch\/#\/schema\/logo\/image\/","url":"https:\/\/elevatesurf.ch\/wp-content\/uploads\/2024\/06\/67c2ec70-bdf5-4c14-898a-ded5b2051398.jpg","contentUrl":"https:\/\/elevatesurf.ch\/wp-content\/uploads\/2024\/06\/67c2ec70-bdf5-4c14-898a-ded5b2051398.jpg","width":1024,"height":1024,"caption":"Elevatesurf"},"image":{"@id":"https:\/\/elevatesurf.ch\/#\/schema\/logo\/image\/"},"sameAs":["https:\/\/www.instagram.com\/elevate__surf\/"]}]}},"_links":{"self":[{"href":"https:\/\/elevatesurf.ch\/fr\/wp-json\/wp\/v2\/product\/19631","targetHints":{"allow":["GET"]}}],"collection":[{"href":"https:\/\/elevatesurf.ch\/fr\/wp-json\/wp\/v2\/product"}],"about":[{"href":"https:\/\/elevatesurf.ch\/fr\/wp-json\/wp\/v2\/types\/product"}],"replies":[{"embeddable":true,"href":"https:\/\/elevatesurf.ch\/fr\/wp-json\/wp\/v2\/comments?post=19631"}],"wp:featuredmedia":[{"embeddable":true,"href":"https:\/\/elevatesurf.ch\/fr\/wp-json\/wp\/v2\/media\/19630"}],"wp:attachment":[{"href":"https:\/\/elevatesurf.ch\/fr\/wp-json\/wp\/v2\/media?parent=19631"}],"wp:term":[{"taxonomy":"product_cat","embeddable":true,"href":"https:\/\/elevatesurf.ch\/fr\/wp-json\/wp\/v2\/product_cat?post=19631"},{"taxonomy":"product_tag","embeddable":true,"href":"https:\/\/elevatesurf.ch\/fr\/wp-json\/wp\/v2\/product_tag?post=19631"}],"curies":[{"name":"wp","href":"https:\/\/api.w.org\/{rel}","templated":true}]}}