{"id":19657,"date":"2024-08-30T10:05:46","date_gmt":"2024-08-30T10:05:46","guid":{"rendered":"https:\/\/elevatesurf.ch\/product\/indiana-coil-leash-sup-pink\/"},"modified":"2026-01-10T08:41:16","modified_gmt":"2026-01-10T08:41:16","slug":"indiana-coil-leash-sup-pink","status":"publish","type":"product","link":"https:\/\/elevatesurf.ch\/fr\/product\/indiana-coil-leash-sup-pink\/","title":{"rendered":"Indiana Coil Leash SUP pink"},"content":{"rendered":"<p>Wir von Indiana schreiben Sicherheit gross! Deshalb empfehlen wir jedem Paddler eine Leash. Sie garantiert die sichere Verbindung zum Board. Speziell wichtig bei windigen und welligen Verh\u00e4ltnissen. Die Indiana Leashs mit einer L\u00e4nge von jeweils 274 cm und einer Dicke von 5.5mm bestehen aus Urethan und sind in f\u00fcnf verschiedenen Farben erh\u00e4ltlich.<\/p>\n<p>Length: 9&rsquo;| 274 cm<\/p>\n<p>Delivery includes: 1 leash, 1 little string to attach to board<\/p>\n","protected":false},"excerpt":{"rendered":"<p>Wir von Indiana schreiben Sicherheit gross! Deshalb empfehlen wir jedem Paddler eine Leash. Sie garantiert die sichere Verbindung zum Board. Speziell wichtig bei windigen und welligen Verh\u00e4ltnissen. Die Indiana Leashs mit einer L\u00e4nge von jeweils 274 cm und einer Dicke von 5.5mm bestehen aus Urethan und sind in f\u00fcnf verschiedenen Farben erh\u00e4ltlich. Length: 9&rsquo;| 274 [&hellip;]<\/p>\n","protected":false},"featured_media":19656,"comment_status":"open","ping_status":"closed","template":"","meta":[],"product_cat":[977],"product_tag":[],"class_list":{"0":"post-19657","1":"product","2":"type-product","3":"status-publish","4":"has-post-thumbnail","6":"product_cat-accessoires","7":"product_brand-indiana-suisse","9":"first","10":"instock","11":"shipping-taxable","12":"purchasable","13":"product-type-simple"},"yoast_head":"<!-- This site is optimized with the Yoast SEO plugin v22.8 - https:\/\/yoast.com\/wordpress\/plugins\/seo\/ -->\n<title>Indiana Coil Leash SUP pink - Elevatesurf<\/title>\n<meta name=\"description\" content=\"Elevatesurf Indiana Coil Leash SUP pink\" \/>\n<meta name=\"robots\" content=\"index, follow, max-snippet:-1, max-image-preview:large, max-video-preview:-1\" \/>\n<link rel=\"canonical\" href=\"https:\/\/elevatesurf.ch\/fr\/product\/indiana-coil-leash-sup-pink\/\" \/>\n<meta property=\"og:locale\" content=\"fr_FR\" \/>\n<meta property=\"og:type\" content=\"article\" \/>\n<meta property=\"og:title\" content=\"Indiana Coil Leash SUP pink - Elevatesurf\" \/>\n<meta property=\"og:description\" content=\"Elevatesurf Indiana Coil Leash SUP pink\" \/>\n<meta property=\"og:url\" content=\"https:\/\/elevatesurf.ch\/fr\/product\/indiana-coil-leash-sup-pink\/\" \/>\n<meta property=\"og:site_name\" content=\"Elevatesurf\" \/>\n<meta property=\"article:modified_time\" content=\"2026-01-10T08:41:16+00:00\" \/>\n<meta property=\"og:image\" content=\"https:\/\/elevatesurf.ch\/wp-content\/uploads\/2024\/08\/5105SN_Indiana_Coil_Leash_pink_.png\" \/>\n\t<meta property=\"og:image:width\" content=\"1300\" \/>\n\t<meta property=\"og:image:height\" content=\"950\" \/>\n\t<meta property=\"og:image:type\" content=\"image\/png\" \/>\n<meta name=\"twitter:card\" content=\"summary_large_image\" \/>\n<script type=\"application\/ld+json\" class=\"yoast-schema-graph\">{\"@context\":\"https:\/\/schema.org\",\"@graph\":[{\"@type\":[\"WebPage\",\"ItemPage\"],\"@id\":\"https:\/\/elevatesurf.ch\/product\/indiana-coil-leash-sup-pink\/\",\"url\":\"https:\/\/elevatesurf.ch\/product\/indiana-coil-leash-sup-pink\/\",\"name\":\"Indiana Coil Leash SUP pink - Elevatesurf\",\"isPartOf\":{\"@id\":\"https:\/\/elevatesurf.ch\/#website\"},\"primaryImageOfPage\":{\"@id\":\"https:\/\/elevatesurf.ch\/product\/indiana-coil-leash-sup-pink\/#primaryimage\"},\"image\":{\"@id\":\"https:\/\/elevatesurf.ch\/product\/indiana-coil-leash-sup-pink\/#primaryimage\"},\"thumbnailUrl\":\"https:\/\/elevatesurf.ch\/wp-content\/uploads\/2024\/08\/5105SN_Indiana_Coil_Leash_pink_.png\",\"datePublished\":\"2024-08-30T10:05:46+00:00\",\"dateModified\":\"2026-01-10T08:41:16+00:00\",\"description\":\"Elevatesurf Indiana Coil Leash SUP pink\",\"breadcrumb\":{\"@id\":\"https:\/\/elevatesurf.ch\/product\/indiana-coil-leash-sup-pink\/#breadcrumb\"},\"inLanguage\":\"fr-FR\",\"potentialAction\":[{\"@type\":\"ReadAction\",\"target\":[\"https:\/\/elevatesurf.ch\/product\/indiana-coil-leash-sup-pink\/\"]}]},{\"@type\":\"ImageObject\",\"inLanguage\":\"fr-FR\",\"@id\":\"https:\/\/elevatesurf.ch\/product\/indiana-coil-leash-sup-pink\/#primaryimage\",\"url\":\"https:\/\/elevatesurf.ch\/wp-content\/uploads\/2024\/08\/5105SN_Indiana_Coil_Leash_pink_.png\",\"contentUrl\":\"https:\/\/elevatesurf.ch\/wp-content\/uploads\/2024\/08\/5105SN_Indiana_Coil_Leash_pink_.png\",\"width\":1300,\"height\":950},{\"@type\":\"BreadcrumbList\",\"@id\":\"https:\/\/elevatesurf.ch\/product\/indiana-coil-leash-sup-pink\/#breadcrumb\",\"itemListElement\":[{\"@type\":\"ListItem\",\"position\":1,\"name\":\"Accueil\",\"item\":\"https:\/\/elevatesurf.ch\/\"},{\"@type\":\"ListItem\",\"position\":2,\"name\":\"Shop &#8211; \u00c9levez Votre Exp\u00e9rience de Surf avec Notre Collection\",\"item\":\"https:\/\/elevatesurf.ch\/shop\/\"},{\"@type\":\"ListItem\",\"position\":3,\"name\":\"Indiana Coil Leash SUP pink\"}]},{\"@type\":\"WebSite\",\"@id\":\"https:\/\/elevatesurf.ch\/#website\",\"url\":\"https:\/\/elevatesurf.ch\/\",\"name\":\"Elevatesurf\",\"description\":\"Surfez vers de nouveaux sommets avec ElevateSurf ! Kiteshop, Wingshop\",\"publisher\":{\"@id\":\"https:\/\/elevatesurf.ch\/#organization\"},\"potentialAction\":[{\"@type\":\"SearchAction\",\"target\":{\"@type\":\"EntryPoint\",\"urlTemplate\":\"https:\/\/elevatesurf.ch\/?s={search_term_string}\"},\"query-input\":\"required name=search_term_string\"}],\"inLanguage\":\"fr-FR\"},{\"@type\":\"Organization\",\"@id\":\"https:\/\/elevatesurf.ch\/#organization\",\"name\":\"Elevatesurf\",\"url\":\"https:\/\/elevatesurf.ch\/\",\"logo\":{\"@type\":\"ImageObject\",\"inLanguage\":\"fr-FR\",\"@id\":\"https:\/\/elevatesurf.ch\/#\/schema\/logo\/image\/\",\"url\":\"https:\/\/elevatesurf.ch\/wp-content\/uploads\/2024\/06\/67c2ec70-bdf5-4c14-898a-ded5b2051398.jpg\",\"contentUrl\":\"https:\/\/elevatesurf.ch\/wp-content\/uploads\/2024\/06\/67c2ec70-bdf5-4c14-898a-ded5b2051398.jpg\",\"width\":1024,\"height\":1024,\"caption\":\"Elevatesurf\"},\"image\":{\"@id\":\"https:\/\/elevatesurf.ch\/#\/schema\/logo\/image\/\"},\"sameAs\":[\"https:\/\/www.instagram.com\/elevate__surf\/\"]}]}<\/script>\n<!-- \/ Yoast SEO plugin. -->","yoast_head_json":{"title":"Indiana Coil Leash SUP pink - Elevatesurf","description":"Elevatesurf Indiana Coil Leash SUP pink","robots":{"index":"index","follow":"follow","max-snippet":"max-snippet:-1","max-image-preview":"max-image-preview:large","max-video-preview":"max-video-preview:-1"},"canonical":"https:\/\/elevatesurf.ch\/fr\/product\/indiana-coil-leash-sup-pink\/","og_locale":"fr_FR","og_type":"article","og_title":"Indiana Coil Leash SUP pink - Elevatesurf","og_description":"Elevatesurf Indiana Coil Leash SUP pink","og_url":"https:\/\/elevatesurf.ch\/fr\/product\/indiana-coil-leash-sup-pink\/","og_site_name":"Elevatesurf","article_modified_time":"2026-01-10T08:41:16+00:00","og_image":[{"width":1300,"height":950,"url":"https:\/\/elevatesurf.ch\/wp-content\/uploads\/2024\/08\/5105SN_Indiana_Coil_Leash_pink_.png","type":"image\/png"}],"twitter_card":"summary_large_image","schema":{"@context":"https:\/\/schema.org","@graph":[{"@type":["WebPage","ItemPage"],"@id":"https:\/\/elevatesurf.ch\/product\/indiana-coil-leash-sup-pink\/","url":"https:\/\/elevatesurf.ch\/product\/indiana-coil-leash-sup-pink\/","name":"Indiana Coil Leash SUP pink - Elevatesurf","isPartOf":{"@id":"https:\/\/elevatesurf.ch\/#website"},"primaryImageOfPage":{"@id":"https:\/\/elevatesurf.ch\/product\/indiana-coil-leash-sup-pink\/#primaryimage"},"image":{"@id":"https:\/\/elevatesurf.ch\/product\/indiana-coil-leash-sup-pink\/#primaryimage"},"thumbnailUrl":"https:\/\/elevatesurf.ch\/wp-content\/uploads\/2024\/08\/5105SN_Indiana_Coil_Leash_pink_.png","datePublished":"2024-08-30T10:05:46+00:00","dateModified":"2026-01-10T08:41:16+00:00","description":"Elevatesurf Indiana Coil Leash SUP pink","breadcrumb":{"@id":"https:\/\/elevatesurf.ch\/product\/indiana-coil-leash-sup-pink\/#breadcrumb"},"inLanguage":"fr-FR","potentialAction":[{"@type":"ReadAction","target":["https:\/\/elevatesurf.ch\/product\/indiana-coil-leash-sup-pink\/"]}]},{"@type":"ImageObject","inLanguage":"fr-FR","@id":"https:\/\/elevatesurf.ch\/product\/indiana-coil-leash-sup-pink\/#primaryimage","url":"https:\/\/elevatesurf.ch\/wp-content\/uploads\/2024\/08\/5105SN_Indiana_Coil_Leash_pink_.png","contentUrl":"https:\/\/elevatesurf.ch\/wp-content\/uploads\/2024\/08\/5105SN_Indiana_Coil_Leash_pink_.png","width":1300,"height":950},{"@type":"BreadcrumbList","@id":"https:\/\/elevatesurf.ch\/product\/indiana-coil-leash-sup-pink\/#breadcrumb","itemListElement":[{"@type":"ListItem","position":1,"name":"Accueil","item":"https:\/\/elevatesurf.ch\/"},{"@type":"ListItem","position":2,"name":"Shop &#8211; \u00c9levez Votre Exp\u00e9rience de Surf avec Notre Collection","item":"https:\/\/elevatesurf.ch\/shop\/"},{"@type":"ListItem","position":3,"name":"Indiana Coil Leash SUP pink"}]},{"@type":"WebSite","@id":"https:\/\/elevatesurf.ch\/#website","url":"https:\/\/elevatesurf.ch\/","name":"Elevatesurf","description":"Surfez vers de nouveaux sommets avec ElevateSurf ! Kiteshop, Wingshop","publisher":{"@id":"https:\/\/elevatesurf.ch\/#organization"},"potentialAction":[{"@type":"SearchAction","target":{"@type":"EntryPoint","urlTemplate":"https:\/\/elevatesurf.ch\/?s={search_term_string}"},"query-input":"required name=search_term_string"}],"inLanguage":"fr-FR"},{"@type":"Organization","@id":"https:\/\/elevatesurf.ch\/#organization","name":"Elevatesurf","url":"https:\/\/elevatesurf.ch\/","logo":{"@type":"ImageObject","inLanguage":"fr-FR","@id":"https:\/\/elevatesurf.ch\/#\/schema\/logo\/image\/","url":"https:\/\/elevatesurf.ch\/wp-content\/uploads\/2024\/06\/67c2ec70-bdf5-4c14-898a-ded5b2051398.jpg","contentUrl":"https:\/\/elevatesurf.ch\/wp-content\/uploads\/2024\/06\/67c2ec70-bdf5-4c14-898a-ded5b2051398.jpg","width":1024,"height":1024,"caption":"Elevatesurf"},"image":{"@id":"https:\/\/elevatesurf.ch\/#\/schema\/logo\/image\/"},"sameAs":["https:\/\/www.instagram.com\/elevate__surf\/"]}]}},"_links":{"self":[{"href":"https:\/\/elevatesurf.ch\/fr\/wp-json\/wp\/v2\/product\/19657","targetHints":{"allow":["GET"]}}],"collection":[{"href":"https:\/\/elevatesurf.ch\/fr\/wp-json\/wp\/v2\/product"}],"about":[{"href":"https:\/\/elevatesurf.ch\/fr\/wp-json\/wp\/v2\/types\/product"}],"replies":[{"embeddable":true,"href":"https:\/\/elevatesurf.ch\/fr\/wp-json\/wp\/v2\/comments?post=19657"}],"wp:featuredmedia":[{"embeddable":true,"href":"https:\/\/elevatesurf.ch\/fr\/wp-json\/wp\/v2\/media\/19656"}],"wp:attachment":[{"href":"https:\/\/elevatesurf.ch\/fr\/wp-json\/wp\/v2\/media?parent=19657"}],"wp:term":[{"taxonomy":"product_cat","embeddable":true,"href":"https:\/\/elevatesurf.ch\/fr\/wp-json\/wp\/v2\/product_cat?post=19657"},{"taxonomy":"product_tag","embeddable":true,"href":"https:\/\/elevatesurf.ch\/fr\/wp-json\/wp\/v2\/product_tag?post=19657"}],"curies":[{"name":"wp","href":"https:\/\/api.w.org\/{rel}","templated":true}]}}