{"id":19667,"date":"2024-08-30T10:05:53","date_gmt":"2024-08-30T10:05:53","guid":{"rendered":"https:\/\/elevatesurf.ch\/product\/indiana-swift-vest-l-xl-iso-norm-12402-5-red\/"},"modified":"2026-01-10T08:41:16","modified_gmt":"2026-01-10T08:41:16","slug":"indiana-swift-vest-l-xl-iso-norm-12402-5-red","status":"publish","type":"product","link":"https:\/\/elevatesurf.ch\/fr\/product\/indiana-swift-vest-l-xl-iso-norm-12402-5-red\/","title":{"rendered":"Indiana Swift Vest L\/XL (ISO Norm 12402-5) red"},"content":{"rendered":"<p>Die zertifizierte Swift Vest gibt es in drei verschiedenen Gr\u00f6ssen. Wer gerne ausgedehnte Touren unternimmt und dabei die 300 Meter Uferzone verl\u00e4sst, ist mit der ISO-zertifizierten Indiana Weste auf der sicheren Seite.<\/p>\n<p>&#8211; ISO 12402-5<br \/>\n&#8211; Schultergurte sind leicht verstellbar.<br \/>\n&#8211; Zus\u00e4tzlich gibt es zwei Seitengurte und eine Gummikordel, die alle verstellbar sind, sodass SWIFT f\u00fcr alle K\u00f6rpertypen geeignet ist.<\/p>\n<p>Gewicht:<br \/>\nKids: 30-35 kg<br \/>\nS\/M: 30-75 kg<br \/>\nL\/XL: 50-90 kg<\/p>\n<p>Auftrieb:<br \/>\nKids: 50 N<br \/>\nS\/M: 60 N<br \/>\nL\/XL: 70N<\/p>\n<p>Material: Leichtes Nylongewebe mit guten Zugeigenschaften, best\u00e4ndig gegen Dieselkraftstoff und Reinigungsmittel. Es ist abriebfest und sehr spannungsresistent.<\/p>\n","protected":false},"excerpt":{"rendered":"<p>Die zertifizierte Swift Vest gibt es in drei verschiedenen Gr\u00f6ssen. Wer gerne ausgedehnte Touren unternimmt und dabei die 300 Meter Uferzone verl\u00e4sst, ist mit der ISO-zertifizierten Indiana Weste auf der sicheren Seite. &#8211; ISO 12402-5 &#8211; Schultergurte sind leicht verstellbar. &#8211; Zus\u00e4tzlich gibt es zwei Seitengurte und eine Gummikordel, die alle verstellbar sind, sodass SWIFT [&hellip;]<\/p>\n","protected":false},"featured_media":19666,"comment_status":"open","ping_status":"closed","template":"","meta":[],"product_cat":[977],"product_tag":[],"class_list":{"0":"post-19667","1":"product","2":"type-product","3":"status-publish","4":"has-post-thumbnail","6":"product_cat-accessoires","7":"product_brand-indiana-suisse","9":"first","10":"instock","11":"shipping-taxable","12":"purchasable","13":"product-type-simple"},"yoast_head":"<!-- This site is optimized with the Yoast SEO plugin v22.8 - https:\/\/yoast.com\/wordpress\/plugins\/seo\/ -->\n<title>Indiana Swift Vest L\/XL (ISO Norm 12402-5) red - Elevatesurf<\/title>\n<meta name=\"description\" content=\"Elevatesurf Indiana Swift Vest L\/XL (ISO Norm 12402-5) red\" \/>\n<meta name=\"robots\" content=\"index, follow, max-snippet:-1, max-image-preview:large, max-video-preview:-1\" \/>\n<link rel=\"canonical\" href=\"https:\/\/elevatesurf.ch\/fr\/product\/indiana-swift-vest-l-xl-iso-norm-12402-5-red\/\" \/>\n<meta property=\"og:locale\" content=\"fr_FR\" \/>\n<meta property=\"og:type\" content=\"article\" \/>\n<meta property=\"og:title\" content=\"Indiana Swift Vest L\/XL (ISO Norm 12402-5) red - Elevatesurf\" \/>\n<meta property=\"og:description\" content=\"Elevatesurf Indiana Swift Vest L\/XL (ISO Norm 12402-5) red\" \/>\n<meta property=\"og:url\" content=\"https:\/\/elevatesurf.ch\/fr\/product\/indiana-swift-vest-l-xl-iso-norm-12402-5-red\/\" \/>\n<meta property=\"og:site_name\" content=\"Elevatesurf\" \/>\n<meta property=\"article:modified_time\" content=\"2026-01-10T08:41:16+00:00\" \/>\n<meta property=\"og:image\" content=\"https:\/\/elevatesurf.ch\/wp-content\/uploads\/2024\/08\/5151sn_indiana_swift_vest_s_m_1.jpg\" \/>\n\t<meta property=\"og:image:width\" content=\"1200\" \/>\n\t<meta property=\"og:image:height\" content=\"1200\" \/>\n\t<meta property=\"og:image:type\" content=\"image\/jpeg\" \/>\n<meta name=\"twitter:card\" content=\"summary_large_image\" \/>\n<meta name=\"twitter:label1\" content=\"Dur\u00e9e de lecture estim\u00e9e\" \/>\n\t<meta name=\"twitter:data1\" content=\"1 minute\" \/>\n<script type=\"application\/ld+json\" class=\"yoast-schema-graph\">{\"@context\":\"https:\/\/schema.org\",\"@graph\":[{\"@type\":[\"WebPage\",\"ItemPage\"],\"@id\":\"https:\/\/elevatesurf.ch\/product\/indiana-swift-vest-l-xl-iso-norm-12402-5-red\/\",\"url\":\"https:\/\/elevatesurf.ch\/product\/indiana-swift-vest-l-xl-iso-norm-12402-5-red\/\",\"name\":\"Indiana Swift Vest L\/XL (ISO Norm 12402-5) red - Elevatesurf\",\"isPartOf\":{\"@id\":\"https:\/\/elevatesurf.ch\/#website\"},\"primaryImageOfPage\":{\"@id\":\"https:\/\/elevatesurf.ch\/product\/indiana-swift-vest-l-xl-iso-norm-12402-5-red\/#primaryimage\"},\"image\":{\"@id\":\"https:\/\/elevatesurf.ch\/product\/indiana-swift-vest-l-xl-iso-norm-12402-5-red\/#primaryimage\"},\"thumbnailUrl\":\"https:\/\/elevatesurf.ch\/wp-content\/uploads\/2024\/08\/5151sn_indiana_swift_vest_s_m_1.jpg\",\"datePublished\":\"2024-08-30T10:05:53+00:00\",\"dateModified\":\"2026-01-10T08:41:16+00:00\",\"description\":\"Elevatesurf Indiana Swift Vest L\/XL (ISO Norm 12402-5) red\",\"breadcrumb\":{\"@id\":\"https:\/\/elevatesurf.ch\/product\/indiana-swift-vest-l-xl-iso-norm-12402-5-red\/#breadcrumb\"},\"inLanguage\":\"fr-FR\",\"potentialAction\":[{\"@type\":\"ReadAction\",\"target\":[\"https:\/\/elevatesurf.ch\/product\/indiana-swift-vest-l-xl-iso-norm-12402-5-red\/\"]}]},{\"@type\":\"ImageObject\",\"inLanguage\":\"fr-FR\",\"@id\":\"https:\/\/elevatesurf.ch\/product\/indiana-swift-vest-l-xl-iso-norm-12402-5-red\/#primaryimage\",\"url\":\"https:\/\/elevatesurf.ch\/wp-content\/uploads\/2024\/08\/5151sn_indiana_swift_vest_s_m_1.jpg\",\"contentUrl\":\"https:\/\/elevatesurf.ch\/wp-content\/uploads\/2024\/08\/5151sn_indiana_swift_vest_s_m_1.jpg\",\"width\":1200,\"height\":1200},{\"@type\":\"BreadcrumbList\",\"@id\":\"https:\/\/elevatesurf.ch\/product\/indiana-swift-vest-l-xl-iso-norm-12402-5-red\/#breadcrumb\",\"itemListElement\":[{\"@type\":\"ListItem\",\"position\":1,\"name\":\"Accueil\",\"item\":\"https:\/\/elevatesurf.ch\/\"},{\"@type\":\"ListItem\",\"position\":2,\"name\":\"Shop &#8211; \u00c9levez Votre Exp\u00e9rience de Surf avec Notre Collection\",\"item\":\"https:\/\/elevatesurf.ch\/shop\/\"},{\"@type\":\"ListItem\",\"position\":3,\"name\":\"Indiana Swift Vest L\/XL (ISO Norm 12402-5) red\"}]},{\"@type\":\"WebSite\",\"@id\":\"https:\/\/elevatesurf.ch\/#website\",\"url\":\"https:\/\/elevatesurf.ch\/\",\"name\":\"Elevatesurf\",\"description\":\"Surfez vers de nouveaux sommets avec ElevateSurf ! Kiteshop, Wingshop\",\"publisher\":{\"@id\":\"https:\/\/elevatesurf.ch\/#organization\"},\"potentialAction\":[{\"@type\":\"SearchAction\",\"target\":{\"@type\":\"EntryPoint\",\"urlTemplate\":\"https:\/\/elevatesurf.ch\/?s={search_term_string}\"},\"query-input\":\"required name=search_term_string\"}],\"inLanguage\":\"fr-FR\"},{\"@type\":\"Organization\",\"@id\":\"https:\/\/elevatesurf.ch\/#organization\",\"name\":\"Elevatesurf\",\"url\":\"https:\/\/elevatesurf.ch\/\",\"logo\":{\"@type\":\"ImageObject\",\"inLanguage\":\"fr-FR\",\"@id\":\"https:\/\/elevatesurf.ch\/#\/schema\/logo\/image\/\",\"url\":\"https:\/\/elevatesurf.ch\/wp-content\/uploads\/2024\/06\/67c2ec70-bdf5-4c14-898a-ded5b2051398.jpg\",\"contentUrl\":\"https:\/\/elevatesurf.ch\/wp-content\/uploads\/2024\/06\/67c2ec70-bdf5-4c14-898a-ded5b2051398.jpg\",\"width\":1024,\"height\":1024,\"caption\":\"Elevatesurf\"},\"image\":{\"@id\":\"https:\/\/elevatesurf.ch\/#\/schema\/logo\/image\/\"},\"sameAs\":[\"https:\/\/www.instagram.com\/elevate__surf\/\"]}]}<\/script>\n<!-- \/ Yoast SEO plugin. -->","yoast_head_json":{"title":"Indiana Swift Vest L\/XL (ISO Norm 12402-5) red - Elevatesurf","description":"Elevatesurf Indiana Swift Vest L\/XL (ISO Norm 12402-5) red","robots":{"index":"index","follow":"follow","max-snippet":"max-snippet:-1","max-image-preview":"max-image-preview:large","max-video-preview":"max-video-preview:-1"},"canonical":"https:\/\/elevatesurf.ch\/fr\/product\/indiana-swift-vest-l-xl-iso-norm-12402-5-red\/","og_locale":"fr_FR","og_type":"article","og_title":"Indiana Swift Vest L\/XL (ISO Norm 12402-5) red - Elevatesurf","og_description":"Elevatesurf Indiana Swift Vest L\/XL (ISO Norm 12402-5) red","og_url":"https:\/\/elevatesurf.ch\/fr\/product\/indiana-swift-vest-l-xl-iso-norm-12402-5-red\/","og_site_name":"Elevatesurf","article_modified_time":"2026-01-10T08:41:16+00:00","og_image":[{"width":1200,"height":1200,"url":"https:\/\/elevatesurf.ch\/wp-content\/uploads\/2024\/08\/5151sn_indiana_swift_vest_s_m_1.jpg","type":"image\/jpeg"}],"twitter_card":"summary_large_image","twitter_misc":{"Dur\u00e9e de lecture estim\u00e9e":"1 minute"},"schema":{"@context":"https:\/\/schema.org","@graph":[{"@type":["WebPage","ItemPage"],"@id":"https:\/\/elevatesurf.ch\/product\/indiana-swift-vest-l-xl-iso-norm-12402-5-red\/","url":"https:\/\/elevatesurf.ch\/product\/indiana-swift-vest-l-xl-iso-norm-12402-5-red\/","name":"Indiana Swift Vest L\/XL (ISO Norm 12402-5) red - Elevatesurf","isPartOf":{"@id":"https:\/\/elevatesurf.ch\/#website"},"primaryImageOfPage":{"@id":"https:\/\/elevatesurf.ch\/product\/indiana-swift-vest-l-xl-iso-norm-12402-5-red\/#primaryimage"},"image":{"@id":"https:\/\/elevatesurf.ch\/product\/indiana-swift-vest-l-xl-iso-norm-12402-5-red\/#primaryimage"},"thumbnailUrl":"https:\/\/elevatesurf.ch\/wp-content\/uploads\/2024\/08\/5151sn_indiana_swift_vest_s_m_1.jpg","datePublished":"2024-08-30T10:05:53+00:00","dateModified":"2026-01-10T08:41:16+00:00","description":"Elevatesurf Indiana Swift Vest L\/XL (ISO Norm 12402-5) red","breadcrumb":{"@id":"https:\/\/elevatesurf.ch\/product\/indiana-swift-vest-l-xl-iso-norm-12402-5-red\/#breadcrumb"},"inLanguage":"fr-FR","potentialAction":[{"@type":"ReadAction","target":["https:\/\/elevatesurf.ch\/product\/indiana-swift-vest-l-xl-iso-norm-12402-5-red\/"]}]},{"@type":"ImageObject","inLanguage":"fr-FR","@id":"https:\/\/elevatesurf.ch\/product\/indiana-swift-vest-l-xl-iso-norm-12402-5-red\/#primaryimage","url":"https:\/\/elevatesurf.ch\/wp-content\/uploads\/2024\/08\/5151sn_indiana_swift_vest_s_m_1.jpg","contentUrl":"https:\/\/elevatesurf.ch\/wp-content\/uploads\/2024\/08\/5151sn_indiana_swift_vest_s_m_1.jpg","width":1200,"height":1200},{"@type":"BreadcrumbList","@id":"https:\/\/elevatesurf.ch\/product\/indiana-swift-vest-l-xl-iso-norm-12402-5-red\/#breadcrumb","itemListElement":[{"@type":"ListItem","position":1,"name":"Accueil","item":"https:\/\/elevatesurf.ch\/"},{"@type":"ListItem","position":2,"name":"Shop &#8211; \u00c9levez Votre Exp\u00e9rience de Surf avec Notre Collection","item":"https:\/\/elevatesurf.ch\/shop\/"},{"@type":"ListItem","position":3,"name":"Indiana Swift Vest L\/XL (ISO Norm 12402-5) red"}]},{"@type":"WebSite","@id":"https:\/\/elevatesurf.ch\/#website","url":"https:\/\/elevatesurf.ch\/","name":"Elevatesurf","description":"Surfez vers de nouveaux sommets avec ElevateSurf ! Kiteshop, Wingshop","publisher":{"@id":"https:\/\/elevatesurf.ch\/#organization"},"potentialAction":[{"@type":"SearchAction","target":{"@type":"EntryPoint","urlTemplate":"https:\/\/elevatesurf.ch\/?s={search_term_string}"},"query-input":"required name=search_term_string"}],"inLanguage":"fr-FR"},{"@type":"Organization","@id":"https:\/\/elevatesurf.ch\/#organization","name":"Elevatesurf","url":"https:\/\/elevatesurf.ch\/","logo":{"@type":"ImageObject","inLanguage":"fr-FR","@id":"https:\/\/elevatesurf.ch\/#\/schema\/logo\/image\/","url":"https:\/\/elevatesurf.ch\/wp-content\/uploads\/2024\/06\/67c2ec70-bdf5-4c14-898a-ded5b2051398.jpg","contentUrl":"https:\/\/elevatesurf.ch\/wp-content\/uploads\/2024\/06\/67c2ec70-bdf5-4c14-898a-ded5b2051398.jpg","width":1024,"height":1024,"caption":"Elevatesurf"},"image":{"@id":"https:\/\/elevatesurf.ch\/#\/schema\/logo\/image\/"},"sameAs":["https:\/\/www.instagram.com\/elevate__surf\/"]}]}},"_links":{"self":[{"href":"https:\/\/elevatesurf.ch\/fr\/wp-json\/wp\/v2\/product\/19667","targetHints":{"allow":["GET"]}}],"collection":[{"href":"https:\/\/elevatesurf.ch\/fr\/wp-json\/wp\/v2\/product"}],"about":[{"href":"https:\/\/elevatesurf.ch\/fr\/wp-json\/wp\/v2\/types\/product"}],"replies":[{"embeddable":true,"href":"https:\/\/elevatesurf.ch\/fr\/wp-json\/wp\/v2\/comments?post=19667"}],"wp:featuredmedia":[{"embeddable":true,"href":"https:\/\/elevatesurf.ch\/fr\/wp-json\/wp\/v2\/media\/19666"}],"wp:attachment":[{"href":"https:\/\/elevatesurf.ch\/fr\/wp-json\/wp\/v2\/media?parent=19667"}],"wp:term":[{"taxonomy":"product_cat","embeddable":true,"href":"https:\/\/elevatesurf.ch\/fr\/wp-json\/wp\/v2\/product_cat?post=19667"},{"taxonomy":"product_tag","embeddable":true,"href":"https:\/\/elevatesurf.ch\/fr\/wp-json\/wp\/v2\/product_tag?post=19667"}],"curies":[{"name":"wp","href":"https:\/\/api.w.org\/{rel}","templated":true}]}}