{"id":19719,"date":"2024-08-30T10:06:55","date_gmt":"2024-08-30T10:06:55","guid":{"rendered":"https:\/\/elevatesurf.ch\/product\/indiana-foil-surf-wing-fuselage-650\/"},"modified":"2026-01-10T08:41:17","modified_gmt":"2026-01-10T08:41:17","slug":"indiana-foil-surf-wing-fuselage-650","status":"publish","type":"product","link":"https:\/\/elevatesurf.ch\/fr\/product\/indiana-foil-surf-wing-fuselage-650\/","title":{"rendered":"Indiana Foil Surf &amp; Wing Fuselage 650"},"content":{"rendered":"<p>Die aus geh\u00e4rtetem T6 6061 Aluminium gefr\u00e4ste Surf &amp; Wing Fuselage 650 hat Secure Grooves, um die Frontwings pr\u00e4zise und stabil an vier Seiten aufzunehmen. Nach hinten ist sie verj\u00fcngt um Gewicht zu sparen. Die eingelassene und verschraubte Cartridge aus Aluminium sorgt f\u00fcr eine steife und direkte Verbindung zum Mast. Die angeschraubte Opfer-Anode aus Zink verhindert die Oxidierung des Aluminiums. Die vier Bohrungen in der Fuselage erm\u00f6glichen drei Position des Stabilizers. Die drei verschieden Winkel-Adaptoren fixieren den Anstellwinkel des Stabilizers mit 1, 2 oder 3 Grad. Damit k\u00f6nnen Stabilit\u00e4t und Drehfreudigkeit des Foils je nach Geschmack ver\u00e4ndert werden. Die Surf Fuselage kann alle Indiana Front Wings und Stabilizers aufnehmen. <\/p>\n<p>Pflege der Aluteile:<br \/>\nDie Verbindungen und Schrauben nach jedem Gebrauch einfach mit S\u00fc\u00dfwasser absp\u00fclen.<br \/>\nWenn das Foil l\u00e4nger nicht benutzt wird, ist es am besten, sie komplett auseinanderzubauen.Regelm\u00e4\u00dfig die Anoden in der Alu-Grundplatte und im Adapter checken. Die bauen sich nach einer Weile ab, das ist normal. Bei Nutzung des Foils im Salzwasser passiert das schneller. Die Anoden sollten ausgetauscht werden, wenn sie gebrochen oder rissig sind.<br \/>\nVor dem Zusammenbauen unbedingt alle Schrauben mit einer d\u00fcnnen Schicht Tef-Gel bestreichen. Das hilft, dass sie nicht rosten oder festbacken!<br \/>\n&nbsp;<\/p>\n","protected":false},"excerpt":{"rendered":"<p>Die aus geh\u00e4rtetem T6 6061 Aluminium gefr\u00e4ste Surf &amp; Wing Fuselage 650 hat Secure Grooves, um die Frontwings pr\u00e4zise und stabil an vier Seiten aufzunehmen. Nach hinten ist sie verj\u00fcngt um Gewicht zu sparen. Die eingelassene und verschraubte Cartridge aus Aluminium sorgt f\u00fcr eine steife und direkte Verbindung zum Mast. Die angeschraubte Opfer-Anode aus Zink [&hellip;]<\/p>\n","protected":false},"featured_media":19718,"comment_status":"open","ping_status":"closed","template":"","meta":[],"product_cat":[1017,138],"product_tag":[],"class_list":{"0":"post-19719","1":"product","2":"type-product","3":"status-publish","4":"has-post-thumbnail","6":"product_cat-fuselage","7":"product_cat-wingfoil-suisse-acheter","8":"product_brand-indiana-suisse","10":"first","11":"instock","12":"shipping-taxable","13":"purchasable","14":"product-type-simple"},"yoast_head":"<!-- This site is optimized with the Yoast SEO plugin v22.8 - https:\/\/yoast.com\/wordpress\/plugins\/seo\/ -->\n<title>Indiana Foil Surf &amp; Wing Fuselage 650 - Elevatesurf<\/title>\n<meta name=\"description\" content=\"Elevatesurf Indiana Foil Surf &amp; Wing Fuselage 650\" \/>\n<meta name=\"robots\" content=\"index, follow, max-snippet:-1, max-image-preview:large, max-video-preview:-1\" \/>\n<link rel=\"canonical\" href=\"https:\/\/elevatesurf.ch\/fr\/product\/indiana-foil-surf-wing-fuselage-650\/\" \/>\n<meta property=\"og:locale\" content=\"fr_FR\" \/>\n<meta property=\"og:type\" content=\"article\" \/>\n<meta property=\"og:title\" content=\"Indiana Foil Surf &amp; Wing Fuselage 650 - Elevatesurf\" \/>\n<meta property=\"og:description\" content=\"Elevatesurf Indiana Foil Surf &amp; Wing Fuselage 650\" \/>\n<meta property=\"og:url\" content=\"https:\/\/elevatesurf.ch\/fr\/product\/indiana-foil-surf-wing-fuselage-650\/\" \/>\n<meta property=\"og:site_name\" content=\"Elevatesurf\" \/>\n<meta property=\"article:modified_time\" content=\"2026-01-10T08:41:17+00:00\" \/>\n<meta property=\"og:image\" content=\"https:\/\/elevatesurf.ch\/wp-content\/uploads\/2024\/08\/3313SP_Indiana_Foil_Surf_Fuselage_Cartridge_JPG-scaled.jpg\" \/>\n\t<meta property=\"og:image:width\" content=\"2560\" \/>\n\t<meta property=\"og:image:height\" content=\"1620\" \/>\n\t<meta property=\"og:image:type\" content=\"image\/jpeg\" \/>\n<meta name=\"twitter:card\" content=\"summary_large_image\" \/>\n<meta name=\"twitter:label1\" content=\"Dur\u00e9e de lecture estim\u00e9e\" \/>\n\t<meta name=\"twitter:data1\" content=\"1 minute\" \/>\n<script type=\"application\/ld+json\" class=\"yoast-schema-graph\">{\"@context\":\"https:\/\/schema.org\",\"@graph\":[{\"@type\":[\"WebPage\",\"ItemPage\"],\"@id\":\"https:\/\/elevatesurf.ch\/product\/indiana-foil-surf-wing-fuselage-650\/\",\"url\":\"https:\/\/elevatesurf.ch\/product\/indiana-foil-surf-wing-fuselage-650\/\",\"name\":\"Indiana Foil Surf &amp; Wing Fuselage 650 - Elevatesurf\",\"isPartOf\":{\"@id\":\"https:\/\/elevatesurf.ch\/#website\"},\"primaryImageOfPage\":{\"@id\":\"https:\/\/elevatesurf.ch\/product\/indiana-foil-surf-wing-fuselage-650\/#primaryimage\"},\"image\":{\"@id\":\"https:\/\/elevatesurf.ch\/product\/indiana-foil-surf-wing-fuselage-650\/#primaryimage\"},\"thumbnailUrl\":\"https:\/\/elevatesurf.ch\/wp-content\/uploads\/2024\/08\/3313SP_Indiana_Foil_Surf_Fuselage_Cartridge_JPG-scaled.jpg\",\"datePublished\":\"2024-08-30T10:06:55+00:00\",\"dateModified\":\"2026-01-10T08:41:17+00:00\",\"description\":\"Elevatesurf Indiana Foil Surf &amp; Wing Fuselage 650\",\"breadcrumb\":{\"@id\":\"https:\/\/elevatesurf.ch\/product\/indiana-foil-surf-wing-fuselage-650\/#breadcrumb\"},\"inLanguage\":\"fr-FR\",\"potentialAction\":[{\"@type\":\"ReadAction\",\"target\":[\"https:\/\/elevatesurf.ch\/product\/indiana-foil-surf-wing-fuselage-650\/\"]}]},{\"@type\":\"ImageObject\",\"inLanguage\":\"fr-FR\",\"@id\":\"https:\/\/elevatesurf.ch\/product\/indiana-foil-surf-wing-fuselage-650\/#primaryimage\",\"url\":\"https:\/\/elevatesurf.ch\/wp-content\/uploads\/2024\/08\/3313SP_Indiana_Foil_Surf_Fuselage_Cartridge_JPG-scaled.jpg\",\"contentUrl\":\"https:\/\/elevatesurf.ch\/wp-content\/uploads\/2024\/08\/3313SP_Indiana_Foil_Surf_Fuselage_Cartridge_JPG-scaled.jpg\",\"width\":2560,\"height\":1620},{\"@type\":\"BreadcrumbList\",\"@id\":\"https:\/\/elevatesurf.ch\/product\/indiana-foil-surf-wing-fuselage-650\/#breadcrumb\",\"itemListElement\":[{\"@type\":\"ListItem\",\"position\":1,\"name\":\"Accueil\",\"item\":\"https:\/\/elevatesurf.ch\/\"},{\"@type\":\"ListItem\",\"position\":2,\"name\":\"Shop &#8211; \u00c9levez Votre Exp\u00e9rience de Surf avec Notre Collection\",\"item\":\"https:\/\/elevatesurf.ch\/shop\/\"},{\"@type\":\"ListItem\",\"position\":3,\"name\":\"Indiana Foil Surf &amp; Wing Fuselage 650\"}]},{\"@type\":\"WebSite\",\"@id\":\"https:\/\/elevatesurf.ch\/#website\",\"url\":\"https:\/\/elevatesurf.ch\/\",\"name\":\"Elevatesurf\",\"description\":\"Surfez vers de nouveaux sommets avec ElevateSurf ! Kiteshop, Wingshop\",\"publisher\":{\"@id\":\"https:\/\/elevatesurf.ch\/#organization\"},\"potentialAction\":[{\"@type\":\"SearchAction\",\"target\":{\"@type\":\"EntryPoint\",\"urlTemplate\":\"https:\/\/elevatesurf.ch\/?s={search_term_string}\"},\"query-input\":\"required name=search_term_string\"}],\"inLanguage\":\"fr-FR\"},{\"@type\":\"Organization\",\"@id\":\"https:\/\/elevatesurf.ch\/#organization\",\"name\":\"Elevatesurf\",\"url\":\"https:\/\/elevatesurf.ch\/\",\"logo\":{\"@type\":\"ImageObject\",\"inLanguage\":\"fr-FR\",\"@id\":\"https:\/\/elevatesurf.ch\/#\/schema\/logo\/image\/\",\"url\":\"https:\/\/elevatesurf.ch\/wp-content\/uploads\/2024\/06\/67c2ec70-bdf5-4c14-898a-ded5b2051398.jpg\",\"contentUrl\":\"https:\/\/elevatesurf.ch\/wp-content\/uploads\/2024\/06\/67c2ec70-bdf5-4c14-898a-ded5b2051398.jpg\",\"width\":1024,\"height\":1024,\"caption\":\"Elevatesurf\"},\"image\":{\"@id\":\"https:\/\/elevatesurf.ch\/#\/schema\/logo\/image\/\"},\"sameAs\":[\"https:\/\/www.instagram.com\/elevate__surf\/\"]}]}<\/script>\n<!-- \/ Yoast SEO plugin. -->","yoast_head_json":{"title":"Indiana Foil Surf &amp; Wing Fuselage 650 - Elevatesurf","description":"Elevatesurf Indiana Foil Surf &amp; Wing Fuselage 650","robots":{"index":"index","follow":"follow","max-snippet":"max-snippet:-1","max-image-preview":"max-image-preview:large","max-video-preview":"max-video-preview:-1"},"canonical":"https:\/\/elevatesurf.ch\/fr\/product\/indiana-foil-surf-wing-fuselage-650\/","og_locale":"fr_FR","og_type":"article","og_title":"Indiana Foil Surf &amp; Wing Fuselage 650 - Elevatesurf","og_description":"Elevatesurf Indiana Foil Surf &amp; Wing Fuselage 650","og_url":"https:\/\/elevatesurf.ch\/fr\/product\/indiana-foil-surf-wing-fuselage-650\/","og_site_name":"Elevatesurf","article_modified_time":"2026-01-10T08:41:17+00:00","og_image":[{"width":2560,"height":1620,"url":"https:\/\/elevatesurf.ch\/wp-content\/uploads\/2024\/08\/3313SP_Indiana_Foil_Surf_Fuselage_Cartridge_JPG-scaled.jpg","type":"image\/jpeg"}],"twitter_card":"summary_large_image","twitter_misc":{"Dur\u00e9e de lecture estim\u00e9e":"1 minute"},"schema":{"@context":"https:\/\/schema.org","@graph":[{"@type":["WebPage","ItemPage"],"@id":"https:\/\/elevatesurf.ch\/product\/indiana-foil-surf-wing-fuselage-650\/","url":"https:\/\/elevatesurf.ch\/product\/indiana-foil-surf-wing-fuselage-650\/","name":"Indiana Foil Surf &amp; Wing Fuselage 650 - Elevatesurf","isPartOf":{"@id":"https:\/\/elevatesurf.ch\/#website"},"primaryImageOfPage":{"@id":"https:\/\/elevatesurf.ch\/product\/indiana-foil-surf-wing-fuselage-650\/#primaryimage"},"image":{"@id":"https:\/\/elevatesurf.ch\/product\/indiana-foil-surf-wing-fuselage-650\/#primaryimage"},"thumbnailUrl":"https:\/\/elevatesurf.ch\/wp-content\/uploads\/2024\/08\/3313SP_Indiana_Foil_Surf_Fuselage_Cartridge_JPG-scaled.jpg","datePublished":"2024-08-30T10:06:55+00:00","dateModified":"2026-01-10T08:41:17+00:00","description":"Elevatesurf Indiana Foil Surf &amp; Wing Fuselage 650","breadcrumb":{"@id":"https:\/\/elevatesurf.ch\/product\/indiana-foil-surf-wing-fuselage-650\/#breadcrumb"},"inLanguage":"fr-FR","potentialAction":[{"@type":"ReadAction","target":["https:\/\/elevatesurf.ch\/product\/indiana-foil-surf-wing-fuselage-650\/"]}]},{"@type":"ImageObject","inLanguage":"fr-FR","@id":"https:\/\/elevatesurf.ch\/product\/indiana-foil-surf-wing-fuselage-650\/#primaryimage","url":"https:\/\/elevatesurf.ch\/wp-content\/uploads\/2024\/08\/3313SP_Indiana_Foil_Surf_Fuselage_Cartridge_JPG-scaled.jpg","contentUrl":"https:\/\/elevatesurf.ch\/wp-content\/uploads\/2024\/08\/3313SP_Indiana_Foil_Surf_Fuselage_Cartridge_JPG-scaled.jpg","width":2560,"height":1620},{"@type":"BreadcrumbList","@id":"https:\/\/elevatesurf.ch\/product\/indiana-foil-surf-wing-fuselage-650\/#breadcrumb","itemListElement":[{"@type":"ListItem","position":1,"name":"Accueil","item":"https:\/\/elevatesurf.ch\/"},{"@type":"ListItem","position":2,"name":"Shop &#8211; \u00c9levez Votre Exp\u00e9rience de Surf avec Notre Collection","item":"https:\/\/elevatesurf.ch\/shop\/"},{"@type":"ListItem","position":3,"name":"Indiana Foil Surf &amp; Wing Fuselage 650"}]},{"@type":"WebSite","@id":"https:\/\/elevatesurf.ch\/#website","url":"https:\/\/elevatesurf.ch\/","name":"Elevatesurf","description":"Surfez vers de nouveaux sommets avec ElevateSurf ! Kiteshop, Wingshop","publisher":{"@id":"https:\/\/elevatesurf.ch\/#organization"},"potentialAction":[{"@type":"SearchAction","target":{"@type":"EntryPoint","urlTemplate":"https:\/\/elevatesurf.ch\/?s={search_term_string}"},"query-input":"required name=search_term_string"}],"inLanguage":"fr-FR"},{"@type":"Organization","@id":"https:\/\/elevatesurf.ch\/#organization","name":"Elevatesurf","url":"https:\/\/elevatesurf.ch\/","logo":{"@type":"ImageObject","inLanguage":"fr-FR","@id":"https:\/\/elevatesurf.ch\/#\/schema\/logo\/image\/","url":"https:\/\/elevatesurf.ch\/wp-content\/uploads\/2024\/06\/67c2ec70-bdf5-4c14-898a-ded5b2051398.jpg","contentUrl":"https:\/\/elevatesurf.ch\/wp-content\/uploads\/2024\/06\/67c2ec70-bdf5-4c14-898a-ded5b2051398.jpg","width":1024,"height":1024,"caption":"Elevatesurf"},"image":{"@id":"https:\/\/elevatesurf.ch\/#\/schema\/logo\/image\/"},"sameAs":["https:\/\/www.instagram.com\/elevate__surf\/"]}]}},"_links":{"self":[{"href":"https:\/\/elevatesurf.ch\/fr\/wp-json\/wp\/v2\/product\/19719","targetHints":{"allow":["GET"]}}],"collection":[{"href":"https:\/\/elevatesurf.ch\/fr\/wp-json\/wp\/v2\/product"}],"about":[{"href":"https:\/\/elevatesurf.ch\/fr\/wp-json\/wp\/v2\/types\/product"}],"replies":[{"embeddable":true,"href":"https:\/\/elevatesurf.ch\/fr\/wp-json\/wp\/v2\/comments?post=19719"}],"wp:featuredmedia":[{"embeddable":true,"href":"https:\/\/elevatesurf.ch\/fr\/wp-json\/wp\/v2\/media\/19718"}],"wp:attachment":[{"href":"https:\/\/elevatesurf.ch\/fr\/wp-json\/wp\/v2\/media?parent=19719"}],"wp:term":[{"taxonomy":"product_cat","embeddable":true,"href":"https:\/\/elevatesurf.ch\/fr\/wp-json\/wp\/v2\/product_cat?post=19719"},{"taxonomy":"product_tag","embeddable":true,"href":"https:\/\/elevatesurf.ch\/fr\/wp-json\/wp\/v2\/product_tag?post=19719"}],"curies":[{"name":"wp","href":"https:\/\/api.w.org\/{rel}","templated":true}]}}