{"id":19727,"date":"2024-08-30T10:07:01","date_gmt":"2024-08-30T10:07:01","guid":{"rendered":"https:\/\/elevatesurf.ch\/product\/indiana-foil-front-wing-620k\/"},"modified":"2026-01-10T08:41:17","modified_gmt":"2026-01-10T08:41:17","slug":"indiana-foil-front-wing-620k","status":"publish","type":"product","link":"https:\/\/elevatesurf.ch\/fr\/product\/indiana-foil-front-wing-620k\/","title":{"rendered":"Indiana Foil Front Wing 620K"},"content":{"rendered":"<p>Der Indiana Front Wing 620 K wurde speziell f\u00fcr das Kite Foilen entwickelt. Es ist leicht, dreht schnell und hat eine sehr geringe Startgeschwindigkeit. Es spricht alle K\u00f6nnerstufen an, vom Einsteiger bis zum Profi.<\/p>\n<p>Um ein komplettes Foil zu erstellen, m\u00fcsst ihr diese sieben Schritte befolgen:<br \/>\nSchritt 1: W\u00e4hlt einen von sechs Front Wings<br \/>\nSchritt 2: W\u00e4hlt einen von drei Stabilizers<br \/>\nSchritt 3: W\u00e4hlt eine von zwei Fuselages<br \/>\nSchritt 4: W\u00e4hlt das Set of Angle Adaptors<br \/>\nSchritt 5: W\u00e4hlt eine von drei Mast L\u00e4ngen<br \/>\nSchritt 6: Wenn ihr ein Board mit zwei US Fin Boxes\/Tracks habt, w\u00e4hlt eine Baseplate. Wenn ihr eine Deep Tuttle\/Tuttle Box habt, w\u00e4hlt eine Deep Tuttle\/Tuttle Adaptor Head UND die Tuttle Adaptor Plate.<br \/>\nSchritt 7: W\u00e4hlt das Set of Mast \/ Fuselage Screws<br \/>\nSchritt 8: Versorgt euch mit TefGel<\/p>\n<p>Alle Foil Teile sind miteinander kombinierbar!<\/p>\n","protected":false},"excerpt":{"rendered":"<p>Der Indiana Front Wing 620 K wurde speziell f\u00fcr das Kite Foilen entwickelt. Es ist leicht, dreht schnell und hat eine sehr geringe Startgeschwindigkeit. Es spricht alle K\u00f6nnerstufen an, vom Einsteiger bis zum Profi. Um ein komplettes Foil zu erstellen, m\u00fcsst ihr diese sieben Schritte befolgen: Schritt 1: W\u00e4hlt einen von sechs Front Wings Schritt [&hellip;]<\/p>\n","protected":false},"featured_media":19726,"comment_status":"open","ping_status":"closed","template":"","meta":[],"product_cat":[1018,138],"product_tag":[],"class_list":{"0":"post-19727","1":"product","2":"type-product","3":"status-publish","4":"has-post-thumbnail","6":"product_cat-aile-avant","7":"product_cat-wingfoil-suisse-acheter","8":"product_brand-indiana-suisse","10":"first","11":"instock","12":"shipping-taxable","13":"purchasable","14":"product-type-simple"},"yoast_head":"<!-- This site is optimized with the Yoast SEO plugin v22.8 - https:\/\/yoast.com\/wordpress\/plugins\/seo\/ -->\n<title>Indiana Foil Front Wing 620K - Elevatesurf<\/title>\n<meta name=\"description\" content=\"Elevatesurf Indiana Foil Front Wing 620K\" \/>\n<meta name=\"robots\" content=\"index, follow, max-snippet:-1, max-image-preview:large, max-video-preview:-1\" \/>\n<link rel=\"canonical\" href=\"https:\/\/elevatesurf.ch\/fr\/product\/indiana-foil-front-wing-620k\/\" \/>\n<meta property=\"og:locale\" content=\"fr_FR\" \/>\n<meta property=\"og:type\" content=\"article\" \/>\n<meta property=\"og:title\" content=\"Indiana Foil Front Wing 620K - Elevatesurf\" \/>\n<meta property=\"og:description\" content=\"Elevatesurf Indiana Foil Front Wing 620K\" \/>\n<meta property=\"og:url\" content=\"https:\/\/elevatesurf.ch\/fr\/product\/indiana-foil-front-wing-620k\/\" \/>\n<meta property=\"og:site_name\" content=\"Elevatesurf\" \/>\n<meta property=\"article:modified_time\" content=\"2026-01-10T08:41:17+00:00\" \/>\n<meta property=\"og:image\" content=\"https:\/\/elevatesurf.ch\/wp-content\/uploads\/2024\/08\/3317SP_Indiana_Foil_Front_Wing_620_Kite_.png\" \/>\n\t<meta property=\"og:image:width\" content=\"1611\" \/>\n\t<meta property=\"og:image:height\" content=\"452\" \/>\n\t<meta property=\"og:image:type\" content=\"image\/png\" \/>\n<meta name=\"twitter:card\" content=\"summary_large_image\" \/>\n<meta name=\"twitter:label1\" content=\"Dur\u00e9e de lecture estim\u00e9e\" \/>\n\t<meta name=\"twitter:data1\" content=\"1 minute\" \/>\n<script type=\"application\/ld+json\" class=\"yoast-schema-graph\">{\"@context\":\"https:\/\/schema.org\",\"@graph\":[{\"@type\":[\"WebPage\",\"ItemPage\"],\"@id\":\"https:\/\/elevatesurf.ch\/product\/indiana-foil-front-wing-620k\/\",\"url\":\"https:\/\/elevatesurf.ch\/product\/indiana-foil-front-wing-620k\/\",\"name\":\"Indiana Foil Front Wing 620K - Elevatesurf\",\"isPartOf\":{\"@id\":\"https:\/\/elevatesurf.ch\/#website\"},\"primaryImageOfPage\":{\"@id\":\"https:\/\/elevatesurf.ch\/product\/indiana-foil-front-wing-620k\/#primaryimage\"},\"image\":{\"@id\":\"https:\/\/elevatesurf.ch\/product\/indiana-foil-front-wing-620k\/#primaryimage\"},\"thumbnailUrl\":\"https:\/\/elevatesurf.ch\/wp-content\/uploads\/2024\/08\/3317SP_Indiana_Foil_Front_Wing_620_Kite_.png\",\"datePublished\":\"2024-08-30T10:07:01+00:00\",\"dateModified\":\"2026-01-10T08:41:17+00:00\",\"description\":\"Elevatesurf Indiana Foil Front Wing 620K\",\"breadcrumb\":{\"@id\":\"https:\/\/elevatesurf.ch\/product\/indiana-foil-front-wing-620k\/#breadcrumb\"},\"inLanguage\":\"fr-FR\",\"potentialAction\":[{\"@type\":\"ReadAction\",\"target\":[\"https:\/\/elevatesurf.ch\/product\/indiana-foil-front-wing-620k\/\"]}]},{\"@type\":\"ImageObject\",\"inLanguage\":\"fr-FR\",\"@id\":\"https:\/\/elevatesurf.ch\/product\/indiana-foil-front-wing-620k\/#primaryimage\",\"url\":\"https:\/\/elevatesurf.ch\/wp-content\/uploads\/2024\/08\/3317SP_Indiana_Foil_Front_Wing_620_Kite_.png\",\"contentUrl\":\"https:\/\/elevatesurf.ch\/wp-content\/uploads\/2024\/08\/3317SP_Indiana_Foil_Front_Wing_620_Kite_.png\",\"width\":1611,\"height\":452},{\"@type\":\"BreadcrumbList\",\"@id\":\"https:\/\/elevatesurf.ch\/product\/indiana-foil-front-wing-620k\/#breadcrumb\",\"itemListElement\":[{\"@type\":\"ListItem\",\"position\":1,\"name\":\"Accueil\",\"item\":\"https:\/\/elevatesurf.ch\/\"},{\"@type\":\"ListItem\",\"position\":2,\"name\":\"Shop &#8211; \u00c9levez Votre Exp\u00e9rience de Surf avec Notre Collection\",\"item\":\"https:\/\/elevatesurf.ch\/shop\/\"},{\"@type\":\"ListItem\",\"position\":3,\"name\":\"Indiana Foil Front Wing 620K\"}]},{\"@type\":\"WebSite\",\"@id\":\"https:\/\/elevatesurf.ch\/#website\",\"url\":\"https:\/\/elevatesurf.ch\/\",\"name\":\"Elevatesurf\",\"description\":\"Surfez vers de nouveaux sommets avec ElevateSurf ! Kiteshop, Wingshop\",\"publisher\":{\"@id\":\"https:\/\/elevatesurf.ch\/#organization\"},\"potentialAction\":[{\"@type\":\"SearchAction\",\"target\":{\"@type\":\"EntryPoint\",\"urlTemplate\":\"https:\/\/elevatesurf.ch\/?s={search_term_string}\"},\"query-input\":\"required name=search_term_string\"}],\"inLanguage\":\"fr-FR\"},{\"@type\":\"Organization\",\"@id\":\"https:\/\/elevatesurf.ch\/#organization\",\"name\":\"Elevatesurf\",\"url\":\"https:\/\/elevatesurf.ch\/\",\"logo\":{\"@type\":\"ImageObject\",\"inLanguage\":\"fr-FR\",\"@id\":\"https:\/\/elevatesurf.ch\/#\/schema\/logo\/image\/\",\"url\":\"https:\/\/elevatesurf.ch\/wp-content\/uploads\/2024\/06\/67c2ec70-bdf5-4c14-898a-ded5b2051398.jpg\",\"contentUrl\":\"https:\/\/elevatesurf.ch\/wp-content\/uploads\/2024\/06\/67c2ec70-bdf5-4c14-898a-ded5b2051398.jpg\",\"width\":1024,\"height\":1024,\"caption\":\"Elevatesurf\"},\"image\":{\"@id\":\"https:\/\/elevatesurf.ch\/#\/schema\/logo\/image\/\"},\"sameAs\":[\"https:\/\/www.instagram.com\/elevate__surf\/\"]}]}<\/script>\n<!-- \/ Yoast SEO plugin. -->","yoast_head_json":{"title":"Indiana Foil Front Wing 620K - Elevatesurf","description":"Elevatesurf Indiana Foil Front Wing 620K","robots":{"index":"index","follow":"follow","max-snippet":"max-snippet:-1","max-image-preview":"max-image-preview:large","max-video-preview":"max-video-preview:-1"},"canonical":"https:\/\/elevatesurf.ch\/fr\/product\/indiana-foil-front-wing-620k\/","og_locale":"fr_FR","og_type":"article","og_title":"Indiana Foil Front Wing 620K - Elevatesurf","og_description":"Elevatesurf Indiana Foil Front Wing 620K","og_url":"https:\/\/elevatesurf.ch\/fr\/product\/indiana-foil-front-wing-620k\/","og_site_name":"Elevatesurf","article_modified_time":"2026-01-10T08:41:17+00:00","og_image":[{"width":1611,"height":452,"url":"https:\/\/elevatesurf.ch\/wp-content\/uploads\/2024\/08\/3317SP_Indiana_Foil_Front_Wing_620_Kite_.png","type":"image\/png"}],"twitter_card":"summary_large_image","twitter_misc":{"Dur\u00e9e de lecture estim\u00e9e":"1 minute"},"schema":{"@context":"https:\/\/schema.org","@graph":[{"@type":["WebPage","ItemPage"],"@id":"https:\/\/elevatesurf.ch\/product\/indiana-foil-front-wing-620k\/","url":"https:\/\/elevatesurf.ch\/product\/indiana-foil-front-wing-620k\/","name":"Indiana Foil Front Wing 620K - Elevatesurf","isPartOf":{"@id":"https:\/\/elevatesurf.ch\/#website"},"primaryImageOfPage":{"@id":"https:\/\/elevatesurf.ch\/product\/indiana-foil-front-wing-620k\/#primaryimage"},"image":{"@id":"https:\/\/elevatesurf.ch\/product\/indiana-foil-front-wing-620k\/#primaryimage"},"thumbnailUrl":"https:\/\/elevatesurf.ch\/wp-content\/uploads\/2024\/08\/3317SP_Indiana_Foil_Front_Wing_620_Kite_.png","datePublished":"2024-08-30T10:07:01+00:00","dateModified":"2026-01-10T08:41:17+00:00","description":"Elevatesurf Indiana Foil Front Wing 620K","breadcrumb":{"@id":"https:\/\/elevatesurf.ch\/product\/indiana-foil-front-wing-620k\/#breadcrumb"},"inLanguage":"fr-FR","potentialAction":[{"@type":"ReadAction","target":["https:\/\/elevatesurf.ch\/product\/indiana-foil-front-wing-620k\/"]}]},{"@type":"ImageObject","inLanguage":"fr-FR","@id":"https:\/\/elevatesurf.ch\/product\/indiana-foil-front-wing-620k\/#primaryimage","url":"https:\/\/elevatesurf.ch\/wp-content\/uploads\/2024\/08\/3317SP_Indiana_Foil_Front_Wing_620_Kite_.png","contentUrl":"https:\/\/elevatesurf.ch\/wp-content\/uploads\/2024\/08\/3317SP_Indiana_Foil_Front_Wing_620_Kite_.png","width":1611,"height":452},{"@type":"BreadcrumbList","@id":"https:\/\/elevatesurf.ch\/product\/indiana-foil-front-wing-620k\/#breadcrumb","itemListElement":[{"@type":"ListItem","position":1,"name":"Accueil","item":"https:\/\/elevatesurf.ch\/"},{"@type":"ListItem","position":2,"name":"Shop &#8211; \u00c9levez Votre Exp\u00e9rience de Surf avec Notre Collection","item":"https:\/\/elevatesurf.ch\/shop\/"},{"@type":"ListItem","position":3,"name":"Indiana Foil Front Wing 620K"}]},{"@type":"WebSite","@id":"https:\/\/elevatesurf.ch\/#website","url":"https:\/\/elevatesurf.ch\/","name":"Elevatesurf","description":"Surfez vers de nouveaux sommets avec ElevateSurf ! Kiteshop, Wingshop","publisher":{"@id":"https:\/\/elevatesurf.ch\/#organization"},"potentialAction":[{"@type":"SearchAction","target":{"@type":"EntryPoint","urlTemplate":"https:\/\/elevatesurf.ch\/?s={search_term_string}"},"query-input":"required name=search_term_string"}],"inLanguage":"fr-FR"},{"@type":"Organization","@id":"https:\/\/elevatesurf.ch\/#organization","name":"Elevatesurf","url":"https:\/\/elevatesurf.ch\/","logo":{"@type":"ImageObject","inLanguage":"fr-FR","@id":"https:\/\/elevatesurf.ch\/#\/schema\/logo\/image\/","url":"https:\/\/elevatesurf.ch\/wp-content\/uploads\/2024\/06\/67c2ec70-bdf5-4c14-898a-ded5b2051398.jpg","contentUrl":"https:\/\/elevatesurf.ch\/wp-content\/uploads\/2024\/06\/67c2ec70-bdf5-4c14-898a-ded5b2051398.jpg","width":1024,"height":1024,"caption":"Elevatesurf"},"image":{"@id":"https:\/\/elevatesurf.ch\/#\/schema\/logo\/image\/"},"sameAs":["https:\/\/www.instagram.com\/elevate__surf\/"]}]}},"_links":{"self":[{"href":"https:\/\/elevatesurf.ch\/fr\/wp-json\/wp\/v2\/product\/19727","targetHints":{"allow":["GET"]}}],"collection":[{"href":"https:\/\/elevatesurf.ch\/fr\/wp-json\/wp\/v2\/product"}],"about":[{"href":"https:\/\/elevatesurf.ch\/fr\/wp-json\/wp\/v2\/types\/product"}],"replies":[{"embeddable":true,"href":"https:\/\/elevatesurf.ch\/fr\/wp-json\/wp\/v2\/comments?post=19727"}],"wp:featuredmedia":[{"embeddable":true,"href":"https:\/\/elevatesurf.ch\/fr\/wp-json\/wp\/v2\/media\/19726"}],"wp:attachment":[{"href":"https:\/\/elevatesurf.ch\/fr\/wp-json\/wp\/v2\/media?parent=19727"}],"wp:term":[{"taxonomy":"product_cat","embeddable":true,"href":"https:\/\/elevatesurf.ch\/fr\/wp-json\/wp\/v2\/product_cat?post=19727"},{"taxonomy":"product_tag","embeddable":true,"href":"https:\/\/elevatesurf.ch\/fr\/wp-json\/wp\/v2\/product_tag?post=19727"}],"curies":[{"name":"wp","href":"https:\/\/api.w.org\/{rel}","templated":true}]}}