{"id":19745,"date":"2024-08-30T10:07:19","date_gmt":"2024-08-30T10:07:19","guid":{"rendered":"https:\/\/elevatesurf.ch\/product\/indiana-kite-wing-pump-hp3-r\/"},"modified":"2026-01-10T08:41:17","modified_gmt":"2026-01-10T08:41:17","slug":"indiana-kite-wing-pump-hp3-r","status":"publish","type":"product","link":"https:\/\/elevatesurf.ch\/fr\/product\/indiana-kite-wing-pump-hp3-r\/","title":{"rendered":"Indiana Kite\/Wing Pump HP3-R"},"content":{"rendered":"<p>Diese Pumpe ist ideal f\u00fcr Kites und Wings. Die extra grosse Pumpe mit ihrer enormen Kapazit\u00e4t sorgt f\u00fcr ein entspanntes Aufpumpen von Kites und Wings. Die HP3-R wird zu beginn im Doppelhub-Modus und dann im Einfachhub-Modus eingesetzt und funktioniert schnell und ohne viel Kraftaufwand bis zu einem Druck von 13 PSI.<\/p>\n<p>&#8211; Capacity 2.9 + 2.9 L<br \/>\n&#8211; Max. pressure 13psi as DIN EN 16051<br \/>\n&#8211; Seals and anti-sand filter for long life of pump and kite<br \/>\n&#8211; Extra long body and high-airflow piston for an easier inflation<br \/>\n&#8211; Switch tap for double\/single action<br \/>\n&#8211; Shockproof gauge meter<\/p>\n","protected":false},"excerpt":{"rendered":"<p>Diese Pumpe ist ideal f\u00fcr Kites und Wings. Die extra grosse Pumpe mit ihrer enormen Kapazit\u00e4t sorgt f\u00fcr ein entspanntes Aufpumpen von Kites und Wings. Die HP3-R wird zu beginn im Doppelhub-Modus und dann im Einfachhub-Modus eingesetzt und funktioniert schnell und ohne viel Kraftaufwand bis zu einem Druck von 13 PSI. &#8211; Capacity 2.9 + [&hellip;]<\/p>\n","protected":false},"featured_media":19744,"comment_status":"open","ping_status":"closed","template":"","meta":[],"product_cat":[977],"product_tag":[],"class_list":{"0":"post-19745","1":"product","2":"type-product","3":"status-publish","4":"has-post-thumbnail","6":"product_cat-accessoires","7":"product_brand-indiana-suisse","9":"first","10":"instock","11":"shipping-taxable","12":"purchasable","13":"product-type-simple"},"yoast_head":"<!-- This site is optimized with the Yoast SEO plugin v22.8 - https:\/\/yoast.com\/wordpress\/plugins\/seo\/ -->\n<title>Indiana Kite\/Wing Pump HP3-R - Elevatesurf<\/title>\n<meta name=\"description\" content=\"Elevatesurf Indiana Kite\/Wing Pump HP3-R\" \/>\n<meta name=\"robots\" content=\"index, follow, max-snippet:-1, max-image-preview:large, max-video-preview:-1\" \/>\n<link rel=\"canonical\" href=\"https:\/\/elevatesurf.ch\/fr\/product\/indiana-kite-wing-pump-hp3-r\/\" \/>\n<meta property=\"og:locale\" content=\"fr_FR\" \/>\n<meta property=\"og:type\" content=\"article\" \/>\n<meta property=\"og:title\" content=\"Indiana Kite\/Wing Pump HP3-R - Elevatesurf\" \/>\n<meta property=\"og:description\" content=\"Elevatesurf Indiana Kite\/Wing Pump HP3-R\" \/>\n<meta property=\"og:url\" content=\"https:\/\/elevatesurf.ch\/fr\/product\/indiana-kite-wing-pump-hp3-r\/\" \/>\n<meta property=\"og:site_name\" content=\"Elevatesurf\" \/>\n<meta property=\"article:modified_time\" content=\"2026-01-10T08:41:17+00:00\" \/>\n<meta property=\"og:image\" content=\"https:\/\/elevatesurf.ch\/wp-content\/uploads\/2024\/08\/5206SP_Indiana_HP3_R_Pump_Front_-scaled.jpg\" \/>\n\t<meta property=\"og:image:width\" content=\"1920\" \/>\n\t<meta property=\"og:image:height\" content=\"2560\" \/>\n\t<meta property=\"og:image:type\" content=\"image\/jpeg\" \/>\n<meta name=\"twitter:card\" content=\"summary_large_image\" \/>\n<script type=\"application\/ld+json\" class=\"yoast-schema-graph\">{\"@context\":\"https:\/\/schema.org\",\"@graph\":[{\"@type\":[\"WebPage\",\"ItemPage\"],\"@id\":\"https:\/\/elevatesurf.ch\/product\/indiana-kite-wing-pump-hp3-r\/\",\"url\":\"https:\/\/elevatesurf.ch\/product\/indiana-kite-wing-pump-hp3-r\/\",\"name\":\"Indiana Kite\/Wing Pump HP3-R - Elevatesurf\",\"isPartOf\":{\"@id\":\"https:\/\/elevatesurf.ch\/#website\"},\"primaryImageOfPage\":{\"@id\":\"https:\/\/elevatesurf.ch\/product\/indiana-kite-wing-pump-hp3-r\/#primaryimage\"},\"image\":{\"@id\":\"https:\/\/elevatesurf.ch\/product\/indiana-kite-wing-pump-hp3-r\/#primaryimage\"},\"thumbnailUrl\":\"https:\/\/elevatesurf.ch\/wp-content\/uploads\/2024\/08\/5206SP_Indiana_HP3_R_Pump_Front_-scaled.jpg\",\"datePublished\":\"2024-08-30T10:07:19+00:00\",\"dateModified\":\"2026-01-10T08:41:17+00:00\",\"description\":\"Elevatesurf Indiana Kite\/Wing Pump HP3-R\",\"breadcrumb\":{\"@id\":\"https:\/\/elevatesurf.ch\/product\/indiana-kite-wing-pump-hp3-r\/#breadcrumb\"},\"inLanguage\":\"fr-FR\",\"potentialAction\":[{\"@type\":\"ReadAction\",\"target\":[\"https:\/\/elevatesurf.ch\/product\/indiana-kite-wing-pump-hp3-r\/\"]}]},{\"@type\":\"ImageObject\",\"inLanguage\":\"fr-FR\",\"@id\":\"https:\/\/elevatesurf.ch\/product\/indiana-kite-wing-pump-hp3-r\/#primaryimage\",\"url\":\"https:\/\/elevatesurf.ch\/wp-content\/uploads\/2024\/08\/5206SP_Indiana_HP3_R_Pump_Front_-scaled.jpg\",\"contentUrl\":\"https:\/\/elevatesurf.ch\/wp-content\/uploads\/2024\/08\/5206SP_Indiana_HP3_R_Pump_Front_-scaled.jpg\",\"width\":1920,\"height\":2560},{\"@type\":\"BreadcrumbList\",\"@id\":\"https:\/\/elevatesurf.ch\/product\/indiana-kite-wing-pump-hp3-r\/#breadcrumb\",\"itemListElement\":[{\"@type\":\"ListItem\",\"position\":1,\"name\":\"Accueil\",\"item\":\"https:\/\/elevatesurf.ch\/\"},{\"@type\":\"ListItem\",\"position\":2,\"name\":\"Shop &#8211; \u00c9levez Votre Exp\u00e9rience de Surf avec Notre Collection\",\"item\":\"https:\/\/elevatesurf.ch\/shop\/\"},{\"@type\":\"ListItem\",\"position\":3,\"name\":\"Indiana Kite\/Wing Pump HP3-R\"}]},{\"@type\":\"WebSite\",\"@id\":\"https:\/\/elevatesurf.ch\/#website\",\"url\":\"https:\/\/elevatesurf.ch\/\",\"name\":\"Elevatesurf\",\"description\":\"Surfez vers de nouveaux sommets avec ElevateSurf ! Kiteshop, Wingshop\",\"publisher\":{\"@id\":\"https:\/\/elevatesurf.ch\/#organization\"},\"potentialAction\":[{\"@type\":\"SearchAction\",\"target\":{\"@type\":\"EntryPoint\",\"urlTemplate\":\"https:\/\/elevatesurf.ch\/?s={search_term_string}\"},\"query-input\":\"required name=search_term_string\"}],\"inLanguage\":\"fr-FR\"},{\"@type\":\"Organization\",\"@id\":\"https:\/\/elevatesurf.ch\/#organization\",\"name\":\"Elevatesurf\",\"url\":\"https:\/\/elevatesurf.ch\/\",\"logo\":{\"@type\":\"ImageObject\",\"inLanguage\":\"fr-FR\",\"@id\":\"https:\/\/elevatesurf.ch\/#\/schema\/logo\/image\/\",\"url\":\"https:\/\/elevatesurf.ch\/wp-content\/uploads\/2024\/06\/67c2ec70-bdf5-4c14-898a-ded5b2051398.jpg\",\"contentUrl\":\"https:\/\/elevatesurf.ch\/wp-content\/uploads\/2024\/06\/67c2ec70-bdf5-4c14-898a-ded5b2051398.jpg\",\"width\":1024,\"height\":1024,\"caption\":\"Elevatesurf\"},\"image\":{\"@id\":\"https:\/\/elevatesurf.ch\/#\/schema\/logo\/image\/\"},\"sameAs\":[\"https:\/\/www.instagram.com\/elevate__surf\/\"]}]}<\/script>\n<!-- \/ Yoast SEO plugin. -->","yoast_head_json":{"title":"Indiana Kite\/Wing Pump HP3-R - Elevatesurf","description":"Elevatesurf Indiana Kite\/Wing Pump HP3-R","robots":{"index":"index","follow":"follow","max-snippet":"max-snippet:-1","max-image-preview":"max-image-preview:large","max-video-preview":"max-video-preview:-1"},"canonical":"https:\/\/elevatesurf.ch\/fr\/product\/indiana-kite-wing-pump-hp3-r\/","og_locale":"fr_FR","og_type":"article","og_title":"Indiana Kite\/Wing Pump HP3-R - Elevatesurf","og_description":"Elevatesurf Indiana Kite\/Wing Pump HP3-R","og_url":"https:\/\/elevatesurf.ch\/fr\/product\/indiana-kite-wing-pump-hp3-r\/","og_site_name":"Elevatesurf","article_modified_time":"2026-01-10T08:41:17+00:00","og_image":[{"width":1920,"height":2560,"url":"https:\/\/elevatesurf.ch\/wp-content\/uploads\/2024\/08\/5206SP_Indiana_HP3_R_Pump_Front_-scaled.jpg","type":"image\/jpeg"}],"twitter_card":"summary_large_image","schema":{"@context":"https:\/\/schema.org","@graph":[{"@type":["WebPage","ItemPage"],"@id":"https:\/\/elevatesurf.ch\/product\/indiana-kite-wing-pump-hp3-r\/","url":"https:\/\/elevatesurf.ch\/product\/indiana-kite-wing-pump-hp3-r\/","name":"Indiana Kite\/Wing Pump HP3-R - Elevatesurf","isPartOf":{"@id":"https:\/\/elevatesurf.ch\/#website"},"primaryImageOfPage":{"@id":"https:\/\/elevatesurf.ch\/product\/indiana-kite-wing-pump-hp3-r\/#primaryimage"},"image":{"@id":"https:\/\/elevatesurf.ch\/product\/indiana-kite-wing-pump-hp3-r\/#primaryimage"},"thumbnailUrl":"https:\/\/elevatesurf.ch\/wp-content\/uploads\/2024\/08\/5206SP_Indiana_HP3_R_Pump_Front_-scaled.jpg","datePublished":"2024-08-30T10:07:19+00:00","dateModified":"2026-01-10T08:41:17+00:00","description":"Elevatesurf Indiana Kite\/Wing Pump HP3-R","breadcrumb":{"@id":"https:\/\/elevatesurf.ch\/product\/indiana-kite-wing-pump-hp3-r\/#breadcrumb"},"inLanguage":"fr-FR","potentialAction":[{"@type":"ReadAction","target":["https:\/\/elevatesurf.ch\/product\/indiana-kite-wing-pump-hp3-r\/"]}]},{"@type":"ImageObject","inLanguage":"fr-FR","@id":"https:\/\/elevatesurf.ch\/product\/indiana-kite-wing-pump-hp3-r\/#primaryimage","url":"https:\/\/elevatesurf.ch\/wp-content\/uploads\/2024\/08\/5206SP_Indiana_HP3_R_Pump_Front_-scaled.jpg","contentUrl":"https:\/\/elevatesurf.ch\/wp-content\/uploads\/2024\/08\/5206SP_Indiana_HP3_R_Pump_Front_-scaled.jpg","width":1920,"height":2560},{"@type":"BreadcrumbList","@id":"https:\/\/elevatesurf.ch\/product\/indiana-kite-wing-pump-hp3-r\/#breadcrumb","itemListElement":[{"@type":"ListItem","position":1,"name":"Accueil","item":"https:\/\/elevatesurf.ch\/"},{"@type":"ListItem","position":2,"name":"Shop &#8211; \u00c9levez Votre Exp\u00e9rience de Surf avec Notre Collection","item":"https:\/\/elevatesurf.ch\/shop\/"},{"@type":"ListItem","position":3,"name":"Indiana Kite\/Wing Pump HP3-R"}]},{"@type":"WebSite","@id":"https:\/\/elevatesurf.ch\/#website","url":"https:\/\/elevatesurf.ch\/","name":"Elevatesurf","description":"Surfez vers de nouveaux sommets avec ElevateSurf ! Kiteshop, Wingshop","publisher":{"@id":"https:\/\/elevatesurf.ch\/#organization"},"potentialAction":[{"@type":"SearchAction","target":{"@type":"EntryPoint","urlTemplate":"https:\/\/elevatesurf.ch\/?s={search_term_string}"},"query-input":"required name=search_term_string"}],"inLanguage":"fr-FR"},{"@type":"Organization","@id":"https:\/\/elevatesurf.ch\/#organization","name":"Elevatesurf","url":"https:\/\/elevatesurf.ch\/","logo":{"@type":"ImageObject","inLanguage":"fr-FR","@id":"https:\/\/elevatesurf.ch\/#\/schema\/logo\/image\/","url":"https:\/\/elevatesurf.ch\/wp-content\/uploads\/2024\/06\/67c2ec70-bdf5-4c14-898a-ded5b2051398.jpg","contentUrl":"https:\/\/elevatesurf.ch\/wp-content\/uploads\/2024\/06\/67c2ec70-bdf5-4c14-898a-ded5b2051398.jpg","width":1024,"height":1024,"caption":"Elevatesurf"},"image":{"@id":"https:\/\/elevatesurf.ch\/#\/schema\/logo\/image\/"},"sameAs":["https:\/\/www.instagram.com\/elevate__surf\/"]}]}},"_links":{"self":[{"href":"https:\/\/elevatesurf.ch\/fr\/wp-json\/wp\/v2\/product\/19745","targetHints":{"allow":["GET"]}}],"collection":[{"href":"https:\/\/elevatesurf.ch\/fr\/wp-json\/wp\/v2\/product"}],"about":[{"href":"https:\/\/elevatesurf.ch\/fr\/wp-json\/wp\/v2\/types\/product"}],"replies":[{"embeddable":true,"href":"https:\/\/elevatesurf.ch\/fr\/wp-json\/wp\/v2\/comments?post=19745"}],"wp:featuredmedia":[{"embeddable":true,"href":"https:\/\/elevatesurf.ch\/fr\/wp-json\/wp\/v2\/media\/19744"}],"wp:attachment":[{"href":"https:\/\/elevatesurf.ch\/fr\/wp-json\/wp\/v2\/media?parent=19745"}],"wp:term":[{"taxonomy":"product_cat","embeddable":true,"href":"https:\/\/elevatesurf.ch\/fr\/wp-json\/wp\/v2\/product_cat?post=19745"},{"taxonomy":"product_tag","embeddable":true,"href":"https:\/\/elevatesurf.ch\/fr\/wp-json\/wp\/v2\/product_tag?post=19745"}],"curies":[{"name":"wp","href":"https:\/\/api.w.org\/{rel}","templated":true}]}}