{"id":19759,"date":"2024-08-30T10:07:25","date_gmt":"2024-08-30T10:07:25","guid":{"rendered":"https:\/\/elevatesurf.ch\/product\/indiana-surf-wake-foil-850s-complete\/"},"modified":"2026-01-10T08:41:18","modified_gmt":"2026-01-10T08:41:18","slug":"indiana-surf-wake-foil-850s-complete","status":"publish","type":"product","link":"https:\/\/elevatesurf.ch\/fr\/product\/indiana-surf-wake-foil-850s-complete\/","title":{"rendered":"Indiana Surf\/Wake Foil 850S Complete"},"content":{"rendered":"<p>In den Wellen oder hinter dem Boot rippen mit dem 850 S Complete Set. Der vielseitige 850 S Frontfl\u00fcgel carved easy von Rail to Rail. In Kombination mit dem 75 cm Alu-Mast und dem 550-Stabilisator habt ihr ein spassiges Setup, mit dem leicht gelernt werden kann und auch Profis Freude daran haben. Die Surf Fuselage hat 3 Stabilisator-Positionen, mit denen du w\u00e4hlen kannst, wie stabil oder wendig das Setup sein soll.<br \/>\nDas T16-Aluminium ist langlebig und steif und in Kombination mit den Zinkanoden vor Oxidation gesch\u00fctzt.<br \/>\nDas Indiana Regular Foil System ist modular und kann problemlos auf jeden anderen Frontfl\u00fcgel, Rumpf, Stabilisator oder Mast in der Regular Range aufger\u00fcstet werden.<br \/>\nDer Frontfl\u00fcgel, der Stabilisator und der Mast werden alle mit Schutzh\u00fcllen geliefert, um das Foil zu sch\u00fctzen.<br \/>\nGesamtgewicht: 4,9 kg<br \/>\nDas ist dabei:<br \/>\n&#8211; Indiana Foil Front Wing 850S (with Sleeve)<br \/>\n&#8211; Indiana Foil Stabilizer 550 (with Sleeve)<br \/>\n&#8211; Indiana Foil Alu Mast 75cm (with Sleeve)<br \/>\n&#8211; Indiana Foil Baseplate Alu (incl. Zinc Anode &amp; Screws)<br \/>\n&#8211; Indiana Foil Surf Fuselage (incl. Cartridge)<br \/>\n&#8211; Indiana Foil Set of Mast \/ Fuselage Screws (M8)<br \/>\n&#8211; Indiana Foil Set of Stab Angle Adaptors<\/p>\n","protected":false},"excerpt":{"rendered":"<p>In den Wellen oder hinter dem Boot rippen mit dem 850 S Complete Set. Der vielseitige 850 S Frontfl\u00fcgel carved easy von Rail to Rail. In Kombination mit dem 75 cm Alu-Mast und dem 550-Stabilisator habt ihr ein spassiges Setup, mit dem leicht gelernt werden kann und auch Profis Freude daran haben. Die Surf Fuselage [&hellip;]<\/p>\n","protected":false},"featured_media":19758,"comment_status":"open","ping_status":"closed","template":"","meta":[],"product_cat":[643,138],"product_tag":[],"class_list":{"0":"post-19759","1":"product","2":"type-product","3":"status-publish","4":"has-post-thumbnail","6":"product_cat-foils","7":"product_cat-wingfoil-suisse-acheter","8":"product_brand-indiana-suisse","10":"first","11":"instock","12":"shipping-taxable","13":"purchasable","14":"product-type-simple"},"yoast_head":"<!-- This site is optimized with the Yoast SEO plugin v22.8 - https:\/\/yoast.com\/wordpress\/plugins\/seo\/ -->\n<title>Indiana Surf\/Wake Foil 850S Complete - Elevatesurf<\/title>\n<meta name=\"description\" content=\"Elevatesurf Indiana Surf\/Wake Foil 850S Complete\" \/>\n<meta name=\"robots\" content=\"index, follow, max-snippet:-1, max-image-preview:large, max-video-preview:-1\" \/>\n<link rel=\"canonical\" href=\"https:\/\/elevatesurf.ch\/fr\/product\/indiana-surf-wake-foil-850s-complete\/\" \/>\n<meta property=\"og:locale\" content=\"fr_FR\" \/>\n<meta property=\"og:type\" content=\"article\" \/>\n<meta property=\"og:title\" content=\"Indiana Surf\/Wake Foil 850S Complete - Elevatesurf\" \/>\n<meta property=\"og:description\" content=\"Elevatesurf Indiana Surf\/Wake Foil 850S Complete\" \/>\n<meta property=\"og:url\" content=\"https:\/\/elevatesurf.ch\/fr\/product\/indiana-surf-wake-foil-850s-complete\/\" \/>\n<meta property=\"og:site_name\" content=\"Elevatesurf\" \/>\n<meta property=\"article:modified_time\" content=\"2026-01-10T08:41:18+00:00\" \/>\n<meta property=\"og:image\" content=\"https:\/\/elevatesurf.ch\/wp-content\/uploads\/2024\/08\/3376AP_Indiana_Surf_Wake_Foil_850S_Complete_.jpg\" \/>\n\t<meta property=\"og:image:width\" content=\"1300\" \/>\n\t<meta property=\"og:image:height\" content=\"823\" \/>\n\t<meta property=\"og:image:type\" content=\"image\/jpeg\" \/>\n<meta name=\"twitter:card\" content=\"summary_large_image\" \/>\n<meta name=\"twitter:label1\" content=\"Dur\u00e9e de lecture estim\u00e9e\" \/>\n\t<meta name=\"twitter:data1\" content=\"1 minute\" \/>\n<script type=\"application\/ld+json\" class=\"yoast-schema-graph\">{\"@context\":\"https:\/\/schema.org\",\"@graph\":[{\"@type\":[\"WebPage\",\"ItemPage\"],\"@id\":\"https:\/\/elevatesurf.ch\/product\/indiana-surf-wake-foil-850s-complete\/\",\"url\":\"https:\/\/elevatesurf.ch\/product\/indiana-surf-wake-foil-850s-complete\/\",\"name\":\"Indiana Surf\/Wake Foil 850S Complete - Elevatesurf\",\"isPartOf\":{\"@id\":\"https:\/\/elevatesurf.ch\/#website\"},\"primaryImageOfPage\":{\"@id\":\"https:\/\/elevatesurf.ch\/product\/indiana-surf-wake-foil-850s-complete\/#primaryimage\"},\"image\":{\"@id\":\"https:\/\/elevatesurf.ch\/product\/indiana-surf-wake-foil-850s-complete\/#primaryimage\"},\"thumbnailUrl\":\"https:\/\/elevatesurf.ch\/wp-content\/uploads\/2024\/08\/3376AP_Indiana_Surf_Wake_Foil_850S_Complete_.jpg\",\"datePublished\":\"2024-08-30T10:07:25+00:00\",\"dateModified\":\"2026-01-10T08:41:18+00:00\",\"description\":\"Elevatesurf Indiana Surf\/Wake Foil 850S Complete\",\"breadcrumb\":{\"@id\":\"https:\/\/elevatesurf.ch\/product\/indiana-surf-wake-foil-850s-complete\/#breadcrumb\"},\"inLanguage\":\"fr-FR\",\"potentialAction\":[{\"@type\":\"ReadAction\",\"target\":[\"https:\/\/elevatesurf.ch\/product\/indiana-surf-wake-foil-850s-complete\/\"]}]},{\"@type\":\"ImageObject\",\"inLanguage\":\"fr-FR\",\"@id\":\"https:\/\/elevatesurf.ch\/product\/indiana-surf-wake-foil-850s-complete\/#primaryimage\",\"url\":\"https:\/\/elevatesurf.ch\/wp-content\/uploads\/2024\/08\/3376AP_Indiana_Surf_Wake_Foil_850S_Complete_.jpg\",\"contentUrl\":\"https:\/\/elevatesurf.ch\/wp-content\/uploads\/2024\/08\/3376AP_Indiana_Surf_Wake_Foil_850S_Complete_.jpg\",\"width\":1300,\"height\":823},{\"@type\":\"BreadcrumbList\",\"@id\":\"https:\/\/elevatesurf.ch\/product\/indiana-surf-wake-foil-850s-complete\/#breadcrumb\",\"itemListElement\":[{\"@type\":\"ListItem\",\"position\":1,\"name\":\"Accueil\",\"item\":\"https:\/\/elevatesurf.ch\/\"},{\"@type\":\"ListItem\",\"position\":2,\"name\":\"Shop &#8211; \u00c9levez Votre Exp\u00e9rience de Surf avec Notre Collection\",\"item\":\"https:\/\/elevatesurf.ch\/shop\/\"},{\"@type\":\"ListItem\",\"position\":3,\"name\":\"Indiana Surf\/Wake Foil 850S Complete\"}]},{\"@type\":\"WebSite\",\"@id\":\"https:\/\/elevatesurf.ch\/#website\",\"url\":\"https:\/\/elevatesurf.ch\/\",\"name\":\"Elevatesurf\",\"description\":\"Surfez vers de nouveaux sommets avec ElevateSurf ! Kiteshop, Wingshop\",\"publisher\":{\"@id\":\"https:\/\/elevatesurf.ch\/#organization\"},\"potentialAction\":[{\"@type\":\"SearchAction\",\"target\":{\"@type\":\"EntryPoint\",\"urlTemplate\":\"https:\/\/elevatesurf.ch\/?s={search_term_string}\"},\"query-input\":\"required name=search_term_string\"}],\"inLanguage\":\"fr-FR\"},{\"@type\":\"Organization\",\"@id\":\"https:\/\/elevatesurf.ch\/#organization\",\"name\":\"Elevatesurf\",\"url\":\"https:\/\/elevatesurf.ch\/\",\"logo\":{\"@type\":\"ImageObject\",\"inLanguage\":\"fr-FR\",\"@id\":\"https:\/\/elevatesurf.ch\/#\/schema\/logo\/image\/\",\"url\":\"https:\/\/elevatesurf.ch\/wp-content\/uploads\/2024\/06\/67c2ec70-bdf5-4c14-898a-ded5b2051398.jpg\",\"contentUrl\":\"https:\/\/elevatesurf.ch\/wp-content\/uploads\/2024\/06\/67c2ec70-bdf5-4c14-898a-ded5b2051398.jpg\",\"width\":1024,\"height\":1024,\"caption\":\"Elevatesurf\"},\"image\":{\"@id\":\"https:\/\/elevatesurf.ch\/#\/schema\/logo\/image\/\"},\"sameAs\":[\"https:\/\/www.instagram.com\/elevate__surf\/\"]}]}<\/script>\n<!-- \/ Yoast SEO plugin. -->","yoast_head_json":{"title":"Indiana Surf\/Wake Foil 850S Complete - Elevatesurf","description":"Elevatesurf Indiana Surf\/Wake Foil 850S Complete","robots":{"index":"index","follow":"follow","max-snippet":"max-snippet:-1","max-image-preview":"max-image-preview:large","max-video-preview":"max-video-preview:-1"},"canonical":"https:\/\/elevatesurf.ch\/fr\/product\/indiana-surf-wake-foil-850s-complete\/","og_locale":"fr_FR","og_type":"article","og_title":"Indiana Surf\/Wake Foil 850S Complete - Elevatesurf","og_description":"Elevatesurf Indiana Surf\/Wake Foil 850S Complete","og_url":"https:\/\/elevatesurf.ch\/fr\/product\/indiana-surf-wake-foil-850s-complete\/","og_site_name":"Elevatesurf","article_modified_time":"2026-01-10T08:41:18+00:00","og_image":[{"width":1300,"height":823,"url":"https:\/\/elevatesurf.ch\/wp-content\/uploads\/2024\/08\/3376AP_Indiana_Surf_Wake_Foil_850S_Complete_.jpg","type":"image\/jpeg"}],"twitter_card":"summary_large_image","twitter_misc":{"Dur\u00e9e de lecture estim\u00e9e":"1 minute"},"schema":{"@context":"https:\/\/schema.org","@graph":[{"@type":["WebPage","ItemPage"],"@id":"https:\/\/elevatesurf.ch\/product\/indiana-surf-wake-foil-850s-complete\/","url":"https:\/\/elevatesurf.ch\/product\/indiana-surf-wake-foil-850s-complete\/","name":"Indiana Surf\/Wake Foil 850S Complete - Elevatesurf","isPartOf":{"@id":"https:\/\/elevatesurf.ch\/#website"},"primaryImageOfPage":{"@id":"https:\/\/elevatesurf.ch\/product\/indiana-surf-wake-foil-850s-complete\/#primaryimage"},"image":{"@id":"https:\/\/elevatesurf.ch\/product\/indiana-surf-wake-foil-850s-complete\/#primaryimage"},"thumbnailUrl":"https:\/\/elevatesurf.ch\/wp-content\/uploads\/2024\/08\/3376AP_Indiana_Surf_Wake_Foil_850S_Complete_.jpg","datePublished":"2024-08-30T10:07:25+00:00","dateModified":"2026-01-10T08:41:18+00:00","description":"Elevatesurf Indiana Surf\/Wake Foil 850S Complete","breadcrumb":{"@id":"https:\/\/elevatesurf.ch\/product\/indiana-surf-wake-foil-850s-complete\/#breadcrumb"},"inLanguage":"fr-FR","potentialAction":[{"@type":"ReadAction","target":["https:\/\/elevatesurf.ch\/product\/indiana-surf-wake-foil-850s-complete\/"]}]},{"@type":"ImageObject","inLanguage":"fr-FR","@id":"https:\/\/elevatesurf.ch\/product\/indiana-surf-wake-foil-850s-complete\/#primaryimage","url":"https:\/\/elevatesurf.ch\/wp-content\/uploads\/2024\/08\/3376AP_Indiana_Surf_Wake_Foil_850S_Complete_.jpg","contentUrl":"https:\/\/elevatesurf.ch\/wp-content\/uploads\/2024\/08\/3376AP_Indiana_Surf_Wake_Foil_850S_Complete_.jpg","width":1300,"height":823},{"@type":"BreadcrumbList","@id":"https:\/\/elevatesurf.ch\/product\/indiana-surf-wake-foil-850s-complete\/#breadcrumb","itemListElement":[{"@type":"ListItem","position":1,"name":"Accueil","item":"https:\/\/elevatesurf.ch\/"},{"@type":"ListItem","position":2,"name":"Shop &#8211; \u00c9levez Votre Exp\u00e9rience de Surf avec Notre Collection","item":"https:\/\/elevatesurf.ch\/shop\/"},{"@type":"ListItem","position":3,"name":"Indiana Surf\/Wake Foil 850S Complete"}]},{"@type":"WebSite","@id":"https:\/\/elevatesurf.ch\/#website","url":"https:\/\/elevatesurf.ch\/","name":"Elevatesurf","description":"Surfez vers de nouveaux sommets avec ElevateSurf ! Kiteshop, Wingshop","publisher":{"@id":"https:\/\/elevatesurf.ch\/#organization"},"potentialAction":[{"@type":"SearchAction","target":{"@type":"EntryPoint","urlTemplate":"https:\/\/elevatesurf.ch\/?s={search_term_string}"},"query-input":"required name=search_term_string"}],"inLanguage":"fr-FR"},{"@type":"Organization","@id":"https:\/\/elevatesurf.ch\/#organization","name":"Elevatesurf","url":"https:\/\/elevatesurf.ch\/","logo":{"@type":"ImageObject","inLanguage":"fr-FR","@id":"https:\/\/elevatesurf.ch\/#\/schema\/logo\/image\/","url":"https:\/\/elevatesurf.ch\/wp-content\/uploads\/2024\/06\/67c2ec70-bdf5-4c14-898a-ded5b2051398.jpg","contentUrl":"https:\/\/elevatesurf.ch\/wp-content\/uploads\/2024\/06\/67c2ec70-bdf5-4c14-898a-ded5b2051398.jpg","width":1024,"height":1024,"caption":"Elevatesurf"},"image":{"@id":"https:\/\/elevatesurf.ch\/#\/schema\/logo\/image\/"},"sameAs":["https:\/\/www.instagram.com\/elevate__surf\/"]}]}},"_links":{"self":[{"href":"https:\/\/elevatesurf.ch\/fr\/wp-json\/wp\/v2\/product\/19759","targetHints":{"allow":["GET"]}}],"collection":[{"href":"https:\/\/elevatesurf.ch\/fr\/wp-json\/wp\/v2\/product"}],"about":[{"href":"https:\/\/elevatesurf.ch\/fr\/wp-json\/wp\/v2\/types\/product"}],"replies":[{"embeddable":true,"href":"https:\/\/elevatesurf.ch\/fr\/wp-json\/wp\/v2\/comments?post=19759"}],"wp:featuredmedia":[{"embeddable":true,"href":"https:\/\/elevatesurf.ch\/fr\/wp-json\/wp\/v2\/media\/19758"}],"wp:attachment":[{"href":"https:\/\/elevatesurf.ch\/fr\/wp-json\/wp\/v2\/media?parent=19759"}],"wp:term":[{"taxonomy":"product_cat","embeddable":true,"href":"https:\/\/elevatesurf.ch\/fr\/wp-json\/wp\/v2\/product_cat?post=19759"},{"taxonomy":"product_tag","embeddable":true,"href":"https:\/\/elevatesurf.ch\/fr\/wp-json\/wp\/v2\/product_tag?post=19759"}],"curies":[{"name":"wp","href":"https:\/\/api.w.org\/{rel}","templated":true}]}}