{"id":19763,"date":"2024-08-30T10:07:31","date_gmt":"2024-08-30T10:07:31","guid":{"rendered":"https:\/\/elevatesurf.ch\/product\/indiana-wing-foil-79l-rs-carbon\/"},"modified":"2026-01-10T08:41:18","modified_gmt":"2026-01-10T08:41:18","slug":"indiana-wing-foil-79l-rs-carbon","status":"publish","type":"product","link":"https:\/\/elevatesurf.ch\/fr\/product\/indiana-wing-foil-79l-rs-carbon\/","title":{"rendered":"Indiana Wing Foil 79L RS Carbon"},"content":{"rendered":"<p>Das 2021 Indiana RS Wingfoil Board wurde von Gunnar Biniasch auf Fuerteventura entworfen und wurde speziell entwickelt, um euere Flachwasser- und Race Wing Skills auf die n\u00e4chste Stufe zu heben. Jeder Aspekt dieser Boards ist darauf ausgelegt, die Windreichweite im unteren Bereich zu maximieren und gleichzeitig die Form kompakt zu halten, um maximale Leistung und Geschwindigkeit zu erzielen. Die Full Carbon Sandwich-Konstruktion bietet eine perfekte Balance zwischen Haltbarkeit und Leichtigkeit. Die vorw\u00e4rts gerichtete Volumenverteilung und die maximierte flache Fl\u00e4che erleichtern das Aufstehen auch unter leichtesten Bedingungen. Die \u201eRelease Rocker\u201c in Kombination mit dem Diamonds Shape Flat Tail erm\u00f6glicht ein schnelles L\u00f6sen des Boards aus dem Wasser und ein leichtes Hobeln des Boards, was das Starten m\u00fchelos macht. Die harten Schienen im Heck erm\u00f6glichen eine leichte Verschiebung des Aufwinds bei fallendem Wind. Die Boards sind mit V-Straps ausgestattet, die euren Vorderfu\u00df so nah wie m\u00f6glich an der Mittellinie halten, die Montage sehr einfach machen und das Gewicht niedrig halten. Mit dem Tragegriff an der Unterseite des Boards k\u00f6nnt ihr das Board leicht tragen und den Wing vom Foil fernhalten. Die Nose Handle-Option macht das Ziehen des Boards durch den Shore Break einfach und sicher, sodass ihr das Board auch unter diesen schwierigen Bedingungen problemlos an Land schwimmen k\u00f6nnt. Die neuen Polster bieten maximalen seitlichen Halt und erm\u00f6glichen es euch, die F\u00fc\u00dfe leicht vorw\u00e4rts und r\u00fcckw\u00e4rts zu bewegen. <\/p>\n<p><iframe width='560' height='315' src='https:\/\/www.youtube.com\/embed\/pMIPjmSVsZk' frameborder='0' allow='accelerometer; autoplay; encrypted-media; gyroscope; picture-in-picture' allowfullscreen><\/iframe> <\/p>\n<p>Length: 5.3\u201c\/160 cm \u25cf Width: 25\u201c\/ 63 cm \u25cf Thickness: 4.3\u201c \/ 11 cm \u25cf Volume: 79 Liters \u25cf Weight: 6.2 kg \u25cf Est. Riders Weight: 50-90 kg <\/p>\n<p>Range of Use: <br \/>SUP \u25cf\u25cfOOO <br \/>Wing \u25cf\u25cf\u25cf\u25cf\u25cf <br \/>Wind OOOOO <br \/>Surf OOOOO <br \/>Kite \u25cf\u25cfOOO <br \/>Wake \u25cf\u25cf\u25cfOO <br \/>Pump \u25cf\u25cfOOO <\/p>\n<p>Rider Level: <br \/>Beginner \u25cf\u25cfOOO <br \/> Advanced \u25cf\u25cf\u25cf\u25cf\u25cf <br \/>Professional \u25cf\u25cf\u25cf\u25cf\u25cf <\/p>\n<p>10\u201d US Box Tracks (standard 9cm distance) \/ Nose Handle \/ Carry Handle on the bottom \/ Gore-Tex Valve <\/p>\n<p>Incl. Bag and V-Straps <\/p>\n<p><a href='https:\/\/www.dropbox.com\/s\/vptu3fzi7ohfl9x\/Indiana_Foil_Manual2021.pdf?dl=0' target='_blank' rel=\"noopener\">Manual PDF<\/a><\/p>\n","protected":false},"excerpt":{"rendered":"<p>Das 2021 Indiana RS Wingfoil Board wurde von Gunnar Biniasch auf Fuerteventura entworfen und wurde speziell entwickelt, um euere Flachwasser- und Race Wing Skills auf die n\u00e4chste Stufe zu heben. Jeder Aspekt dieser Boards ist darauf ausgelegt, die Windreichweite im unteren Bereich zu maximieren und gleichzeitig die Form kompakt zu halten, um maximale Leistung und [&hellip;]<\/p>\n","protected":false},"featured_media":19762,"comment_status":"open","ping_status":"closed","template":"","meta":[],"product_cat":[594],"product_tag":[],"class_list":{"0":"post-19763","1":"product","2":"type-product","3":"status-publish","4":"has-post-thumbnail","6":"product_cat-planches","7":"product_brand-indiana-suisse","9":"first","10":"instock","11":"shipping-taxable","12":"purchasable","13":"product-type-simple"},"yoast_head":"<!-- This site is optimized with the Yoast SEO plugin v22.8 - https:\/\/yoast.com\/wordpress\/plugins\/seo\/ -->\n<title>Indiana Wing Foil 79L RS Carbon - Elevatesurf<\/title>\n<meta name=\"description\" content=\"Elevatesurf Indiana Wing Foil 79L RS Carbon\" \/>\n<meta name=\"robots\" content=\"index, follow, max-snippet:-1, max-image-preview:large, max-video-preview:-1\" \/>\n<link rel=\"canonical\" href=\"https:\/\/elevatesurf.ch\/fr\/product\/indiana-wing-foil-79l-rs-carbon\/\" \/>\n<meta property=\"og:locale\" content=\"fr_FR\" \/>\n<meta property=\"og:type\" content=\"article\" \/>\n<meta property=\"og:title\" content=\"Indiana Wing Foil 79L RS Carbon - Elevatesurf\" \/>\n<meta property=\"og:description\" content=\"Elevatesurf Indiana Wing Foil 79L RS Carbon\" \/>\n<meta property=\"og:url\" content=\"https:\/\/elevatesurf.ch\/fr\/product\/indiana-wing-foil-79l-rs-carbon\/\" \/>\n<meta property=\"og:site_name\" content=\"Elevatesurf\" \/>\n<meta property=\"article:modified_time\" content=\"2026-01-10T08:41:18+00:00\" \/>\n<meta property=\"og:image\" content=\"https:\/\/elevatesurf.ch\/wp-content\/uploads\/2024\/08\/3225SP_Indiana_Wing_Foil_79RS_Carbon_.png\" \/>\n\t<meta property=\"og:image:width\" content=\"950\" \/>\n\t<meta property=\"og:image:height\" content=\"1300\" \/>\n\t<meta property=\"og:image:type\" content=\"image\/png\" \/>\n<meta name=\"twitter:card\" content=\"summary_large_image\" \/>\n<meta name=\"twitter:label1\" content=\"Dur\u00e9e de lecture estim\u00e9e\" \/>\n\t<meta name=\"twitter:data1\" content=\"1 minute\" \/>\n<script type=\"application\/ld+json\" class=\"yoast-schema-graph\">{\"@context\":\"https:\/\/schema.org\",\"@graph\":[{\"@type\":[\"WebPage\",\"ItemPage\"],\"@id\":\"https:\/\/elevatesurf.ch\/product\/indiana-wing-foil-79l-rs-carbon\/\",\"url\":\"https:\/\/elevatesurf.ch\/product\/indiana-wing-foil-79l-rs-carbon\/\",\"name\":\"Indiana Wing Foil 79L RS Carbon - Elevatesurf\",\"isPartOf\":{\"@id\":\"https:\/\/elevatesurf.ch\/#website\"},\"primaryImageOfPage\":{\"@id\":\"https:\/\/elevatesurf.ch\/product\/indiana-wing-foil-79l-rs-carbon\/#primaryimage\"},\"image\":{\"@id\":\"https:\/\/elevatesurf.ch\/product\/indiana-wing-foil-79l-rs-carbon\/#primaryimage\"},\"thumbnailUrl\":\"https:\/\/elevatesurf.ch\/wp-content\/uploads\/2024\/08\/3225SP_Indiana_Wing_Foil_79RS_Carbon_.png\",\"datePublished\":\"2024-08-30T10:07:31+00:00\",\"dateModified\":\"2026-01-10T08:41:18+00:00\",\"description\":\"Elevatesurf Indiana Wing Foil 79L RS Carbon\",\"breadcrumb\":{\"@id\":\"https:\/\/elevatesurf.ch\/product\/indiana-wing-foil-79l-rs-carbon\/#breadcrumb\"},\"inLanguage\":\"fr-FR\",\"potentialAction\":[{\"@type\":\"ReadAction\",\"target\":[\"https:\/\/elevatesurf.ch\/product\/indiana-wing-foil-79l-rs-carbon\/\"]}]},{\"@type\":\"ImageObject\",\"inLanguage\":\"fr-FR\",\"@id\":\"https:\/\/elevatesurf.ch\/product\/indiana-wing-foil-79l-rs-carbon\/#primaryimage\",\"url\":\"https:\/\/elevatesurf.ch\/wp-content\/uploads\/2024\/08\/3225SP_Indiana_Wing_Foil_79RS_Carbon_.png\",\"contentUrl\":\"https:\/\/elevatesurf.ch\/wp-content\/uploads\/2024\/08\/3225SP_Indiana_Wing_Foil_79RS_Carbon_.png\",\"width\":950,\"height\":1300},{\"@type\":\"BreadcrumbList\",\"@id\":\"https:\/\/elevatesurf.ch\/product\/indiana-wing-foil-79l-rs-carbon\/#breadcrumb\",\"itemListElement\":[{\"@type\":\"ListItem\",\"position\":1,\"name\":\"Accueil\",\"item\":\"https:\/\/elevatesurf.ch\/\"},{\"@type\":\"ListItem\",\"position\":2,\"name\":\"Shop &#8211; \u00c9levez Votre Exp\u00e9rience de Surf avec Notre Collection\",\"item\":\"https:\/\/elevatesurf.ch\/shop\/\"},{\"@type\":\"ListItem\",\"position\":3,\"name\":\"Indiana Wing Foil 79L RS Carbon\"}]},{\"@type\":\"WebSite\",\"@id\":\"https:\/\/elevatesurf.ch\/#website\",\"url\":\"https:\/\/elevatesurf.ch\/\",\"name\":\"Elevatesurf\",\"description\":\"Surfez vers de nouveaux sommets avec ElevateSurf ! Kiteshop, Wingshop\",\"publisher\":{\"@id\":\"https:\/\/elevatesurf.ch\/#organization\"},\"potentialAction\":[{\"@type\":\"SearchAction\",\"target\":{\"@type\":\"EntryPoint\",\"urlTemplate\":\"https:\/\/elevatesurf.ch\/?s={search_term_string}\"},\"query-input\":\"required name=search_term_string\"}],\"inLanguage\":\"fr-FR\"},{\"@type\":\"Organization\",\"@id\":\"https:\/\/elevatesurf.ch\/#organization\",\"name\":\"Elevatesurf\",\"url\":\"https:\/\/elevatesurf.ch\/\",\"logo\":{\"@type\":\"ImageObject\",\"inLanguage\":\"fr-FR\",\"@id\":\"https:\/\/elevatesurf.ch\/#\/schema\/logo\/image\/\",\"url\":\"https:\/\/elevatesurf.ch\/wp-content\/uploads\/2024\/06\/67c2ec70-bdf5-4c14-898a-ded5b2051398.jpg\",\"contentUrl\":\"https:\/\/elevatesurf.ch\/wp-content\/uploads\/2024\/06\/67c2ec70-bdf5-4c14-898a-ded5b2051398.jpg\",\"width\":1024,\"height\":1024,\"caption\":\"Elevatesurf\"},\"image\":{\"@id\":\"https:\/\/elevatesurf.ch\/#\/schema\/logo\/image\/\"},\"sameAs\":[\"https:\/\/www.instagram.com\/elevate__surf\/\"]}]}<\/script>\n<!-- \/ Yoast SEO plugin. -->","yoast_head_json":{"title":"Indiana Wing Foil 79L RS Carbon - Elevatesurf","description":"Elevatesurf Indiana Wing Foil 79L RS Carbon","robots":{"index":"index","follow":"follow","max-snippet":"max-snippet:-1","max-image-preview":"max-image-preview:large","max-video-preview":"max-video-preview:-1"},"canonical":"https:\/\/elevatesurf.ch\/fr\/product\/indiana-wing-foil-79l-rs-carbon\/","og_locale":"fr_FR","og_type":"article","og_title":"Indiana Wing Foil 79L RS Carbon - Elevatesurf","og_description":"Elevatesurf Indiana Wing Foil 79L RS Carbon","og_url":"https:\/\/elevatesurf.ch\/fr\/product\/indiana-wing-foil-79l-rs-carbon\/","og_site_name":"Elevatesurf","article_modified_time":"2026-01-10T08:41:18+00:00","og_image":[{"width":950,"height":1300,"url":"https:\/\/elevatesurf.ch\/wp-content\/uploads\/2024\/08\/3225SP_Indiana_Wing_Foil_79RS_Carbon_.png","type":"image\/png"}],"twitter_card":"summary_large_image","twitter_misc":{"Dur\u00e9e de lecture estim\u00e9e":"1 minute"},"schema":{"@context":"https:\/\/schema.org","@graph":[{"@type":["WebPage","ItemPage"],"@id":"https:\/\/elevatesurf.ch\/product\/indiana-wing-foil-79l-rs-carbon\/","url":"https:\/\/elevatesurf.ch\/product\/indiana-wing-foil-79l-rs-carbon\/","name":"Indiana Wing Foil 79L RS Carbon - Elevatesurf","isPartOf":{"@id":"https:\/\/elevatesurf.ch\/#website"},"primaryImageOfPage":{"@id":"https:\/\/elevatesurf.ch\/product\/indiana-wing-foil-79l-rs-carbon\/#primaryimage"},"image":{"@id":"https:\/\/elevatesurf.ch\/product\/indiana-wing-foil-79l-rs-carbon\/#primaryimage"},"thumbnailUrl":"https:\/\/elevatesurf.ch\/wp-content\/uploads\/2024\/08\/3225SP_Indiana_Wing_Foil_79RS_Carbon_.png","datePublished":"2024-08-30T10:07:31+00:00","dateModified":"2026-01-10T08:41:18+00:00","description":"Elevatesurf Indiana Wing Foil 79L RS Carbon","breadcrumb":{"@id":"https:\/\/elevatesurf.ch\/product\/indiana-wing-foil-79l-rs-carbon\/#breadcrumb"},"inLanguage":"fr-FR","potentialAction":[{"@type":"ReadAction","target":["https:\/\/elevatesurf.ch\/product\/indiana-wing-foil-79l-rs-carbon\/"]}]},{"@type":"ImageObject","inLanguage":"fr-FR","@id":"https:\/\/elevatesurf.ch\/product\/indiana-wing-foil-79l-rs-carbon\/#primaryimage","url":"https:\/\/elevatesurf.ch\/wp-content\/uploads\/2024\/08\/3225SP_Indiana_Wing_Foil_79RS_Carbon_.png","contentUrl":"https:\/\/elevatesurf.ch\/wp-content\/uploads\/2024\/08\/3225SP_Indiana_Wing_Foil_79RS_Carbon_.png","width":950,"height":1300},{"@type":"BreadcrumbList","@id":"https:\/\/elevatesurf.ch\/product\/indiana-wing-foil-79l-rs-carbon\/#breadcrumb","itemListElement":[{"@type":"ListItem","position":1,"name":"Accueil","item":"https:\/\/elevatesurf.ch\/"},{"@type":"ListItem","position":2,"name":"Shop &#8211; \u00c9levez Votre Exp\u00e9rience de Surf avec Notre Collection","item":"https:\/\/elevatesurf.ch\/shop\/"},{"@type":"ListItem","position":3,"name":"Indiana Wing Foil 79L RS Carbon"}]},{"@type":"WebSite","@id":"https:\/\/elevatesurf.ch\/#website","url":"https:\/\/elevatesurf.ch\/","name":"Elevatesurf","description":"Surfez vers de nouveaux sommets avec ElevateSurf ! Kiteshop, Wingshop","publisher":{"@id":"https:\/\/elevatesurf.ch\/#organization"},"potentialAction":[{"@type":"SearchAction","target":{"@type":"EntryPoint","urlTemplate":"https:\/\/elevatesurf.ch\/?s={search_term_string}"},"query-input":"required name=search_term_string"}],"inLanguage":"fr-FR"},{"@type":"Organization","@id":"https:\/\/elevatesurf.ch\/#organization","name":"Elevatesurf","url":"https:\/\/elevatesurf.ch\/","logo":{"@type":"ImageObject","inLanguage":"fr-FR","@id":"https:\/\/elevatesurf.ch\/#\/schema\/logo\/image\/","url":"https:\/\/elevatesurf.ch\/wp-content\/uploads\/2024\/06\/67c2ec70-bdf5-4c14-898a-ded5b2051398.jpg","contentUrl":"https:\/\/elevatesurf.ch\/wp-content\/uploads\/2024\/06\/67c2ec70-bdf5-4c14-898a-ded5b2051398.jpg","width":1024,"height":1024,"caption":"Elevatesurf"},"image":{"@id":"https:\/\/elevatesurf.ch\/#\/schema\/logo\/image\/"},"sameAs":["https:\/\/www.instagram.com\/elevate__surf\/"]}]}},"_links":{"self":[{"href":"https:\/\/elevatesurf.ch\/fr\/wp-json\/wp\/v2\/product\/19763","targetHints":{"allow":["GET"]}}],"collection":[{"href":"https:\/\/elevatesurf.ch\/fr\/wp-json\/wp\/v2\/product"}],"about":[{"href":"https:\/\/elevatesurf.ch\/fr\/wp-json\/wp\/v2\/types\/product"}],"replies":[{"embeddable":true,"href":"https:\/\/elevatesurf.ch\/fr\/wp-json\/wp\/v2\/comments?post=19763"}],"wp:featuredmedia":[{"embeddable":true,"href":"https:\/\/elevatesurf.ch\/fr\/wp-json\/wp\/v2\/media\/19762"}],"wp:attachment":[{"href":"https:\/\/elevatesurf.ch\/fr\/wp-json\/wp\/v2\/media?parent=19763"}],"wp:term":[{"taxonomy":"product_cat","embeddable":true,"href":"https:\/\/elevatesurf.ch\/fr\/wp-json\/wp\/v2\/product_cat?post=19763"},{"taxonomy":"product_tag","embeddable":true,"href":"https:\/\/elevatesurf.ch\/fr\/wp-json\/wp\/v2\/product_tag?post=19763"}],"curies":[{"name":"wp","href":"https:\/\/api.w.org\/{rel}","templated":true}]}}