{"id":19791,"date":"2024-08-30T10:08:01","date_gmt":"2024-08-30T10:08:01","guid":{"rendered":"https:\/\/elevatesurf.ch\/product\/indiana-50-kitesurf-foil-carbon\/"},"modified":"2026-01-10T08:41:18","modified_gmt":"2026-01-10T08:41:18","slug":"indiana-50-kitesurf-foil-carbon","status":"publish","type":"product","link":"https:\/\/elevatesurf.ch\/fr\/product\/indiana-50-kitesurf-foil-carbon\/","title":{"rendered":"Indiana 5&rsquo;0 Kitesurf Foil Carbon"},"content":{"rendered":"<p>Das 5&rsquo;0 Kitesurf Foil Carbon kann sowohl zum Kitesurfen in kleinen bis mittleren Wellen als auch zum strapless Freestylen benutzt werden. Unser Shaper Andi Widmann hat es f\u00fcr anspruchsvolle Kiter entwickelt, die mit einem Board m\u00f6glichst viel abdecken m\u00f6chten. Die kurze, parallele Outline sorgt f\u00fcr Beschleunigung, Speed und Kontrolle.<\/p>\n<p>Das konkave Unterwasserschiff l\u00e4sst das Board sch\u00f6n Gleiten und garantiert guten Grip. Dank den d\u00fcnnen Rails und dem Wave Rocker l\u00e4sst sich das Board sch\u00f6n Carven. Die Nose-Outline ist auf Kontrolle ausgelegt, das relativ schmale Tail auf enge Turns und schnelle Kantenwechsel. Im Deck sorgen die Grabrails f\u00fcr Komfort und Sicherheit beim Tragen und Springen. <\/p>\n<p>Material: EPS Foam, Carbon, Fiberglass, Epoxy * Construction: Carbon Fiberglass Sandwich * Production Technique: Vacuum-Lamination * Foil-Connection: 2 x 10.75\u00a0\u00bb-Tracks * Footstrap-Plugs: 1 + 1 or 1 + 1V Straps* Shaper: Andi Widmann <\/p>\n<p>Includes: Boardbag, Indiana Footstrap Set incl. Screws &amp; Plates, 2 x EVA Pads with square groove, 3 x SF4 Future Honeycomb Fins<\/p>\n","protected":false},"excerpt":{"rendered":"<p>Das 5&rsquo;0 Kitesurf Foil Carbon kann sowohl zum Kitesurfen in kleinen bis mittleren Wellen als auch zum strapless Freestylen benutzt werden. Unser Shaper Andi Widmann hat es f\u00fcr anspruchsvolle Kiter entwickelt, die mit einem Board m\u00f6glichst viel abdecken m\u00f6chten. Die kurze, parallele Outline sorgt f\u00fcr Beschleunigung, Speed und Kontrolle. Das konkave Unterwasserschiff l\u00e4sst das Board [&hellip;]<\/p>\n","protected":false},"featured_media":19790,"comment_status":"open","ping_status":"closed","template":"","meta":[],"product_cat":[594,138],"product_tag":[],"class_list":{"0":"post-19791","1":"product","2":"type-product","3":"status-publish","4":"has-post-thumbnail","6":"product_cat-planches","7":"product_cat-wingfoil-suisse-acheter","8":"product_brand-indiana-suisse","10":"first","11":"instock","12":"shipping-taxable","13":"purchasable","14":"product-type-simple"},"yoast_head":"<!-- This site is optimized with the Yoast SEO plugin v22.8 - https:\/\/yoast.com\/wordpress\/plugins\/seo\/ -->\n<title>Indiana 5&#039;0 Kitesurf Foil Carbon - Elevatesurf<\/title>\n<meta name=\"description\" content=\"Elevatesurf Indiana 5&#039;0 Kitesurf Foil Carbon\" \/>\n<meta name=\"robots\" content=\"index, follow, max-snippet:-1, max-image-preview:large, max-video-preview:-1\" \/>\n<link rel=\"canonical\" href=\"https:\/\/elevatesurf.ch\/fr\/product\/indiana-50-kitesurf-foil-carbon\/\" \/>\n<meta property=\"og:locale\" content=\"fr_FR\" \/>\n<meta property=\"og:type\" content=\"article\" \/>\n<meta property=\"og:title\" content=\"Indiana 5&#039;0 Kitesurf Foil Carbon - Elevatesurf\" \/>\n<meta property=\"og:description\" content=\"Elevatesurf Indiana 5&#039;0 Kitesurf Foil Carbon\" \/>\n<meta property=\"og:url\" content=\"https:\/\/elevatesurf.ch\/fr\/product\/indiana-50-kitesurf-foil-carbon\/\" \/>\n<meta property=\"og:site_name\" content=\"Elevatesurf\" \/>\n<meta property=\"article:modified_time\" content=\"2026-01-10T08:41:18+00:00\" \/>\n<meta property=\"og:image\" content=\"https:\/\/elevatesurf.ch\/wp-content\/uploads\/2024\/08\/3236SP_Indiana_Kite_Foil_Hybrid_5_0__1.png\" \/>\n\t<meta property=\"og:image:width\" content=\"1100\" \/>\n\t<meta property=\"og:image:height\" content=\"1100\" \/>\n\t<meta property=\"og:image:type\" content=\"image\/png\" \/>\n<meta name=\"twitter:card\" content=\"summary_large_image\" \/>\n<meta name=\"twitter:label1\" content=\"Dur\u00e9e de lecture estim\u00e9e\" \/>\n\t<meta name=\"twitter:data1\" content=\"1 minute\" \/>\n<script type=\"application\/ld+json\" class=\"yoast-schema-graph\">{\"@context\":\"https:\/\/schema.org\",\"@graph\":[{\"@type\":[\"WebPage\",\"ItemPage\"],\"@id\":\"https:\/\/elevatesurf.ch\/product\/indiana-50-kitesurf-foil-carbon\/\",\"url\":\"https:\/\/elevatesurf.ch\/product\/indiana-50-kitesurf-foil-carbon\/\",\"name\":\"Indiana 5'0 Kitesurf Foil Carbon - Elevatesurf\",\"isPartOf\":{\"@id\":\"https:\/\/elevatesurf.ch\/#website\"},\"primaryImageOfPage\":{\"@id\":\"https:\/\/elevatesurf.ch\/product\/indiana-50-kitesurf-foil-carbon\/#primaryimage\"},\"image\":{\"@id\":\"https:\/\/elevatesurf.ch\/product\/indiana-50-kitesurf-foil-carbon\/#primaryimage\"},\"thumbnailUrl\":\"https:\/\/elevatesurf.ch\/wp-content\/uploads\/2024\/08\/3236SP_Indiana_Kite_Foil_Hybrid_5_0__1.png\",\"datePublished\":\"2024-08-30T10:08:01+00:00\",\"dateModified\":\"2026-01-10T08:41:18+00:00\",\"description\":\"Elevatesurf Indiana 5'0 Kitesurf Foil Carbon\",\"breadcrumb\":{\"@id\":\"https:\/\/elevatesurf.ch\/product\/indiana-50-kitesurf-foil-carbon\/#breadcrumb\"},\"inLanguage\":\"fr-FR\",\"potentialAction\":[{\"@type\":\"ReadAction\",\"target\":[\"https:\/\/elevatesurf.ch\/product\/indiana-50-kitesurf-foil-carbon\/\"]}]},{\"@type\":\"ImageObject\",\"inLanguage\":\"fr-FR\",\"@id\":\"https:\/\/elevatesurf.ch\/product\/indiana-50-kitesurf-foil-carbon\/#primaryimage\",\"url\":\"https:\/\/elevatesurf.ch\/wp-content\/uploads\/2024\/08\/3236SP_Indiana_Kite_Foil_Hybrid_5_0__1.png\",\"contentUrl\":\"https:\/\/elevatesurf.ch\/wp-content\/uploads\/2024\/08\/3236SP_Indiana_Kite_Foil_Hybrid_5_0__1.png\",\"width\":1100,\"height\":1100},{\"@type\":\"BreadcrumbList\",\"@id\":\"https:\/\/elevatesurf.ch\/product\/indiana-50-kitesurf-foil-carbon\/#breadcrumb\",\"itemListElement\":[{\"@type\":\"ListItem\",\"position\":1,\"name\":\"Accueil\",\"item\":\"https:\/\/elevatesurf.ch\/\"},{\"@type\":\"ListItem\",\"position\":2,\"name\":\"Shop &#8211; \u00c9levez Votre Exp\u00e9rience de Surf avec Notre Collection\",\"item\":\"https:\/\/elevatesurf.ch\/shop\/\"},{\"@type\":\"ListItem\",\"position\":3,\"name\":\"Indiana 5&rsquo;0 Kitesurf Foil Carbon\"}]},{\"@type\":\"WebSite\",\"@id\":\"https:\/\/elevatesurf.ch\/#website\",\"url\":\"https:\/\/elevatesurf.ch\/\",\"name\":\"Elevatesurf\",\"description\":\"Surfez vers de nouveaux sommets avec ElevateSurf ! Kiteshop, Wingshop\",\"publisher\":{\"@id\":\"https:\/\/elevatesurf.ch\/#organization\"},\"potentialAction\":[{\"@type\":\"SearchAction\",\"target\":{\"@type\":\"EntryPoint\",\"urlTemplate\":\"https:\/\/elevatesurf.ch\/?s={search_term_string}\"},\"query-input\":\"required name=search_term_string\"}],\"inLanguage\":\"fr-FR\"},{\"@type\":\"Organization\",\"@id\":\"https:\/\/elevatesurf.ch\/#organization\",\"name\":\"Elevatesurf\",\"url\":\"https:\/\/elevatesurf.ch\/\",\"logo\":{\"@type\":\"ImageObject\",\"inLanguage\":\"fr-FR\",\"@id\":\"https:\/\/elevatesurf.ch\/#\/schema\/logo\/image\/\",\"url\":\"https:\/\/elevatesurf.ch\/wp-content\/uploads\/2024\/06\/67c2ec70-bdf5-4c14-898a-ded5b2051398.jpg\",\"contentUrl\":\"https:\/\/elevatesurf.ch\/wp-content\/uploads\/2024\/06\/67c2ec70-bdf5-4c14-898a-ded5b2051398.jpg\",\"width\":1024,\"height\":1024,\"caption\":\"Elevatesurf\"},\"image\":{\"@id\":\"https:\/\/elevatesurf.ch\/#\/schema\/logo\/image\/\"},\"sameAs\":[\"https:\/\/www.instagram.com\/elevate__surf\/\"]}]}<\/script>\n<!-- \/ Yoast SEO plugin. -->","yoast_head_json":{"title":"Indiana 5'0 Kitesurf Foil Carbon - Elevatesurf","description":"Elevatesurf Indiana 5'0 Kitesurf Foil Carbon","robots":{"index":"index","follow":"follow","max-snippet":"max-snippet:-1","max-image-preview":"max-image-preview:large","max-video-preview":"max-video-preview:-1"},"canonical":"https:\/\/elevatesurf.ch\/fr\/product\/indiana-50-kitesurf-foil-carbon\/","og_locale":"fr_FR","og_type":"article","og_title":"Indiana 5'0 Kitesurf Foil Carbon - Elevatesurf","og_description":"Elevatesurf Indiana 5'0 Kitesurf Foil Carbon","og_url":"https:\/\/elevatesurf.ch\/fr\/product\/indiana-50-kitesurf-foil-carbon\/","og_site_name":"Elevatesurf","article_modified_time":"2026-01-10T08:41:18+00:00","og_image":[{"width":1100,"height":1100,"url":"https:\/\/elevatesurf.ch\/wp-content\/uploads\/2024\/08\/3236SP_Indiana_Kite_Foil_Hybrid_5_0__1.png","type":"image\/png"}],"twitter_card":"summary_large_image","twitter_misc":{"Dur\u00e9e de lecture estim\u00e9e":"1 minute"},"schema":{"@context":"https:\/\/schema.org","@graph":[{"@type":["WebPage","ItemPage"],"@id":"https:\/\/elevatesurf.ch\/product\/indiana-50-kitesurf-foil-carbon\/","url":"https:\/\/elevatesurf.ch\/product\/indiana-50-kitesurf-foil-carbon\/","name":"Indiana 5'0 Kitesurf Foil Carbon - Elevatesurf","isPartOf":{"@id":"https:\/\/elevatesurf.ch\/#website"},"primaryImageOfPage":{"@id":"https:\/\/elevatesurf.ch\/product\/indiana-50-kitesurf-foil-carbon\/#primaryimage"},"image":{"@id":"https:\/\/elevatesurf.ch\/product\/indiana-50-kitesurf-foil-carbon\/#primaryimage"},"thumbnailUrl":"https:\/\/elevatesurf.ch\/wp-content\/uploads\/2024\/08\/3236SP_Indiana_Kite_Foil_Hybrid_5_0__1.png","datePublished":"2024-08-30T10:08:01+00:00","dateModified":"2026-01-10T08:41:18+00:00","description":"Elevatesurf Indiana 5'0 Kitesurf Foil Carbon","breadcrumb":{"@id":"https:\/\/elevatesurf.ch\/product\/indiana-50-kitesurf-foil-carbon\/#breadcrumb"},"inLanguage":"fr-FR","potentialAction":[{"@type":"ReadAction","target":["https:\/\/elevatesurf.ch\/product\/indiana-50-kitesurf-foil-carbon\/"]}]},{"@type":"ImageObject","inLanguage":"fr-FR","@id":"https:\/\/elevatesurf.ch\/product\/indiana-50-kitesurf-foil-carbon\/#primaryimage","url":"https:\/\/elevatesurf.ch\/wp-content\/uploads\/2024\/08\/3236SP_Indiana_Kite_Foil_Hybrid_5_0__1.png","contentUrl":"https:\/\/elevatesurf.ch\/wp-content\/uploads\/2024\/08\/3236SP_Indiana_Kite_Foil_Hybrid_5_0__1.png","width":1100,"height":1100},{"@type":"BreadcrumbList","@id":"https:\/\/elevatesurf.ch\/product\/indiana-50-kitesurf-foil-carbon\/#breadcrumb","itemListElement":[{"@type":"ListItem","position":1,"name":"Accueil","item":"https:\/\/elevatesurf.ch\/"},{"@type":"ListItem","position":2,"name":"Shop &#8211; \u00c9levez Votre Exp\u00e9rience de Surf avec Notre Collection","item":"https:\/\/elevatesurf.ch\/shop\/"},{"@type":"ListItem","position":3,"name":"Indiana 5&rsquo;0 Kitesurf Foil Carbon"}]},{"@type":"WebSite","@id":"https:\/\/elevatesurf.ch\/#website","url":"https:\/\/elevatesurf.ch\/","name":"Elevatesurf","description":"Surfez vers de nouveaux sommets avec ElevateSurf ! Kiteshop, Wingshop","publisher":{"@id":"https:\/\/elevatesurf.ch\/#organization"},"potentialAction":[{"@type":"SearchAction","target":{"@type":"EntryPoint","urlTemplate":"https:\/\/elevatesurf.ch\/?s={search_term_string}"},"query-input":"required name=search_term_string"}],"inLanguage":"fr-FR"},{"@type":"Organization","@id":"https:\/\/elevatesurf.ch\/#organization","name":"Elevatesurf","url":"https:\/\/elevatesurf.ch\/","logo":{"@type":"ImageObject","inLanguage":"fr-FR","@id":"https:\/\/elevatesurf.ch\/#\/schema\/logo\/image\/","url":"https:\/\/elevatesurf.ch\/wp-content\/uploads\/2024\/06\/67c2ec70-bdf5-4c14-898a-ded5b2051398.jpg","contentUrl":"https:\/\/elevatesurf.ch\/wp-content\/uploads\/2024\/06\/67c2ec70-bdf5-4c14-898a-ded5b2051398.jpg","width":1024,"height":1024,"caption":"Elevatesurf"},"image":{"@id":"https:\/\/elevatesurf.ch\/#\/schema\/logo\/image\/"},"sameAs":["https:\/\/www.instagram.com\/elevate__surf\/"]}]}},"_links":{"self":[{"href":"https:\/\/elevatesurf.ch\/fr\/wp-json\/wp\/v2\/product\/19791","targetHints":{"allow":["GET"]}}],"collection":[{"href":"https:\/\/elevatesurf.ch\/fr\/wp-json\/wp\/v2\/product"}],"about":[{"href":"https:\/\/elevatesurf.ch\/fr\/wp-json\/wp\/v2\/types\/product"}],"replies":[{"embeddable":true,"href":"https:\/\/elevatesurf.ch\/fr\/wp-json\/wp\/v2\/comments?post=19791"}],"wp:featuredmedia":[{"embeddable":true,"href":"https:\/\/elevatesurf.ch\/fr\/wp-json\/wp\/v2\/media\/19790"}],"wp:attachment":[{"href":"https:\/\/elevatesurf.ch\/fr\/wp-json\/wp\/v2\/media?parent=19791"}],"wp:term":[{"taxonomy":"product_cat","embeddable":true,"href":"https:\/\/elevatesurf.ch\/fr\/wp-json\/wp\/v2\/product_cat?post=19791"},{"taxonomy":"product_tag","embeddable":true,"href":"https:\/\/elevatesurf.ch\/fr\/wp-json\/wp\/v2\/product_tag?post=19791"}],"curies":[{"name":"wp","href":"https:\/\/api.w.org\/{rel}","templated":true}]}}