{"id":19811,"date":"2024-08-30T10:08:33","date_gmt":"2024-08-30T10:08:33","guid":{"rendered":"https:\/\/elevatesurf.ch\/product\/indiana-battery-pump-ht-790\/"},"modified":"2026-01-10T08:41:19","modified_gmt":"2026-01-10T08:41:19","slug":"indiana-battery-pump-ht-790","status":"publish","type":"product","link":"https:\/\/elevatesurf.ch\/fr\/product\/indiana-battery-pump-ht-790\/","title":{"rendered":"Indiana Battery Pump HT-790"},"content":{"rendered":"<p>Die Indiana Akkupumpe HT-790 erm\u00f6glicht einen schnellen und einfachen Wechsel der Druckeinheit (bar oder PSI) und pumpt bis zu 20 PSI. Der ergonomische Klappgriff erleichtert zudem den Transport.<br \/>\nDank integrierter Stoppfunktion schaltet sich die Pumpe automatisch ab, wenn der gew\u00fcnschte Luftdruck erreicht ist. Sie verf\u00fcgt \u00fcber einen eingebauten, hocheffizienten 6000mAh Lithium-Akku.<br \/>\nDie Pumpe bietet 2 USB-Anschl\u00fcsse und kann somit auch als Powerbank verwendet werden. Aufgeladen wird sie an der Steckdose. Auch im Auto kann die Pumpe per 12 Volt-Stecker angeschlossen und betrieben werden, wenn der Akku leer ist. Der langlebige Schlauch mit diversen Adaptern erm\u00f6glicht vielf\u00e4ltige Einsatzm\u00f6glichkeiten. Die 3 LED-Leuchten sind bei n\u00e4chtlicher Action auf jeden Fall eine Hilfe.<br \/>\nPerfekt zum Aufpumpen von iSUPs und anderen auflasbaren Sportartikeln.<br \/>\n&nbsp;<br \/>\nWiederaufladbarer Lithium-Akku mit 6000mAH. Reicht f\u00fcr ca. 3-4 SUPs aufzupumpen pro Ladung.<br \/>\nLeistung: 110W<br \/>\nKapazit\u00e4t: Stufe 1: Gebl\u00e4se mit 350 Liter\/min Stufe 2: Kompressor mit 70 Liter\/min<br \/>\nModi: 2 Schlauch-Anschl\u00fcsse f\u00fcr Aufblasen und Absaugen<br \/>\n&nbsp;<br \/>\nIm Lieferumfang enthalten: Schlauch mit 6 Ventiladaptern, 12-V-Kabel mit Zigarettenanz\u00fcnderstecker, 230-V-Ladekabel, Aufbewahrungstasche, Manual<\/p>\n","protected":false},"excerpt":{"rendered":"<p>Die Indiana Akkupumpe HT-790 erm\u00f6glicht einen schnellen und einfachen Wechsel der Druckeinheit (bar oder PSI) und pumpt bis zu 20 PSI. Der ergonomische Klappgriff erleichtert zudem den Transport. Dank integrierter Stoppfunktion schaltet sich die Pumpe automatisch ab, wenn der gew\u00fcnschte Luftdruck erreicht ist. Sie verf\u00fcgt \u00fcber einen eingebauten, hocheffizienten 6000mAh Lithium-Akku. Die Pumpe bietet 2 [&hellip;]<\/p>\n","protected":false},"featured_media":19810,"comment_status":"open","ping_status":"closed","template":"","meta":[],"product_cat":[977],"product_tag":[],"class_list":{"0":"post-19811","1":"product","2":"type-product","3":"status-publish","4":"has-post-thumbnail","6":"product_cat-accessoires","7":"product_brand-indiana-suisse","9":"first","10":"instock","11":"shipping-taxable","12":"purchasable","13":"product-type-simple"},"yoast_head":"<!-- This site is optimized with the Yoast SEO plugin v22.8 - https:\/\/yoast.com\/wordpress\/plugins\/seo\/ -->\n<title>Indiana Battery Pump HT-790 - Elevatesurf<\/title>\n<meta name=\"description\" content=\"Elevatesurf Indiana Battery Pump HT-790\" \/>\n<meta name=\"robots\" content=\"index, follow, max-snippet:-1, max-image-preview:large, max-video-preview:-1\" \/>\n<link rel=\"canonical\" href=\"https:\/\/elevatesurf.ch\/fr\/product\/indiana-battery-pump-ht-790\/\" \/>\n<meta property=\"og:locale\" content=\"fr_FR\" \/>\n<meta property=\"og:type\" content=\"article\" \/>\n<meta property=\"og:title\" content=\"Indiana Battery Pump HT-790 - Elevatesurf\" \/>\n<meta property=\"og:description\" content=\"Elevatesurf Indiana Battery Pump HT-790\" \/>\n<meta property=\"og:url\" content=\"https:\/\/elevatesurf.ch\/fr\/product\/indiana-battery-pump-ht-790\/\" \/>\n<meta property=\"og:site_name\" content=\"Elevatesurf\" \/>\n<meta property=\"article:modified_time\" content=\"2026-01-10T08:41:19+00:00\" \/>\n<meta property=\"og:image\" content=\"https:\/\/elevatesurf.ch\/wp-content\/uploads\/2024\/08\/5207sl_indiana_battery_pump_complete.png\" \/>\n\t<meta property=\"og:image:width\" content=\"1300\" \/>\n\t<meta property=\"og:image:height\" content=\"950\" \/>\n\t<meta property=\"og:image:type\" content=\"image\/png\" \/>\n<meta name=\"twitter:card\" content=\"summary_large_image\" \/>\n<meta name=\"twitter:label1\" content=\"Dur\u00e9e de lecture estim\u00e9e\" \/>\n\t<meta name=\"twitter:data1\" content=\"1 minute\" \/>\n<script type=\"application\/ld+json\" class=\"yoast-schema-graph\">{\"@context\":\"https:\/\/schema.org\",\"@graph\":[{\"@type\":[\"WebPage\",\"ItemPage\"],\"@id\":\"https:\/\/elevatesurf.ch\/product\/indiana-battery-pump-ht-790\/\",\"url\":\"https:\/\/elevatesurf.ch\/product\/indiana-battery-pump-ht-790\/\",\"name\":\"Indiana Battery Pump HT-790 - Elevatesurf\",\"isPartOf\":{\"@id\":\"https:\/\/elevatesurf.ch\/#website\"},\"primaryImageOfPage\":{\"@id\":\"https:\/\/elevatesurf.ch\/product\/indiana-battery-pump-ht-790\/#primaryimage\"},\"image\":{\"@id\":\"https:\/\/elevatesurf.ch\/product\/indiana-battery-pump-ht-790\/#primaryimage\"},\"thumbnailUrl\":\"https:\/\/elevatesurf.ch\/wp-content\/uploads\/2024\/08\/5207sl_indiana_battery_pump_complete.png\",\"datePublished\":\"2024-08-30T10:08:33+00:00\",\"dateModified\":\"2026-01-10T08:41:19+00:00\",\"description\":\"Elevatesurf Indiana Battery Pump HT-790\",\"breadcrumb\":{\"@id\":\"https:\/\/elevatesurf.ch\/product\/indiana-battery-pump-ht-790\/#breadcrumb\"},\"inLanguage\":\"fr-FR\",\"potentialAction\":[{\"@type\":\"ReadAction\",\"target\":[\"https:\/\/elevatesurf.ch\/product\/indiana-battery-pump-ht-790\/\"]}]},{\"@type\":\"ImageObject\",\"inLanguage\":\"fr-FR\",\"@id\":\"https:\/\/elevatesurf.ch\/product\/indiana-battery-pump-ht-790\/#primaryimage\",\"url\":\"https:\/\/elevatesurf.ch\/wp-content\/uploads\/2024\/08\/5207sl_indiana_battery_pump_complete.png\",\"contentUrl\":\"https:\/\/elevatesurf.ch\/wp-content\/uploads\/2024\/08\/5207sl_indiana_battery_pump_complete.png\",\"width\":1300,\"height\":950},{\"@type\":\"BreadcrumbList\",\"@id\":\"https:\/\/elevatesurf.ch\/product\/indiana-battery-pump-ht-790\/#breadcrumb\",\"itemListElement\":[{\"@type\":\"ListItem\",\"position\":1,\"name\":\"Accueil\",\"item\":\"https:\/\/elevatesurf.ch\/\"},{\"@type\":\"ListItem\",\"position\":2,\"name\":\"Shop &#8211; \u00c9levez Votre Exp\u00e9rience de Surf avec Notre Collection\",\"item\":\"https:\/\/elevatesurf.ch\/shop\/\"},{\"@type\":\"ListItem\",\"position\":3,\"name\":\"Indiana Battery Pump HT-790\"}]},{\"@type\":\"WebSite\",\"@id\":\"https:\/\/elevatesurf.ch\/#website\",\"url\":\"https:\/\/elevatesurf.ch\/\",\"name\":\"Elevatesurf\",\"description\":\"Surfez vers de nouveaux sommets avec ElevateSurf ! Kiteshop, Wingshop\",\"publisher\":{\"@id\":\"https:\/\/elevatesurf.ch\/#organization\"},\"potentialAction\":[{\"@type\":\"SearchAction\",\"target\":{\"@type\":\"EntryPoint\",\"urlTemplate\":\"https:\/\/elevatesurf.ch\/?s={search_term_string}\"},\"query-input\":\"required name=search_term_string\"}],\"inLanguage\":\"fr-FR\"},{\"@type\":\"Organization\",\"@id\":\"https:\/\/elevatesurf.ch\/#organization\",\"name\":\"Elevatesurf\",\"url\":\"https:\/\/elevatesurf.ch\/\",\"logo\":{\"@type\":\"ImageObject\",\"inLanguage\":\"fr-FR\",\"@id\":\"https:\/\/elevatesurf.ch\/#\/schema\/logo\/image\/\",\"url\":\"https:\/\/elevatesurf.ch\/wp-content\/uploads\/2024\/06\/67c2ec70-bdf5-4c14-898a-ded5b2051398.jpg\",\"contentUrl\":\"https:\/\/elevatesurf.ch\/wp-content\/uploads\/2024\/06\/67c2ec70-bdf5-4c14-898a-ded5b2051398.jpg\",\"width\":1024,\"height\":1024,\"caption\":\"Elevatesurf\"},\"image\":{\"@id\":\"https:\/\/elevatesurf.ch\/#\/schema\/logo\/image\/\"},\"sameAs\":[\"https:\/\/www.instagram.com\/elevate__surf\/\"]}]}<\/script>\n<!-- \/ Yoast SEO plugin. -->","yoast_head_json":{"title":"Indiana Battery Pump HT-790 - Elevatesurf","description":"Elevatesurf Indiana Battery Pump HT-790","robots":{"index":"index","follow":"follow","max-snippet":"max-snippet:-1","max-image-preview":"max-image-preview:large","max-video-preview":"max-video-preview:-1"},"canonical":"https:\/\/elevatesurf.ch\/fr\/product\/indiana-battery-pump-ht-790\/","og_locale":"fr_FR","og_type":"article","og_title":"Indiana Battery Pump HT-790 - Elevatesurf","og_description":"Elevatesurf Indiana Battery Pump HT-790","og_url":"https:\/\/elevatesurf.ch\/fr\/product\/indiana-battery-pump-ht-790\/","og_site_name":"Elevatesurf","article_modified_time":"2026-01-10T08:41:19+00:00","og_image":[{"width":1300,"height":950,"url":"https:\/\/elevatesurf.ch\/wp-content\/uploads\/2024\/08\/5207sl_indiana_battery_pump_complete.png","type":"image\/png"}],"twitter_card":"summary_large_image","twitter_misc":{"Dur\u00e9e de lecture estim\u00e9e":"1 minute"},"schema":{"@context":"https:\/\/schema.org","@graph":[{"@type":["WebPage","ItemPage"],"@id":"https:\/\/elevatesurf.ch\/product\/indiana-battery-pump-ht-790\/","url":"https:\/\/elevatesurf.ch\/product\/indiana-battery-pump-ht-790\/","name":"Indiana Battery Pump HT-790 - Elevatesurf","isPartOf":{"@id":"https:\/\/elevatesurf.ch\/#website"},"primaryImageOfPage":{"@id":"https:\/\/elevatesurf.ch\/product\/indiana-battery-pump-ht-790\/#primaryimage"},"image":{"@id":"https:\/\/elevatesurf.ch\/product\/indiana-battery-pump-ht-790\/#primaryimage"},"thumbnailUrl":"https:\/\/elevatesurf.ch\/wp-content\/uploads\/2024\/08\/5207sl_indiana_battery_pump_complete.png","datePublished":"2024-08-30T10:08:33+00:00","dateModified":"2026-01-10T08:41:19+00:00","description":"Elevatesurf Indiana Battery Pump HT-790","breadcrumb":{"@id":"https:\/\/elevatesurf.ch\/product\/indiana-battery-pump-ht-790\/#breadcrumb"},"inLanguage":"fr-FR","potentialAction":[{"@type":"ReadAction","target":["https:\/\/elevatesurf.ch\/product\/indiana-battery-pump-ht-790\/"]}]},{"@type":"ImageObject","inLanguage":"fr-FR","@id":"https:\/\/elevatesurf.ch\/product\/indiana-battery-pump-ht-790\/#primaryimage","url":"https:\/\/elevatesurf.ch\/wp-content\/uploads\/2024\/08\/5207sl_indiana_battery_pump_complete.png","contentUrl":"https:\/\/elevatesurf.ch\/wp-content\/uploads\/2024\/08\/5207sl_indiana_battery_pump_complete.png","width":1300,"height":950},{"@type":"BreadcrumbList","@id":"https:\/\/elevatesurf.ch\/product\/indiana-battery-pump-ht-790\/#breadcrumb","itemListElement":[{"@type":"ListItem","position":1,"name":"Accueil","item":"https:\/\/elevatesurf.ch\/"},{"@type":"ListItem","position":2,"name":"Shop &#8211; \u00c9levez Votre Exp\u00e9rience de Surf avec Notre Collection","item":"https:\/\/elevatesurf.ch\/shop\/"},{"@type":"ListItem","position":3,"name":"Indiana Battery Pump HT-790"}]},{"@type":"WebSite","@id":"https:\/\/elevatesurf.ch\/#website","url":"https:\/\/elevatesurf.ch\/","name":"Elevatesurf","description":"Surfez vers de nouveaux sommets avec ElevateSurf ! Kiteshop, Wingshop","publisher":{"@id":"https:\/\/elevatesurf.ch\/#organization"},"potentialAction":[{"@type":"SearchAction","target":{"@type":"EntryPoint","urlTemplate":"https:\/\/elevatesurf.ch\/?s={search_term_string}"},"query-input":"required name=search_term_string"}],"inLanguage":"fr-FR"},{"@type":"Organization","@id":"https:\/\/elevatesurf.ch\/#organization","name":"Elevatesurf","url":"https:\/\/elevatesurf.ch\/","logo":{"@type":"ImageObject","inLanguage":"fr-FR","@id":"https:\/\/elevatesurf.ch\/#\/schema\/logo\/image\/","url":"https:\/\/elevatesurf.ch\/wp-content\/uploads\/2024\/06\/67c2ec70-bdf5-4c14-898a-ded5b2051398.jpg","contentUrl":"https:\/\/elevatesurf.ch\/wp-content\/uploads\/2024\/06\/67c2ec70-bdf5-4c14-898a-ded5b2051398.jpg","width":1024,"height":1024,"caption":"Elevatesurf"},"image":{"@id":"https:\/\/elevatesurf.ch\/#\/schema\/logo\/image\/"},"sameAs":["https:\/\/www.instagram.com\/elevate__surf\/"]}]}},"_links":{"self":[{"href":"https:\/\/elevatesurf.ch\/fr\/wp-json\/wp\/v2\/product\/19811","targetHints":{"allow":["GET"]}}],"collection":[{"href":"https:\/\/elevatesurf.ch\/fr\/wp-json\/wp\/v2\/product"}],"about":[{"href":"https:\/\/elevatesurf.ch\/fr\/wp-json\/wp\/v2\/types\/product"}],"replies":[{"embeddable":true,"href":"https:\/\/elevatesurf.ch\/fr\/wp-json\/wp\/v2\/comments?post=19811"}],"wp:featuredmedia":[{"embeddable":true,"href":"https:\/\/elevatesurf.ch\/fr\/wp-json\/wp\/v2\/media\/19810"}],"wp:attachment":[{"href":"https:\/\/elevatesurf.ch\/fr\/wp-json\/wp\/v2\/media?parent=19811"}],"wp:term":[{"taxonomy":"product_cat","embeddable":true,"href":"https:\/\/elevatesurf.ch\/fr\/wp-json\/wp\/v2\/product_cat?post=19811"},{"taxonomy":"product_tag","embeddable":true,"href":"https:\/\/elevatesurf.ch\/fr\/wp-json\/wp\/v2\/product_tag?post=19811"}],"curies":[{"name":"wp","href":"https:\/\/api.w.org\/{rel}","templated":true}]}}