{"id":19813,"date":"2024-08-30T10:08:35","date_gmt":"2024-08-30T10:08:35","guid":{"rendered":"https:\/\/elevatesurf.ch\/product\/indiana-windsurf-foil-920-h-ar-complete\/"},"modified":"2026-01-10T08:41:19","modified_gmt":"2026-01-10T08:41:19","slug":"indiana-windsurf-foil-920-h-ar-complete","status":"publish","type":"product","link":"https:\/\/elevatesurf.ch\/fr\/product\/indiana-windsurf-foil-920-h-ar-complete\/","title":{"rendered":"Indiana Windsurf Foil 920 H-AR Complete"},"content":{"rendered":"<p>Der Front Wing 920H-AR wurde entwickelt, um die Grenzen zu \u00fcberschreiten. Das einzigartige Profil und die Kontur pushen den Front Wing 920H-AR in einen neuen Geschwindigkeitsbereich. Das Spitzenprofil erm\u00f6glicht erstaunliche Recoveries was den Fl\u00fcgel sehr verzeihend macht. Es erm\u00f6glicht aber auch aggressive Kurven mit den Spitzen aus dem Wasser. Der Front Wing 920H-AR ist schnell. Das neue Profil verleiht dem Fl\u00fcgel erstaunliche Leistung und Stabilit\u00e4t bei hohen Geschwindigkeiten und bei Man\u00f6vern. Wing und Windfoilers werden das m\u00fchelose Gleiten und die Geschwindigkeit lieben. Obwohl der Front Wing 920H-AR ein Seitenverh\u00e4ltnis von 5,9 hat, schlitzt und dreht er sich immer noch wie ein Traum. Surffoilers werden an der neuen Beweglichkeit des Fl\u00fcgels ihre Freude haben. Aber auch Kitefoilers werden beim Front Wing 920H-AR auf ihre Kosten kommen. Die Geschwindigkeit und die Leistung gegen den Wind machen das Fahren dieses Fl\u00fcgels zu einem einzigen Vergn\u00fcgen. Die Beschleunigung und Stabilit\u00e4t in Kombination mit dem erstaunlichen Low-End machen diesen Fl\u00fcgel zu einem Muss f\u00fcr jeden Kiter. Wird mit hochwertiger Schutzh\u00fclle ausgeliefert.<br \/>\n&nbsp;<br \/>\nBesteht aus:<br \/>\n&#8211; Indiana Foil Stabilizer 550 (with Sleeve)<br \/>\n&#8211; Indiana Foil Front Wing 920H-AR (with Sleeve)<br \/>\n&#8211; Indiana Foil Alu Mast 90 cm (with Sleeve)<br \/>\n&#8211; Indiana Foil Set of Mast \/ Fuselage Screws<br \/>\n&#8211; Indiana Foil Tuttle Adaptor Plate<br \/>\n&#8211; Indiana Foil Deep Tuttle Adaptor Head<br \/>\n&#8211; Indiana Foil Set of Stab Angle Adaptors<br \/>\n&#8211; Indiana Foil Windsurf Fuselage 750 (incl. Cartridge)<\/p>\n","protected":false},"excerpt":{"rendered":"<p>Der Front Wing 920H-AR wurde entwickelt, um die Grenzen zu \u00fcberschreiten. Das einzigartige Profil und die Kontur pushen den Front Wing 920H-AR in einen neuen Geschwindigkeitsbereich. Das Spitzenprofil erm\u00f6glicht erstaunliche Recoveries was den Fl\u00fcgel sehr verzeihend macht. Es erm\u00f6glicht aber auch aggressive Kurven mit den Spitzen aus dem Wasser. Der Front Wing 920H-AR ist schnell. [&hellip;]<\/p>\n","protected":false},"featured_media":19812,"comment_status":"open","ping_status":"closed","template":"","meta":[],"product_cat":[643,138],"product_tag":[],"class_list":{"0":"post-19813","1":"product","2":"type-product","3":"status-publish","4":"has-post-thumbnail","6":"product_cat-foils","7":"product_cat-wingfoil-suisse-acheter","8":"product_brand-indiana-suisse","10":"first","11":"instock","12":"shipping-taxable","13":"purchasable","14":"product-type-simple"},"yoast_head":"<!-- This site is optimized with the Yoast SEO plugin v22.8 - https:\/\/yoast.com\/wordpress\/plugins\/seo\/ -->\n<title>Indiana Windsurf Foil 920 H-AR Complete - Elevatesurf<\/title>\n<meta name=\"description\" content=\"Elevatesurf Indiana Windsurf Foil 920 H-AR Complete\" \/>\n<meta name=\"robots\" content=\"index, follow, max-snippet:-1, max-image-preview:large, max-video-preview:-1\" \/>\n<link rel=\"canonical\" href=\"https:\/\/elevatesurf.ch\/fr\/product\/indiana-windsurf-foil-920-h-ar-complete\/\" \/>\n<meta property=\"og:locale\" content=\"fr_FR\" \/>\n<meta property=\"og:type\" content=\"article\" \/>\n<meta property=\"og:title\" content=\"Indiana Windsurf Foil 920 H-AR Complete - Elevatesurf\" \/>\n<meta property=\"og:description\" content=\"Elevatesurf Indiana Windsurf Foil 920 H-AR Complete\" \/>\n<meta property=\"og:url\" content=\"https:\/\/elevatesurf.ch\/fr\/product\/indiana-windsurf-foil-920-h-ar-complete\/\" \/>\n<meta property=\"og:site_name\" content=\"Elevatesurf\" \/>\n<meta property=\"article:modified_time\" content=\"2026-01-10T08:41:19+00:00\" \/>\n<meta property=\"og:image\" content=\"https:\/\/elevatesurf.ch\/wp-content\/uploads\/2024\/08\/3377AP_Indiana_Windsurf_Foil_920_H_AR_Complete_.png\" \/>\n\t<meta property=\"og:image:width\" content=\"1100\" \/>\n\t<meta property=\"og:image:height\" content=\"1100\" \/>\n\t<meta property=\"og:image:type\" content=\"image\/png\" \/>\n<meta name=\"twitter:card\" content=\"summary_large_image\" \/>\n<meta name=\"twitter:label1\" content=\"Dur\u00e9e de lecture estim\u00e9e\" \/>\n\t<meta name=\"twitter:data1\" content=\"1 minute\" \/>\n<script type=\"application\/ld+json\" class=\"yoast-schema-graph\">{\"@context\":\"https:\/\/schema.org\",\"@graph\":[{\"@type\":[\"WebPage\",\"ItemPage\"],\"@id\":\"https:\/\/elevatesurf.ch\/product\/indiana-windsurf-foil-920-h-ar-complete\/\",\"url\":\"https:\/\/elevatesurf.ch\/product\/indiana-windsurf-foil-920-h-ar-complete\/\",\"name\":\"Indiana Windsurf Foil 920 H-AR Complete - Elevatesurf\",\"isPartOf\":{\"@id\":\"https:\/\/elevatesurf.ch\/#website\"},\"primaryImageOfPage\":{\"@id\":\"https:\/\/elevatesurf.ch\/product\/indiana-windsurf-foil-920-h-ar-complete\/#primaryimage\"},\"image\":{\"@id\":\"https:\/\/elevatesurf.ch\/product\/indiana-windsurf-foil-920-h-ar-complete\/#primaryimage\"},\"thumbnailUrl\":\"https:\/\/elevatesurf.ch\/wp-content\/uploads\/2024\/08\/3377AP_Indiana_Windsurf_Foil_920_H_AR_Complete_.png\",\"datePublished\":\"2024-08-30T10:08:35+00:00\",\"dateModified\":\"2026-01-10T08:41:19+00:00\",\"description\":\"Elevatesurf Indiana Windsurf Foil 920 H-AR Complete\",\"breadcrumb\":{\"@id\":\"https:\/\/elevatesurf.ch\/product\/indiana-windsurf-foil-920-h-ar-complete\/#breadcrumb\"},\"inLanguage\":\"fr-FR\",\"potentialAction\":[{\"@type\":\"ReadAction\",\"target\":[\"https:\/\/elevatesurf.ch\/product\/indiana-windsurf-foil-920-h-ar-complete\/\"]}]},{\"@type\":\"ImageObject\",\"inLanguage\":\"fr-FR\",\"@id\":\"https:\/\/elevatesurf.ch\/product\/indiana-windsurf-foil-920-h-ar-complete\/#primaryimage\",\"url\":\"https:\/\/elevatesurf.ch\/wp-content\/uploads\/2024\/08\/3377AP_Indiana_Windsurf_Foil_920_H_AR_Complete_.png\",\"contentUrl\":\"https:\/\/elevatesurf.ch\/wp-content\/uploads\/2024\/08\/3377AP_Indiana_Windsurf_Foil_920_H_AR_Complete_.png\",\"width\":1100,\"height\":1100},{\"@type\":\"BreadcrumbList\",\"@id\":\"https:\/\/elevatesurf.ch\/product\/indiana-windsurf-foil-920-h-ar-complete\/#breadcrumb\",\"itemListElement\":[{\"@type\":\"ListItem\",\"position\":1,\"name\":\"Accueil\",\"item\":\"https:\/\/elevatesurf.ch\/\"},{\"@type\":\"ListItem\",\"position\":2,\"name\":\"Shop &#8211; \u00c9levez Votre Exp\u00e9rience de Surf avec Notre Collection\",\"item\":\"https:\/\/elevatesurf.ch\/shop\/\"},{\"@type\":\"ListItem\",\"position\":3,\"name\":\"Indiana Windsurf Foil 920 H-AR Complete\"}]},{\"@type\":\"WebSite\",\"@id\":\"https:\/\/elevatesurf.ch\/#website\",\"url\":\"https:\/\/elevatesurf.ch\/\",\"name\":\"Elevatesurf\",\"description\":\"Surfez vers de nouveaux sommets avec ElevateSurf ! Kiteshop, Wingshop\",\"publisher\":{\"@id\":\"https:\/\/elevatesurf.ch\/#organization\"},\"potentialAction\":[{\"@type\":\"SearchAction\",\"target\":{\"@type\":\"EntryPoint\",\"urlTemplate\":\"https:\/\/elevatesurf.ch\/?s={search_term_string}\"},\"query-input\":\"required name=search_term_string\"}],\"inLanguage\":\"fr-FR\"},{\"@type\":\"Organization\",\"@id\":\"https:\/\/elevatesurf.ch\/#organization\",\"name\":\"Elevatesurf\",\"url\":\"https:\/\/elevatesurf.ch\/\",\"logo\":{\"@type\":\"ImageObject\",\"inLanguage\":\"fr-FR\",\"@id\":\"https:\/\/elevatesurf.ch\/#\/schema\/logo\/image\/\",\"url\":\"https:\/\/elevatesurf.ch\/wp-content\/uploads\/2024\/06\/67c2ec70-bdf5-4c14-898a-ded5b2051398.jpg\",\"contentUrl\":\"https:\/\/elevatesurf.ch\/wp-content\/uploads\/2024\/06\/67c2ec70-bdf5-4c14-898a-ded5b2051398.jpg\",\"width\":1024,\"height\":1024,\"caption\":\"Elevatesurf\"},\"image\":{\"@id\":\"https:\/\/elevatesurf.ch\/#\/schema\/logo\/image\/\"},\"sameAs\":[\"https:\/\/www.instagram.com\/elevate__surf\/\"]}]}<\/script>\n<!-- \/ Yoast SEO plugin. -->","yoast_head_json":{"title":"Indiana Windsurf Foil 920 H-AR Complete - Elevatesurf","description":"Elevatesurf Indiana Windsurf Foil 920 H-AR Complete","robots":{"index":"index","follow":"follow","max-snippet":"max-snippet:-1","max-image-preview":"max-image-preview:large","max-video-preview":"max-video-preview:-1"},"canonical":"https:\/\/elevatesurf.ch\/fr\/product\/indiana-windsurf-foil-920-h-ar-complete\/","og_locale":"fr_FR","og_type":"article","og_title":"Indiana Windsurf Foil 920 H-AR Complete - Elevatesurf","og_description":"Elevatesurf Indiana Windsurf Foil 920 H-AR Complete","og_url":"https:\/\/elevatesurf.ch\/fr\/product\/indiana-windsurf-foil-920-h-ar-complete\/","og_site_name":"Elevatesurf","article_modified_time":"2026-01-10T08:41:19+00:00","og_image":[{"width":1100,"height":1100,"url":"https:\/\/elevatesurf.ch\/wp-content\/uploads\/2024\/08\/3377AP_Indiana_Windsurf_Foil_920_H_AR_Complete_.png","type":"image\/png"}],"twitter_card":"summary_large_image","twitter_misc":{"Dur\u00e9e de lecture estim\u00e9e":"1 minute"},"schema":{"@context":"https:\/\/schema.org","@graph":[{"@type":["WebPage","ItemPage"],"@id":"https:\/\/elevatesurf.ch\/product\/indiana-windsurf-foil-920-h-ar-complete\/","url":"https:\/\/elevatesurf.ch\/product\/indiana-windsurf-foil-920-h-ar-complete\/","name":"Indiana Windsurf Foil 920 H-AR Complete - Elevatesurf","isPartOf":{"@id":"https:\/\/elevatesurf.ch\/#website"},"primaryImageOfPage":{"@id":"https:\/\/elevatesurf.ch\/product\/indiana-windsurf-foil-920-h-ar-complete\/#primaryimage"},"image":{"@id":"https:\/\/elevatesurf.ch\/product\/indiana-windsurf-foil-920-h-ar-complete\/#primaryimage"},"thumbnailUrl":"https:\/\/elevatesurf.ch\/wp-content\/uploads\/2024\/08\/3377AP_Indiana_Windsurf_Foil_920_H_AR_Complete_.png","datePublished":"2024-08-30T10:08:35+00:00","dateModified":"2026-01-10T08:41:19+00:00","description":"Elevatesurf Indiana Windsurf Foil 920 H-AR Complete","breadcrumb":{"@id":"https:\/\/elevatesurf.ch\/product\/indiana-windsurf-foil-920-h-ar-complete\/#breadcrumb"},"inLanguage":"fr-FR","potentialAction":[{"@type":"ReadAction","target":["https:\/\/elevatesurf.ch\/product\/indiana-windsurf-foil-920-h-ar-complete\/"]}]},{"@type":"ImageObject","inLanguage":"fr-FR","@id":"https:\/\/elevatesurf.ch\/product\/indiana-windsurf-foil-920-h-ar-complete\/#primaryimage","url":"https:\/\/elevatesurf.ch\/wp-content\/uploads\/2024\/08\/3377AP_Indiana_Windsurf_Foil_920_H_AR_Complete_.png","contentUrl":"https:\/\/elevatesurf.ch\/wp-content\/uploads\/2024\/08\/3377AP_Indiana_Windsurf_Foil_920_H_AR_Complete_.png","width":1100,"height":1100},{"@type":"BreadcrumbList","@id":"https:\/\/elevatesurf.ch\/product\/indiana-windsurf-foil-920-h-ar-complete\/#breadcrumb","itemListElement":[{"@type":"ListItem","position":1,"name":"Accueil","item":"https:\/\/elevatesurf.ch\/"},{"@type":"ListItem","position":2,"name":"Shop &#8211; \u00c9levez Votre Exp\u00e9rience de Surf avec Notre Collection","item":"https:\/\/elevatesurf.ch\/shop\/"},{"@type":"ListItem","position":3,"name":"Indiana Windsurf Foil 920 H-AR Complete"}]},{"@type":"WebSite","@id":"https:\/\/elevatesurf.ch\/#website","url":"https:\/\/elevatesurf.ch\/","name":"Elevatesurf","description":"Surfez vers de nouveaux sommets avec ElevateSurf ! Kiteshop, Wingshop","publisher":{"@id":"https:\/\/elevatesurf.ch\/#organization"},"potentialAction":[{"@type":"SearchAction","target":{"@type":"EntryPoint","urlTemplate":"https:\/\/elevatesurf.ch\/?s={search_term_string}"},"query-input":"required name=search_term_string"}],"inLanguage":"fr-FR"},{"@type":"Organization","@id":"https:\/\/elevatesurf.ch\/#organization","name":"Elevatesurf","url":"https:\/\/elevatesurf.ch\/","logo":{"@type":"ImageObject","inLanguage":"fr-FR","@id":"https:\/\/elevatesurf.ch\/#\/schema\/logo\/image\/","url":"https:\/\/elevatesurf.ch\/wp-content\/uploads\/2024\/06\/67c2ec70-bdf5-4c14-898a-ded5b2051398.jpg","contentUrl":"https:\/\/elevatesurf.ch\/wp-content\/uploads\/2024\/06\/67c2ec70-bdf5-4c14-898a-ded5b2051398.jpg","width":1024,"height":1024,"caption":"Elevatesurf"},"image":{"@id":"https:\/\/elevatesurf.ch\/#\/schema\/logo\/image\/"},"sameAs":["https:\/\/www.instagram.com\/elevate__surf\/"]}]}},"_links":{"self":[{"href":"https:\/\/elevatesurf.ch\/fr\/wp-json\/wp\/v2\/product\/19813","targetHints":{"allow":["GET"]}}],"collection":[{"href":"https:\/\/elevatesurf.ch\/fr\/wp-json\/wp\/v2\/product"}],"about":[{"href":"https:\/\/elevatesurf.ch\/fr\/wp-json\/wp\/v2\/types\/product"}],"replies":[{"embeddable":true,"href":"https:\/\/elevatesurf.ch\/fr\/wp-json\/wp\/v2\/comments?post=19813"}],"wp:featuredmedia":[{"embeddable":true,"href":"https:\/\/elevatesurf.ch\/fr\/wp-json\/wp\/v2\/media\/19812"}],"wp:attachment":[{"href":"https:\/\/elevatesurf.ch\/fr\/wp-json\/wp\/v2\/media?parent=19813"}],"wp:term":[{"taxonomy":"product_cat","embeddable":true,"href":"https:\/\/elevatesurf.ch\/fr\/wp-json\/wp\/v2\/product_cat?post=19813"},{"taxonomy":"product_tag","embeddable":true,"href":"https:\/\/elevatesurf.ch\/fr\/wp-json\/wp\/v2\/product_tag?post=19813"}],"curies":[{"name":"wp","href":"https:\/\/api.w.org\/{rel}","templated":true}]}}