{"id":19831,"date":"2024-08-30T10:08:58","date_gmt":"2024-08-30T10:08:58","guid":{"rendered":"https:\/\/elevatesurf.ch\/product\/indiana-wind-foil-110-l-carbon-with-bag\/"},"modified":"2026-01-10T08:41:19","modified_gmt":"2026-01-10T08:41:19","slug":"indiana-wind-foil-110-l-carbon-with-bag","status":"publish","type":"product","link":"https:\/\/elevatesurf.ch\/fr\/product\/indiana-wind-foil-110-l-carbon-with-bag\/","title":{"rendered":"Indiana Wind Foil 110 L Carbon with bag"},"content":{"rendered":"<p>Unser Shaper Andi Widmann hat mit dem 110 Wind Foil Board ein reinrassiges Windfoilboard entwickelt. Es zielt auf leichtere und ambitionierte Windfoiler ab, die bei allen Bedingungen Fliegen m\u00f6chten. Die vier mitgelieferten Velcro-Footstraps k\u00f6nnen zentral oder weiter aussen montiert werden. Ein komfortables Handle ist vor der Foilaufnahme platziert und erm\u00f6glicht ein bequemes Tragen des kompletten Sets. Die optimierte Bodenkurve bringt leichteres Angleiten und sanftere Touchdowns. Das neue Domedeck sorgt f\u00fcr einen bequemeren Stand und mehr Kontrolle bei Man\u00f6vern.<\/p>\n","protected":false},"excerpt":{"rendered":"<p>Unser Shaper Andi Widmann hat mit dem 110 Wind Foil Board ein reinrassiges Windfoilboard entwickelt. Es zielt auf leichtere und ambitionierte Windfoiler ab, die bei allen Bedingungen Fliegen m\u00f6chten. Die vier mitgelieferten Velcro-Footstraps k\u00f6nnen zentral oder weiter aussen montiert werden. Ein komfortables Handle ist vor der Foilaufnahme platziert und erm\u00f6glicht ein bequemes Tragen des kompletten [&hellip;]<\/p>\n","protected":false},"featured_media":19830,"comment_status":"open","ping_status":"closed","template":"","meta":[],"product_cat":[594,138],"product_tag":[],"class_list":{"0":"post-19831","1":"product","2":"type-product","3":"status-publish","4":"has-post-thumbnail","6":"product_cat-planches","7":"product_cat-wingfoil-suisse-acheter","8":"product_brand-indiana-suisse","10":"first","11":"instock","12":"shipping-taxable","13":"purchasable","14":"product-type-simple"},"yoast_head":"<!-- This site is optimized with the Yoast SEO plugin v22.8 - https:\/\/yoast.com\/wordpress\/plugins\/seo\/ -->\n<title>Indiana Wind Foil 110 L Carbon with bag - Elevatesurf<\/title>\n<meta name=\"description\" content=\"Elevatesurf Indiana Wind Foil 110 L Carbon with bag\" \/>\n<meta name=\"robots\" content=\"index, follow, max-snippet:-1, max-image-preview:large, max-video-preview:-1\" \/>\n<link rel=\"canonical\" href=\"https:\/\/elevatesurf.ch\/fr\/product\/indiana-wind-foil-110-l-carbon-with-bag\/\" \/>\n<meta property=\"og:locale\" content=\"fr_FR\" \/>\n<meta property=\"og:type\" content=\"article\" \/>\n<meta property=\"og:title\" content=\"Indiana Wind Foil 110 L Carbon with bag - Elevatesurf\" \/>\n<meta property=\"og:description\" content=\"Elevatesurf Indiana Wind Foil 110 L Carbon with bag\" \/>\n<meta property=\"og:url\" content=\"https:\/\/elevatesurf.ch\/fr\/product\/indiana-wind-foil-110-l-carbon-with-bag\/\" \/>\n<meta property=\"og:site_name\" content=\"Elevatesurf\" \/>\n<meta property=\"article:modified_time\" content=\"2026-01-10T08:41:19+00:00\" \/>\n<meta property=\"og:image\" content=\"https:\/\/elevatesurf.ch\/wp-content\/uploads\/2024\/08\/3220SL_Indiana_110_Wind_Foil_Carbon_.png\" \/>\n\t<meta property=\"og:image:width\" content=\"950\" \/>\n\t<meta property=\"og:image:height\" content=\"1300\" \/>\n\t<meta property=\"og:image:type\" content=\"image\/png\" \/>\n<meta name=\"twitter:card\" content=\"summary_large_image\" \/>\n<script type=\"application\/ld+json\" class=\"yoast-schema-graph\">{\"@context\":\"https:\/\/schema.org\",\"@graph\":[{\"@type\":[\"WebPage\",\"ItemPage\"],\"@id\":\"https:\/\/elevatesurf.ch\/product\/indiana-wind-foil-110-l-carbon-with-bag\/\",\"url\":\"https:\/\/elevatesurf.ch\/product\/indiana-wind-foil-110-l-carbon-with-bag\/\",\"name\":\"Indiana Wind Foil 110 L Carbon with bag - Elevatesurf\",\"isPartOf\":{\"@id\":\"https:\/\/elevatesurf.ch\/#website\"},\"primaryImageOfPage\":{\"@id\":\"https:\/\/elevatesurf.ch\/product\/indiana-wind-foil-110-l-carbon-with-bag\/#primaryimage\"},\"image\":{\"@id\":\"https:\/\/elevatesurf.ch\/product\/indiana-wind-foil-110-l-carbon-with-bag\/#primaryimage\"},\"thumbnailUrl\":\"https:\/\/elevatesurf.ch\/wp-content\/uploads\/2024\/08\/3220SL_Indiana_110_Wind_Foil_Carbon_.png\",\"datePublished\":\"2024-08-30T10:08:58+00:00\",\"dateModified\":\"2026-01-10T08:41:19+00:00\",\"description\":\"Elevatesurf Indiana Wind Foil 110 L Carbon with bag\",\"breadcrumb\":{\"@id\":\"https:\/\/elevatesurf.ch\/product\/indiana-wind-foil-110-l-carbon-with-bag\/#breadcrumb\"},\"inLanguage\":\"fr-FR\",\"potentialAction\":[{\"@type\":\"ReadAction\",\"target\":[\"https:\/\/elevatesurf.ch\/product\/indiana-wind-foil-110-l-carbon-with-bag\/\"]}]},{\"@type\":\"ImageObject\",\"inLanguage\":\"fr-FR\",\"@id\":\"https:\/\/elevatesurf.ch\/product\/indiana-wind-foil-110-l-carbon-with-bag\/#primaryimage\",\"url\":\"https:\/\/elevatesurf.ch\/wp-content\/uploads\/2024\/08\/3220SL_Indiana_110_Wind_Foil_Carbon_.png\",\"contentUrl\":\"https:\/\/elevatesurf.ch\/wp-content\/uploads\/2024\/08\/3220SL_Indiana_110_Wind_Foil_Carbon_.png\",\"width\":950,\"height\":1300},{\"@type\":\"BreadcrumbList\",\"@id\":\"https:\/\/elevatesurf.ch\/product\/indiana-wind-foil-110-l-carbon-with-bag\/#breadcrumb\",\"itemListElement\":[{\"@type\":\"ListItem\",\"position\":1,\"name\":\"Accueil\",\"item\":\"https:\/\/elevatesurf.ch\/\"},{\"@type\":\"ListItem\",\"position\":2,\"name\":\"Shop &#8211; \u00c9levez Votre Exp\u00e9rience de Surf avec Notre Collection\",\"item\":\"https:\/\/elevatesurf.ch\/shop\/\"},{\"@type\":\"ListItem\",\"position\":3,\"name\":\"Indiana Wind Foil 110 L Carbon with bag\"}]},{\"@type\":\"WebSite\",\"@id\":\"https:\/\/elevatesurf.ch\/#website\",\"url\":\"https:\/\/elevatesurf.ch\/\",\"name\":\"Elevatesurf\",\"description\":\"Surfez vers de nouveaux sommets avec ElevateSurf ! Kiteshop, Wingshop\",\"publisher\":{\"@id\":\"https:\/\/elevatesurf.ch\/#organization\"},\"potentialAction\":[{\"@type\":\"SearchAction\",\"target\":{\"@type\":\"EntryPoint\",\"urlTemplate\":\"https:\/\/elevatesurf.ch\/?s={search_term_string}\"},\"query-input\":\"required name=search_term_string\"}],\"inLanguage\":\"fr-FR\"},{\"@type\":\"Organization\",\"@id\":\"https:\/\/elevatesurf.ch\/#organization\",\"name\":\"Elevatesurf\",\"url\":\"https:\/\/elevatesurf.ch\/\",\"logo\":{\"@type\":\"ImageObject\",\"inLanguage\":\"fr-FR\",\"@id\":\"https:\/\/elevatesurf.ch\/#\/schema\/logo\/image\/\",\"url\":\"https:\/\/elevatesurf.ch\/wp-content\/uploads\/2024\/06\/67c2ec70-bdf5-4c14-898a-ded5b2051398.jpg\",\"contentUrl\":\"https:\/\/elevatesurf.ch\/wp-content\/uploads\/2024\/06\/67c2ec70-bdf5-4c14-898a-ded5b2051398.jpg\",\"width\":1024,\"height\":1024,\"caption\":\"Elevatesurf\"},\"image\":{\"@id\":\"https:\/\/elevatesurf.ch\/#\/schema\/logo\/image\/\"},\"sameAs\":[\"https:\/\/www.instagram.com\/elevate__surf\/\"]}]}<\/script>\n<!-- \/ Yoast SEO plugin. -->","yoast_head_json":{"title":"Indiana Wind Foil 110 L Carbon with bag - Elevatesurf","description":"Elevatesurf Indiana Wind Foil 110 L Carbon with bag","robots":{"index":"index","follow":"follow","max-snippet":"max-snippet:-1","max-image-preview":"max-image-preview:large","max-video-preview":"max-video-preview:-1"},"canonical":"https:\/\/elevatesurf.ch\/fr\/product\/indiana-wind-foil-110-l-carbon-with-bag\/","og_locale":"fr_FR","og_type":"article","og_title":"Indiana Wind Foil 110 L Carbon with bag - Elevatesurf","og_description":"Elevatesurf Indiana Wind Foil 110 L Carbon with bag","og_url":"https:\/\/elevatesurf.ch\/fr\/product\/indiana-wind-foil-110-l-carbon-with-bag\/","og_site_name":"Elevatesurf","article_modified_time":"2026-01-10T08:41:19+00:00","og_image":[{"width":950,"height":1300,"url":"https:\/\/elevatesurf.ch\/wp-content\/uploads\/2024\/08\/3220SL_Indiana_110_Wind_Foil_Carbon_.png","type":"image\/png"}],"twitter_card":"summary_large_image","schema":{"@context":"https:\/\/schema.org","@graph":[{"@type":["WebPage","ItemPage"],"@id":"https:\/\/elevatesurf.ch\/product\/indiana-wind-foil-110-l-carbon-with-bag\/","url":"https:\/\/elevatesurf.ch\/product\/indiana-wind-foil-110-l-carbon-with-bag\/","name":"Indiana Wind Foil 110 L Carbon with bag - Elevatesurf","isPartOf":{"@id":"https:\/\/elevatesurf.ch\/#website"},"primaryImageOfPage":{"@id":"https:\/\/elevatesurf.ch\/product\/indiana-wind-foil-110-l-carbon-with-bag\/#primaryimage"},"image":{"@id":"https:\/\/elevatesurf.ch\/product\/indiana-wind-foil-110-l-carbon-with-bag\/#primaryimage"},"thumbnailUrl":"https:\/\/elevatesurf.ch\/wp-content\/uploads\/2024\/08\/3220SL_Indiana_110_Wind_Foil_Carbon_.png","datePublished":"2024-08-30T10:08:58+00:00","dateModified":"2026-01-10T08:41:19+00:00","description":"Elevatesurf Indiana Wind Foil 110 L Carbon with bag","breadcrumb":{"@id":"https:\/\/elevatesurf.ch\/product\/indiana-wind-foil-110-l-carbon-with-bag\/#breadcrumb"},"inLanguage":"fr-FR","potentialAction":[{"@type":"ReadAction","target":["https:\/\/elevatesurf.ch\/product\/indiana-wind-foil-110-l-carbon-with-bag\/"]}]},{"@type":"ImageObject","inLanguage":"fr-FR","@id":"https:\/\/elevatesurf.ch\/product\/indiana-wind-foil-110-l-carbon-with-bag\/#primaryimage","url":"https:\/\/elevatesurf.ch\/wp-content\/uploads\/2024\/08\/3220SL_Indiana_110_Wind_Foil_Carbon_.png","contentUrl":"https:\/\/elevatesurf.ch\/wp-content\/uploads\/2024\/08\/3220SL_Indiana_110_Wind_Foil_Carbon_.png","width":950,"height":1300},{"@type":"BreadcrumbList","@id":"https:\/\/elevatesurf.ch\/product\/indiana-wind-foil-110-l-carbon-with-bag\/#breadcrumb","itemListElement":[{"@type":"ListItem","position":1,"name":"Accueil","item":"https:\/\/elevatesurf.ch\/"},{"@type":"ListItem","position":2,"name":"Shop &#8211; \u00c9levez Votre Exp\u00e9rience de Surf avec Notre Collection","item":"https:\/\/elevatesurf.ch\/shop\/"},{"@type":"ListItem","position":3,"name":"Indiana Wind Foil 110 L Carbon with bag"}]},{"@type":"WebSite","@id":"https:\/\/elevatesurf.ch\/#website","url":"https:\/\/elevatesurf.ch\/","name":"Elevatesurf","description":"Surfez vers de nouveaux sommets avec ElevateSurf ! Kiteshop, Wingshop","publisher":{"@id":"https:\/\/elevatesurf.ch\/#organization"},"potentialAction":[{"@type":"SearchAction","target":{"@type":"EntryPoint","urlTemplate":"https:\/\/elevatesurf.ch\/?s={search_term_string}"},"query-input":"required name=search_term_string"}],"inLanguage":"fr-FR"},{"@type":"Organization","@id":"https:\/\/elevatesurf.ch\/#organization","name":"Elevatesurf","url":"https:\/\/elevatesurf.ch\/","logo":{"@type":"ImageObject","inLanguage":"fr-FR","@id":"https:\/\/elevatesurf.ch\/#\/schema\/logo\/image\/","url":"https:\/\/elevatesurf.ch\/wp-content\/uploads\/2024\/06\/67c2ec70-bdf5-4c14-898a-ded5b2051398.jpg","contentUrl":"https:\/\/elevatesurf.ch\/wp-content\/uploads\/2024\/06\/67c2ec70-bdf5-4c14-898a-ded5b2051398.jpg","width":1024,"height":1024,"caption":"Elevatesurf"},"image":{"@id":"https:\/\/elevatesurf.ch\/#\/schema\/logo\/image\/"},"sameAs":["https:\/\/www.instagram.com\/elevate__surf\/"]}]}},"_links":{"self":[{"href":"https:\/\/elevatesurf.ch\/fr\/wp-json\/wp\/v2\/product\/19831","targetHints":{"allow":["GET"]}}],"collection":[{"href":"https:\/\/elevatesurf.ch\/fr\/wp-json\/wp\/v2\/product"}],"about":[{"href":"https:\/\/elevatesurf.ch\/fr\/wp-json\/wp\/v2\/types\/product"}],"replies":[{"embeddable":true,"href":"https:\/\/elevatesurf.ch\/fr\/wp-json\/wp\/v2\/comments?post=19831"}],"wp:featuredmedia":[{"embeddable":true,"href":"https:\/\/elevatesurf.ch\/fr\/wp-json\/wp\/v2\/media\/19830"}],"wp:attachment":[{"href":"https:\/\/elevatesurf.ch\/fr\/wp-json\/wp\/v2\/media?parent=19831"}],"wp:term":[{"taxonomy":"product_cat","embeddable":true,"href":"https:\/\/elevatesurf.ch\/fr\/wp-json\/wp\/v2\/product_cat?post=19831"},{"taxonomy":"product_tag","embeddable":true,"href":"https:\/\/elevatesurf.ch\/fr\/wp-json\/wp\/v2\/product_tag?post=19831"}],"curies":[{"name":"wp","href":"https:\/\/api.w.org\/{rel}","templated":true}]}}