{"id":19837,"date":"2024-08-30T10:09:04","date_gmt":"2024-08-30T10:09:04","guid":{"rendered":"https:\/\/elevatesurf.ch\/product\/indiana-140-touring-raus-machen-inflatable\/"},"modified":"2026-01-10T08:41:19","modified_gmt":"2026-01-10T08:41:19","slug":"indiana-140-touring-raus-machen-inflatable","status":"publish","type":"product","link":"https:\/\/elevatesurf.ch\/fr\/product\/indiana-140-touring-raus-machen-inflatable\/","title":{"rendered":"Indiana 14&rsquo;0 Touring RAUS &#038; MACHEN Inflatable"},"content":{"rendered":"<p>Das Signature-Board von Adventure Ambassador Christo Foerster. Ausger\u00fcstet mit dem 130 L Drybag f\u00fcr das grosse Abenteuer und dank dem enormen Volumen und den 31 inch Breite ist es extrem kippstabil. Der spitze und flache Straight Shape gew\u00e4hrt ein z\u00fcgiges Vorw\u00e4rtskommen. Das gewobene Pre-Laminated Dropstitch macht es robust und steif. Die Fiberglass Foot Bases im Standbereich sorgen f\u00fcr ein Hardboard-Feeling. <\/p>\n<p>Supercool! Split Finbox, 8.5 Hyperflow Polyamid Fin, Speed Tail, \u00bc inch Camera Connector, Speed Tail.<\/p>\n<p>Incl. 130 L Drybag HP2 Double Action Pump, Repair Kit<\/p>\n","protected":false},"excerpt":{"rendered":"<p>Das Signature-Board von Adventure Ambassador Christo Foerster. Ausger\u00fcstet mit dem 130 L Drybag f\u00fcr das grosse Abenteuer und dank dem enormen Volumen und den 31 inch Breite ist es extrem kippstabil. Der spitze und flache Straight Shape gew\u00e4hrt ein z\u00fcgiges Vorw\u00e4rtskommen. Das gewobene Pre-Laminated Dropstitch macht es robust und steif. Die Fiberglass Foot Bases im [&hellip;]<\/p>\n","protected":false},"featured_media":19836,"comment_status":"open","ping_status":"closed","template":"","meta":[],"product_cat":[586],"product_tag":[],"class_list":{"0":"post-19837","1":"product","2":"type-product","3":"status-publish","4":"has-post-thumbnail","6":"product_cat-boutique-stand-up-paddle-lac-neuchatel","7":"product_brand-indiana-suisse","9":"first","10":"instock","11":"shipping-taxable","12":"purchasable","13":"product-type-simple"},"yoast_head":"<!-- This site is optimized with the Yoast SEO plugin v22.8 - https:\/\/yoast.com\/wordpress\/plugins\/seo\/ -->\n<title>Indiana 14&#039;0 Touring RAUS &amp; MACHEN Inflatable - Elevatesurf<\/title>\n<meta name=\"description\" content=\"Elevatesurf Indiana 14&#039;0 Touring RAUS &amp; MACHEN Inflatable\" \/>\n<meta name=\"robots\" content=\"index, follow, max-snippet:-1, max-image-preview:large, max-video-preview:-1\" \/>\n<link rel=\"canonical\" href=\"https:\/\/elevatesurf.ch\/fr\/product\/indiana-140-touring-raus-machen-inflatable\/\" \/>\n<meta property=\"og:locale\" content=\"fr_FR\" \/>\n<meta property=\"og:type\" content=\"article\" \/>\n<meta property=\"og:title\" content=\"Indiana 14&#039;0 Touring RAUS &amp; MACHEN Inflatable - Elevatesurf\" \/>\n<meta property=\"og:description\" content=\"Elevatesurf Indiana 14&#039;0 Touring RAUS &amp; MACHEN Inflatable\" \/>\n<meta property=\"og:url\" content=\"https:\/\/elevatesurf.ch\/fr\/product\/indiana-140-touring-raus-machen-inflatable\/\" \/>\n<meta property=\"og:site_name\" content=\"Elevatesurf\" \/>\n<meta property=\"article:modified_time\" content=\"2026-01-10T08:41:19+00:00\" \/>\n<meta property=\"og:image\" content=\"https:\/\/elevatesurf.ch\/wp-content\/uploads\/2024\/08\/1048SL_Indiana_14_0_Touring_Inflatable_Raus_und_machen_.png\" \/>\n\t<meta property=\"og:image:width\" content=\"1100\" \/>\n\t<meta property=\"og:image:height\" content=\"1100\" \/>\n\t<meta property=\"og:image:type\" content=\"image\/png\" \/>\n<meta name=\"twitter:card\" content=\"summary_large_image\" \/>\n<script type=\"application\/ld+json\" class=\"yoast-schema-graph\">{\"@context\":\"https:\/\/schema.org\",\"@graph\":[{\"@type\":[\"WebPage\",\"ItemPage\"],\"@id\":\"https:\/\/elevatesurf.ch\/product\/indiana-140-touring-raus-machen-inflatable\/\",\"url\":\"https:\/\/elevatesurf.ch\/product\/indiana-140-touring-raus-machen-inflatable\/\",\"name\":\"Indiana 14'0 Touring RAUS & MACHEN Inflatable - Elevatesurf\",\"isPartOf\":{\"@id\":\"https:\/\/elevatesurf.ch\/#website\"},\"primaryImageOfPage\":{\"@id\":\"https:\/\/elevatesurf.ch\/product\/indiana-140-touring-raus-machen-inflatable\/#primaryimage\"},\"image\":{\"@id\":\"https:\/\/elevatesurf.ch\/product\/indiana-140-touring-raus-machen-inflatable\/#primaryimage\"},\"thumbnailUrl\":\"https:\/\/elevatesurf.ch\/wp-content\/uploads\/2024\/08\/1048SL_Indiana_14_0_Touring_Inflatable_Raus_und_machen_.png\",\"datePublished\":\"2024-08-30T10:09:04+00:00\",\"dateModified\":\"2026-01-10T08:41:19+00:00\",\"description\":\"Elevatesurf Indiana 14'0 Touring RAUS & MACHEN Inflatable\",\"breadcrumb\":{\"@id\":\"https:\/\/elevatesurf.ch\/product\/indiana-140-touring-raus-machen-inflatable\/#breadcrumb\"},\"inLanguage\":\"fr-FR\",\"potentialAction\":[{\"@type\":\"ReadAction\",\"target\":[\"https:\/\/elevatesurf.ch\/product\/indiana-140-touring-raus-machen-inflatable\/\"]}]},{\"@type\":\"ImageObject\",\"inLanguage\":\"fr-FR\",\"@id\":\"https:\/\/elevatesurf.ch\/product\/indiana-140-touring-raus-machen-inflatable\/#primaryimage\",\"url\":\"https:\/\/elevatesurf.ch\/wp-content\/uploads\/2024\/08\/1048SL_Indiana_14_0_Touring_Inflatable_Raus_und_machen_.png\",\"contentUrl\":\"https:\/\/elevatesurf.ch\/wp-content\/uploads\/2024\/08\/1048SL_Indiana_14_0_Touring_Inflatable_Raus_und_machen_.png\",\"width\":1100,\"height\":1100},{\"@type\":\"BreadcrumbList\",\"@id\":\"https:\/\/elevatesurf.ch\/product\/indiana-140-touring-raus-machen-inflatable\/#breadcrumb\",\"itemListElement\":[{\"@type\":\"ListItem\",\"position\":1,\"name\":\"Accueil\",\"item\":\"https:\/\/elevatesurf.ch\/\"},{\"@type\":\"ListItem\",\"position\":2,\"name\":\"Shop &#8211; \u00c9levez Votre Exp\u00e9rience de Surf avec Notre Collection\",\"item\":\"https:\/\/elevatesurf.ch\/shop\/\"},{\"@type\":\"ListItem\",\"position\":3,\"name\":\"Indiana 14&#8217;0 Touring RAUS &#038; MACHEN Inflatable\"}]},{\"@type\":\"WebSite\",\"@id\":\"https:\/\/elevatesurf.ch\/#website\",\"url\":\"https:\/\/elevatesurf.ch\/\",\"name\":\"Elevatesurf\",\"description\":\"Surfez vers de nouveaux sommets avec ElevateSurf ! Kiteshop, Wingshop\",\"publisher\":{\"@id\":\"https:\/\/elevatesurf.ch\/#organization\"},\"potentialAction\":[{\"@type\":\"SearchAction\",\"target\":{\"@type\":\"EntryPoint\",\"urlTemplate\":\"https:\/\/elevatesurf.ch\/?s={search_term_string}\"},\"query-input\":\"required name=search_term_string\"}],\"inLanguage\":\"fr-FR\"},{\"@type\":\"Organization\",\"@id\":\"https:\/\/elevatesurf.ch\/#organization\",\"name\":\"Elevatesurf\",\"url\":\"https:\/\/elevatesurf.ch\/\",\"logo\":{\"@type\":\"ImageObject\",\"inLanguage\":\"fr-FR\",\"@id\":\"https:\/\/elevatesurf.ch\/#\/schema\/logo\/image\/\",\"url\":\"https:\/\/elevatesurf.ch\/wp-content\/uploads\/2024\/06\/67c2ec70-bdf5-4c14-898a-ded5b2051398.jpg\",\"contentUrl\":\"https:\/\/elevatesurf.ch\/wp-content\/uploads\/2024\/06\/67c2ec70-bdf5-4c14-898a-ded5b2051398.jpg\",\"width\":1024,\"height\":1024,\"caption\":\"Elevatesurf\"},\"image\":{\"@id\":\"https:\/\/elevatesurf.ch\/#\/schema\/logo\/image\/\"},\"sameAs\":[\"https:\/\/www.instagram.com\/elevate__surf\/\"]}]}<\/script>\n<!-- \/ Yoast SEO plugin. -->","yoast_head_json":{"title":"Indiana 14'0 Touring RAUS & MACHEN Inflatable - Elevatesurf","description":"Elevatesurf Indiana 14'0 Touring RAUS & MACHEN Inflatable","robots":{"index":"index","follow":"follow","max-snippet":"max-snippet:-1","max-image-preview":"max-image-preview:large","max-video-preview":"max-video-preview:-1"},"canonical":"https:\/\/elevatesurf.ch\/fr\/product\/indiana-140-touring-raus-machen-inflatable\/","og_locale":"fr_FR","og_type":"article","og_title":"Indiana 14'0 Touring RAUS & MACHEN Inflatable - Elevatesurf","og_description":"Elevatesurf Indiana 14'0 Touring RAUS & MACHEN Inflatable","og_url":"https:\/\/elevatesurf.ch\/fr\/product\/indiana-140-touring-raus-machen-inflatable\/","og_site_name":"Elevatesurf","article_modified_time":"2026-01-10T08:41:19+00:00","og_image":[{"width":1100,"height":1100,"url":"https:\/\/elevatesurf.ch\/wp-content\/uploads\/2024\/08\/1048SL_Indiana_14_0_Touring_Inflatable_Raus_und_machen_.png","type":"image\/png"}],"twitter_card":"summary_large_image","schema":{"@context":"https:\/\/schema.org","@graph":[{"@type":["WebPage","ItemPage"],"@id":"https:\/\/elevatesurf.ch\/product\/indiana-140-touring-raus-machen-inflatable\/","url":"https:\/\/elevatesurf.ch\/product\/indiana-140-touring-raus-machen-inflatable\/","name":"Indiana 14'0 Touring RAUS & MACHEN Inflatable - Elevatesurf","isPartOf":{"@id":"https:\/\/elevatesurf.ch\/#website"},"primaryImageOfPage":{"@id":"https:\/\/elevatesurf.ch\/product\/indiana-140-touring-raus-machen-inflatable\/#primaryimage"},"image":{"@id":"https:\/\/elevatesurf.ch\/product\/indiana-140-touring-raus-machen-inflatable\/#primaryimage"},"thumbnailUrl":"https:\/\/elevatesurf.ch\/wp-content\/uploads\/2024\/08\/1048SL_Indiana_14_0_Touring_Inflatable_Raus_und_machen_.png","datePublished":"2024-08-30T10:09:04+00:00","dateModified":"2026-01-10T08:41:19+00:00","description":"Elevatesurf Indiana 14'0 Touring RAUS & MACHEN Inflatable","breadcrumb":{"@id":"https:\/\/elevatesurf.ch\/product\/indiana-140-touring-raus-machen-inflatable\/#breadcrumb"},"inLanguage":"fr-FR","potentialAction":[{"@type":"ReadAction","target":["https:\/\/elevatesurf.ch\/product\/indiana-140-touring-raus-machen-inflatable\/"]}]},{"@type":"ImageObject","inLanguage":"fr-FR","@id":"https:\/\/elevatesurf.ch\/product\/indiana-140-touring-raus-machen-inflatable\/#primaryimage","url":"https:\/\/elevatesurf.ch\/wp-content\/uploads\/2024\/08\/1048SL_Indiana_14_0_Touring_Inflatable_Raus_und_machen_.png","contentUrl":"https:\/\/elevatesurf.ch\/wp-content\/uploads\/2024\/08\/1048SL_Indiana_14_0_Touring_Inflatable_Raus_und_machen_.png","width":1100,"height":1100},{"@type":"BreadcrumbList","@id":"https:\/\/elevatesurf.ch\/product\/indiana-140-touring-raus-machen-inflatable\/#breadcrumb","itemListElement":[{"@type":"ListItem","position":1,"name":"Accueil","item":"https:\/\/elevatesurf.ch\/"},{"@type":"ListItem","position":2,"name":"Shop &#8211; \u00c9levez Votre Exp\u00e9rience de Surf avec Notre Collection","item":"https:\/\/elevatesurf.ch\/shop\/"},{"@type":"ListItem","position":3,"name":"Indiana 14&#8217;0 Touring RAUS &#038; MACHEN Inflatable"}]},{"@type":"WebSite","@id":"https:\/\/elevatesurf.ch\/#website","url":"https:\/\/elevatesurf.ch\/","name":"Elevatesurf","description":"Surfez vers de nouveaux sommets avec ElevateSurf ! Kiteshop, Wingshop","publisher":{"@id":"https:\/\/elevatesurf.ch\/#organization"},"potentialAction":[{"@type":"SearchAction","target":{"@type":"EntryPoint","urlTemplate":"https:\/\/elevatesurf.ch\/?s={search_term_string}"},"query-input":"required name=search_term_string"}],"inLanguage":"fr-FR"},{"@type":"Organization","@id":"https:\/\/elevatesurf.ch\/#organization","name":"Elevatesurf","url":"https:\/\/elevatesurf.ch\/","logo":{"@type":"ImageObject","inLanguage":"fr-FR","@id":"https:\/\/elevatesurf.ch\/#\/schema\/logo\/image\/","url":"https:\/\/elevatesurf.ch\/wp-content\/uploads\/2024\/06\/67c2ec70-bdf5-4c14-898a-ded5b2051398.jpg","contentUrl":"https:\/\/elevatesurf.ch\/wp-content\/uploads\/2024\/06\/67c2ec70-bdf5-4c14-898a-ded5b2051398.jpg","width":1024,"height":1024,"caption":"Elevatesurf"},"image":{"@id":"https:\/\/elevatesurf.ch\/#\/schema\/logo\/image\/"},"sameAs":["https:\/\/www.instagram.com\/elevate__surf\/"]}]}},"_links":{"self":[{"href":"https:\/\/elevatesurf.ch\/fr\/wp-json\/wp\/v2\/product\/19837","targetHints":{"allow":["GET"]}}],"collection":[{"href":"https:\/\/elevatesurf.ch\/fr\/wp-json\/wp\/v2\/product"}],"about":[{"href":"https:\/\/elevatesurf.ch\/fr\/wp-json\/wp\/v2\/types\/product"}],"replies":[{"embeddable":true,"href":"https:\/\/elevatesurf.ch\/fr\/wp-json\/wp\/v2\/comments?post=19837"}],"wp:featuredmedia":[{"embeddable":true,"href":"https:\/\/elevatesurf.ch\/fr\/wp-json\/wp\/v2\/media\/19836"}],"wp:attachment":[{"href":"https:\/\/elevatesurf.ch\/fr\/wp-json\/wp\/v2\/media?parent=19837"}],"wp:term":[{"taxonomy":"product_cat","embeddable":true,"href":"https:\/\/elevatesurf.ch\/fr\/wp-json\/wp\/v2\/product_cat?post=19837"},{"taxonomy":"product_tag","embeddable":true,"href":"https:\/\/elevatesurf.ch\/fr\/wp-json\/wp\/v2\/product_tag?post=19837"}],"curies":[{"name":"wp","href":"https:\/\/api.w.org\/{rel}","templated":true}]}}