{"id":19853,"date":"2024-08-30T10:09:22","date_gmt":"2024-08-30T10:09:22","guid":{"rendered":"https:\/\/elevatesurf.ch\/product\/indiana-116-touring-lite-ltd-inflatable\/"},"modified":"2026-01-10T08:41:19","modified_gmt":"2026-01-10T08:41:19","slug":"indiana-116-touring-lite-ltd-inflatable","status":"publish","type":"product","link":"https:\/\/elevatesurf.ch\/fr\/product\/indiana-116-touring-lite-ltd-inflatable\/","title":{"rendered":"Indiana 11&rsquo;6 Touring LITE LTD Inflatable"},"content":{"rendered":"<p>Die Limited Edition wurde von Tattoo-Artist und Adventure Ambassador Pat M\u00fcller designed. Die Motive zeigen die Verbindung des Menschen zur Natur und verk\u00f6rpern ihre Wichtigkeit f\u00fcr unser Zusammenleben auf dem Planeten. Das spitze und flache 11&rsquo;6 Touring LTD LITE mit einer Breite von 29 inch und einer Dicke von 4.75 inch ist f\u00fcr sportliche, leichtere Paddler entwickelt. Viel Performance bei l\u00e4ngeren Touren versprechen der Double PVC Belt sowie der Fiberglass-Druckgurt. Das Board verf\u00fcgt \u00fcber das gewobene Pre-Laminated Double Layer Dropstich Material, welches das Board sehr leicht macht.  Der Speed Tail bringt f\u00fcr noch mehr Geschwindigkeit. Die Fiberglass Foot Bases im Standbereich sorgen f\u00fcr ein Hardboard-Feeling.<\/p>\n<p>Supercool! Split Finbox, 8&rsquo;5\u00a0\u00bb Hyperflow Carbon, Race Fin, Fiberglass Foot Bases, Straight Shape, 1\/4 Inch Camera Connector, Speed Tail and Shoulder Strap.<\/p>\n<p>Incl. Wheelie Bag + Paddle Connecting System, HP8 Double Action Pump, Repair Kit<\/p>\n","protected":false},"excerpt":{"rendered":"<p>Die Limited Edition wurde von Tattoo-Artist und Adventure Ambassador Pat M\u00fcller designed. Die Motive zeigen die Verbindung des Menschen zur Natur und verk\u00f6rpern ihre Wichtigkeit f\u00fcr unser Zusammenleben auf dem Planeten. Das spitze und flache 11&rsquo;6 Touring LTD LITE mit einer Breite von 29 inch und einer Dicke von 4.75 inch ist f\u00fcr sportliche, leichtere [&hellip;]<\/p>\n","protected":false},"featured_media":19852,"comment_status":"open","ping_status":"closed","template":"","meta":[],"product_cat":[979],"product_tag":[],"class_list":{"0":"post-19853","1":"product","2":"type-product","3":"status-publish","4":"has-post-thumbnail","6":"product_cat-sup-paddle","7":"product_brand-indiana-suisse","9":"first","10":"instock","11":"shipping-taxable","12":"purchasable","13":"product-type-simple"},"yoast_head":"<!-- This site is optimized with the Yoast SEO plugin v22.8 - https:\/\/yoast.com\/wordpress\/plugins\/seo\/ -->\n<title>Indiana 11&#039;6 Touring LITE LTD Inflatable - Elevatesurf<\/title>\n<meta name=\"description\" content=\"Elevatesurf Indiana 11&#039;6 Touring LITE LTD Inflatable\" \/>\n<meta name=\"robots\" content=\"index, follow, max-snippet:-1, max-image-preview:large, max-video-preview:-1\" \/>\n<link rel=\"canonical\" href=\"https:\/\/elevatesurf.ch\/fr\/product\/indiana-116-touring-lite-ltd-inflatable\/\" \/>\n<meta property=\"og:locale\" content=\"fr_FR\" \/>\n<meta property=\"og:type\" content=\"article\" \/>\n<meta property=\"og:title\" content=\"Indiana 11&#039;6 Touring LITE LTD Inflatable - Elevatesurf\" \/>\n<meta property=\"og:description\" content=\"Elevatesurf Indiana 11&#039;6 Touring LITE LTD Inflatable\" \/>\n<meta property=\"og:url\" content=\"https:\/\/elevatesurf.ch\/fr\/product\/indiana-116-touring-lite-ltd-inflatable\/\" \/>\n<meta property=\"og:site_name\" content=\"Elevatesurf\" \/>\n<meta property=\"article:modified_time\" content=\"2026-01-10T08:41:19+00:00\" \/>\n<meta property=\"og:image\" content=\"https:\/\/elevatesurf.ch\/wp-content\/uploads\/2024\/08\/1306SM_Indiana_11_6_LTD_Touring_LITE_Inflatable_.png\" \/>\n\t<meta property=\"og:image:width\" content=\"1100\" \/>\n\t<meta property=\"og:image:height\" content=\"1100\" \/>\n\t<meta property=\"og:image:type\" content=\"image\/png\" \/>\n<meta name=\"twitter:card\" content=\"summary_large_image\" \/>\n<meta name=\"twitter:label1\" content=\"Dur\u00e9e de lecture estim\u00e9e\" \/>\n\t<meta name=\"twitter:data1\" content=\"1 minute\" \/>\n<script type=\"application\/ld+json\" class=\"yoast-schema-graph\">{\"@context\":\"https:\/\/schema.org\",\"@graph\":[{\"@type\":[\"WebPage\",\"ItemPage\"],\"@id\":\"https:\/\/elevatesurf.ch\/product\/indiana-116-touring-lite-ltd-inflatable\/\",\"url\":\"https:\/\/elevatesurf.ch\/product\/indiana-116-touring-lite-ltd-inflatable\/\",\"name\":\"Indiana 11'6 Touring LITE LTD Inflatable - Elevatesurf\",\"isPartOf\":{\"@id\":\"https:\/\/elevatesurf.ch\/#website\"},\"primaryImageOfPage\":{\"@id\":\"https:\/\/elevatesurf.ch\/product\/indiana-116-touring-lite-ltd-inflatable\/#primaryimage\"},\"image\":{\"@id\":\"https:\/\/elevatesurf.ch\/product\/indiana-116-touring-lite-ltd-inflatable\/#primaryimage\"},\"thumbnailUrl\":\"https:\/\/elevatesurf.ch\/wp-content\/uploads\/2024\/08\/1306SM_Indiana_11_6_LTD_Touring_LITE_Inflatable_.png\",\"datePublished\":\"2024-08-30T10:09:22+00:00\",\"dateModified\":\"2026-01-10T08:41:19+00:00\",\"description\":\"Elevatesurf Indiana 11'6 Touring LITE LTD Inflatable\",\"breadcrumb\":{\"@id\":\"https:\/\/elevatesurf.ch\/product\/indiana-116-touring-lite-ltd-inflatable\/#breadcrumb\"},\"inLanguage\":\"fr-FR\",\"potentialAction\":[{\"@type\":\"ReadAction\",\"target\":[\"https:\/\/elevatesurf.ch\/product\/indiana-116-touring-lite-ltd-inflatable\/\"]}]},{\"@type\":\"ImageObject\",\"inLanguage\":\"fr-FR\",\"@id\":\"https:\/\/elevatesurf.ch\/product\/indiana-116-touring-lite-ltd-inflatable\/#primaryimage\",\"url\":\"https:\/\/elevatesurf.ch\/wp-content\/uploads\/2024\/08\/1306SM_Indiana_11_6_LTD_Touring_LITE_Inflatable_.png\",\"contentUrl\":\"https:\/\/elevatesurf.ch\/wp-content\/uploads\/2024\/08\/1306SM_Indiana_11_6_LTD_Touring_LITE_Inflatable_.png\",\"width\":1100,\"height\":1100},{\"@type\":\"BreadcrumbList\",\"@id\":\"https:\/\/elevatesurf.ch\/product\/indiana-116-touring-lite-ltd-inflatable\/#breadcrumb\",\"itemListElement\":[{\"@type\":\"ListItem\",\"position\":1,\"name\":\"Accueil\",\"item\":\"https:\/\/elevatesurf.ch\/\"},{\"@type\":\"ListItem\",\"position\":2,\"name\":\"Shop &#8211; \u00c9levez Votre Exp\u00e9rience de Surf avec Notre Collection\",\"item\":\"https:\/\/elevatesurf.ch\/shop\/\"},{\"@type\":\"ListItem\",\"position\":3,\"name\":\"Indiana 11&#8217;6 Touring LITE LTD Inflatable\"}]},{\"@type\":\"WebSite\",\"@id\":\"https:\/\/elevatesurf.ch\/#website\",\"url\":\"https:\/\/elevatesurf.ch\/\",\"name\":\"Elevatesurf\",\"description\":\"Surfez vers de nouveaux sommets avec ElevateSurf ! Kiteshop, Wingshop\",\"publisher\":{\"@id\":\"https:\/\/elevatesurf.ch\/#organization\"},\"potentialAction\":[{\"@type\":\"SearchAction\",\"target\":{\"@type\":\"EntryPoint\",\"urlTemplate\":\"https:\/\/elevatesurf.ch\/?s={search_term_string}\"},\"query-input\":\"required name=search_term_string\"}],\"inLanguage\":\"fr-FR\"},{\"@type\":\"Organization\",\"@id\":\"https:\/\/elevatesurf.ch\/#organization\",\"name\":\"Elevatesurf\",\"url\":\"https:\/\/elevatesurf.ch\/\",\"logo\":{\"@type\":\"ImageObject\",\"inLanguage\":\"fr-FR\",\"@id\":\"https:\/\/elevatesurf.ch\/#\/schema\/logo\/image\/\",\"url\":\"https:\/\/elevatesurf.ch\/wp-content\/uploads\/2024\/06\/67c2ec70-bdf5-4c14-898a-ded5b2051398.jpg\",\"contentUrl\":\"https:\/\/elevatesurf.ch\/wp-content\/uploads\/2024\/06\/67c2ec70-bdf5-4c14-898a-ded5b2051398.jpg\",\"width\":1024,\"height\":1024,\"caption\":\"Elevatesurf\"},\"image\":{\"@id\":\"https:\/\/elevatesurf.ch\/#\/schema\/logo\/image\/\"},\"sameAs\":[\"https:\/\/www.instagram.com\/elevate__surf\/\"]}]}<\/script>\n<!-- \/ Yoast SEO plugin. -->","yoast_head_json":{"title":"Indiana 11'6 Touring LITE LTD Inflatable - Elevatesurf","description":"Elevatesurf Indiana 11'6 Touring LITE LTD Inflatable","robots":{"index":"index","follow":"follow","max-snippet":"max-snippet:-1","max-image-preview":"max-image-preview:large","max-video-preview":"max-video-preview:-1"},"canonical":"https:\/\/elevatesurf.ch\/fr\/product\/indiana-116-touring-lite-ltd-inflatable\/","og_locale":"fr_FR","og_type":"article","og_title":"Indiana 11'6 Touring LITE LTD Inflatable - Elevatesurf","og_description":"Elevatesurf Indiana 11'6 Touring LITE LTD Inflatable","og_url":"https:\/\/elevatesurf.ch\/fr\/product\/indiana-116-touring-lite-ltd-inflatable\/","og_site_name":"Elevatesurf","article_modified_time":"2026-01-10T08:41:19+00:00","og_image":[{"width":1100,"height":1100,"url":"https:\/\/elevatesurf.ch\/wp-content\/uploads\/2024\/08\/1306SM_Indiana_11_6_LTD_Touring_LITE_Inflatable_.png","type":"image\/png"}],"twitter_card":"summary_large_image","twitter_misc":{"Dur\u00e9e de lecture estim\u00e9e":"1 minute"},"schema":{"@context":"https:\/\/schema.org","@graph":[{"@type":["WebPage","ItemPage"],"@id":"https:\/\/elevatesurf.ch\/product\/indiana-116-touring-lite-ltd-inflatable\/","url":"https:\/\/elevatesurf.ch\/product\/indiana-116-touring-lite-ltd-inflatable\/","name":"Indiana 11'6 Touring LITE LTD Inflatable - Elevatesurf","isPartOf":{"@id":"https:\/\/elevatesurf.ch\/#website"},"primaryImageOfPage":{"@id":"https:\/\/elevatesurf.ch\/product\/indiana-116-touring-lite-ltd-inflatable\/#primaryimage"},"image":{"@id":"https:\/\/elevatesurf.ch\/product\/indiana-116-touring-lite-ltd-inflatable\/#primaryimage"},"thumbnailUrl":"https:\/\/elevatesurf.ch\/wp-content\/uploads\/2024\/08\/1306SM_Indiana_11_6_LTD_Touring_LITE_Inflatable_.png","datePublished":"2024-08-30T10:09:22+00:00","dateModified":"2026-01-10T08:41:19+00:00","description":"Elevatesurf Indiana 11'6 Touring LITE LTD Inflatable","breadcrumb":{"@id":"https:\/\/elevatesurf.ch\/product\/indiana-116-touring-lite-ltd-inflatable\/#breadcrumb"},"inLanguage":"fr-FR","potentialAction":[{"@type":"ReadAction","target":["https:\/\/elevatesurf.ch\/product\/indiana-116-touring-lite-ltd-inflatable\/"]}]},{"@type":"ImageObject","inLanguage":"fr-FR","@id":"https:\/\/elevatesurf.ch\/product\/indiana-116-touring-lite-ltd-inflatable\/#primaryimage","url":"https:\/\/elevatesurf.ch\/wp-content\/uploads\/2024\/08\/1306SM_Indiana_11_6_LTD_Touring_LITE_Inflatable_.png","contentUrl":"https:\/\/elevatesurf.ch\/wp-content\/uploads\/2024\/08\/1306SM_Indiana_11_6_LTD_Touring_LITE_Inflatable_.png","width":1100,"height":1100},{"@type":"BreadcrumbList","@id":"https:\/\/elevatesurf.ch\/product\/indiana-116-touring-lite-ltd-inflatable\/#breadcrumb","itemListElement":[{"@type":"ListItem","position":1,"name":"Accueil","item":"https:\/\/elevatesurf.ch\/"},{"@type":"ListItem","position":2,"name":"Shop &#8211; \u00c9levez Votre Exp\u00e9rience de Surf avec Notre Collection","item":"https:\/\/elevatesurf.ch\/shop\/"},{"@type":"ListItem","position":3,"name":"Indiana 11&#8217;6 Touring LITE LTD Inflatable"}]},{"@type":"WebSite","@id":"https:\/\/elevatesurf.ch\/#website","url":"https:\/\/elevatesurf.ch\/","name":"Elevatesurf","description":"Surfez vers de nouveaux sommets avec ElevateSurf ! Kiteshop, Wingshop","publisher":{"@id":"https:\/\/elevatesurf.ch\/#organization"},"potentialAction":[{"@type":"SearchAction","target":{"@type":"EntryPoint","urlTemplate":"https:\/\/elevatesurf.ch\/?s={search_term_string}"},"query-input":"required name=search_term_string"}],"inLanguage":"fr-FR"},{"@type":"Organization","@id":"https:\/\/elevatesurf.ch\/#organization","name":"Elevatesurf","url":"https:\/\/elevatesurf.ch\/","logo":{"@type":"ImageObject","inLanguage":"fr-FR","@id":"https:\/\/elevatesurf.ch\/#\/schema\/logo\/image\/","url":"https:\/\/elevatesurf.ch\/wp-content\/uploads\/2024\/06\/67c2ec70-bdf5-4c14-898a-ded5b2051398.jpg","contentUrl":"https:\/\/elevatesurf.ch\/wp-content\/uploads\/2024\/06\/67c2ec70-bdf5-4c14-898a-ded5b2051398.jpg","width":1024,"height":1024,"caption":"Elevatesurf"},"image":{"@id":"https:\/\/elevatesurf.ch\/#\/schema\/logo\/image\/"},"sameAs":["https:\/\/www.instagram.com\/elevate__surf\/"]}]}},"_links":{"self":[{"href":"https:\/\/elevatesurf.ch\/fr\/wp-json\/wp\/v2\/product\/19853","targetHints":{"allow":["GET"]}}],"collection":[{"href":"https:\/\/elevatesurf.ch\/fr\/wp-json\/wp\/v2\/product"}],"about":[{"href":"https:\/\/elevatesurf.ch\/fr\/wp-json\/wp\/v2\/types\/product"}],"replies":[{"embeddable":true,"href":"https:\/\/elevatesurf.ch\/fr\/wp-json\/wp\/v2\/comments?post=19853"}],"wp:featuredmedia":[{"embeddable":true,"href":"https:\/\/elevatesurf.ch\/fr\/wp-json\/wp\/v2\/media\/19852"}],"wp:attachment":[{"href":"https:\/\/elevatesurf.ch\/fr\/wp-json\/wp\/v2\/media?parent=19853"}],"wp:term":[{"taxonomy":"product_cat","embeddable":true,"href":"https:\/\/elevatesurf.ch\/fr\/wp-json\/wp\/v2\/product_cat?post=19853"},{"taxonomy":"product_tag","embeddable":true,"href":"https:\/\/elevatesurf.ch\/fr\/wp-json\/wp\/v2\/product_tag?post=19853"}],"curies":[{"name":"wp","href":"https:\/\/api.w.org\/{rel}","templated":true}]}}